{"id":23503,"date":"2024-02-13T16:55:26","date_gmt":"2024-02-13T15:55:26","guid":{"rendered":"https:\/\/truusk.store\/product\/sanggavel-till-sang-kladd-sanggavel-sang-huvud-ryggstod-sang-sanggavel-i-gratt-poppel-sammetstyg-185-x-8-x-134-cm\/"},"modified":"2026-03-12T09:05:09","modified_gmt":"2026-03-12T08:05:09","slug":"truusk-sanggavel-i-gratt-sammetstyg-kladd-sanggavel-185-x-8-x-134-cm-ryggstod-for-sang-poppel-elegant-design","status":"publish","type":"product","link":"https:\/\/truusk.store\/sv\/produkt\/truusk-sanggavel-i-gratt-sammetstyg-kladd-sanggavel-185-x-8-x-134-cm-ryggstod-for-sang-poppel-elegant-design\/","title":{"rendered":"TRUUSK S\u00e4nggavel i Gr\u00e5tt Sammetstyg &#8211; Kl\u00e4dd S\u00e4nggavel &#8211; 185 x 8 x 134 cm &#8211; Ryggst\u00f6d f\u00f6r S\u00e4ng &#8211; Poppel &#8211; Elegant Design"},"content":{"rendered":"<p>Letar du efter en dekoration till s\u00e4nghuvudet? Ta en titt p\u00e5 denna produkt. Detta \u00e4r en v\u00e4ldigt enkel designprodukt men v\u00e4ldigt praktisk och vacker. En enkel dekorativ punkt, kan l\u00e4tt sm\u00e4lta in i de omgivande m\u00f6blerna, den skumfyllda ryggplattan g\u00f6r den bekv\u00e4m att luta sig mot.<\/p>\n<h3>Beskrivning:<\/h3>\n<ul>\n<li>Dekorationsprickar p\u00e5 baksidan<\/li>\n<li>Bakv\u00e4ggen \u00e4r fylld med skum, mycket bekv\u00e4m att luta sig mot<\/li>\n<li>2 gummif\u00f6tter m\u00e5ste monteras<\/li>\n<\/ul>\n<h3>Teknisk data:<\/h3>\n<ul>\n<li>F\u00e4rg gr\u00e5<\/li>\n<li>Material: poppel, polyester, skum, gummiben<\/li>\n<li>\u00d6vergripande m\u00e5tt: 185W x 8D x 134H cm<\/li>\n<li>Storlek p\u00e5 gummif\u00f6tterna: 4L x 3,6W x 62H cm<\/li>\n<li>Skumtjocklek: 2 cm<\/li>\n<\/ul>\n<h3>Leveransens omfattning:<\/h3>\n<ul>\n<li>1 x s\u00e4nggavel;<\/li>\n<\/ul>\n","protected":false},"excerpt":{"rendered":"<p>Letar du efter en dekoration till s\u00e4nghuvudet? Ta en titt p\u00e5 denna produkt. Detta \u00e4r en v\u00e4ldigt enkel designprodukt men&#8230;<\/p>\n","protected":false},"featured_media":23504,"template":"","meta":[],"product_brand":[],"product_cat":[485,494,496],"product_tag":[],"class_list":{"0":"post-23503","1":"product","2":"type-product","3":"status-publish","4":"has-post-thumbnail","6":"product_cat-hus-bo","7":"product_cat-sangar","8":"product_cat-sangtillbehor","10":"first","11":"instock","12":"sale","13":"taxable","14":"shipping-taxable","15":"purchasable","16":"product-type-simple"},"yoast_head":"<!-- This site is optimized with the Yoast SEO plugin v25.4 - https:\/\/yoast.com\/wordpress\/plugins\/seo\/ -->\n<title>TRUUSK S\u00e4nggavel i Gr\u00e5tt Sammetstyg - Kl\u00e4dd S\u00e4nggavel - 185 x 8 x 134 cm - Ryggst\u00f6d f\u00f6r S\u00e4ng - Poppel - Elegant Design - TRUUSK - Hem, Tr\u00e4dg\u00e5rd &amp; Fritid<\/title>\n<meta name=\"robots\" content=\"index, follow, max-snippet:-1, max-image-preview:large, max-video-preview:-1\" \/>\n<link rel=\"canonical\" href=\"https:\/\/truusk.store\/sv\/produkt\/truusk-sanggavel-i-gratt-sammetstyg-kladd-sanggavel-185-x-8-x-134-cm-ryggstod-for-sang-poppel-elegant-design\/\" \/>\n<meta property=\"og:locale\" content=\"sv_SE\" \/>\n<meta property=\"og:type\" content=\"article\" \/>\n<meta property=\"og:title\" content=\"TRUUSK S\u00e4nggavel i Gr\u00e5tt Sammetstyg - Kl\u00e4dd S\u00e4nggavel - 185 x 8 x 134 cm - Ryggst\u00f6d f\u00f6r S\u00e4ng - Poppel - Elegant Design - TRUUSK - Hem, Tr\u00e4dg\u00e5rd &amp; Fritid\" \/>\n<meta property=\"og:description\" content=\"Letar du efter en dekoration till s\u00e4nghuvudet? Ta en titt p\u00e5 denna produkt. Detta \u00e4r en v\u00e4ldigt enkel designprodukt men...\" \/>\n<meta property=\"og:url\" content=\"https:\/\/truusk.store\/sv\/produkt\/truusk-sanggavel-i-gratt-sammetstyg-kladd-sanggavel-185-x-8-x-134-cm-ryggstod-for-sang-poppel-elegant-design\/\" \/>\n<meta property=\"og:site_name\" content=\"TRUUSK - Hem, Tr\u00e4dg\u00e5rd &amp; Fritid\" \/>\n<meta property=\"article:modified_time\" content=\"2026-03-12T08:05:09+00:00\" \/>\n<meta property=\"og:image\" content=\"https:\/\/i0.wp.com\/truusk.se\/wp-content\/uploads\/2024\/02\/sanggavel-till-sang-kladd-sanggavel-sang-huvud-ryggstod-sang-sanggavel-i-gratt-poppel-sammetstyg-185-x-8-x-134-cm.webp?fit=800%2C800&ssl=1\" \/>\n\t<meta property=\"og:image:width\" content=\"800\" \/>\n\t<meta property=\"og:image:height\" content=\"800\" \/>\n\t<meta property=\"og:image:type\" content=\"image\/webp\" \/>\n<meta name=\"twitter:card\" content=\"summary_large_image\" \/>\n<meta name=\"twitter:label1\" content=\"Ber\u00e4knad l\u00e4stid\" \/>\n\t<meta name=\"twitter:data1\" content=\"1 minut\" \/>\n<!-- \/ Yoast SEO plugin. -->","yoast_head_json":{"title":"TRUUSK S\u00e4nggavel i Gr\u00e5tt Sammetstyg - Kl\u00e4dd S\u00e4nggavel - 185 x 8 x 134 cm - Ryggst\u00f6d f\u00f6r S\u00e4ng - Poppel - Elegant Design - TRUUSK - Hem, Tr\u00e4dg\u00e5rd &amp; Fritid","robots":{"index":"index","follow":"follow","max-snippet":"max-snippet:-1","max-image-preview":"max-image-preview:large","max-video-preview":"max-video-preview:-1"},"canonical":"https:\/\/truusk.store\/sv\/produkt\/truusk-sanggavel-i-gratt-sammetstyg-kladd-sanggavel-185-x-8-x-134-cm-ryggstod-for-sang-poppel-elegant-design\/","og_locale":"sv_SE","og_type":"article","og_title":"TRUUSK S\u00e4nggavel i Gr\u00e5tt Sammetstyg - Kl\u00e4dd S\u00e4nggavel - 185 x 8 x 134 cm - Ryggst\u00f6d f\u00f6r S\u00e4ng - Poppel - Elegant Design - TRUUSK - Hem, Tr\u00e4dg\u00e5rd &amp; Fritid","og_description":"Letar du efter en dekoration till s\u00e4nghuvudet? Ta en titt p\u00e5 denna produkt. Detta \u00e4r en v\u00e4ldigt enkel designprodukt men...","og_url":"https:\/\/truusk.store\/sv\/produkt\/truusk-sanggavel-i-gratt-sammetstyg-kladd-sanggavel-185-x-8-x-134-cm-ryggstod-for-sang-poppel-elegant-design\/","og_site_name":"TRUUSK - Hem, Tr\u00e4dg\u00e5rd &amp; Fritid","article_modified_time":"2026-03-12T08:05:09+00:00","og_image":[{"width":800,"height":800,"url":"https:\/\/i0.wp.com\/truusk.se\/wp-content\/uploads\/2024\/02\/sanggavel-till-sang-kladd-sanggavel-sang-huvud-ryggstod-sang-sanggavel-i-gratt-poppel-sammetstyg-185-x-8-x-134-cm.webp?fit=800%2C800&ssl=1","type":"image\/webp"}],"twitter_card":"summary_large_image","twitter_misc":{"Ber\u00e4knad l\u00e4stid":"1 minut"},"schema":{"@context":"https:\/\/schema.org","@graph":[{"@type":"WebPage","@id":"https:\/\/truusk.store\/sv\/produkt\/truusk-sanggavel-i-gratt-sammetstyg-kladd-sanggavel-185-x-8-x-134-cm-ryggstod-for-sang-poppel-elegant-design\/","url":"https:\/\/truusk.store\/sv\/produkt\/truusk-sanggavel-i-gratt-sammetstyg-kladd-sanggavel-185-x-8-x-134-cm-ryggstod-for-sang-poppel-elegant-design\/","name":"TRUUSK S\u00e4nggavel i Gr\u00e5tt Sammetstyg - Kl\u00e4dd S\u00e4nggavel - 185 x 8 x 134 cm - Ryggst\u00f6d f\u00f6r S\u00e4ng - Poppel - Elegant Design - TRUUSK - Hem, Tr\u00e4dg\u00e5rd &amp; Fritid","isPartOf":{"@id":"https:\/\/truusk.store\/sv\/#website"},"primaryImageOfPage":{"@id":"https:\/\/truusk.store\/sv\/produkt\/truusk-sanggavel-i-gratt-sammetstyg-kladd-sanggavel-185-x-8-x-134-cm-ryggstod-for-sang-poppel-elegant-design\/#primaryimage"},"image":{"@id":"https:\/\/truusk.store\/sv\/produkt\/truusk-sanggavel-i-gratt-sammetstyg-kladd-sanggavel-185-x-8-x-134-cm-ryggstod-for-sang-poppel-elegant-design\/#primaryimage"},"thumbnailUrl":"https:\/\/i0.wp.com\/truusk.store\/wp-content\/uploads\/2024\/02\/sanggavel-till-sang-kladd-sanggavel-sang-huvud-ryggstod-sang-sanggavel-i-gratt-poppel-sammetstyg-185-x-8-x-134-cm.webp?fit=800%2C800&ssl=1","datePublished":"2024-02-13T15:55:26+00:00","dateModified":"2026-03-12T08:05:09+00:00","breadcrumb":{"@id":"https:\/\/truusk.store\/sv\/produkt\/truusk-sanggavel-i-gratt-sammetstyg-kladd-sanggavel-185-x-8-x-134-cm-ryggstod-for-sang-poppel-elegant-design\/#breadcrumb"},"inLanguage":"sv-SE","potentialAction":[{"@type":"ReadAction","target":["https:\/\/truusk.store\/sv\/produkt\/truusk-sanggavel-i-gratt-sammetstyg-kladd-sanggavel-185-x-8-x-134-cm-ryggstod-for-sang-poppel-elegant-design\/"]}]},{"@type":"ImageObject","inLanguage":"sv-SE","@id":"https:\/\/truusk.store\/sv\/produkt\/truusk-sanggavel-i-gratt-sammetstyg-kladd-sanggavel-185-x-8-x-134-cm-ryggstod-for-sang-poppel-elegant-design\/#primaryimage","url":"https:\/\/i0.wp.com\/truusk.store\/wp-content\/uploads\/2024\/02\/sanggavel-till-sang-kladd-sanggavel-sang-huvud-ryggstod-sang-sanggavel-i-gratt-poppel-sammetstyg-185-x-8-x-134-cm.webp?fit=800%2C800&ssl=1","contentUrl":"https:\/\/i0.wp.com\/truusk.store\/wp-content\/uploads\/2024\/02\/sanggavel-till-sang-kladd-sanggavel-sang-huvud-ryggstod-sang-sanggavel-i-gratt-poppel-sammetstyg-185-x-8-x-134-cm.webp?fit=800%2C800&ssl=1","width":800,"height":800,"caption":"S\u00e4nggavel Till S\u00e4ng Kl\u00e4dd S\u00e4nggavel S\u00e4ng Huvud Ryggst\u00f6d S\u00e4ng S\u00e4nggavel I Gr\u00e5tt Poppel Sammetstyg 185 X 8 X 134 Cm 1"},{"@type":"BreadcrumbList","@id":"https:\/\/truusk.store\/sv\/produkt\/truusk-sanggavel-i-gratt-sammetstyg-kladd-sanggavel-185-x-8-x-134-cm-ryggstod-for-sang-poppel-elegant-design\/#breadcrumb","itemListElement":[{"@type":"ListItem","position":1,"name":"Home","item":"https:\/\/truusk.store\/sv\/"},{"@type":"ListItem","position":2,"name":"Shop","item":"https:\/\/truusk.store\/shop\/"},{"@type":"ListItem","position":3,"name":"TRUUSK S\u00e4nggavel i Gr\u00e5tt Sammetstyg &#8211; Kl\u00e4dd S\u00e4nggavel &#8211; 185 x 8 x 134 cm &#8211; Ryggst\u00f6d f\u00f6r S\u00e4ng &#8211; Poppel &#8211; Elegant Design"}]},{"@type":"WebSite","@id":"https:\/\/truusk.store\/sv\/#website","url":"https:\/\/truusk.store\/sv\/","name":"TRUUSK - Hem, Tr\u00e4dg\u00e5rd & Fritid","description":"","publisher":{"@id":"https:\/\/truusk.store\/sv\/#organization"},"potentialAction":[{"@type":"SearchAction","target":{"@type":"EntryPoint","urlTemplate":"https:\/\/truusk.store\/sv\/?s={search_term_string}"},"query-input":{"@type":"PropertyValueSpecification","valueRequired":true,"valueName":"search_term_string"}}],"inLanguage":"sv-SE"},{"@type":"Organization","@id":"https:\/\/truusk.store\/sv\/#organization","name":"TRUUSK - Hem, Tr\u00e4dg\u00e5rd & Fritid","url":"https:\/\/truusk.store\/sv\/","logo":{"@type":"ImageObject","inLanguage":"sv-SE","@id":"https:\/\/truusk.store\/sv\/#\/schema\/logo\/image\/","url":"https:\/\/i0.wp.com\/truusk.store\/wp-content\/uploads\/2026\/03\/cropped-TRUUSK.png?fit=2032%2C917&ssl=1","contentUrl":"https:\/\/i0.wp.com\/truusk.store\/wp-content\/uploads\/2026\/03\/cropped-TRUUSK.png?fit=2032%2C917&ssl=1","width":2032,"height":917,"caption":"TRUUSK - Hem, Tr\u00e4dg\u00e5rd & Fritid"},"image":{"@id":"https:\/\/truusk.store\/sv\/#\/schema\/logo\/image\/"}}]}},"jetpack_sharing_enabled":true,"_links":{"self":[{"href":"https:\/\/truusk.store\/sv\/wp-json\/wp\/v2\/product\/23503","targetHints":{"allow":["GET"]}}],"collection":[{"href":"https:\/\/truusk.store\/sv\/wp-json\/wp\/v2\/product"}],"about":[{"href":"https:\/\/truusk.store\/sv\/wp-json\/wp\/v2\/types\/product"}],"wp:featuredmedia":[{"embeddable":true,"href":"https:\/\/truusk.store\/sv\/wp-json\/wp\/v2\/media\/23504"}],"wp:attachment":[{"href":"https:\/\/truusk.store\/sv\/wp-json\/wp\/v2\/media?parent=23503"}],"wp:term":[{"taxonomy":"product_brand","embeddable":true,"href":"https:\/\/truusk.store\/sv\/wp-json\/wp\/v2\/product_brand?post=23503"},{"taxonomy":"product_cat","embeddable":true,"href":"https:\/\/truusk.store\/sv\/wp-json\/wp\/v2\/product_cat?post=23503"},{"taxonomy":"product_tag","embeddable":true,"href":"https:\/\/truusk.store\/sv\/wp-json\/wp\/v2\/product_tag?post=23503"}],"curies":[{"name":"wp","href":"https:\/\/api.w.org\/{rel}","templated":true}]}}