{"id":23576,"date":"2024-02-13T16:57:52","date_gmt":"2024-02-13T15:57:52","guid":{"rendered":"https:\/\/truusk.store\/product\/staende-boxningssack-boxningsdocka-boxning-dummy-traning-boxningspartner-boxningssack-box-158-186-cm-hojdjusterbar-nyhet-svart-brun\/"},"modified":"2026-03-12T09:05:13","modified_gmt":"2026-03-12T08:05:13","slug":"truusk-staende-boxningsdocka-hojdjusterbar-158-186-cm-traningspartner-svart-brun","status":"publish","type":"product","link":"https:\/\/truusk.store\/sv\/produkt\/truusk-staende-boxningsdocka-hojdjusterbar-158-186-cm-traningspartner-svart-brun\/","title":{"rendered":"TRUUSK Sta\u030aende Boxningsdocka &#8211; Ho\u0308jdjusterbar 158-186 cm &#8211; Tra\u0308ningspartner &#8211; Svart + Brun"},"content":{"rendered":"<p>Med denna robusta st\u00e5ende boxningss\u00e4ck kan du tr\u00e4na hemma precis som p\u00e5 ett boxningsgym! Boks\u00e4cken \u00e4r trev\u00e4gs h\u00f6jdjusterbar mellan 158 cm och 186 cm och har optimal stoppning. P\u00e5 s\u00e5 s\u00e4tt absorberas dina slag skonsamt f\u00f6r att skydda dina leder och undvika skador. Den robusta basen kan fyllas med antingen sand eller vatten och h\u00e5ller boxningss\u00e4cken stabil samtidigt som den sv\u00e4nger fram och tillbaka genom stansarna.<\/p>\n<h3>Beskrivning:<\/h3>\n<ul>\n<li>St\u00e5ende boxningss\u00e4ck med h\u00f6g stabilitet och stabilitet<\/li>\n<li>3-v\u00e4gs h\u00f6jdjusterbar fr\u00e5n 158 till 186 cm<\/li>\n<li>Optimal slagdyna absorberar st\u00f6tar och skyddar lederna<\/li>\n<li>Robust bas kan fyllas med antingen sand eller vatten<\/li>\n<li>Praktisk fj\u00e4dring m\u00f6jligg\u00f6r realistisk effekttr\u00e4ning<\/li>\n<li>L\u00e4tt att montera och f\u00f6rvara f\u00f6r att spara utrymme<\/li>\n<li>Obs: Basen m\u00e5ste fyllas med vatten eller sand innan du anv\u00e4nder boxningss\u00e4cken<\/li>\n<\/ul>\n<h3>Teknisk data:<\/h3>\n<ul>\n<li>F\u00e4rg: Svart+Brun<\/li>\n<li>Material: konstl\u00e4der, plast<\/li>\n<li>\u00d6vergripande m\u00e5tt: 58L x 58W x 158-186H cm<\/li>\n<li>Produkth\u00f6jd: 158-186 cm<\/li>\n<li>M\u00e5tt p\u00e5 spelytan: 36 x H80 cm<\/li>\n<li>M\u00e5tt p\u00e5 fot: 55 x H60 cm<\/li>\n<li>H\u00f6jd p\u00e5 vevstaken: 26 cm<\/li>\n<\/ul>\n<h3>Leveransens omfattning:<\/h3>\n<ul>\n<li>1 x st\u00e5ende boxningsp\u00e5se;<\/li>\n<\/ul>\n","protected":false},"excerpt":{"rendered":"<p>Med denna robusta st\u00e5ende boxningss\u00e4ck kan du tr\u00e4na hemma precis som p\u00e5 ett boxningsgym! Boks\u00e4cken \u00e4r trev\u00e4gs h\u00f6jdjusterbar mellan 158&#8230;<\/p>\n","protected":false},"featured_media":23577,"template":"","meta":[],"product_brand":[],"product_cat":[667,661,647],"product_tag":[],"class_list":{"0":"post-23576","1":"product","2":"type-product","3":"status-publish","4":"has-post-thumbnail","6":"product_cat-boxningssack","7":"product_cat-kondition-styrketraning","8":"product_cat-sport-fritid","10":"first","11":"instock","12":"sale","13":"taxable","14":"shipping-taxable","15":"purchasable","16":"product-type-simple"},"yoast_head":"<!-- This site is optimized with the Yoast SEO plugin v25.4 - https:\/\/yoast.com\/wordpress\/plugins\/seo\/ -->\n<title>TRUUSK Sta\u030aende Boxningsdocka - Ho\u0308jdjusterbar 158-186 cm - Tra\u0308ningspartner - Svart + Brun - TRUUSK - Hem, Tr\u00e4dg\u00e5rd &amp; Fritid<\/title>\n<meta name=\"robots\" content=\"index, follow, max-snippet:-1, max-image-preview:large, max-video-preview:-1\" \/>\n<link rel=\"canonical\" href=\"https:\/\/truusk.store\/sv\/produkt\/truusk-staende-boxningsdocka-hojdjusterbar-158-186-cm-traningspartner-svart-brun\/\" \/>\n<meta property=\"og:locale\" content=\"sv_SE\" \/>\n<meta property=\"og:type\" content=\"article\" \/>\n<meta property=\"og:title\" content=\"TRUUSK Sta\u030aende Boxningsdocka - Ho\u0308jdjusterbar 158-186 cm - Tra\u0308ningspartner - Svart + Brun - TRUUSK - Hem, Tr\u00e4dg\u00e5rd &amp; Fritid\" \/>\n<meta property=\"og:description\" content=\"Med denna robusta st\u00e5ende boxningss\u00e4ck kan du tr\u00e4na hemma precis som p\u00e5 ett boxningsgym! Boks\u00e4cken \u00e4r trev\u00e4gs h\u00f6jdjusterbar mellan 158...\" \/>\n<meta property=\"og:url\" content=\"https:\/\/truusk.store\/sv\/produkt\/truusk-staende-boxningsdocka-hojdjusterbar-158-186-cm-traningspartner-svart-brun\/\" \/>\n<meta property=\"og:site_name\" content=\"TRUUSK - Hem, Tr\u00e4dg\u00e5rd &amp; Fritid\" \/>\n<meta property=\"article:modified_time\" content=\"2026-03-12T08:05:13+00:00\" \/>\n<meta property=\"og:image\" content=\"https:\/\/i0.wp.com\/truusk.se\/wp-content\/uploads\/2024\/02\/staende-boxningssack-boxningsdocka-boxning-dummy-traning-boxningspartner-boxningssack-box-158-186-cm-hojdjusterbar-nyhet-svart-brun.webp?fit=800%2C800&ssl=1\" \/>\n\t<meta property=\"og:image:width\" content=\"800\" \/>\n\t<meta property=\"og:image:height\" content=\"800\" \/>\n\t<meta property=\"og:image:type\" content=\"image\/webp\" \/>\n<meta name=\"twitter:card\" content=\"summary_large_image\" \/>\n<meta name=\"twitter:label1\" content=\"Ber\u00e4knad l\u00e4stid\" \/>\n\t<meta name=\"twitter:data1\" content=\"1 minut\" \/>\n<!-- \/ Yoast SEO plugin. -->","yoast_head_json":{"title":"TRUUSK Sta\u030aende Boxningsdocka - Ho\u0308jdjusterbar 158-186 cm - Tra\u0308ningspartner - Svart + Brun - TRUUSK - Hem, Tr\u00e4dg\u00e5rd &amp; Fritid","robots":{"index":"index","follow":"follow","max-snippet":"max-snippet:-1","max-image-preview":"max-image-preview:large","max-video-preview":"max-video-preview:-1"},"canonical":"https:\/\/truusk.store\/sv\/produkt\/truusk-staende-boxningsdocka-hojdjusterbar-158-186-cm-traningspartner-svart-brun\/","og_locale":"sv_SE","og_type":"article","og_title":"TRUUSK Sta\u030aende Boxningsdocka - Ho\u0308jdjusterbar 158-186 cm - Tra\u0308ningspartner - Svart + Brun - TRUUSK - Hem, Tr\u00e4dg\u00e5rd &amp; Fritid","og_description":"Med denna robusta st\u00e5ende boxningss\u00e4ck kan du tr\u00e4na hemma precis som p\u00e5 ett boxningsgym! Boks\u00e4cken \u00e4r trev\u00e4gs h\u00f6jdjusterbar mellan 158...","og_url":"https:\/\/truusk.store\/sv\/produkt\/truusk-staende-boxningsdocka-hojdjusterbar-158-186-cm-traningspartner-svart-brun\/","og_site_name":"TRUUSK - Hem, Tr\u00e4dg\u00e5rd &amp; Fritid","article_modified_time":"2026-03-12T08:05:13+00:00","og_image":[{"width":800,"height":800,"url":"https:\/\/i0.wp.com\/truusk.se\/wp-content\/uploads\/2024\/02\/staende-boxningssack-boxningsdocka-boxning-dummy-traning-boxningspartner-boxningssack-box-158-186-cm-hojdjusterbar-nyhet-svart-brun.webp?fit=800%2C800&ssl=1","type":"image\/webp"}],"twitter_card":"summary_large_image","twitter_misc":{"Ber\u00e4knad l\u00e4stid":"1 minut"},"schema":{"@context":"https:\/\/schema.org","@graph":[{"@type":"WebPage","@id":"https:\/\/truusk.store\/sv\/produkt\/truusk-staende-boxningsdocka-hojdjusterbar-158-186-cm-traningspartner-svart-brun\/","url":"https:\/\/truusk.store\/sv\/produkt\/truusk-staende-boxningsdocka-hojdjusterbar-158-186-cm-traningspartner-svart-brun\/","name":"TRUUSK Sta\u030aende Boxningsdocka - Ho\u0308jdjusterbar 158-186 cm - Tra\u0308ningspartner - Svart + Brun - TRUUSK - Hem, Tr\u00e4dg\u00e5rd &amp; Fritid","isPartOf":{"@id":"https:\/\/truusk.store\/sv\/#website"},"primaryImageOfPage":{"@id":"https:\/\/truusk.store\/sv\/produkt\/truusk-staende-boxningsdocka-hojdjusterbar-158-186-cm-traningspartner-svart-brun\/#primaryimage"},"image":{"@id":"https:\/\/truusk.store\/sv\/produkt\/truusk-staende-boxningsdocka-hojdjusterbar-158-186-cm-traningspartner-svart-brun\/#primaryimage"},"thumbnailUrl":"https:\/\/i0.wp.com\/truusk.store\/wp-content\/uploads\/2024\/02\/staende-boxningssack-boxningsdocka-boxning-dummy-traning-boxningspartner-boxningssack-box-158-186-cm-hojdjusterbar-nyhet-svart-brun.webp?fit=800%2C800&ssl=1","datePublished":"2024-02-13T15:57:52+00:00","dateModified":"2026-03-12T08:05:13+00:00","breadcrumb":{"@id":"https:\/\/truusk.store\/sv\/produkt\/truusk-staende-boxningsdocka-hojdjusterbar-158-186-cm-traningspartner-svart-brun\/#breadcrumb"},"inLanguage":"sv-SE","potentialAction":[{"@type":"ReadAction","target":["https:\/\/truusk.store\/sv\/produkt\/truusk-staende-boxningsdocka-hojdjusterbar-158-186-cm-traningspartner-svart-brun\/"]}]},{"@type":"ImageObject","inLanguage":"sv-SE","@id":"https:\/\/truusk.store\/sv\/produkt\/truusk-staende-boxningsdocka-hojdjusterbar-158-186-cm-traningspartner-svart-brun\/#primaryimage","url":"https:\/\/i0.wp.com\/truusk.store\/wp-content\/uploads\/2024\/02\/staende-boxningssack-boxningsdocka-boxning-dummy-traning-boxningspartner-boxningssack-box-158-186-cm-hojdjusterbar-nyhet-svart-brun.webp?fit=800%2C800&ssl=1","contentUrl":"https:\/\/i0.wp.com\/truusk.store\/wp-content\/uploads\/2024\/02\/staende-boxningssack-boxningsdocka-boxning-dummy-traning-boxningspartner-boxningssack-box-158-186-cm-hojdjusterbar-nyhet-svart-brun.webp?fit=800%2C800&ssl=1","width":800,"height":800,"caption":"St\u00e5ende Boxningss\u00e4ck Boxningsdocka Boxning Dummy Tr\u00e4ning Boxningspartner Boxningss\u00e4ck Box 158-186 Cm H\u00f6jdjusterbar NYHET Svart + Brun 1"},{"@type":"BreadcrumbList","@id":"https:\/\/truusk.store\/sv\/produkt\/truusk-staende-boxningsdocka-hojdjusterbar-158-186-cm-traningspartner-svart-brun\/#breadcrumb","itemListElement":[{"@type":"ListItem","position":1,"name":"Home","item":"https:\/\/truusk.store\/sv\/"},{"@type":"ListItem","position":2,"name":"Shop","item":"https:\/\/truusk.store\/shop\/"},{"@type":"ListItem","position":3,"name":"TRUUSK Sta\u030aende Boxningsdocka &#8211; Ho\u0308jdjusterbar 158-186 cm &#8211; Tra\u0308ningspartner &#8211; Svart + Brun"}]},{"@type":"WebSite","@id":"https:\/\/truusk.store\/sv\/#website","url":"https:\/\/truusk.store\/sv\/","name":"TRUUSK - Hem, Tr\u00e4dg\u00e5rd & Fritid","description":"","publisher":{"@id":"https:\/\/truusk.store\/sv\/#organization"},"potentialAction":[{"@type":"SearchAction","target":{"@type":"EntryPoint","urlTemplate":"https:\/\/truusk.store\/sv\/?s={search_term_string}"},"query-input":{"@type":"PropertyValueSpecification","valueRequired":true,"valueName":"search_term_string"}}],"inLanguage":"sv-SE"},{"@type":"Organization","@id":"https:\/\/truusk.store\/sv\/#organization","name":"TRUUSK - Hem, Tr\u00e4dg\u00e5rd & Fritid","url":"https:\/\/truusk.store\/sv\/","logo":{"@type":"ImageObject","inLanguage":"sv-SE","@id":"https:\/\/truusk.store\/sv\/#\/schema\/logo\/image\/","url":"https:\/\/i0.wp.com\/truusk.store\/wp-content\/uploads\/2026\/03\/cropped-TRUUSK.png?fit=2032%2C917&ssl=1","contentUrl":"https:\/\/i0.wp.com\/truusk.store\/wp-content\/uploads\/2026\/03\/cropped-TRUUSK.png?fit=2032%2C917&ssl=1","width":2032,"height":917,"caption":"TRUUSK - Hem, Tr\u00e4dg\u00e5rd & Fritid"},"image":{"@id":"https:\/\/truusk.store\/sv\/#\/schema\/logo\/image\/"}}]}},"jetpack_sharing_enabled":true,"_links":{"self":[{"href":"https:\/\/truusk.store\/sv\/wp-json\/wp\/v2\/product\/23576","targetHints":{"allow":["GET"]}}],"collection":[{"href":"https:\/\/truusk.store\/sv\/wp-json\/wp\/v2\/product"}],"about":[{"href":"https:\/\/truusk.store\/sv\/wp-json\/wp\/v2\/types\/product"}],"wp:featuredmedia":[{"embeddable":true,"href":"https:\/\/truusk.store\/sv\/wp-json\/wp\/v2\/media\/23577"}],"wp:attachment":[{"href":"https:\/\/truusk.store\/sv\/wp-json\/wp\/v2\/media?parent=23576"}],"wp:term":[{"taxonomy":"product_brand","embeddable":true,"href":"https:\/\/truusk.store\/sv\/wp-json\/wp\/v2\/product_brand?post=23576"},{"taxonomy":"product_cat","embeddable":true,"href":"https:\/\/truusk.store\/sv\/wp-json\/wp\/v2\/product_cat?post=23576"},{"taxonomy":"product_tag","embeddable":true,"href":"https:\/\/truusk.store\/sv\/wp-json\/wp\/v2\/product_tag?post=23576"}],"curies":[{"name":"wp","href":"https:\/\/api.w.org\/{rel}","templated":true}]}}