{"id":23649,"date":"2024-02-13T17:00:10","date_gmt":"2024-02-13T16:00:10","guid":{"rendered":"https:\/\/truusk.store\/product\/bantam-honshus-bantam-hus-med-holk-bantam-voljar-run-fjaderfahus-med-ramp-naturligt-grantra-1505-x-54-x-87-cm\/"},"modified":"2026-03-12T09:05:14","modified_gmt":"2026-03-12T08:05:14","slug":"truusk-bantam-honshus-med-holk-voljar-naturligt-grantra-1505-x-54-x-87-cm","status":"publish","type":"product","link":"https:\/\/truusk.store\/sv\/produkt\/truusk-bantam-honshus-med-holk-voljar-naturligt-grantra-1505-x-54-x-87-cm\/","title":{"rendered":"TRUUSK Bantam H\u00f6nshus &#8211; Med holk &#8211; Volj\u00e4r &#8211; Naturligt grantr\u00e4 &#8211; 150,5 x 54 x 87 cm"},"content":{"rendered":"<p>Detta kycklingh\u00f6lje erbjuder dina kycklingar ett lyxigt och bekv\u00e4mt hem. Det rymliga h\u00f6nshuset best\u00e5r av en sluten h\u00f6nsh\u00e4gn, en holk och en stor g\u00e5rd d\u00e4r dina kycklingar kan vila och r\u00f6ra sig fritt. Dina kycklingar kan komma \u00e5t utomhusomr\u00e5det via en ramp. Fj\u00e4derf\u00e4huset \u00e4r f\u00f6rh\u00f6jt och skyddar dina husdjur fr\u00e5n kyla och fukt. Basbrickan \u00e4r avtagbar f\u00f6r enkel reng\u00f6ring.<\/p>\n<h3>Beskrivning:<\/h3>\n<ul>\n<li>L\u00e4mplig f\u00f6r sm\u00e5 kycklingar<\/li>\n<li>Kvalitativ timmerkonstruktion med upph\u00f6jt hus, holk, run, ramp och d\u00f6rrar<\/li>\n<li>Upph\u00f6jda sittpinnar erbjuder dina kycklingar en plats att sova<\/li>\n<li>Avtagbar bottenplatta f\u00f6r enkel reng\u00f6ring<\/li>\n<li>Kycklingarna n\u00e5r utomhusinh\u00e4gnaden via en halkfri ramp<\/li>\n<li>Det robusta tr\u00e5dst\u00e4ngslet skyddar dina kycklingar fr\u00e5n rovdjur<\/li>\n<li>G\u00e5ngj\u00e4rnsbox f\u00f6r ruvning och \u00e4ggl\u00e4ggning<\/li>\n<li>Ett praktiskt skjutf\u00f6nster sl\u00e4pper in ljus och s\u00e4kerst\u00e4ller god ventilation<\/li>\n<li>Montering kr\u00e4vs<\/li>\n<\/ul>\n<h3>Teknisk data:<\/h3>\n<ul>\n<li>Material: gran<\/li>\n<li>F\u00e4rg: naturligt tr\u00e4<\/li>\n<li>\u00d6vergripande m\u00e5tt: 150,5L x 54W x 87H cm<\/li>\n<li>Storlek p\u00e5 huset: 50L x 46W x 64H cm<\/li>\n<li>Storlek p\u00e5 holken: 46L x 25W x 32,5H cm<\/li>\n<li>Storlek p\u00e5 uttagsl\u00e5dan: 50L x 46W x 21H cm (Under huset), 66L x 46W x 65,2H cm (Sida)<\/li>\n<li>F\u00f6nsterstorlek: 7L x 10,3H cm<\/li>\n<li>D\u00f6rrstorlek: 21,8L x 26,4H cm (hus), 27,9L x 41,3H cm (kartong), 20W x 23H cm (innerd\u00f6rr)<\/li>\n<li>Utdragbar brickstorlek: 43,5L x 43W cm<\/li>\n<li>Ramstorlek: 45L x 17W cm<\/li>\n<li>Golvarea: 0,5107<\/li>\n<\/ul>\n<h3>Leveransens omfattning:<\/h3>\n<ul>\n<li>1 x bantam h\u00f6nshus<\/li>\n<li>1 x Instruktioner<\/li>\n<\/ul>\n","protected":false},"excerpt":{"rendered":"<p>Detta kycklingh\u00f6lje erbjuder dina kycklingar ett lyxigt och bekv\u00e4mt hem. Det rymliga h\u00f6nshuset best\u00e5r av en sluten h\u00f6nsh\u00e4gn, en holk&#8230;<\/p>\n","protected":false},"featured_media":23650,"template":"","meta":[],"product_brand":[],"product_cat":[601,602,573],"product_tag":[],"class_list":{"0":"post-23649","1":"product","2":"type-product","3":"status-publish","4":"has-post-thumbnail","6":"product_cat-fageltillbehor","7":"product_cat-honshus","8":"product_cat-husdjursmaterial","10":"first","11":"instock","12":"sale","13":"taxable","14":"shipping-taxable","15":"purchasable","16":"product-type-simple"},"yoast_head":"<!-- This site is optimized with the Yoast SEO plugin v25.4 - https:\/\/yoast.com\/wordpress\/plugins\/seo\/ -->\n<title>TRUUSK Bantam H\u00f6nshus - Med holk - Volj\u00e4r - Naturligt grantr\u00e4 - 150,5 x 54 x 87 cm - TRUUSK - Hem, Tr\u00e4dg\u00e5rd &amp; Fritid<\/title>\n<meta name=\"robots\" content=\"index, follow, max-snippet:-1, max-image-preview:large, max-video-preview:-1\" \/>\n<link rel=\"canonical\" href=\"https:\/\/truusk.store\/sv\/produkt\/truusk-bantam-honshus-med-holk-voljar-naturligt-grantra-1505-x-54-x-87-cm\/\" \/>\n<meta property=\"og:locale\" content=\"sv_SE\" \/>\n<meta property=\"og:type\" content=\"article\" \/>\n<meta property=\"og:title\" content=\"TRUUSK Bantam H\u00f6nshus - Med holk - Volj\u00e4r - Naturligt grantr\u00e4 - 150,5 x 54 x 87 cm - TRUUSK - Hem, Tr\u00e4dg\u00e5rd &amp; Fritid\" \/>\n<meta property=\"og:description\" content=\"Detta kycklingh\u00f6lje erbjuder dina kycklingar ett lyxigt och bekv\u00e4mt hem. Det rymliga h\u00f6nshuset best\u00e5r av en sluten h\u00f6nsh\u00e4gn, en holk...\" \/>\n<meta property=\"og:url\" content=\"https:\/\/truusk.store\/sv\/produkt\/truusk-bantam-honshus-med-holk-voljar-naturligt-grantra-1505-x-54-x-87-cm\/\" \/>\n<meta property=\"og:site_name\" content=\"TRUUSK - Hem, Tr\u00e4dg\u00e5rd &amp; Fritid\" \/>\n<meta property=\"article:modified_time\" content=\"2026-03-12T08:05:14+00:00\" \/>\n<meta property=\"og:image\" content=\"https:\/\/i0.wp.com\/truusk.se\/wp-content\/uploads\/2024\/02\/bantam-honshus-bantam-hus-med-holk-bantam-voljar-run-fjaderfahus-med-ramp-naturligt-grantra-1505-x-54-x-87-cm.webp?fit=800%2C800&ssl=1\" \/>\n\t<meta property=\"og:image:width\" content=\"800\" \/>\n\t<meta property=\"og:image:height\" content=\"800\" \/>\n\t<meta property=\"og:image:type\" content=\"image\/webp\" \/>\n<meta name=\"twitter:card\" content=\"summary_large_image\" \/>\n<meta name=\"twitter:label1\" content=\"Ber\u00e4knad l\u00e4stid\" \/>\n\t<meta name=\"twitter:data1\" content=\"1 minut\" \/>\n<!-- \/ Yoast SEO plugin. -->","yoast_head_json":{"title":"TRUUSK Bantam H\u00f6nshus - Med holk - Volj\u00e4r - Naturligt grantr\u00e4 - 150,5 x 54 x 87 cm - TRUUSK - Hem, Tr\u00e4dg\u00e5rd &amp; Fritid","robots":{"index":"index","follow":"follow","max-snippet":"max-snippet:-1","max-image-preview":"max-image-preview:large","max-video-preview":"max-video-preview:-1"},"canonical":"https:\/\/truusk.store\/sv\/produkt\/truusk-bantam-honshus-med-holk-voljar-naturligt-grantra-1505-x-54-x-87-cm\/","og_locale":"sv_SE","og_type":"article","og_title":"TRUUSK Bantam H\u00f6nshus - Med holk - Volj\u00e4r - Naturligt grantr\u00e4 - 150,5 x 54 x 87 cm - TRUUSK - Hem, Tr\u00e4dg\u00e5rd &amp; Fritid","og_description":"Detta kycklingh\u00f6lje erbjuder dina kycklingar ett lyxigt och bekv\u00e4mt hem. Det rymliga h\u00f6nshuset best\u00e5r av en sluten h\u00f6nsh\u00e4gn, en holk...","og_url":"https:\/\/truusk.store\/sv\/produkt\/truusk-bantam-honshus-med-holk-voljar-naturligt-grantra-1505-x-54-x-87-cm\/","og_site_name":"TRUUSK - Hem, Tr\u00e4dg\u00e5rd &amp; Fritid","article_modified_time":"2026-03-12T08:05:14+00:00","og_image":[{"width":800,"height":800,"url":"https:\/\/i0.wp.com\/truusk.se\/wp-content\/uploads\/2024\/02\/bantam-honshus-bantam-hus-med-holk-bantam-voljar-run-fjaderfahus-med-ramp-naturligt-grantra-1505-x-54-x-87-cm.webp?fit=800%2C800&ssl=1","type":"image\/webp"}],"twitter_card":"summary_large_image","twitter_misc":{"Ber\u00e4knad l\u00e4stid":"1 minut"},"schema":{"@context":"https:\/\/schema.org","@graph":[{"@type":"WebPage","@id":"https:\/\/truusk.store\/sv\/produkt\/truusk-bantam-honshus-med-holk-voljar-naturligt-grantra-1505-x-54-x-87-cm\/","url":"https:\/\/truusk.store\/sv\/produkt\/truusk-bantam-honshus-med-holk-voljar-naturligt-grantra-1505-x-54-x-87-cm\/","name":"TRUUSK Bantam H\u00f6nshus - Med holk - Volj\u00e4r - Naturligt grantr\u00e4 - 150,5 x 54 x 87 cm - TRUUSK - Hem, Tr\u00e4dg\u00e5rd &amp; Fritid","isPartOf":{"@id":"https:\/\/truusk.store\/sv\/#website"},"primaryImageOfPage":{"@id":"https:\/\/truusk.store\/sv\/produkt\/truusk-bantam-honshus-med-holk-voljar-naturligt-grantra-1505-x-54-x-87-cm\/#primaryimage"},"image":{"@id":"https:\/\/truusk.store\/sv\/produkt\/truusk-bantam-honshus-med-holk-voljar-naturligt-grantra-1505-x-54-x-87-cm\/#primaryimage"},"thumbnailUrl":"https:\/\/i0.wp.com\/truusk.store\/wp-content\/uploads\/2024\/02\/bantam-honshus-bantam-hus-med-holk-bantam-voljar-run-fjaderfahus-med-ramp-naturligt-grantra-1505-x-54-x-87-cm.webp?fit=800%2C800&ssl=1","datePublished":"2024-02-13T16:00:10+00:00","dateModified":"2026-03-12T08:05:14+00:00","breadcrumb":{"@id":"https:\/\/truusk.store\/sv\/produkt\/truusk-bantam-honshus-med-holk-voljar-naturligt-grantra-1505-x-54-x-87-cm\/#breadcrumb"},"inLanguage":"sv-SE","potentialAction":[{"@type":"ReadAction","target":["https:\/\/truusk.store\/sv\/produkt\/truusk-bantam-honshus-med-holk-voljar-naturligt-grantra-1505-x-54-x-87-cm\/"]}]},{"@type":"ImageObject","inLanguage":"sv-SE","@id":"https:\/\/truusk.store\/sv\/produkt\/truusk-bantam-honshus-med-holk-voljar-naturligt-grantra-1505-x-54-x-87-cm\/#primaryimage","url":"https:\/\/i0.wp.com\/truusk.store\/wp-content\/uploads\/2024\/02\/bantam-honshus-bantam-hus-med-holk-bantam-voljar-run-fjaderfahus-med-ramp-naturligt-grantra-1505-x-54-x-87-cm.webp?fit=800%2C800&ssl=1","contentUrl":"https:\/\/i0.wp.com\/truusk.store\/wp-content\/uploads\/2024\/02\/bantam-honshus-bantam-hus-med-holk-bantam-voljar-run-fjaderfahus-med-ramp-naturligt-grantra-1505-x-54-x-87-cm.webp?fit=800%2C800&ssl=1","width":800,"height":800,"caption":"Bantam H\u00f6nshus Bantam Hus Med Holk Bantam Volj\u00e4r Run Fj\u00e4derf\u00e4hus Med Ramp Naturligt Grantr\u00e4 150,5 X 54 X 87 Cm 1"},{"@type":"BreadcrumbList","@id":"https:\/\/truusk.store\/sv\/produkt\/truusk-bantam-honshus-med-holk-voljar-naturligt-grantra-1505-x-54-x-87-cm\/#breadcrumb","itemListElement":[{"@type":"ListItem","position":1,"name":"Home","item":"https:\/\/truusk.store\/sv\/"},{"@type":"ListItem","position":2,"name":"Shop","item":"https:\/\/truusk.store\/shop\/"},{"@type":"ListItem","position":3,"name":"TRUUSK Bantam H\u00f6nshus &#8211; Med holk &#8211; Volj\u00e4r &#8211; Naturligt grantr\u00e4 &#8211; 150,5 x 54 x 87 cm"}]},{"@type":"WebSite","@id":"https:\/\/truusk.store\/sv\/#website","url":"https:\/\/truusk.store\/sv\/","name":"TRUUSK - Hem, Tr\u00e4dg\u00e5rd & Fritid","description":"","publisher":{"@id":"https:\/\/truusk.store\/sv\/#organization"},"potentialAction":[{"@type":"SearchAction","target":{"@type":"EntryPoint","urlTemplate":"https:\/\/truusk.store\/sv\/?s={search_term_string}"},"query-input":{"@type":"PropertyValueSpecification","valueRequired":true,"valueName":"search_term_string"}}],"inLanguage":"sv-SE"},{"@type":"Organization","@id":"https:\/\/truusk.store\/sv\/#organization","name":"TRUUSK - Hem, Tr\u00e4dg\u00e5rd & Fritid","url":"https:\/\/truusk.store\/sv\/","logo":{"@type":"ImageObject","inLanguage":"sv-SE","@id":"https:\/\/truusk.store\/sv\/#\/schema\/logo\/image\/","url":"https:\/\/i0.wp.com\/truusk.store\/wp-content\/uploads\/2026\/03\/cropped-TRUUSK.png?fit=2032%2C917&ssl=1","contentUrl":"https:\/\/i0.wp.com\/truusk.store\/wp-content\/uploads\/2026\/03\/cropped-TRUUSK.png?fit=2032%2C917&ssl=1","width":2032,"height":917,"caption":"TRUUSK - Hem, Tr\u00e4dg\u00e5rd & Fritid"},"image":{"@id":"https:\/\/truusk.store\/sv\/#\/schema\/logo\/image\/"}}]}},"jetpack_sharing_enabled":true,"_links":{"self":[{"href":"https:\/\/truusk.store\/sv\/wp-json\/wp\/v2\/product\/23649","targetHints":{"allow":["GET"]}}],"collection":[{"href":"https:\/\/truusk.store\/sv\/wp-json\/wp\/v2\/product"}],"about":[{"href":"https:\/\/truusk.store\/sv\/wp-json\/wp\/v2\/types\/product"}],"wp:featuredmedia":[{"embeddable":true,"href":"https:\/\/truusk.store\/sv\/wp-json\/wp\/v2\/media\/23650"}],"wp:attachment":[{"href":"https:\/\/truusk.store\/sv\/wp-json\/wp\/v2\/media?parent=23649"}],"wp:term":[{"taxonomy":"product_brand","embeddable":true,"href":"https:\/\/truusk.store\/sv\/wp-json\/wp\/v2\/product_brand?post=23649"},{"taxonomy":"product_cat","embeddable":true,"href":"https:\/\/truusk.store\/sv\/wp-json\/wp\/v2\/product_cat?post=23649"},{"taxonomy":"product_tag","embeddable":true,"href":"https:\/\/truusk.store\/sv\/wp-json\/wp\/v2\/product_tag?post=23649"}],"curies":[{"name":"wp","href":"https:\/\/api.w.org\/{rel}","templated":true}]}}