{"id":23690,"date":"2024-02-13T17:01:26","date_gmt":"2024-02-13T16:01:26","guid":{"rendered":"https:\/\/truusk.store\/product\/byggklossar-med-5-skumbyggstenar-byggklossar-byggleksaker-skumklossar-for-1-3-ar-gamla-barn-konstlader-epe\/"},"modified":"2026-03-12T09:05:15","modified_gmt":"2026-03-12T08:05:15","slug":"truusk-byggklossar-med-5-skumbyggstenar-for-1-3-ar-gamla-barn-konstlader-epe-byggleksaker","status":"publish","type":"product","link":"https:\/\/truusk.store\/sv\/produkt\/truusk-byggklossar-med-5-skumbyggstenar-for-1-3-ar-gamla-barn-konstlader-epe-byggleksaker\/","title":{"rendered":"TRUUSK Byggklossar med 5 Skumbyggstenar &#8211; F\u00f6r 1-3 \u00e5r gamla barn &#8211; Konstl\u00e4der &#8211; EPE &#8211; Byggleksaker"},"content":{"rendered":"<p>Vill du hitta en s\u00e4ker och rolig leksak till ditt barn? Prova d\u00e5 v\u00e5ra leksakskuber. Det hj\u00e4lper sp\u00e4dbarn och sm\u00e5barn att tr\u00e4na viktiga utvecklingsf\u00f6rm\u00e5ga som balans och koordination. Det h\u00e4r setet \u00e4r en perfekt present f\u00f6r att f\u00f6lja med deras tillv\u00e4xt.<\/p>\n<h3>Beskrivning:<\/h3>\n<ul>\n<li>Perfekt att anv\u00e4nda i skolan, dagis eller hemma<\/li>\n<li>Designad f\u00f6r att l\u00e5ta sp\u00e4dbarn och sm\u00e5barn kl\u00e4ttra, krypa, utforska och glida<\/li>\n<li>Skr\u00e4ddarsydda konfigurationer ger mycket n\u00f6je f\u00f6r de sm\u00e5<\/li>\n<li>Tillverkad av mjukt EPE-skum med h\u00f6g densitet<\/li>\n<li>De kan l\u00e4tt torkas rena med en mild tv\u00e5l- och vattenl\u00f6sning<\/li>\n<li>Ingen montering kr\u00e4vs<\/li>\n<\/ul>\n<h3>Teknisk data:<\/h3>\n<ul>\n<li>F\u00e4rg: Flerf\u00e4rgad<\/li>\n<li>Material: konstl\u00e4der, EPE<\/li>\n<li>Fyrkantigt block: 40,6L x 40,6B x 20,3H cm<\/li>\n<li>Rektangul\u00e4rt block: 20,3L x 20,3W x 40,6H cm<\/li>\n<li>Cylinder: 20,3 x 40,6 L x 40,6 H cm<\/li>\n<li>Stor halvcylinder: 40,6L x 40,6W x 20,3H cm<\/li>\n<li>Ramp: 40,6L x 61W x 20,3H cm<\/li>\n<li>Rekommenderad \u00e5lder: 1-3 \u00e5r<\/li>\n<li>Nettovikt: 3,5 kg<\/li>\n<\/ul>\n<h3>Leveransens omfattning:<\/h3>\n<ul>\n<li>5 x skumblock<\/li>\n<\/ul>\n","protected":false},"excerpt":{"rendered":"<p>Vill du hitta en s\u00e4ker och rolig leksak till ditt barn? Prova d\u00e5 v\u00e5ra leksakskuber. Det hj\u00e4lper sp\u00e4dbarn och sm\u00e5barn&#8230;<\/p>\n","protected":false},"featured_media":23691,"template":"","meta":[],"product_brand":[],"product_cat":[609,624,630],"product_tag":[],"class_list":{"0":"post-23690","1":"product","2":"type-product","3":"status-publish","4":"has-post-thumbnail","6":"product_cat-baby-barn","7":"product_cat-leksak","8":"product_cat-spela-byggklossar","10":"first","11":"instock","12":"sale","13":"taxable","14":"shipping-taxable","15":"purchasable","16":"product-type-simple"},"yoast_head":"<!-- This site is optimized with the Yoast SEO plugin v25.4 - https:\/\/yoast.com\/wordpress\/plugins\/seo\/ -->\n<title>TRUUSK Byggklossar med 5 Skumbyggstenar - F\u00f6r 1-3 \u00e5r gamla barn - Konstl\u00e4der - EPE - Byggleksaker - TRUUSK - Hem, Tr\u00e4dg\u00e5rd &amp; Fritid<\/title>\n<meta name=\"robots\" content=\"index, follow, max-snippet:-1, max-image-preview:large, max-video-preview:-1\" \/>\n<link rel=\"canonical\" href=\"https:\/\/truusk.store\/sv\/produkt\/truusk-byggklossar-med-5-skumbyggstenar-for-1-3-ar-gamla-barn-konstlader-epe-byggleksaker\/\" \/>\n<meta property=\"og:locale\" content=\"sv_SE\" \/>\n<meta property=\"og:type\" content=\"article\" \/>\n<meta property=\"og:title\" content=\"TRUUSK Byggklossar med 5 Skumbyggstenar - F\u00f6r 1-3 \u00e5r gamla barn - Konstl\u00e4der - EPE - Byggleksaker - TRUUSK - Hem, Tr\u00e4dg\u00e5rd &amp; Fritid\" \/>\n<meta property=\"og:description\" content=\"Vill du hitta en s\u00e4ker och rolig leksak till ditt barn? Prova d\u00e5 v\u00e5ra leksakskuber. Det hj\u00e4lper sp\u00e4dbarn och sm\u00e5barn...\" \/>\n<meta property=\"og:url\" content=\"https:\/\/truusk.store\/sv\/produkt\/truusk-byggklossar-med-5-skumbyggstenar-for-1-3-ar-gamla-barn-konstlader-epe-byggleksaker\/\" \/>\n<meta property=\"og:site_name\" content=\"TRUUSK - Hem, Tr\u00e4dg\u00e5rd &amp; Fritid\" \/>\n<meta property=\"article:modified_time\" content=\"2026-03-12T08:05:15+00:00\" \/>\n<meta property=\"og:image\" content=\"https:\/\/i0.wp.com\/truusk.se\/wp-content\/uploads\/2024\/02\/byggklossar-med-5-skumbyggstenar-byggklossar-byggleksaker-skumklossar-for-1-3-ar-gamla-barn-konstlader-epe.webp?fit=800%2C800&ssl=1\" \/>\n\t<meta property=\"og:image:width\" content=\"800\" \/>\n\t<meta property=\"og:image:height\" content=\"800\" \/>\n\t<meta property=\"og:image:type\" content=\"image\/webp\" \/>\n<meta name=\"twitter:card\" content=\"summary_large_image\" \/>\n<meta name=\"twitter:label1\" content=\"Ber\u00e4knad l\u00e4stid\" \/>\n\t<meta name=\"twitter:data1\" content=\"1 minut\" \/>\n<!-- \/ Yoast SEO plugin. -->","yoast_head_json":{"title":"TRUUSK Byggklossar med 5 Skumbyggstenar - F\u00f6r 1-3 \u00e5r gamla barn - Konstl\u00e4der - EPE - Byggleksaker - TRUUSK - Hem, Tr\u00e4dg\u00e5rd &amp; Fritid","robots":{"index":"index","follow":"follow","max-snippet":"max-snippet:-1","max-image-preview":"max-image-preview:large","max-video-preview":"max-video-preview:-1"},"canonical":"https:\/\/truusk.store\/sv\/produkt\/truusk-byggklossar-med-5-skumbyggstenar-for-1-3-ar-gamla-barn-konstlader-epe-byggleksaker\/","og_locale":"sv_SE","og_type":"article","og_title":"TRUUSK Byggklossar med 5 Skumbyggstenar - F\u00f6r 1-3 \u00e5r gamla barn - Konstl\u00e4der - EPE - Byggleksaker - TRUUSK - Hem, Tr\u00e4dg\u00e5rd &amp; Fritid","og_description":"Vill du hitta en s\u00e4ker och rolig leksak till ditt barn? Prova d\u00e5 v\u00e5ra leksakskuber. Det hj\u00e4lper sp\u00e4dbarn och sm\u00e5barn...","og_url":"https:\/\/truusk.store\/sv\/produkt\/truusk-byggklossar-med-5-skumbyggstenar-for-1-3-ar-gamla-barn-konstlader-epe-byggleksaker\/","og_site_name":"TRUUSK - Hem, Tr\u00e4dg\u00e5rd &amp; Fritid","article_modified_time":"2026-03-12T08:05:15+00:00","og_image":[{"width":800,"height":800,"url":"https:\/\/i0.wp.com\/truusk.se\/wp-content\/uploads\/2024\/02\/byggklossar-med-5-skumbyggstenar-byggklossar-byggleksaker-skumklossar-for-1-3-ar-gamla-barn-konstlader-epe.webp?fit=800%2C800&ssl=1","type":"image\/webp"}],"twitter_card":"summary_large_image","twitter_misc":{"Ber\u00e4knad l\u00e4stid":"1 minut"},"schema":{"@context":"https:\/\/schema.org","@graph":[{"@type":"WebPage","@id":"https:\/\/truusk.store\/sv\/produkt\/truusk-byggklossar-med-5-skumbyggstenar-for-1-3-ar-gamla-barn-konstlader-epe-byggleksaker\/","url":"https:\/\/truusk.store\/sv\/produkt\/truusk-byggklossar-med-5-skumbyggstenar-for-1-3-ar-gamla-barn-konstlader-epe-byggleksaker\/","name":"TRUUSK Byggklossar med 5 Skumbyggstenar - F\u00f6r 1-3 \u00e5r gamla barn - Konstl\u00e4der - EPE - Byggleksaker - TRUUSK - Hem, Tr\u00e4dg\u00e5rd &amp; Fritid","isPartOf":{"@id":"https:\/\/truusk.store\/sv\/#website"},"primaryImageOfPage":{"@id":"https:\/\/truusk.store\/sv\/produkt\/truusk-byggklossar-med-5-skumbyggstenar-for-1-3-ar-gamla-barn-konstlader-epe-byggleksaker\/#primaryimage"},"image":{"@id":"https:\/\/truusk.store\/sv\/produkt\/truusk-byggklossar-med-5-skumbyggstenar-for-1-3-ar-gamla-barn-konstlader-epe-byggleksaker\/#primaryimage"},"thumbnailUrl":"https:\/\/i0.wp.com\/truusk.store\/wp-content\/uploads\/2024\/02\/byggklossar-med-5-skumbyggstenar-byggklossar-byggleksaker-skumklossar-for-1-3-ar-gamla-barn-konstlader-epe.webp?fit=800%2C800&ssl=1","datePublished":"2024-02-13T16:01:26+00:00","dateModified":"2026-03-12T08:05:15+00:00","breadcrumb":{"@id":"https:\/\/truusk.store\/sv\/produkt\/truusk-byggklossar-med-5-skumbyggstenar-for-1-3-ar-gamla-barn-konstlader-epe-byggleksaker\/#breadcrumb"},"inLanguage":"sv-SE","potentialAction":[{"@type":"ReadAction","target":["https:\/\/truusk.store\/sv\/produkt\/truusk-byggklossar-med-5-skumbyggstenar-for-1-3-ar-gamla-barn-konstlader-epe-byggleksaker\/"]}]},{"@type":"ImageObject","inLanguage":"sv-SE","@id":"https:\/\/truusk.store\/sv\/produkt\/truusk-byggklossar-med-5-skumbyggstenar-for-1-3-ar-gamla-barn-konstlader-epe-byggleksaker\/#primaryimage","url":"https:\/\/i0.wp.com\/truusk.store\/wp-content\/uploads\/2024\/02\/byggklossar-med-5-skumbyggstenar-byggklossar-byggleksaker-skumklossar-for-1-3-ar-gamla-barn-konstlader-epe.webp?fit=800%2C800&ssl=1","contentUrl":"https:\/\/i0.wp.com\/truusk.store\/wp-content\/uploads\/2024\/02\/byggklossar-med-5-skumbyggstenar-byggklossar-byggleksaker-skumklossar-for-1-3-ar-gamla-barn-konstlader-epe.webp?fit=800%2C800&ssl=1","width":800,"height":800,"caption":"Byggklossar Med 5 Skumbyggstenar Byggklossar Byggleksaker Skumklossar F\u00f6r 1-3 \u00e5r Gamla Barn Konstl\u00e4der EPE 1"},{"@type":"BreadcrumbList","@id":"https:\/\/truusk.store\/sv\/produkt\/truusk-byggklossar-med-5-skumbyggstenar-for-1-3-ar-gamla-barn-konstlader-epe-byggleksaker\/#breadcrumb","itemListElement":[{"@type":"ListItem","position":1,"name":"Home","item":"https:\/\/truusk.store\/sv\/"},{"@type":"ListItem","position":2,"name":"Shop","item":"https:\/\/truusk.store\/shop\/"},{"@type":"ListItem","position":3,"name":"TRUUSK Byggklossar med 5 Skumbyggstenar &#8211; F\u00f6r 1-3 \u00e5r gamla barn &#8211; Konstl\u00e4der &#8211; EPE &#8211; Byggleksaker"}]},{"@type":"WebSite","@id":"https:\/\/truusk.store\/sv\/#website","url":"https:\/\/truusk.store\/sv\/","name":"TRUUSK - Hem, Tr\u00e4dg\u00e5rd & Fritid","description":"","publisher":{"@id":"https:\/\/truusk.store\/sv\/#organization"},"potentialAction":[{"@type":"SearchAction","target":{"@type":"EntryPoint","urlTemplate":"https:\/\/truusk.store\/sv\/?s={search_term_string}"},"query-input":{"@type":"PropertyValueSpecification","valueRequired":true,"valueName":"search_term_string"}}],"inLanguage":"sv-SE"},{"@type":"Organization","@id":"https:\/\/truusk.store\/sv\/#organization","name":"TRUUSK - Hem, Tr\u00e4dg\u00e5rd & Fritid","url":"https:\/\/truusk.store\/sv\/","logo":{"@type":"ImageObject","inLanguage":"sv-SE","@id":"https:\/\/truusk.store\/sv\/#\/schema\/logo\/image\/","url":"https:\/\/i0.wp.com\/truusk.store\/wp-content\/uploads\/2026\/03\/cropped-TRUUSK.png?fit=2032%2C917&ssl=1","contentUrl":"https:\/\/i0.wp.com\/truusk.store\/wp-content\/uploads\/2026\/03\/cropped-TRUUSK.png?fit=2032%2C917&ssl=1","width":2032,"height":917,"caption":"TRUUSK - Hem, Tr\u00e4dg\u00e5rd & Fritid"},"image":{"@id":"https:\/\/truusk.store\/sv\/#\/schema\/logo\/image\/"}}]}},"jetpack_sharing_enabled":true,"_links":{"self":[{"href":"https:\/\/truusk.store\/sv\/wp-json\/wp\/v2\/product\/23690","targetHints":{"allow":["GET"]}}],"collection":[{"href":"https:\/\/truusk.store\/sv\/wp-json\/wp\/v2\/product"}],"about":[{"href":"https:\/\/truusk.store\/sv\/wp-json\/wp\/v2\/types\/product"}],"wp:featuredmedia":[{"embeddable":true,"href":"https:\/\/truusk.store\/sv\/wp-json\/wp\/v2\/media\/23691"}],"wp:attachment":[{"href":"https:\/\/truusk.store\/sv\/wp-json\/wp\/v2\/media?parent=23690"}],"wp:term":[{"taxonomy":"product_brand","embeddable":true,"href":"https:\/\/truusk.store\/sv\/wp-json\/wp\/v2\/product_brand?post=23690"},{"taxonomy":"product_cat","embeddable":true,"href":"https:\/\/truusk.store\/sv\/wp-json\/wp\/v2\/product_cat?post=23690"},{"taxonomy":"product_tag","embeddable":true,"href":"https:\/\/truusk.store\/sv\/wp-json\/wp\/v2\/product_tag?post=23690"}],"curies":[{"name":"wp","href":"https:\/\/api.w.org\/{rel}","templated":true}]}}