{"id":23747,"date":"2024-02-13T17:03:11","date_gmt":"2024-02-13T16:03:11","guid":{"rendered":"https:\/\/truusk.store\/product\/hantelset-2-x-25-kg-2-x-6-viktskivor-med-plastkapa-golvvanlig-svart\/"},"modified":"2026-03-12T09:05:15","modified_gmt":"2026-03-12T08:05:15","slug":"truusk-hantelset-2-x-25-kg-2-x-6-viktskivor-med-plastkapa-golvvanlig-svart","status":"publish","type":"product","link":"https:\/\/truusk.store\/sv\/produkt\/truusk-hantelset-2-x-25-kg-2-x-6-viktskivor-med-plastkapa-golvvanlig-svart\/","title":{"rendered":"TRUUSK Hantelset 2 X 25 Kg &#8211; 2 X 6 Viktskivor Med Plastk\u00e5pa &#8211; Golvv\u00e4nlig &#8211; Svart"},"content":{"rendered":"<p>Vill du h\u00e5lla dig frisk och frisk men har inte tid att g\u00e5 till gymmet? Inga problem! Med v\u00e5rt fantastiska hantelset kan du nu tr\u00e4na n\u00e4r som helst, var som helst &#8211; \u00e4ven n\u00e4r du tittar p\u00e5 ditt favoritprogram p\u00e5 TV! V\u00e5rt hantelset \u00e4r tillverkat av h\u00f6gkvalitativt st\u00e5l och plast och erbjuder dig allt du beh\u00f6ver f\u00f6r ett komplett tr\u00e4ningspass. Du kan enkelt justera vikterna f\u00f6r att specifikt tr\u00e4na och st\u00e4rka dina muskler.<\/p>\n<h3>Beskrivning:<\/h3>\n<ul>\n<li>H\u00f6gkvalitativt hantelset av st\u00e5l och plast f\u00f6r l\u00e5ngvarig anv\u00e4ndning<\/li>\n<li>St\u00e4rker musklerna, \u00f6kar styrkan och h\u00e5ller dig i form<\/li>\n<li>Enkel montering och reng\u00f6ring<\/li>\n<li>Individuell tr\u00e4ning genom justerbar vikt<\/li>\n<li>Hantelset med 8 x 5 kg och 4 x 1,5 kg pl\u00e5tar, galvaniserade st\u00e4nger och stj\u00e4rnl\u00e5s<\/li>\n<li>S\u00e4kra grepp om viktskivorna<\/li>\n<li>F\u00f6rl\u00e4nger livsl\u00e4ngden genom att anv\u00e4nda p\u00e5 en sportmatta<\/li>\n<\/ul>\n<h3>Teknisk data:<\/h3>\n<ul>\n<li>Material: st\u00e5l, plast (fylld med sand och cement)<\/li>\n<li>Svart f\u00e4rg<\/li>\n<li>Totalvikt: 50 kg per set (8 x 5 kg vikter + 4 x 1,5 kg vikter + 2 x 2 kg hantelst\u00e5ng = totalt 50 kg)<\/li>\n<li>Hantelst\u00e5ngens vikt: 2 kg<\/li>\n<li>Maxvikt per hantel: 25 kg<\/li>\n<li>Vikt tallrik storlek: 5 kg: 24,5 x 4,3 cm<\/li>\n<li>1,5 kg: 17 x 3,3 cm<\/li>\n<li>Storlek p\u00e5 hantelst\u00e5ngen: 2,5 x 45 cm<\/li>\n<li>Obs: Vikterna ska f\u00e4stas med stj\u00e4rnsp\u00e4nnen s\u00e5 att den platta sidan \u00e4r v\u00e4nd ut\u00e5t och gummiringen in\u00e5t<\/li>\n<\/ul>\n<h3>Leveransens omfattning:<\/h3>\n<ul>\n<li>8 x 5 kg skivor<\/li>\n<li>4 x 1,5 kg skivor<\/li>\n<li>2 x 2 kg hantelst\u00e4nger<\/li>\n<li>4 st stj\u00e4rnsp\u00e4nnen<\/li>\n<\/ul>\n","protected":false},"excerpt":{"rendered":"<p>Vill du h\u00e5lla dig frisk och frisk men har inte tid att g\u00e5 till gymmet? Inga problem! Med v\u00e5rt fantastiska&#8230;<\/p>\n","protected":false},"featured_media":23748,"template":"","meta":[],"product_brand":[],"product_cat":[668,661,647],"product_tag":[],"class_list":{"0":"post-23747","1":"product","2":"type-product","3":"status-publish","4":"has-post-thumbnail","6":"product_cat-hantlar","7":"product_cat-kondition-styrketraning","8":"product_cat-sport-fritid","10":"first","11":"instock","12":"sale","13":"taxable","14":"shipping-taxable","15":"purchasable","16":"product-type-simple"},"yoast_head":"<!-- This site is optimized with the Yoast SEO plugin v25.4 - https:\/\/yoast.com\/wordpress\/plugins\/seo\/ -->\n<title>TRUUSK Hantelset 2 X 25 Kg - 2 X 6 Viktskivor Med Plastk\u00e5pa - Golvv\u00e4nlig - Svart - TRUUSK - Hem, Tr\u00e4dg\u00e5rd &amp; Fritid<\/title>\n<meta name=\"robots\" content=\"index, follow, max-snippet:-1, max-image-preview:large, max-video-preview:-1\" \/>\n<link rel=\"canonical\" href=\"https:\/\/truusk.store\/sv\/produkt\/truusk-hantelset-2-x-25-kg-2-x-6-viktskivor-med-plastkapa-golvvanlig-svart\/\" \/>\n<meta property=\"og:locale\" content=\"sv_SE\" \/>\n<meta property=\"og:type\" content=\"article\" \/>\n<meta property=\"og:title\" content=\"TRUUSK Hantelset 2 X 25 Kg - 2 X 6 Viktskivor Med Plastk\u00e5pa - Golvv\u00e4nlig - Svart - TRUUSK - Hem, Tr\u00e4dg\u00e5rd &amp; Fritid\" \/>\n<meta property=\"og:description\" content=\"Vill du h\u00e5lla dig frisk och frisk men har inte tid att g\u00e5 till gymmet? Inga problem! Med v\u00e5rt fantastiska...\" \/>\n<meta property=\"og:url\" content=\"https:\/\/truusk.store\/sv\/produkt\/truusk-hantelset-2-x-25-kg-2-x-6-viktskivor-med-plastkapa-golvvanlig-svart\/\" \/>\n<meta property=\"og:site_name\" content=\"TRUUSK - Hem, Tr\u00e4dg\u00e5rd &amp; Fritid\" \/>\n<meta property=\"article:modified_time\" content=\"2026-03-12T08:05:15+00:00\" \/>\n<meta property=\"og:image\" content=\"https:\/\/i0.wp.com\/truusk.se\/wp-content\/uploads\/2024\/02\/hantelset-2-x-25-kg-2-x-6-viktskivor-med-plastkapa-golvvanlig-svart.webp?fit=800%2C800&ssl=1\" \/>\n\t<meta property=\"og:image:width\" content=\"800\" \/>\n\t<meta property=\"og:image:height\" content=\"800\" \/>\n\t<meta property=\"og:image:type\" content=\"image\/webp\" \/>\n<meta name=\"twitter:card\" content=\"summary_large_image\" \/>\n<meta name=\"twitter:label1\" content=\"Ber\u00e4knad l\u00e4stid\" \/>\n\t<meta name=\"twitter:data1\" content=\"1 minut\" \/>\n<!-- \/ Yoast SEO plugin. -->","yoast_head_json":{"title":"TRUUSK Hantelset 2 X 25 Kg - 2 X 6 Viktskivor Med Plastk\u00e5pa - Golvv\u00e4nlig - Svart - TRUUSK - Hem, Tr\u00e4dg\u00e5rd &amp; Fritid","robots":{"index":"index","follow":"follow","max-snippet":"max-snippet:-1","max-image-preview":"max-image-preview:large","max-video-preview":"max-video-preview:-1"},"canonical":"https:\/\/truusk.store\/sv\/produkt\/truusk-hantelset-2-x-25-kg-2-x-6-viktskivor-med-plastkapa-golvvanlig-svart\/","og_locale":"sv_SE","og_type":"article","og_title":"TRUUSK Hantelset 2 X 25 Kg - 2 X 6 Viktskivor Med Plastk\u00e5pa - Golvv\u00e4nlig - Svart - TRUUSK - Hem, Tr\u00e4dg\u00e5rd &amp; Fritid","og_description":"Vill du h\u00e5lla dig frisk och frisk men har inte tid att g\u00e5 till gymmet? Inga problem! Med v\u00e5rt fantastiska...","og_url":"https:\/\/truusk.store\/sv\/produkt\/truusk-hantelset-2-x-25-kg-2-x-6-viktskivor-med-plastkapa-golvvanlig-svart\/","og_site_name":"TRUUSK - Hem, Tr\u00e4dg\u00e5rd &amp; Fritid","article_modified_time":"2026-03-12T08:05:15+00:00","og_image":[{"width":800,"height":800,"url":"https:\/\/i0.wp.com\/truusk.se\/wp-content\/uploads\/2024\/02\/hantelset-2-x-25-kg-2-x-6-viktskivor-med-plastkapa-golvvanlig-svart.webp?fit=800%2C800&ssl=1","type":"image\/webp"}],"twitter_card":"summary_large_image","twitter_misc":{"Ber\u00e4knad l\u00e4stid":"1 minut"},"schema":{"@context":"https:\/\/schema.org","@graph":[{"@type":"WebPage","@id":"https:\/\/truusk.store\/sv\/produkt\/truusk-hantelset-2-x-25-kg-2-x-6-viktskivor-med-plastkapa-golvvanlig-svart\/","url":"https:\/\/truusk.store\/sv\/produkt\/truusk-hantelset-2-x-25-kg-2-x-6-viktskivor-med-plastkapa-golvvanlig-svart\/","name":"TRUUSK Hantelset 2 X 25 Kg - 2 X 6 Viktskivor Med Plastk\u00e5pa - Golvv\u00e4nlig - Svart - TRUUSK - Hem, Tr\u00e4dg\u00e5rd &amp; Fritid","isPartOf":{"@id":"https:\/\/truusk.store\/sv\/#website"},"primaryImageOfPage":{"@id":"https:\/\/truusk.store\/sv\/produkt\/truusk-hantelset-2-x-25-kg-2-x-6-viktskivor-med-plastkapa-golvvanlig-svart\/#primaryimage"},"image":{"@id":"https:\/\/truusk.store\/sv\/produkt\/truusk-hantelset-2-x-25-kg-2-x-6-viktskivor-med-plastkapa-golvvanlig-svart\/#primaryimage"},"thumbnailUrl":"https:\/\/i0.wp.com\/truusk.store\/wp-content\/uploads\/2024\/02\/hantelset-2-x-25-kg-2-x-6-viktskivor-med-plastkapa-golvvanlig-svart.webp?fit=800%2C800&ssl=1","datePublished":"2024-02-13T16:03:11+00:00","dateModified":"2026-03-12T08:05:15+00:00","breadcrumb":{"@id":"https:\/\/truusk.store\/sv\/produkt\/truusk-hantelset-2-x-25-kg-2-x-6-viktskivor-med-plastkapa-golvvanlig-svart\/#breadcrumb"},"inLanguage":"sv-SE","potentialAction":[{"@type":"ReadAction","target":["https:\/\/truusk.store\/sv\/produkt\/truusk-hantelset-2-x-25-kg-2-x-6-viktskivor-med-plastkapa-golvvanlig-svart\/"]}]},{"@type":"ImageObject","inLanguage":"sv-SE","@id":"https:\/\/truusk.store\/sv\/produkt\/truusk-hantelset-2-x-25-kg-2-x-6-viktskivor-med-plastkapa-golvvanlig-svart\/#primaryimage","url":"https:\/\/i0.wp.com\/truusk.store\/wp-content\/uploads\/2024\/02\/hantelset-2-x-25-kg-2-x-6-viktskivor-med-plastkapa-golvvanlig-svart.webp?fit=800%2C800&ssl=1","contentUrl":"https:\/\/i0.wp.com\/truusk.store\/wp-content\/uploads\/2024\/02\/hantelset-2-x-25-kg-2-x-6-viktskivor-med-plastkapa-golvvanlig-svart.webp?fit=800%2C800&ssl=1","width":800,"height":800,"caption":"Hantelset 2 X 25 Kg, 2 X 6 Viktskivor Med Plastk\u00e5pa, Golvv\u00e4nlig, Svart 1"},{"@type":"BreadcrumbList","@id":"https:\/\/truusk.store\/sv\/produkt\/truusk-hantelset-2-x-25-kg-2-x-6-viktskivor-med-plastkapa-golvvanlig-svart\/#breadcrumb","itemListElement":[{"@type":"ListItem","position":1,"name":"Home","item":"https:\/\/truusk.store\/sv\/"},{"@type":"ListItem","position":2,"name":"Shop","item":"https:\/\/truusk.store\/shop\/"},{"@type":"ListItem","position":3,"name":"TRUUSK Hantelset 2 X 25 Kg &#8211; 2 X 6 Viktskivor Med Plastk\u00e5pa &#8211; Golvv\u00e4nlig &#8211; Svart"}]},{"@type":"WebSite","@id":"https:\/\/truusk.store\/sv\/#website","url":"https:\/\/truusk.store\/sv\/","name":"TRUUSK - Hem, Tr\u00e4dg\u00e5rd & Fritid","description":"","publisher":{"@id":"https:\/\/truusk.store\/sv\/#organization"},"potentialAction":[{"@type":"SearchAction","target":{"@type":"EntryPoint","urlTemplate":"https:\/\/truusk.store\/sv\/?s={search_term_string}"},"query-input":{"@type":"PropertyValueSpecification","valueRequired":true,"valueName":"search_term_string"}}],"inLanguage":"sv-SE"},{"@type":"Organization","@id":"https:\/\/truusk.store\/sv\/#organization","name":"TRUUSK - Hem, Tr\u00e4dg\u00e5rd & Fritid","url":"https:\/\/truusk.store\/sv\/","logo":{"@type":"ImageObject","inLanguage":"sv-SE","@id":"https:\/\/truusk.store\/sv\/#\/schema\/logo\/image\/","url":"https:\/\/i0.wp.com\/truusk.store\/wp-content\/uploads\/2026\/03\/cropped-TRUUSK.png?fit=2032%2C917&ssl=1","contentUrl":"https:\/\/i0.wp.com\/truusk.store\/wp-content\/uploads\/2026\/03\/cropped-TRUUSK.png?fit=2032%2C917&ssl=1","width":2032,"height":917,"caption":"TRUUSK - Hem, Tr\u00e4dg\u00e5rd & Fritid"},"image":{"@id":"https:\/\/truusk.store\/sv\/#\/schema\/logo\/image\/"}}]}},"jetpack_sharing_enabled":true,"_links":{"self":[{"href":"https:\/\/truusk.store\/sv\/wp-json\/wp\/v2\/product\/23747","targetHints":{"allow":["GET"]}}],"collection":[{"href":"https:\/\/truusk.store\/sv\/wp-json\/wp\/v2\/product"}],"about":[{"href":"https:\/\/truusk.store\/sv\/wp-json\/wp\/v2\/types\/product"}],"wp:featuredmedia":[{"embeddable":true,"href":"https:\/\/truusk.store\/sv\/wp-json\/wp\/v2\/media\/23748"}],"wp:attachment":[{"href":"https:\/\/truusk.store\/sv\/wp-json\/wp\/v2\/media?parent=23747"}],"wp:term":[{"taxonomy":"product_brand","embeddable":true,"href":"https:\/\/truusk.store\/sv\/wp-json\/wp\/v2\/product_brand?post=23747"},{"taxonomy":"product_cat","embeddable":true,"href":"https:\/\/truusk.store\/sv\/wp-json\/wp\/v2\/product_cat?post=23747"},{"taxonomy":"product_tag","embeddable":true,"href":"https:\/\/truusk.store\/sv\/wp-json\/wp\/v2\/product_tag?post=23747"}],"curies":[{"name":"wp","href":"https:\/\/api.w.org\/{rel}","templated":true}]}}