{"id":23781,"date":"2024-02-13T17:04:11","date_gmt":"2024-02-13T16:04:11","guid":{"rendered":"https:\/\/truusk.store\/product\/campingtaltset-for-2-personer-med-taltsang-och-luftmadrass-gron\/"},"modified":"2026-03-12T09:05:18","modified_gmt":"2026-03-12T08:05:18","slug":"truusk-campingtaltset-for-2-personer-taltsang-och-luftmadrass-gron","status":"publish","type":"product","link":"https:\/\/truusk.store\/sv\/produkt\/truusk-campingtaltset-for-2-personer-taltsang-och-luftmadrass-gron\/","title":{"rendered":"TRUUSK Campingt\u00e4ltset f\u00f6r 2 Personer &#8211; T\u00e4lts\u00e4ng och Luftmadrass &#8211; Gr\u00f6n"},"content":{"rendered":"<p>Det allsidiga, bekymmersfria paketet f\u00f6r natur\u00e4lskare! Med v\u00e5rt campingb\u00e4ddset \u00e4r du och din partner v\u00e4l rustade f\u00f6r din n\u00e4sta resa. Detta set inneh\u00e5ller en t\u00e4lts\u00e4ng, t\u00e4lt, luftmadrass och filt f\u00f6r 2 personer. Tack vare det isolerande luftlagret och avst\u00e5ndet fr\u00e5n golvet \u00e4r du utm\u00e4rkt skyddad mot kyla och fukt. Den v\u00e4derbest\u00e4ndiga presenningen och de praktiska meshf\u00f6nstren skyddar dig ocks\u00e5 fr\u00e5n sol och insekter.<\/p>\n<h3>Beskrivning:<\/h3>\n<ul>\n<li>Multifunktionell campingset f\u00f6r tv\u00e5 personer<\/li>\n<li>Inkluderar 1 t\u00e4lts\u00e4ng, 1 t\u00e4lt, 1 luftmadrass och en filt<\/li>\n<li>Stabil aluminiumstomme och v\u00e4derbest\u00e4ndig t\u00e4ltpresenning<\/li>\n<li>Tillr\u00e4ckligt avst\u00e5nd fr\u00e5n golvet f\u00f6r att skydda mot kyla och fukt<\/li>\n<li>Tv\u00e5 n\u00e4tf\u00f6nster ger bra ventilation och h\u00e5ller insekter ute<\/li>\n<li>Dragkedja f\u00f6r att komma in och ut<\/li>\n<li>Inkluderar fotpump f\u00f6r snabb uppbl\u00e5sning<\/li>\n<li>Med b\u00e4rv\u00e4ska, l\u00e4tt att b\u00e4ra<\/li>\n<\/ul>\n<h3>Teknisk data:<\/h3>\n<ul>\n<li>Material: taft, Oxfordduk, aluminiumlegering, st\u00e5l<\/li>\n<li>M\u00e5tt (t\u00e4lt): L193 x B145 x H180 cm<\/li>\n<li>M\u00e5tt (s\u00e4ng): L193 x B136 x H42 cm<\/li>\n<li>M\u00e5tt (madrass): L191 x B136 x H20cm<\/li>\n<li>Vikt: 20,5 kg<\/li>\n<li>Max lastkapacitet: 160 kg<\/li>\n<li>F\u00e4rg: gr\u00f6n<\/li>\n<\/ul>\n<h3>Leveransens omfattning:<\/h3>\n<ul>\n<li>1 x t\u00e4lts\u00e4ng<\/li>\n<li>1 x t\u00e4lt<\/li>\n<li>1 x madrass<\/li>\n<li>1 x pump<\/li>\n<li>1 x B\u00e4rv\u00e4ska<\/li>\n<li>1 x Monteringsanvisning<\/li>\n<\/ul>\n","protected":false},"excerpt":{"rendered":"<p>Det allsidiga, bekymmersfria paketet f\u00f6r natur\u00e4lskare! Med v\u00e5rt campingb\u00e4ddset \u00e4r du och din partner v\u00e4l rustade f\u00f6r din n\u00e4sta resa&#8230;.<\/p>\n","protected":false},"featured_media":23782,"template":"","meta":[],"product_brand":[],"product_cat":[648,647,650],"product_tag":[],"class_list":{"0":"post-23781","1":"product","2":"type-product","3":"status-publish","4":"has-post-thumbnail","6":"product_cat-camping-tillbehor","7":"product_cat-sport-fritid","8":"product_cat-talt","10":"first","11":"instock","12":"sale","13":"taxable","14":"shipping-taxable","15":"purchasable","16":"product-type-simple"},"yoast_head":"<!-- This site is optimized with the Yoast SEO plugin v25.4 - https:\/\/yoast.com\/wordpress\/plugins\/seo\/ -->\n<title>TRUUSK Campingt\u00e4ltset f\u00f6r 2 Personer - T\u00e4lts\u00e4ng och Luftmadrass - Gr\u00f6n - TRUUSK - Hem, Tr\u00e4dg\u00e5rd &amp; Fritid<\/title>\n<meta name=\"robots\" content=\"index, follow, max-snippet:-1, max-image-preview:large, max-video-preview:-1\" \/>\n<link rel=\"canonical\" href=\"https:\/\/truusk.store\/sv\/produkt\/truusk-campingtaltset-for-2-personer-taltsang-och-luftmadrass-gron\/\" \/>\n<meta property=\"og:locale\" content=\"sv_SE\" \/>\n<meta property=\"og:type\" content=\"article\" \/>\n<meta property=\"og:title\" content=\"TRUUSK Campingt\u00e4ltset f\u00f6r 2 Personer - T\u00e4lts\u00e4ng och Luftmadrass - Gr\u00f6n - TRUUSK - Hem, Tr\u00e4dg\u00e5rd &amp; Fritid\" \/>\n<meta property=\"og:description\" content=\"Det allsidiga, bekymmersfria paketet f\u00f6r natur\u00e4lskare! Med v\u00e5rt campingb\u00e4ddset \u00e4r du och din partner v\u00e4l rustade f\u00f6r din n\u00e4sta resa....\" \/>\n<meta property=\"og:url\" content=\"https:\/\/truusk.store\/sv\/produkt\/truusk-campingtaltset-for-2-personer-taltsang-och-luftmadrass-gron\/\" \/>\n<meta property=\"og:site_name\" content=\"TRUUSK - Hem, Tr\u00e4dg\u00e5rd &amp; Fritid\" \/>\n<meta property=\"article:modified_time\" content=\"2026-03-12T08:05:18+00:00\" \/>\n<meta property=\"og:image\" content=\"https:\/\/i0.wp.com\/truusk.se\/wp-content\/uploads\/2024\/02\/campingtaltset-for-2-personer-med-taltsang-och-luftmadrass-gron.webp?fit=800%2C800&ssl=1\" \/>\n\t<meta property=\"og:image:width\" content=\"800\" \/>\n\t<meta property=\"og:image:height\" content=\"800\" \/>\n\t<meta property=\"og:image:type\" content=\"image\/webp\" \/>\n<meta name=\"twitter:card\" content=\"summary_large_image\" \/>\n<meta name=\"twitter:label1\" content=\"Ber\u00e4knad l\u00e4stid\" \/>\n\t<meta name=\"twitter:data1\" content=\"1 minut\" \/>\n<!-- \/ Yoast SEO plugin. -->","yoast_head_json":{"title":"TRUUSK Campingt\u00e4ltset f\u00f6r 2 Personer - T\u00e4lts\u00e4ng och Luftmadrass - Gr\u00f6n - TRUUSK - Hem, Tr\u00e4dg\u00e5rd &amp; Fritid","robots":{"index":"index","follow":"follow","max-snippet":"max-snippet:-1","max-image-preview":"max-image-preview:large","max-video-preview":"max-video-preview:-1"},"canonical":"https:\/\/truusk.store\/sv\/produkt\/truusk-campingtaltset-for-2-personer-taltsang-och-luftmadrass-gron\/","og_locale":"sv_SE","og_type":"article","og_title":"TRUUSK Campingt\u00e4ltset f\u00f6r 2 Personer - T\u00e4lts\u00e4ng och Luftmadrass - Gr\u00f6n - TRUUSK - Hem, Tr\u00e4dg\u00e5rd &amp; Fritid","og_description":"Det allsidiga, bekymmersfria paketet f\u00f6r natur\u00e4lskare! Med v\u00e5rt campingb\u00e4ddset \u00e4r du och din partner v\u00e4l rustade f\u00f6r din n\u00e4sta resa....","og_url":"https:\/\/truusk.store\/sv\/produkt\/truusk-campingtaltset-for-2-personer-taltsang-och-luftmadrass-gron\/","og_site_name":"TRUUSK - Hem, Tr\u00e4dg\u00e5rd &amp; Fritid","article_modified_time":"2026-03-12T08:05:18+00:00","og_image":[{"width":800,"height":800,"url":"https:\/\/i0.wp.com\/truusk.se\/wp-content\/uploads\/2024\/02\/campingtaltset-for-2-personer-med-taltsang-och-luftmadrass-gron.webp?fit=800%2C800&ssl=1","type":"image\/webp"}],"twitter_card":"summary_large_image","twitter_misc":{"Ber\u00e4knad l\u00e4stid":"1 minut"},"schema":{"@context":"https:\/\/schema.org","@graph":[{"@type":"WebPage","@id":"https:\/\/truusk.store\/sv\/produkt\/truusk-campingtaltset-for-2-personer-taltsang-och-luftmadrass-gron\/","url":"https:\/\/truusk.store\/sv\/produkt\/truusk-campingtaltset-for-2-personer-taltsang-och-luftmadrass-gron\/","name":"TRUUSK Campingt\u00e4ltset f\u00f6r 2 Personer - T\u00e4lts\u00e4ng och Luftmadrass - Gr\u00f6n - TRUUSK - Hem, Tr\u00e4dg\u00e5rd &amp; Fritid","isPartOf":{"@id":"https:\/\/truusk.store\/sv\/#website"},"primaryImageOfPage":{"@id":"https:\/\/truusk.store\/sv\/produkt\/truusk-campingtaltset-for-2-personer-taltsang-och-luftmadrass-gron\/#primaryimage"},"image":{"@id":"https:\/\/truusk.store\/sv\/produkt\/truusk-campingtaltset-for-2-personer-taltsang-och-luftmadrass-gron\/#primaryimage"},"thumbnailUrl":"https:\/\/i0.wp.com\/truusk.store\/wp-content\/uploads\/2024\/02\/campingtaltset-for-2-personer-med-taltsang-och-luftmadrass-gron.webp?fit=800%2C800&ssl=1","datePublished":"2024-02-13T16:04:11+00:00","dateModified":"2026-03-12T08:05:18+00:00","breadcrumb":{"@id":"https:\/\/truusk.store\/sv\/produkt\/truusk-campingtaltset-for-2-personer-taltsang-och-luftmadrass-gron\/#breadcrumb"},"inLanguage":"sv-SE","potentialAction":[{"@type":"ReadAction","target":["https:\/\/truusk.store\/sv\/produkt\/truusk-campingtaltset-for-2-personer-taltsang-och-luftmadrass-gron\/"]}]},{"@type":"ImageObject","inLanguage":"sv-SE","@id":"https:\/\/truusk.store\/sv\/produkt\/truusk-campingtaltset-for-2-personer-taltsang-och-luftmadrass-gron\/#primaryimage","url":"https:\/\/i0.wp.com\/truusk.store\/wp-content\/uploads\/2024\/02\/campingtaltset-for-2-personer-med-taltsang-och-luftmadrass-gron.webp?fit=800%2C800&ssl=1","contentUrl":"https:\/\/i0.wp.com\/truusk.store\/wp-content\/uploads\/2024\/02\/campingtaltset-for-2-personer-med-taltsang-och-luftmadrass-gron.webp?fit=800%2C800&ssl=1","width":800,"height":800,"caption":"Campingt\u00e4ltset F\u00f6r 2 Personer Med T\u00e4lts\u00e4ng Och Luftmadrass Gr\u00f6n 1"},{"@type":"BreadcrumbList","@id":"https:\/\/truusk.store\/sv\/produkt\/truusk-campingtaltset-for-2-personer-taltsang-och-luftmadrass-gron\/#breadcrumb","itemListElement":[{"@type":"ListItem","position":1,"name":"Home","item":"https:\/\/truusk.store\/sv\/"},{"@type":"ListItem","position":2,"name":"Shop","item":"https:\/\/truusk.store\/shop\/"},{"@type":"ListItem","position":3,"name":"TRUUSK Campingt\u00e4ltset f\u00f6r 2 Personer &#8211; T\u00e4lts\u00e4ng och Luftmadrass &#8211; Gr\u00f6n"}]},{"@type":"WebSite","@id":"https:\/\/truusk.store\/sv\/#website","url":"https:\/\/truusk.store\/sv\/","name":"TRUUSK - Hem, Tr\u00e4dg\u00e5rd & Fritid","description":"","publisher":{"@id":"https:\/\/truusk.store\/sv\/#organization"},"potentialAction":[{"@type":"SearchAction","target":{"@type":"EntryPoint","urlTemplate":"https:\/\/truusk.store\/sv\/?s={search_term_string}"},"query-input":{"@type":"PropertyValueSpecification","valueRequired":true,"valueName":"search_term_string"}}],"inLanguage":"sv-SE"},{"@type":"Organization","@id":"https:\/\/truusk.store\/sv\/#organization","name":"TRUUSK - Hem, Tr\u00e4dg\u00e5rd & Fritid","url":"https:\/\/truusk.store\/sv\/","logo":{"@type":"ImageObject","inLanguage":"sv-SE","@id":"https:\/\/truusk.store\/sv\/#\/schema\/logo\/image\/","url":"https:\/\/i0.wp.com\/truusk.store\/wp-content\/uploads\/2026\/03\/cropped-TRUUSK.png?fit=2032%2C917&ssl=1","contentUrl":"https:\/\/i0.wp.com\/truusk.store\/wp-content\/uploads\/2026\/03\/cropped-TRUUSK.png?fit=2032%2C917&ssl=1","width":2032,"height":917,"caption":"TRUUSK - Hem, Tr\u00e4dg\u00e5rd & Fritid"},"image":{"@id":"https:\/\/truusk.store\/sv\/#\/schema\/logo\/image\/"}}]}},"jetpack_sharing_enabled":true,"_links":{"self":[{"href":"https:\/\/truusk.store\/sv\/wp-json\/wp\/v2\/product\/23781","targetHints":{"allow":["GET"]}}],"collection":[{"href":"https:\/\/truusk.store\/sv\/wp-json\/wp\/v2\/product"}],"about":[{"href":"https:\/\/truusk.store\/sv\/wp-json\/wp\/v2\/types\/product"}],"wp:featuredmedia":[{"embeddable":true,"href":"https:\/\/truusk.store\/sv\/wp-json\/wp\/v2\/media\/23782"}],"wp:attachment":[{"href":"https:\/\/truusk.store\/sv\/wp-json\/wp\/v2\/media?parent=23781"}],"wp:term":[{"taxonomy":"product_brand","embeddable":true,"href":"https:\/\/truusk.store\/sv\/wp-json\/wp\/v2\/product_brand?post=23781"},{"taxonomy":"product_cat","embeddable":true,"href":"https:\/\/truusk.store\/sv\/wp-json\/wp\/v2\/product_cat?post=23781"},{"taxonomy":"product_tag","embeddable":true,"href":"https:\/\/truusk.store\/sv\/wp-json\/wp\/v2\/product_tag?post=23781"}],"curies":[{"name":"wp","href":"https:\/\/api.w.org\/{rel}","templated":true}]}}