{"id":23829,"date":"2024-02-13T17:05:52","date_gmt":"2024-02-13T16:05:52","guid":{"rendered":"https:\/\/truusk.store\/product\/barnfatolj-minifatolj-barnsoffa-for-3-6-ar-liggfunktion-inbyggd-mugghallare-rosa-62-x-56-x-69-cm\/"},"modified":"2026-03-12T09:05:18","modified_gmt":"2026-03-12T08:05:18","slug":"truusk-barnfatolj-minifatolj-for-barn-3-6-ar-liggfunktion-inbyggd-mugghallare-rosa-62-x-56-x-69-cm","status":"publish","type":"product","link":"https:\/\/truusk.store\/sv\/produkt\/truusk-barnfatolj-minifatolj-for-barn-3-6-ar-liggfunktion-inbyggd-mugghallare-rosa-62-x-56-x-69-cm\/","title":{"rendered":"TRUUSK Barnf\u00e5t\u00f6lj &#8211; Minif\u00e5t\u00f6lj f\u00f6r Barn 3-6 \u00e5r &#8211; Liggfunktion &#8211; Inbyggd Muggh\u00e5llare &#8211; Rosa &#8211; 62 x 56 x 69 cm"},"content":{"rendered":"<p>Barn \u00e4lskar absolut att ha sin egen speciella plats att sitta p\u00e5, och den h\u00e4r barnstolen kommer garanterat att ge ditt barn timmar av n\u00f6je. Med en s\u00e4kerhetslutningsmekanism och en inbyggd muggh\u00e5llare, samt en robust ram av l\u00f6vtr\u00e4 och metall, \u00e4r denna barnstol inte bara snygg utan ocks\u00e5 extremt h\u00e5llbar. Det \u00e4r inte bara en fantastisk present, utan du kan vara s\u00e4ker p\u00e5 att den passar perfekt in i alla rum i ditt hem och l\u00e5ter din lilla slappna av i lyx tillsammans med de stora.<\/p>\n<h3>Beskrivning:<\/h3>\n<ul>\n<li>Denna barnsoffa \u00e4r s\u00f6t och kan placeras i vardagsrummet eller sovrummet<\/li>\n<li>Den unika designen och ljusa f\u00e4rgerna kommer att stimulera dina barns fantasi och kreativitet<\/li>\n<li>Den \u00e4r l\u00e4mplig f\u00f6r barn i \u00e5ldrarna 3 till 6 \u00e5r<\/li>\n<li>Sitsen \u00e4r l\u00e4tt att reng\u00f6ra<\/li>\n<li>Plastbenen skyddar ditt golv fr\u00e5n repor<\/li>\n<li>Justerbart ryggst\u00f6d, ryggst\u00f6det kan lutas i valfri vinkel, l\u00e4tt tilt upp till 150<\/li>\n<li>Montering kr\u00e4vs<\/li>\n<\/ul>\n<h3>Teknisk data:<\/h3>\n<ul>\n<li>F\u00e4rg: Rosa<\/li>\n<li>Material: skum, metall, massivt tr\u00e4, konstl\u00e4der<\/li>\n<li>Totala m\u00e5tt (st\u00e5ende): 62W x 56D x 69H cm<\/li>\n<li>Totalm\u00e5tt (liggande): 62W x 94D x 59H cm<\/li>\n<li>Sitsm\u00e5tt: 34,5W x 29D x 37,5H cm<\/li>\n<li>Bruttovikt: 11,2 kg<\/li>\n<li>Skumkudde tjocklek: 5 cm<\/li>\n<li>L\u00e4mplig f\u00f6r barn i \u00e5ldrarna 3-6 \u00e5r<\/li>\n<li>Specifikationer f\u00f6r plastf\u00f6tter: 5 x 6 cm (halkfri typ)<\/li>\n<li>Lastkapacitet: 150 kg<\/li>\n<\/ul>\n<h3>Leveransens omfattning:<\/h3>\n<ul>\n<li>1 x barnf\u00e5t\u00f6lj<\/li>\n<li>1 x Instruktionsbok<\/li>\n<\/ul>\n","protected":false},"excerpt":{"rendered":"<p>Barn \u00e4lskar absolut att ha sin egen speciella plats att sitta p\u00e5, och den h\u00e4r barnstolen kommer garanterat att ge&#8230;<\/p>\n","protected":false},"featured_media":23830,"template":"","meta":[],"product_brand":[],"product_cat":[609,737,631,632],"product_tag":[],"class_list":{"0":"post-23829","1":"product","2":"type-product","3":"status-publish","4":"has-post-thumbnail","6":"product_cat-baby-barn","7":"product_cat-barnfatolj","8":"product_cat-barnmobler","9":"product_cat-sittmobler-for-barn","11":"first","12":"instock","13":"sale","14":"taxable","15":"shipping-taxable","16":"purchasable","17":"product-type-simple"},"yoast_head":"<!-- This site is optimized with the Yoast SEO plugin v25.4 - https:\/\/yoast.com\/wordpress\/plugins\/seo\/ -->\n<title>TRUUSK Barnf\u00e5t\u00f6lj - Minif\u00e5t\u00f6lj f\u00f6r Barn 3-6 \u00e5r - Liggfunktion - Inbyggd Muggh\u00e5llare - Rosa - 62 x 56 x 69 cm - TRUUSK - Hem, Tr\u00e4dg\u00e5rd &amp; Fritid<\/title>\n<meta name=\"robots\" content=\"index, follow, max-snippet:-1, max-image-preview:large, max-video-preview:-1\" \/>\n<link rel=\"canonical\" href=\"https:\/\/truusk.store\/sv\/produkt\/truusk-barnfatolj-minifatolj-for-barn-3-6-ar-liggfunktion-inbyggd-mugghallare-rosa-62-x-56-x-69-cm\/\" \/>\n<meta property=\"og:locale\" content=\"sv_SE\" \/>\n<meta property=\"og:type\" content=\"article\" \/>\n<meta property=\"og:title\" content=\"TRUUSK Barnf\u00e5t\u00f6lj - Minif\u00e5t\u00f6lj f\u00f6r Barn 3-6 \u00e5r - Liggfunktion - Inbyggd Muggh\u00e5llare - Rosa - 62 x 56 x 69 cm - TRUUSK - Hem, Tr\u00e4dg\u00e5rd &amp; Fritid\" \/>\n<meta property=\"og:description\" content=\"Barn \u00e4lskar absolut att ha sin egen speciella plats att sitta p\u00e5, och den h\u00e4r barnstolen kommer garanterat att ge...\" \/>\n<meta property=\"og:url\" content=\"https:\/\/truusk.store\/sv\/produkt\/truusk-barnfatolj-minifatolj-for-barn-3-6-ar-liggfunktion-inbyggd-mugghallare-rosa-62-x-56-x-69-cm\/\" \/>\n<meta property=\"og:site_name\" content=\"TRUUSK - Hem, Tr\u00e4dg\u00e5rd &amp; Fritid\" \/>\n<meta property=\"article:modified_time\" content=\"2026-03-12T08:05:18+00:00\" \/>\n<meta property=\"og:image\" content=\"https:\/\/i0.wp.com\/truusk.se\/wp-content\/uploads\/2024\/02\/barnfatolj-minifatolj-barnsoffa-for-3-6-ar-liggfunktion-inbyggd-mugghallare-rosa-62-x-56-x-69-cm.webp?fit=800%2C800&ssl=1\" \/>\n\t<meta property=\"og:image:width\" content=\"800\" \/>\n\t<meta property=\"og:image:height\" content=\"800\" \/>\n\t<meta property=\"og:image:type\" content=\"image\/webp\" \/>\n<meta name=\"twitter:card\" content=\"summary_large_image\" \/>\n<meta name=\"twitter:label1\" content=\"Ber\u00e4knad l\u00e4stid\" \/>\n\t<meta name=\"twitter:data1\" content=\"1 minut\" \/>\n<!-- \/ Yoast SEO plugin. -->","yoast_head_json":{"title":"TRUUSK Barnf\u00e5t\u00f6lj - Minif\u00e5t\u00f6lj f\u00f6r Barn 3-6 \u00e5r - Liggfunktion - Inbyggd Muggh\u00e5llare - Rosa - 62 x 56 x 69 cm - TRUUSK - Hem, Tr\u00e4dg\u00e5rd &amp; Fritid","robots":{"index":"index","follow":"follow","max-snippet":"max-snippet:-1","max-image-preview":"max-image-preview:large","max-video-preview":"max-video-preview:-1"},"canonical":"https:\/\/truusk.store\/sv\/produkt\/truusk-barnfatolj-minifatolj-for-barn-3-6-ar-liggfunktion-inbyggd-mugghallare-rosa-62-x-56-x-69-cm\/","og_locale":"sv_SE","og_type":"article","og_title":"TRUUSK Barnf\u00e5t\u00f6lj - Minif\u00e5t\u00f6lj f\u00f6r Barn 3-6 \u00e5r - Liggfunktion - Inbyggd Muggh\u00e5llare - Rosa - 62 x 56 x 69 cm - TRUUSK - Hem, Tr\u00e4dg\u00e5rd &amp; Fritid","og_description":"Barn \u00e4lskar absolut att ha sin egen speciella plats att sitta p\u00e5, och den h\u00e4r barnstolen kommer garanterat att ge...","og_url":"https:\/\/truusk.store\/sv\/produkt\/truusk-barnfatolj-minifatolj-for-barn-3-6-ar-liggfunktion-inbyggd-mugghallare-rosa-62-x-56-x-69-cm\/","og_site_name":"TRUUSK - Hem, Tr\u00e4dg\u00e5rd &amp; Fritid","article_modified_time":"2026-03-12T08:05:18+00:00","og_image":[{"width":800,"height":800,"url":"https:\/\/i0.wp.com\/truusk.se\/wp-content\/uploads\/2024\/02\/barnfatolj-minifatolj-barnsoffa-for-3-6-ar-liggfunktion-inbyggd-mugghallare-rosa-62-x-56-x-69-cm.webp?fit=800%2C800&ssl=1","type":"image\/webp"}],"twitter_card":"summary_large_image","twitter_misc":{"Ber\u00e4knad l\u00e4stid":"1 minut"},"schema":{"@context":"https:\/\/schema.org","@graph":[{"@type":"WebPage","@id":"https:\/\/truusk.store\/sv\/produkt\/truusk-barnfatolj-minifatolj-for-barn-3-6-ar-liggfunktion-inbyggd-mugghallare-rosa-62-x-56-x-69-cm\/","url":"https:\/\/truusk.store\/sv\/produkt\/truusk-barnfatolj-minifatolj-for-barn-3-6-ar-liggfunktion-inbyggd-mugghallare-rosa-62-x-56-x-69-cm\/","name":"TRUUSK Barnf\u00e5t\u00f6lj - Minif\u00e5t\u00f6lj f\u00f6r Barn 3-6 \u00e5r - Liggfunktion - Inbyggd Muggh\u00e5llare - Rosa - 62 x 56 x 69 cm - TRUUSK - Hem, Tr\u00e4dg\u00e5rd &amp; Fritid","isPartOf":{"@id":"https:\/\/truusk.store\/sv\/#website"},"primaryImageOfPage":{"@id":"https:\/\/truusk.store\/sv\/produkt\/truusk-barnfatolj-minifatolj-for-barn-3-6-ar-liggfunktion-inbyggd-mugghallare-rosa-62-x-56-x-69-cm\/#primaryimage"},"image":{"@id":"https:\/\/truusk.store\/sv\/produkt\/truusk-barnfatolj-minifatolj-for-barn-3-6-ar-liggfunktion-inbyggd-mugghallare-rosa-62-x-56-x-69-cm\/#primaryimage"},"thumbnailUrl":"https:\/\/i0.wp.com\/truusk.store\/wp-content\/uploads\/2024\/02\/barnfatolj-minifatolj-barnsoffa-for-3-6-ar-liggfunktion-inbyggd-mugghallare-rosa-62-x-56-x-69-cm.webp?fit=800%2C800&ssl=1","datePublished":"2024-02-13T16:05:52+00:00","dateModified":"2026-03-12T08:05:18+00:00","breadcrumb":{"@id":"https:\/\/truusk.store\/sv\/produkt\/truusk-barnfatolj-minifatolj-for-barn-3-6-ar-liggfunktion-inbyggd-mugghallare-rosa-62-x-56-x-69-cm\/#breadcrumb"},"inLanguage":"sv-SE","potentialAction":[{"@type":"ReadAction","target":["https:\/\/truusk.store\/sv\/produkt\/truusk-barnfatolj-minifatolj-for-barn-3-6-ar-liggfunktion-inbyggd-mugghallare-rosa-62-x-56-x-69-cm\/"]}]},{"@type":"ImageObject","inLanguage":"sv-SE","@id":"https:\/\/truusk.store\/sv\/produkt\/truusk-barnfatolj-minifatolj-for-barn-3-6-ar-liggfunktion-inbyggd-mugghallare-rosa-62-x-56-x-69-cm\/#primaryimage","url":"https:\/\/i0.wp.com\/truusk.store\/wp-content\/uploads\/2024\/02\/barnfatolj-minifatolj-barnsoffa-for-3-6-ar-liggfunktion-inbyggd-mugghallare-rosa-62-x-56-x-69-cm.webp?fit=800%2C800&ssl=1","contentUrl":"https:\/\/i0.wp.com\/truusk.store\/wp-content\/uploads\/2024\/02\/barnfatolj-minifatolj-barnsoffa-for-3-6-ar-liggfunktion-inbyggd-mugghallare-rosa-62-x-56-x-69-cm.webp?fit=800%2C800&ssl=1","width":800,"height":800,"caption":"Barnf\u00e5t\u00f6lj, Minif\u00e5t\u00f6lj, Barnsoffa F\u00f6r 3-6 \u00e5r, Liggfunktion, Inbyggd Muggh\u00e5llare, Rosa, 62 X 56 X 69 Cm 1"},{"@type":"BreadcrumbList","@id":"https:\/\/truusk.store\/sv\/produkt\/truusk-barnfatolj-minifatolj-for-barn-3-6-ar-liggfunktion-inbyggd-mugghallare-rosa-62-x-56-x-69-cm\/#breadcrumb","itemListElement":[{"@type":"ListItem","position":1,"name":"Home","item":"https:\/\/truusk.store\/sv\/"},{"@type":"ListItem","position":2,"name":"Shop","item":"https:\/\/truusk.store\/shop\/"},{"@type":"ListItem","position":3,"name":"TRUUSK Barnf\u00e5t\u00f6lj &#8211; Minif\u00e5t\u00f6lj f\u00f6r Barn 3-6 \u00e5r &#8211; Liggfunktion &#8211; Inbyggd Muggh\u00e5llare &#8211; Rosa &#8211; 62 x 56 x 69 cm"}]},{"@type":"WebSite","@id":"https:\/\/truusk.store\/sv\/#website","url":"https:\/\/truusk.store\/sv\/","name":"TRUUSK - Hem, Tr\u00e4dg\u00e5rd & Fritid","description":"","publisher":{"@id":"https:\/\/truusk.store\/sv\/#organization"},"potentialAction":[{"@type":"SearchAction","target":{"@type":"EntryPoint","urlTemplate":"https:\/\/truusk.store\/sv\/?s={search_term_string}"},"query-input":{"@type":"PropertyValueSpecification","valueRequired":true,"valueName":"search_term_string"}}],"inLanguage":"sv-SE"},{"@type":"Organization","@id":"https:\/\/truusk.store\/sv\/#organization","name":"TRUUSK - Hem, Tr\u00e4dg\u00e5rd & Fritid","url":"https:\/\/truusk.store\/sv\/","logo":{"@type":"ImageObject","inLanguage":"sv-SE","@id":"https:\/\/truusk.store\/sv\/#\/schema\/logo\/image\/","url":"https:\/\/i0.wp.com\/truusk.store\/wp-content\/uploads\/2026\/03\/cropped-TRUUSK.png?fit=2032%2C917&ssl=1","contentUrl":"https:\/\/i0.wp.com\/truusk.store\/wp-content\/uploads\/2026\/03\/cropped-TRUUSK.png?fit=2032%2C917&ssl=1","width":2032,"height":917,"caption":"TRUUSK - Hem, Tr\u00e4dg\u00e5rd & Fritid"},"image":{"@id":"https:\/\/truusk.store\/sv\/#\/schema\/logo\/image\/"}}]}},"jetpack_sharing_enabled":true,"_links":{"self":[{"href":"https:\/\/truusk.store\/sv\/wp-json\/wp\/v2\/product\/23829","targetHints":{"allow":["GET"]}}],"collection":[{"href":"https:\/\/truusk.store\/sv\/wp-json\/wp\/v2\/product"}],"about":[{"href":"https:\/\/truusk.store\/sv\/wp-json\/wp\/v2\/types\/product"}],"wp:featuredmedia":[{"embeddable":true,"href":"https:\/\/truusk.store\/sv\/wp-json\/wp\/v2\/media\/23830"}],"wp:attachment":[{"href":"https:\/\/truusk.store\/sv\/wp-json\/wp\/v2\/media?parent=23829"}],"wp:term":[{"taxonomy":"product_brand","embeddable":true,"href":"https:\/\/truusk.store\/sv\/wp-json\/wp\/v2\/product_brand?post=23829"},{"taxonomy":"product_cat","embeddable":true,"href":"https:\/\/truusk.store\/sv\/wp-json\/wp\/v2\/product_cat?post=23829"},{"taxonomy":"product_tag","embeddable":true,"href":"https:\/\/truusk.store\/sv\/wp-json\/wp\/v2\/product_tag?post=23829"}],"curies":[{"name":"wp","href":"https:\/\/api.w.org\/{rel}","templated":true}]}}