{"id":23898,"date":"2024-02-13T17:07:52","date_gmt":"2024-02-13T16:07:52","guid":{"rendered":"https:\/\/truusk.store\/product\/massagebank-med-nackstod-hopfallbart-boktra-barbart-massagebank-natur-svart\/"},"modified":"2026-03-12T09:05:19","modified_gmt":"2026-03-12T08:05:19","slug":"truusk-hopfallbar-massagebank-med-nackstod-boktra-barbar-natur-svart","status":"publish","type":"product","link":"https:\/\/truusk.store\/sv\/produkt\/truusk-hopfallbar-massagebank-med-nackstod-boktra-barbar-natur-svart\/","title":{"rendered":"TRUUSK Hopf\u00e4llbar Massageb\u00e4nk med Nackst\u00f6d &#8211; Boktr\u00e4 &#8211; B\u00e4rbar &#8211; Natur + Svart"},"content":{"rendered":"<p>Detta b\u00e4rbara massagebord \u00e4r idealiskt f\u00f6r massage och spabehandlingar. Solstolen \u00e4r tillverkad av robust boktr\u00e4 och har en lastkapacitet p\u00e5 250 kg. Solstolen \u00e4r stadigt men mjukt vadderad och ovandelen \u00e4r gjord av syntetiskt l\u00e4der. H\u00f6jden p\u00e5 bordet \u00e4r justerbar och \u00e4r perfekt f\u00f6r l\u00e4kare och klienter av alla storlekar. Med sin hopf\u00e4llbara design kan solstolen f\u00f6rvaras f\u00f6r att spara utrymme och ta med dig n\u00e4r du reser.<\/p>\n<h3>Beskrivning:<\/h3>\n<ul>\n<li>Vikbar och l\u00e4tt att transportera<\/li>\n<li>Enkel montering, inga verktyg kr\u00e4vs<\/li>\n<li>Lutningsvinkeln p\u00e5 nackst\u00f6det \u00e4r justerbar<\/li>\n<li>Bredden p\u00e5 de tv\u00e5 armst\u00f6den kan justeras individuellt<\/li>\n<li>Perfekt f\u00f6r hemmabruk och att ta med sig p\u00e5 resan<\/li>\n<li>Ramen \u00e4r gjord av boktr\u00e4 f\u00f6r \u00f6kad stabilitet<\/li>\n<li>Detta massageb\u00e4nk erbjuder kvalitet, h\u00e5llbarhet och bra valuta f\u00f6r pengarna<\/li>\n<li>Inkluderar b\u00e4rv\u00e4ska<\/li>\n<\/ul>\n<h3>Teknisk data:<\/h3>\n<ul>\n<li>Svart f\u00e4rg<\/li>\n<li>Material: boktr\u00e4, konstl\u00e4der<\/li>\n<li>Max belastning: 250 kg<\/li>\n<li>M\u00e5tt: 185L x 60W x 61-88H cm<\/li>\n<li>Justerbar h\u00f6jd: 61-88cm<\/li>\n<li>Tjocklek i konstl\u00e4der: 0,8 mm<\/li>\n<li>Svamptjocklek: 4 cm<\/li>\n<li>Inkluderar presentp\u00e5se<\/li>\n<\/ul>\n<h3>Leveransens omfattning:<\/h3>\n<ul>\n<li>1 x massageb\u00e4nk;<\/li>\n<\/ul>\n","protected":false},"excerpt":{"rendered":"<p>Detta b\u00e4rbara massagebord \u00e4r idealiskt f\u00f6r massage och spabehandlingar. Solstolen \u00e4r tillverkad av robust boktr\u00e4 och har en lastkapacitet p\u00e5&#8230;<\/p>\n","protected":false},"featured_media":23899,"template":"","meta":[],"product_brand":[],"product_cat":[562,485],"product_tag":[],"class_list":{"0":"post-23898","1":"product","2":"type-product","3":"status-publish","4":"has-post-thumbnail","6":"product_cat-halsa-och-rorlighet","7":"product_cat-hus-bo","9":"first","10":"instock","11":"sale","12":"taxable","13":"shipping-taxable","14":"purchasable","15":"product-type-simple"},"yoast_head":"<!-- This site is optimized with the Yoast SEO plugin v25.4 - https:\/\/yoast.com\/wordpress\/plugins\/seo\/ -->\n<title>TRUUSK Hopf\u00e4llbar Massageb\u00e4nk med Nackst\u00f6d - Boktr\u00e4 - B\u00e4rbar - Natur + Svart - TRUUSK - Hem, Tr\u00e4dg\u00e5rd &amp; Fritid<\/title>\n<meta name=\"robots\" content=\"index, follow, max-snippet:-1, max-image-preview:large, max-video-preview:-1\" \/>\n<link rel=\"canonical\" href=\"https:\/\/truusk.store\/sv\/produkt\/truusk-hopfallbar-massagebank-med-nackstod-boktra-barbar-natur-svart\/\" \/>\n<meta property=\"og:locale\" content=\"sv_SE\" \/>\n<meta property=\"og:type\" content=\"article\" \/>\n<meta property=\"og:title\" content=\"TRUUSK Hopf\u00e4llbar Massageb\u00e4nk med Nackst\u00f6d - Boktr\u00e4 - B\u00e4rbar - Natur + Svart - TRUUSK - Hem, Tr\u00e4dg\u00e5rd &amp; Fritid\" \/>\n<meta property=\"og:description\" content=\"Detta b\u00e4rbara massagebord \u00e4r idealiskt f\u00f6r massage och spabehandlingar. Solstolen \u00e4r tillverkad av robust boktr\u00e4 och har en lastkapacitet p\u00e5...\" \/>\n<meta property=\"og:url\" content=\"https:\/\/truusk.store\/sv\/produkt\/truusk-hopfallbar-massagebank-med-nackstod-boktra-barbar-natur-svart\/\" \/>\n<meta property=\"og:site_name\" content=\"TRUUSK - Hem, Tr\u00e4dg\u00e5rd &amp; Fritid\" \/>\n<meta property=\"article:modified_time\" content=\"2026-03-12T08:05:19+00:00\" \/>\n<meta property=\"og:image\" content=\"https:\/\/i0.wp.com\/truusk.se\/wp-content\/uploads\/2024\/02\/massagebank-med-nackstod-hopfallbart-boktra-barbart-massagebank-natur-svart.webp?fit=800%2C800&ssl=1\" \/>\n\t<meta property=\"og:image:width\" content=\"800\" \/>\n\t<meta property=\"og:image:height\" content=\"800\" \/>\n\t<meta property=\"og:image:type\" content=\"image\/webp\" \/>\n<meta name=\"twitter:card\" content=\"summary_large_image\" \/>\n<meta name=\"twitter:label1\" content=\"Ber\u00e4knad l\u00e4stid\" \/>\n\t<meta name=\"twitter:data1\" content=\"1 minut\" \/>\n<!-- \/ Yoast SEO plugin. -->","yoast_head_json":{"title":"TRUUSK Hopf\u00e4llbar Massageb\u00e4nk med Nackst\u00f6d - Boktr\u00e4 - B\u00e4rbar - Natur + Svart - TRUUSK - Hem, Tr\u00e4dg\u00e5rd &amp; Fritid","robots":{"index":"index","follow":"follow","max-snippet":"max-snippet:-1","max-image-preview":"max-image-preview:large","max-video-preview":"max-video-preview:-1"},"canonical":"https:\/\/truusk.store\/sv\/produkt\/truusk-hopfallbar-massagebank-med-nackstod-boktra-barbar-natur-svart\/","og_locale":"sv_SE","og_type":"article","og_title":"TRUUSK Hopf\u00e4llbar Massageb\u00e4nk med Nackst\u00f6d - Boktr\u00e4 - B\u00e4rbar - Natur + Svart - TRUUSK - Hem, Tr\u00e4dg\u00e5rd &amp; Fritid","og_description":"Detta b\u00e4rbara massagebord \u00e4r idealiskt f\u00f6r massage och spabehandlingar. Solstolen \u00e4r tillverkad av robust boktr\u00e4 och har en lastkapacitet p\u00e5...","og_url":"https:\/\/truusk.store\/sv\/produkt\/truusk-hopfallbar-massagebank-med-nackstod-boktra-barbar-natur-svart\/","og_site_name":"TRUUSK - Hem, Tr\u00e4dg\u00e5rd &amp; Fritid","article_modified_time":"2026-03-12T08:05:19+00:00","og_image":[{"width":800,"height":800,"url":"https:\/\/i0.wp.com\/truusk.se\/wp-content\/uploads\/2024\/02\/massagebank-med-nackstod-hopfallbart-boktra-barbart-massagebank-natur-svart.webp?fit=800%2C800&ssl=1","type":"image\/webp"}],"twitter_card":"summary_large_image","twitter_misc":{"Ber\u00e4knad l\u00e4stid":"1 minut"},"schema":{"@context":"https:\/\/schema.org","@graph":[{"@type":"WebPage","@id":"https:\/\/truusk.store\/sv\/produkt\/truusk-hopfallbar-massagebank-med-nackstod-boktra-barbar-natur-svart\/","url":"https:\/\/truusk.store\/sv\/produkt\/truusk-hopfallbar-massagebank-med-nackstod-boktra-barbar-natur-svart\/","name":"TRUUSK Hopf\u00e4llbar Massageb\u00e4nk med Nackst\u00f6d - Boktr\u00e4 - B\u00e4rbar - Natur + Svart - TRUUSK - Hem, Tr\u00e4dg\u00e5rd &amp; Fritid","isPartOf":{"@id":"https:\/\/truusk.store\/sv\/#website"},"primaryImageOfPage":{"@id":"https:\/\/truusk.store\/sv\/produkt\/truusk-hopfallbar-massagebank-med-nackstod-boktra-barbar-natur-svart\/#primaryimage"},"image":{"@id":"https:\/\/truusk.store\/sv\/produkt\/truusk-hopfallbar-massagebank-med-nackstod-boktra-barbar-natur-svart\/#primaryimage"},"thumbnailUrl":"https:\/\/i0.wp.com\/truusk.store\/wp-content\/uploads\/2024\/02\/massagebank-med-nackstod-hopfallbart-boktra-barbart-massagebank-natur-svart.webp?fit=800%2C800&ssl=1","datePublished":"2024-02-13T16:07:52+00:00","dateModified":"2026-03-12T08:05:19+00:00","breadcrumb":{"@id":"https:\/\/truusk.store\/sv\/produkt\/truusk-hopfallbar-massagebank-med-nackstod-boktra-barbar-natur-svart\/#breadcrumb"},"inLanguage":"sv-SE","potentialAction":[{"@type":"ReadAction","target":["https:\/\/truusk.store\/sv\/produkt\/truusk-hopfallbar-massagebank-med-nackstod-boktra-barbar-natur-svart\/"]}]},{"@type":"ImageObject","inLanguage":"sv-SE","@id":"https:\/\/truusk.store\/sv\/produkt\/truusk-hopfallbar-massagebank-med-nackstod-boktra-barbar-natur-svart\/#primaryimage","url":"https:\/\/i0.wp.com\/truusk.store\/wp-content\/uploads\/2024\/02\/massagebank-med-nackstod-hopfallbart-boktra-barbart-massagebank-natur-svart.webp?fit=800%2C800&ssl=1","contentUrl":"https:\/\/i0.wp.com\/truusk.store\/wp-content\/uploads\/2024\/02\/massagebank-med-nackstod-hopfallbart-boktra-barbart-massagebank-natur-svart.webp?fit=800%2C800&ssl=1","width":800,"height":800,"caption":"Massageb\u00e4nk Med Nackst\u00f6d, Hopf\u00e4llbart, Boktr\u00e4, B\u00e4rbart Massageb\u00e4nk, Natur + Svart 1"},{"@type":"BreadcrumbList","@id":"https:\/\/truusk.store\/sv\/produkt\/truusk-hopfallbar-massagebank-med-nackstod-boktra-barbar-natur-svart\/#breadcrumb","itemListElement":[{"@type":"ListItem","position":1,"name":"Home","item":"https:\/\/truusk.store\/sv\/"},{"@type":"ListItem","position":2,"name":"Shop","item":"https:\/\/truusk.store\/shop\/"},{"@type":"ListItem","position":3,"name":"TRUUSK Hopf\u00e4llbar Massageb\u00e4nk med Nackst\u00f6d &#8211; Boktr\u00e4 &#8211; B\u00e4rbar &#8211; Natur + Svart"}]},{"@type":"WebSite","@id":"https:\/\/truusk.store\/sv\/#website","url":"https:\/\/truusk.store\/sv\/","name":"TRUUSK - Hem, Tr\u00e4dg\u00e5rd & Fritid","description":"","publisher":{"@id":"https:\/\/truusk.store\/sv\/#organization"},"potentialAction":[{"@type":"SearchAction","target":{"@type":"EntryPoint","urlTemplate":"https:\/\/truusk.store\/sv\/?s={search_term_string}"},"query-input":{"@type":"PropertyValueSpecification","valueRequired":true,"valueName":"search_term_string"}}],"inLanguage":"sv-SE"},{"@type":"Organization","@id":"https:\/\/truusk.store\/sv\/#organization","name":"TRUUSK - Hem, Tr\u00e4dg\u00e5rd & Fritid","url":"https:\/\/truusk.store\/sv\/","logo":{"@type":"ImageObject","inLanguage":"sv-SE","@id":"https:\/\/truusk.store\/sv\/#\/schema\/logo\/image\/","url":"https:\/\/i0.wp.com\/truusk.store\/wp-content\/uploads\/2026\/03\/cropped-TRUUSK.png?fit=2032%2C917&ssl=1","contentUrl":"https:\/\/i0.wp.com\/truusk.store\/wp-content\/uploads\/2026\/03\/cropped-TRUUSK.png?fit=2032%2C917&ssl=1","width":2032,"height":917,"caption":"TRUUSK - Hem, Tr\u00e4dg\u00e5rd & Fritid"},"image":{"@id":"https:\/\/truusk.store\/sv\/#\/schema\/logo\/image\/"}}]}},"jetpack_sharing_enabled":true,"_links":{"self":[{"href":"https:\/\/truusk.store\/sv\/wp-json\/wp\/v2\/product\/23898","targetHints":{"allow":["GET"]}}],"collection":[{"href":"https:\/\/truusk.store\/sv\/wp-json\/wp\/v2\/product"}],"about":[{"href":"https:\/\/truusk.store\/sv\/wp-json\/wp\/v2\/types\/product"}],"wp:featuredmedia":[{"embeddable":true,"href":"https:\/\/truusk.store\/sv\/wp-json\/wp\/v2\/media\/23899"}],"wp:attachment":[{"href":"https:\/\/truusk.store\/sv\/wp-json\/wp\/v2\/media?parent=23898"}],"wp:term":[{"taxonomy":"product_brand","embeddable":true,"href":"https:\/\/truusk.store\/sv\/wp-json\/wp\/v2\/product_brand?post=23898"},{"taxonomy":"product_cat","embeddable":true,"href":"https:\/\/truusk.store\/sv\/wp-json\/wp\/v2\/product_cat?post=23898"},{"taxonomy":"product_tag","embeddable":true,"href":"https:\/\/truusk.store\/sv\/wp-json\/wp\/v2\/product_tag?post=23898"}],"curies":[{"name":"wp","href":"https:\/\/api.w.org\/{rel}","templated":true}]}}