{"id":23907,"date":"2024-02-13T17:08:09","date_gmt":"2024-02-13T16:08:09","guid":{"rendered":"https:\/\/truusk.store\/product\/automatisk-sensoravfallsbehallare-i-rostfritt-stal-ir-sensor-med-utan-innerbehallare-ca-30-l\/"},"modified":"2026-03-12T09:05:19","modified_gmt":"2026-03-12T08:05:19","slug":"truusk-automatisk-sensoravfallsbehallare-i-rostfritt-stal-ir-sensor-30-l-med-utan-innerbehallare-hog-kvalitet","status":"publish","type":"product","link":"https:\/\/truusk.store\/sv\/produkt\/truusk-automatisk-sensoravfallsbehallare-i-rostfritt-stal-ir-sensor-30-l-med-utan-innerbehallare-hog-kvalitet\/","title":{"rendered":"TRUUSK Automatisk Sensoravfallsbeh\u00e5llare i Rostfritt St\u00e5l &#8211; IR-sensor &#8211; 30 L &#8211; Med\/utan Innerbeh\u00e5llare &#8211; H\u00f6g Kvalitet"},"content":{"rendered":"<p>Till skillnad fr\u00e5n konventionella papperskorgar fungerar denna sensorsoptunna med infrar\u00f6d teknik: S\u00e5 fort du n\u00e4rmar dig aktiveras det motoriserade locket automatiskt s\u00e5 att du kan anv\u00e4nda det ber\u00f6ringsfritt och hygieniskt. Locket st\u00e4nger sig sj\u00e4lv efter n\u00e5gra sekunders inaktivitet, \u00e4ven om manuell drift ocks\u00e5 \u00e4r m\u00f6jlig. Tack vare det h\u00e5llbara, polerade h\u00f6ljet av rostfritt st\u00e5l \u00e4r denna avfallsbeh\u00e5llare visuellt sofistikerad och s\u00e4rskilt h\u00e5llbar.<\/p>\n<h3>Beskrivning:<\/h3>\n<ul>\n<li>Helautomatisk papperskorg av rostfritt st\u00e5l<\/li>\n<li>Utrustad med infrar\u00f6da sensorer<\/li>\n<li>\u00d6ppnas automatiskt n\u00e4r du n\u00e4rmar dig och st\u00e4ngs automatiskt igen<\/li>\n<li>Kan \u00e4ven man\u00f6vreras manuellt med en knapptryckning<\/li>\n<li>30L avtagbar innerhink med handtag<\/li>\n<li>Passar k\u00f6k, badrum, kontor med mera<\/li>\n<\/ul>\n<h3>Teknisk data:<\/h3>\n<ul>\n<li>Kapacitet: 30 L<\/li>\n<li>Sensorteknik: infrar\u00f6d<\/li>\n<li>Totalm\u00e5tt: 30,5 x H51,5 cm<\/li>\n<li>Lock: ABS<\/li>\n<li>Hus: rostfritt st\u00e5l, h\u00f6gpolerat<\/li>\n<li>Innerhink: PP<\/li>\n<li>Drivs med 4 x AA-batterier (ing\u00e5r ej)<\/li>\n<li>Vikt: 2,6 kg<\/li>\n<\/ul>\n<h3>Leveransens omfattning:<\/h3>\n<ul>\n<li>1 x sophink;<\/li>\n<\/ul>\n","protected":false},"excerpt":{"rendered":"<p>Till skillnad fr\u00e5n konventionella papperskorgar fungerar denna sensorsoptunna med infrar\u00f6d teknik: S\u00e5 fort du n\u00e4rmar dig aktiveras det motoriserade locket&#8230;<\/p>\n","protected":false},"featured_media":23908,"template":"","meta":[],"product_brand":[],"product_cat":[671,686,685],"product_tag":[],"class_list":{"0":"post-23907","1":"product","2":"type-product","3":"status-publish","4":"has-post-thumbnail","6":"product_cat-jarnaffar","7":"product_cat-papperskorg","8":"product_cat-stadning-bestallning","10":"first","11":"instock","12":"sale","13":"taxable","14":"shipping-taxable","15":"purchasable","16":"product-type-simple"},"yoast_head":"<!-- This site is optimized with the Yoast SEO plugin v25.4 - https:\/\/yoast.com\/wordpress\/plugins\/seo\/ -->\n<title>TRUUSK Automatisk Sensoravfallsbeh\u00e5llare i Rostfritt St\u00e5l - IR-sensor - 30 L - Med\/utan Innerbeh\u00e5llare - H\u00f6g Kvalitet - TRUUSK - Hem, Tr\u00e4dg\u00e5rd &amp; Fritid<\/title>\n<meta name=\"robots\" content=\"index, follow, max-snippet:-1, max-image-preview:large, max-video-preview:-1\" \/>\n<link rel=\"canonical\" href=\"https:\/\/truusk.store\/sv\/produkt\/truusk-automatisk-sensoravfallsbehallare-i-rostfritt-stal-ir-sensor-30-l-med-utan-innerbehallare-hog-kvalitet\/\" \/>\n<meta property=\"og:locale\" content=\"sv_SE\" \/>\n<meta property=\"og:type\" content=\"article\" \/>\n<meta property=\"og:title\" content=\"TRUUSK Automatisk Sensoravfallsbeh\u00e5llare i Rostfritt St\u00e5l - IR-sensor - 30 L - Med\/utan Innerbeh\u00e5llare - H\u00f6g Kvalitet - TRUUSK - Hem, Tr\u00e4dg\u00e5rd &amp; Fritid\" \/>\n<meta property=\"og:description\" content=\"Till skillnad fr\u00e5n konventionella papperskorgar fungerar denna sensorsoptunna med infrar\u00f6d teknik: S\u00e5 fort du n\u00e4rmar dig aktiveras det motoriserade locket...\" \/>\n<meta property=\"og:url\" content=\"https:\/\/truusk.store\/sv\/produkt\/truusk-automatisk-sensoravfallsbehallare-i-rostfritt-stal-ir-sensor-30-l-med-utan-innerbehallare-hog-kvalitet\/\" \/>\n<meta property=\"og:site_name\" content=\"TRUUSK - Hem, Tr\u00e4dg\u00e5rd &amp; Fritid\" \/>\n<meta property=\"article:modified_time\" content=\"2026-03-12T08:05:19+00:00\" \/>\n<meta property=\"og:image\" content=\"https:\/\/i0.wp.com\/truusk.se\/wp-content\/uploads\/2024\/02\/automatisk-sensoravfallsbehallare-i-rostfritt-stal-ir-sensor-med-utan-innerbehallare-ca-30-l.webp?fit=800%2C800&ssl=1\" \/>\n\t<meta property=\"og:image:width\" content=\"800\" \/>\n\t<meta property=\"og:image:height\" content=\"800\" \/>\n\t<meta property=\"og:image:type\" content=\"image\/webp\" \/>\n<meta name=\"twitter:card\" content=\"summary_large_image\" \/>\n<meta name=\"twitter:label1\" content=\"Ber\u00e4knad l\u00e4stid\" \/>\n\t<meta name=\"twitter:data1\" content=\"1 minut\" \/>\n<!-- \/ Yoast SEO plugin. -->","yoast_head_json":{"title":"TRUUSK Automatisk Sensoravfallsbeh\u00e5llare i Rostfritt St\u00e5l - IR-sensor - 30 L - Med\/utan Innerbeh\u00e5llare - H\u00f6g Kvalitet - TRUUSK - Hem, Tr\u00e4dg\u00e5rd &amp; Fritid","robots":{"index":"index","follow":"follow","max-snippet":"max-snippet:-1","max-image-preview":"max-image-preview:large","max-video-preview":"max-video-preview:-1"},"canonical":"https:\/\/truusk.store\/sv\/produkt\/truusk-automatisk-sensoravfallsbehallare-i-rostfritt-stal-ir-sensor-30-l-med-utan-innerbehallare-hog-kvalitet\/","og_locale":"sv_SE","og_type":"article","og_title":"TRUUSK Automatisk Sensoravfallsbeh\u00e5llare i Rostfritt St\u00e5l - IR-sensor - 30 L - Med\/utan Innerbeh\u00e5llare - H\u00f6g Kvalitet - TRUUSK - Hem, Tr\u00e4dg\u00e5rd &amp; Fritid","og_description":"Till skillnad fr\u00e5n konventionella papperskorgar fungerar denna sensorsoptunna med infrar\u00f6d teknik: S\u00e5 fort du n\u00e4rmar dig aktiveras det motoriserade locket...","og_url":"https:\/\/truusk.store\/sv\/produkt\/truusk-automatisk-sensoravfallsbehallare-i-rostfritt-stal-ir-sensor-30-l-med-utan-innerbehallare-hog-kvalitet\/","og_site_name":"TRUUSK - Hem, Tr\u00e4dg\u00e5rd &amp; Fritid","article_modified_time":"2026-03-12T08:05:19+00:00","og_image":[{"width":800,"height":800,"url":"https:\/\/i0.wp.com\/truusk.se\/wp-content\/uploads\/2024\/02\/automatisk-sensoravfallsbehallare-i-rostfritt-stal-ir-sensor-med-utan-innerbehallare-ca-30-l.webp?fit=800%2C800&ssl=1","type":"image\/webp"}],"twitter_card":"summary_large_image","twitter_misc":{"Ber\u00e4knad l\u00e4stid":"1 minut"},"schema":{"@context":"https:\/\/schema.org","@graph":[{"@type":"WebPage","@id":"https:\/\/truusk.store\/sv\/produkt\/truusk-automatisk-sensoravfallsbehallare-i-rostfritt-stal-ir-sensor-30-l-med-utan-innerbehallare-hog-kvalitet\/","url":"https:\/\/truusk.store\/sv\/produkt\/truusk-automatisk-sensoravfallsbehallare-i-rostfritt-stal-ir-sensor-30-l-med-utan-innerbehallare-hog-kvalitet\/","name":"TRUUSK Automatisk Sensoravfallsbeh\u00e5llare i Rostfritt St\u00e5l - IR-sensor - 30 L - Med\/utan Innerbeh\u00e5llare - H\u00f6g Kvalitet - TRUUSK - Hem, Tr\u00e4dg\u00e5rd &amp; Fritid","isPartOf":{"@id":"https:\/\/truusk.store\/sv\/#website"},"primaryImageOfPage":{"@id":"https:\/\/truusk.store\/sv\/produkt\/truusk-automatisk-sensoravfallsbehallare-i-rostfritt-stal-ir-sensor-30-l-med-utan-innerbehallare-hog-kvalitet\/#primaryimage"},"image":{"@id":"https:\/\/truusk.store\/sv\/produkt\/truusk-automatisk-sensoravfallsbehallare-i-rostfritt-stal-ir-sensor-30-l-med-utan-innerbehallare-hog-kvalitet\/#primaryimage"},"thumbnailUrl":"https:\/\/i0.wp.com\/truusk.store\/wp-content\/uploads\/2024\/02\/automatisk-sensoravfallsbehallare-i-rostfritt-stal-ir-sensor-med-utan-innerbehallare-ca-30-l.webp?fit=800%2C800&ssl=1","datePublished":"2024-02-13T16:08:09+00:00","dateModified":"2026-03-12T08:05:19+00:00","breadcrumb":{"@id":"https:\/\/truusk.store\/sv\/produkt\/truusk-automatisk-sensoravfallsbehallare-i-rostfritt-stal-ir-sensor-30-l-med-utan-innerbehallare-hog-kvalitet\/#breadcrumb"},"inLanguage":"sv-SE","potentialAction":[{"@type":"ReadAction","target":["https:\/\/truusk.store\/sv\/produkt\/truusk-automatisk-sensoravfallsbehallare-i-rostfritt-stal-ir-sensor-30-l-med-utan-innerbehallare-hog-kvalitet\/"]}]},{"@type":"ImageObject","inLanguage":"sv-SE","@id":"https:\/\/truusk.store\/sv\/produkt\/truusk-automatisk-sensoravfallsbehallare-i-rostfritt-stal-ir-sensor-30-l-med-utan-innerbehallare-hog-kvalitet\/#primaryimage","url":"https:\/\/i0.wp.com\/truusk.store\/wp-content\/uploads\/2024\/02\/automatisk-sensoravfallsbehallare-i-rostfritt-stal-ir-sensor-med-utan-innerbehallare-ca-30-l.webp?fit=800%2C800&ssl=1","contentUrl":"https:\/\/i0.wp.com\/truusk.store\/wp-content\/uploads\/2024\/02\/automatisk-sensoravfallsbehallare-i-rostfritt-stal-ir-sensor-med-utan-innerbehallare-ca-30-l.webp?fit=800%2C800&ssl=1","width":800,"height":800,"caption":"Automatisk Sensoravfallsbeh\u00e5llare I Rostfritt St\u00e5l IR-sensor Med\/utan Innerbeh\u00e5llare Ca 30 L 1"},{"@type":"BreadcrumbList","@id":"https:\/\/truusk.store\/sv\/produkt\/truusk-automatisk-sensoravfallsbehallare-i-rostfritt-stal-ir-sensor-30-l-med-utan-innerbehallare-hog-kvalitet\/#breadcrumb","itemListElement":[{"@type":"ListItem","position":1,"name":"Home","item":"https:\/\/truusk.store\/sv\/"},{"@type":"ListItem","position":2,"name":"Shop","item":"https:\/\/truusk.store\/shop\/"},{"@type":"ListItem","position":3,"name":"TRUUSK Automatisk Sensoravfallsbeh\u00e5llare i Rostfritt St\u00e5l &#8211; IR-sensor &#8211; 30 L &#8211; Med\/utan Innerbeh\u00e5llare &#8211; H\u00f6g Kvalitet"}]},{"@type":"WebSite","@id":"https:\/\/truusk.store\/sv\/#website","url":"https:\/\/truusk.store\/sv\/","name":"TRUUSK - Hem, Tr\u00e4dg\u00e5rd & Fritid","description":"","publisher":{"@id":"https:\/\/truusk.store\/sv\/#organization"},"potentialAction":[{"@type":"SearchAction","target":{"@type":"EntryPoint","urlTemplate":"https:\/\/truusk.store\/sv\/?s={search_term_string}"},"query-input":{"@type":"PropertyValueSpecification","valueRequired":true,"valueName":"search_term_string"}}],"inLanguage":"sv-SE"},{"@type":"Organization","@id":"https:\/\/truusk.store\/sv\/#organization","name":"TRUUSK - Hem, Tr\u00e4dg\u00e5rd & Fritid","url":"https:\/\/truusk.store\/sv\/","logo":{"@type":"ImageObject","inLanguage":"sv-SE","@id":"https:\/\/truusk.store\/sv\/#\/schema\/logo\/image\/","url":"https:\/\/i0.wp.com\/truusk.store\/wp-content\/uploads\/2026\/03\/cropped-TRUUSK.png?fit=2032%2C917&ssl=1","contentUrl":"https:\/\/i0.wp.com\/truusk.store\/wp-content\/uploads\/2026\/03\/cropped-TRUUSK.png?fit=2032%2C917&ssl=1","width":2032,"height":917,"caption":"TRUUSK - Hem, Tr\u00e4dg\u00e5rd & Fritid"},"image":{"@id":"https:\/\/truusk.store\/sv\/#\/schema\/logo\/image\/"}}]}},"jetpack_sharing_enabled":true,"_links":{"self":[{"href":"https:\/\/truusk.store\/sv\/wp-json\/wp\/v2\/product\/23907","targetHints":{"allow":["GET"]}}],"collection":[{"href":"https:\/\/truusk.store\/sv\/wp-json\/wp\/v2\/product"}],"about":[{"href":"https:\/\/truusk.store\/sv\/wp-json\/wp\/v2\/types\/product"}],"wp:featuredmedia":[{"embeddable":true,"href":"https:\/\/truusk.store\/sv\/wp-json\/wp\/v2\/media\/23908"}],"wp:attachment":[{"href":"https:\/\/truusk.store\/sv\/wp-json\/wp\/v2\/media?parent=23907"}],"wp:term":[{"taxonomy":"product_brand","embeddable":true,"href":"https:\/\/truusk.store\/sv\/wp-json\/wp\/v2\/product_brand?post=23907"},{"taxonomy":"product_cat","embeddable":true,"href":"https:\/\/truusk.store\/sv\/wp-json\/wp\/v2\/product_cat?post=23907"},{"taxonomy":"product_tag","embeddable":true,"href":"https:\/\/truusk.store\/sv\/wp-json\/wp\/v2\/product_tag?post=23907"}],"curies":[{"name":"wp","href":"https:\/\/api.w.org\/{rel}","templated":true}]}}