{"id":24048,"date":"2024-02-13T17:12:31","date_gmt":"2024-02-13T16:12:31","guid":{"rendered":"https:\/\/truusk.store\/product\/arbetspall-svangbar-pall-bank-pall-barstol-kontorsstol-justerbar-i-hojdled-linneliknande-polyester-stal-gra-60-x-60-x-79-91-cm\/"},"modified":"2026-03-12T09:05:21","modified_gmt":"2026-03-12T08:05:21","slug":"truusk-svangbar-arbetspall-justerbar-i-hojdled-linneliknande-polyester-stal-gra-60x60x79-91-cm","status":"publish","type":"product","link":"https:\/\/truusk.store\/sv\/produkt\/truusk-svangbar-arbetspall-justerbar-i-hojdled-linneliknande-polyester-stal-gra-60x60x79-91-cm\/","title":{"rendered":"TRUUSK Sv\u00e4ngbar Arbetspall &#8211; Justerbar i H\u00f6jdled &#8211; Linneliknande Polyester &#8211; St\u00e5l &#8211; Gr\u00e5 &#8211; 60x60x79-91 cm"},"content":{"rendered":"<p>Ta in chic i ditt hem! Den h\u00f6j- och s\u00e4nkbara snurrstolen i modern och enkel design anpassar sig perfekt till ditt rums inredningsstil. U-formen p\u00e5 mittryggen ger helt\u00e4ckande st\u00f6d f\u00f6r hela din rygg och axel. Kuddar, armst\u00f6d och svankst\u00f6d \u00e4r vadderade med skum och erbjuder maximal komfort. Elegant och praktisk inredning, du kommer att gilla det.<\/p>\n<h3>Beskrivning:<\/h3>\n<ul>\n<li>Modern snurrstol i enkel design, l\u00e4mplig f\u00f6r vardagsrum, sovrum, sovsal, kontorsbruk<\/li>\n<li>H\u00f6jden kan \u00e4ndras fr\u00e5n 44,5 cm till 54 cm<\/li>\n<li>360 snurrstol ut\u00f6kar omfattningen av dagliga aktiviteter bra<\/li>\n<li>L\u00e4tt och kompakt inredning l\u00e4mplig f\u00f6r sm\u00e5 utrymmen<\/li>\n<li>Skum vadderad kudde f\u00f6r en utm\u00e4rkt sittupplevelse<\/li>\n<li>Svankst\u00f6d och armst\u00f6d f\u00f6r extra komfort<\/li>\n<li>Linneytan m\u00f6jligg\u00f6r ett snabbt luftfl\u00f6de, perfekt f\u00f6r anv\u00e4ndning \u00e5ret runt<\/li>\n<li>Kr\u00e4ver enkel montering<\/li>\n<\/ul>\n<h3>Teknisk data:<\/h3>\n<ul>\n<li>F\u00e4rg gr\u00e5<\/li>\n<li>Material: linneliknande polyester, skum, st\u00e5l<\/li>\n<li>\u00d6vergripande m\u00e5tt: 60W x 60D x 79-91H cm<\/li>\n<li>Sitsstorlek: 47L x 46W cm<\/li>\n<li>Sitth\u00f6jd: 44,5-57 cm<\/li>\n<li>Armst\u00f6dsh\u00f6jd: 65-77 cm<\/li>\n<li>Ryggst\u00f6dsstorlek: 46W x 35,5H cm<\/li>\n<li>Lastkapacitet: 136 kg<\/li>\n<\/ul>\n<h3>Leveransens omfattning:<\/h3>\n<ul>\n<li>1 x snurrstol<\/li>\n<li>1 x Instruktioner<\/li>\n<\/ul>\n","protected":false},"excerpt":{"rendered":"<p>Ta in chic i ditt hem! Den h\u00f6j- och s\u00e4nkbara snurrstolen i modern och enkel design anpassar sig perfekt till&#8230;<\/p>\n","protected":false},"featured_media":24049,"template":"","meta":[],"product_brand":[],"product_cat":[485,516,515],"product_tag":[],"class_list":{"0":"post-24048","1":"product","2":"type-product","3":"status-publish","4":"has-post-thumbnail","6":"product_cat-hus-bo","7":"product_cat-kontorsstolar","8":"product_cat-stolar","10":"first","11":"instock","12":"sale","13":"taxable","14":"shipping-taxable","15":"purchasable","16":"product-type-simple"},"yoast_head":"<!-- This site is optimized with the Yoast SEO plugin v25.4 - https:\/\/yoast.com\/wordpress\/plugins\/seo\/ -->\n<title>TRUUSK Sv\u00e4ngbar Arbetspall - Justerbar i H\u00f6jdled - Linneliknande Polyester - St\u00e5l - Gr\u00e5 - 60x60x79-91 cm - TRUUSK - Hem, Tr\u00e4dg\u00e5rd &amp; Fritid<\/title>\n<meta name=\"robots\" content=\"index, follow, max-snippet:-1, max-image-preview:large, max-video-preview:-1\" \/>\n<link rel=\"canonical\" href=\"https:\/\/truusk.store\/sv\/produkt\/truusk-svangbar-arbetspall-justerbar-i-hojdled-linneliknande-polyester-stal-gra-60x60x79-91-cm\/\" \/>\n<meta property=\"og:locale\" content=\"sv_SE\" \/>\n<meta property=\"og:type\" content=\"article\" \/>\n<meta property=\"og:title\" content=\"TRUUSK Sv\u00e4ngbar Arbetspall - Justerbar i H\u00f6jdled - Linneliknande Polyester - St\u00e5l - Gr\u00e5 - 60x60x79-91 cm - TRUUSK - Hem, Tr\u00e4dg\u00e5rd &amp; Fritid\" \/>\n<meta property=\"og:description\" content=\"Ta in chic i ditt hem! Den h\u00f6j- och s\u00e4nkbara snurrstolen i modern och enkel design anpassar sig perfekt till...\" \/>\n<meta property=\"og:url\" content=\"https:\/\/truusk.store\/sv\/produkt\/truusk-svangbar-arbetspall-justerbar-i-hojdled-linneliknande-polyester-stal-gra-60x60x79-91-cm\/\" \/>\n<meta property=\"og:site_name\" content=\"TRUUSK - Hem, Tr\u00e4dg\u00e5rd &amp; Fritid\" \/>\n<meta property=\"article:modified_time\" content=\"2026-03-12T08:05:21+00:00\" \/>\n<meta property=\"og:image\" content=\"https:\/\/i0.wp.com\/truusk.se\/wp-content\/uploads\/2024\/02\/arbetspall-svangbar-pall-bank-pall-barstol-kontorsstol-justerbar-i-hojdled-linneliknande-polyester-stal-gra-60-x-60-x-79-91-cm.webp?fit=800%2C800&ssl=1\" \/>\n\t<meta property=\"og:image:width\" content=\"800\" \/>\n\t<meta property=\"og:image:height\" content=\"800\" \/>\n\t<meta property=\"og:image:type\" content=\"image\/webp\" \/>\n<meta name=\"twitter:card\" content=\"summary_large_image\" \/>\n<meta name=\"twitter:label1\" content=\"Ber\u00e4knad l\u00e4stid\" \/>\n\t<meta name=\"twitter:data1\" content=\"1 minut\" \/>\n<!-- \/ Yoast SEO plugin. -->","yoast_head_json":{"title":"TRUUSK Sv\u00e4ngbar Arbetspall - Justerbar i H\u00f6jdled - Linneliknande Polyester - St\u00e5l - Gr\u00e5 - 60x60x79-91 cm - TRUUSK - Hem, Tr\u00e4dg\u00e5rd &amp; Fritid","robots":{"index":"index","follow":"follow","max-snippet":"max-snippet:-1","max-image-preview":"max-image-preview:large","max-video-preview":"max-video-preview:-1"},"canonical":"https:\/\/truusk.store\/sv\/produkt\/truusk-svangbar-arbetspall-justerbar-i-hojdled-linneliknande-polyester-stal-gra-60x60x79-91-cm\/","og_locale":"sv_SE","og_type":"article","og_title":"TRUUSK Sv\u00e4ngbar Arbetspall - Justerbar i H\u00f6jdled - Linneliknande Polyester - St\u00e5l - Gr\u00e5 - 60x60x79-91 cm - TRUUSK - Hem, Tr\u00e4dg\u00e5rd &amp; Fritid","og_description":"Ta in chic i ditt hem! Den h\u00f6j- och s\u00e4nkbara snurrstolen i modern och enkel design anpassar sig perfekt till...","og_url":"https:\/\/truusk.store\/sv\/produkt\/truusk-svangbar-arbetspall-justerbar-i-hojdled-linneliknande-polyester-stal-gra-60x60x79-91-cm\/","og_site_name":"TRUUSK - Hem, Tr\u00e4dg\u00e5rd &amp; Fritid","article_modified_time":"2026-03-12T08:05:21+00:00","og_image":[{"width":800,"height":800,"url":"https:\/\/i0.wp.com\/truusk.se\/wp-content\/uploads\/2024\/02\/arbetspall-svangbar-pall-bank-pall-barstol-kontorsstol-justerbar-i-hojdled-linneliknande-polyester-stal-gra-60-x-60-x-79-91-cm.webp?fit=800%2C800&ssl=1","type":"image\/webp"}],"twitter_card":"summary_large_image","twitter_misc":{"Ber\u00e4knad l\u00e4stid":"1 minut"},"schema":{"@context":"https:\/\/schema.org","@graph":[{"@type":"WebPage","@id":"https:\/\/truusk.store\/sv\/produkt\/truusk-svangbar-arbetspall-justerbar-i-hojdled-linneliknande-polyester-stal-gra-60x60x79-91-cm\/","url":"https:\/\/truusk.store\/sv\/produkt\/truusk-svangbar-arbetspall-justerbar-i-hojdled-linneliknande-polyester-stal-gra-60x60x79-91-cm\/","name":"TRUUSK Sv\u00e4ngbar Arbetspall - Justerbar i H\u00f6jdled - Linneliknande Polyester - St\u00e5l - Gr\u00e5 - 60x60x79-91 cm - TRUUSK - Hem, Tr\u00e4dg\u00e5rd &amp; Fritid","isPartOf":{"@id":"https:\/\/truusk.store\/sv\/#website"},"primaryImageOfPage":{"@id":"https:\/\/truusk.store\/sv\/produkt\/truusk-svangbar-arbetspall-justerbar-i-hojdled-linneliknande-polyester-stal-gra-60x60x79-91-cm\/#primaryimage"},"image":{"@id":"https:\/\/truusk.store\/sv\/produkt\/truusk-svangbar-arbetspall-justerbar-i-hojdled-linneliknande-polyester-stal-gra-60x60x79-91-cm\/#primaryimage"},"thumbnailUrl":"https:\/\/i0.wp.com\/truusk.store\/wp-content\/uploads\/2024\/02\/arbetspall-svangbar-pall-bank-pall-barstol-kontorsstol-justerbar-i-hojdled-linneliknande-polyester-stal-gra-60-x-60-x-79-91-cm.webp?fit=800%2C800&ssl=1","datePublished":"2024-02-13T16:12:31+00:00","dateModified":"2026-03-12T08:05:21+00:00","breadcrumb":{"@id":"https:\/\/truusk.store\/sv\/produkt\/truusk-svangbar-arbetspall-justerbar-i-hojdled-linneliknande-polyester-stal-gra-60x60x79-91-cm\/#breadcrumb"},"inLanguage":"sv-SE","potentialAction":[{"@type":"ReadAction","target":["https:\/\/truusk.store\/sv\/produkt\/truusk-svangbar-arbetspall-justerbar-i-hojdled-linneliknande-polyester-stal-gra-60x60x79-91-cm\/"]}]},{"@type":"ImageObject","inLanguage":"sv-SE","@id":"https:\/\/truusk.store\/sv\/produkt\/truusk-svangbar-arbetspall-justerbar-i-hojdled-linneliknande-polyester-stal-gra-60x60x79-91-cm\/#primaryimage","url":"https:\/\/i0.wp.com\/truusk.store\/wp-content\/uploads\/2024\/02\/arbetspall-svangbar-pall-bank-pall-barstol-kontorsstol-justerbar-i-hojdled-linneliknande-polyester-stal-gra-60-x-60-x-79-91-cm.webp?fit=800%2C800&ssl=1","contentUrl":"https:\/\/i0.wp.com\/truusk.store\/wp-content\/uploads\/2024\/02\/arbetspall-svangbar-pall-bank-pall-barstol-kontorsstol-justerbar-i-hojdled-linneliknande-polyester-stal-gra-60-x-60-x-79-91-cm.webp?fit=800%2C800&ssl=1","width":800,"height":800,"caption":"Arbetspall Sv\u00e4ngbar Pall B\u00e4nk Pall Barstol Kontorsstol Justerbar I H\u00f6jdled, Linneliknande Polyester, St\u00e5l, Gr\u00e5, 60 X 60 X 79-91 Cm 1"},{"@type":"BreadcrumbList","@id":"https:\/\/truusk.store\/sv\/produkt\/truusk-svangbar-arbetspall-justerbar-i-hojdled-linneliknande-polyester-stal-gra-60x60x79-91-cm\/#breadcrumb","itemListElement":[{"@type":"ListItem","position":1,"name":"Home","item":"https:\/\/truusk.store\/sv\/"},{"@type":"ListItem","position":2,"name":"Shop","item":"https:\/\/truusk.store\/shop\/"},{"@type":"ListItem","position":3,"name":"TRUUSK Sv\u00e4ngbar Arbetspall &#8211; Justerbar i H\u00f6jdled &#8211; Linneliknande Polyester &#8211; St\u00e5l &#8211; Gr\u00e5 &#8211; 60x60x79-91 cm"}]},{"@type":"WebSite","@id":"https:\/\/truusk.store\/sv\/#website","url":"https:\/\/truusk.store\/sv\/","name":"TRUUSK - Hem, Tr\u00e4dg\u00e5rd & Fritid","description":"","publisher":{"@id":"https:\/\/truusk.store\/sv\/#organization"},"potentialAction":[{"@type":"SearchAction","target":{"@type":"EntryPoint","urlTemplate":"https:\/\/truusk.store\/sv\/?s={search_term_string}"},"query-input":{"@type":"PropertyValueSpecification","valueRequired":true,"valueName":"search_term_string"}}],"inLanguage":"sv-SE"},{"@type":"Organization","@id":"https:\/\/truusk.store\/sv\/#organization","name":"TRUUSK - Hem, Tr\u00e4dg\u00e5rd & Fritid","url":"https:\/\/truusk.store\/sv\/","logo":{"@type":"ImageObject","inLanguage":"sv-SE","@id":"https:\/\/truusk.store\/sv\/#\/schema\/logo\/image\/","url":"https:\/\/i0.wp.com\/truusk.store\/wp-content\/uploads\/2026\/03\/cropped-TRUUSK.png?fit=2032%2C917&ssl=1","contentUrl":"https:\/\/i0.wp.com\/truusk.store\/wp-content\/uploads\/2026\/03\/cropped-TRUUSK.png?fit=2032%2C917&ssl=1","width":2032,"height":917,"caption":"TRUUSK - Hem, Tr\u00e4dg\u00e5rd & Fritid"},"image":{"@id":"https:\/\/truusk.store\/sv\/#\/schema\/logo\/image\/"}}]}},"jetpack_sharing_enabled":true,"_links":{"self":[{"href":"https:\/\/truusk.store\/sv\/wp-json\/wp\/v2\/product\/24048","targetHints":{"allow":["GET"]}}],"collection":[{"href":"https:\/\/truusk.store\/sv\/wp-json\/wp\/v2\/product"}],"about":[{"href":"https:\/\/truusk.store\/sv\/wp-json\/wp\/v2\/types\/product"}],"wp:featuredmedia":[{"embeddable":true,"href":"https:\/\/truusk.store\/sv\/wp-json\/wp\/v2\/media\/24049"}],"wp:attachment":[{"href":"https:\/\/truusk.store\/sv\/wp-json\/wp\/v2\/media?parent=24048"}],"wp:term":[{"taxonomy":"product_brand","embeddable":true,"href":"https:\/\/truusk.store\/sv\/wp-json\/wp\/v2\/product_brand?post=24048"},{"taxonomy":"product_cat","embeddable":true,"href":"https:\/\/truusk.store\/sv\/wp-json\/wp\/v2\/product_cat?post=24048"},{"taxonomy":"product_tag","embeddable":true,"href":"https:\/\/truusk.store\/sv\/wp-json\/wp\/v2\/product_tag?post=24048"}],"curies":[{"name":"wp","href":"https:\/\/api.w.org\/{rel}","templated":true}]}}