{"id":24125,"date":"2024-02-13T17:15:01","date_gmt":"2024-02-13T16:15:01","guid":{"rendered":"https:\/\/truusk.store\/product\/skrapstolpe-med-kattgrottastege-xxl-katttrad-klattertrad-klattertrad-for-katter-multi-level-multi-aktivitetscenter-plysch-gra-50-x-50-x-170-cm\/"},"modified":"2026-03-12T09:05:24","modified_gmt":"2026-03-12T08:05:24","slug":"truusk-katttrad-xxl-klattertrad-for-katter-multi-level-aktivitetscenter-plysch-gra-50-x-50-x-170-cm","status":"publish","type":"product","link":"https:\/\/truusk.store\/sv\/produkt\/truusk-katttrad-xxl-klattertrad-for-katter-multi-level-aktivitetscenter-plysch-gra-50-x-50-x-170-cm\/","title":{"rendered":"TRUUSK Katttr\u00e4d XXL &#8211; Kl\u00e4ttertr\u00e4d f\u00f6r Katter &#8211; Multi-level Aktivitetscenter &#8211; Plysch &#8211; Gr\u00e5 &#8211; 50 x 50 x 170 cm"},"content":{"rendered":"<p>En skrapstolpe \u00e4r ett paradis och ett idealiskt bo f\u00f6r din katt. Oavsett om du leker, springer runt eller vilar kan din katt spendera sin tid h\u00e4r och k\u00e4nna sig fri. Observera: Placera ett tungt f\u00f6rem\u00e5l p\u00e5 ramen eller st\u00e4ll skrapstolpen i h\u00f6rnet. Skakning \u00e4r f\u00f6rbjuden, annars faller skrapstolpen l\u00e4tt.<\/p>\n<h3>Beskrivning:<\/h3>\n<ul>\n<li>Katttr\u00e4d med mycket skrapa, mys, lek och sovm\u00f6jligheter<\/li>\n<li>Din katt eller katt kan koppla av p\u00e5 3 liggplatser och i 2 grottor och h\u00e5lla ett \u00f6ga p\u00e5 omgivningen.<\/li>\n<li>Katten eller kattkatten kan hoppa upp och ner p\u00e5 den<\/li>\n<li>Att kl\u00e4ttra h\u00f6gt \u00e4r m\u00f6jligt, som ett riktigt tr\u00e4d<\/li>\n<li>Kl\u00e4dd med h\u00f6gkvalitativ och mjuk plysch<\/li>\n<li>Stammar inslagna i sisal och plysch<\/li>\n<li>Enkel montering<\/li>\n<\/ul>\n<h3>Teknisk data:<\/h3>\n<ul>\n<li>Material: sp\u00e5nskiva, plysch<\/li>\n<li>Totala m\u00e5tt: 50x50x170 cm<\/li>\n<li>M\u00e5tt p\u00e5 grottan: 44&#215;26,5&#215;24 cm, 26x26x24 cm<\/li>\n<li>Bottenplatta: 48,5&#215;48,5 cm<\/li>\n<li>Vikt: 15,2 kg<\/li>\n<li>Lastkapacitet: ca 10 kg<\/li>\n<li>F\u00e4rg gr\u00e5<\/li>\n<\/ul>\n<h3>Leveransens omfattning:<\/h3>\n<ul>\n<li>1 x skrapstolpe<\/li>\n<li>1 x Artikelinstruktioner<\/li>\n<\/ul>\n","protected":false},"excerpt":{"rendered":"<p>En skrapstolpe \u00e4r ett paradis och ett idealiskt bo f\u00f6r din katt. Oavsett om du leker, springer runt eller vilar&#8230;<\/p>\n","protected":false},"featured_media":24126,"template":"","meta":[],"product_brand":[],"product_cat":[573,588,589],"product_tag":[],"class_list":{"0":"post-24125","1":"product","2":"type-product","3":"status-publish","4":"has-post-thumbnail","6":"product_cat-husdjursmaterial","7":"product_cat-katttillbehor","8":"product_cat-skrapande-inlagg","10":"first","11":"instock","12":"sale","13":"taxable","14":"shipping-taxable","15":"purchasable","16":"product-type-simple"},"yoast_head":"<!-- This site is optimized with the Yoast SEO plugin v25.4 - https:\/\/yoast.com\/wordpress\/plugins\/seo\/ -->\n<title>TRUUSK Katttr\u00e4d XXL - Kl\u00e4ttertr\u00e4d f\u00f6r Katter - Multi-level Aktivitetscenter - Plysch - Gr\u00e5 - 50 x 50 x 170 cm - TRUUSK - Hem, Tr\u00e4dg\u00e5rd &amp; Fritid<\/title>\n<meta name=\"robots\" content=\"index, follow, max-snippet:-1, max-image-preview:large, max-video-preview:-1\" \/>\n<link rel=\"canonical\" href=\"https:\/\/truusk.store\/sv\/produkt\/truusk-katttrad-xxl-klattertrad-for-katter-multi-level-aktivitetscenter-plysch-gra-50-x-50-x-170-cm\/\" \/>\n<meta property=\"og:locale\" content=\"sv_SE\" \/>\n<meta property=\"og:type\" content=\"article\" \/>\n<meta property=\"og:title\" content=\"TRUUSK Katttr\u00e4d XXL - Kl\u00e4ttertr\u00e4d f\u00f6r Katter - Multi-level Aktivitetscenter - Plysch - Gr\u00e5 - 50 x 50 x 170 cm - TRUUSK - Hem, Tr\u00e4dg\u00e5rd &amp; Fritid\" \/>\n<meta property=\"og:description\" content=\"En skrapstolpe \u00e4r ett paradis och ett idealiskt bo f\u00f6r din katt. Oavsett om du leker, springer runt eller vilar...\" \/>\n<meta property=\"og:url\" content=\"https:\/\/truusk.store\/sv\/produkt\/truusk-katttrad-xxl-klattertrad-for-katter-multi-level-aktivitetscenter-plysch-gra-50-x-50-x-170-cm\/\" \/>\n<meta property=\"og:site_name\" content=\"TRUUSK - Hem, Tr\u00e4dg\u00e5rd &amp; Fritid\" \/>\n<meta property=\"article:modified_time\" content=\"2026-03-12T08:05:24+00:00\" \/>\n<meta property=\"og:image\" content=\"https:\/\/i0.wp.com\/truusk.se\/wp-content\/uploads\/2024\/02\/skrapstolpe-med-kattgrottastege-xxl-katttrad-klattertrad-klattertrad-for-katter-multi-level-multi-aktivitetscenter-plysch-gra-50-x-50-x-170-cm.webp?fit=800%2C800&ssl=1\" \/>\n\t<meta property=\"og:image:width\" content=\"800\" \/>\n\t<meta property=\"og:image:height\" content=\"800\" \/>\n\t<meta property=\"og:image:type\" content=\"image\/webp\" \/>\n<meta name=\"twitter:card\" content=\"summary_large_image\" \/>\n<meta name=\"twitter:label1\" content=\"Ber\u00e4knad l\u00e4stid\" \/>\n\t<meta name=\"twitter:data1\" content=\"1 minut\" \/>\n<!-- \/ Yoast SEO plugin. -->","yoast_head_json":{"title":"TRUUSK Katttr\u00e4d XXL - Kl\u00e4ttertr\u00e4d f\u00f6r Katter - Multi-level Aktivitetscenter - Plysch - Gr\u00e5 - 50 x 50 x 170 cm - TRUUSK - Hem, Tr\u00e4dg\u00e5rd &amp; Fritid","robots":{"index":"index","follow":"follow","max-snippet":"max-snippet:-1","max-image-preview":"max-image-preview:large","max-video-preview":"max-video-preview:-1"},"canonical":"https:\/\/truusk.store\/sv\/produkt\/truusk-katttrad-xxl-klattertrad-for-katter-multi-level-aktivitetscenter-plysch-gra-50-x-50-x-170-cm\/","og_locale":"sv_SE","og_type":"article","og_title":"TRUUSK Katttr\u00e4d XXL - Kl\u00e4ttertr\u00e4d f\u00f6r Katter - Multi-level Aktivitetscenter - Plysch - Gr\u00e5 - 50 x 50 x 170 cm - TRUUSK - Hem, Tr\u00e4dg\u00e5rd &amp; Fritid","og_description":"En skrapstolpe \u00e4r ett paradis och ett idealiskt bo f\u00f6r din katt. Oavsett om du leker, springer runt eller vilar...","og_url":"https:\/\/truusk.store\/sv\/produkt\/truusk-katttrad-xxl-klattertrad-for-katter-multi-level-aktivitetscenter-plysch-gra-50-x-50-x-170-cm\/","og_site_name":"TRUUSK - Hem, Tr\u00e4dg\u00e5rd &amp; Fritid","article_modified_time":"2026-03-12T08:05:24+00:00","og_image":[{"width":800,"height":800,"url":"https:\/\/i0.wp.com\/truusk.se\/wp-content\/uploads\/2024\/02\/skrapstolpe-med-kattgrottastege-xxl-katttrad-klattertrad-klattertrad-for-katter-multi-level-multi-aktivitetscenter-plysch-gra-50-x-50-x-170-cm.webp?fit=800%2C800&ssl=1","type":"image\/webp"}],"twitter_card":"summary_large_image","twitter_misc":{"Ber\u00e4knad l\u00e4stid":"1 minut"},"schema":{"@context":"https:\/\/schema.org","@graph":[{"@type":"WebPage","@id":"https:\/\/truusk.store\/sv\/produkt\/truusk-katttrad-xxl-klattertrad-for-katter-multi-level-aktivitetscenter-plysch-gra-50-x-50-x-170-cm\/","url":"https:\/\/truusk.store\/sv\/produkt\/truusk-katttrad-xxl-klattertrad-for-katter-multi-level-aktivitetscenter-plysch-gra-50-x-50-x-170-cm\/","name":"TRUUSK Katttr\u00e4d XXL - Kl\u00e4ttertr\u00e4d f\u00f6r Katter - Multi-level Aktivitetscenter - Plysch - Gr\u00e5 - 50 x 50 x 170 cm - TRUUSK - Hem, Tr\u00e4dg\u00e5rd &amp; Fritid","isPartOf":{"@id":"https:\/\/truusk.store\/sv\/#website"},"primaryImageOfPage":{"@id":"https:\/\/truusk.store\/sv\/produkt\/truusk-katttrad-xxl-klattertrad-for-katter-multi-level-aktivitetscenter-plysch-gra-50-x-50-x-170-cm\/#primaryimage"},"image":{"@id":"https:\/\/truusk.store\/sv\/produkt\/truusk-katttrad-xxl-klattertrad-for-katter-multi-level-aktivitetscenter-plysch-gra-50-x-50-x-170-cm\/#primaryimage"},"thumbnailUrl":"https:\/\/i0.wp.com\/truusk.store\/wp-content\/uploads\/2024\/02\/skrapstolpe-med-kattgrottastege-xxl-katttrad-klattertrad-klattertrad-for-katter-multi-level-multi-aktivitetscenter-plysch-gra-50-x-50-x-170-cm.webp?fit=800%2C800&ssl=1","datePublished":"2024-02-13T16:15:01+00:00","dateModified":"2026-03-12T08:05:24+00:00","breadcrumb":{"@id":"https:\/\/truusk.store\/sv\/produkt\/truusk-katttrad-xxl-klattertrad-for-katter-multi-level-aktivitetscenter-plysch-gra-50-x-50-x-170-cm\/#breadcrumb"},"inLanguage":"sv-SE","potentialAction":[{"@type":"ReadAction","target":["https:\/\/truusk.store\/sv\/produkt\/truusk-katttrad-xxl-klattertrad-for-katter-multi-level-aktivitetscenter-plysch-gra-50-x-50-x-170-cm\/"]}]},{"@type":"ImageObject","inLanguage":"sv-SE","@id":"https:\/\/truusk.store\/sv\/produkt\/truusk-katttrad-xxl-klattertrad-for-katter-multi-level-aktivitetscenter-plysch-gra-50-x-50-x-170-cm\/#primaryimage","url":"https:\/\/i0.wp.com\/truusk.store\/wp-content\/uploads\/2024\/02\/skrapstolpe-med-kattgrottastege-xxl-katttrad-klattertrad-klattertrad-for-katter-multi-level-multi-aktivitetscenter-plysch-gra-50-x-50-x-170-cm.webp?fit=800%2C800&ssl=1","contentUrl":"https:\/\/i0.wp.com\/truusk.store\/wp-content\/uploads\/2024\/02\/skrapstolpe-med-kattgrottastege-xxl-katttrad-klattertrad-klattertrad-for-katter-multi-level-multi-aktivitetscenter-plysch-gra-50-x-50-x-170-cm.webp?fit=800%2C800&ssl=1","width":800,"height":800,"caption":"Skrapstolpe Med Kattgrottastege XXL Katttr\u00e4d Kl\u00e4ttertr\u00e4d Kl\u00e4ttertr\u00e4d F\u00f6r Katter Multi-level Multi-aktivitetscenter Plysch Gr\u00e5 50 X 50 X 170 Cm 1"},{"@type":"BreadcrumbList","@id":"https:\/\/truusk.store\/sv\/produkt\/truusk-katttrad-xxl-klattertrad-for-katter-multi-level-aktivitetscenter-plysch-gra-50-x-50-x-170-cm\/#breadcrumb","itemListElement":[{"@type":"ListItem","position":1,"name":"Home","item":"https:\/\/truusk.store\/sv\/"},{"@type":"ListItem","position":2,"name":"Shop","item":"https:\/\/truusk.store\/shop\/"},{"@type":"ListItem","position":3,"name":"TRUUSK Katttr\u00e4d XXL &#8211; Kl\u00e4ttertr\u00e4d f\u00f6r Katter &#8211; Multi-level Aktivitetscenter &#8211; Plysch &#8211; Gr\u00e5 &#8211; 50 x 50 x 170 cm"}]},{"@type":"WebSite","@id":"https:\/\/truusk.store\/sv\/#website","url":"https:\/\/truusk.store\/sv\/","name":"TRUUSK - Hem, Tr\u00e4dg\u00e5rd & Fritid","description":"","publisher":{"@id":"https:\/\/truusk.store\/sv\/#organization"},"potentialAction":[{"@type":"SearchAction","target":{"@type":"EntryPoint","urlTemplate":"https:\/\/truusk.store\/sv\/?s={search_term_string}"},"query-input":{"@type":"PropertyValueSpecification","valueRequired":true,"valueName":"search_term_string"}}],"inLanguage":"sv-SE"},{"@type":"Organization","@id":"https:\/\/truusk.store\/sv\/#organization","name":"TRUUSK - Hem, Tr\u00e4dg\u00e5rd & Fritid","url":"https:\/\/truusk.store\/sv\/","logo":{"@type":"ImageObject","inLanguage":"sv-SE","@id":"https:\/\/truusk.store\/sv\/#\/schema\/logo\/image\/","url":"https:\/\/i0.wp.com\/truusk.store\/wp-content\/uploads\/2026\/03\/cropped-TRUUSK.png?fit=2032%2C917&ssl=1","contentUrl":"https:\/\/i0.wp.com\/truusk.store\/wp-content\/uploads\/2026\/03\/cropped-TRUUSK.png?fit=2032%2C917&ssl=1","width":2032,"height":917,"caption":"TRUUSK - Hem, Tr\u00e4dg\u00e5rd & Fritid"},"image":{"@id":"https:\/\/truusk.store\/sv\/#\/schema\/logo\/image\/"}}]}},"jetpack_sharing_enabled":true,"_links":{"self":[{"href":"https:\/\/truusk.store\/sv\/wp-json\/wp\/v2\/product\/24125","targetHints":{"allow":["GET"]}}],"collection":[{"href":"https:\/\/truusk.store\/sv\/wp-json\/wp\/v2\/product"}],"about":[{"href":"https:\/\/truusk.store\/sv\/wp-json\/wp\/v2\/types\/product"}],"wp:featuredmedia":[{"embeddable":true,"href":"https:\/\/truusk.store\/sv\/wp-json\/wp\/v2\/media\/24126"}],"wp:attachment":[{"href":"https:\/\/truusk.store\/sv\/wp-json\/wp\/v2\/media?parent=24125"}],"wp:term":[{"taxonomy":"product_brand","embeddable":true,"href":"https:\/\/truusk.store\/sv\/wp-json\/wp\/v2\/product_brand?post=24125"},{"taxonomy":"product_cat","embeddable":true,"href":"https:\/\/truusk.store\/sv\/wp-json\/wp\/v2\/product_cat?post=24125"},{"taxonomy":"product_tag","embeddable":true,"href":"https:\/\/truusk.store\/sv\/wp-json\/wp\/v2\/product_tag?post=24125"}],"curies":[{"name":"wp","href":"https:\/\/api.w.org\/{rel}","templated":true}]}}