{"id":24137,"date":"2024-02-13T17:15:25","date_gmt":"2024-02-13T16:15:25","guid":{"rendered":"https:\/\/truusk.store\/product\/tradgardsbank-med-bord-tradgardsmobler-bank-2-stolar-massivt-tra-brun-157-x-88-x-103-cm\/"},"modified":"2026-03-12T09:05:24","modified_gmt":"2026-03-12T08:05:24","slug":"truusk-tradgardsbank-med-bord-tradgardsmobler-2-stolar-massivt-tra-brun-157-x-88-x-103-cm","status":"publish","type":"product","link":"https:\/\/truusk.store\/sv\/produkt\/truusk-tradgardsbank-med-bord-tradgardsmobler-2-stolar-massivt-tra-brun-157-x-88-x-103-cm\/","title":{"rendered":"TRUUSK Tr\u00e4dg\u00e5rdsb\u00e4nk Med Bord &#8211; Tr\u00e4dg\u00e5rdsm\u00f6bler &#8211; 2 Stolar &#8211; Massivt Tr\u00e4 &#8211; Brun &#8211; 157 x 88 x 103 cm"},"content":{"rendered":"<p>presenterar \u00e4nnu en h\u00f6jdpunkt utomhus med denna smarta kombinationstr\u00e4dg\u00e5rdsb\u00e4nk f\u00f6r tv\u00e5 personer med stora, lutande ryggst\u00f6d. Den integrerade mitthyllan skapar ett praktiskt utrymme f\u00f6r din mobiltelefon, en bok eller tv\u00e5 kaffekoppar. Utrymmesbesparande och m\u00e5ngsidig, perfekt f\u00f6r verandan, terrassen, tr\u00e4dg\u00e5rden, balkongen eller g\u00e5rden. Parkb\u00e4nkens rustika tr\u00e4charm anpassar sig till alla utomhusomr\u00e5den och kan f\u00f6rfinas med valfri f\u00e4rg vid behov.<\/p>\n<h3>Beskrivning:<\/h3>\n<ul>\n<li>Raffinerad tr\u00e4dg\u00e5rdsb\u00e4nkskombination f\u00f6r tv\u00e5 personer<\/li>\n<li>Integrerad hylla p\u00e5 balkongb\u00e4nken f\u00f6r drycker, b\u00f6cker med mera<\/li>\n<li>V\u00e4derbest\u00e4ndigt, h\u00e5llbart grantr\u00e4<\/li>\n<li>Bekv\u00e4ma ryggst\u00f6d och behagligt breda s\u00e4ten<\/li>\n<li>Enkel konstruktion<\/li>\n<\/ul>\n<h3>Teknisk data:<\/h3>\n<ul>\n<li>F\u00e4rg brun<\/li>\n<li>Material: gran<\/li>\n<li>\u00d6vergripande m\u00e5tt: 157W x 88D x 103H cm<\/li>\n<li>Varje sits: 49W x 51D cm<\/li>\n<li>Sitth\u00f6jd: 39 cm<\/li>\n<li>Ryggst\u00f6dsstorlek: 41W x 67H cm<\/li>\n<li>Bordsstorlek: 31W x 52D cm<\/li>\n<li>Lastkapacitet: 150 kg (per sittplats), 20 kg (bord)<\/li>\n<\/ul>\n<h3>Leveransens omfattning:<\/h3>\n<ul>\n<li>1 x Tr\u00e4dg\u00e5rdsb\u00e4nk<\/li>\n<li>1 x Instruktioner<\/li>\n<\/ul>\n","protected":false},"excerpt":{"rendered":"<p>presenterar \u00e4nnu en h\u00f6jdpunkt utomhus med denna smarta kombinationstr\u00e4dg\u00e5rdsb\u00e4nk f\u00f6r tv\u00e5 personer med stora, lutande ryggst\u00f6d. Den integrerade mitthyllan skapar&#8230;<\/p>\n","protected":false},"featured_media":24138,"template":"","meta":[],"product_brand":[],"product_cat":[435,454,450],"product_tag":[],"class_list":{"0":"post-24137","1":"product","2":"type-product","3":"status-publish","4":"has-post-thumbnail","6":"product_cat-tradgard-och-terrass","7":"product_cat-tradgardsbankar","8":"product_cat-tradgardsmobler","10":"first","11":"instock","12":"sale","13":"taxable","14":"shipping-taxable","15":"purchasable","16":"product-type-simple"},"yoast_head":"<!-- This site is optimized with the Yoast SEO plugin v25.4 - https:\/\/yoast.com\/wordpress\/plugins\/seo\/ -->\n<title>TRUUSK Tr\u00e4dg\u00e5rdsb\u00e4nk Med Bord - Tr\u00e4dg\u00e5rdsm\u00f6bler - 2 Stolar - Massivt Tr\u00e4 - Brun - 157 x 88 x 103 cm - TRUUSK - Hem, Tr\u00e4dg\u00e5rd &amp; Fritid<\/title>\n<meta name=\"robots\" content=\"index, follow, max-snippet:-1, max-image-preview:large, max-video-preview:-1\" \/>\n<link rel=\"canonical\" href=\"https:\/\/truusk.store\/sv\/produkt\/truusk-tradgardsbank-med-bord-tradgardsmobler-2-stolar-massivt-tra-brun-157-x-88-x-103-cm\/\" \/>\n<meta property=\"og:locale\" content=\"sv_SE\" \/>\n<meta property=\"og:type\" content=\"article\" \/>\n<meta property=\"og:title\" content=\"TRUUSK Tr\u00e4dg\u00e5rdsb\u00e4nk Med Bord - Tr\u00e4dg\u00e5rdsm\u00f6bler - 2 Stolar - Massivt Tr\u00e4 - Brun - 157 x 88 x 103 cm - TRUUSK - Hem, Tr\u00e4dg\u00e5rd &amp; Fritid\" \/>\n<meta property=\"og:description\" content=\"presenterar \u00e4nnu en h\u00f6jdpunkt utomhus med denna smarta kombinationstr\u00e4dg\u00e5rdsb\u00e4nk f\u00f6r tv\u00e5 personer med stora, lutande ryggst\u00f6d. Den integrerade mitthyllan skapar...\" \/>\n<meta property=\"og:url\" content=\"https:\/\/truusk.store\/sv\/produkt\/truusk-tradgardsbank-med-bord-tradgardsmobler-2-stolar-massivt-tra-brun-157-x-88-x-103-cm\/\" \/>\n<meta property=\"og:site_name\" content=\"TRUUSK - Hem, Tr\u00e4dg\u00e5rd &amp; Fritid\" \/>\n<meta property=\"article:modified_time\" content=\"2026-03-12T08:05:24+00:00\" \/>\n<meta property=\"og:image\" content=\"https:\/\/i0.wp.com\/truusk.se\/wp-content\/uploads\/2024\/02\/tradgardsbank-med-bord-tradgardsmobler-bank-2-stolar-massivt-tra-brun-157-x-88-x-103-cm.webp?fit=800%2C800&ssl=1\" \/>\n\t<meta property=\"og:image:width\" content=\"800\" \/>\n\t<meta property=\"og:image:height\" content=\"800\" \/>\n\t<meta property=\"og:image:type\" content=\"image\/webp\" \/>\n<meta name=\"twitter:card\" content=\"summary_large_image\" \/>\n<meta name=\"twitter:label1\" content=\"Ber\u00e4knad l\u00e4stid\" \/>\n\t<meta name=\"twitter:data1\" content=\"1 minut\" \/>\n<!-- \/ Yoast SEO plugin. -->","yoast_head_json":{"title":"TRUUSK Tr\u00e4dg\u00e5rdsb\u00e4nk Med Bord - Tr\u00e4dg\u00e5rdsm\u00f6bler - 2 Stolar - Massivt Tr\u00e4 - Brun - 157 x 88 x 103 cm - TRUUSK - Hem, Tr\u00e4dg\u00e5rd &amp; Fritid","robots":{"index":"index","follow":"follow","max-snippet":"max-snippet:-1","max-image-preview":"max-image-preview:large","max-video-preview":"max-video-preview:-1"},"canonical":"https:\/\/truusk.store\/sv\/produkt\/truusk-tradgardsbank-med-bord-tradgardsmobler-2-stolar-massivt-tra-brun-157-x-88-x-103-cm\/","og_locale":"sv_SE","og_type":"article","og_title":"TRUUSK Tr\u00e4dg\u00e5rdsb\u00e4nk Med Bord - Tr\u00e4dg\u00e5rdsm\u00f6bler - 2 Stolar - Massivt Tr\u00e4 - Brun - 157 x 88 x 103 cm - TRUUSK - Hem, Tr\u00e4dg\u00e5rd &amp; Fritid","og_description":"presenterar \u00e4nnu en h\u00f6jdpunkt utomhus med denna smarta kombinationstr\u00e4dg\u00e5rdsb\u00e4nk f\u00f6r tv\u00e5 personer med stora, lutande ryggst\u00f6d. Den integrerade mitthyllan skapar...","og_url":"https:\/\/truusk.store\/sv\/produkt\/truusk-tradgardsbank-med-bord-tradgardsmobler-2-stolar-massivt-tra-brun-157-x-88-x-103-cm\/","og_site_name":"TRUUSK - Hem, Tr\u00e4dg\u00e5rd &amp; Fritid","article_modified_time":"2026-03-12T08:05:24+00:00","og_image":[{"width":800,"height":800,"url":"https:\/\/i0.wp.com\/truusk.se\/wp-content\/uploads\/2024\/02\/tradgardsbank-med-bord-tradgardsmobler-bank-2-stolar-massivt-tra-brun-157-x-88-x-103-cm.webp?fit=800%2C800&ssl=1","type":"image\/webp"}],"twitter_card":"summary_large_image","twitter_misc":{"Ber\u00e4knad l\u00e4stid":"1 minut"},"schema":{"@context":"https:\/\/schema.org","@graph":[{"@type":"WebPage","@id":"https:\/\/truusk.store\/sv\/produkt\/truusk-tradgardsbank-med-bord-tradgardsmobler-2-stolar-massivt-tra-brun-157-x-88-x-103-cm\/","url":"https:\/\/truusk.store\/sv\/produkt\/truusk-tradgardsbank-med-bord-tradgardsmobler-2-stolar-massivt-tra-brun-157-x-88-x-103-cm\/","name":"TRUUSK Tr\u00e4dg\u00e5rdsb\u00e4nk Med Bord - Tr\u00e4dg\u00e5rdsm\u00f6bler - 2 Stolar - Massivt Tr\u00e4 - Brun - 157 x 88 x 103 cm - TRUUSK - Hem, Tr\u00e4dg\u00e5rd &amp; Fritid","isPartOf":{"@id":"https:\/\/truusk.store\/sv\/#website"},"primaryImageOfPage":{"@id":"https:\/\/truusk.store\/sv\/produkt\/truusk-tradgardsbank-med-bord-tradgardsmobler-2-stolar-massivt-tra-brun-157-x-88-x-103-cm\/#primaryimage"},"image":{"@id":"https:\/\/truusk.store\/sv\/produkt\/truusk-tradgardsbank-med-bord-tradgardsmobler-2-stolar-massivt-tra-brun-157-x-88-x-103-cm\/#primaryimage"},"thumbnailUrl":"https:\/\/i0.wp.com\/truusk.store\/wp-content\/uploads\/2024\/02\/tradgardsbank-med-bord-tradgardsmobler-bank-2-stolar-massivt-tra-brun-157-x-88-x-103-cm.webp?fit=800%2C800&ssl=1","datePublished":"2024-02-13T16:15:25+00:00","dateModified":"2026-03-12T08:05:24+00:00","breadcrumb":{"@id":"https:\/\/truusk.store\/sv\/produkt\/truusk-tradgardsbank-med-bord-tradgardsmobler-2-stolar-massivt-tra-brun-157-x-88-x-103-cm\/#breadcrumb"},"inLanguage":"sv-SE","potentialAction":[{"@type":"ReadAction","target":["https:\/\/truusk.store\/sv\/produkt\/truusk-tradgardsbank-med-bord-tradgardsmobler-2-stolar-massivt-tra-brun-157-x-88-x-103-cm\/"]}]},{"@type":"ImageObject","inLanguage":"sv-SE","@id":"https:\/\/truusk.store\/sv\/produkt\/truusk-tradgardsbank-med-bord-tradgardsmobler-2-stolar-massivt-tra-brun-157-x-88-x-103-cm\/#primaryimage","url":"https:\/\/i0.wp.com\/truusk.store\/wp-content\/uploads\/2024\/02\/tradgardsbank-med-bord-tradgardsmobler-bank-2-stolar-massivt-tra-brun-157-x-88-x-103-cm.webp?fit=800%2C800&ssl=1","contentUrl":"https:\/\/i0.wp.com\/truusk.store\/wp-content\/uploads\/2024\/02\/tradgardsbank-med-bord-tradgardsmobler-bank-2-stolar-massivt-tra-brun-157-x-88-x-103-cm.webp?fit=800%2C800&ssl=1","width":800,"height":800,"caption":"Tr\u00e4dg\u00e5rdsb\u00e4nk Med Bord, Tr\u00e4dg\u00e5rdsm\u00f6bler, B\u00e4nk, 2 Stolar, Massivt Tr\u00e4, Brun, 157 X 88 X 103 Cm 1"},{"@type":"BreadcrumbList","@id":"https:\/\/truusk.store\/sv\/produkt\/truusk-tradgardsbank-med-bord-tradgardsmobler-2-stolar-massivt-tra-brun-157-x-88-x-103-cm\/#breadcrumb","itemListElement":[{"@type":"ListItem","position":1,"name":"Home","item":"https:\/\/truusk.store\/sv\/"},{"@type":"ListItem","position":2,"name":"Shop","item":"https:\/\/truusk.store\/shop\/"},{"@type":"ListItem","position":3,"name":"TRUUSK Tr\u00e4dg\u00e5rdsb\u00e4nk Med Bord &#8211; Tr\u00e4dg\u00e5rdsm\u00f6bler &#8211; 2 Stolar &#8211; Massivt Tr\u00e4 &#8211; Brun &#8211; 157 x 88 x 103 cm"}]},{"@type":"WebSite","@id":"https:\/\/truusk.store\/sv\/#website","url":"https:\/\/truusk.store\/sv\/","name":"TRUUSK - Hem, Tr\u00e4dg\u00e5rd & Fritid","description":"","publisher":{"@id":"https:\/\/truusk.store\/sv\/#organization"},"potentialAction":[{"@type":"SearchAction","target":{"@type":"EntryPoint","urlTemplate":"https:\/\/truusk.store\/sv\/?s={search_term_string}"},"query-input":{"@type":"PropertyValueSpecification","valueRequired":true,"valueName":"search_term_string"}}],"inLanguage":"sv-SE"},{"@type":"Organization","@id":"https:\/\/truusk.store\/sv\/#organization","name":"TRUUSK - Hem, Tr\u00e4dg\u00e5rd & Fritid","url":"https:\/\/truusk.store\/sv\/","logo":{"@type":"ImageObject","inLanguage":"sv-SE","@id":"https:\/\/truusk.store\/sv\/#\/schema\/logo\/image\/","url":"https:\/\/i0.wp.com\/truusk.store\/wp-content\/uploads\/2026\/03\/cropped-TRUUSK.png?fit=2032%2C917&ssl=1","contentUrl":"https:\/\/i0.wp.com\/truusk.store\/wp-content\/uploads\/2026\/03\/cropped-TRUUSK.png?fit=2032%2C917&ssl=1","width":2032,"height":917,"caption":"TRUUSK - Hem, Tr\u00e4dg\u00e5rd & Fritid"},"image":{"@id":"https:\/\/truusk.store\/sv\/#\/schema\/logo\/image\/"}}]}},"jetpack_sharing_enabled":true,"_links":{"self":[{"href":"https:\/\/truusk.store\/sv\/wp-json\/wp\/v2\/product\/24137","targetHints":{"allow":["GET"]}}],"collection":[{"href":"https:\/\/truusk.store\/sv\/wp-json\/wp\/v2\/product"}],"about":[{"href":"https:\/\/truusk.store\/sv\/wp-json\/wp\/v2\/types\/product"}],"wp:featuredmedia":[{"embeddable":true,"href":"https:\/\/truusk.store\/sv\/wp-json\/wp\/v2\/media\/24138"}],"wp:attachment":[{"href":"https:\/\/truusk.store\/sv\/wp-json\/wp\/v2\/media?parent=24137"}],"wp:term":[{"taxonomy":"product_brand","embeddable":true,"href":"https:\/\/truusk.store\/sv\/wp-json\/wp\/v2\/product_brand?post=24137"},{"taxonomy":"product_cat","embeddable":true,"href":"https:\/\/truusk.store\/sv\/wp-json\/wp\/v2\/product_cat?post=24137"},{"taxonomy":"product_tag","embeddable":true,"href":"https:\/\/truusk.store\/sv\/wp-json\/wp\/v2\/product_tag?post=24137"}],"curies":[{"name":"wp","href":"https:\/\/api.w.org\/{rel}","templated":true}]}}