{"id":24149,"date":"2024-02-13T17:15:46","date_gmt":"2024-02-13T16:15:46","guid":{"rendered":"https:\/\/truusk.store\/product\/skrapstolpe-med-sisal-katt-trad-klattertrad-kattmobler-skrapa-med-mjuk-plysch-kattleksak-stall-e1-klass-spanskiva-beige-50-x-30-x-815-cm\/"},"modified":"2026-03-12T09:05:24","modified_gmt":"2026-03-12T08:05:24","slug":"truusk-katt-trad-med-sisal-skrapstolpe-klattertrad-mjuk-plysch-kattleksak-beige-50-x-30-x-815-cm","status":"publish","type":"product","link":"https:\/\/truusk.store\/sv\/produkt\/truusk-katt-trad-med-sisal-skrapstolpe-klattertrad-mjuk-plysch-kattleksak-beige-50-x-30-x-815-cm\/","title":{"rendered":"TRUUSK Katt Tr\u00e4d &#8211; Med Sisal Skrapstolpe &#8211; Kl\u00e4ttertr\u00e4d &#8211; Mjuk Plysch &#8211; Kattleksak &#8211; Beige &#8211; 50 x 30 x 81,5 cm"},"content":{"rendered":"<p>Denna kattskrapstolpe \u00e4r en sovplats, en leksak och ett kl\u00e4tterparadis i ett! En mysig plysch sovgrotta erbjuder din katt den perfekta platsen att dra sig tillbaka p\u00e5. Stolparna \u00e4r t\u00e4ckta med sisalrep s\u00e5 att din katt l\u00e4tt kan v\u00e4ssa klorna p\u00e5 dem. Olika plattformar ger en perfekt \u00f6verblick och massor av variation. Den speciella h\u00f6jdpunkten &#8211; leksaken \u00e4r redan integrerad i skrapstolpen. Med detta skrapinl\u00e4gg kommer ingen katt att bli uttr\u00e5kad.<\/p>\n<h3>Beskrivning:<\/h3>\n<ul>\n<li>Med integrerad kattleksak<\/li>\n<li>Plattformar och sovgrottor \u00e4r t\u00e4ckta med mjuk plysch<\/li>\n<li>2 olika h\u00f6jdplattformar<\/li>\n<li>Sisalrepstolparna f\u00f6r att slipa klorna<\/li>\n<li>Enkel och modern design &#8211; passar m\u00e5nga interi\u00f6rer<\/li>\n<li>Tillverkad av slitstarkt och l\u00e4ttsk\u00f6tt material<\/li>\n<li>Enkel montering kr\u00e4vs<\/li>\n<\/ul>\n<h3>Teknisk data:<\/h3>\n<ul>\n<li>F\u00e4rg beige<\/li>\n<li>Material: E1 klass sp\u00e5nskiva, plysch, sisal<\/li>\n<li>\u00d6vergripande m\u00e5tt: 50W x 30D x 81,5H cm<\/li>\n<li>L\u00e4genhetens storlek: 30W x 30D x 29H cm<\/li>\n<li>D\u00f6rrh\u00e5lsstorlek: 20 cm<\/li>\n<li>Abborrestorlek (nedifr\u00e5n och upp): 50W x 30D cm, 40W x 25D cm, 30W x 25D cm<\/li>\n<li>Skrapstolpe: 7cm<\/li>\n<li>Lastkapacitet (totalt): 30 kg<\/li>\n<li>Lastkapacitet (platt): 4,54 kg<\/li>\n<\/ul>\n<h3>Leveransens omfattning:<\/h3>\n<ul>\n<li>1 x skrapstolpe<\/li>\n<li>1 x Instruktioner<\/li>\n<\/ul>\n","protected":false},"excerpt":{"rendered":"<p>Denna kattskrapstolpe \u00e4r en sovplats, en leksak och ett kl\u00e4tterparadis i ett! En mysig plysch sovgrotta erbjuder din katt den&#8230;<\/p>\n","protected":false},"featured_media":24150,"template":"","meta":[],"product_brand":[],"product_cat":[573,588,589],"product_tag":[],"class_list":{"0":"post-24149","1":"product","2":"type-product","3":"status-publish","4":"has-post-thumbnail","6":"product_cat-husdjursmaterial","7":"product_cat-katttillbehor","8":"product_cat-skrapande-inlagg","10":"first","11":"instock","12":"sale","13":"taxable","14":"shipping-taxable","15":"purchasable","16":"product-type-simple"},"yoast_head":"<!-- This site is optimized with the Yoast SEO plugin v25.4 - https:\/\/yoast.com\/wordpress\/plugins\/seo\/ -->\n<title>TRUUSK Katt Tr\u00e4d - Med Sisal Skrapstolpe - Kl\u00e4ttertr\u00e4d - Mjuk Plysch - Kattleksak - Beige - 50 x 30 x 81,5 cm - TRUUSK - Hem, Tr\u00e4dg\u00e5rd &amp; Fritid<\/title>\n<meta name=\"robots\" content=\"index, follow, max-snippet:-1, max-image-preview:large, max-video-preview:-1\" \/>\n<link rel=\"canonical\" href=\"https:\/\/truusk.store\/sv\/produkt\/truusk-katt-trad-med-sisal-skrapstolpe-klattertrad-mjuk-plysch-kattleksak-beige-50-x-30-x-815-cm\/\" \/>\n<meta property=\"og:locale\" content=\"sv_SE\" \/>\n<meta property=\"og:type\" content=\"article\" \/>\n<meta property=\"og:title\" content=\"TRUUSK Katt Tr\u00e4d - Med Sisal Skrapstolpe - Kl\u00e4ttertr\u00e4d - Mjuk Plysch - Kattleksak - Beige - 50 x 30 x 81,5 cm - TRUUSK - Hem, Tr\u00e4dg\u00e5rd &amp; Fritid\" \/>\n<meta property=\"og:description\" content=\"Denna kattskrapstolpe \u00e4r en sovplats, en leksak och ett kl\u00e4tterparadis i ett! En mysig plysch sovgrotta erbjuder din katt den...\" \/>\n<meta property=\"og:url\" content=\"https:\/\/truusk.store\/sv\/produkt\/truusk-katt-trad-med-sisal-skrapstolpe-klattertrad-mjuk-plysch-kattleksak-beige-50-x-30-x-815-cm\/\" \/>\n<meta property=\"og:site_name\" content=\"TRUUSK - Hem, Tr\u00e4dg\u00e5rd &amp; Fritid\" \/>\n<meta property=\"article:modified_time\" content=\"2026-03-12T08:05:24+00:00\" \/>\n<meta property=\"og:image\" content=\"https:\/\/i0.wp.com\/truusk.se\/wp-content\/uploads\/2024\/02\/skrapstolpe-med-sisal-katt-trad-klattertrad-kattmobler-skrapa-med-mjuk-plysch-kattleksak-stall-e1-klass-spanskiva-beige-50-x-30-x-815-cm.webp?fit=800%2C800&ssl=1\" \/>\n\t<meta property=\"og:image:width\" content=\"800\" \/>\n\t<meta property=\"og:image:height\" content=\"800\" \/>\n\t<meta property=\"og:image:type\" content=\"image\/webp\" \/>\n<meta name=\"twitter:card\" content=\"summary_large_image\" \/>\n<meta name=\"twitter:label1\" content=\"Ber\u00e4knad l\u00e4stid\" \/>\n\t<meta name=\"twitter:data1\" content=\"1 minut\" \/>\n<!-- \/ Yoast SEO plugin. -->","yoast_head_json":{"title":"TRUUSK Katt Tr\u00e4d - Med Sisal Skrapstolpe - Kl\u00e4ttertr\u00e4d - Mjuk Plysch - Kattleksak - Beige - 50 x 30 x 81,5 cm - TRUUSK - Hem, Tr\u00e4dg\u00e5rd &amp; Fritid","robots":{"index":"index","follow":"follow","max-snippet":"max-snippet:-1","max-image-preview":"max-image-preview:large","max-video-preview":"max-video-preview:-1"},"canonical":"https:\/\/truusk.store\/sv\/produkt\/truusk-katt-trad-med-sisal-skrapstolpe-klattertrad-mjuk-plysch-kattleksak-beige-50-x-30-x-815-cm\/","og_locale":"sv_SE","og_type":"article","og_title":"TRUUSK Katt Tr\u00e4d - Med Sisal Skrapstolpe - Kl\u00e4ttertr\u00e4d - Mjuk Plysch - Kattleksak - Beige - 50 x 30 x 81,5 cm - TRUUSK - Hem, Tr\u00e4dg\u00e5rd &amp; Fritid","og_description":"Denna kattskrapstolpe \u00e4r en sovplats, en leksak och ett kl\u00e4tterparadis i ett! En mysig plysch sovgrotta erbjuder din katt den...","og_url":"https:\/\/truusk.store\/sv\/produkt\/truusk-katt-trad-med-sisal-skrapstolpe-klattertrad-mjuk-plysch-kattleksak-beige-50-x-30-x-815-cm\/","og_site_name":"TRUUSK - Hem, Tr\u00e4dg\u00e5rd &amp; Fritid","article_modified_time":"2026-03-12T08:05:24+00:00","og_image":[{"width":800,"height":800,"url":"https:\/\/i0.wp.com\/truusk.se\/wp-content\/uploads\/2024\/02\/skrapstolpe-med-sisal-katt-trad-klattertrad-kattmobler-skrapa-med-mjuk-plysch-kattleksak-stall-e1-klass-spanskiva-beige-50-x-30-x-815-cm.webp?fit=800%2C800&ssl=1","type":"image\/webp"}],"twitter_card":"summary_large_image","twitter_misc":{"Ber\u00e4knad l\u00e4stid":"1 minut"},"schema":{"@context":"https:\/\/schema.org","@graph":[{"@type":"WebPage","@id":"https:\/\/truusk.store\/sv\/produkt\/truusk-katt-trad-med-sisal-skrapstolpe-klattertrad-mjuk-plysch-kattleksak-beige-50-x-30-x-815-cm\/","url":"https:\/\/truusk.store\/sv\/produkt\/truusk-katt-trad-med-sisal-skrapstolpe-klattertrad-mjuk-plysch-kattleksak-beige-50-x-30-x-815-cm\/","name":"TRUUSK Katt Tr\u00e4d - Med Sisal Skrapstolpe - Kl\u00e4ttertr\u00e4d - Mjuk Plysch - Kattleksak - Beige - 50 x 30 x 81,5 cm - TRUUSK - Hem, Tr\u00e4dg\u00e5rd &amp; Fritid","isPartOf":{"@id":"https:\/\/truusk.store\/sv\/#website"},"primaryImageOfPage":{"@id":"https:\/\/truusk.store\/sv\/produkt\/truusk-katt-trad-med-sisal-skrapstolpe-klattertrad-mjuk-plysch-kattleksak-beige-50-x-30-x-815-cm\/#primaryimage"},"image":{"@id":"https:\/\/truusk.store\/sv\/produkt\/truusk-katt-trad-med-sisal-skrapstolpe-klattertrad-mjuk-plysch-kattleksak-beige-50-x-30-x-815-cm\/#primaryimage"},"thumbnailUrl":"https:\/\/i0.wp.com\/truusk.store\/wp-content\/uploads\/2024\/02\/skrapstolpe-med-sisal-katt-trad-klattertrad-kattmobler-skrapa-med-mjuk-plysch-kattleksak-stall-e1-klass-spanskiva-beige-50-x-30-x-815-cm.webp?fit=800%2C800&ssl=1","datePublished":"2024-02-13T16:15:46+00:00","dateModified":"2026-03-12T08:05:24+00:00","breadcrumb":{"@id":"https:\/\/truusk.store\/sv\/produkt\/truusk-katt-trad-med-sisal-skrapstolpe-klattertrad-mjuk-plysch-kattleksak-beige-50-x-30-x-815-cm\/#breadcrumb"},"inLanguage":"sv-SE","potentialAction":[{"@type":"ReadAction","target":["https:\/\/truusk.store\/sv\/produkt\/truusk-katt-trad-med-sisal-skrapstolpe-klattertrad-mjuk-plysch-kattleksak-beige-50-x-30-x-815-cm\/"]}]},{"@type":"ImageObject","inLanguage":"sv-SE","@id":"https:\/\/truusk.store\/sv\/produkt\/truusk-katt-trad-med-sisal-skrapstolpe-klattertrad-mjuk-plysch-kattleksak-beige-50-x-30-x-815-cm\/#primaryimage","url":"https:\/\/i0.wp.com\/truusk.store\/wp-content\/uploads\/2024\/02\/skrapstolpe-med-sisal-katt-trad-klattertrad-kattmobler-skrapa-med-mjuk-plysch-kattleksak-stall-e1-klass-spanskiva-beige-50-x-30-x-815-cm.webp?fit=800%2C800&ssl=1","contentUrl":"https:\/\/i0.wp.com\/truusk.store\/wp-content\/uploads\/2024\/02\/skrapstolpe-med-sisal-katt-trad-klattertrad-kattmobler-skrapa-med-mjuk-plysch-kattleksak-stall-e1-klass-spanskiva-beige-50-x-30-x-815-cm.webp?fit=800%2C800&ssl=1","width":800,"height":800,"caption":"Skrapstolpe Med Sisal Katt Tr\u00e4d Kl\u00e4ttertr\u00e4d Kattm\u00f6bler Skrapa Med Mjuk Plysch Kattleksak Stall E1 Klass Sp\u00e5nskiva Beige 50 X 30 X 81,5 Cm 1"},{"@type":"BreadcrumbList","@id":"https:\/\/truusk.store\/sv\/produkt\/truusk-katt-trad-med-sisal-skrapstolpe-klattertrad-mjuk-plysch-kattleksak-beige-50-x-30-x-815-cm\/#breadcrumb","itemListElement":[{"@type":"ListItem","position":1,"name":"Home","item":"https:\/\/truusk.store\/sv\/"},{"@type":"ListItem","position":2,"name":"Shop","item":"https:\/\/truusk.store\/shop\/"},{"@type":"ListItem","position":3,"name":"TRUUSK Katt Tr\u00e4d &#8211; Med Sisal Skrapstolpe &#8211; Kl\u00e4ttertr\u00e4d &#8211; Mjuk Plysch &#8211; Kattleksak &#8211; Beige &#8211; 50 x 30 x 81,5 cm"}]},{"@type":"WebSite","@id":"https:\/\/truusk.store\/sv\/#website","url":"https:\/\/truusk.store\/sv\/","name":"TRUUSK - Hem, Tr\u00e4dg\u00e5rd & Fritid","description":"","publisher":{"@id":"https:\/\/truusk.store\/sv\/#organization"},"potentialAction":[{"@type":"SearchAction","target":{"@type":"EntryPoint","urlTemplate":"https:\/\/truusk.store\/sv\/?s={search_term_string}"},"query-input":{"@type":"PropertyValueSpecification","valueRequired":true,"valueName":"search_term_string"}}],"inLanguage":"sv-SE"},{"@type":"Organization","@id":"https:\/\/truusk.store\/sv\/#organization","name":"TRUUSK - Hem, Tr\u00e4dg\u00e5rd & Fritid","url":"https:\/\/truusk.store\/sv\/","logo":{"@type":"ImageObject","inLanguage":"sv-SE","@id":"https:\/\/truusk.store\/sv\/#\/schema\/logo\/image\/","url":"https:\/\/i0.wp.com\/truusk.store\/wp-content\/uploads\/2026\/03\/cropped-TRUUSK.png?fit=2032%2C917&ssl=1","contentUrl":"https:\/\/i0.wp.com\/truusk.store\/wp-content\/uploads\/2026\/03\/cropped-TRUUSK.png?fit=2032%2C917&ssl=1","width":2032,"height":917,"caption":"TRUUSK - Hem, Tr\u00e4dg\u00e5rd & Fritid"},"image":{"@id":"https:\/\/truusk.store\/sv\/#\/schema\/logo\/image\/"}}]}},"jetpack_sharing_enabled":true,"_links":{"self":[{"href":"https:\/\/truusk.store\/sv\/wp-json\/wp\/v2\/product\/24149","targetHints":{"allow":["GET"]}}],"collection":[{"href":"https:\/\/truusk.store\/sv\/wp-json\/wp\/v2\/product"}],"about":[{"href":"https:\/\/truusk.store\/sv\/wp-json\/wp\/v2\/types\/product"}],"wp:featuredmedia":[{"embeddable":true,"href":"https:\/\/truusk.store\/sv\/wp-json\/wp\/v2\/media\/24150"}],"wp:attachment":[{"href":"https:\/\/truusk.store\/sv\/wp-json\/wp\/v2\/media?parent=24149"}],"wp:term":[{"taxonomy":"product_brand","embeddable":true,"href":"https:\/\/truusk.store\/sv\/wp-json\/wp\/v2\/product_brand?post=24149"},{"taxonomy":"product_cat","embeddable":true,"href":"https:\/\/truusk.store\/sv\/wp-json\/wp\/v2\/product_cat?post=24149"},{"taxonomy":"product_tag","embeddable":true,"href":"https:\/\/truusk.store\/sv\/wp-json\/wp\/v2\/product_tag?post=24149"}],"curies":[{"name":"wp","href":"https:\/\/api.w.org\/{rel}","templated":true}]}}