{"id":24173,"date":"2024-02-13T17:16:32","date_gmt":"2024-02-13T16:16:32","guid":{"rendered":"https:\/\/truusk.store\/product\/bistroset-tradgardsset-for-2-personer-balkongmobelset-gjuten-aluminium-antikgront\/"},"modified":"2026-03-12T09:05:24","modified_gmt":"2026-03-12T08:05:24","slug":"truusk-balkongmobelset-for-2-personer-gjuten-aluminium-antikgront-tradgardsset","status":"publish","type":"product","link":"https:\/\/truusk.store\/sv\/produkt\/truusk-balkongmobelset-for-2-personer-gjuten-aluminium-antikgront-tradgardsset\/","title":{"rendered":"TRUUSK Balkongm\u00f6belset F\u00f6r 2 Personer &#8211; Gjuten Aluminium &#8211; Antikgr\u00f6nt &#8211; Tr\u00e4dg\u00e5rdsset"},"content":{"rendered":"<p>V\u00e5rt 3-delade bistroset \u00e4r s\u00e4rskilt imponerande med sitt dekorativa antika utseende. Tr\u00e4dg\u00e5rdssetet best\u00e5r av ett runt bord och tv\u00e5 stolar. Den \u00e4r gjord av gjuten aluminium och \u00e4r d\u00e4rf\u00f6r v\u00e4derbest\u00e4ndig, stabil och l\u00e4tt. Det finns en oansenlig \u00f6ppning f\u00f6r parasoll inb\u00e4ddad i bordsskivan. P\u00e5 s\u00e5 s\u00e4tt kan du ocks\u00e5 utan anstr\u00e4ngning sitta i skuggan och njuta av en h\u00e4rlig stund i ditt tr\u00e4dg\u00e5rdsparadis.<\/p>\n<h3>Beskrivning:<\/h3>\n<ul>\n<li>3-delat bistroset i en dekorativ antik look<\/li>\n<li>Best\u00e5r av ett bord och tv\u00e5 stolar, kan anv\u00e4ndas p\u00e5 en m\u00e4ngd olika s\u00e4tt<\/li>\n<li>Tillverkad av gjuten aluminium, robust och rostbest\u00e4ndig<\/li>\n<li>Bordsskiva med parasollh\u00e5llare<\/li>\n<li>Ergonomiskt formad sits<\/li>\n<li>Enkel konstruktion<\/li>\n<\/ul>\n<h3>Teknisk data:<\/h3>\n<ul>\n<li>Material: gjuten aluminium, gjutj\u00e4rn<\/li>\n<li>F\u00e4rg: antikgr\u00f6n<\/li>\n<li>M\u00e5tt p\u00e5 stolen: B49 x D40 x H82 cm<\/li>\n<li>M\u00e5tt p\u00e5 bordet: 60 x H69cm<\/li>\n<li>Sitth\u00f6jd: 40 cm<\/li>\n<li>Diameter p\u00e5 paraplyh\u00e5llare: 46 mm<\/li>\n<li>Max lastkapacitet: 120 kg (stol), 50 kg (bord)<\/li>\n<\/ul>\n<h3>Leveransens omfattning:<\/h3>\n<ul>\n<li>1 x Bistrobord<\/li>\n<li>2 x stolar<\/li>\n<\/ul>\n","protected":false},"excerpt":{"rendered":"<p>V\u00e5rt 3-delade bistroset \u00e4r s\u00e4rskilt imponerande med sitt dekorativa antika utseende. Tr\u00e4dg\u00e5rdssetet best\u00e5r av ett runt bord och tv\u00e5 stolar&#8230;.<\/p>\n","protected":false},"featured_media":24174,"template":"","meta":[],"product_brand":[],"product_cat":[435,450,456],"product_tag":[],"class_list":{"0":"post-24173","1":"product","2":"type-product","3":"status-publish","4":"has-post-thumbnail","6":"product_cat-tradgard-och-terrass","7":"product_cat-tradgardsmobler","8":"product_cat-tradgardsmobler-set","10":"first","11":"instock","12":"sale","13":"taxable","14":"shipping-taxable","15":"purchasable","16":"product-type-simple"},"yoast_head":"<!-- This site is optimized with the Yoast SEO plugin v25.4 - https:\/\/yoast.com\/wordpress\/plugins\/seo\/ -->\n<title>TRUUSK Balkongm\u00f6belset F\u00f6r 2 Personer - Gjuten Aluminium - Antikgr\u00f6nt - Tr\u00e4dg\u00e5rdsset - TRUUSK - Hem, Tr\u00e4dg\u00e5rd &amp; Fritid<\/title>\n<meta name=\"robots\" content=\"index, follow, max-snippet:-1, max-image-preview:large, max-video-preview:-1\" \/>\n<link rel=\"canonical\" href=\"https:\/\/truusk.store\/sv\/produkt\/truusk-balkongmobelset-for-2-personer-gjuten-aluminium-antikgront-tradgardsset\/\" \/>\n<meta property=\"og:locale\" content=\"sv_SE\" \/>\n<meta property=\"og:type\" content=\"article\" \/>\n<meta property=\"og:title\" content=\"TRUUSK Balkongm\u00f6belset F\u00f6r 2 Personer - Gjuten Aluminium - Antikgr\u00f6nt - Tr\u00e4dg\u00e5rdsset - TRUUSK - Hem, Tr\u00e4dg\u00e5rd &amp; Fritid\" \/>\n<meta property=\"og:description\" content=\"V\u00e5rt 3-delade bistroset \u00e4r s\u00e4rskilt imponerande med sitt dekorativa antika utseende. Tr\u00e4dg\u00e5rdssetet best\u00e5r av ett runt bord och tv\u00e5 stolar....\" \/>\n<meta property=\"og:url\" content=\"https:\/\/truusk.store\/sv\/produkt\/truusk-balkongmobelset-for-2-personer-gjuten-aluminium-antikgront-tradgardsset\/\" \/>\n<meta property=\"og:site_name\" content=\"TRUUSK - Hem, Tr\u00e4dg\u00e5rd &amp; Fritid\" \/>\n<meta property=\"article:modified_time\" content=\"2026-03-12T08:05:24+00:00\" \/>\n<meta property=\"og:image\" content=\"https:\/\/i0.wp.com\/truusk.se\/wp-content\/uploads\/2024\/02\/bistroset-tradgardsset-for-2-personer-balkongmobelset-gjuten-aluminium-antikgront.webp?fit=800%2C800&ssl=1\" \/>\n\t<meta property=\"og:image:width\" content=\"800\" \/>\n\t<meta property=\"og:image:height\" content=\"800\" \/>\n\t<meta property=\"og:image:type\" content=\"image\/webp\" \/>\n<meta name=\"twitter:card\" content=\"summary_large_image\" \/>\n<meta name=\"twitter:label1\" content=\"Ber\u00e4knad l\u00e4stid\" \/>\n\t<meta name=\"twitter:data1\" content=\"1 minut\" \/>\n<!-- \/ Yoast SEO plugin. -->","yoast_head_json":{"title":"TRUUSK Balkongm\u00f6belset F\u00f6r 2 Personer - Gjuten Aluminium - Antikgr\u00f6nt - Tr\u00e4dg\u00e5rdsset - TRUUSK - Hem, Tr\u00e4dg\u00e5rd &amp; Fritid","robots":{"index":"index","follow":"follow","max-snippet":"max-snippet:-1","max-image-preview":"max-image-preview:large","max-video-preview":"max-video-preview:-1"},"canonical":"https:\/\/truusk.store\/sv\/produkt\/truusk-balkongmobelset-for-2-personer-gjuten-aluminium-antikgront-tradgardsset\/","og_locale":"sv_SE","og_type":"article","og_title":"TRUUSK Balkongm\u00f6belset F\u00f6r 2 Personer - Gjuten Aluminium - Antikgr\u00f6nt - Tr\u00e4dg\u00e5rdsset - TRUUSK - Hem, Tr\u00e4dg\u00e5rd &amp; Fritid","og_description":"V\u00e5rt 3-delade bistroset \u00e4r s\u00e4rskilt imponerande med sitt dekorativa antika utseende. Tr\u00e4dg\u00e5rdssetet best\u00e5r av ett runt bord och tv\u00e5 stolar....","og_url":"https:\/\/truusk.store\/sv\/produkt\/truusk-balkongmobelset-for-2-personer-gjuten-aluminium-antikgront-tradgardsset\/","og_site_name":"TRUUSK - Hem, Tr\u00e4dg\u00e5rd &amp; Fritid","article_modified_time":"2026-03-12T08:05:24+00:00","og_image":[{"width":800,"height":800,"url":"https:\/\/i0.wp.com\/truusk.se\/wp-content\/uploads\/2024\/02\/bistroset-tradgardsset-for-2-personer-balkongmobelset-gjuten-aluminium-antikgront.webp?fit=800%2C800&ssl=1","type":"image\/webp"}],"twitter_card":"summary_large_image","twitter_misc":{"Ber\u00e4knad l\u00e4stid":"1 minut"},"schema":{"@context":"https:\/\/schema.org","@graph":[{"@type":"WebPage","@id":"https:\/\/truusk.store\/sv\/produkt\/truusk-balkongmobelset-for-2-personer-gjuten-aluminium-antikgront-tradgardsset\/","url":"https:\/\/truusk.store\/sv\/produkt\/truusk-balkongmobelset-for-2-personer-gjuten-aluminium-antikgront-tradgardsset\/","name":"TRUUSK Balkongm\u00f6belset F\u00f6r 2 Personer - Gjuten Aluminium - Antikgr\u00f6nt - Tr\u00e4dg\u00e5rdsset - TRUUSK - Hem, Tr\u00e4dg\u00e5rd &amp; Fritid","isPartOf":{"@id":"https:\/\/truusk.store\/sv\/#website"},"primaryImageOfPage":{"@id":"https:\/\/truusk.store\/sv\/produkt\/truusk-balkongmobelset-for-2-personer-gjuten-aluminium-antikgront-tradgardsset\/#primaryimage"},"image":{"@id":"https:\/\/truusk.store\/sv\/produkt\/truusk-balkongmobelset-for-2-personer-gjuten-aluminium-antikgront-tradgardsset\/#primaryimage"},"thumbnailUrl":"https:\/\/i0.wp.com\/truusk.store\/wp-content\/uploads\/2024\/02\/bistroset-tradgardsset-for-2-personer-balkongmobelset-gjuten-aluminium-antikgront.webp?fit=800%2C800&ssl=1","datePublished":"2024-02-13T16:16:32+00:00","dateModified":"2026-03-12T08:05:24+00:00","breadcrumb":{"@id":"https:\/\/truusk.store\/sv\/produkt\/truusk-balkongmobelset-for-2-personer-gjuten-aluminium-antikgront-tradgardsset\/#breadcrumb"},"inLanguage":"sv-SE","potentialAction":[{"@type":"ReadAction","target":["https:\/\/truusk.store\/sv\/produkt\/truusk-balkongmobelset-for-2-personer-gjuten-aluminium-antikgront-tradgardsset\/"]}]},{"@type":"ImageObject","inLanguage":"sv-SE","@id":"https:\/\/truusk.store\/sv\/produkt\/truusk-balkongmobelset-for-2-personer-gjuten-aluminium-antikgront-tradgardsset\/#primaryimage","url":"https:\/\/i0.wp.com\/truusk.store\/wp-content\/uploads\/2024\/02\/bistroset-tradgardsset-for-2-personer-balkongmobelset-gjuten-aluminium-antikgront.webp?fit=800%2C800&ssl=1","contentUrl":"https:\/\/i0.wp.com\/truusk.store\/wp-content\/uploads\/2024\/02\/bistroset-tradgardsset-for-2-personer-balkongmobelset-gjuten-aluminium-antikgront.webp?fit=800%2C800&ssl=1","width":800,"height":800,"caption":"Bistroset Tr\u00e4dg\u00e5rdsset F\u00f6r 2 Personer Balkongm\u00f6belset Gjuten Aluminium Antikgr\u00f6nt 1"},{"@type":"BreadcrumbList","@id":"https:\/\/truusk.store\/sv\/produkt\/truusk-balkongmobelset-for-2-personer-gjuten-aluminium-antikgront-tradgardsset\/#breadcrumb","itemListElement":[{"@type":"ListItem","position":1,"name":"Home","item":"https:\/\/truusk.store\/sv\/"},{"@type":"ListItem","position":2,"name":"Shop","item":"https:\/\/truusk.store\/shop\/"},{"@type":"ListItem","position":3,"name":"TRUUSK Balkongm\u00f6belset F\u00f6r 2 Personer &#8211; Gjuten Aluminium &#8211; Antikgr\u00f6nt &#8211; Tr\u00e4dg\u00e5rdsset"}]},{"@type":"WebSite","@id":"https:\/\/truusk.store\/sv\/#website","url":"https:\/\/truusk.store\/sv\/","name":"TRUUSK - Hem, Tr\u00e4dg\u00e5rd & Fritid","description":"","publisher":{"@id":"https:\/\/truusk.store\/sv\/#organization"},"potentialAction":[{"@type":"SearchAction","target":{"@type":"EntryPoint","urlTemplate":"https:\/\/truusk.store\/sv\/?s={search_term_string}"},"query-input":{"@type":"PropertyValueSpecification","valueRequired":true,"valueName":"search_term_string"}}],"inLanguage":"sv-SE"},{"@type":"Organization","@id":"https:\/\/truusk.store\/sv\/#organization","name":"TRUUSK - Hem, Tr\u00e4dg\u00e5rd & Fritid","url":"https:\/\/truusk.store\/sv\/","logo":{"@type":"ImageObject","inLanguage":"sv-SE","@id":"https:\/\/truusk.store\/sv\/#\/schema\/logo\/image\/","url":"https:\/\/i0.wp.com\/truusk.store\/wp-content\/uploads\/2026\/03\/cropped-TRUUSK.png?fit=2032%2C917&ssl=1","contentUrl":"https:\/\/i0.wp.com\/truusk.store\/wp-content\/uploads\/2026\/03\/cropped-TRUUSK.png?fit=2032%2C917&ssl=1","width":2032,"height":917,"caption":"TRUUSK - Hem, Tr\u00e4dg\u00e5rd & Fritid"},"image":{"@id":"https:\/\/truusk.store\/sv\/#\/schema\/logo\/image\/"}}]}},"jetpack_sharing_enabled":true,"_links":{"self":[{"href":"https:\/\/truusk.store\/sv\/wp-json\/wp\/v2\/product\/24173","targetHints":{"allow":["GET"]}}],"collection":[{"href":"https:\/\/truusk.store\/sv\/wp-json\/wp\/v2\/product"}],"about":[{"href":"https:\/\/truusk.store\/sv\/wp-json\/wp\/v2\/types\/product"}],"wp:featuredmedia":[{"embeddable":true,"href":"https:\/\/truusk.store\/sv\/wp-json\/wp\/v2\/media\/24174"}],"wp:attachment":[{"href":"https:\/\/truusk.store\/sv\/wp-json\/wp\/v2\/media?parent=24173"}],"wp:term":[{"taxonomy":"product_brand","embeddable":true,"href":"https:\/\/truusk.store\/sv\/wp-json\/wp\/v2\/product_brand?post=24173"},{"taxonomy":"product_cat","embeddable":true,"href":"https:\/\/truusk.store\/sv\/wp-json\/wp\/v2\/product_cat?post=24173"},{"taxonomy":"product_tag","embeddable":true,"href":"https:\/\/truusk.store\/sv\/wp-json\/wp\/v2\/product_tag?post=24173"}],"curies":[{"name":"wp","href":"https:\/\/api.w.org\/{rel}","templated":true}]}}