{"id":24204,"date":"2024-02-13T17:17:25","date_gmt":"2024-02-13T16:17:25","guid":{"rendered":"https:\/\/truusk.store\/product\/hundsoffa-med-ryggstod-husdjurssoffa-med-traben-hundsang-mjukt-overdrag-kattsoffa-morkgra-985-x-605-x-355-cm\/"},"modified":"2026-03-12T09:05:25","modified_gmt":"2026-03-12T08:05:25","slug":"truusk-hundsoffa-med-ryggstod-husdjurssoffa-med-traben-mjukt-overdrag-for-hundar-och-katter-morkgra-985-x-605-x-355","status":"publish","type":"product","link":"https:\/\/truusk.store\/sv\/produkt\/truusk-hundsoffa-med-ryggstod-husdjurssoffa-med-traben-mjukt-overdrag-for-hundar-och-katter-morkgra-985-x-605-x-355\/","title":{"rendered":"TRUUSK Hundsoffa med Ryggst\u00f6d &#8211; Husdjurssoffa med Tr\u00e4ben &#8211; Mjukt \u00f6verdrag &#8211; F\u00f6r Hundar och Katter &#8211; M\u00f6rkgr\u00e5 &#8211; 98,5 x 60,5 x 35,5"},"content":{"rendered":"<p>Denna husdjurssoffa \u00e4r perfekt f\u00f6r ditt husdjur att koppla av och vila. Den tjocka kudden och det mjuka tyg\u00f6verdraget med sammetsk\u00e4nsla s\u00e4kerst\u00e4ller bekv\u00e4m sitt- och liggkomfort. Med den mysiga hundsoffan kan ditt husdjur f\u00f6lja med dig f\u00f6r att titta p\u00e5 film i vardagsrummet eller sova i sovrummet. Din lilla fyrbenta v\u00e4n kommer att bli v\u00e4ldigt glad \u00f6ver att ha en egen soffa.<\/p>\n<h3>Beskrivning:<\/h3>\n<ul>\n<li>L\u00e4mplig f\u00f6r medelstora och stora hundar upp till 25 kg, rekommenderas att hunden ska vara mindre \u00e4n 55 cm l\u00e5ng<\/li>\n<li>Robusta massiva tr\u00e4ben f\u00f6r stabil och l\u00e5ngvarig anv\u00e4ndning<\/li>\n<li>Upph\u00f6jd design h\u00e5ller soffan fuktt\u00e5lig<\/li>\n<li>Vadderad kudde med mjukt fodral ger \u00f6verl\u00e4gsen komfort<\/li>\n<li>Bred sits med h\u00f6gt ryggst\u00f6d f\u00f6r \u00f6kad s\u00e4kerhet<\/li>\n<li>Sittdynans \u00f6verdrag kan tas av och tv\u00e4ttas<\/li>\n<li>Montering kr\u00e4vs<\/li>\n<\/ul>\n<h3>Teknisk data:<\/h3>\n<ul>\n<li>F\u00e4rg: M\u00f6rkgr\u00e5<\/li>\n<li>Material: skum<\/li>\n<li>\u00d6vergripande m\u00e5tt: 98,5W x 60,5D x 35,5H cm<\/li>\n<li>Sitsstorlek: 86W x 47D x 16H cm<\/li>\n<li>Ryggst\u00f6dsh\u00f6jd till sits: 19,5 cm<\/li>\n<li>Kuddstorlek: 92W x 47D x 4H cm<\/li>\n<li>Lastkapacitet: 32 kg<\/li>\n<\/ul>\n<h3>Leveransens omfattning:<\/h3>\n<ul>\n<li>1 x Pet Soffa<\/li>\n<li>1 x Instruktioner<\/li>\n<\/ul>\n","protected":false},"excerpt":{"rendered":"<p>Denna husdjurssoffa \u00e4r perfekt f\u00f6r ditt husdjur att koppla av och vila. Den tjocka kudden och det mjuka tyg\u00f6verdraget med&#8230;<\/p>\n","protected":false},"featured_media":24205,"template":"","meta":[],"product_brand":[],"product_cat":[576,574,573],"product_tag":[],"class_list":{"0":"post-24204","1":"product","2":"type-product","3":"status-publish","4":"has-post-thumbnail","6":"product_cat-hundsangar-hundsoffor","7":"product_cat-hundtillbehor","8":"product_cat-husdjursmaterial","10":"first","11":"instock","12":"sale","13":"taxable","14":"shipping-taxable","15":"purchasable","16":"product-type-simple"},"yoast_head":"<!-- This site is optimized with the Yoast SEO plugin v25.4 - https:\/\/yoast.com\/wordpress\/plugins\/seo\/ -->\n<title>TRUUSK Hundsoffa med Ryggst\u00f6d - Husdjurssoffa med Tr\u00e4ben - Mjukt \u00f6verdrag - F\u00f6r Hundar och Katter - M\u00f6rkgr\u00e5 - 98,5 x 60,5 x 35,5 - TRUUSK - Hem, Tr\u00e4dg\u00e5rd &amp; Fritid<\/title>\n<meta name=\"robots\" content=\"index, follow, max-snippet:-1, max-image-preview:large, max-video-preview:-1\" \/>\n<link rel=\"canonical\" href=\"https:\/\/truusk.store\/sv\/produkt\/truusk-hundsoffa-med-ryggstod-husdjurssoffa-med-traben-mjukt-overdrag-for-hundar-och-katter-morkgra-985-x-605-x-355\/\" \/>\n<meta property=\"og:locale\" content=\"sv_SE\" \/>\n<meta property=\"og:type\" content=\"article\" \/>\n<meta property=\"og:title\" content=\"TRUUSK Hundsoffa med Ryggst\u00f6d - Husdjurssoffa med Tr\u00e4ben - Mjukt \u00f6verdrag - F\u00f6r Hundar och Katter - M\u00f6rkgr\u00e5 - 98,5 x 60,5 x 35,5 - TRUUSK - Hem, Tr\u00e4dg\u00e5rd &amp; Fritid\" \/>\n<meta property=\"og:description\" content=\"Denna husdjurssoffa \u00e4r perfekt f\u00f6r ditt husdjur att koppla av och vila. Den tjocka kudden och det mjuka tyg\u00f6verdraget med...\" \/>\n<meta property=\"og:url\" content=\"https:\/\/truusk.store\/sv\/produkt\/truusk-hundsoffa-med-ryggstod-husdjurssoffa-med-traben-mjukt-overdrag-for-hundar-och-katter-morkgra-985-x-605-x-355\/\" \/>\n<meta property=\"og:site_name\" content=\"TRUUSK - Hem, Tr\u00e4dg\u00e5rd &amp; Fritid\" \/>\n<meta property=\"article:modified_time\" content=\"2026-03-12T08:05:25+00:00\" \/>\n<meta property=\"og:image\" content=\"https:\/\/i0.wp.com\/truusk.se\/wp-content\/uploads\/2024\/02\/hundsoffa-med-ryggstod-husdjurssoffa-med-traben-hundsang-mjukt-overdrag-kattsoffa-morkgra-985-x-605-x-355-cm.webp?fit=800%2C800&ssl=1\" \/>\n\t<meta property=\"og:image:width\" content=\"800\" \/>\n\t<meta property=\"og:image:height\" content=\"800\" \/>\n\t<meta property=\"og:image:type\" content=\"image\/webp\" \/>\n<meta name=\"twitter:card\" content=\"summary_large_image\" \/>\n<meta name=\"twitter:label1\" content=\"Ber\u00e4knad l\u00e4stid\" \/>\n\t<meta name=\"twitter:data1\" content=\"1 minut\" \/>\n<!-- \/ Yoast SEO plugin. -->","yoast_head_json":{"title":"TRUUSK Hundsoffa med Ryggst\u00f6d - Husdjurssoffa med Tr\u00e4ben - Mjukt \u00f6verdrag - F\u00f6r Hundar och Katter - M\u00f6rkgr\u00e5 - 98,5 x 60,5 x 35,5 - TRUUSK - Hem, Tr\u00e4dg\u00e5rd &amp; Fritid","robots":{"index":"index","follow":"follow","max-snippet":"max-snippet:-1","max-image-preview":"max-image-preview:large","max-video-preview":"max-video-preview:-1"},"canonical":"https:\/\/truusk.store\/sv\/produkt\/truusk-hundsoffa-med-ryggstod-husdjurssoffa-med-traben-mjukt-overdrag-for-hundar-och-katter-morkgra-985-x-605-x-355\/","og_locale":"sv_SE","og_type":"article","og_title":"TRUUSK Hundsoffa med Ryggst\u00f6d - Husdjurssoffa med Tr\u00e4ben - Mjukt \u00f6verdrag - F\u00f6r Hundar och Katter - M\u00f6rkgr\u00e5 - 98,5 x 60,5 x 35,5 - TRUUSK - Hem, Tr\u00e4dg\u00e5rd &amp; Fritid","og_description":"Denna husdjurssoffa \u00e4r perfekt f\u00f6r ditt husdjur att koppla av och vila. Den tjocka kudden och det mjuka tyg\u00f6verdraget med...","og_url":"https:\/\/truusk.store\/sv\/produkt\/truusk-hundsoffa-med-ryggstod-husdjurssoffa-med-traben-mjukt-overdrag-for-hundar-och-katter-morkgra-985-x-605-x-355\/","og_site_name":"TRUUSK - Hem, Tr\u00e4dg\u00e5rd &amp; Fritid","article_modified_time":"2026-03-12T08:05:25+00:00","og_image":[{"width":800,"height":800,"url":"https:\/\/i0.wp.com\/truusk.se\/wp-content\/uploads\/2024\/02\/hundsoffa-med-ryggstod-husdjurssoffa-med-traben-hundsang-mjukt-overdrag-kattsoffa-morkgra-985-x-605-x-355-cm.webp?fit=800%2C800&ssl=1","type":"image\/webp"}],"twitter_card":"summary_large_image","twitter_misc":{"Ber\u00e4knad l\u00e4stid":"1 minut"},"schema":{"@context":"https:\/\/schema.org","@graph":[{"@type":"WebPage","@id":"https:\/\/truusk.store\/sv\/produkt\/truusk-hundsoffa-med-ryggstod-husdjurssoffa-med-traben-mjukt-overdrag-for-hundar-och-katter-morkgra-985-x-605-x-355\/","url":"https:\/\/truusk.store\/sv\/produkt\/truusk-hundsoffa-med-ryggstod-husdjurssoffa-med-traben-mjukt-overdrag-for-hundar-och-katter-morkgra-985-x-605-x-355\/","name":"TRUUSK Hundsoffa med Ryggst\u00f6d - Husdjurssoffa med Tr\u00e4ben - Mjukt \u00f6verdrag - F\u00f6r Hundar och Katter - M\u00f6rkgr\u00e5 - 98,5 x 60,5 x 35,5 - TRUUSK - Hem, Tr\u00e4dg\u00e5rd &amp; Fritid","isPartOf":{"@id":"https:\/\/truusk.store\/sv\/#website"},"primaryImageOfPage":{"@id":"https:\/\/truusk.store\/sv\/produkt\/truusk-hundsoffa-med-ryggstod-husdjurssoffa-med-traben-mjukt-overdrag-for-hundar-och-katter-morkgra-985-x-605-x-355\/#primaryimage"},"image":{"@id":"https:\/\/truusk.store\/sv\/produkt\/truusk-hundsoffa-med-ryggstod-husdjurssoffa-med-traben-mjukt-overdrag-for-hundar-och-katter-morkgra-985-x-605-x-355\/#primaryimage"},"thumbnailUrl":"https:\/\/i0.wp.com\/truusk.store\/wp-content\/uploads\/2024\/02\/hundsoffa-med-ryggstod-husdjurssoffa-med-traben-hundsang-mjukt-overdrag-kattsoffa-morkgra-985-x-605-x-355-cm.webp?fit=800%2C800&ssl=1","datePublished":"2024-02-13T16:17:25+00:00","dateModified":"2026-03-12T08:05:25+00:00","breadcrumb":{"@id":"https:\/\/truusk.store\/sv\/produkt\/truusk-hundsoffa-med-ryggstod-husdjurssoffa-med-traben-mjukt-overdrag-for-hundar-och-katter-morkgra-985-x-605-x-355\/#breadcrumb"},"inLanguage":"sv-SE","potentialAction":[{"@type":"ReadAction","target":["https:\/\/truusk.store\/sv\/produkt\/truusk-hundsoffa-med-ryggstod-husdjurssoffa-med-traben-mjukt-overdrag-for-hundar-och-katter-morkgra-985-x-605-x-355\/"]}]},{"@type":"ImageObject","inLanguage":"sv-SE","@id":"https:\/\/truusk.store\/sv\/produkt\/truusk-hundsoffa-med-ryggstod-husdjurssoffa-med-traben-mjukt-overdrag-for-hundar-och-katter-morkgra-985-x-605-x-355\/#primaryimage","url":"https:\/\/i0.wp.com\/truusk.store\/wp-content\/uploads\/2024\/02\/hundsoffa-med-ryggstod-husdjurssoffa-med-traben-hundsang-mjukt-overdrag-kattsoffa-morkgra-985-x-605-x-355-cm.webp?fit=800%2C800&ssl=1","contentUrl":"https:\/\/i0.wp.com\/truusk.store\/wp-content\/uploads\/2024\/02\/hundsoffa-med-ryggstod-husdjurssoffa-med-traben-hundsang-mjukt-overdrag-kattsoffa-morkgra-985-x-605-x-355-cm.webp?fit=800%2C800&ssl=1","width":800,"height":800,"caption":"Hundsoffa Med Ryggst\u00f6d, Husdjurssoffa Med Tr\u00e4ben, Hunds\u00e4ng, Mjukt \u00f6verdrag, Kattsoffa, M\u00f6rkgr\u00e5, 98,5 X 60,5 X 35,5 Cm 1"},{"@type":"BreadcrumbList","@id":"https:\/\/truusk.store\/sv\/produkt\/truusk-hundsoffa-med-ryggstod-husdjurssoffa-med-traben-mjukt-overdrag-for-hundar-och-katter-morkgra-985-x-605-x-355\/#breadcrumb","itemListElement":[{"@type":"ListItem","position":1,"name":"Home","item":"https:\/\/truusk.store\/sv\/"},{"@type":"ListItem","position":2,"name":"Shop","item":"https:\/\/truusk.store\/shop\/"},{"@type":"ListItem","position":3,"name":"TRUUSK Hundsoffa med Ryggst\u00f6d &#8211; Husdjurssoffa med Tr\u00e4ben &#8211; Mjukt \u00f6verdrag &#8211; F\u00f6r Hundar och Katter &#8211; M\u00f6rkgr\u00e5 &#8211; 98,5 x 60,5 x 35,5"}]},{"@type":"WebSite","@id":"https:\/\/truusk.store\/sv\/#website","url":"https:\/\/truusk.store\/sv\/","name":"TRUUSK - Hem, Tr\u00e4dg\u00e5rd & Fritid","description":"","publisher":{"@id":"https:\/\/truusk.store\/sv\/#organization"},"potentialAction":[{"@type":"SearchAction","target":{"@type":"EntryPoint","urlTemplate":"https:\/\/truusk.store\/sv\/?s={search_term_string}"},"query-input":{"@type":"PropertyValueSpecification","valueRequired":true,"valueName":"search_term_string"}}],"inLanguage":"sv-SE"},{"@type":"Organization","@id":"https:\/\/truusk.store\/sv\/#organization","name":"TRUUSK - Hem, Tr\u00e4dg\u00e5rd & Fritid","url":"https:\/\/truusk.store\/sv\/","logo":{"@type":"ImageObject","inLanguage":"sv-SE","@id":"https:\/\/truusk.store\/sv\/#\/schema\/logo\/image\/","url":"https:\/\/i0.wp.com\/truusk.store\/wp-content\/uploads\/2026\/03\/cropped-TRUUSK.png?fit=2032%2C917&ssl=1","contentUrl":"https:\/\/i0.wp.com\/truusk.store\/wp-content\/uploads\/2026\/03\/cropped-TRUUSK.png?fit=2032%2C917&ssl=1","width":2032,"height":917,"caption":"TRUUSK - Hem, Tr\u00e4dg\u00e5rd & Fritid"},"image":{"@id":"https:\/\/truusk.store\/sv\/#\/schema\/logo\/image\/"}}]}},"jetpack_sharing_enabled":true,"_links":{"self":[{"href":"https:\/\/truusk.store\/sv\/wp-json\/wp\/v2\/product\/24204","targetHints":{"allow":["GET"]}}],"collection":[{"href":"https:\/\/truusk.store\/sv\/wp-json\/wp\/v2\/product"}],"about":[{"href":"https:\/\/truusk.store\/sv\/wp-json\/wp\/v2\/types\/product"}],"wp:featuredmedia":[{"embeddable":true,"href":"https:\/\/truusk.store\/sv\/wp-json\/wp\/v2\/media\/24205"}],"wp:attachment":[{"href":"https:\/\/truusk.store\/sv\/wp-json\/wp\/v2\/media?parent=24204"}],"wp:term":[{"taxonomy":"product_brand","embeddable":true,"href":"https:\/\/truusk.store\/sv\/wp-json\/wp\/v2\/product_brand?post=24204"},{"taxonomy":"product_cat","embeddable":true,"href":"https:\/\/truusk.store\/sv\/wp-json\/wp\/v2\/product_cat?post=24204"},{"taxonomy":"product_tag","embeddable":true,"href":"https:\/\/truusk.store\/sv\/wp-json\/wp\/v2\/product_tag?post=24204"}],"curies":[{"name":"wp","href":"https:\/\/api.w.org\/{rel}","templated":true}]}}