{"id":24302,"date":"2024-02-13T17:20:10","date_gmt":"2024-02-13T16:20:10","guid":{"rendered":"https:\/\/truusk.store\/product\/campingsang-hopfallbar-for-2-personer-taltsang-hopfallbar-sang-med-barvaska-rymmer-upp-till-136-kg-stal-oxford-gron-svart-193-x-125-x-40-cm\/"},"modified":"2026-03-12T09:05:27","modified_gmt":"2026-03-12T08:05:27","slug":"truusk-campingssang-for-2-personer-hopfallbar-taltsang-med-barbar-vaska-stalkonstruktion-rymmer-upp-till-136-kg-gron","status":"publish","type":"product","link":"https:\/\/truusk.store\/sv\/produkt\/truusk-campingssang-for-2-personer-hopfallbar-taltsang-med-barbar-vaska-stalkonstruktion-rymmer-upp-till-136-kg-gron\/","title":{"rendered":"TRUUSK Campingss\u00e4ng f\u00f6r 2 personer &#8211; Hopf\u00e4llbar t\u00e4lts\u00e4ng med b\u00e4rbar v\u00e4ska &#8211; St\u00e5lkonstruktion &#8211; Rymmer upp till 136 kg &#8211; Gr\u00f6n +"},"content":{"rendered":"<p>Med denna hopf\u00e4llbara tv\u00e5-personers dubbel campings\u00e4ng f\u00f6r vuxna har du alltid en bekv\u00e4m plats att vila p\u00e5 n\u00e4r du reser. Denna l\u00e4tta t\u00e4lts\u00e4ng erbjuder tillr\u00e4ckligt med plats f\u00f6r tv\u00e5 personer s\u00e5 att du inte beh\u00f6ver sova p\u00e5 den kalla, h\u00e5rda marken n\u00e4r du campar. St\u00e5lramen och det slitstarka Oxford-tyget b\u00e4r l\u00e4tt upp till 300 pund, medan den f\u00f6rh\u00f6jda designen m\u00f6jligg\u00f6r god luftcirkulation.<\/p>\n<h3>Beskrivning:<\/h3>\n<ul>\n<li>Robust, kraftig st\u00e5lram s\u00e4kerst\u00e4ller h\u00e5llbarhet<\/li>\n<li>600D PVC Oxford-tyget \u00e4r vatten, moget och v\u00e4rmebest\u00e4ndigt<\/li>\n<li>Lastkapaciteten p\u00e5 upp till 136 kg g\u00f6r att tv\u00e5 personer kan sova bekv\u00e4mt<\/li>\n<li>15 cm avst\u00e5nd fr\u00e5n golvet f\u00f6r \u00f6kad komfort och b\u00e4ttre luftcirkulation<\/li>\n<li>Inkluderar en \u00e5kp\u00e5se f\u00f6r enkel f\u00f6rvaring och transport<\/li>\n<\/ul>\n<h3>Teknisk data:<\/h3>\n<ul>\n<li>F\u00e4rg: Gr\u00f6n+svart<\/li>\n<li>Material: St\u00e5l, Oxford med PVC-bel\u00e4ggning<\/li>\n<li>Lastkapacitet: 136 kg<\/li>\n<li>\u00d6vergripande m\u00e5tt: 193L x 125W x 40H cm<\/li>\n<li>Vikm\u00e5tt: 97L x 15W x 19H cm<\/li>\n<\/ul>\n<h3>Leveransens omfattning:<\/h3>\n<ul>\n<li>1 x campings\u00e4ng<\/li>\n<li>1 x B\u00e4rv\u00e4ska<\/li>\n<\/ul>\n","protected":false},"excerpt":{"rendered":"<p>Med denna hopf\u00e4llbara tv\u00e5-personers dubbel campings\u00e4ng f\u00f6r vuxna har du alltid en bekv\u00e4m plats att vila p\u00e5 n\u00e4r du reser&#8230;.<\/p>\n","protected":false},"featured_media":24303,"template":"","meta":[],"product_brand":[],"product_cat":[651,648,647],"product_tag":[],"class_list":{"0":"post-24302","1":"product","2":"type-product","3":"status-publish","4":"has-post-thumbnail","6":"product_cat-barnsangar","7":"product_cat-camping-tillbehor","8":"product_cat-sport-fritid","10":"first","11":"instock","12":"sale","13":"taxable","14":"shipping-taxable","15":"purchasable","16":"product-type-simple"},"yoast_head":"<!-- This site is optimized with the Yoast SEO plugin v25.4 - https:\/\/yoast.com\/wordpress\/plugins\/seo\/ -->\n<title>TRUUSK Campingss\u00e4ng f\u00f6r 2 personer - Hopf\u00e4llbar t\u00e4lts\u00e4ng med b\u00e4rbar v\u00e4ska - St\u00e5lkonstruktion - Rymmer upp till 136 kg - Gr\u00f6n + - TRUUSK - Hem, Tr\u00e4dg\u00e5rd &amp; Fritid<\/title>\n<meta name=\"robots\" content=\"index, follow, max-snippet:-1, max-image-preview:large, max-video-preview:-1\" \/>\n<link rel=\"canonical\" href=\"https:\/\/truusk.store\/sv\/produkt\/truusk-campingssang-for-2-personer-hopfallbar-taltsang-med-barbar-vaska-stalkonstruktion-rymmer-upp-till-136-kg-gron\/\" \/>\n<meta property=\"og:locale\" content=\"sv_SE\" \/>\n<meta property=\"og:type\" content=\"article\" \/>\n<meta property=\"og:title\" content=\"TRUUSK Campingss\u00e4ng f\u00f6r 2 personer - Hopf\u00e4llbar t\u00e4lts\u00e4ng med b\u00e4rbar v\u00e4ska - St\u00e5lkonstruktion - Rymmer upp till 136 kg - Gr\u00f6n + - TRUUSK - Hem, Tr\u00e4dg\u00e5rd &amp; Fritid\" \/>\n<meta property=\"og:description\" content=\"Med denna hopf\u00e4llbara tv\u00e5-personers dubbel campings\u00e4ng f\u00f6r vuxna har du alltid en bekv\u00e4m plats att vila p\u00e5 n\u00e4r du reser....\" \/>\n<meta property=\"og:url\" content=\"https:\/\/truusk.store\/sv\/produkt\/truusk-campingssang-for-2-personer-hopfallbar-taltsang-med-barbar-vaska-stalkonstruktion-rymmer-upp-till-136-kg-gron\/\" \/>\n<meta property=\"og:site_name\" content=\"TRUUSK - Hem, Tr\u00e4dg\u00e5rd &amp; Fritid\" \/>\n<meta property=\"article:modified_time\" content=\"2026-03-12T08:05:27+00:00\" \/>\n<meta property=\"og:image\" content=\"https:\/\/i0.wp.com\/truusk.se\/wp-content\/uploads\/2024\/02\/campingsang-hopfallbar-for-2-personer-taltsang-hopfallbar-sang-med-barvaska-rymmer-upp-till-136-kg-stal-oxford-gron-svart-193-x-125-x-40-cm.webp?fit=800%2C800&ssl=1\" \/>\n\t<meta property=\"og:image:width\" content=\"800\" \/>\n\t<meta property=\"og:image:height\" content=\"800\" \/>\n\t<meta property=\"og:image:type\" content=\"image\/webp\" \/>\n<meta name=\"twitter:card\" content=\"summary_large_image\" \/>\n<meta name=\"twitter:label1\" content=\"Ber\u00e4knad l\u00e4stid\" \/>\n\t<meta name=\"twitter:data1\" content=\"1 minut\" \/>\n<!-- \/ Yoast SEO plugin. -->","yoast_head_json":{"title":"TRUUSK Campingss\u00e4ng f\u00f6r 2 personer - Hopf\u00e4llbar t\u00e4lts\u00e4ng med b\u00e4rbar v\u00e4ska - St\u00e5lkonstruktion - Rymmer upp till 136 kg - Gr\u00f6n + - TRUUSK - Hem, Tr\u00e4dg\u00e5rd &amp; Fritid","robots":{"index":"index","follow":"follow","max-snippet":"max-snippet:-1","max-image-preview":"max-image-preview:large","max-video-preview":"max-video-preview:-1"},"canonical":"https:\/\/truusk.store\/sv\/produkt\/truusk-campingssang-for-2-personer-hopfallbar-taltsang-med-barbar-vaska-stalkonstruktion-rymmer-upp-till-136-kg-gron\/","og_locale":"sv_SE","og_type":"article","og_title":"TRUUSK Campingss\u00e4ng f\u00f6r 2 personer - Hopf\u00e4llbar t\u00e4lts\u00e4ng med b\u00e4rbar v\u00e4ska - St\u00e5lkonstruktion - Rymmer upp till 136 kg - Gr\u00f6n + - TRUUSK - Hem, Tr\u00e4dg\u00e5rd &amp; Fritid","og_description":"Med denna hopf\u00e4llbara tv\u00e5-personers dubbel campings\u00e4ng f\u00f6r vuxna har du alltid en bekv\u00e4m plats att vila p\u00e5 n\u00e4r du reser....","og_url":"https:\/\/truusk.store\/sv\/produkt\/truusk-campingssang-for-2-personer-hopfallbar-taltsang-med-barbar-vaska-stalkonstruktion-rymmer-upp-till-136-kg-gron\/","og_site_name":"TRUUSK - Hem, Tr\u00e4dg\u00e5rd &amp; Fritid","article_modified_time":"2026-03-12T08:05:27+00:00","og_image":[{"width":800,"height":800,"url":"https:\/\/i0.wp.com\/truusk.se\/wp-content\/uploads\/2024\/02\/campingsang-hopfallbar-for-2-personer-taltsang-hopfallbar-sang-med-barvaska-rymmer-upp-till-136-kg-stal-oxford-gron-svart-193-x-125-x-40-cm.webp?fit=800%2C800&ssl=1","type":"image\/webp"}],"twitter_card":"summary_large_image","twitter_misc":{"Ber\u00e4knad l\u00e4stid":"1 minut"},"schema":{"@context":"https:\/\/schema.org","@graph":[{"@type":"WebPage","@id":"https:\/\/truusk.store\/sv\/produkt\/truusk-campingssang-for-2-personer-hopfallbar-taltsang-med-barbar-vaska-stalkonstruktion-rymmer-upp-till-136-kg-gron\/","url":"https:\/\/truusk.store\/sv\/produkt\/truusk-campingssang-for-2-personer-hopfallbar-taltsang-med-barbar-vaska-stalkonstruktion-rymmer-upp-till-136-kg-gron\/","name":"TRUUSK Campingss\u00e4ng f\u00f6r 2 personer - Hopf\u00e4llbar t\u00e4lts\u00e4ng med b\u00e4rbar v\u00e4ska - St\u00e5lkonstruktion - Rymmer upp till 136 kg - Gr\u00f6n + - TRUUSK - Hem, Tr\u00e4dg\u00e5rd &amp; Fritid","isPartOf":{"@id":"https:\/\/truusk.store\/sv\/#website"},"primaryImageOfPage":{"@id":"https:\/\/truusk.store\/sv\/produkt\/truusk-campingssang-for-2-personer-hopfallbar-taltsang-med-barbar-vaska-stalkonstruktion-rymmer-upp-till-136-kg-gron\/#primaryimage"},"image":{"@id":"https:\/\/truusk.store\/sv\/produkt\/truusk-campingssang-for-2-personer-hopfallbar-taltsang-med-barbar-vaska-stalkonstruktion-rymmer-upp-till-136-kg-gron\/#primaryimage"},"thumbnailUrl":"https:\/\/i0.wp.com\/truusk.store\/wp-content\/uploads\/2024\/02\/campingsang-hopfallbar-for-2-personer-taltsang-hopfallbar-sang-med-barvaska-rymmer-upp-till-136-kg-stal-oxford-gron-svart-193-x-125-x-40-cm.webp?fit=800%2C800&ssl=1","datePublished":"2024-02-13T16:20:10+00:00","dateModified":"2026-03-12T08:05:27+00:00","breadcrumb":{"@id":"https:\/\/truusk.store\/sv\/produkt\/truusk-campingssang-for-2-personer-hopfallbar-taltsang-med-barbar-vaska-stalkonstruktion-rymmer-upp-till-136-kg-gron\/#breadcrumb"},"inLanguage":"sv-SE","potentialAction":[{"@type":"ReadAction","target":["https:\/\/truusk.store\/sv\/produkt\/truusk-campingssang-for-2-personer-hopfallbar-taltsang-med-barbar-vaska-stalkonstruktion-rymmer-upp-till-136-kg-gron\/"]}]},{"@type":"ImageObject","inLanguage":"sv-SE","@id":"https:\/\/truusk.store\/sv\/produkt\/truusk-campingssang-for-2-personer-hopfallbar-taltsang-med-barbar-vaska-stalkonstruktion-rymmer-upp-till-136-kg-gron\/#primaryimage","url":"https:\/\/i0.wp.com\/truusk.store\/wp-content\/uploads\/2024\/02\/campingsang-hopfallbar-for-2-personer-taltsang-hopfallbar-sang-med-barvaska-rymmer-upp-till-136-kg-stal-oxford-gron-svart-193-x-125-x-40-cm.webp?fit=800%2C800&ssl=1","contentUrl":"https:\/\/i0.wp.com\/truusk.store\/wp-content\/uploads\/2024\/02\/campingsang-hopfallbar-for-2-personer-taltsang-hopfallbar-sang-med-barvaska-rymmer-upp-till-136-kg-stal-oxford-gron-svart-193-x-125-x-40-cm.webp?fit=800%2C800&ssl=1","width":800,"height":800,"caption":"Campings\u00e4ng, Hopf\u00e4llbar F\u00f6r 2 Personer, T\u00e4lts\u00e4ng, Hopf\u00e4llbar S\u00e4ng Med B\u00e4rv\u00e4ska, Rymmer Upp Till 136 Kg, St\u00e5l Oxford Gr\u00f6n + Svart, 193 X 125 X 40 Cm 1"},{"@type":"BreadcrumbList","@id":"https:\/\/truusk.store\/sv\/produkt\/truusk-campingssang-for-2-personer-hopfallbar-taltsang-med-barbar-vaska-stalkonstruktion-rymmer-upp-till-136-kg-gron\/#breadcrumb","itemListElement":[{"@type":"ListItem","position":1,"name":"Home","item":"https:\/\/truusk.store\/sv\/"},{"@type":"ListItem","position":2,"name":"Shop","item":"https:\/\/truusk.store\/shop\/"},{"@type":"ListItem","position":3,"name":"TRUUSK Campingss\u00e4ng f\u00f6r 2 personer &#8211; Hopf\u00e4llbar t\u00e4lts\u00e4ng med b\u00e4rbar v\u00e4ska &#8211; St\u00e5lkonstruktion &#8211; Rymmer upp till 136 kg &#8211; Gr\u00f6n +"}]},{"@type":"WebSite","@id":"https:\/\/truusk.store\/sv\/#website","url":"https:\/\/truusk.store\/sv\/","name":"TRUUSK - Hem, Tr\u00e4dg\u00e5rd & Fritid","description":"","publisher":{"@id":"https:\/\/truusk.store\/sv\/#organization"},"potentialAction":[{"@type":"SearchAction","target":{"@type":"EntryPoint","urlTemplate":"https:\/\/truusk.store\/sv\/?s={search_term_string}"},"query-input":{"@type":"PropertyValueSpecification","valueRequired":true,"valueName":"search_term_string"}}],"inLanguage":"sv-SE"},{"@type":"Organization","@id":"https:\/\/truusk.store\/sv\/#organization","name":"TRUUSK - Hem, Tr\u00e4dg\u00e5rd & Fritid","url":"https:\/\/truusk.store\/sv\/","logo":{"@type":"ImageObject","inLanguage":"sv-SE","@id":"https:\/\/truusk.store\/sv\/#\/schema\/logo\/image\/","url":"https:\/\/i0.wp.com\/truusk.store\/wp-content\/uploads\/2026\/03\/cropped-TRUUSK.png?fit=2032%2C917&ssl=1","contentUrl":"https:\/\/i0.wp.com\/truusk.store\/wp-content\/uploads\/2026\/03\/cropped-TRUUSK.png?fit=2032%2C917&ssl=1","width":2032,"height":917,"caption":"TRUUSK - Hem, Tr\u00e4dg\u00e5rd & Fritid"},"image":{"@id":"https:\/\/truusk.store\/sv\/#\/schema\/logo\/image\/"}}]}},"jetpack_sharing_enabled":true,"_links":{"self":[{"href":"https:\/\/truusk.store\/sv\/wp-json\/wp\/v2\/product\/24302","targetHints":{"allow":["GET"]}}],"collection":[{"href":"https:\/\/truusk.store\/sv\/wp-json\/wp\/v2\/product"}],"about":[{"href":"https:\/\/truusk.store\/sv\/wp-json\/wp\/v2\/types\/product"}],"wp:featuredmedia":[{"embeddable":true,"href":"https:\/\/truusk.store\/sv\/wp-json\/wp\/v2\/media\/24303"}],"wp:attachment":[{"href":"https:\/\/truusk.store\/sv\/wp-json\/wp\/v2\/media?parent=24302"}],"wp:term":[{"taxonomy":"product_brand","embeddable":true,"href":"https:\/\/truusk.store\/sv\/wp-json\/wp\/v2\/product_brand?post=24302"},{"taxonomy":"product_cat","embeddable":true,"href":"https:\/\/truusk.store\/sv\/wp-json\/wp\/v2\/product_cat?post=24302"},{"taxonomy":"product_tag","embeddable":true,"href":"https:\/\/truusk.store\/sv\/wp-json\/wp\/v2\/product_tag?post=24302"}],"curies":[{"name":"wp","href":"https:\/\/api.w.org\/{rel}","templated":true}]}}