{"id":24311,"date":"2024-02-13T17:20:30","date_gmt":"2024-02-13T16:20:30","guid":{"rendered":"https:\/\/truusk.store\/product\/tradgardsgunga-for-2-personer-gungbank-hangbank-massivt-tra-uteplats-terrass-bakgard-vit-117-x-69-x-60-cm\/"},"modified":"2026-03-12T09:05:27","modified_gmt":"2026-03-12T08:05:27","slug":"truusk-tradgardsgunga-for-2-personer-gungbank-i-massivt-tra-uteplats-och-terrass-vit-117-x-69-x-60-cm","status":"publish","type":"product","link":"https:\/\/truusk.store\/sv\/produkt\/truusk-tradgardsgunga-for-2-personer-gungbank-i-massivt-tra-uteplats-och-terrass-vit-117-x-69-x-60-cm\/","title":{"rendered":"TRUUSK Tr\u00e4dg\u00e5rdsgunga f\u00f6r 2 personer &#8211; Gungb\u00e4nk i massivt tr\u00e4 &#8211; Uteplats och terrass &#8211; Vit &#8211; 117 x 69 x 60 cm"},"content":{"rendered":"<p>Denna tr\u00e4dg\u00e5rdsgunga \u00e4r idealisk f\u00f6r balkonger, tr\u00e4dg\u00e5rdar och verandor. De vita tr\u00e4ribborna ger gungan dess klassiska design. Den rymliga sittgruppen har plats f\u00f6r tv\u00e5 personer. Stabila metallkedjor garanterar ett s\u00e4kert f\u00e4ste. Det h\u00f6ga ryggst\u00f6det och de breda armst\u00f6den ger extra komfort. Tr\u00e4dg\u00e5rdsgungan \u00e4r v\u00e4der- och vattenavvisande s\u00e5 att en l\u00e5ng livsl\u00e4ngd garanteras.<\/p>\n<h3>Beskrivning:<\/h3>\n<ul>\n<li>L\u00e4mplig f\u00f6r terrasser, tr\u00e4dg\u00e5rdar och verandor<\/li>\n<li>Erbjuder gener\u00f6s plats f\u00f6r 2 personer<\/li>\n<li>Ytan \u00e4r v\u00e4der- och vattenbest\u00e4ndig<\/li>\n<li>Fj\u00e4drande metallkedjor s\u00e4kerst\u00e4ller ett starkt grepp<\/li>\n<li>Materialet \u00e4r tillverkat av lackat grantr\u00e4<\/li>\n<li>Ultimat komfort tack vare ett h\u00f6gt ryggst\u00f6d<\/li>\n<\/ul>\n<h3>Teknisk data:<\/h3>\n<ul>\n<li>F\u00e4rg vit<\/li>\n<li>Material: gran, st\u00e5l<\/li>\n<li>\u00d6vergripande m\u00e5tt: 117L x 69W x 60H cm<\/li>\n<li>Sitsstorlek: 108W x 52D cm<\/li>\n<li>Ryggh\u00f6jd: 51,5 cm<\/li>\n<li>Lastkapacitet: 200 kg<\/li>\n<\/ul>\n<h3>Leveransens omfattning:<\/h3>\n<ul>\n<li>1 x gungstol<\/li>\n<li>2 x kedja<\/li>\n<li>1 x Instruktioner<\/li>\n<\/ul>\n","protected":false},"excerpt":{"rendered":"<p>Denna tr\u00e4dg\u00e5rdsgunga \u00e4r idealisk f\u00f6r balkonger, tr\u00e4dg\u00e5rdar och verandor. De vita tr\u00e4ribborna ger gungan dess klassiska design. Den rymliga sittgruppen&#8230;<\/p>\n","protected":false},"featured_media":24312,"template":"","meta":[],"product_brand":[],"product_cat":[453,435,450],"product_tag":[],"class_list":{"0":"post-24311","1":"product","2":"type-product","3":"status-publish","4":"has-post-thumbnail","6":"product_cat-hollywood-gungor","7":"product_cat-tradgard-och-terrass","8":"product_cat-tradgardsmobler","10":"first","11":"instock","12":"sale","13":"taxable","14":"shipping-taxable","15":"purchasable","16":"product-type-simple"},"yoast_head":"<!-- This site is optimized with the Yoast SEO plugin v25.4 - https:\/\/yoast.com\/wordpress\/plugins\/seo\/ -->\n<title>TRUUSK Tr\u00e4dg\u00e5rdsgunga f\u00f6r 2 personer - Gungb\u00e4nk i massivt tr\u00e4 - Uteplats och terrass - Vit - 117 x 69 x 60 cm - TRUUSK - Hem, Tr\u00e4dg\u00e5rd &amp; Fritid<\/title>\n<meta name=\"robots\" content=\"index, follow, max-snippet:-1, max-image-preview:large, max-video-preview:-1\" \/>\n<link rel=\"canonical\" href=\"https:\/\/truusk.store\/sv\/produkt\/truusk-tradgardsgunga-for-2-personer-gungbank-i-massivt-tra-uteplats-och-terrass-vit-117-x-69-x-60-cm\/\" \/>\n<meta property=\"og:locale\" content=\"sv_SE\" \/>\n<meta property=\"og:type\" content=\"article\" \/>\n<meta property=\"og:title\" content=\"TRUUSK Tr\u00e4dg\u00e5rdsgunga f\u00f6r 2 personer - Gungb\u00e4nk i massivt tr\u00e4 - Uteplats och terrass - Vit - 117 x 69 x 60 cm - TRUUSK - Hem, Tr\u00e4dg\u00e5rd &amp; Fritid\" \/>\n<meta property=\"og:description\" content=\"Denna tr\u00e4dg\u00e5rdsgunga \u00e4r idealisk f\u00f6r balkonger, tr\u00e4dg\u00e5rdar och verandor. De vita tr\u00e4ribborna ger gungan dess klassiska design. Den rymliga sittgruppen...\" \/>\n<meta property=\"og:url\" content=\"https:\/\/truusk.store\/sv\/produkt\/truusk-tradgardsgunga-for-2-personer-gungbank-i-massivt-tra-uteplats-och-terrass-vit-117-x-69-x-60-cm\/\" \/>\n<meta property=\"og:site_name\" content=\"TRUUSK - Hem, Tr\u00e4dg\u00e5rd &amp; Fritid\" \/>\n<meta property=\"article:modified_time\" content=\"2026-03-12T08:05:27+00:00\" \/>\n<meta property=\"og:image\" content=\"https:\/\/i0.wp.com\/truusk.se\/wp-content\/uploads\/2024\/02\/tradgardsgunga-for-2-personer-gungbank-hangbank-massivt-tra-uteplats-terrass-bakgard-vit-117-x-69-x-60-cm.webp?fit=800%2C800&ssl=1\" \/>\n\t<meta property=\"og:image:width\" content=\"800\" \/>\n\t<meta property=\"og:image:height\" content=\"800\" \/>\n\t<meta property=\"og:image:type\" content=\"image\/webp\" \/>\n<meta name=\"twitter:card\" content=\"summary_large_image\" \/>\n<meta name=\"twitter:label1\" content=\"Ber\u00e4knad l\u00e4stid\" \/>\n\t<meta name=\"twitter:data1\" content=\"1 minut\" \/>\n<!-- \/ Yoast SEO plugin. -->","yoast_head_json":{"title":"TRUUSK Tr\u00e4dg\u00e5rdsgunga f\u00f6r 2 personer - Gungb\u00e4nk i massivt tr\u00e4 - Uteplats och terrass - Vit - 117 x 69 x 60 cm - TRUUSK - Hem, Tr\u00e4dg\u00e5rd &amp; Fritid","robots":{"index":"index","follow":"follow","max-snippet":"max-snippet:-1","max-image-preview":"max-image-preview:large","max-video-preview":"max-video-preview:-1"},"canonical":"https:\/\/truusk.store\/sv\/produkt\/truusk-tradgardsgunga-for-2-personer-gungbank-i-massivt-tra-uteplats-och-terrass-vit-117-x-69-x-60-cm\/","og_locale":"sv_SE","og_type":"article","og_title":"TRUUSK Tr\u00e4dg\u00e5rdsgunga f\u00f6r 2 personer - Gungb\u00e4nk i massivt tr\u00e4 - Uteplats och terrass - Vit - 117 x 69 x 60 cm - TRUUSK - Hem, Tr\u00e4dg\u00e5rd &amp; Fritid","og_description":"Denna tr\u00e4dg\u00e5rdsgunga \u00e4r idealisk f\u00f6r balkonger, tr\u00e4dg\u00e5rdar och verandor. De vita tr\u00e4ribborna ger gungan dess klassiska design. Den rymliga sittgruppen...","og_url":"https:\/\/truusk.store\/sv\/produkt\/truusk-tradgardsgunga-for-2-personer-gungbank-i-massivt-tra-uteplats-och-terrass-vit-117-x-69-x-60-cm\/","og_site_name":"TRUUSK - Hem, Tr\u00e4dg\u00e5rd &amp; Fritid","article_modified_time":"2026-03-12T08:05:27+00:00","og_image":[{"width":800,"height":800,"url":"https:\/\/i0.wp.com\/truusk.se\/wp-content\/uploads\/2024\/02\/tradgardsgunga-for-2-personer-gungbank-hangbank-massivt-tra-uteplats-terrass-bakgard-vit-117-x-69-x-60-cm.webp?fit=800%2C800&ssl=1","type":"image\/webp"}],"twitter_card":"summary_large_image","twitter_misc":{"Ber\u00e4knad l\u00e4stid":"1 minut"},"schema":{"@context":"https:\/\/schema.org","@graph":[{"@type":"WebPage","@id":"https:\/\/truusk.store\/sv\/produkt\/truusk-tradgardsgunga-for-2-personer-gungbank-i-massivt-tra-uteplats-och-terrass-vit-117-x-69-x-60-cm\/","url":"https:\/\/truusk.store\/sv\/produkt\/truusk-tradgardsgunga-for-2-personer-gungbank-i-massivt-tra-uteplats-och-terrass-vit-117-x-69-x-60-cm\/","name":"TRUUSK Tr\u00e4dg\u00e5rdsgunga f\u00f6r 2 personer - Gungb\u00e4nk i massivt tr\u00e4 - Uteplats och terrass - Vit - 117 x 69 x 60 cm - TRUUSK - Hem, Tr\u00e4dg\u00e5rd &amp; Fritid","isPartOf":{"@id":"https:\/\/truusk.store\/sv\/#website"},"primaryImageOfPage":{"@id":"https:\/\/truusk.store\/sv\/produkt\/truusk-tradgardsgunga-for-2-personer-gungbank-i-massivt-tra-uteplats-och-terrass-vit-117-x-69-x-60-cm\/#primaryimage"},"image":{"@id":"https:\/\/truusk.store\/sv\/produkt\/truusk-tradgardsgunga-for-2-personer-gungbank-i-massivt-tra-uteplats-och-terrass-vit-117-x-69-x-60-cm\/#primaryimage"},"thumbnailUrl":"https:\/\/i0.wp.com\/truusk.store\/wp-content\/uploads\/2024\/02\/tradgardsgunga-for-2-personer-gungbank-hangbank-massivt-tra-uteplats-terrass-bakgard-vit-117-x-69-x-60-cm.webp?fit=800%2C800&ssl=1","datePublished":"2024-02-13T16:20:30+00:00","dateModified":"2026-03-12T08:05:27+00:00","breadcrumb":{"@id":"https:\/\/truusk.store\/sv\/produkt\/truusk-tradgardsgunga-for-2-personer-gungbank-i-massivt-tra-uteplats-och-terrass-vit-117-x-69-x-60-cm\/#breadcrumb"},"inLanguage":"sv-SE","potentialAction":[{"@type":"ReadAction","target":["https:\/\/truusk.store\/sv\/produkt\/truusk-tradgardsgunga-for-2-personer-gungbank-i-massivt-tra-uteplats-och-terrass-vit-117-x-69-x-60-cm\/"]}]},{"@type":"ImageObject","inLanguage":"sv-SE","@id":"https:\/\/truusk.store\/sv\/produkt\/truusk-tradgardsgunga-for-2-personer-gungbank-i-massivt-tra-uteplats-och-terrass-vit-117-x-69-x-60-cm\/#primaryimage","url":"https:\/\/i0.wp.com\/truusk.store\/wp-content\/uploads\/2024\/02\/tradgardsgunga-for-2-personer-gungbank-hangbank-massivt-tra-uteplats-terrass-bakgard-vit-117-x-69-x-60-cm.webp?fit=800%2C800&ssl=1","contentUrl":"https:\/\/i0.wp.com\/truusk.store\/wp-content\/uploads\/2024\/02\/tradgardsgunga-for-2-personer-gungbank-hangbank-massivt-tra-uteplats-terrass-bakgard-vit-117-x-69-x-60-cm.webp?fit=800%2C800&ssl=1","width":800,"height":800,"caption":"Tr\u00e4dg\u00e5rdsgunga F\u00f6r 2 Personer, Gungb\u00e4nk, H\u00e4ngb\u00e4nk, Massivt Tr\u00e4, Uteplats, Terrass, Bakg\u00e5rd, Vit, 117 X 69 X 60 Cm 1"},{"@type":"BreadcrumbList","@id":"https:\/\/truusk.store\/sv\/produkt\/truusk-tradgardsgunga-for-2-personer-gungbank-i-massivt-tra-uteplats-och-terrass-vit-117-x-69-x-60-cm\/#breadcrumb","itemListElement":[{"@type":"ListItem","position":1,"name":"Home","item":"https:\/\/truusk.store\/sv\/"},{"@type":"ListItem","position":2,"name":"Shop","item":"https:\/\/truusk.store\/shop\/"},{"@type":"ListItem","position":3,"name":"TRUUSK Tr\u00e4dg\u00e5rdsgunga f\u00f6r 2 personer &#8211; Gungb\u00e4nk i massivt tr\u00e4 &#8211; Uteplats och terrass &#8211; Vit &#8211; 117 x 69 x 60 cm"}]},{"@type":"WebSite","@id":"https:\/\/truusk.store\/sv\/#website","url":"https:\/\/truusk.store\/sv\/","name":"TRUUSK - Hem, Tr\u00e4dg\u00e5rd & Fritid","description":"","publisher":{"@id":"https:\/\/truusk.store\/sv\/#organization"},"potentialAction":[{"@type":"SearchAction","target":{"@type":"EntryPoint","urlTemplate":"https:\/\/truusk.store\/sv\/?s={search_term_string}"},"query-input":{"@type":"PropertyValueSpecification","valueRequired":true,"valueName":"search_term_string"}}],"inLanguage":"sv-SE"},{"@type":"Organization","@id":"https:\/\/truusk.store\/sv\/#organization","name":"TRUUSK - Hem, Tr\u00e4dg\u00e5rd & Fritid","url":"https:\/\/truusk.store\/sv\/","logo":{"@type":"ImageObject","inLanguage":"sv-SE","@id":"https:\/\/truusk.store\/sv\/#\/schema\/logo\/image\/","url":"https:\/\/i0.wp.com\/truusk.store\/wp-content\/uploads\/2026\/03\/cropped-TRUUSK.png?fit=2032%2C917&ssl=1","contentUrl":"https:\/\/i0.wp.com\/truusk.store\/wp-content\/uploads\/2026\/03\/cropped-TRUUSK.png?fit=2032%2C917&ssl=1","width":2032,"height":917,"caption":"TRUUSK - Hem, Tr\u00e4dg\u00e5rd & Fritid"},"image":{"@id":"https:\/\/truusk.store\/sv\/#\/schema\/logo\/image\/"}}]}},"jetpack_sharing_enabled":true,"_links":{"self":[{"href":"https:\/\/truusk.store\/sv\/wp-json\/wp\/v2\/product\/24311","targetHints":{"allow":["GET"]}}],"collection":[{"href":"https:\/\/truusk.store\/sv\/wp-json\/wp\/v2\/product"}],"about":[{"href":"https:\/\/truusk.store\/sv\/wp-json\/wp\/v2\/types\/product"}],"wp:featuredmedia":[{"embeddable":true,"href":"https:\/\/truusk.store\/sv\/wp-json\/wp\/v2\/media\/24312"}],"wp:attachment":[{"href":"https:\/\/truusk.store\/sv\/wp-json\/wp\/v2\/media?parent=24311"}],"wp:term":[{"taxonomy":"product_brand","embeddable":true,"href":"https:\/\/truusk.store\/sv\/wp-json\/wp\/v2\/product_brand?post=24311"},{"taxonomy":"product_cat","embeddable":true,"href":"https:\/\/truusk.store\/sv\/wp-json\/wp\/v2\/product_cat?post=24311"},{"taxonomy":"product_tag","embeddable":true,"href":"https:\/\/truusk.store\/sv\/wp-json\/wp\/v2\/product_tag?post=24311"}],"curies":[{"name":"wp","href":"https:\/\/api.w.org\/{rel}","templated":true}]}}