{"id":24424,"date":"2024-02-13T17:24:02","date_gmt":"2024-02-13T16:24:02","guid":{"rendered":"https:\/\/truusk.store\/product\/set-med-2-bordslampor-bordslampor-e27-sockel-sanglampa-40-w-glas-linne-stal-barnsten-30-x-56h-cm\/"},"modified":"2026-03-12T09:05:28","modified_gmt":"2026-03-12T08:05:28","slug":"truusk-set-med-2-bordslampor-e27-sockel-sanglampa-40-w-glas-linne-stal-barnsten-30-x-56h-cm","status":"publish","type":"product","link":"https:\/\/truusk.store\/sv\/produkt\/truusk-set-med-2-bordslampor-e27-sockel-sanglampa-40-w-glas-linne-stal-barnsten-30-x-56h-cm\/","title":{"rendered":"TRUUSK Set med 2 Bordslampor &#8211; E27 Sockel &#8211; S\u00e4nglampa &#8211; 40 W &#8211; Glas &amp; Linne &#8211; St\u00e5l &#8211; B\u00e4rnsten &#8211; 30 X 56H cm"},"content":{"rendered":"<p>Dessa bordslampor kombinerar en vacker glasdesign med en linneliknande tygsk\u00e4rm. Det skapar stil, tillf\u00f6rlitlighet och bekv\u00e4mlighet genom att kombinera h\u00f6gkvalitativt material med en snygg design. Det \u00e4r enkelt men \u00e4nd\u00e5 stilfullt estetiskt, vilket g\u00f6r det till ett fantastiskt subtilt till\u00e4gg. Det \u00e4r ett idealiskt val f\u00f6r sovrum, vardagsrum, matsal, studenthem, studie, vilket skapar en bekv\u00e4m och harmonisk atmosf\u00e4r.<\/p>\n<h3>Beskrivning:<\/h3>\n<ul>\n<li>2 bordslampor med linnelampsk\u00e4rm och droppformade stavar av glas<\/li>\n<li>Passar i vardagsrum, sovrum, matsal, arbetsrum och mer<\/li>\n<li>Linnesk\u00e4rmen ger ett mjukt och varmt ljus<\/li>\n<li>Tillverkad av st\u00e5l och glas f\u00f6r h\u00f6g stabilitet och l\u00e5ngvarig anv\u00e4ndning<\/li>\n<li>Den runda basen ger ytterligare balans<\/li>\n<li>E27 lampfot (gl\u00f6dlampor ing\u00e5r ej)<\/li>\n<li>Enkel p\u00e5\/av-brytare p\u00e5 kabeln<\/li>\n<li>Levereras med standard europeisk kontakt<\/li>\n<li>1,6 m l\u00e5ng kabel g\u00f6r den enkel att koppla in<\/li>\n<li>Montering kr\u00e4vs<\/li>\n<\/ul>\n<h3>Teknisk data:<\/h3>\n<ul>\n<li>F\u00e4rg: Vit+Silver+Amber<\/li>\n<li>Material: st\u00e5l, glas, linne<\/li>\n<li>Totala m\u00e5tt: 30 x 56H cm<\/li>\n<li>Lampsk\u00e4rmens storlek: 30 x 23H cm<\/li>\n<li>Basstorlek: 14 cm<\/li>\n<li>Ing\u00e5ngssp\u00e4nning: 230V\/50HZ<\/li>\n<li>Max effekt: 40W<\/li>\n<li>Str\u00f6mkabell\u00e4ngd: 1,6 m<\/li>\n<li>E27 bas (gl\u00f6dlampa ing\u00e5r ej)<\/li>\n<li>Certifiering: CE-LVD, RoHS<\/li>\n<li>Artikelnummer: B31-251<\/li>\n<\/ul>\n<h3>Leveransens omfattning:<\/h3>\n<ul>\n<li>1 x Bordslampa<\/li>\n<li>1 x Instruktioner<\/li>\n<\/ul>\n","protected":false},"excerpt":{"rendered":"<p>Dessa bordslampor kombinerar en vacker glasdesign med en linneliknande tygsk\u00e4rm. Det skapar stil, tillf\u00f6rlitlighet och bekv\u00e4mlighet genom att kombinera h\u00f6gkvalitativt&#8230;<\/p>\n","protected":false},"featured_media":24425,"template":"","meta":[],"product_brand":[],"product_cat":[486,488,485],"product_tag":[],"class_list":{"0":"post-24424","1":"product","2":"type-product","3":"status-publish","4":"has-post-thumbnail","6":"product_cat-belysning","7":"product_cat-golv-och-bordslampor","8":"product_cat-hus-bo","10":"first","11":"instock","12":"sale","13":"taxable","14":"shipping-taxable","15":"purchasable","16":"product-type-simple"},"yoast_head":"<!-- This site is optimized with the Yoast SEO plugin v25.4 - https:\/\/yoast.com\/wordpress\/plugins\/seo\/ -->\n<title>TRUUSK Set med 2 Bordslampor - E27 Sockel - S\u00e4nglampa - 40 W - Glas &amp; Linne - St\u00e5l - B\u00e4rnsten - 30 X 56H cm - TRUUSK - Hem, Tr\u00e4dg\u00e5rd &amp; Fritid<\/title>\n<meta name=\"robots\" content=\"index, follow, max-snippet:-1, max-image-preview:large, max-video-preview:-1\" \/>\n<link rel=\"canonical\" href=\"https:\/\/truusk.store\/sv\/produkt\/truusk-set-med-2-bordslampor-e27-sockel-sanglampa-40-w-glas-linne-stal-barnsten-30-x-56h-cm\/\" \/>\n<meta property=\"og:locale\" content=\"sv_SE\" \/>\n<meta property=\"og:type\" content=\"article\" \/>\n<meta property=\"og:title\" content=\"TRUUSK Set med 2 Bordslampor - E27 Sockel - S\u00e4nglampa - 40 W - Glas &amp; Linne - St\u00e5l - B\u00e4rnsten - 30 X 56H cm - TRUUSK - Hem, Tr\u00e4dg\u00e5rd &amp; Fritid\" \/>\n<meta property=\"og:description\" content=\"Dessa bordslampor kombinerar en vacker glasdesign med en linneliknande tygsk\u00e4rm. Det skapar stil, tillf\u00f6rlitlighet och bekv\u00e4mlighet genom att kombinera h\u00f6gkvalitativt...\" \/>\n<meta property=\"og:url\" content=\"https:\/\/truusk.store\/sv\/produkt\/truusk-set-med-2-bordslampor-e27-sockel-sanglampa-40-w-glas-linne-stal-barnsten-30-x-56h-cm\/\" \/>\n<meta property=\"og:site_name\" content=\"TRUUSK - Hem, Tr\u00e4dg\u00e5rd &amp; Fritid\" \/>\n<meta property=\"article:modified_time\" content=\"2026-03-12T08:05:28+00:00\" \/>\n<meta property=\"og:image\" content=\"https:\/\/i0.wp.com\/truusk.se\/wp-content\/uploads\/2024\/02\/set-med-2-bordslampor-bordslampor-e27-sockel-sanglampa-40-w-glas-linne-stal-barnsten-30-x-56h-cm.webp?fit=800%2C800&ssl=1\" \/>\n\t<meta property=\"og:image:width\" content=\"800\" \/>\n\t<meta property=\"og:image:height\" content=\"800\" \/>\n\t<meta property=\"og:image:type\" content=\"image\/webp\" \/>\n<meta name=\"twitter:card\" content=\"summary_large_image\" \/>\n<meta name=\"twitter:label1\" content=\"Ber\u00e4knad l\u00e4stid\" \/>\n\t<meta name=\"twitter:data1\" content=\"1 minut\" \/>\n<!-- \/ Yoast SEO plugin. -->","yoast_head_json":{"title":"TRUUSK Set med 2 Bordslampor - E27 Sockel - S\u00e4nglampa - 40 W - Glas &amp; Linne - St\u00e5l - B\u00e4rnsten - 30 X 56H cm - TRUUSK - Hem, Tr\u00e4dg\u00e5rd &amp; Fritid","robots":{"index":"index","follow":"follow","max-snippet":"max-snippet:-1","max-image-preview":"max-image-preview:large","max-video-preview":"max-video-preview:-1"},"canonical":"https:\/\/truusk.store\/sv\/produkt\/truusk-set-med-2-bordslampor-e27-sockel-sanglampa-40-w-glas-linne-stal-barnsten-30-x-56h-cm\/","og_locale":"sv_SE","og_type":"article","og_title":"TRUUSK Set med 2 Bordslampor - E27 Sockel - S\u00e4nglampa - 40 W - Glas &amp; Linne - St\u00e5l - B\u00e4rnsten - 30 X 56H cm - TRUUSK - Hem, Tr\u00e4dg\u00e5rd &amp; Fritid","og_description":"Dessa bordslampor kombinerar en vacker glasdesign med en linneliknande tygsk\u00e4rm. Det skapar stil, tillf\u00f6rlitlighet och bekv\u00e4mlighet genom att kombinera h\u00f6gkvalitativt...","og_url":"https:\/\/truusk.store\/sv\/produkt\/truusk-set-med-2-bordslampor-e27-sockel-sanglampa-40-w-glas-linne-stal-barnsten-30-x-56h-cm\/","og_site_name":"TRUUSK - Hem, Tr\u00e4dg\u00e5rd &amp; Fritid","article_modified_time":"2026-03-12T08:05:28+00:00","og_image":[{"width":800,"height":800,"url":"https:\/\/i0.wp.com\/truusk.se\/wp-content\/uploads\/2024\/02\/set-med-2-bordslampor-bordslampor-e27-sockel-sanglampa-40-w-glas-linne-stal-barnsten-30-x-56h-cm.webp?fit=800%2C800&ssl=1","type":"image\/webp"}],"twitter_card":"summary_large_image","twitter_misc":{"Ber\u00e4knad l\u00e4stid":"1 minut"},"schema":{"@context":"https:\/\/schema.org","@graph":[{"@type":"WebPage","@id":"https:\/\/truusk.store\/sv\/produkt\/truusk-set-med-2-bordslampor-e27-sockel-sanglampa-40-w-glas-linne-stal-barnsten-30-x-56h-cm\/","url":"https:\/\/truusk.store\/sv\/produkt\/truusk-set-med-2-bordslampor-e27-sockel-sanglampa-40-w-glas-linne-stal-barnsten-30-x-56h-cm\/","name":"TRUUSK Set med 2 Bordslampor - E27 Sockel - S\u00e4nglampa - 40 W - Glas &amp; Linne - St\u00e5l - B\u00e4rnsten - 30 X 56H cm - TRUUSK - Hem, Tr\u00e4dg\u00e5rd &amp; Fritid","isPartOf":{"@id":"https:\/\/truusk.store\/sv\/#website"},"primaryImageOfPage":{"@id":"https:\/\/truusk.store\/sv\/produkt\/truusk-set-med-2-bordslampor-e27-sockel-sanglampa-40-w-glas-linne-stal-barnsten-30-x-56h-cm\/#primaryimage"},"image":{"@id":"https:\/\/truusk.store\/sv\/produkt\/truusk-set-med-2-bordslampor-e27-sockel-sanglampa-40-w-glas-linne-stal-barnsten-30-x-56h-cm\/#primaryimage"},"thumbnailUrl":"https:\/\/i0.wp.com\/truusk.store\/wp-content\/uploads\/2024\/02\/set-med-2-bordslampor-bordslampor-e27-sockel-sanglampa-40-w-glas-linne-stal-barnsten-30-x-56h-cm.webp?fit=800%2C800&ssl=1","datePublished":"2024-02-13T16:24:02+00:00","dateModified":"2026-03-12T08:05:28+00:00","breadcrumb":{"@id":"https:\/\/truusk.store\/sv\/produkt\/truusk-set-med-2-bordslampor-e27-sockel-sanglampa-40-w-glas-linne-stal-barnsten-30-x-56h-cm\/#breadcrumb"},"inLanguage":"sv-SE","potentialAction":[{"@type":"ReadAction","target":["https:\/\/truusk.store\/sv\/produkt\/truusk-set-med-2-bordslampor-e27-sockel-sanglampa-40-w-glas-linne-stal-barnsten-30-x-56h-cm\/"]}]},{"@type":"ImageObject","inLanguage":"sv-SE","@id":"https:\/\/truusk.store\/sv\/produkt\/truusk-set-med-2-bordslampor-e27-sockel-sanglampa-40-w-glas-linne-stal-barnsten-30-x-56h-cm\/#primaryimage","url":"https:\/\/i0.wp.com\/truusk.store\/wp-content\/uploads\/2024\/02\/set-med-2-bordslampor-bordslampor-e27-sockel-sanglampa-40-w-glas-linne-stal-barnsten-30-x-56h-cm.webp?fit=800%2C800&ssl=1","contentUrl":"https:\/\/i0.wp.com\/truusk.store\/wp-content\/uploads\/2024\/02\/set-med-2-bordslampor-bordslampor-e27-sockel-sanglampa-40-w-glas-linne-stal-barnsten-30-x-56h-cm.webp?fit=800%2C800&ssl=1","width":800,"height":800,"caption":"Set Med 2 Bordslampor Bordslampor E27 Sockel S\u00e4nglampa 40 W Glas Linne St\u00e5l B\u00e4rnsten 30 X 56H Cm 1"},{"@type":"BreadcrumbList","@id":"https:\/\/truusk.store\/sv\/produkt\/truusk-set-med-2-bordslampor-e27-sockel-sanglampa-40-w-glas-linne-stal-barnsten-30-x-56h-cm\/#breadcrumb","itemListElement":[{"@type":"ListItem","position":1,"name":"Home","item":"https:\/\/truusk.store\/sv\/"},{"@type":"ListItem","position":2,"name":"Shop","item":"https:\/\/truusk.store\/shop\/"},{"@type":"ListItem","position":3,"name":"TRUUSK Set med 2 Bordslampor &#8211; E27 Sockel &#8211; S\u00e4nglampa &#8211; 40 W &#8211; Glas &amp; Linne &#8211; St\u00e5l &#8211; B\u00e4rnsten &#8211; 30 X 56H cm"}]},{"@type":"WebSite","@id":"https:\/\/truusk.store\/sv\/#website","url":"https:\/\/truusk.store\/sv\/","name":"TRUUSK - Hem, Tr\u00e4dg\u00e5rd & Fritid","description":"","publisher":{"@id":"https:\/\/truusk.store\/sv\/#organization"},"potentialAction":[{"@type":"SearchAction","target":{"@type":"EntryPoint","urlTemplate":"https:\/\/truusk.store\/sv\/?s={search_term_string}"},"query-input":{"@type":"PropertyValueSpecification","valueRequired":true,"valueName":"search_term_string"}}],"inLanguage":"sv-SE"},{"@type":"Organization","@id":"https:\/\/truusk.store\/sv\/#organization","name":"TRUUSK - Hem, Tr\u00e4dg\u00e5rd & Fritid","url":"https:\/\/truusk.store\/sv\/","logo":{"@type":"ImageObject","inLanguage":"sv-SE","@id":"https:\/\/truusk.store\/sv\/#\/schema\/logo\/image\/","url":"https:\/\/i0.wp.com\/truusk.store\/wp-content\/uploads\/2026\/03\/cropped-TRUUSK.png?fit=2032%2C917&ssl=1","contentUrl":"https:\/\/i0.wp.com\/truusk.store\/wp-content\/uploads\/2026\/03\/cropped-TRUUSK.png?fit=2032%2C917&ssl=1","width":2032,"height":917,"caption":"TRUUSK - Hem, Tr\u00e4dg\u00e5rd & Fritid"},"image":{"@id":"https:\/\/truusk.store\/sv\/#\/schema\/logo\/image\/"}}]}},"jetpack_sharing_enabled":true,"_links":{"self":[{"href":"https:\/\/truusk.store\/sv\/wp-json\/wp\/v2\/product\/24424","targetHints":{"allow":["GET"]}}],"collection":[{"href":"https:\/\/truusk.store\/sv\/wp-json\/wp\/v2\/product"}],"about":[{"href":"https:\/\/truusk.store\/sv\/wp-json\/wp\/v2\/types\/product"}],"wp:featuredmedia":[{"embeddable":true,"href":"https:\/\/truusk.store\/sv\/wp-json\/wp\/v2\/media\/24425"}],"wp:attachment":[{"href":"https:\/\/truusk.store\/sv\/wp-json\/wp\/v2\/media?parent=24424"}],"wp:term":[{"taxonomy":"product_brand","embeddable":true,"href":"https:\/\/truusk.store\/sv\/wp-json\/wp\/v2\/product_brand?post=24424"},{"taxonomy":"product_cat","embeddable":true,"href":"https:\/\/truusk.store\/sv\/wp-json\/wp\/v2\/product_cat?post=24424"},{"taxonomy":"product_tag","embeddable":true,"href":"https:\/\/truusk.store\/sv\/wp-json\/wp\/v2\/product_tag?post=24424"}],"curies":[{"name":"wp","href":"https:\/\/api.w.org\/{rel}","templated":true}]}}