{"id":24457,"date":"2024-02-13T17:25:05","date_gmt":"2024-02-13T16:25:05","guid":{"rendered":"https:\/\/truusk.store\/product\/solstol-hopfallbar-justerbar-rygg-rostsaker-metallram-187-x-55-x-24-svart\/"},"modified":"2026-03-12T09:05:29","modified_gmt":"2026-03-12T08:05:29","slug":"truusk-solstol-hopfallbar-justerbar-rygg-rostsaker-metallram-187-x-55-x-24-svart","status":"publish","type":"product","link":"https:\/\/truusk.store\/sv\/produkt\/truusk-solstol-hopfallbar-justerbar-rygg-rostsaker-metallram-187-x-55-x-24-svart\/","title":{"rendered":"TRUUSK Solstol &#8211; Hopf\u00e4llbar &#8211; Justerbar Rygg &#8211; Rosts\u00e4ker Metallram &#8211; 187 X 55 X 24 &#8211; Svart"},"content":{"rendered":"<p>Vill du ha bekv\u00e4mligheten av en resort med dig oavsett vart du g\u00e5r? Detta \u00e4r nu m\u00f6jligt med. Vi erbjuder dig en hopf\u00e4llbar solstol som du kan anv\u00e4nda f\u00f6r att luta dig tillbaka och koppla av p\u00e5 stranden, campingen eller vid poolen. Den har ett justerbart ryggst\u00f6d i fem l\u00e4gen; V\u00e4lj din f\u00f6redragna vinkel f\u00f6r att sola och njut av sommaren till fullo. Tygbekl\u00e4dnaden p\u00e5 balkongs\u00e4ngen \u00e4r robust nog f\u00f6r stranden och campingen.<\/p>\n<h3>Beskrivning:<\/h3>\n<ul>\n<li>Mycket bekv\u00e4m solstol f\u00f6r 1 person<\/li>\n<li>Hopf\u00e4llbar tr\u00e4dg\u00e5rdss\u00e4ng f\u00f6r att underl\u00e4tta flyttning och f\u00f6rvaring<\/li>\n<li>Campings\u00e4ngen \u00e4r l\u00e4mplig f\u00f6r b\u00e5de utomhus- och inomhusbruk (tr\u00e4dg\u00e5rd, terrass).<\/li>\n<li>Ryggst\u00f6d justerbart i flera l\u00e4gen<\/li>\n<li>L\u00e4tt att sk\u00f6ta tack vare den rosts\u00e4kra metallramen och polyester\u00f6verdraget<\/li>\n<li>Rekommendation: F\u00f6rvara vilstolen n\u00e4r den inte anv\u00e4nds f\u00f6r att \u00f6ka dess livsl\u00e4ngd<\/li>\n<\/ul>\n<h3>Teknisk data:<\/h3>\n<ul>\n<li>Svart f\u00e4rg<\/li>\n<li>Material: metall, Oxford (100% polyester)<\/li>\n<li>\u00d6vergripande m\u00e5tt: 187L x 55W x 24H cm<\/li>\n<li>M\u00e5tt vikta: 65L x 55W x 12H cm<\/li>\n<li>Lastkapacitet: 120 kg<\/li>\n<\/ul>\n<h3>Leveransens omfattning:<\/h3>\n<ul>\n<li>1 x solstol<\/li>\n<li>1 x Instruktioner<\/li>\n<\/ul>\n","protected":false},"excerpt":{"rendered":"<p>Vill du ha bekv\u00e4mligheten av en resort med dig oavsett vart du g\u00e5r? Detta \u00e4r nu m\u00f6jligt med. Vi erbjuder&#8230;<\/p>\n","protected":false},"featured_media":24458,"template":"","meta":[],"product_brand":[],"product_cat":[451,435,450],"product_tag":[],"class_list":{"0":"post-24457","1":"product","2":"type-product","3":"status-publish","4":"has-post-thumbnail","6":"product_cat-solstolar","7":"product_cat-tradgard-och-terrass","8":"product_cat-tradgardsmobler","10":"first","11":"instock","12":"sale","13":"taxable","14":"shipping-taxable","15":"purchasable","16":"product-type-simple"},"yoast_head":"<!-- This site is optimized with the Yoast SEO plugin v25.4 - https:\/\/yoast.com\/wordpress\/plugins\/seo\/ -->\n<title>TRUUSK Solstol - Hopf\u00e4llbar - Justerbar Rygg - Rosts\u00e4ker Metallram - 187 X 55 X 24 - Svart - TRUUSK - Hem, Tr\u00e4dg\u00e5rd &amp; Fritid<\/title>\n<meta name=\"robots\" content=\"index, follow, max-snippet:-1, max-image-preview:large, max-video-preview:-1\" \/>\n<link rel=\"canonical\" href=\"https:\/\/truusk.store\/sv\/produkt\/truusk-solstol-hopfallbar-justerbar-rygg-rostsaker-metallram-187-x-55-x-24-svart\/\" \/>\n<meta property=\"og:locale\" content=\"sv_SE\" \/>\n<meta property=\"og:type\" content=\"article\" \/>\n<meta property=\"og:title\" content=\"TRUUSK Solstol - Hopf\u00e4llbar - Justerbar Rygg - Rosts\u00e4ker Metallram - 187 X 55 X 24 - Svart - TRUUSK - Hem, Tr\u00e4dg\u00e5rd &amp; Fritid\" \/>\n<meta property=\"og:description\" content=\"Vill du ha bekv\u00e4mligheten av en resort med dig oavsett vart du g\u00e5r? Detta \u00e4r nu m\u00f6jligt med. Vi erbjuder...\" \/>\n<meta property=\"og:url\" content=\"https:\/\/truusk.store\/sv\/produkt\/truusk-solstol-hopfallbar-justerbar-rygg-rostsaker-metallram-187-x-55-x-24-svart\/\" \/>\n<meta property=\"og:site_name\" content=\"TRUUSK - Hem, Tr\u00e4dg\u00e5rd &amp; Fritid\" \/>\n<meta property=\"article:modified_time\" content=\"2026-03-12T08:05:29+00:00\" \/>\n<meta property=\"og:image\" content=\"https:\/\/i0.wp.com\/truusk.se\/wp-content\/uploads\/2024\/02\/solstol-hopfallbar-justerbar-rygg-rostsaker-metallram-187-x-55-x-24-svart.webp?fit=800%2C800&ssl=1\" \/>\n\t<meta property=\"og:image:width\" content=\"800\" \/>\n\t<meta property=\"og:image:height\" content=\"800\" \/>\n\t<meta property=\"og:image:type\" content=\"image\/webp\" \/>\n<meta name=\"twitter:card\" content=\"summary_large_image\" \/>\n<meta name=\"twitter:label1\" content=\"Ber\u00e4knad l\u00e4stid\" \/>\n\t<meta name=\"twitter:data1\" content=\"1 minut\" \/>\n<!-- \/ Yoast SEO plugin. -->","yoast_head_json":{"title":"TRUUSK Solstol - Hopf\u00e4llbar - Justerbar Rygg - Rosts\u00e4ker Metallram - 187 X 55 X 24 - Svart - TRUUSK - Hem, Tr\u00e4dg\u00e5rd &amp; Fritid","robots":{"index":"index","follow":"follow","max-snippet":"max-snippet:-1","max-image-preview":"max-image-preview:large","max-video-preview":"max-video-preview:-1"},"canonical":"https:\/\/truusk.store\/sv\/produkt\/truusk-solstol-hopfallbar-justerbar-rygg-rostsaker-metallram-187-x-55-x-24-svart\/","og_locale":"sv_SE","og_type":"article","og_title":"TRUUSK Solstol - Hopf\u00e4llbar - Justerbar Rygg - Rosts\u00e4ker Metallram - 187 X 55 X 24 - Svart - TRUUSK - Hem, Tr\u00e4dg\u00e5rd &amp; Fritid","og_description":"Vill du ha bekv\u00e4mligheten av en resort med dig oavsett vart du g\u00e5r? Detta \u00e4r nu m\u00f6jligt med. Vi erbjuder...","og_url":"https:\/\/truusk.store\/sv\/produkt\/truusk-solstol-hopfallbar-justerbar-rygg-rostsaker-metallram-187-x-55-x-24-svart\/","og_site_name":"TRUUSK - Hem, Tr\u00e4dg\u00e5rd &amp; Fritid","article_modified_time":"2026-03-12T08:05:29+00:00","og_image":[{"width":800,"height":800,"url":"https:\/\/i0.wp.com\/truusk.se\/wp-content\/uploads\/2024\/02\/solstol-hopfallbar-justerbar-rygg-rostsaker-metallram-187-x-55-x-24-svart.webp?fit=800%2C800&ssl=1","type":"image\/webp"}],"twitter_card":"summary_large_image","twitter_misc":{"Ber\u00e4knad l\u00e4stid":"1 minut"},"schema":{"@context":"https:\/\/schema.org","@graph":[{"@type":"WebPage","@id":"https:\/\/truusk.store\/sv\/produkt\/truusk-solstol-hopfallbar-justerbar-rygg-rostsaker-metallram-187-x-55-x-24-svart\/","url":"https:\/\/truusk.store\/sv\/produkt\/truusk-solstol-hopfallbar-justerbar-rygg-rostsaker-metallram-187-x-55-x-24-svart\/","name":"TRUUSK Solstol - Hopf\u00e4llbar - Justerbar Rygg - Rosts\u00e4ker Metallram - 187 X 55 X 24 - Svart - TRUUSK - Hem, Tr\u00e4dg\u00e5rd &amp; Fritid","isPartOf":{"@id":"https:\/\/truusk.store\/sv\/#website"},"primaryImageOfPage":{"@id":"https:\/\/truusk.store\/sv\/produkt\/truusk-solstol-hopfallbar-justerbar-rygg-rostsaker-metallram-187-x-55-x-24-svart\/#primaryimage"},"image":{"@id":"https:\/\/truusk.store\/sv\/produkt\/truusk-solstol-hopfallbar-justerbar-rygg-rostsaker-metallram-187-x-55-x-24-svart\/#primaryimage"},"thumbnailUrl":"https:\/\/i0.wp.com\/truusk.store\/wp-content\/uploads\/2024\/02\/solstol-hopfallbar-justerbar-rygg-rostsaker-metallram-187-x-55-x-24-svart.webp?fit=800%2C800&ssl=1","datePublished":"2024-02-13T16:25:05+00:00","dateModified":"2026-03-12T08:05:29+00:00","breadcrumb":{"@id":"https:\/\/truusk.store\/sv\/produkt\/truusk-solstol-hopfallbar-justerbar-rygg-rostsaker-metallram-187-x-55-x-24-svart\/#breadcrumb"},"inLanguage":"sv-SE","potentialAction":[{"@type":"ReadAction","target":["https:\/\/truusk.store\/sv\/produkt\/truusk-solstol-hopfallbar-justerbar-rygg-rostsaker-metallram-187-x-55-x-24-svart\/"]}]},{"@type":"ImageObject","inLanguage":"sv-SE","@id":"https:\/\/truusk.store\/sv\/produkt\/truusk-solstol-hopfallbar-justerbar-rygg-rostsaker-metallram-187-x-55-x-24-svart\/#primaryimage","url":"https:\/\/i0.wp.com\/truusk.store\/wp-content\/uploads\/2024\/02\/solstol-hopfallbar-justerbar-rygg-rostsaker-metallram-187-x-55-x-24-svart.webp?fit=800%2C800&ssl=1","contentUrl":"https:\/\/i0.wp.com\/truusk.store\/wp-content\/uploads\/2024\/02\/solstol-hopfallbar-justerbar-rygg-rostsaker-metallram-187-x-55-x-24-svart.webp?fit=800%2C800&ssl=1","width":800,"height":800,"caption":"Solstol, Hopf\u00e4llbar, Justerbar Rygg, Rosts\u00e4ker Metallram, 187 X 55 X 24, Svart 1"},{"@type":"BreadcrumbList","@id":"https:\/\/truusk.store\/sv\/produkt\/truusk-solstol-hopfallbar-justerbar-rygg-rostsaker-metallram-187-x-55-x-24-svart\/#breadcrumb","itemListElement":[{"@type":"ListItem","position":1,"name":"Home","item":"https:\/\/truusk.store\/sv\/"},{"@type":"ListItem","position":2,"name":"Shop","item":"https:\/\/truusk.store\/shop\/"},{"@type":"ListItem","position":3,"name":"TRUUSK Solstol &#8211; Hopf\u00e4llbar &#8211; Justerbar Rygg &#8211; Rosts\u00e4ker Metallram &#8211; 187 X 55 X 24 &#8211; Svart"}]},{"@type":"WebSite","@id":"https:\/\/truusk.store\/sv\/#website","url":"https:\/\/truusk.store\/sv\/","name":"TRUUSK - Hem, Tr\u00e4dg\u00e5rd & Fritid","description":"","publisher":{"@id":"https:\/\/truusk.store\/sv\/#organization"},"potentialAction":[{"@type":"SearchAction","target":{"@type":"EntryPoint","urlTemplate":"https:\/\/truusk.store\/sv\/?s={search_term_string}"},"query-input":{"@type":"PropertyValueSpecification","valueRequired":true,"valueName":"search_term_string"}}],"inLanguage":"sv-SE"},{"@type":"Organization","@id":"https:\/\/truusk.store\/sv\/#organization","name":"TRUUSK - Hem, Tr\u00e4dg\u00e5rd & Fritid","url":"https:\/\/truusk.store\/sv\/","logo":{"@type":"ImageObject","inLanguage":"sv-SE","@id":"https:\/\/truusk.store\/sv\/#\/schema\/logo\/image\/","url":"https:\/\/i0.wp.com\/truusk.store\/wp-content\/uploads\/2026\/03\/cropped-TRUUSK.png?fit=2032%2C917&ssl=1","contentUrl":"https:\/\/i0.wp.com\/truusk.store\/wp-content\/uploads\/2026\/03\/cropped-TRUUSK.png?fit=2032%2C917&ssl=1","width":2032,"height":917,"caption":"TRUUSK - Hem, Tr\u00e4dg\u00e5rd & Fritid"},"image":{"@id":"https:\/\/truusk.store\/sv\/#\/schema\/logo\/image\/"}}]}},"jetpack_sharing_enabled":true,"_links":{"self":[{"href":"https:\/\/truusk.store\/sv\/wp-json\/wp\/v2\/product\/24457","targetHints":{"allow":["GET"]}}],"collection":[{"href":"https:\/\/truusk.store\/sv\/wp-json\/wp\/v2\/product"}],"about":[{"href":"https:\/\/truusk.store\/sv\/wp-json\/wp\/v2\/types\/product"}],"wp:featuredmedia":[{"embeddable":true,"href":"https:\/\/truusk.store\/sv\/wp-json\/wp\/v2\/media\/24458"}],"wp:attachment":[{"href":"https:\/\/truusk.store\/sv\/wp-json\/wp\/v2\/media?parent=24457"}],"wp:term":[{"taxonomy":"product_brand","embeddable":true,"href":"https:\/\/truusk.store\/sv\/wp-json\/wp\/v2\/product_brand?post=24457"},{"taxonomy":"product_cat","embeddable":true,"href":"https:\/\/truusk.store\/sv\/wp-json\/wp\/v2\/product_cat?post=24457"},{"taxonomy":"product_tag","embeddable":true,"href":"https:\/\/truusk.store\/sv\/wp-json\/wp\/v2\/product_tag?post=24457"}],"curies":[{"name":"wp","href":"https:\/\/api.w.org\/{rel}","templated":true}]}}