{"id":24553,"date":"2024-02-13T17:28:03","date_gmt":"2024-02-13T16:28:03","guid":{"rendered":"https:\/\/truusk.store\/product\/trampolin-kantskydd-sakerhetsnat-8ft-10ft-12ft-15ft-kantskydd-366cm-bla-studsmatta-ingar-ej\/"},"modified":"2026-03-12T09:05:31","modified_gmt":"2026-03-12T08:05:31","slug":"truusk-trampolin-kantskydd-sakerhetsnat-for-8ft-10ft-12ft-15ft-trampoliner-366cm-bla-studsmatta-ingar-ej","status":"publish","type":"product","link":"https:\/\/truusk.store\/sv\/produkt\/truusk-trampolin-kantskydd-sakerhetsnat-for-8ft-10ft-12ft-15ft-trampoliner-366cm-bla-studsmatta-ingar-ej\/","title":{"rendered":"TRUUSK Trampolin Kantskydd S\u00e4kerhetsn\u00e4t &#8211; F\u00f6r 8ft 10ft 12ft 15ft Trampoliner &#8211; 366cm &#8211; Bl\u00e5 &#8211; Studsmatta Ing\u00e5r Ej"},"content":{"rendered":"<p>S\u00e4ker, h\u00e5llbar och enkel att installera. Oavsett tillverkare \u00e4r v\u00e5rt TRUUSK kantskydd l\u00e4mpligt f\u00f6r vanliga studsmattor med en diameter p\u00e5 366 cm. EPE-stoppningen t\u00e4cker spiralfj\u00e4drarna s\u00e4kert och skyddar dina barn fr\u00e5n skador. Den f\u00e4sts enkelt p\u00e5 ramen p\u00e5 din studsmatta med de slitstarka \u00f6glorna. Detta \u00e4r ett enkelt s\u00e4tt att byta ut ditt gamla kantskydd. OBS: M\u00e4t din studsmatta och l\u00e4ngden p\u00e5 spiralfj\u00e4drarna i f\u00f6rv\u00e4g f\u00f6r att undvika att best\u00e4lla fel. Om du har l\u00e5nga spiralfj\u00e4drar kan du beh\u00f6va ett bredare skydd.<\/p>\n<h3>Beskrivning:<\/h3>\n<ul>\n<li>L\u00e4mplig f\u00f6r alla runda studsmattor (oavsett tillverkare) med en diameter p\u00e5 366 cm<\/li>\n<li>Tillverkad av PVC och PE, extremt t\u00e5lig, v\u00e4derbest\u00e4ndig och stabil<\/li>\n<li>Den mjuka ytan \u00f6ver fj\u00e4drarna ger optimalt skydd mot skador<\/li>\n<li>H\u00f6g kvalitet, extra tjock, bred stoppning (15 mm)<\/li>\n<li>L\u00e4tt att f\u00e4sta p\u00e5 studsmattan<\/li>\n<\/ul>\n<h3>Teknisk data:<\/h3>\n<ul>\n<li>Material: PVC, PE<\/li>\n<li>F\u00e4rg bl\u00e5<\/li>\n<li>Vikt: 2,5 kg<\/li>\n<li>Diameter: 366 cm<\/li>\n<li>Vadderingstjocklek: 15 mm<\/li>\n<\/ul>\n<h3>Leveransens omfattning:<\/h3>\n<ul>\n<li>1 x studsmatta kantskydd;<\/li>\n<\/ul>\n","protected":false},"excerpt":{"rendered":"<p>S\u00e4ker, h\u00e5llbar och enkel att installera. Oavsett tillverkare \u00e4r v\u00e5rt TRUUSK kantskydd l\u00e4mpligt f\u00f6r vanliga studsmattor med en diameter p\u00e5&#8230;<\/p>\n","protected":false},"featured_media":24554,"template":"","meta":[],"product_brand":[],"product_cat":[656,647,657],"product_tag":[],"class_list":{"0":"post-24553","1":"product","2":"type-product","3":"status-publish","4":"has-post-thumbnail","6":"product_cat-spel-hobby","7":"product_cat-sport-fritid","8":"product_cat-studsmattor-tillbehor","10":"first","11":"instock","12":"sale","13":"taxable","14":"shipping-taxable","15":"purchasable","16":"product-type-simple"},"yoast_head":"<!-- This site is optimized with the Yoast SEO plugin v25.4 - https:\/\/yoast.com\/wordpress\/plugins\/seo\/ -->\n<title>TRUUSK Trampolin Kantskydd S\u00e4kerhetsn\u00e4t - F\u00f6r 8ft 10ft 12ft 15ft Trampoliner - 366cm - Bl\u00e5 - Studsmatta Ing\u00e5r Ej - TRUUSK - Hem, Tr\u00e4dg\u00e5rd &amp; Fritid<\/title>\n<meta name=\"robots\" content=\"index, follow, max-snippet:-1, max-image-preview:large, max-video-preview:-1\" \/>\n<link rel=\"canonical\" href=\"https:\/\/truusk.store\/sv\/produkt\/truusk-trampolin-kantskydd-sakerhetsnat-for-8ft-10ft-12ft-15ft-trampoliner-366cm-bla-studsmatta-ingar-ej\/\" \/>\n<meta property=\"og:locale\" content=\"sv_SE\" \/>\n<meta property=\"og:type\" content=\"article\" \/>\n<meta property=\"og:title\" content=\"TRUUSK Trampolin Kantskydd S\u00e4kerhetsn\u00e4t - F\u00f6r 8ft 10ft 12ft 15ft Trampoliner - 366cm - Bl\u00e5 - Studsmatta Ing\u00e5r Ej - TRUUSK - Hem, Tr\u00e4dg\u00e5rd &amp; Fritid\" \/>\n<meta property=\"og:description\" content=\"S\u00e4ker, h\u00e5llbar och enkel att installera. Oavsett tillverkare \u00e4r v\u00e5rt TRUUSK kantskydd l\u00e4mpligt f\u00f6r vanliga studsmattor med en diameter p\u00e5...\" \/>\n<meta property=\"og:url\" content=\"https:\/\/truusk.store\/sv\/produkt\/truusk-trampolin-kantskydd-sakerhetsnat-for-8ft-10ft-12ft-15ft-trampoliner-366cm-bla-studsmatta-ingar-ej\/\" \/>\n<meta property=\"og:site_name\" content=\"TRUUSK - Hem, Tr\u00e4dg\u00e5rd &amp; Fritid\" \/>\n<meta property=\"article:modified_time\" content=\"2026-03-12T08:05:31+00:00\" \/>\n<meta property=\"og:image\" content=\"https:\/\/i0.wp.com\/truusk.se\/wp-content\/uploads\/2024\/02\/trampolin-kantskydd-sakerhetsnat-8ft-10ft-12ft-15ft-kantskydd-366cm-bla-studsmatta-ingar-ej.webp?fit=800%2C800&ssl=1\" \/>\n\t<meta property=\"og:image:width\" content=\"800\" \/>\n\t<meta property=\"og:image:height\" content=\"800\" \/>\n\t<meta property=\"og:image:type\" content=\"image\/webp\" \/>\n<meta name=\"twitter:card\" content=\"summary_large_image\" \/>\n<meta name=\"twitter:label1\" content=\"Ber\u00e4knad l\u00e4stid\" \/>\n\t<meta name=\"twitter:data1\" content=\"1 minut\" \/>\n<!-- \/ Yoast SEO plugin. -->","yoast_head_json":{"title":"TRUUSK Trampolin Kantskydd S\u00e4kerhetsn\u00e4t - F\u00f6r 8ft 10ft 12ft 15ft Trampoliner - 366cm - Bl\u00e5 - Studsmatta Ing\u00e5r Ej - TRUUSK - Hem, Tr\u00e4dg\u00e5rd &amp; Fritid","robots":{"index":"index","follow":"follow","max-snippet":"max-snippet:-1","max-image-preview":"max-image-preview:large","max-video-preview":"max-video-preview:-1"},"canonical":"https:\/\/truusk.store\/sv\/produkt\/truusk-trampolin-kantskydd-sakerhetsnat-for-8ft-10ft-12ft-15ft-trampoliner-366cm-bla-studsmatta-ingar-ej\/","og_locale":"sv_SE","og_type":"article","og_title":"TRUUSK Trampolin Kantskydd S\u00e4kerhetsn\u00e4t - F\u00f6r 8ft 10ft 12ft 15ft Trampoliner - 366cm - Bl\u00e5 - Studsmatta Ing\u00e5r Ej - TRUUSK - Hem, Tr\u00e4dg\u00e5rd &amp; Fritid","og_description":"S\u00e4ker, h\u00e5llbar och enkel att installera. Oavsett tillverkare \u00e4r v\u00e5rt TRUUSK kantskydd l\u00e4mpligt f\u00f6r vanliga studsmattor med en diameter p\u00e5...","og_url":"https:\/\/truusk.store\/sv\/produkt\/truusk-trampolin-kantskydd-sakerhetsnat-for-8ft-10ft-12ft-15ft-trampoliner-366cm-bla-studsmatta-ingar-ej\/","og_site_name":"TRUUSK - Hem, Tr\u00e4dg\u00e5rd &amp; Fritid","article_modified_time":"2026-03-12T08:05:31+00:00","og_image":[{"width":800,"height":800,"url":"https:\/\/i0.wp.com\/truusk.se\/wp-content\/uploads\/2024\/02\/trampolin-kantskydd-sakerhetsnat-8ft-10ft-12ft-15ft-kantskydd-366cm-bla-studsmatta-ingar-ej.webp?fit=800%2C800&ssl=1","type":"image\/webp"}],"twitter_card":"summary_large_image","twitter_misc":{"Ber\u00e4knad l\u00e4stid":"1 minut"},"schema":{"@context":"https:\/\/schema.org","@graph":[{"@type":"WebPage","@id":"https:\/\/truusk.store\/sv\/produkt\/truusk-trampolin-kantskydd-sakerhetsnat-for-8ft-10ft-12ft-15ft-trampoliner-366cm-bla-studsmatta-ingar-ej\/","url":"https:\/\/truusk.store\/sv\/produkt\/truusk-trampolin-kantskydd-sakerhetsnat-for-8ft-10ft-12ft-15ft-trampoliner-366cm-bla-studsmatta-ingar-ej\/","name":"TRUUSK Trampolin Kantskydd S\u00e4kerhetsn\u00e4t - F\u00f6r 8ft 10ft 12ft 15ft Trampoliner - 366cm - Bl\u00e5 - Studsmatta Ing\u00e5r Ej - TRUUSK - Hem, Tr\u00e4dg\u00e5rd &amp; Fritid","isPartOf":{"@id":"https:\/\/truusk.store\/sv\/#website"},"primaryImageOfPage":{"@id":"https:\/\/truusk.store\/sv\/produkt\/truusk-trampolin-kantskydd-sakerhetsnat-for-8ft-10ft-12ft-15ft-trampoliner-366cm-bla-studsmatta-ingar-ej\/#primaryimage"},"image":{"@id":"https:\/\/truusk.store\/sv\/produkt\/truusk-trampolin-kantskydd-sakerhetsnat-for-8ft-10ft-12ft-15ft-trampoliner-366cm-bla-studsmatta-ingar-ej\/#primaryimage"},"thumbnailUrl":"https:\/\/i0.wp.com\/truusk.store\/wp-content\/uploads\/2024\/02\/trampolin-kantskydd-sakerhetsnat-8ft-10ft-12ft-15ft-kantskydd-366cm-bla-studsmatta-ingar-ej.webp?fit=800%2C800&ssl=1","datePublished":"2024-02-13T16:28:03+00:00","dateModified":"2026-03-12T08:05:31+00:00","breadcrumb":{"@id":"https:\/\/truusk.store\/sv\/produkt\/truusk-trampolin-kantskydd-sakerhetsnat-for-8ft-10ft-12ft-15ft-trampoliner-366cm-bla-studsmatta-ingar-ej\/#breadcrumb"},"inLanguage":"sv-SE","potentialAction":[{"@type":"ReadAction","target":["https:\/\/truusk.store\/sv\/produkt\/truusk-trampolin-kantskydd-sakerhetsnat-for-8ft-10ft-12ft-15ft-trampoliner-366cm-bla-studsmatta-ingar-ej\/"]}]},{"@type":"ImageObject","inLanguage":"sv-SE","@id":"https:\/\/truusk.store\/sv\/produkt\/truusk-trampolin-kantskydd-sakerhetsnat-for-8ft-10ft-12ft-15ft-trampoliner-366cm-bla-studsmatta-ingar-ej\/#primaryimage","url":"https:\/\/i0.wp.com\/truusk.store\/wp-content\/uploads\/2024\/02\/trampolin-kantskydd-sakerhetsnat-8ft-10ft-12ft-15ft-kantskydd-366cm-bla-studsmatta-ingar-ej.webp?fit=800%2C800&ssl=1","contentUrl":"https:\/\/i0.wp.com\/truusk.store\/wp-content\/uploads\/2024\/02\/trampolin-kantskydd-sakerhetsnat-8ft-10ft-12ft-15ft-kantskydd-366cm-bla-studsmatta-ingar-ej.webp?fit=800%2C800&ssl=1","width":800,"height":800,"caption":"Trampolin Kantskydd S\u00e4kerhetsn\u00e4t 8ft 10ft 12ft 15ft Kantskydd: 366cm-bl\u00e5 (studsmatta Ing\u00e5r Ej) 1"},{"@type":"BreadcrumbList","@id":"https:\/\/truusk.store\/sv\/produkt\/truusk-trampolin-kantskydd-sakerhetsnat-for-8ft-10ft-12ft-15ft-trampoliner-366cm-bla-studsmatta-ingar-ej\/#breadcrumb","itemListElement":[{"@type":"ListItem","position":1,"name":"Home","item":"https:\/\/truusk.store\/sv\/"},{"@type":"ListItem","position":2,"name":"Shop","item":"https:\/\/truusk.store\/shop\/"},{"@type":"ListItem","position":3,"name":"TRUUSK Trampolin Kantskydd S\u00e4kerhetsn\u00e4t &#8211; F\u00f6r 8ft 10ft 12ft 15ft Trampoliner &#8211; 366cm &#8211; Bl\u00e5 &#8211; Studsmatta Ing\u00e5r Ej"}]},{"@type":"WebSite","@id":"https:\/\/truusk.store\/sv\/#website","url":"https:\/\/truusk.store\/sv\/","name":"TRUUSK - Hem, Tr\u00e4dg\u00e5rd & Fritid","description":"","publisher":{"@id":"https:\/\/truusk.store\/sv\/#organization"},"potentialAction":[{"@type":"SearchAction","target":{"@type":"EntryPoint","urlTemplate":"https:\/\/truusk.store\/sv\/?s={search_term_string}"},"query-input":{"@type":"PropertyValueSpecification","valueRequired":true,"valueName":"search_term_string"}}],"inLanguage":"sv-SE"},{"@type":"Organization","@id":"https:\/\/truusk.store\/sv\/#organization","name":"TRUUSK - Hem, Tr\u00e4dg\u00e5rd & Fritid","url":"https:\/\/truusk.store\/sv\/","logo":{"@type":"ImageObject","inLanguage":"sv-SE","@id":"https:\/\/truusk.store\/sv\/#\/schema\/logo\/image\/","url":"https:\/\/i0.wp.com\/truusk.store\/wp-content\/uploads\/2026\/03\/cropped-TRUUSK.png?fit=2032%2C917&ssl=1","contentUrl":"https:\/\/i0.wp.com\/truusk.store\/wp-content\/uploads\/2026\/03\/cropped-TRUUSK.png?fit=2032%2C917&ssl=1","width":2032,"height":917,"caption":"TRUUSK - Hem, Tr\u00e4dg\u00e5rd & Fritid"},"image":{"@id":"https:\/\/truusk.store\/sv\/#\/schema\/logo\/image\/"}}]}},"jetpack_sharing_enabled":true,"_links":{"self":[{"href":"https:\/\/truusk.store\/sv\/wp-json\/wp\/v2\/product\/24553","targetHints":{"allow":["GET"]}}],"collection":[{"href":"https:\/\/truusk.store\/sv\/wp-json\/wp\/v2\/product"}],"about":[{"href":"https:\/\/truusk.store\/sv\/wp-json\/wp\/v2\/types\/product"}],"wp:featuredmedia":[{"embeddable":true,"href":"https:\/\/truusk.store\/sv\/wp-json\/wp\/v2\/media\/24554"}],"wp:attachment":[{"href":"https:\/\/truusk.store\/sv\/wp-json\/wp\/v2\/media?parent=24553"}],"wp:term":[{"taxonomy":"product_brand","embeddable":true,"href":"https:\/\/truusk.store\/sv\/wp-json\/wp\/v2\/product_brand?post=24553"},{"taxonomy":"product_cat","embeddable":true,"href":"https:\/\/truusk.store\/sv\/wp-json\/wp\/v2\/product_cat?post=24553"},{"taxonomy":"product_tag","embeddable":true,"href":"https:\/\/truusk.store\/sv\/wp-json\/wp\/v2\/product_tag?post=24553"}],"curies":[{"name":"wp","href":"https:\/\/api.w.org\/{rel}","templated":true}]}}