{"id":24620,"date":"2024-02-13T17:30:02","date_gmt":"2024-02-13T16:30:02","guid":{"rendered":"https:\/\/truusk.store\/product\/ladskap-for-barn-med-forvaringsutrymme-forvaringslador-leksaksupplagg-leksakslada-tre-plan-for-barnrum-3-6-ar-barnmobler-rosa-37-x-37-x-565-cm\/"},"modified":"2026-03-12T09:05:31","modified_gmt":"2026-03-12T08:05:31","slug":"truusk-leksakslada-med-forvaringsutrymme-3-plan-rosa-barnmobler-37-x-37-x-565-cm-for-barn-3-6-ar","status":"publish","type":"product","link":"https:\/\/truusk.store\/sv\/produkt\/truusk-leksakslada-med-forvaringsutrymme-3-plan-rosa-barnmobler-37-x-37-x-565-cm-for-barn-3-6-ar\/","title":{"rendered":"TRUUSK Leksaksl\u00e5da med F\u00f6rvaringsutrymme &#8211; 3 Plan &#8211; Rosa &#8211; Barnm\u00f6bler &#8211; 37 x 37 x 56,5 cm &#8211; F\u00f6r Barn 3-6 \u00e5r"},"content":{"rendered":"<p>Med detta f\u00e4rgglada l\u00e5dsk\u00e5p \u00e4r det roligt f\u00f6r barn att h\u00e5lla ordning p\u00e5 saker och ting. Designen och de rundade kanterna g\u00f6r denna l\u00e5dl\u00e5da l\u00e4mplig f\u00f6r barn. Tre l\u00e5dor ger gott om f\u00f6rvaringsutrymme f\u00f6r leksaker och alla m\u00f6jliga favoritsaker.Med dessa f\u00f6rvaringsl\u00e5dor \u00e4r st\u00e4dningen en barnlek.<\/p>\n<h3>Beskrivning:<\/h3>\n<ul>\n<li>3 stora l\u00e5dor och en bred topp ger gener\u00f6st f\u00f6rvaringsutrymme f\u00f6r leksaker, kl\u00e4der, dockor med mera<\/li>\n<li>Rund polerkant f\u00f6rhindrar att ditt barn skadas<\/li>\n<li>Rosa f\u00e4rger g\u00f6r denna arrang\u00f6r till en fantastisk dekoration f\u00f6r barnrummet<\/li>\n<li>Den upph\u00f6jda designen skyddar mot fukt<\/li>\n<li>Perfekt f\u00f6r sovrum, barnrum, dagis eller vardagsrum och \u00f6verallt d\u00e4r extra utrymme beh\u00f6vs<\/li>\n<li>L\u00e4tt utdragbar design och barnv\u00e4nlig design<\/li>\n<li>Montering kr\u00e4vs<\/li>\n<\/ul>\n<h3>Teknisk data:<\/h3>\n<ul>\n<li>F\u00e4rg: Rosa<\/li>\n<li>Material: PP<\/li>\n<li>\u00d6vergripande m\u00e5tt: 37L x 37W x 56,5H cm<\/li>\n<li>L\u00e5dstorlek (inv\u00e4ndig): 33L x 31,5W x 15H cm<\/li>\n<li>Foth\u00f6jd: 2,5 cm<\/li>\n<li>Lastkapacitet (varje niv\u00e5): 10 kg<\/li>\n<\/ul>\n<h3>Leveransens omfattning:<\/h3>\n<ul>\n<li>1 x f\u00f6rvaringsbox<\/li>\n<li>1 x Instruktioner<\/li>\n<\/ul>\n","protected":false},"excerpt":{"rendered":"<p>Med detta f\u00e4rgglada l\u00e5dsk\u00e5p \u00e4r det roligt f\u00f6r barn att h\u00e5lla ordning p\u00e5 saker och ting. Designen och de rundade&#8230;<\/p>\n","protected":false},"featured_media":24621,"template":"","meta":[],"product_brand":[],"product_cat":[609,631,638],"product_tag":[],"class_list":{"0":"post-24620","1":"product","2":"type-product","3":"status-publish","4":"has-post-thumbnail","6":"product_cat-baby-barn","7":"product_cat-barnmobler","8":"product_cat-leksaksforvaring","10":"first","11":"instock","12":"sale","13":"taxable","14":"shipping-taxable","15":"purchasable","16":"product-type-simple"},"yoast_head":"<!-- This site is optimized with the Yoast SEO plugin v25.4 - https:\/\/yoast.com\/wordpress\/plugins\/seo\/ -->\n<title>TRUUSK Leksaksl\u00e5da med F\u00f6rvaringsutrymme - 3 Plan - Rosa - Barnm\u00f6bler - 37 x 37 x 56,5 cm - F\u00f6r Barn 3-6 \u00e5r - TRUUSK - Hem, Tr\u00e4dg\u00e5rd &amp; Fritid<\/title>\n<meta name=\"robots\" content=\"index, follow, max-snippet:-1, max-image-preview:large, max-video-preview:-1\" \/>\n<link rel=\"canonical\" href=\"https:\/\/truusk.store\/sv\/produkt\/truusk-leksakslada-med-forvaringsutrymme-3-plan-rosa-barnmobler-37-x-37-x-565-cm-for-barn-3-6-ar\/\" \/>\n<meta property=\"og:locale\" content=\"sv_SE\" \/>\n<meta property=\"og:type\" content=\"article\" \/>\n<meta property=\"og:title\" content=\"TRUUSK Leksaksl\u00e5da med F\u00f6rvaringsutrymme - 3 Plan - Rosa - Barnm\u00f6bler - 37 x 37 x 56,5 cm - F\u00f6r Barn 3-6 \u00e5r - TRUUSK - Hem, Tr\u00e4dg\u00e5rd &amp; Fritid\" \/>\n<meta property=\"og:description\" content=\"Med detta f\u00e4rgglada l\u00e5dsk\u00e5p \u00e4r det roligt f\u00f6r barn att h\u00e5lla ordning p\u00e5 saker och ting. Designen och de rundade...\" \/>\n<meta property=\"og:url\" content=\"https:\/\/truusk.store\/sv\/produkt\/truusk-leksakslada-med-forvaringsutrymme-3-plan-rosa-barnmobler-37-x-37-x-565-cm-for-barn-3-6-ar\/\" \/>\n<meta property=\"og:site_name\" content=\"TRUUSK - Hem, Tr\u00e4dg\u00e5rd &amp; Fritid\" \/>\n<meta property=\"article:modified_time\" content=\"2026-03-12T08:05:31+00:00\" \/>\n<meta property=\"og:image\" content=\"https:\/\/i0.wp.com\/truusk.se\/wp-content\/uploads\/2024\/02\/ladskap-for-barn-med-forvaringsutrymme-forvaringslador-leksaksupplagg-leksakslada-tre-plan-for-barnrum-3-6-ar-barnmobler-rosa-37-x-37-x-565-cm.webp?fit=800%2C800&ssl=1\" \/>\n\t<meta property=\"og:image:width\" content=\"800\" \/>\n\t<meta property=\"og:image:height\" content=\"800\" \/>\n\t<meta property=\"og:image:type\" content=\"image\/webp\" \/>\n<meta name=\"twitter:card\" content=\"summary_large_image\" \/>\n<meta name=\"twitter:label1\" content=\"Ber\u00e4knad l\u00e4stid\" \/>\n\t<meta name=\"twitter:data1\" content=\"1 minut\" \/>\n<!-- \/ Yoast SEO plugin. -->","yoast_head_json":{"title":"TRUUSK Leksaksl\u00e5da med F\u00f6rvaringsutrymme - 3 Plan - Rosa - Barnm\u00f6bler - 37 x 37 x 56,5 cm - F\u00f6r Barn 3-6 \u00e5r - TRUUSK - Hem, Tr\u00e4dg\u00e5rd &amp; Fritid","robots":{"index":"index","follow":"follow","max-snippet":"max-snippet:-1","max-image-preview":"max-image-preview:large","max-video-preview":"max-video-preview:-1"},"canonical":"https:\/\/truusk.store\/sv\/produkt\/truusk-leksakslada-med-forvaringsutrymme-3-plan-rosa-barnmobler-37-x-37-x-565-cm-for-barn-3-6-ar\/","og_locale":"sv_SE","og_type":"article","og_title":"TRUUSK Leksaksl\u00e5da med F\u00f6rvaringsutrymme - 3 Plan - Rosa - Barnm\u00f6bler - 37 x 37 x 56,5 cm - F\u00f6r Barn 3-6 \u00e5r - TRUUSK - Hem, Tr\u00e4dg\u00e5rd &amp; Fritid","og_description":"Med detta f\u00e4rgglada l\u00e5dsk\u00e5p \u00e4r det roligt f\u00f6r barn att h\u00e5lla ordning p\u00e5 saker och ting. Designen och de rundade...","og_url":"https:\/\/truusk.store\/sv\/produkt\/truusk-leksakslada-med-forvaringsutrymme-3-plan-rosa-barnmobler-37-x-37-x-565-cm-for-barn-3-6-ar\/","og_site_name":"TRUUSK - Hem, Tr\u00e4dg\u00e5rd &amp; Fritid","article_modified_time":"2026-03-12T08:05:31+00:00","og_image":[{"width":800,"height":800,"url":"https:\/\/i0.wp.com\/truusk.se\/wp-content\/uploads\/2024\/02\/ladskap-for-barn-med-forvaringsutrymme-forvaringslador-leksaksupplagg-leksakslada-tre-plan-for-barnrum-3-6-ar-barnmobler-rosa-37-x-37-x-565-cm.webp?fit=800%2C800&ssl=1","type":"image\/webp"}],"twitter_card":"summary_large_image","twitter_misc":{"Ber\u00e4knad l\u00e4stid":"1 minut"},"schema":{"@context":"https:\/\/schema.org","@graph":[{"@type":"WebPage","@id":"https:\/\/truusk.store\/sv\/produkt\/truusk-leksakslada-med-forvaringsutrymme-3-plan-rosa-barnmobler-37-x-37-x-565-cm-for-barn-3-6-ar\/","url":"https:\/\/truusk.store\/sv\/produkt\/truusk-leksakslada-med-forvaringsutrymme-3-plan-rosa-barnmobler-37-x-37-x-565-cm-for-barn-3-6-ar\/","name":"TRUUSK Leksaksl\u00e5da med F\u00f6rvaringsutrymme - 3 Plan - Rosa - Barnm\u00f6bler - 37 x 37 x 56,5 cm - F\u00f6r Barn 3-6 \u00e5r - TRUUSK - Hem, Tr\u00e4dg\u00e5rd &amp; Fritid","isPartOf":{"@id":"https:\/\/truusk.store\/sv\/#website"},"primaryImageOfPage":{"@id":"https:\/\/truusk.store\/sv\/produkt\/truusk-leksakslada-med-forvaringsutrymme-3-plan-rosa-barnmobler-37-x-37-x-565-cm-for-barn-3-6-ar\/#primaryimage"},"image":{"@id":"https:\/\/truusk.store\/sv\/produkt\/truusk-leksakslada-med-forvaringsutrymme-3-plan-rosa-barnmobler-37-x-37-x-565-cm-for-barn-3-6-ar\/#primaryimage"},"thumbnailUrl":"https:\/\/i0.wp.com\/truusk.store\/wp-content\/uploads\/2024\/02\/ladskap-for-barn-med-forvaringsutrymme-forvaringslador-leksaksupplagg-leksakslada-tre-plan-for-barnrum-3-6-ar-barnmobler-rosa-37-x-37-x-565-cm.webp?fit=800%2C800&ssl=1","datePublished":"2024-02-13T16:30:02+00:00","dateModified":"2026-03-12T08:05:31+00:00","breadcrumb":{"@id":"https:\/\/truusk.store\/sv\/produkt\/truusk-leksakslada-med-forvaringsutrymme-3-plan-rosa-barnmobler-37-x-37-x-565-cm-for-barn-3-6-ar\/#breadcrumb"},"inLanguage":"sv-SE","potentialAction":[{"@type":"ReadAction","target":["https:\/\/truusk.store\/sv\/produkt\/truusk-leksakslada-med-forvaringsutrymme-3-plan-rosa-barnmobler-37-x-37-x-565-cm-for-barn-3-6-ar\/"]}]},{"@type":"ImageObject","inLanguage":"sv-SE","@id":"https:\/\/truusk.store\/sv\/produkt\/truusk-leksakslada-med-forvaringsutrymme-3-plan-rosa-barnmobler-37-x-37-x-565-cm-for-barn-3-6-ar\/#primaryimage","url":"https:\/\/i0.wp.com\/truusk.store\/wp-content\/uploads\/2024\/02\/ladskap-for-barn-med-forvaringsutrymme-forvaringslador-leksaksupplagg-leksakslada-tre-plan-for-barnrum-3-6-ar-barnmobler-rosa-37-x-37-x-565-cm.webp?fit=800%2C800&ssl=1","contentUrl":"https:\/\/i0.wp.com\/truusk.store\/wp-content\/uploads\/2024\/02\/ladskap-for-barn-med-forvaringsutrymme-forvaringslador-leksaksupplagg-leksakslada-tre-plan-for-barnrum-3-6-ar-barnmobler-rosa-37-x-37-x-565-cm.webp?fit=800%2C800&ssl=1","width":800,"height":800,"caption":"L\u00e5dsk\u00e5p F\u00f6r Barn Med F\u00f6rvaringsutrymme, F\u00f6rvaringsl\u00e5dor, Leksaksuppl\u00e4gg, Leksaksl\u00e5da, Tre Plan F\u00f6r Barnrum, 3-6 \u00e5r, Barnm\u00f6bler, Rosa, 37 X 37 X 56,5 Cm 1"},{"@type":"BreadcrumbList","@id":"https:\/\/truusk.store\/sv\/produkt\/truusk-leksakslada-med-forvaringsutrymme-3-plan-rosa-barnmobler-37-x-37-x-565-cm-for-barn-3-6-ar\/#breadcrumb","itemListElement":[{"@type":"ListItem","position":1,"name":"Home","item":"https:\/\/truusk.store\/sv\/"},{"@type":"ListItem","position":2,"name":"Shop","item":"https:\/\/truusk.store\/shop\/"},{"@type":"ListItem","position":3,"name":"TRUUSK Leksaksl\u00e5da med F\u00f6rvaringsutrymme &#8211; 3 Plan &#8211; Rosa &#8211; Barnm\u00f6bler &#8211; 37 x 37 x 56,5 cm &#8211; F\u00f6r Barn 3-6 \u00e5r"}]},{"@type":"WebSite","@id":"https:\/\/truusk.store\/sv\/#website","url":"https:\/\/truusk.store\/sv\/","name":"TRUUSK - Hem, Tr\u00e4dg\u00e5rd & Fritid","description":"","publisher":{"@id":"https:\/\/truusk.store\/sv\/#organization"},"potentialAction":[{"@type":"SearchAction","target":{"@type":"EntryPoint","urlTemplate":"https:\/\/truusk.store\/sv\/?s={search_term_string}"},"query-input":{"@type":"PropertyValueSpecification","valueRequired":true,"valueName":"search_term_string"}}],"inLanguage":"sv-SE"},{"@type":"Organization","@id":"https:\/\/truusk.store\/sv\/#organization","name":"TRUUSK - Hem, Tr\u00e4dg\u00e5rd & Fritid","url":"https:\/\/truusk.store\/sv\/","logo":{"@type":"ImageObject","inLanguage":"sv-SE","@id":"https:\/\/truusk.store\/sv\/#\/schema\/logo\/image\/","url":"https:\/\/i0.wp.com\/truusk.store\/wp-content\/uploads\/2026\/03\/cropped-TRUUSK.png?fit=2032%2C917&ssl=1","contentUrl":"https:\/\/i0.wp.com\/truusk.store\/wp-content\/uploads\/2026\/03\/cropped-TRUUSK.png?fit=2032%2C917&ssl=1","width":2032,"height":917,"caption":"TRUUSK - Hem, Tr\u00e4dg\u00e5rd & Fritid"},"image":{"@id":"https:\/\/truusk.store\/sv\/#\/schema\/logo\/image\/"}}]}},"jetpack_sharing_enabled":true,"_links":{"self":[{"href":"https:\/\/truusk.store\/sv\/wp-json\/wp\/v2\/product\/24620","targetHints":{"allow":["GET"]}}],"collection":[{"href":"https:\/\/truusk.store\/sv\/wp-json\/wp\/v2\/product"}],"about":[{"href":"https:\/\/truusk.store\/sv\/wp-json\/wp\/v2\/types\/product"}],"wp:featuredmedia":[{"embeddable":true,"href":"https:\/\/truusk.store\/sv\/wp-json\/wp\/v2\/media\/24621"}],"wp:attachment":[{"href":"https:\/\/truusk.store\/sv\/wp-json\/wp\/v2\/media?parent=24620"}],"wp:term":[{"taxonomy":"product_brand","embeddable":true,"href":"https:\/\/truusk.store\/sv\/wp-json\/wp\/v2\/product_brand?post=24620"},{"taxonomy":"product_cat","embeddable":true,"href":"https:\/\/truusk.store\/sv\/wp-json\/wp\/v2\/product_cat?post=24620"},{"taxonomy":"product_tag","embeddable":true,"href":"https:\/\/truusk.store\/sv\/wp-json\/wp\/v2\/product_tag?post=24620"}],"curies":[{"name":"wp","href":"https:\/\/api.w.org\/{rel}","templated":true}]}}