{"id":24643,"date":"2024-02-13T17:30:47","date_gmt":"2024-02-13T16:30:47","guid":{"rendered":"https:\/\/truusk.store\/product\/bank-med-forvaring-ottomansk-hall-bankknappsom-1251-cm-x-489-cm-x-413-cm-gra\/"},"modified":"2026-03-12T09:05:32","modified_gmt":"2026-03-12T08:05:32","slug":"truusk-forvaringsbank-med-knappar-mjukt-stoppad-matt-1251-cm-x-489-cm-x-413-cm-gra","status":"publish","type":"product","link":"https:\/\/truusk.store\/sv\/produkt\/truusk-forvaringsbank-med-knappar-mjukt-stoppad-matt-1251-cm-x-489-cm-x-413-cm-gra\/","title":{"rendered":"TRUUSK F\u00f6rvaringsb\u00e4nk med knappar &#8211; Mjukt stoppad &#8211; M\u00e5tt 125,1 cm x 48,9 cm x 41,3 cm &#8211; Gr\u00e5"},"content":{"rendered":"<p>Att hitta r\u00e4tt design \u00e4r avg\u00f6rande f\u00f6r att s\u00e4tta den speciella touchen till ett rum, och denna eleganta, eleganta f\u00f6rvaringsb\u00e4nk \u00e4r det perfekta tillskottet till alla vardagsrum, sovrum eller entr\u00e9er. S\u00e4ngb\u00e4nken har en vacker, elegant exteri\u00f6r och knapps\u00f6mmar p\u00e5 ovansidan, samt robusta tr\u00e4ben och en rymlig interi\u00f6r som \u00e4r idealisk f\u00f6r att f\u00f6rvara extra kuddar och filtar och tillbeh\u00f6r.<\/p>\n<h3>Beskrivning:<\/h3>\n<ul>\n<li>Denna eleganta och chica b\u00e4nk kommer att f\u00f6rfina alla vardagsrum<\/li>\n<li>Den breda toppen \u00f6ppnas f\u00f6r att avsl\u00f6ja ytterligare f\u00f6rvaringsutrymme<\/li>\n<li>Bekv\u00e4mt tyg p\u00e5 utsidan och mjukt skum skapar en sk\u00f6n sits<\/li>\n<li>Eukalyptustr\u00e4f\u00f6tterna \u00e4r upph\u00f6jda s\u00e5 att de inte repar golvet<\/li>\n<li>Den f\u00f6rsiktigt st\u00e4ngande toppen skyddar dina fingrar och f\u00f6rhindrar locket fr\u00e5n att sl\u00e5 igen<\/li>\n<li>L\u00e4tt att reng\u00f6ra och underh\u00e5lla<\/li>\n<\/ul>\n<h3>Teknisk data:<\/h3>\n<ul>\n<li>F\u00e4rg gr\u00e5<\/li>\n<li>Material: linneimitation (100 % polyester), skum, MDF, eukalyptustr\u00e4<\/li>\n<li>\u00d6vergripande m\u00e5tt: 125L x 49W x 41,5H cm<\/li>\n<li>H\u00f6jd till golv: 8 cm<\/li>\n<li>Inre f\u00f6rvaringsm\u00e5tt: 113L x 38W x 22H cm<\/li>\n<li>Viktkapacitet: 120 kg<\/li>\n<\/ul>\n<h3>Leveransens omfattning:<\/h3>\n<ul>\n<li>1 x b\u00e4nk<\/li>\n<li>1 x Instruktioner<\/li>\n<\/ul>\n","protected":false},"excerpt":{"rendered":"<p>Att hitta r\u00e4tt design \u00e4r avg\u00f6rande f\u00f6r att s\u00e4tta den speciella touchen till ett rum, och denna eleganta, eleganta f\u00f6rvaringsb\u00e4nk&#8230;<\/p>\n","protected":false},"featured_media":24644,"template":"","meta":[],"product_brand":[],"product_cat":[485,537,540],"product_tag":[],"class_list":{"0":"post-24643","1":"product","2":"type-product","3":"status-publish","4":"has-post-thumbnail","6":"product_cat-hus-bo","7":"product_cat-sittplatser-bankar","8":"product_cat-stoppade-bankar","10":"first","11":"instock","12":"sale","13":"taxable","14":"shipping-taxable","15":"purchasable","16":"product-type-simple"},"yoast_head":"<!-- This site is optimized with the Yoast SEO plugin v25.4 - https:\/\/yoast.com\/wordpress\/plugins\/seo\/ -->\n<title>TRUUSK F\u00f6rvaringsb\u00e4nk med knappar - Mjukt stoppad - M\u00e5tt 125,1 cm x 48,9 cm x 41,3 cm - Gr\u00e5 - TRUUSK - Hem, Tr\u00e4dg\u00e5rd &amp; Fritid<\/title>\n<meta name=\"robots\" content=\"index, follow, max-snippet:-1, max-image-preview:large, max-video-preview:-1\" \/>\n<link rel=\"canonical\" href=\"https:\/\/truusk.store\/sv\/produkt\/truusk-forvaringsbank-med-knappar-mjukt-stoppad-matt-1251-cm-x-489-cm-x-413-cm-gra\/\" \/>\n<meta property=\"og:locale\" content=\"sv_SE\" \/>\n<meta property=\"og:type\" content=\"article\" \/>\n<meta property=\"og:title\" content=\"TRUUSK F\u00f6rvaringsb\u00e4nk med knappar - Mjukt stoppad - M\u00e5tt 125,1 cm x 48,9 cm x 41,3 cm - Gr\u00e5 - TRUUSK - Hem, Tr\u00e4dg\u00e5rd &amp; Fritid\" \/>\n<meta property=\"og:description\" content=\"Att hitta r\u00e4tt design \u00e4r avg\u00f6rande f\u00f6r att s\u00e4tta den speciella touchen till ett rum, och denna eleganta, eleganta f\u00f6rvaringsb\u00e4nk...\" \/>\n<meta property=\"og:url\" content=\"https:\/\/truusk.store\/sv\/produkt\/truusk-forvaringsbank-med-knappar-mjukt-stoppad-matt-1251-cm-x-489-cm-x-413-cm-gra\/\" \/>\n<meta property=\"og:site_name\" content=\"TRUUSK - Hem, Tr\u00e4dg\u00e5rd &amp; Fritid\" \/>\n<meta property=\"article:modified_time\" content=\"2026-03-12T08:05:32+00:00\" \/>\n<meta property=\"og:image\" content=\"https:\/\/i0.wp.com\/truusk.se\/wp-content\/uploads\/2024\/02\/bank-med-forvaring-ottomansk-hall-bankknappsom-1251-cm-x-489-cm-x-413-cm-gra.webp?fit=800%2C800&ssl=1\" \/>\n\t<meta property=\"og:image:width\" content=\"800\" \/>\n\t<meta property=\"og:image:height\" content=\"800\" \/>\n\t<meta property=\"og:image:type\" content=\"image\/webp\" \/>\n<meta name=\"twitter:card\" content=\"summary_large_image\" \/>\n<meta name=\"twitter:label1\" content=\"Ber\u00e4knad l\u00e4stid\" \/>\n\t<meta name=\"twitter:data1\" content=\"1 minut\" \/>\n<!-- \/ Yoast SEO plugin. -->","yoast_head_json":{"title":"TRUUSK F\u00f6rvaringsb\u00e4nk med knappar - Mjukt stoppad - M\u00e5tt 125,1 cm x 48,9 cm x 41,3 cm - Gr\u00e5 - TRUUSK - Hem, Tr\u00e4dg\u00e5rd &amp; Fritid","robots":{"index":"index","follow":"follow","max-snippet":"max-snippet:-1","max-image-preview":"max-image-preview:large","max-video-preview":"max-video-preview:-1"},"canonical":"https:\/\/truusk.store\/sv\/produkt\/truusk-forvaringsbank-med-knappar-mjukt-stoppad-matt-1251-cm-x-489-cm-x-413-cm-gra\/","og_locale":"sv_SE","og_type":"article","og_title":"TRUUSK F\u00f6rvaringsb\u00e4nk med knappar - Mjukt stoppad - M\u00e5tt 125,1 cm x 48,9 cm x 41,3 cm - Gr\u00e5 - TRUUSK - Hem, Tr\u00e4dg\u00e5rd &amp; Fritid","og_description":"Att hitta r\u00e4tt design \u00e4r avg\u00f6rande f\u00f6r att s\u00e4tta den speciella touchen till ett rum, och denna eleganta, eleganta f\u00f6rvaringsb\u00e4nk...","og_url":"https:\/\/truusk.store\/sv\/produkt\/truusk-forvaringsbank-med-knappar-mjukt-stoppad-matt-1251-cm-x-489-cm-x-413-cm-gra\/","og_site_name":"TRUUSK - Hem, Tr\u00e4dg\u00e5rd &amp; Fritid","article_modified_time":"2026-03-12T08:05:32+00:00","og_image":[{"width":800,"height":800,"url":"https:\/\/i0.wp.com\/truusk.se\/wp-content\/uploads\/2024\/02\/bank-med-forvaring-ottomansk-hall-bankknappsom-1251-cm-x-489-cm-x-413-cm-gra.webp?fit=800%2C800&ssl=1","type":"image\/webp"}],"twitter_card":"summary_large_image","twitter_misc":{"Ber\u00e4knad l\u00e4stid":"1 minut"},"schema":{"@context":"https:\/\/schema.org","@graph":[{"@type":"WebPage","@id":"https:\/\/truusk.store\/sv\/produkt\/truusk-forvaringsbank-med-knappar-mjukt-stoppad-matt-1251-cm-x-489-cm-x-413-cm-gra\/","url":"https:\/\/truusk.store\/sv\/produkt\/truusk-forvaringsbank-med-knappar-mjukt-stoppad-matt-1251-cm-x-489-cm-x-413-cm-gra\/","name":"TRUUSK F\u00f6rvaringsb\u00e4nk med knappar - Mjukt stoppad - M\u00e5tt 125,1 cm x 48,9 cm x 41,3 cm - Gr\u00e5 - TRUUSK - Hem, Tr\u00e4dg\u00e5rd &amp; Fritid","isPartOf":{"@id":"https:\/\/truusk.store\/sv\/#website"},"primaryImageOfPage":{"@id":"https:\/\/truusk.store\/sv\/produkt\/truusk-forvaringsbank-med-knappar-mjukt-stoppad-matt-1251-cm-x-489-cm-x-413-cm-gra\/#primaryimage"},"image":{"@id":"https:\/\/truusk.store\/sv\/produkt\/truusk-forvaringsbank-med-knappar-mjukt-stoppad-matt-1251-cm-x-489-cm-x-413-cm-gra\/#primaryimage"},"thumbnailUrl":"https:\/\/i0.wp.com\/truusk.store\/wp-content\/uploads\/2024\/02\/bank-med-forvaring-ottomansk-hall-bankknappsom-1251-cm-x-489-cm-x-413-cm-gra.webp?fit=800%2C800&ssl=1","datePublished":"2024-02-13T16:30:47+00:00","dateModified":"2026-03-12T08:05:32+00:00","breadcrumb":{"@id":"https:\/\/truusk.store\/sv\/produkt\/truusk-forvaringsbank-med-knappar-mjukt-stoppad-matt-1251-cm-x-489-cm-x-413-cm-gra\/#breadcrumb"},"inLanguage":"sv-SE","potentialAction":[{"@type":"ReadAction","target":["https:\/\/truusk.store\/sv\/produkt\/truusk-forvaringsbank-med-knappar-mjukt-stoppad-matt-1251-cm-x-489-cm-x-413-cm-gra\/"]}]},{"@type":"ImageObject","inLanguage":"sv-SE","@id":"https:\/\/truusk.store\/sv\/produkt\/truusk-forvaringsbank-med-knappar-mjukt-stoppad-matt-1251-cm-x-489-cm-x-413-cm-gra\/#primaryimage","url":"https:\/\/i0.wp.com\/truusk.store\/wp-content\/uploads\/2024\/02\/bank-med-forvaring-ottomansk-hall-bankknappsom-1251-cm-x-489-cm-x-413-cm-gra.webp?fit=800%2C800&ssl=1","contentUrl":"https:\/\/i0.wp.com\/truusk.store\/wp-content\/uploads\/2024\/02\/bank-med-forvaring-ottomansk-hall-bankknappsom-1251-cm-x-489-cm-x-413-cm-gra.webp?fit=800%2C800&ssl=1","width":800,"height":800,"caption":"B\u00e4nk Med F\u00f6rvaring Ottomansk Hall B\u00e4nkknapps\u00f6m 125,1 Cm X 48,9 Cm X 41,3 Cm Gr\u00e5 1"},{"@type":"BreadcrumbList","@id":"https:\/\/truusk.store\/sv\/produkt\/truusk-forvaringsbank-med-knappar-mjukt-stoppad-matt-1251-cm-x-489-cm-x-413-cm-gra\/#breadcrumb","itemListElement":[{"@type":"ListItem","position":1,"name":"Home","item":"https:\/\/truusk.store\/sv\/"},{"@type":"ListItem","position":2,"name":"Shop","item":"https:\/\/truusk.store\/shop\/"},{"@type":"ListItem","position":3,"name":"TRUUSK F\u00f6rvaringsb\u00e4nk med knappar &#8211; Mjukt stoppad &#8211; M\u00e5tt 125,1 cm x 48,9 cm x 41,3 cm &#8211; Gr\u00e5"}]},{"@type":"WebSite","@id":"https:\/\/truusk.store\/sv\/#website","url":"https:\/\/truusk.store\/sv\/","name":"TRUUSK - Hem, Tr\u00e4dg\u00e5rd & Fritid","description":"","publisher":{"@id":"https:\/\/truusk.store\/sv\/#organization"},"potentialAction":[{"@type":"SearchAction","target":{"@type":"EntryPoint","urlTemplate":"https:\/\/truusk.store\/sv\/?s={search_term_string}"},"query-input":{"@type":"PropertyValueSpecification","valueRequired":true,"valueName":"search_term_string"}}],"inLanguage":"sv-SE"},{"@type":"Organization","@id":"https:\/\/truusk.store\/sv\/#organization","name":"TRUUSK - Hem, Tr\u00e4dg\u00e5rd & Fritid","url":"https:\/\/truusk.store\/sv\/","logo":{"@type":"ImageObject","inLanguage":"sv-SE","@id":"https:\/\/truusk.store\/sv\/#\/schema\/logo\/image\/","url":"https:\/\/i0.wp.com\/truusk.store\/wp-content\/uploads\/2026\/03\/cropped-TRUUSK.png?fit=2032%2C917&ssl=1","contentUrl":"https:\/\/i0.wp.com\/truusk.store\/wp-content\/uploads\/2026\/03\/cropped-TRUUSK.png?fit=2032%2C917&ssl=1","width":2032,"height":917,"caption":"TRUUSK - Hem, Tr\u00e4dg\u00e5rd & Fritid"},"image":{"@id":"https:\/\/truusk.store\/sv\/#\/schema\/logo\/image\/"}}]}},"jetpack_sharing_enabled":true,"_links":{"self":[{"href":"https:\/\/truusk.store\/sv\/wp-json\/wp\/v2\/product\/24643","targetHints":{"allow":["GET"]}}],"collection":[{"href":"https:\/\/truusk.store\/sv\/wp-json\/wp\/v2\/product"}],"about":[{"href":"https:\/\/truusk.store\/sv\/wp-json\/wp\/v2\/types\/product"}],"wp:featuredmedia":[{"embeddable":true,"href":"https:\/\/truusk.store\/sv\/wp-json\/wp\/v2\/media\/24644"}],"wp:attachment":[{"href":"https:\/\/truusk.store\/sv\/wp-json\/wp\/v2\/media?parent=24643"}],"wp:term":[{"taxonomy":"product_brand","embeddable":true,"href":"https:\/\/truusk.store\/sv\/wp-json\/wp\/v2\/product_brand?post=24643"},{"taxonomy":"product_cat","embeddable":true,"href":"https:\/\/truusk.store\/sv\/wp-json\/wp\/v2\/product_cat?post=24643"},{"taxonomy":"product_tag","embeddable":true,"href":"https:\/\/truusk.store\/sv\/wp-json\/wp\/v2\/product_tag?post=24643"}],"curies":[{"name":"wp","href":"https:\/\/api.w.org\/{rel}","templated":true}]}}