{"id":24671,"date":"2024-02-13T17:31:38","date_gmt":"2024-02-13T16:31:38","guid":{"rendered":"https:\/\/truusk.store\/product\/rottingsoffa-med-kuddar-tresits-tradgardsloungesoffa-stal-brun-173-x-68-x-78-cm\/"},"modified":"2026-03-12T09:05:32","modified_gmt":"2026-03-12T08:05:32","slug":"truusk-rottingsoffa-med-kuddar-tresits-tradgardsloungesoffa-stal-brun-173-x-68-x-78-cm","status":"publish","type":"product","link":"https:\/\/truusk.store\/sv\/produkt\/truusk-rottingsoffa-med-kuddar-tresits-tradgardsloungesoffa-stal-brun-173-x-68-x-78-cm\/","title":{"rendered":"TRUUSK Rottingsoffa Med Kuddar &#8211; Tresits Tr\u00e4dg\u00e5rdsloungesoffa &#8211; St\u00e5l &#8211; Brun &#8211; 173 x 68 x 78 cm"},"content":{"rendered":"<p>En trendig loungem\u00f6bel f\u00f6r din terrass: Med denna tr\u00e4dg\u00e5rdssoffa f\u00f6r tre personer kan du skapa en mysig uteservering. Soffan f\u00e5r po\u00e4ng med sin h\u00f6gkvalitativa rottinglook och passar perfekt till v\u00e5ra tr\u00e4dg\u00e5rdsf\u00e5t\u00f6ljer. Materialet \u00e4r robust och v\u00e4derbest\u00e4ndigt. Tr\u00e4dg\u00e5rdssoffan kommer med tre sits- och tre ryggkuddar. G\u00f6r dig sj\u00e4lv och dina g\u00e4ster bekv\u00e4ma vid poolen, p\u00e5 terrassen eller i vintertr\u00e4dg\u00e5rden.<\/p>\n<h3>Beskrivning:<\/h3>\n<ul>\n<li>3-sits tr\u00e4dg\u00e5rdssoffa med armst\u00f6d, l\u00e4mplig f\u00f6r tr\u00e4dg\u00e5rd, veranda, takterrass<\/li>\n<li>Med 3 mjuka sitt- och ryggkuddar vardera<\/li>\n<li>Yta av robust plastpolyeten (PE) med rottinglook<\/li>\n<li>Sockel av pulverlackerad st\u00e5lram<\/li>\n<li>\u00d6rngott tv\u00e4ttbara. Montering kr\u00e4vs<\/li>\n<\/ul>\n<h3>Teknisk data:<\/h3>\n<ul>\n<li>Material: st\u00e5l, PE-plast, polyester<\/li>\n<li>\u00d6vergripande m\u00e5tt: B173 x D68 x H78 cm<\/li>\n<li>Sitth\u00f6jd: 35 cm<\/li>\n<li>Vikt: 26kg<\/li>\n<li>Max lastkapacitet: 330 kg<\/li>\n<li>Rottingf\u00e4rg: brun<\/li>\n<li>Kuddf\u00e4rg: Khaki (sits), vit och rosa randig (rygg)<\/li>\n<\/ul>\n<h3>Leveransens omfattning:<\/h3>\n<ul>\n<li>1 x 3-sits tr\u00e4dg\u00e5rdssoffa<\/li>\n<li>3 x sittdynor<\/li>\n<li>3 x ryggkuddar<\/li>\n<li>1 x Monteringsanvisning<\/li>\n<\/ul>\n","protected":false},"excerpt":{"rendered":"<p>En trendig loungem\u00f6bel f\u00f6r din terrass: Med denna tr\u00e4dg\u00e5rdssoffa f\u00f6r tre personer kan du skapa en mysig uteservering. Soffan f\u00e5r&#8230;<\/p>\n","protected":false},"featured_media":24672,"template":"","meta":[],"product_brand":[],"product_cat":[435,450,455],"product_tag":[],"class_list":{"0":"post-24671","1":"product","2":"type-product","3":"status-publish","4":"has-post-thumbnail","6":"product_cat-tradgard-och-terrass","7":"product_cat-tradgardsmobler","8":"product_cat-tradgardsmobler-i-polyrattan","10":"first","11":"instock","12":"sale","13":"taxable","14":"shipping-taxable","15":"purchasable","16":"product-type-simple"},"yoast_head":"<!-- This site is optimized with the Yoast SEO plugin v25.4 - https:\/\/yoast.com\/wordpress\/plugins\/seo\/ -->\n<title>TRUUSK Rottingsoffa Med Kuddar - Tresits Tr\u00e4dg\u00e5rdsloungesoffa - St\u00e5l - Brun - 173 x 68 x 78 cm - TRUUSK - Hem, Tr\u00e4dg\u00e5rd &amp; Fritid<\/title>\n<meta name=\"robots\" content=\"index, follow, max-snippet:-1, max-image-preview:large, max-video-preview:-1\" \/>\n<link rel=\"canonical\" href=\"https:\/\/truusk.store\/sv\/produkt\/truusk-rottingsoffa-med-kuddar-tresits-tradgardsloungesoffa-stal-brun-173-x-68-x-78-cm\/\" \/>\n<meta property=\"og:locale\" content=\"sv_SE\" \/>\n<meta property=\"og:type\" content=\"article\" \/>\n<meta property=\"og:title\" content=\"TRUUSK Rottingsoffa Med Kuddar - Tresits Tr\u00e4dg\u00e5rdsloungesoffa - St\u00e5l - Brun - 173 x 68 x 78 cm - TRUUSK - Hem, Tr\u00e4dg\u00e5rd &amp; Fritid\" \/>\n<meta property=\"og:description\" content=\"En trendig loungem\u00f6bel f\u00f6r din terrass: Med denna tr\u00e4dg\u00e5rdssoffa f\u00f6r tre personer kan du skapa en mysig uteservering. Soffan f\u00e5r...\" \/>\n<meta property=\"og:url\" content=\"https:\/\/truusk.store\/sv\/produkt\/truusk-rottingsoffa-med-kuddar-tresits-tradgardsloungesoffa-stal-brun-173-x-68-x-78-cm\/\" \/>\n<meta property=\"og:site_name\" content=\"TRUUSK - Hem, Tr\u00e4dg\u00e5rd &amp; Fritid\" \/>\n<meta property=\"article:modified_time\" content=\"2026-03-12T08:05:32+00:00\" \/>\n<meta property=\"og:image\" content=\"https:\/\/i0.wp.com\/truusk.se\/wp-content\/uploads\/2024\/02\/rottingsoffa-med-kuddar-tresits-tradgardsloungesoffa-stal-brun-173-x-68-x-78-cm.webp?fit=800%2C800&ssl=1\" \/>\n\t<meta property=\"og:image:width\" content=\"800\" \/>\n\t<meta property=\"og:image:height\" content=\"800\" \/>\n\t<meta property=\"og:image:type\" content=\"image\/webp\" \/>\n<meta name=\"twitter:card\" content=\"summary_large_image\" \/>\n<meta name=\"twitter:label1\" content=\"Ber\u00e4knad l\u00e4stid\" \/>\n\t<meta name=\"twitter:data1\" content=\"1 minut\" \/>\n<!-- \/ Yoast SEO plugin. -->","yoast_head_json":{"title":"TRUUSK Rottingsoffa Med Kuddar - Tresits Tr\u00e4dg\u00e5rdsloungesoffa - St\u00e5l - Brun - 173 x 68 x 78 cm - TRUUSK - Hem, Tr\u00e4dg\u00e5rd &amp; Fritid","robots":{"index":"index","follow":"follow","max-snippet":"max-snippet:-1","max-image-preview":"max-image-preview:large","max-video-preview":"max-video-preview:-1"},"canonical":"https:\/\/truusk.store\/sv\/produkt\/truusk-rottingsoffa-med-kuddar-tresits-tradgardsloungesoffa-stal-brun-173-x-68-x-78-cm\/","og_locale":"sv_SE","og_type":"article","og_title":"TRUUSK Rottingsoffa Med Kuddar - Tresits Tr\u00e4dg\u00e5rdsloungesoffa - St\u00e5l - Brun - 173 x 68 x 78 cm - TRUUSK - Hem, Tr\u00e4dg\u00e5rd &amp; Fritid","og_description":"En trendig loungem\u00f6bel f\u00f6r din terrass: Med denna tr\u00e4dg\u00e5rdssoffa f\u00f6r tre personer kan du skapa en mysig uteservering. Soffan f\u00e5r...","og_url":"https:\/\/truusk.store\/sv\/produkt\/truusk-rottingsoffa-med-kuddar-tresits-tradgardsloungesoffa-stal-brun-173-x-68-x-78-cm\/","og_site_name":"TRUUSK - Hem, Tr\u00e4dg\u00e5rd &amp; Fritid","article_modified_time":"2026-03-12T08:05:32+00:00","og_image":[{"width":800,"height":800,"url":"https:\/\/i0.wp.com\/truusk.se\/wp-content\/uploads\/2024\/02\/rottingsoffa-med-kuddar-tresits-tradgardsloungesoffa-stal-brun-173-x-68-x-78-cm.webp?fit=800%2C800&ssl=1","type":"image\/webp"}],"twitter_card":"summary_large_image","twitter_misc":{"Ber\u00e4knad l\u00e4stid":"1 minut"},"schema":{"@context":"https:\/\/schema.org","@graph":[{"@type":"WebPage","@id":"https:\/\/truusk.store\/sv\/produkt\/truusk-rottingsoffa-med-kuddar-tresits-tradgardsloungesoffa-stal-brun-173-x-68-x-78-cm\/","url":"https:\/\/truusk.store\/sv\/produkt\/truusk-rottingsoffa-med-kuddar-tresits-tradgardsloungesoffa-stal-brun-173-x-68-x-78-cm\/","name":"TRUUSK Rottingsoffa Med Kuddar - Tresits Tr\u00e4dg\u00e5rdsloungesoffa - St\u00e5l - Brun - 173 x 68 x 78 cm - TRUUSK - Hem, Tr\u00e4dg\u00e5rd &amp; Fritid","isPartOf":{"@id":"https:\/\/truusk.store\/sv\/#website"},"primaryImageOfPage":{"@id":"https:\/\/truusk.store\/sv\/produkt\/truusk-rottingsoffa-med-kuddar-tresits-tradgardsloungesoffa-stal-brun-173-x-68-x-78-cm\/#primaryimage"},"image":{"@id":"https:\/\/truusk.store\/sv\/produkt\/truusk-rottingsoffa-med-kuddar-tresits-tradgardsloungesoffa-stal-brun-173-x-68-x-78-cm\/#primaryimage"},"thumbnailUrl":"https:\/\/i0.wp.com\/truusk.store\/wp-content\/uploads\/2024\/02\/rottingsoffa-med-kuddar-tresits-tradgardsloungesoffa-stal-brun-173-x-68-x-78-cm.webp?fit=800%2C800&ssl=1","datePublished":"2024-02-13T16:31:38+00:00","dateModified":"2026-03-12T08:05:32+00:00","breadcrumb":{"@id":"https:\/\/truusk.store\/sv\/produkt\/truusk-rottingsoffa-med-kuddar-tresits-tradgardsloungesoffa-stal-brun-173-x-68-x-78-cm\/#breadcrumb"},"inLanguage":"sv-SE","potentialAction":[{"@type":"ReadAction","target":["https:\/\/truusk.store\/sv\/produkt\/truusk-rottingsoffa-med-kuddar-tresits-tradgardsloungesoffa-stal-brun-173-x-68-x-78-cm\/"]}]},{"@type":"ImageObject","inLanguage":"sv-SE","@id":"https:\/\/truusk.store\/sv\/produkt\/truusk-rottingsoffa-med-kuddar-tresits-tradgardsloungesoffa-stal-brun-173-x-68-x-78-cm\/#primaryimage","url":"https:\/\/i0.wp.com\/truusk.store\/wp-content\/uploads\/2024\/02\/rottingsoffa-med-kuddar-tresits-tradgardsloungesoffa-stal-brun-173-x-68-x-78-cm.webp?fit=800%2C800&ssl=1","contentUrl":"https:\/\/i0.wp.com\/truusk.store\/wp-content\/uploads\/2024\/02\/rottingsoffa-med-kuddar-tresits-tradgardsloungesoffa-stal-brun-173-x-68-x-78-cm.webp?fit=800%2C800&ssl=1","width":800,"height":800,"caption":"Rottingsoffa Med Kuddar, Tresits, Tr\u00e4dg\u00e5rdsloungesoffa, St\u00e5l, Brun, 173 X 68 X 78 Cm 1"},{"@type":"BreadcrumbList","@id":"https:\/\/truusk.store\/sv\/produkt\/truusk-rottingsoffa-med-kuddar-tresits-tradgardsloungesoffa-stal-brun-173-x-68-x-78-cm\/#breadcrumb","itemListElement":[{"@type":"ListItem","position":1,"name":"Home","item":"https:\/\/truusk.store\/sv\/"},{"@type":"ListItem","position":2,"name":"Shop","item":"https:\/\/truusk.store\/shop\/"},{"@type":"ListItem","position":3,"name":"TRUUSK Rottingsoffa Med Kuddar &#8211; Tresits Tr\u00e4dg\u00e5rdsloungesoffa &#8211; St\u00e5l &#8211; Brun &#8211; 173 x 68 x 78 cm"}]},{"@type":"WebSite","@id":"https:\/\/truusk.store\/sv\/#website","url":"https:\/\/truusk.store\/sv\/","name":"TRUUSK - Hem, Tr\u00e4dg\u00e5rd & Fritid","description":"","publisher":{"@id":"https:\/\/truusk.store\/sv\/#organization"},"potentialAction":[{"@type":"SearchAction","target":{"@type":"EntryPoint","urlTemplate":"https:\/\/truusk.store\/sv\/?s={search_term_string}"},"query-input":{"@type":"PropertyValueSpecification","valueRequired":true,"valueName":"search_term_string"}}],"inLanguage":"sv-SE"},{"@type":"Organization","@id":"https:\/\/truusk.store\/sv\/#organization","name":"TRUUSK - Hem, Tr\u00e4dg\u00e5rd & Fritid","url":"https:\/\/truusk.store\/sv\/","logo":{"@type":"ImageObject","inLanguage":"sv-SE","@id":"https:\/\/truusk.store\/sv\/#\/schema\/logo\/image\/","url":"https:\/\/i0.wp.com\/truusk.store\/wp-content\/uploads\/2026\/03\/cropped-TRUUSK.png?fit=2032%2C917&ssl=1","contentUrl":"https:\/\/i0.wp.com\/truusk.store\/wp-content\/uploads\/2026\/03\/cropped-TRUUSK.png?fit=2032%2C917&ssl=1","width":2032,"height":917,"caption":"TRUUSK - Hem, Tr\u00e4dg\u00e5rd & Fritid"},"image":{"@id":"https:\/\/truusk.store\/sv\/#\/schema\/logo\/image\/"}}]}},"jetpack_sharing_enabled":true,"_links":{"self":[{"href":"https:\/\/truusk.store\/sv\/wp-json\/wp\/v2\/product\/24671","targetHints":{"allow":["GET"]}}],"collection":[{"href":"https:\/\/truusk.store\/sv\/wp-json\/wp\/v2\/product"}],"about":[{"href":"https:\/\/truusk.store\/sv\/wp-json\/wp\/v2\/types\/product"}],"wp:featuredmedia":[{"embeddable":true,"href":"https:\/\/truusk.store\/sv\/wp-json\/wp\/v2\/media\/24672"}],"wp:attachment":[{"href":"https:\/\/truusk.store\/sv\/wp-json\/wp\/v2\/media?parent=24671"}],"wp:term":[{"taxonomy":"product_brand","embeddable":true,"href":"https:\/\/truusk.store\/sv\/wp-json\/wp\/v2\/product_brand?post=24671"},{"taxonomy":"product_cat","embeddable":true,"href":"https:\/\/truusk.store\/sv\/wp-json\/wp\/v2\/product_cat?post=24671"},{"taxonomy":"product_tag","embeddable":true,"href":"https:\/\/truusk.store\/sv\/wp-json\/wp\/v2\/product_tag?post=24671"}],"curies":[{"name":"wp","href":"https:\/\/api.w.org\/{rel}","templated":true}]}}