{"id":24712,"date":"2024-02-13T17:32:58","date_gmt":"2024-02-13T16:32:58","guid":{"rendered":"https:\/\/truusk.store\/product\/avkopplingsstol-tv-stol-fatolj-360-vridbar-med-fotstod-gra-l78-b71-h101-cm\/"},"modified":"2026-03-12T09:05:33","modified_gmt":"2026-03-12T08:05:33","slug":"truusk-avkopplingsstol-med-360-graders-vridning-gra-med-fotstod-l78-b71-h101-cm","status":"publish","type":"product","link":"https:\/\/truusk.store\/sv\/produkt\/truusk-avkopplingsstol-med-360-graders-vridning-gra-med-fotstod-l78-b71-h101-cm\/","title":{"rendered":"TRUUSK Avkopplingsstol med 360-graders vridning &#8211; Gr\u00e5 &#8211; Med fotst\u00f6d &#8211; L78 B71 H101 cm"},"content":{"rendered":"<p>Ergonomiskt formad, enkel design och helt enkelt bekv\u00e4m. Med v\u00e5r gr\u00e5 liggdel kan du njuta av din kv\u00e4ll helt avslappnad. Din stol kommer med en bekv\u00e4m fotpall s\u00e5 att du helt enkelt kan s\u00e4tta upp benen och luta dig bak\u00e5t. S\u00e5 du kan spendera mysiga timmar framf\u00f6r tv:n, l\u00e4sa eller lyssna p\u00e5 musik. Det f\u00e4llbara ryggst\u00f6det \u00e4r ergonomiskt och st\u00f6djer din rygg \u00e4ven n\u00e4r du sitter l\u00e4nge. Din TV-stol st\u00f6ds av en solid st\u00e5lram. Vadderingen \u00e4r gjord av mjuk svamp, med ett slitstarkt gr\u00e5tt konstl\u00e4derfodral str\u00e4ckt \u00f6ver. S\u00e5 du kan njuta av en avkopplande kv\u00e4ll efter jobbet.<\/p>\n<h3>Beskrivning:<\/h3>\n<ul>\n<li>Multifunktionell f\u00e5t\u00f6lj med ergonomisk design, perfekt f\u00f6r hemmet eller kontoret<\/li>\n<li>Ergonomiskt format ryggst\u00f6d, f\u00e4llbart<\/li>\n<li>Kl\u00e4dd i elegant konstl\u00e4der och vadderad med h\u00f6gdensitetssvamp<\/li>\n<li>L\u00e4tt att reng\u00f6ra med en fuktig trasa<\/li>\n<li>Ett bekv\u00e4mt fotst\u00f6d ing\u00e5r<\/li>\n<li>Enkel konstruktion<\/li>\n<li>Obs: Massagestolen har en mikrol\u00e5sningsfunktion (ryggst\u00f6det kan fixeras genom att vrida ratten till max).<\/li>\n<\/ul>\n<h3>Teknisk data:<\/h3>\n<ul>\n<li>F\u00e4rg gr\u00e5<\/li>\n<li>Material: konstl\u00e4der, tr\u00e4, svamp, st\u00e5l<\/li>\n<li>F\u00e5t\u00f6ljstorlek: 78 71 101 cm<\/li>\n<li>Sittyta: 52 52 cm<\/li>\n<li>Sitth\u00f6jd: 48 cm<\/li>\n<li>Fotpall storlek: 43 38 41,5 cm<\/li>\n<li>Sitsbottendiameter: 60 cm<\/li>\n<li>Max stollastkapacitet: 120 kg<\/li>\n<li>Max fotpall: 100 kg<\/li>\n<\/ul>\n<h3>Leveransens omfattning:<\/h3>\n<ul>\n<li>1 avkopplingsstol<\/li>\n<li>1 fotst\u00f6d<\/li>\n<\/ul>\n","protected":false},"excerpt":{"rendered":"<p>Ergonomiskt formad, enkel design och helt enkelt bekv\u00e4m. Med v\u00e5r gr\u00e5 liggdel kan du njuta av din kv\u00e4ll helt avslappnad&#8230;.<\/p>\n","protected":false},"featured_media":24713,"template":"","meta":[],"product_brand":[],"product_cat":[521,485,524],"product_tag":[],"class_list":{"0":"post-24712","1":"product","2":"type-product","3":"status-publish","4":"has-post-thumbnail","6":"product_cat-fatolj","7":"product_cat-hus-bo","8":"product_cat-relaxstol-med-pall","10":"first","11":"instock","12":"sale","13":"taxable","14":"shipping-taxable","15":"purchasable","16":"product-type-simple"},"yoast_head":"<!-- This site is optimized with the Yoast SEO plugin v25.4 - https:\/\/yoast.com\/wordpress\/plugins\/seo\/ -->\n<title>TRUUSK Avkopplingsstol med 360-graders vridning - Gr\u00e5 - Med fotst\u00f6d - L78 B71 H101 cm - TRUUSK - Hem, Tr\u00e4dg\u00e5rd &amp; Fritid<\/title>\n<meta name=\"robots\" content=\"index, follow, max-snippet:-1, max-image-preview:large, max-video-preview:-1\" \/>\n<link rel=\"canonical\" href=\"https:\/\/truusk.store\/sv\/produkt\/truusk-avkopplingsstol-med-360-graders-vridning-gra-med-fotstod-l78-b71-h101-cm\/\" \/>\n<meta property=\"og:locale\" content=\"sv_SE\" \/>\n<meta property=\"og:type\" content=\"article\" \/>\n<meta property=\"og:title\" content=\"TRUUSK Avkopplingsstol med 360-graders vridning - Gr\u00e5 - Med fotst\u00f6d - L78 B71 H101 cm - TRUUSK - Hem, Tr\u00e4dg\u00e5rd &amp; Fritid\" \/>\n<meta property=\"og:description\" content=\"Ergonomiskt formad, enkel design och helt enkelt bekv\u00e4m. Med v\u00e5r gr\u00e5 liggdel kan du njuta av din kv\u00e4ll helt avslappnad....\" \/>\n<meta property=\"og:url\" content=\"https:\/\/truusk.store\/sv\/produkt\/truusk-avkopplingsstol-med-360-graders-vridning-gra-med-fotstod-l78-b71-h101-cm\/\" \/>\n<meta property=\"og:site_name\" content=\"TRUUSK - Hem, Tr\u00e4dg\u00e5rd &amp; Fritid\" \/>\n<meta property=\"article:modified_time\" content=\"2026-03-12T08:05:33+00:00\" \/>\n<meta property=\"og:image\" content=\"https:\/\/i0.wp.com\/truusk.se\/wp-content\/uploads\/2024\/02\/avkopplingsstol-tv-stol-fatolj-360-vridbar-med-fotstod-gra-l78-b71-h101-cm.webp?fit=800%2C800&ssl=1\" \/>\n\t<meta property=\"og:image:width\" content=\"800\" \/>\n\t<meta property=\"og:image:height\" content=\"800\" \/>\n\t<meta property=\"og:image:type\" content=\"image\/webp\" \/>\n<meta name=\"twitter:card\" content=\"summary_large_image\" \/>\n<meta name=\"twitter:label1\" content=\"Ber\u00e4knad l\u00e4stid\" \/>\n\t<meta name=\"twitter:data1\" content=\"1 minut\" \/>\n<!-- \/ Yoast SEO plugin. -->","yoast_head_json":{"title":"TRUUSK Avkopplingsstol med 360-graders vridning - Gr\u00e5 - Med fotst\u00f6d - L78 B71 H101 cm - TRUUSK - Hem, Tr\u00e4dg\u00e5rd &amp; Fritid","robots":{"index":"index","follow":"follow","max-snippet":"max-snippet:-1","max-image-preview":"max-image-preview:large","max-video-preview":"max-video-preview:-1"},"canonical":"https:\/\/truusk.store\/sv\/produkt\/truusk-avkopplingsstol-med-360-graders-vridning-gra-med-fotstod-l78-b71-h101-cm\/","og_locale":"sv_SE","og_type":"article","og_title":"TRUUSK Avkopplingsstol med 360-graders vridning - Gr\u00e5 - Med fotst\u00f6d - L78 B71 H101 cm - TRUUSK - Hem, Tr\u00e4dg\u00e5rd &amp; Fritid","og_description":"Ergonomiskt formad, enkel design och helt enkelt bekv\u00e4m. Med v\u00e5r gr\u00e5 liggdel kan du njuta av din kv\u00e4ll helt avslappnad....","og_url":"https:\/\/truusk.store\/sv\/produkt\/truusk-avkopplingsstol-med-360-graders-vridning-gra-med-fotstod-l78-b71-h101-cm\/","og_site_name":"TRUUSK - Hem, Tr\u00e4dg\u00e5rd &amp; Fritid","article_modified_time":"2026-03-12T08:05:33+00:00","og_image":[{"width":800,"height":800,"url":"https:\/\/i0.wp.com\/truusk.se\/wp-content\/uploads\/2024\/02\/avkopplingsstol-tv-stol-fatolj-360-vridbar-med-fotstod-gra-l78-b71-h101-cm.webp?fit=800%2C800&ssl=1","type":"image\/webp"}],"twitter_card":"summary_large_image","twitter_misc":{"Ber\u00e4knad l\u00e4stid":"1 minut"},"schema":{"@context":"https:\/\/schema.org","@graph":[{"@type":"WebPage","@id":"https:\/\/truusk.store\/sv\/produkt\/truusk-avkopplingsstol-med-360-graders-vridning-gra-med-fotstod-l78-b71-h101-cm\/","url":"https:\/\/truusk.store\/sv\/produkt\/truusk-avkopplingsstol-med-360-graders-vridning-gra-med-fotstod-l78-b71-h101-cm\/","name":"TRUUSK Avkopplingsstol med 360-graders vridning - Gr\u00e5 - Med fotst\u00f6d - L78 B71 H101 cm - TRUUSK - Hem, Tr\u00e4dg\u00e5rd &amp; Fritid","isPartOf":{"@id":"https:\/\/truusk.store\/sv\/#website"},"primaryImageOfPage":{"@id":"https:\/\/truusk.store\/sv\/produkt\/truusk-avkopplingsstol-med-360-graders-vridning-gra-med-fotstod-l78-b71-h101-cm\/#primaryimage"},"image":{"@id":"https:\/\/truusk.store\/sv\/produkt\/truusk-avkopplingsstol-med-360-graders-vridning-gra-med-fotstod-l78-b71-h101-cm\/#primaryimage"},"thumbnailUrl":"https:\/\/i0.wp.com\/truusk.store\/wp-content\/uploads\/2024\/02\/avkopplingsstol-tv-stol-fatolj-360-vridbar-med-fotstod-gra-l78-b71-h101-cm.webp?fit=800%2C800&ssl=1","datePublished":"2024-02-13T16:32:58+00:00","dateModified":"2026-03-12T08:05:33+00:00","breadcrumb":{"@id":"https:\/\/truusk.store\/sv\/produkt\/truusk-avkopplingsstol-med-360-graders-vridning-gra-med-fotstod-l78-b71-h101-cm\/#breadcrumb"},"inLanguage":"sv-SE","potentialAction":[{"@type":"ReadAction","target":["https:\/\/truusk.store\/sv\/produkt\/truusk-avkopplingsstol-med-360-graders-vridning-gra-med-fotstod-l78-b71-h101-cm\/"]}]},{"@type":"ImageObject","inLanguage":"sv-SE","@id":"https:\/\/truusk.store\/sv\/produkt\/truusk-avkopplingsstol-med-360-graders-vridning-gra-med-fotstod-l78-b71-h101-cm\/#primaryimage","url":"https:\/\/i0.wp.com\/truusk.store\/wp-content\/uploads\/2024\/02\/avkopplingsstol-tv-stol-fatolj-360-vridbar-med-fotstod-gra-l78-b71-h101-cm.webp?fit=800%2C800&ssl=1","contentUrl":"https:\/\/i0.wp.com\/truusk.store\/wp-content\/uploads\/2024\/02\/avkopplingsstol-tv-stol-fatolj-360-vridbar-med-fotstod-gra-l78-b71-h101-cm.webp?fit=800%2C800&ssl=1","width":800,"height":800,"caption":"Avkopplingsstol TV-stol F\u00e5t\u00f6lj 360 Vridbar Med Fotst\u00f6d Gr\u00e5 L78 B71 H101 Cm 1"},{"@type":"BreadcrumbList","@id":"https:\/\/truusk.store\/sv\/produkt\/truusk-avkopplingsstol-med-360-graders-vridning-gra-med-fotstod-l78-b71-h101-cm\/#breadcrumb","itemListElement":[{"@type":"ListItem","position":1,"name":"Home","item":"https:\/\/truusk.store\/sv\/"},{"@type":"ListItem","position":2,"name":"Shop","item":"https:\/\/truusk.store\/shop\/"},{"@type":"ListItem","position":3,"name":"TRUUSK Avkopplingsstol med 360-graders vridning &#8211; Gr\u00e5 &#8211; Med fotst\u00f6d &#8211; L78 B71 H101 cm"}]},{"@type":"WebSite","@id":"https:\/\/truusk.store\/sv\/#website","url":"https:\/\/truusk.store\/sv\/","name":"TRUUSK - Hem, Tr\u00e4dg\u00e5rd & Fritid","description":"","publisher":{"@id":"https:\/\/truusk.store\/sv\/#organization"},"potentialAction":[{"@type":"SearchAction","target":{"@type":"EntryPoint","urlTemplate":"https:\/\/truusk.store\/sv\/?s={search_term_string}"},"query-input":{"@type":"PropertyValueSpecification","valueRequired":true,"valueName":"search_term_string"}}],"inLanguage":"sv-SE"},{"@type":"Organization","@id":"https:\/\/truusk.store\/sv\/#organization","name":"TRUUSK - Hem, Tr\u00e4dg\u00e5rd & Fritid","url":"https:\/\/truusk.store\/sv\/","logo":{"@type":"ImageObject","inLanguage":"sv-SE","@id":"https:\/\/truusk.store\/sv\/#\/schema\/logo\/image\/","url":"https:\/\/i0.wp.com\/truusk.store\/wp-content\/uploads\/2026\/03\/cropped-TRUUSK.png?fit=2032%2C917&ssl=1","contentUrl":"https:\/\/i0.wp.com\/truusk.store\/wp-content\/uploads\/2026\/03\/cropped-TRUUSK.png?fit=2032%2C917&ssl=1","width":2032,"height":917,"caption":"TRUUSK - Hem, Tr\u00e4dg\u00e5rd & Fritid"},"image":{"@id":"https:\/\/truusk.store\/sv\/#\/schema\/logo\/image\/"}}]}},"jetpack_sharing_enabled":true,"_links":{"self":[{"href":"https:\/\/truusk.store\/sv\/wp-json\/wp\/v2\/product\/24712","targetHints":{"allow":["GET"]}}],"collection":[{"href":"https:\/\/truusk.store\/sv\/wp-json\/wp\/v2\/product"}],"about":[{"href":"https:\/\/truusk.store\/sv\/wp-json\/wp\/v2\/types\/product"}],"wp:featuredmedia":[{"embeddable":true,"href":"https:\/\/truusk.store\/sv\/wp-json\/wp\/v2\/media\/24713"}],"wp:attachment":[{"href":"https:\/\/truusk.store\/sv\/wp-json\/wp\/v2\/media?parent=24712"}],"wp:term":[{"taxonomy":"product_brand","embeddable":true,"href":"https:\/\/truusk.store\/sv\/wp-json\/wp\/v2\/product_brand?post=24712"},{"taxonomy":"product_cat","embeddable":true,"href":"https:\/\/truusk.store\/sv\/wp-json\/wp\/v2\/product_cat?post=24712"},{"taxonomy":"product_tag","embeddable":true,"href":"https:\/\/truusk.store\/sv\/wp-json\/wp\/v2\/product_tag?post=24712"}],"curies":[{"name":"wp","href":"https:\/\/api.w.org\/{rel}","templated":true}]}}