{"id":24791,"date":"2024-02-13T17:35:26","date_gmt":"2024-02-13T16:35:26","guid":{"rendered":"https:\/\/truusk.store\/product\/kladstall-kladvagn-tvattstall-rullande-kladhangare-150-x-60-x-170-cm\/"},"modified":"2026-03-12T09:05:35","modified_gmt":"2026-03-12T08:05:35","slug":"truusk-kladstall-kladvagn-med-tvattstall-rullande-kladhangare-150-x-60-x-170-cm-for-organiserad-kladforvaring-stabil","status":"publish","type":"product","link":"https:\/\/truusk.store\/sv\/produkt\/truusk-kladstall-kladvagn-med-tvattstall-rullande-kladhangare-150-x-60-x-170-cm-for-organiserad-kladforvaring-stabil\/","title":{"rendered":"TRUUSK Kl\u00e4dst\u00e4ll &#8211; Kl\u00e4dvagn med Tv\u00e4ttst\u00e4ll &#8211; Rullande Kl\u00e4dh\u00e4ngare (150 x 60 x 170 cm) &#8211; F\u00f6r Organiserad Kl\u00e4df\u00f6rvaring &#8211; Stabil"},"content":{"rendered":"<p>Visa vad du har. Den moderna kl\u00e4dst\u00e5ngen presenterar dina kl\u00e4der med en rak linje och enkel design. Tack vare 360-hjulen kan stativet enkelt och snabbt placeras var som helst i rummet. Den robusta metallramen t\u00e5l en belastning p\u00e5 upp till 140 kg och passar d\u00e4rf\u00f6r \u00e4ven till tyngre kl\u00e4desplagg som jackor eller rockar. Med de medf\u00f6ljande instruktionerna kan kl\u00e4dst\u00e5ngen monteras p\u00e5 nolltid.<\/p>\n<h3>Beskrivning:<\/h3>\n<ul>\n<li>Ers\u00e4tter den klassiska garderoben<\/li>\n<li>H\u00f6gkvalitativ metallram kan h\u00e5lla upp till 140 kg<\/li>\n<li>M\u00e5ngsidig<\/li>\n<li>360 hjul (2 med parkeringsbroms) f\u00f6r flexibel positionering<\/li>\n<li>Enkel konstruktion<\/li>\n<\/ul>\n<h3>Teknisk data:<\/h3>\n<ul>\n<li>Material: metall<\/li>\n<li>Svart f\u00e4rg<\/li>\n<li>\u00d6vergripande m\u00e5tt: L150 x B60 x H170 cm<\/li>\n<li>Max lastkapacitet: 140 kg<\/li>\n<li>Vikt: 5,3 kg<\/li>\n<\/ul>\n<h3>Leveransens omfattning:<\/h3>\n<ul>\n<li>1 x Kl\u00e4dst\u00e4ll;<\/li>\n<\/ul>\n","protected":false},"excerpt":{"rendered":"<p>Visa vad du har. Den moderna kl\u00e4dst\u00e5ngen presenterar dina kl\u00e4der med en rak linje och enkel design. Tack vare 360-hjulen&#8230;<\/p>\n","protected":false},"featured_media":24792,"template":"","meta":[],"product_brand":[],"product_cat":[558,485,560],"product_tag":[],"class_list":{"0":"post-24791","1":"product","2":"type-product","3":"status-publish","4":"has-post-thumbnail","6":"product_cat-garderober","7":"product_cat-hus-bo","8":"product_cat-kladhangare","10":"first","11":"instock","12":"sale","13":"taxable","14":"shipping-taxable","15":"purchasable","16":"product-type-simple"},"yoast_head":"<!-- This site is optimized with the Yoast SEO plugin v25.4 - https:\/\/yoast.com\/wordpress\/plugins\/seo\/ -->\n<title>TRUUSK Kl\u00e4dst\u00e4ll - Kl\u00e4dvagn med Tv\u00e4ttst\u00e4ll - Rullande Kl\u00e4dh\u00e4ngare (150 x 60 x 170 cm) - F\u00f6r Organiserad Kl\u00e4df\u00f6rvaring - Stabil - TRUUSK - Hem, Tr\u00e4dg\u00e5rd &amp; Fritid<\/title>\n<meta name=\"robots\" content=\"index, follow, max-snippet:-1, max-image-preview:large, max-video-preview:-1\" \/>\n<link rel=\"canonical\" href=\"https:\/\/truusk.store\/sv\/produkt\/truusk-kladstall-kladvagn-med-tvattstall-rullande-kladhangare-150-x-60-x-170-cm-for-organiserad-kladforvaring-stabil\/\" \/>\n<meta property=\"og:locale\" content=\"sv_SE\" \/>\n<meta property=\"og:type\" content=\"article\" \/>\n<meta property=\"og:title\" content=\"TRUUSK Kl\u00e4dst\u00e4ll - Kl\u00e4dvagn med Tv\u00e4ttst\u00e4ll - Rullande Kl\u00e4dh\u00e4ngare (150 x 60 x 170 cm) - F\u00f6r Organiserad Kl\u00e4df\u00f6rvaring - Stabil - TRUUSK - Hem, Tr\u00e4dg\u00e5rd &amp; Fritid\" \/>\n<meta property=\"og:description\" content=\"Visa vad du har. Den moderna kl\u00e4dst\u00e5ngen presenterar dina kl\u00e4der med en rak linje och enkel design. Tack vare 360-hjulen...\" \/>\n<meta property=\"og:url\" content=\"https:\/\/truusk.store\/sv\/produkt\/truusk-kladstall-kladvagn-med-tvattstall-rullande-kladhangare-150-x-60-x-170-cm-for-organiserad-kladforvaring-stabil\/\" \/>\n<meta property=\"og:site_name\" content=\"TRUUSK - Hem, Tr\u00e4dg\u00e5rd &amp; Fritid\" \/>\n<meta property=\"article:modified_time\" content=\"2026-03-12T08:05:35+00:00\" \/>\n<meta property=\"og:image\" content=\"https:\/\/i0.wp.com\/truusk.se\/wp-content\/uploads\/2024\/02\/kladstall-kladvagn-tvattstall-rullande-kladhangare-150-x-60-x-170-cm.webp?fit=800%2C800&ssl=1\" \/>\n\t<meta property=\"og:image:width\" content=\"800\" \/>\n\t<meta property=\"og:image:height\" content=\"800\" \/>\n\t<meta property=\"og:image:type\" content=\"image\/webp\" \/>\n<meta name=\"twitter:card\" content=\"summary_large_image\" \/>\n<meta name=\"twitter:label1\" content=\"Ber\u00e4knad l\u00e4stid\" \/>\n\t<meta name=\"twitter:data1\" content=\"1 minut\" \/>\n<!-- \/ Yoast SEO plugin. -->","yoast_head_json":{"title":"TRUUSK Kl\u00e4dst\u00e4ll - Kl\u00e4dvagn med Tv\u00e4ttst\u00e4ll - Rullande Kl\u00e4dh\u00e4ngare (150 x 60 x 170 cm) - F\u00f6r Organiserad Kl\u00e4df\u00f6rvaring - Stabil - TRUUSK - Hem, Tr\u00e4dg\u00e5rd &amp; Fritid","robots":{"index":"index","follow":"follow","max-snippet":"max-snippet:-1","max-image-preview":"max-image-preview:large","max-video-preview":"max-video-preview:-1"},"canonical":"https:\/\/truusk.store\/sv\/produkt\/truusk-kladstall-kladvagn-med-tvattstall-rullande-kladhangare-150-x-60-x-170-cm-for-organiserad-kladforvaring-stabil\/","og_locale":"sv_SE","og_type":"article","og_title":"TRUUSK Kl\u00e4dst\u00e4ll - Kl\u00e4dvagn med Tv\u00e4ttst\u00e4ll - Rullande Kl\u00e4dh\u00e4ngare (150 x 60 x 170 cm) - F\u00f6r Organiserad Kl\u00e4df\u00f6rvaring - Stabil - TRUUSK - Hem, Tr\u00e4dg\u00e5rd &amp; Fritid","og_description":"Visa vad du har. Den moderna kl\u00e4dst\u00e5ngen presenterar dina kl\u00e4der med en rak linje och enkel design. Tack vare 360-hjulen...","og_url":"https:\/\/truusk.store\/sv\/produkt\/truusk-kladstall-kladvagn-med-tvattstall-rullande-kladhangare-150-x-60-x-170-cm-for-organiserad-kladforvaring-stabil\/","og_site_name":"TRUUSK - Hem, Tr\u00e4dg\u00e5rd &amp; Fritid","article_modified_time":"2026-03-12T08:05:35+00:00","og_image":[{"width":800,"height":800,"url":"https:\/\/i0.wp.com\/truusk.se\/wp-content\/uploads\/2024\/02\/kladstall-kladvagn-tvattstall-rullande-kladhangare-150-x-60-x-170-cm.webp?fit=800%2C800&ssl=1","type":"image\/webp"}],"twitter_card":"summary_large_image","twitter_misc":{"Ber\u00e4knad l\u00e4stid":"1 minut"},"schema":{"@context":"https:\/\/schema.org","@graph":[{"@type":"WebPage","@id":"https:\/\/truusk.store\/sv\/produkt\/truusk-kladstall-kladvagn-med-tvattstall-rullande-kladhangare-150-x-60-x-170-cm-for-organiserad-kladforvaring-stabil\/","url":"https:\/\/truusk.store\/sv\/produkt\/truusk-kladstall-kladvagn-med-tvattstall-rullande-kladhangare-150-x-60-x-170-cm-for-organiserad-kladforvaring-stabil\/","name":"TRUUSK Kl\u00e4dst\u00e4ll - Kl\u00e4dvagn med Tv\u00e4ttst\u00e4ll - Rullande Kl\u00e4dh\u00e4ngare (150 x 60 x 170 cm) - F\u00f6r Organiserad Kl\u00e4df\u00f6rvaring - Stabil - TRUUSK - Hem, Tr\u00e4dg\u00e5rd &amp; Fritid","isPartOf":{"@id":"https:\/\/truusk.store\/sv\/#website"},"primaryImageOfPage":{"@id":"https:\/\/truusk.store\/sv\/produkt\/truusk-kladstall-kladvagn-med-tvattstall-rullande-kladhangare-150-x-60-x-170-cm-for-organiserad-kladforvaring-stabil\/#primaryimage"},"image":{"@id":"https:\/\/truusk.store\/sv\/produkt\/truusk-kladstall-kladvagn-med-tvattstall-rullande-kladhangare-150-x-60-x-170-cm-for-organiserad-kladforvaring-stabil\/#primaryimage"},"thumbnailUrl":"https:\/\/i0.wp.com\/truusk.store\/wp-content\/uploads\/2024\/02\/kladstall-kladvagn-tvattstall-rullande-kladhangare-150-x-60-x-170-cm.webp?fit=800%2C800&ssl=1","datePublished":"2024-02-13T16:35:26+00:00","dateModified":"2026-03-12T08:05:35+00:00","breadcrumb":{"@id":"https:\/\/truusk.store\/sv\/produkt\/truusk-kladstall-kladvagn-med-tvattstall-rullande-kladhangare-150-x-60-x-170-cm-for-organiserad-kladforvaring-stabil\/#breadcrumb"},"inLanguage":"sv-SE","potentialAction":[{"@type":"ReadAction","target":["https:\/\/truusk.store\/sv\/produkt\/truusk-kladstall-kladvagn-med-tvattstall-rullande-kladhangare-150-x-60-x-170-cm-for-organiserad-kladforvaring-stabil\/"]}]},{"@type":"ImageObject","inLanguage":"sv-SE","@id":"https:\/\/truusk.store\/sv\/produkt\/truusk-kladstall-kladvagn-med-tvattstall-rullande-kladhangare-150-x-60-x-170-cm-for-organiserad-kladforvaring-stabil\/#primaryimage","url":"https:\/\/i0.wp.com\/truusk.store\/wp-content\/uploads\/2024\/02\/kladstall-kladvagn-tvattstall-rullande-kladhangare-150-x-60-x-170-cm.webp?fit=800%2C800&ssl=1","contentUrl":"https:\/\/i0.wp.com\/truusk.store\/wp-content\/uploads\/2024\/02\/kladstall-kladvagn-tvattstall-rullande-kladhangare-150-x-60-x-170-cm.webp?fit=800%2C800&ssl=1","width":800,"height":800,"caption":"Kl\u00e4dst\u00e4ll Kl\u00e4dvagn Tv\u00e4ttst\u00e4ll Rullande Kl\u00e4dh\u00e4ngare (150 X 60 X 170 Cm) 1"},{"@type":"BreadcrumbList","@id":"https:\/\/truusk.store\/sv\/produkt\/truusk-kladstall-kladvagn-med-tvattstall-rullande-kladhangare-150-x-60-x-170-cm-for-organiserad-kladforvaring-stabil\/#breadcrumb","itemListElement":[{"@type":"ListItem","position":1,"name":"Home","item":"https:\/\/truusk.store\/sv\/"},{"@type":"ListItem","position":2,"name":"Shop","item":"https:\/\/truusk.store\/shop\/"},{"@type":"ListItem","position":3,"name":"TRUUSK Kl\u00e4dst\u00e4ll &#8211; Kl\u00e4dvagn med Tv\u00e4ttst\u00e4ll &#8211; Rullande Kl\u00e4dh\u00e4ngare (150 x 60 x 170 cm) &#8211; F\u00f6r Organiserad Kl\u00e4df\u00f6rvaring &#8211; Stabil"}]},{"@type":"WebSite","@id":"https:\/\/truusk.store\/sv\/#website","url":"https:\/\/truusk.store\/sv\/","name":"TRUUSK - Hem, Tr\u00e4dg\u00e5rd & Fritid","description":"","publisher":{"@id":"https:\/\/truusk.store\/sv\/#organization"},"potentialAction":[{"@type":"SearchAction","target":{"@type":"EntryPoint","urlTemplate":"https:\/\/truusk.store\/sv\/?s={search_term_string}"},"query-input":{"@type":"PropertyValueSpecification","valueRequired":true,"valueName":"search_term_string"}}],"inLanguage":"sv-SE"},{"@type":"Organization","@id":"https:\/\/truusk.store\/sv\/#organization","name":"TRUUSK - Hem, Tr\u00e4dg\u00e5rd & Fritid","url":"https:\/\/truusk.store\/sv\/","logo":{"@type":"ImageObject","inLanguage":"sv-SE","@id":"https:\/\/truusk.store\/sv\/#\/schema\/logo\/image\/","url":"https:\/\/i0.wp.com\/truusk.store\/wp-content\/uploads\/2026\/03\/cropped-TRUUSK.png?fit=2032%2C917&ssl=1","contentUrl":"https:\/\/i0.wp.com\/truusk.store\/wp-content\/uploads\/2026\/03\/cropped-TRUUSK.png?fit=2032%2C917&ssl=1","width":2032,"height":917,"caption":"TRUUSK - Hem, Tr\u00e4dg\u00e5rd & Fritid"},"image":{"@id":"https:\/\/truusk.store\/sv\/#\/schema\/logo\/image\/"}}]}},"jetpack_sharing_enabled":true,"_links":{"self":[{"href":"https:\/\/truusk.store\/sv\/wp-json\/wp\/v2\/product\/24791","targetHints":{"allow":["GET"]}}],"collection":[{"href":"https:\/\/truusk.store\/sv\/wp-json\/wp\/v2\/product"}],"about":[{"href":"https:\/\/truusk.store\/sv\/wp-json\/wp\/v2\/types\/product"}],"wp:featuredmedia":[{"embeddable":true,"href":"https:\/\/truusk.store\/sv\/wp-json\/wp\/v2\/media\/24792"}],"wp:attachment":[{"href":"https:\/\/truusk.store\/sv\/wp-json\/wp\/v2\/media?parent=24791"}],"wp:term":[{"taxonomy":"product_brand","embeddable":true,"href":"https:\/\/truusk.store\/sv\/wp-json\/wp\/v2\/product_brand?post=24791"},{"taxonomy":"product_cat","embeddable":true,"href":"https:\/\/truusk.store\/sv\/wp-json\/wp\/v2\/product_cat?post=24791"},{"taxonomy":"product_tag","embeddable":true,"href":"https:\/\/truusk.store\/sv\/wp-json\/wp\/v2\/product_tag?post=24791"}],"curies":[{"name":"wp","href":"https:\/\/api.w.org\/{rel}","templated":true}]}}