{"id":24810,"date":"2024-02-13T17:36:02","date_gmt":"2024-02-13T16:36:02","guid":{"rendered":"https:\/\/truusk.store\/product\/hundsang-hopfallbar-utomhus-hundsang-upphojd-stativ-122cm-x-92cm-x-23cm-rod-svart\/"},"modified":"2026-03-12T09:05:36","modified_gmt":"2026-03-12T08:05:36","slug":"truusk-hopfallbar-hundbadd-upphojd-stativ-122cm-x-92cm-x-23cm-rod-svart","status":"publish","type":"product","link":"https:\/\/truusk.store\/sv\/produkt\/truusk-hopfallbar-hundbadd-upphojd-stativ-122cm-x-92cm-x-23cm-rod-svart\/","title":{"rendered":"TRUUSK Hopf\u00e4llbar Hundb\u00e4dd &#8211; Upph\u00f6jd Stativ &#8211; 122cm X 92cm X 23cm &#8211; R\u00f6d + Svart"},"content":{"rendered":"<p>L\u00e5t inte din hund sova p\u00e5 golvet, ge din hund en bekv\u00e4m plats att sova med denna upph\u00f6jda hundstol! Denna hundstol \u00e4r perfekt f\u00f6r att sova inomhus eller utomhus. Den upph\u00f6jda designen skyddar din hund fr\u00e5n fukt och kyla. Djurs\u00e4ngen kommer med en praktisk f\u00f6rvarings- och transportv\u00e4ska. Din hund kommer att \u00e4lska sin nya och praktiska sovplats!<\/p>\n<h3>Beskrivning:<\/h3>\n<ul>\n<li>Hundstol f\u00f6r inom- och utomhusbruk<\/li>\n<li>Skyddar hundar fr\u00e5n kalla golv eller insekter<\/li>\n<li>Pulverlackerad metallram garanterar h\u00f6g stabilitet och b\u00e4rf\u00f6rm\u00e5ga<\/li>\n<li>\u00d6verdrag av slitstarkt Oxford och andningsbart Textline-tyg, mycket l\u00e4ttsk\u00f6tt<\/li>\n<li>Dubbelsydda kanter<\/li>\n<li>Med halkfria f\u00f6tter<\/li>\n<li>Enkel konstruktion<\/li>\n<li>Inkluderar b\u00e4rv\u00e4ska f\u00f6r enkel transport<\/li>\n<li>L\u00e4mplig f\u00f6r mycket stora hundar upp till 50 kg och en kroppsl\u00e4ngd p\u00e5 mindre \u00e4n 80 cm<\/li>\n<\/ul>\n<h3>Teknisk data:<\/h3>\n<ul>\n<li>Material: Metall, Oxford, Textline tyg<\/li>\n<li>F\u00e4rg: R\u00f6d+svart<\/li>\n<li>M\u00e5tt: 122L x 92W x 23H cm<\/li>\n<li>Lastkapacitet: 60 kg (l\u00e4mplig f\u00f6r mycket stora hundar)<\/li>\n<\/ul>\n<h3>Leveransens omfattning:<\/h3>\n<ul>\n<li>1 x hundstol;<\/li>\n<\/ul>\n","protected":false},"excerpt":{"rendered":"<p>L\u00e5t inte din hund sova p\u00e5 golvet, ge din hund en bekv\u00e4m plats att sova med denna upph\u00f6jda hundstol! Denna&#8230;<\/p>\n","protected":false},"featured_media":24811,"template":"","meta":[],"product_brand":[],"product_cat":[576,574,573],"product_tag":[],"class_list":{"0":"post-24810","1":"product","2":"type-product","3":"status-publish","4":"has-post-thumbnail","6":"product_cat-hundsangar-hundsoffor","7":"product_cat-hundtillbehor","8":"product_cat-husdjursmaterial","10":"first","11":"instock","12":"sale","13":"taxable","14":"shipping-taxable","15":"purchasable","16":"product-type-simple"},"yoast_head":"<!-- This site is optimized with the Yoast SEO plugin v25.4 - https:\/\/yoast.com\/wordpress\/plugins\/seo\/ -->\n<title>TRUUSK Hopf\u00e4llbar Hundb\u00e4dd - Upph\u00f6jd Stativ - 122cm X 92cm X 23cm - R\u00f6d + Svart - TRUUSK - Hem, Tr\u00e4dg\u00e5rd &amp; Fritid<\/title>\n<meta name=\"robots\" content=\"index, follow, max-snippet:-1, max-image-preview:large, max-video-preview:-1\" \/>\n<link rel=\"canonical\" href=\"https:\/\/truusk.store\/sv\/produkt\/truusk-hopfallbar-hundbadd-upphojd-stativ-122cm-x-92cm-x-23cm-rod-svart\/\" \/>\n<meta property=\"og:locale\" content=\"sv_SE\" \/>\n<meta property=\"og:type\" content=\"article\" \/>\n<meta property=\"og:title\" content=\"TRUUSK Hopf\u00e4llbar Hundb\u00e4dd - Upph\u00f6jd Stativ - 122cm X 92cm X 23cm - R\u00f6d + Svart - TRUUSK - Hem, Tr\u00e4dg\u00e5rd &amp; Fritid\" \/>\n<meta property=\"og:description\" content=\"L\u00e5t inte din hund sova p\u00e5 golvet, ge din hund en bekv\u00e4m plats att sova med denna upph\u00f6jda hundstol! Denna...\" \/>\n<meta property=\"og:url\" content=\"https:\/\/truusk.store\/sv\/produkt\/truusk-hopfallbar-hundbadd-upphojd-stativ-122cm-x-92cm-x-23cm-rod-svart\/\" \/>\n<meta property=\"og:site_name\" content=\"TRUUSK - Hem, Tr\u00e4dg\u00e5rd &amp; Fritid\" \/>\n<meta property=\"article:modified_time\" content=\"2026-03-12T08:05:36+00:00\" \/>\n<meta property=\"og:image\" content=\"https:\/\/i0.wp.com\/truusk.se\/wp-content\/uploads\/2024\/02\/hundsang-hopfallbar-utomhus-hundsang-upphojd-stativ-122cm-x-92cm-x-23cm-rod-svart.webp?fit=800%2C800&ssl=1\" \/>\n\t<meta property=\"og:image:width\" content=\"800\" \/>\n\t<meta property=\"og:image:height\" content=\"800\" \/>\n\t<meta property=\"og:image:type\" content=\"image\/webp\" \/>\n<meta name=\"twitter:card\" content=\"summary_large_image\" \/>\n<meta name=\"twitter:label1\" content=\"Ber\u00e4knad l\u00e4stid\" \/>\n\t<meta name=\"twitter:data1\" content=\"1 minut\" \/>\n<!-- \/ Yoast SEO plugin. -->","yoast_head_json":{"title":"TRUUSK Hopf\u00e4llbar Hundb\u00e4dd - Upph\u00f6jd Stativ - 122cm X 92cm X 23cm - R\u00f6d + Svart - TRUUSK - Hem, Tr\u00e4dg\u00e5rd &amp; Fritid","robots":{"index":"index","follow":"follow","max-snippet":"max-snippet:-1","max-image-preview":"max-image-preview:large","max-video-preview":"max-video-preview:-1"},"canonical":"https:\/\/truusk.store\/sv\/produkt\/truusk-hopfallbar-hundbadd-upphojd-stativ-122cm-x-92cm-x-23cm-rod-svart\/","og_locale":"sv_SE","og_type":"article","og_title":"TRUUSK Hopf\u00e4llbar Hundb\u00e4dd - Upph\u00f6jd Stativ - 122cm X 92cm X 23cm - R\u00f6d + Svart - TRUUSK - Hem, Tr\u00e4dg\u00e5rd &amp; Fritid","og_description":"L\u00e5t inte din hund sova p\u00e5 golvet, ge din hund en bekv\u00e4m plats att sova med denna upph\u00f6jda hundstol! Denna...","og_url":"https:\/\/truusk.store\/sv\/produkt\/truusk-hopfallbar-hundbadd-upphojd-stativ-122cm-x-92cm-x-23cm-rod-svart\/","og_site_name":"TRUUSK - Hem, Tr\u00e4dg\u00e5rd &amp; Fritid","article_modified_time":"2026-03-12T08:05:36+00:00","og_image":[{"width":800,"height":800,"url":"https:\/\/i0.wp.com\/truusk.se\/wp-content\/uploads\/2024\/02\/hundsang-hopfallbar-utomhus-hundsang-upphojd-stativ-122cm-x-92cm-x-23cm-rod-svart.webp?fit=800%2C800&ssl=1","type":"image\/webp"}],"twitter_card":"summary_large_image","twitter_misc":{"Ber\u00e4knad l\u00e4stid":"1 minut"},"schema":{"@context":"https:\/\/schema.org","@graph":[{"@type":"WebPage","@id":"https:\/\/truusk.store\/sv\/produkt\/truusk-hopfallbar-hundbadd-upphojd-stativ-122cm-x-92cm-x-23cm-rod-svart\/","url":"https:\/\/truusk.store\/sv\/produkt\/truusk-hopfallbar-hundbadd-upphojd-stativ-122cm-x-92cm-x-23cm-rod-svart\/","name":"TRUUSK Hopf\u00e4llbar Hundb\u00e4dd - Upph\u00f6jd Stativ - 122cm X 92cm X 23cm - R\u00f6d + Svart - TRUUSK - Hem, Tr\u00e4dg\u00e5rd &amp; Fritid","isPartOf":{"@id":"https:\/\/truusk.store\/sv\/#website"},"primaryImageOfPage":{"@id":"https:\/\/truusk.store\/sv\/produkt\/truusk-hopfallbar-hundbadd-upphojd-stativ-122cm-x-92cm-x-23cm-rod-svart\/#primaryimage"},"image":{"@id":"https:\/\/truusk.store\/sv\/produkt\/truusk-hopfallbar-hundbadd-upphojd-stativ-122cm-x-92cm-x-23cm-rod-svart\/#primaryimage"},"thumbnailUrl":"https:\/\/i0.wp.com\/truusk.store\/wp-content\/uploads\/2024\/02\/hundsang-hopfallbar-utomhus-hundsang-upphojd-stativ-122cm-x-92cm-x-23cm-rod-svart.webp?fit=800%2C800&ssl=1","datePublished":"2024-02-13T16:36:02+00:00","dateModified":"2026-03-12T08:05:36+00:00","breadcrumb":{"@id":"https:\/\/truusk.store\/sv\/produkt\/truusk-hopfallbar-hundbadd-upphojd-stativ-122cm-x-92cm-x-23cm-rod-svart\/#breadcrumb"},"inLanguage":"sv-SE","potentialAction":[{"@type":"ReadAction","target":["https:\/\/truusk.store\/sv\/produkt\/truusk-hopfallbar-hundbadd-upphojd-stativ-122cm-x-92cm-x-23cm-rod-svart\/"]}]},{"@type":"ImageObject","inLanguage":"sv-SE","@id":"https:\/\/truusk.store\/sv\/produkt\/truusk-hopfallbar-hundbadd-upphojd-stativ-122cm-x-92cm-x-23cm-rod-svart\/#primaryimage","url":"https:\/\/i0.wp.com\/truusk.store\/wp-content\/uploads\/2024\/02\/hundsang-hopfallbar-utomhus-hundsang-upphojd-stativ-122cm-x-92cm-x-23cm-rod-svart.webp?fit=800%2C800&ssl=1","contentUrl":"https:\/\/i0.wp.com\/truusk.store\/wp-content\/uploads\/2024\/02\/hundsang-hopfallbar-utomhus-hundsang-upphojd-stativ-122cm-x-92cm-x-23cm-rod-svart.webp?fit=800%2C800&ssl=1","width":800,"height":800,"caption":"Hunds\u00e4ng Hopf\u00e4llbar Utomhus Hunds\u00e4ng Upph\u00f6jd Stativ 122cm X 92cm X 23cm R\u00f6d + Svart 1"},{"@type":"BreadcrumbList","@id":"https:\/\/truusk.store\/sv\/produkt\/truusk-hopfallbar-hundbadd-upphojd-stativ-122cm-x-92cm-x-23cm-rod-svart\/#breadcrumb","itemListElement":[{"@type":"ListItem","position":1,"name":"Home","item":"https:\/\/truusk.store\/sv\/"},{"@type":"ListItem","position":2,"name":"Shop","item":"https:\/\/truusk.store\/shop\/"},{"@type":"ListItem","position":3,"name":"TRUUSK Hopf\u00e4llbar Hundb\u00e4dd &#8211; Upph\u00f6jd Stativ &#8211; 122cm X 92cm X 23cm &#8211; R\u00f6d + Svart"}]},{"@type":"WebSite","@id":"https:\/\/truusk.store\/sv\/#website","url":"https:\/\/truusk.store\/sv\/","name":"TRUUSK - Hem, Tr\u00e4dg\u00e5rd & Fritid","description":"","publisher":{"@id":"https:\/\/truusk.store\/sv\/#organization"},"potentialAction":[{"@type":"SearchAction","target":{"@type":"EntryPoint","urlTemplate":"https:\/\/truusk.store\/sv\/?s={search_term_string}"},"query-input":{"@type":"PropertyValueSpecification","valueRequired":true,"valueName":"search_term_string"}}],"inLanguage":"sv-SE"},{"@type":"Organization","@id":"https:\/\/truusk.store\/sv\/#organization","name":"TRUUSK - Hem, Tr\u00e4dg\u00e5rd & Fritid","url":"https:\/\/truusk.store\/sv\/","logo":{"@type":"ImageObject","inLanguage":"sv-SE","@id":"https:\/\/truusk.store\/sv\/#\/schema\/logo\/image\/","url":"https:\/\/i0.wp.com\/truusk.store\/wp-content\/uploads\/2026\/03\/cropped-TRUUSK.png?fit=2032%2C917&ssl=1","contentUrl":"https:\/\/i0.wp.com\/truusk.store\/wp-content\/uploads\/2026\/03\/cropped-TRUUSK.png?fit=2032%2C917&ssl=1","width":2032,"height":917,"caption":"TRUUSK - Hem, Tr\u00e4dg\u00e5rd & Fritid"},"image":{"@id":"https:\/\/truusk.store\/sv\/#\/schema\/logo\/image\/"}}]}},"jetpack_sharing_enabled":true,"_links":{"self":[{"href":"https:\/\/truusk.store\/sv\/wp-json\/wp\/v2\/product\/24810","targetHints":{"allow":["GET"]}}],"collection":[{"href":"https:\/\/truusk.store\/sv\/wp-json\/wp\/v2\/product"}],"about":[{"href":"https:\/\/truusk.store\/sv\/wp-json\/wp\/v2\/types\/product"}],"wp:featuredmedia":[{"embeddable":true,"href":"https:\/\/truusk.store\/sv\/wp-json\/wp\/v2\/media\/24811"}],"wp:attachment":[{"href":"https:\/\/truusk.store\/sv\/wp-json\/wp\/v2\/media?parent=24810"}],"wp:term":[{"taxonomy":"product_brand","embeddable":true,"href":"https:\/\/truusk.store\/sv\/wp-json\/wp\/v2\/product_brand?post=24810"},{"taxonomy":"product_cat","embeddable":true,"href":"https:\/\/truusk.store\/sv\/wp-json\/wp\/v2\/product_cat?post=24810"},{"taxonomy":"product_tag","embeddable":true,"href":"https:\/\/truusk.store\/sv\/wp-json\/wp\/v2\/product_tag?post=24810"}],"curies":[{"name":"wp","href":"https:\/\/api.w.org\/{rel}","templated":true}]}}