{"id":24841,"date":"2024-02-13T17:36:54","date_gmt":"2024-02-13T16:36:54","guid":{"rendered":"https:\/\/truusk.store\/product\/elektronisk-darttavla-med-dorrljudeffekter-darttavla-med-automatisk-poangsattning-6-dartsvarta-26-spel-och-185-traffalternativ-for-8-spelare-50-x-44-x-44-cm\/"},"modified":"2026-03-12T09:05:37","modified_gmt":"2026-03-12T08:05:37","slug":"truusk-elektronisk-darttavla-med-dorrljudeffekter-automatisk-poangsattning-26-spel-185-traffalternativ-for-8-spelare-50","status":"publish","type":"product","link":"https:\/\/truusk.store\/sv\/produkt\/truusk-elektronisk-darttavla-med-dorrljudeffekter-automatisk-poangsattning-26-spel-185-traffalternativ-for-8-spelare-50\/","title":{"rendered":"TRUUSK Elektronisk Darttavla med D\u00f6rrljudeffekter &#8211; Automatisk Po\u00e4ngs\u00e4ttning &#8211; 26 Spel &#8211; 185 Tr\u00e4ffalternativ &#8211; F\u00f6r 8 Spelare &#8211; 50"},"content":{"rendered":"<p>V\u00e5r LCD darttavla \u00e4r smart designad och gjord av slitstarkt material som g\u00f6r att du kan spela hemma med din familj eller v\u00e4nner. De g\u00e5ngj\u00e4rnsf\u00f6rsedda sidod\u00f6rrarna \u00e4r utrustade med praktiska pilh\u00e5llare f\u00f6r att s\u00e4kert f\u00f6rvara de 6 medf\u00f6ljande pilarna. Den tydliga och ljusa LCD-sk\u00e4rmen visar spelpo\u00e4ngen. Med denna darttavla kan du snabbt bli en dartm\u00e4stare!<\/p>\n<h3>Beskrivning:<\/h3>\n<ul>\n<li>26 matcher och 185 po\u00e4ngm\u00f6jligheter<\/li>\n<li>Upp till 8 spelare kan spela samtidigt<\/li>\n<li>LCD-sk\u00e4rm f\u00f6r spelresultat och statistik<\/li>\n<li>Med spr\u00e5ktips<\/li>\n<li>Robust plasth\u00f6lje<\/li>\n<li>CE-EMC, ROHS-certifikat<\/li>\n<li>6 pilar ing\u00e5r<\/li>\n<li>Ljudeffekter p\u00e5 engelska (volymen kan inte justeras)<\/li>\n<li>Med kastrepetitioner och po\u00e4ngkorrigeringar, automatisk po\u00e4ngs\u00e4ttning och spel mot datorn<\/li>\n<li>Obs: Kr\u00e4ver 3 AA alkaliska batterier (ing\u00e5r ej)<\/li>\n<\/ul>\n<h3>Teknisk data:<\/h3>\n<ul>\n<li>Material: PP, PS<\/li>\n<li>Svart f\u00e4rg<\/li>\n<li>9,5 g pil<\/li>\n<li>30 pilhuvuden<\/li>\n<li>\u00d6vergripande m\u00e5tt: 50L x 44W x 4,4H cm<\/li>\n<li>Ovikta m\u00e5tt 90,5L x 4,4W x 50H cm<\/li>\n<\/ul>\n<h3>Leveransens omfattning:<\/h3>\n<ul>\n<li>6 x Dart<\/li>\n<li>30 x pilhuvuden<\/li>\n<\/ul>\n","protected":false},"excerpt":{"rendered":"<p>V\u00e5r LCD darttavla \u00e4r smart designad och gjord av slitstarkt material som g\u00f6r att du kan spela hemma med din&#8230;<\/p>\n","protected":false},"featured_media":24842,"template":"","meta":[],"product_brand":[],"product_cat":[658,656,647],"product_tag":[],"class_list":{"0":"post-24841","1":"product","2":"type-product","3":"status-publish","4":"has-post-thumbnail","6":"product_cat-elektroniska-darttavlor","7":"product_cat-spel-hobby","8":"product_cat-sport-fritid","10":"first","11":"instock","12":"sale","13":"taxable","14":"shipping-taxable","15":"purchasable","16":"product-type-simple"},"yoast_head":"<!-- This site is optimized with the Yoast SEO plugin v25.4 - https:\/\/yoast.com\/wordpress\/plugins\/seo\/ -->\n<title>TRUUSK Elektronisk Darttavla med D\u00f6rrljudeffekter - Automatisk Po\u00e4ngs\u00e4ttning - 26 Spel - 185 Tr\u00e4ffalternativ - F\u00f6r 8 Spelare - 50 - TRUUSK - Hem, Tr\u00e4dg\u00e5rd &amp; Fritid<\/title>\n<meta name=\"robots\" content=\"index, follow, max-snippet:-1, max-image-preview:large, max-video-preview:-1\" \/>\n<link rel=\"canonical\" href=\"https:\/\/truusk.store\/sv\/produkt\/truusk-elektronisk-darttavla-med-dorrljudeffekter-automatisk-poangsattning-26-spel-185-traffalternativ-for-8-spelare-50\/\" \/>\n<meta property=\"og:locale\" content=\"sv_SE\" \/>\n<meta property=\"og:type\" content=\"article\" \/>\n<meta property=\"og:title\" content=\"TRUUSK Elektronisk Darttavla med D\u00f6rrljudeffekter - Automatisk Po\u00e4ngs\u00e4ttning - 26 Spel - 185 Tr\u00e4ffalternativ - F\u00f6r 8 Spelare - 50 - TRUUSK - Hem, Tr\u00e4dg\u00e5rd &amp; Fritid\" \/>\n<meta property=\"og:description\" content=\"V\u00e5r LCD darttavla \u00e4r smart designad och gjord av slitstarkt material som g\u00f6r att du kan spela hemma med din...\" \/>\n<meta property=\"og:url\" content=\"https:\/\/truusk.store\/sv\/produkt\/truusk-elektronisk-darttavla-med-dorrljudeffekter-automatisk-poangsattning-26-spel-185-traffalternativ-for-8-spelare-50\/\" \/>\n<meta property=\"og:site_name\" content=\"TRUUSK - Hem, Tr\u00e4dg\u00e5rd &amp; Fritid\" \/>\n<meta property=\"article:modified_time\" content=\"2026-03-12T08:05:37+00:00\" \/>\n<meta property=\"og:image\" content=\"https:\/\/i0.wp.com\/truusk.se\/wp-content\/uploads\/2024\/02\/elektronisk-darttavla-med-dorrljudeffekter-darttavla-med-automatisk-poangsattning-6-dartsvarta-26-spel-och-185-traffalternativ-for-8-spelare-50-x-44-x-44-cm.webp?fit=800%2C800&ssl=1\" \/>\n\t<meta property=\"og:image:width\" content=\"800\" \/>\n\t<meta property=\"og:image:height\" content=\"800\" \/>\n\t<meta property=\"og:image:type\" content=\"image\/webp\" \/>\n<meta name=\"twitter:card\" content=\"summary_large_image\" \/>\n<meta name=\"twitter:label1\" content=\"Ber\u00e4knad l\u00e4stid\" \/>\n\t<meta name=\"twitter:data1\" content=\"1 minut\" \/>\n<!-- \/ Yoast SEO plugin. -->","yoast_head_json":{"title":"TRUUSK Elektronisk Darttavla med D\u00f6rrljudeffekter - Automatisk Po\u00e4ngs\u00e4ttning - 26 Spel - 185 Tr\u00e4ffalternativ - F\u00f6r 8 Spelare - 50 - TRUUSK - Hem, Tr\u00e4dg\u00e5rd &amp; Fritid","robots":{"index":"index","follow":"follow","max-snippet":"max-snippet:-1","max-image-preview":"max-image-preview:large","max-video-preview":"max-video-preview:-1"},"canonical":"https:\/\/truusk.store\/sv\/produkt\/truusk-elektronisk-darttavla-med-dorrljudeffekter-automatisk-poangsattning-26-spel-185-traffalternativ-for-8-spelare-50\/","og_locale":"sv_SE","og_type":"article","og_title":"TRUUSK Elektronisk Darttavla med D\u00f6rrljudeffekter - Automatisk Po\u00e4ngs\u00e4ttning - 26 Spel - 185 Tr\u00e4ffalternativ - F\u00f6r 8 Spelare - 50 - TRUUSK - Hem, Tr\u00e4dg\u00e5rd &amp; Fritid","og_description":"V\u00e5r LCD darttavla \u00e4r smart designad och gjord av slitstarkt material som g\u00f6r att du kan spela hemma med din...","og_url":"https:\/\/truusk.store\/sv\/produkt\/truusk-elektronisk-darttavla-med-dorrljudeffekter-automatisk-poangsattning-26-spel-185-traffalternativ-for-8-spelare-50\/","og_site_name":"TRUUSK - Hem, Tr\u00e4dg\u00e5rd &amp; Fritid","article_modified_time":"2026-03-12T08:05:37+00:00","og_image":[{"width":800,"height":800,"url":"https:\/\/i0.wp.com\/truusk.se\/wp-content\/uploads\/2024\/02\/elektronisk-darttavla-med-dorrljudeffekter-darttavla-med-automatisk-poangsattning-6-dartsvarta-26-spel-och-185-traffalternativ-for-8-spelare-50-x-44-x-44-cm.webp?fit=800%2C800&ssl=1","type":"image\/webp"}],"twitter_card":"summary_large_image","twitter_misc":{"Ber\u00e4knad l\u00e4stid":"1 minut"},"schema":{"@context":"https:\/\/schema.org","@graph":[{"@type":"WebPage","@id":"https:\/\/truusk.store\/sv\/produkt\/truusk-elektronisk-darttavla-med-dorrljudeffekter-automatisk-poangsattning-26-spel-185-traffalternativ-for-8-spelare-50\/","url":"https:\/\/truusk.store\/sv\/produkt\/truusk-elektronisk-darttavla-med-dorrljudeffekter-automatisk-poangsattning-26-spel-185-traffalternativ-for-8-spelare-50\/","name":"TRUUSK Elektronisk Darttavla med D\u00f6rrljudeffekter - Automatisk Po\u00e4ngs\u00e4ttning - 26 Spel - 185 Tr\u00e4ffalternativ - F\u00f6r 8 Spelare - 50 - TRUUSK - Hem, Tr\u00e4dg\u00e5rd &amp; Fritid","isPartOf":{"@id":"https:\/\/truusk.store\/sv\/#website"},"primaryImageOfPage":{"@id":"https:\/\/truusk.store\/sv\/produkt\/truusk-elektronisk-darttavla-med-dorrljudeffekter-automatisk-poangsattning-26-spel-185-traffalternativ-for-8-spelare-50\/#primaryimage"},"image":{"@id":"https:\/\/truusk.store\/sv\/produkt\/truusk-elektronisk-darttavla-med-dorrljudeffekter-automatisk-poangsattning-26-spel-185-traffalternativ-for-8-spelare-50\/#primaryimage"},"thumbnailUrl":"https:\/\/i0.wp.com\/truusk.store\/wp-content\/uploads\/2024\/02\/elektronisk-darttavla-med-dorrljudeffekter-darttavla-med-automatisk-poangsattning-6-dartsvarta-26-spel-och-185-traffalternativ-for-8-spelare-50-x-44-x-44-cm.webp?fit=800%2C800&ssl=1","datePublished":"2024-02-13T16:36:54+00:00","dateModified":"2026-03-12T08:05:37+00:00","breadcrumb":{"@id":"https:\/\/truusk.store\/sv\/produkt\/truusk-elektronisk-darttavla-med-dorrljudeffekter-automatisk-poangsattning-26-spel-185-traffalternativ-for-8-spelare-50\/#breadcrumb"},"inLanguage":"sv-SE","potentialAction":[{"@type":"ReadAction","target":["https:\/\/truusk.store\/sv\/produkt\/truusk-elektronisk-darttavla-med-dorrljudeffekter-automatisk-poangsattning-26-spel-185-traffalternativ-for-8-spelare-50\/"]}]},{"@type":"ImageObject","inLanguage":"sv-SE","@id":"https:\/\/truusk.store\/sv\/produkt\/truusk-elektronisk-darttavla-med-dorrljudeffekter-automatisk-poangsattning-26-spel-185-traffalternativ-for-8-spelare-50\/#primaryimage","url":"https:\/\/i0.wp.com\/truusk.store\/wp-content\/uploads\/2024\/02\/elektronisk-darttavla-med-dorrljudeffekter-darttavla-med-automatisk-poangsattning-6-dartsvarta-26-spel-och-185-traffalternativ-for-8-spelare-50-x-44-x-44-cm.webp?fit=800%2C800&ssl=1","contentUrl":"https:\/\/i0.wp.com\/truusk.store\/wp-content\/uploads\/2024\/02\/elektronisk-darttavla-med-dorrljudeffekter-darttavla-med-automatisk-poangsattning-6-dartsvarta-26-spel-och-185-traffalternativ-for-8-spelare-50-x-44-x-44-cm.webp?fit=800%2C800&ssl=1","width":800,"height":800,"caption":"Elektronisk Darttavla Med D\u00f6rrljudeffekter Darttavla Med Automatisk Po\u00e4ngs\u00e4ttning 6 Dartsvarta 26 Spel Och 185 Tr\u00e4ffalternativ F\u00f6r 8 Spelare 50 X 44 X 4,4 Cm 1"},{"@type":"BreadcrumbList","@id":"https:\/\/truusk.store\/sv\/produkt\/truusk-elektronisk-darttavla-med-dorrljudeffekter-automatisk-poangsattning-26-spel-185-traffalternativ-for-8-spelare-50\/#breadcrumb","itemListElement":[{"@type":"ListItem","position":1,"name":"Home","item":"https:\/\/truusk.store\/sv\/"},{"@type":"ListItem","position":2,"name":"Shop","item":"https:\/\/truusk.store\/shop\/"},{"@type":"ListItem","position":3,"name":"TRUUSK Elektronisk Darttavla med D\u00f6rrljudeffekter &#8211; Automatisk Po\u00e4ngs\u00e4ttning &#8211; 26 Spel &#8211; 185 Tr\u00e4ffalternativ &#8211; F\u00f6r 8 Spelare &#8211; 50"}]},{"@type":"WebSite","@id":"https:\/\/truusk.store\/sv\/#website","url":"https:\/\/truusk.store\/sv\/","name":"TRUUSK - Hem, Tr\u00e4dg\u00e5rd & Fritid","description":"","publisher":{"@id":"https:\/\/truusk.store\/sv\/#organization"},"potentialAction":[{"@type":"SearchAction","target":{"@type":"EntryPoint","urlTemplate":"https:\/\/truusk.store\/sv\/?s={search_term_string}"},"query-input":{"@type":"PropertyValueSpecification","valueRequired":true,"valueName":"search_term_string"}}],"inLanguage":"sv-SE"},{"@type":"Organization","@id":"https:\/\/truusk.store\/sv\/#organization","name":"TRUUSK - Hem, Tr\u00e4dg\u00e5rd & Fritid","url":"https:\/\/truusk.store\/sv\/","logo":{"@type":"ImageObject","inLanguage":"sv-SE","@id":"https:\/\/truusk.store\/sv\/#\/schema\/logo\/image\/","url":"https:\/\/i0.wp.com\/truusk.store\/wp-content\/uploads\/2026\/03\/cropped-TRUUSK.png?fit=2032%2C917&ssl=1","contentUrl":"https:\/\/i0.wp.com\/truusk.store\/wp-content\/uploads\/2026\/03\/cropped-TRUUSK.png?fit=2032%2C917&ssl=1","width":2032,"height":917,"caption":"TRUUSK - Hem, Tr\u00e4dg\u00e5rd & Fritid"},"image":{"@id":"https:\/\/truusk.store\/sv\/#\/schema\/logo\/image\/"}}]}},"jetpack_sharing_enabled":true,"_links":{"self":[{"href":"https:\/\/truusk.store\/sv\/wp-json\/wp\/v2\/product\/24841","targetHints":{"allow":["GET"]}}],"collection":[{"href":"https:\/\/truusk.store\/sv\/wp-json\/wp\/v2\/product"}],"about":[{"href":"https:\/\/truusk.store\/sv\/wp-json\/wp\/v2\/types\/product"}],"wp:featuredmedia":[{"embeddable":true,"href":"https:\/\/truusk.store\/sv\/wp-json\/wp\/v2\/media\/24842"}],"wp:attachment":[{"href":"https:\/\/truusk.store\/sv\/wp-json\/wp\/v2\/media?parent=24841"}],"wp:term":[{"taxonomy":"product_brand","embeddable":true,"href":"https:\/\/truusk.store\/sv\/wp-json\/wp\/v2\/product_brand?post=24841"},{"taxonomy":"product_cat","embeddable":true,"href":"https:\/\/truusk.store\/sv\/wp-json\/wp\/v2\/product_cat?post=24841"},{"taxonomy":"product_tag","embeddable":true,"href":"https:\/\/truusk.store\/sv\/wp-json\/wp\/v2\/product_tag?post=24841"}],"curies":[{"name":"wp","href":"https:\/\/api.w.org\/{rel}","templated":true}]}}