{"id":24970,"date":"2024-02-13T17:40:59","date_gmt":"2024-02-13T16:40:59","guid":{"rendered":"https:\/\/truusk.store\/product\/pet-stairs-animal-pad-2-steg-hopfallbar-hundtrappa-trappdyna-for-katter-och-hundar-gra-l45-x-b39-x-h20-cm\/"},"modified":"2026-03-12T09:06:07","modified_gmt":"2026-03-12T08:06:07","slug":"truusk-djurtrappa-2-steg-hopfallbar-for-hundar-och-katter-gra-l45-x-b39-x-h20-cm","status":"publish","type":"product","link":"https:\/\/truusk.store\/sv\/produkt\/truusk-djurtrappa-2-steg-hopfallbar-for-hundar-och-katter-gra-l45-x-b39-x-h20-cm\/","title":{"rendered":"TRUUSK Djurtrappa 2 Steg &#8211; Hopf\u00e4llbar &#8211; F\u00f6r Hundar och Katter &#8211; Gr\u00e5 &#8211; L45 x B39 x H20 cm"},"content":{"rendered":"<p>Katttrappan \u00e4r s\u00e4rskilt l\u00e4mplig f\u00f6r \u00e4ldre djur med ledbesv\u00e4r. Det g\u00f6r att du l\u00e4tt n\u00e5r soffan eller andra h\u00f6gre st\u00e4llen. Tack vare 2-i-1-designen kan kuddarna \u00e4ven ordnas s\u00e5 att de kan anv\u00e4ndas som en mysig bas. Det h\u00f6gkvalitativa PU-l\u00e4dret \u00e4r l\u00e4tt att reng\u00f6ra och locket kan tas av vid behov. Kuddarna \u00e4r extra mjuka och bekv\u00e4ma tack vare den tjocka skumstoppningen. Med den neutrala f\u00e4rgen har trappan en hemtrevlig design och passar perfekt in i din inredning.<\/p>\n<h3>Beskrivning:<\/h3>\n<ul>\n<li>\u00c4ldre djur kan l\u00e4tt n\u00e5 soffan eller andra h\u00f6gre st\u00e4llen<\/li>\n<li>De utf\u00e4llda kuddarna ger en bekv\u00e4m bas<\/li>\n<li>Det h\u00f6gkvalitativa PU-l\u00e4dret \u00e4r l\u00e4tt att reng\u00f6ra<\/li>\n<li>Tjock skumvaddering f\u00f6r en s\u00e4rskilt mjuk bas<\/li>\n<li>K\u00e5pan \u00e4r avtagbar<\/li>\n<li>L\u00e4mplig f\u00f6r x-small till sm\u00e5 hundar upp till 7 kg, s\u00e5som Fox Terrier, Welsh Corgi, Cocker Spaniel.<\/li>\n<\/ul>\n<h3>Teknisk data:<\/h3>\n<ul>\n<li>Material: PU-l\u00e4der, skum<\/li>\n<li>F\u00e4rg gr\u00e5<\/li>\n<li>Totalm\u00e5tt (som trappa): L45 x B39 x H20 cm<\/li>\n<li>Totalm\u00e5tt (som bas): L67 x B39 x H10 cm<\/li>\n<li>Vikt: 0,81 kg<\/li>\n<\/ul>\n<h3>Leveransens omfattning:<\/h3>\n<ul>\n<li>1 x djurtrappa;<\/li>\n<\/ul>\n","protected":false},"excerpt":{"rendered":"<p>Katttrappan \u00e4r s\u00e4rskilt l\u00e4mplig f\u00f6r \u00e4ldre djur med ledbesv\u00e4r. Det g\u00f6r att du l\u00e4tt n\u00e5r soffan eller andra h\u00f6gre st\u00e4llen&#8230;.<\/p>\n","protected":false},"featured_media":24971,"template":"","meta":[],"product_brand":[],"product_cat":[574,586,573],"product_tag":[],"class_list":{"0":"post-24970","1":"product","2":"type-product","3":"status-publish","4":"has-post-thumbnail","6":"product_cat-hundtillbehor","7":"product_cat-hundtrappa","8":"product_cat-husdjursmaterial","10":"first","11":"instock","12":"sale","13":"taxable","14":"shipping-taxable","15":"purchasable","16":"product-type-simple"},"yoast_head":"<!-- This site is optimized with the Yoast SEO plugin v25.4 - https:\/\/yoast.com\/wordpress\/plugins\/seo\/ -->\n<title>TRUUSK Djurtrappa 2 Steg - Hopf\u00e4llbar - F\u00f6r Hundar och Katter - Gr\u00e5 - L45 x B39 x H20 cm - TRUUSK - Hem, Tr\u00e4dg\u00e5rd &amp; Fritid<\/title>\n<meta name=\"robots\" content=\"index, follow, max-snippet:-1, max-image-preview:large, max-video-preview:-1\" \/>\n<link rel=\"canonical\" href=\"https:\/\/truusk.store\/sv\/produkt\/truusk-djurtrappa-2-steg-hopfallbar-for-hundar-och-katter-gra-l45-x-b39-x-h20-cm\/\" \/>\n<meta property=\"og:locale\" content=\"sv_SE\" \/>\n<meta property=\"og:type\" content=\"article\" \/>\n<meta property=\"og:title\" content=\"TRUUSK Djurtrappa 2 Steg - Hopf\u00e4llbar - F\u00f6r Hundar och Katter - Gr\u00e5 - L45 x B39 x H20 cm - TRUUSK - Hem, Tr\u00e4dg\u00e5rd &amp; Fritid\" \/>\n<meta property=\"og:description\" content=\"Katttrappan \u00e4r s\u00e4rskilt l\u00e4mplig f\u00f6r \u00e4ldre djur med ledbesv\u00e4r. Det g\u00f6r att du l\u00e4tt n\u00e5r soffan eller andra h\u00f6gre st\u00e4llen....\" \/>\n<meta property=\"og:url\" content=\"https:\/\/truusk.store\/sv\/produkt\/truusk-djurtrappa-2-steg-hopfallbar-for-hundar-och-katter-gra-l45-x-b39-x-h20-cm\/\" \/>\n<meta property=\"og:site_name\" content=\"TRUUSK - Hem, Tr\u00e4dg\u00e5rd &amp; Fritid\" \/>\n<meta property=\"article:modified_time\" content=\"2026-03-12T08:06:07+00:00\" \/>\n<meta property=\"og:image\" content=\"https:\/\/i0.wp.com\/truusk.se\/wp-content\/uploads\/2024\/02\/pet-stairs-animal-pad-2-steg-hopfallbar-hundtrappa-trappdyna-for-katter-och-hundar-gra-l45-x-b39-x-h20-cm.webp?fit=800%2C800&ssl=1\" \/>\n\t<meta property=\"og:image:width\" content=\"800\" \/>\n\t<meta property=\"og:image:height\" content=\"800\" \/>\n\t<meta property=\"og:image:type\" content=\"image\/webp\" \/>\n<meta name=\"twitter:card\" content=\"summary_large_image\" \/>\n<meta name=\"twitter:label1\" content=\"Ber\u00e4knad l\u00e4stid\" \/>\n\t<meta name=\"twitter:data1\" content=\"1 minut\" \/>\n<!-- \/ Yoast SEO plugin. -->","yoast_head_json":{"title":"TRUUSK Djurtrappa 2 Steg - Hopf\u00e4llbar - F\u00f6r Hundar och Katter - Gr\u00e5 - L45 x B39 x H20 cm - TRUUSK - Hem, Tr\u00e4dg\u00e5rd &amp; Fritid","robots":{"index":"index","follow":"follow","max-snippet":"max-snippet:-1","max-image-preview":"max-image-preview:large","max-video-preview":"max-video-preview:-1"},"canonical":"https:\/\/truusk.store\/sv\/produkt\/truusk-djurtrappa-2-steg-hopfallbar-for-hundar-och-katter-gra-l45-x-b39-x-h20-cm\/","og_locale":"sv_SE","og_type":"article","og_title":"TRUUSK Djurtrappa 2 Steg - Hopf\u00e4llbar - F\u00f6r Hundar och Katter - Gr\u00e5 - L45 x B39 x H20 cm - TRUUSK - Hem, Tr\u00e4dg\u00e5rd &amp; Fritid","og_description":"Katttrappan \u00e4r s\u00e4rskilt l\u00e4mplig f\u00f6r \u00e4ldre djur med ledbesv\u00e4r. Det g\u00f6r att du l\u00e4tt n\u00e5r soffan eller andra h\u00f6gre st\u00e4llen....","og_url":"https:\/\/truusk.store\/sv\/produkt\/truusk-djurtrappa-2-steg-hopfallbar-for-hundar-och-katter-gra-l45-x-b39-x-h20-cm\/","og_site_name":"TRUUSK - Hem, Tr\u00e4dg\u00e5rd &amp; Fritid","article_modified_time":"2026-03-12T08:06:07+00:00","og_image":[{"width":800,"height":800,"url":"https:\/\/i0.wp.com\/truusk.se\/wp-content\/uploads\/2024\/02\/pet-stairs-animal-pad-2-steg-hopfallbar-hundtrappa-trappdyna-for-katter-och-hundar-gra-l45-x-b39-x-h20-cm.webp?fit=800%2C800&ssl=1","type":"image\/webp"}],"twitter_card":"summary_large_image","twitter_misc":{"Ber\u00e4knad l\u00e4stid":"1 minut"},"schema":{"@context":"https:\/\/schema.org","@graph":[{"@type":"WebPage","@id":"https:\/\/truusk.store\/sv\/produkt\/truusk-djurtrappa-2-steg-hopfallbar-for-hundar-och-katter-gra-l45-x-b39-x-h20-cm\/","url":"https:\/\/truusk.store\/sv\/produkt\/truusk-djurtrappa-2-steg-hopfallbar-for-hundar-och-katter-gra-l45-x-b39-x-h20-cm\/","name":"TRUUSK Djurtrappa 2 Steg - Hopf\u00e4llbar - F\u00f6r Hundar och Katter - Gr\u00e5 - L45 x B39 x H20 cm - TRUUSK - Hem, Tr\u00e4dg\u00e5rd &amp; Fritid","isPartOf":{"@id":"https:\/\/truusk.store\/sv\/#website"},"primaryImageOfPage":{"@id":"https:\/\/truusk.store\/sv\/produkt\/truusk-djurtrappa-2-steg-hopfallbar-for-hundar-och-katter-gra-l45-x-b39-x-h20-cm\/#primaryimage"},"image":{"@id":"https:\/\/truusk.store\/sv\/produkt\/truusk-djurtrappa-2-steg-hopfallbar-for-hundar-och-katter-gra-l45-x-b39-x-h20-cm\/#primaryimage"},"thumbnailUrl":"https:\/\/i0.wp.com\/truusk.store\/wp-content\/uploads\/2024\/02\/pet-stairs-animal-pad-2-steg-hopfallbar-hundtrappa-trappdyna-for-katter-och-hundar-gra-l45-x-b39-x-h20-cm.webp?fit=800%2C800&ssl=1","datePublished":"2024-02-13T16:40:59+00:00","dateModified":"2026-03-12T08:06:07+00:00","breadcrumb":{"@id":"https:\/\/truusk.store\/sv\/produkt\/truusk-djurtrappa-2-steg-hopfallbar-for-hundar-och-katter-gra-l45-x-b39-x-h20-cm\/#breadcrumb"},"inLanguage":"sv-SE","potentialAction":[{"@type":"ReadAction","target":["https:\/\/truusk.store\/sv\/produkt\/truusk-djurtrappa-2-steg-hopfallbar-for-hundar-och-katter-gra-l45-x-b39-x-h20-cm\/"]}]},{"@type":"ImageObject","inLanguage":"sv-SE","@id":"https:\/\/truusk.store\/sv\/produkt\/truusk-djurtrappa-2-steg-hopfallbar-for-hundar-och-katter-gra-l45-x-b39-x-h20-cm\/#primaryimage","url":"https:\/\/i0.wp.com\/truusk.store\/wp-content\/uploads\/2024\/02\/pet-stairs-animal-pad-2-steg-hopfallbar-hundtrappa-trappdyna-for-katter-och-hundar-gra-l45-x-b39-x-h20-cm.webp?fit=800%2C800&ssl=1","contentUrl":"https:\/\/i0.wp.com\/truusk.store\/wp-content\/uploads\/2024\/02\/pet-stairs-animal-pad-2-steg-hopfallbar-hundtrappa-trappdyna-for-katter-och-hundar-gra-l45-x-b39-x-h20-cm.webp?fit=800%2C800&ssl=1","width":800,"height":800,"caption":"Pet Stairs Animal Pad 2 Steg Hopf\u00e4llbar Hundtrappa Trappdyna F\u00f6r Katter Och Hundar Gr\u00e5 L45 X B39 X H20 Cm 1"},{"@type":"BreadcrumbList","@id":"https:\/\/truusk.store\/sv\/produkt\/truusk-djurtrappa-2-steg-hopfallbar-for-hundar-och-katter-gra-l45-x-b39-x-h20-cm\/#breadcrumb","itemListElement":[{"@type":"ListItem","position":1,"name":"Home","item":"https:\/\/truusk.store\/sv\/"},{"@type":"ListItem","position":2,"name":"Shop","item":"https:\/\/truusk.store\/shop\/"},{"@type":"ListItem","position":3,"name":"TRUUSK Djurtrappa 2 Steg &#8211; Hopf\u00e4llbar &#8211; F\u00f6r Hundar och Katter &#8211; Gr\u00e5 &#8211; L45 x B39 x H20 cm"}]},{"@type":"WebSite","@id":"https:\/\/truusk.store\/sv\/#website","url":"https:\/\/truusk.store\/sv\/","name":"TRUUSK - Hem, Tr\u00e4dg\u00e5rd & Fritid","description":"","publisher":{"@id":"https:\/\/truusk.store\/sv\/#organization"},"potentialAction":[{"@type":"SearchAction","target":{"@type":"EntryPoint","urlTemplate":"https:\/\/truusk.store\/sv\/?s={search_term_string}"},"query-input":{"@type":"PropertyValueSpecification","valueRequired":true,"valueName":"search_term_string"}}],"inLanguage":"sv-SE"},{"@type":"Organization","@id":"https:\/\/truusk.store\/sv\/#organization","name":"TRUUSK - Hem, Tr\u00e4dg\u00e5rd & Fritid","url":"https:\/\/truusk.store\/sv\/","logo":{"@type":"ImageObject","inLanguage":"sv-SE","@id":"https:\/\/truusk.store\/sv\/#\/schema\/logo\/image\/","url":"https:\/\/i0.wp.com\/truusk.store\/wp-content\/uploads\/2026\/03\/cropped-TRUUSK.png?fit=2032%2C917&ssl=1","contentUrl":"https:\/\/i0.wp.com\/truusk.store\/wp-content\/uploads\/2026\/03\/cropped-TRUUSK.png?fit=2032%2C917&ssl=1","width":2032,"height":917,"caption":"TRUUSK - Hem, Tr\u00e4dg\u00e5rd & Fritid"},"image":{"@id":"https:\/\/truusk.store\/sv\/#\/schema\/logo\/image\/"}}]}},"jetpack_sharing_enabled":true,"_links":{"self":[{"href":"https:\/\/truusk.store\/sv\/wp-json\/wp\/v2\/product\/24970","targetHints":{"allow":["GET"]}}],"collection":[{"href":"https:\/\/truusk.store\/sv\/wp-json\/wp\/v2\/product"}],"about":[{"href":"https:\/\/truusk.store\/sv\/wp-json\/wp\/v2\/types\/product"}],"wp:featuredmedia":[{"embeddable":true,"href":"https:\/\/truusk.store\/sv\/wp-json\/wp\/v2\/media\/24971"}],"wp:attachment":[{"href":"https:\/\/truusk.store\/sv\/wp-json\/wp\/v2\/media?parent=24970"}],"wp:term":[{"taxonomy":"product_brand","embeddable":true,"href":"https:\/\/truusk.store\/sv\/wp-json\/wp\/v2\/product_brand?post=24970"},{"taxonomy":"product_cat","embeddable":true,"href":"https:\/\/truusk.store\/sv\/wp-json\/wp\/v2\/product_cat?post=24970"},{"taxonomy":"product_tag","embeddable":true,"href":"https:\/\/truusk.store\/sv\/wp-json\/wp\/v2\/product_tag?post=24970"}],"curies":[{"name":"wp","href":"https:\/\/api.w.org\/{rel}","templated":true}]}}