{"id":25046,"date":"2024-02-13T17:43:13","date_gmt":"2024-02-13T16:43:13","guid":{"rendered":"https:\/\/truusk.store\/product\/vaggslangbox-slangupprullare-180-svangbar-med-multidusch-frostskydd-545-c-plast-gron-svart-10-m\/"},"modified":"2026-03-12T09:06:07","modified_gmt":"2026-03-12T08:06:07","slug":"truusk-vaggslangbox-180-svingbar-med-multidusch-frostskydd-5-45c-plast-gron-svart-10-m","status":"publish","type":"product","link":"https:\/\/truusk.store\/sv\/produkt\/truusk-vaggslangbox-180-svingbar-med-multidusch-frostskydd-5-45c-plast-gron-svart-10-m\/","title":{"rendered":"TRUUSK V\u00e4ggslangbox 180\u00b0 Svingbar med Multidusch &#8211; Frostskydd &#8211; 5-45\u00b0C &#8211; Plast &#8211; Gr\u00f6n + Svart &#8211; 10 m"},"content":{"rendered":"<p>Denna tr\u00e4dg\u00e5rdsslangrulle rymmer en 10 meter l\u00e5ng, robust tr\u00e4dg\u00e5rdsslang som enkelt kan rullas ihop och rullas ut. Du kan st\u00e4lla in \u00f6nskad l\u00e4ngd i f\u00f6rv\u00e4g och sedan f\u00e4sta den p\u00e5 tr\u00e4dg\u00e5rdsslangen med proppen. Inget kommer att trassla ihop sig h\u00e4r l\u00e4ngre! Den flyttbara tr\u00e4dg\u00e5rdsslangsdispensern r\u00f6r sig med dig, s\u00e5 att du kan arbeta i alla riktningar utan att tr\u00e4dg\u00e5rdsslangen veck. Tack vare den underbara frostskyddsfunktionen kan du anv\u00e4nda multiduschen f\u00f6r att vattna v\u00e4xterna i tr\u00e4dg\u00e5rden eller tv\u00e4tta bilen \u00e4ven vid temperaturer ner till -5 C.<\/p>\n<h3>Beskrivning:<\/h3>\n<ul>\n<li>Tillverkad av robust plast av h\u00f6g kvalitet<\/li>\n<li>Integrerad propp fixerar tr\u00e4dg\u00e5rdsslangen p\u00e5 r\u00e4tt plats<\/li>\n<li>J\u00e4mn, s\u00e4ker indragning av slangen<\/li>\n<li>V\u00e4ggmontering m\u00f6jlig<\/li>\n<li>Kan flyttas i sidled 180\u00b0 f\u00f6r flexibel anv\u00e4ndning utan att b\u00f6jas<\/li>\n<li>Utrustad med en multidusch med 7 jettyper<\/li>\n<li>Utrymmesbesparande f\u00f6rvaring<\/li>\n<li>Integrerat b\u00e4rhandtag f\u00f6r bekv\u00e4m transport<\/li>\n<\/ul>\n<h3>Teknisk data:<\/h3>\n<ul>\n<li>Material: plast, PVC<\/li>\n<li>F\u00e4rg: Gr\u00f6n + Svart<\/li>\n<li>Vikt: 3,9 kg<\/li>\n<li>\u00d6vergripande m\u00e5tt: L28 x B14 x H34 cm<\/li>\n<li>Slangl\u00e4ngd: 10 m<\/li>\n<li>Normaltryck: 10 bar<\/li>\n<li>Maxtryck: 30 bar<\/li>\n<li>R\u00f6rdiameter: innerdiameter 8 mm, ytterdiameter 12 mm<\/li>\n<li>Drifttemperatur: -545 C<\/li>\n<\/ul>\n<h3>Leveransens omfattning:<\/h3>\n<ul>\n<li>1 x V\u00e4ggslangupprullare<\/li>\n<li>4 x pluggar<\/li>\n<\/ul>\n","protected":false},"excerpt":{"rendered":"<p>Denna tr\u00e4dg\u00e5rdsslangrulle rymmer en 10 meter l\u00e5ng, robust tr\u00e4dg\u00e5rdsslang som enkelt kan rullas ihop och rullas ut. Du kan st\u00e4lla&#8230;<\/p>\n","protected":false},"featured_media":25047,"template":"","meta":[],"product_brand":[],"product_cat":[435,449,443],"product_tag":[],"class_list":{"0":"post-25046","1":"product","2":"type-product","3":"status-publish","4":"has-post-thumbnail","6":"product_cat-tradgard-och-terrass","7":"product_cat-tradgardsslangar","8":"product_cat-vaxthus-tradgardsskotsel","10":"first","11":"instock","12":"sale","13":"taxable","14":"shipping-taxable","15":"purchasable","16":"product-type-simple"},"yoast_head":"<!-- This site is optimized with the Yoast SEO plugin v25.4 - https:\/\/yoast.com\/wordpress\/plugins\/seo\/ -->\n<title>TRUUSK V\u00e4ggslangbox 180\u00b0 Svingbar med Multidusch - Frostskydd - 5-45\u00b0C - Plast - Gr\u00f6n + Svart - 10 m - TRUUSK - Hem, Tr\u00e4dg\u00e5rd &amp; Fritid<\/title>\n<meta name=\"robots\" content=\"index, follow, max-snippet:-1, max-image-preview:large, max-video-preview:-1\" \/>\n<link rel=\"canonical\" href=\"https:\/\/truusk.store\/sv\/produkt\/truusk-vaggslangbox-180-svingbar-med-multidusch-frostskydd-5-45c-plast-gron-svart-10-m\/\" \/>\n<meta property=\"og:locale\" content=\"sv_SE\" \/>\n<meta property=\"og:type\" content=\"article\" \/>\n<meta property=\"og:title\" content=\"TRUUSK V\u00e4ggslangbox 180\u00b0 Svingbar med Multidusch - Frostskydd - 5-45\u00b0C - Plast - Gr\u00f6n + Svart - 10 m - TRUUSK - Hem, Tr\u00e4dg\u00e5rd &amp; Fritid\" \/>\n<meta property=\"og:description\" content=\"Denna tr\u00e4dg\u00e5rdsslangrulle rymmer en 10 meter l\u00e5ng, robust tr\u00e4dg\u00e5rdsslang som enkelt kan rullas ihop och rullas ut. Du kan st\u00e4lla...\" \/>\n<meta property=\"og:url\" content=\"https:\/\/truusk.store\/sv\/produkt\/truusk-vaggslangbox-180-svingbar-med-multidusch-frostskydd-5-45c-plast-gron-svart-10-m\/\" \/>\n<meta property=\"og:site_name\" content=\"TRUUSK - Hem, Tr\u00e4dg\u00e5rd &amp; Fritid\" \/>\n<meta property=\"article:modified_time\" content=\"2026-03-12T08:06:07+00:00\" \/>\n<meta property=\"og:image\" content=\"https:\/\/i0.wp.com\/truusk.se\/wp-content\/uploads\/2024\/02\/vaggslangbox-slangupprullare-180-svangbar-med-multidusch-frostskydd-545-c-plast-gron-svart-10-m.webp?fit=800%2C800&ssl=1\" \/>\n\t<meta property=\"og:image:width\" content=\"800\" \/>\n\t<meta property=\"og:image:height\" content=\"800\" \/>\n\t<meta property=\"og:image:type\" content=\"image\/webp\" \/>\n<meta name=\"twitter:card\" content=\"summary_large_image\" \/>\n<meta name=\"twitter:label1\" content=\"Ber\u00e4knad l\u00e4stid\" \/>\n\t<meta name=\"twitter:data1\" content=\"1 minut\" \/>\n<!-- \/ Yoast SEO plugin. -->","yoast_head_json":{"title":"TRUUSK V\u00e4ggslangbox 180\u00b0 Svingbar med Multidusch - Frostskydd - 5-45\u00b0C - Plast - Gr\u00f6n + Svart - 10 m - TRUUSK - Hem, Tr\u00e4dg\u00e5rd &amp; Fritid","robots":{"index":"index","follow":"follow","max-snippet":"max-snippet:-1","max-image-preview":"max-image-preview:large","max-video-preview":"max-video-preview:-1"},"canonical":"https:\/\/truusk.store\/sv\/produkt\/truusk-vaggslangbox-180-svingbar-med-multidusch-frostskydd-5-45c-plast-gron-svart-10-m\/","og_locale":"sv_SE","og_type":"article","og_title":"TRUUSK V\u00e4ggslangbox 180\u00b0 Svingbar med Multidusch - Frostskydd - 5-45\u00b0C - Plast - Gr\u00f6n + Svart - 10 m - TRUUSK - Hem, Tr\u00e4dg\u00e5rd &amp; Fritid","og_description":"Denna tr\u00e4dg\u00e5rdsslangrulle rymmer en 10 meter l\u00e5ng, robust tr\u00e4dg\u00e5rdsslang som enkelt kan rullas ihop och rullas ut. Du kan st\u00e4lla...","og_url":"https:\/\/truusk.store\/sv\/produkt\/truusk-vaggslangbox-180-svingbar-med-multidusch-frostskydd-5-45c-plast-gron-svart-10-m\/","og_site_name":"TRUUSK - Hem, Tr\u00e4dg\u00e5rd &amp; Fritid","article_modified_time":"2026-03-12T08:06:07+00:00","og_image":[{"width":800,"height":800,"url":"https:\/\/i0.wp.com\/truusk.se\/wp-content\/uploads\/2024\/02\/vaggslangbox-slangupprullare-180-svangbar-med-multidusch-frostskydd-545-c-plast-gron-svart-10-m.webp?fit=800%2C800&ssl=1","type":"image\/webp"}],"twitter_card":"summary_large_image","twitter_misc":{"Ber\u00e4knad l\u00e4stid":"1 minut"},"schema":{"@context":"https:\/\/schema.org","@graph":[{"@type":"WebPage","@id":"https:\/\/truusk.store\/sv\/produkt\/truusk-vaggslangbox-180-svingbar-med-multidusch-frostskydd-5-45c-plast-gron-svart-10-m\/","url":"https:\/\/truusk.store\/sv\/produkt\/truusk-vaggslangbox-180-svingbar-med-multidusch-frostskydd-5-45c-plast-gron-svart-10-m\/","name":"TRUUSK V\u00e4ggslangbox 180\u00b0 Svingbar med Multidusch - Frostskydd - 5-45\u00b0C - Plast - Gr\u00f6n + Svart - 10 m - TRUUSK - Hem, Tr\u00e4dg\u00e5rd &amp; Fritid","isPartOf":{"@id":"https:\/\/truusk.store\/sv\/#website"},"primaryImageOfPage":{"@id":"https:\/\/truusk.store\/sv\/produkt\/truusk-vaggslangbox-180-svingbar-med-multidusch-frostskydd-5-45c-plast-gron-svart-10-m\/#primaryimage"},"image":{"@id":"https:\/\/truusk.store\/sv\/produkt\/truusk-vaggslangbox-180-svingbar-med-multidusch-frostskydd-5-45c-plast-gron-svart-10-m\/#primaryimage"},"thumbnailUrl":"https:\/\/i0.wp.com\/truusk.store\/wp-content\/uploads\/2024\/02\/vaggslangbox-slangupprullare-180-svangbar-med-multidusch-frostskydd-545-c-plast-gron-svart-10-m.webp?fit=800%2C800&ssl=1","datePublished":"2024-02-13T16:43:13+00:00","dateModified":"2026-03-12T08:06:07+00:00","breadcrumb":{"@id":"https:\/\/truusk.store\/sv\/produkt\/truusk-vaggslangbox-180-svingbar-med-multidusch-frostskydd-5-45c-plast-gron-svart-10-m\/#breadcrumb"},"inLanguage":"sv-SE","potentialAction":[{"@type":"ReadAction","target":["https:\/\/truusk.store\/sv\/produkt\/truusk-vaggslangbox-180-svingbar-med-multidusch-frostskydd-5-45c-plast-gron-svart-10-m\/"]}]},{"@type":"ImageObject","inLanguage":"sv-SE","@id":"https:\/\/truusk.store\/sv\/produkt\/truusk-vaggslangbox-180-svingbar-med-multidusch-frostskydd-5-45c-plast-gron-svart-10-m\/#primaryimage","url":"https:\/\/i0.wp.com\/truusk.store\/wp-content\/uploads\/2024\/02\/vaggslangbox-slangupprullare-180-svangbar-med-multidusch-frostskydd-545-c-plast-gron-svart-10-m.webp?fit=800%2C800&ssl=1","contentUrl":"https:\/\/i0.wp.com\/truusk.store\/wp-content\/uploads\/2024\/02\/vaggslangbox-slangupprullare-180-svangbar-med-multidusch-frostskydd-545-c-plast-gron-svart-10-m.webp?fit=800%2C800&ssl=1","width":800,"height":800,"caption":"V\u00e4ggslangbox Slangupprullare 180 Sv\u00e4ngbar Med Multidusch Frostskydd -545 C Plast Gr\u00f6n + Svart 10 M 1"},{"@type":"BreadcrumbList","@id":"https:\/\/truusk.store\/sv\/produkt\/truusk-vaggslangbox-180-svingbar-med-multidusch-frostskydd-5-45c-plast-gron-svart-10-m\/#breadcrumb","itemListElement":[{"@type":"ListItem","position":1,"name":"Home","item":"https:\/\/truusk.store\/sv\/"},{"@type":"ListItem","position":2,"name":"Shop","item":"https:\/\/truusk.store\/shop\/"},{"@type":"ListItem","position":3,"name":"TRUUSK V\u00e4ggslangbox 180\u00b0 Svingbar med Multidusch &#8211; Frostskydd &#8211; 5-45\u00b0C &#8211; Plast &#8211; Gr\u00f6n + Svart &#8211; 10 m"}]},{"@type":"WebSite","@id":"https:\/\/truusk.store\/sv\/#website","url":"https:\/\/truusk.store\/sv\/","name":"TRUUSK - Hem, Tr\u00e4dg\u00e5rd & Fritid","description":"","publisher":{"@id":"https:\/\/truusk.store\/sv\/#organization"},"potentialAction":[{"@type":"SearchAction","target":{"@type":"EntryPoint","urlTemplate":"https:\/\/truusk.store\/sv\/?s={search_term_string}"},"query-input":{"@type":"PropertyValueSpecification","valueRequired":true,"valueName":"search_term_string"}}],"inLanguage":"sv-SE"},{"@type":"Organization","@id":"https:\/\/truusk.store\/sv\/#organization","name":"TRUUSK - Hem, Tr\u00e4dg\u00e5rd & Fritid","url":"https:\/\/truusk.store\/sv\/","logo":{"@type":"ImageObject","inLanguage":"sv-SE","@id":"https:\/\/truusk.store\/sv\/#\/schema\/logo\/image\/","url":"https:\/\/i0.wp.com\/truusk.store\/wp-content\/uploads\/2026\/03\/cropped-TRUUSK.png?fit=2032%2C917&ssl=1","contentUrl":"https:\/\/i0.wp.com\/truusk.store\/wp-content\/uploads\/2026\/03\/cropped-TRUUSK.png?fit=2032%2C917&ssl=1","width":2032,"height":917,"caption":"TRUUSK - Hem, Tr\u00e4dg\u00e5rd & Fritid"},"image":{"@id":"https:\/\/truusk.store\/sv\/#\/schema\/logo\/image\/"}}]}},"jetpack_sharing_enabled":true,"_links":{"self":[{"href":"https:\/\/truusk.store\/sv\/wp-json\/wp\/v2\/product\/25046","targetHints":{"allow":["GET"]}}],"collection":[{"href":"https:\/\/truusk.store\/sv\/wp-json\/wp\/v2\/product"}],"about":[{"href":"https:\/\/truusk.store\/sv\/wp-json\/wp\/v2\/types\/product"}],"wp:featuredmedia":[{"embeddable":true,"href":"https:\/\/truusk.store\/sv\/wp-json\/wp\/v2\/media\/25047"}],"wp:attachment":[{"href":"https:\/\/truusk.store\/sv\/wp-json\/wp\/v2\/media?parent=25046"}],"wp:term":[{"taxonomy":"product_brand","embeddable":true,"href":"https:\/\/truusk.store\/sv\/wp-json\/wp\/v2\/product_brand?post=25046"},{"taxonomy":"product_cat","embeddable":true,"href":"https:\/\/truusk.store\/sv\/wp-json\/wp\/v2\/product_cat?post=25046"},{"taxonomy":"product_tag","embeddable":true,"href":"https:\/\/truusk.store\/sv\/wp-json\/wp\/v2\/product_tag?post=25046"}],"curies":[{"name":"wp","href":"https:\/\/api.w.org\/{rel}","templated":true}]}}