{"id":25144,"date":"2024-02-13T17:46:39","date_gmt":"2024-02-13T16:46:39","guid":{"rendered":"https:\/\/truusk.store\/product\/sparrgrind-for-hundar-skyddsgrind-hundgrind-dorrskydd-3-element-inklusive-sakerhetsdorr-vaggmonterat-lage-for-oppen-spis-ugn-metall-vit-180-x-3-x-745-cm\/"},"modified":"2026-03-12T09:06:11","modified_gmt":"2026-03-12T08:06:11","slug":"truusk-sparrgrind-for-hundar-skyddsgrind-med-sakerhetsdorr-vaggmonterat-metall-vit-180-x-3-x-745-cm","status":"publish","type":"product","link":"https:\/\/truusk.store\/sv\/produkt\/truusk-sparrgrind-for-hundar-skyddsgrind-med-sakerhetsdorr-vaggmonterat-metall-vit-180-x-3-x-745-cm\/","title":{"rendered":"TRUUSK Sp\u00e4rrgrind f\u00f6r Hundar &#8211; Skyddsgrind med S\u00e4kerhetsd\u00f6rr &#8211; V\u00e4ggmonterat &#8211; Metall Vit &#8211; 180 x 3 x 74,5 cm"},"content":{"rendered":"<p>Denna hundgrind \u00e4r designad f\u00f6r att skapa ett s\u00e4kert och bekv\u00e4mt utrymme f\u00f6r dina h\u00e4rliga lurviga v\u00e4nner. Den kan anv\u00e4ndas som lekhage f\u00f6r husdjur, s\u00e4kerhetsgrind, ugn och julgransst\u00e4ngsel och till och med en rumsavdelare. Den vikbara designen g\u00f6r lekhagen l\u00e4tt att transportera och f\u00f6rvara n\u00e4r den inte anv\u00e4nds. Ge ditt husdjur ett hem med denna barri\u00e4r!<\/p>\n<h3>Beskrivning:<\/h3>\n<ul>\n<li>Kan v\u00e4ggmonteras med de medf\u00f6ljande tillbeh\u00f6ren<\/li>\n<li>Kan anv\u00e4ndas som lekhage f\u00f6r husdjur, s\u00e4kerhetsgrind, jul- och ugnsstaket, rumsavdelare etc<\/li>\n<li>Porten kan st\u00e4ngas automatiskt n\u00e4r dess \u00f6ppningsvinkel \u00e4r mindre \u00e4n 90 och f\u00f6rbli \u00f6ppen n\u00e4r den \u00f6verstiger 90 (grinden st\u00e4ngs inte om dess vinkel \u00e4r mindre \u00e4n 15)<\/li>\n<li>Denna husdjursgrind kan formas till vilken form du vill, L-form, U-form etc<\/li>\n<li>Dra tillbaka knappen och lyft f\u00f6r att \u00f6ppna d\u00f6rren<\/li>\n<li>Stark metallram med pulverlackerad yta, giftfri och h\u00e5llbar f\u00f6r l\u00e5ngvarig anv\u00e4ndning<\/li>\n<li>Hopf\u00e4llbar design f\u00f6r enkel f\u00f6rvaring och transport<\/li>\n<li>L\u00e4mplig f\u00f6r sm\u00e5 och medelstora hundar med en axelh\u00f6jd p\u00e5 25 till 50 cm<\/li>\n<\/ul>\n<h3>Teknisk data:<\/h3>\n<ul>\n<li>F\u00e4rg vit<\/li>\n<li>Material: metall, plast<\/li>\n<li>Fullt ut\u00f6kad storlek: 180L x 3W x 74,5H cm<\/li>\n<li>Vikm\u00e5tt: 60L x 7W x 74,5H cm<\/li>\n<li>Storlek i ett stycke: 60L x 3W x 74,5H cm<\/li>\n<li>Zune-avst\u00e5nd: 5,8 cm<\/li>\n<li>Antal paneler: 3<\/li>\n<\/ul>\n<h3>Leveransens omfattning:<\/h3>\n<ul>\n<li>1 x d\u00f6rrskydd<\/li>\n<li>1 x Instruktioner<\/li>\n<\/ul>\n","protected":false},"excerpt":{"rendered":"<p>Denna hundgrind \u00e4r designad f\u00f6r att skapa ett s\u00e4kert och bekv\u00e4mt utrymme f\u00f6r dina h\u00e4rliga lurviga v\u00e4nner. Den kan anv\u00e4ndas&#8230;<\/p>\n","protected":false},"featured_media":25145,"template":"","meta":[],"product_brand":[],"product_cat":[577,574,573],"product_tag":[],"class_list":{"0":"post-25144","1":"product","2":"type-product","3":"status-publish","4":"has-post-thumbnail","6":"product_cat-hundgrindar-avdelare","7":"product_cat-hundtillbehor","8":"product_cat-husdjursmaterial","10":"first","11":"instock","12":"sale","13":"taxable","14":"shipping-taxable","15":"purchasable","16":"product-type-simple"},"yoast_head":"<!-- This site is optimized with the Yoast SEO plugin v25.4 - https:\/\/yoast.com\/wordpress\/plugins\/seo\/ -->\n<title>TRUUSK Sp\u00e4rrgrind f\u00f6r Hundar - Skyddsgrind med S\u00e4kerhetsd\u00f6rr - V\u00e4ggmonterat - Metall Vit - 180 x 3 x 74,5 cm - TRUUSK - Hem, Tr\u00e4dg\u00e5rd &amp; Fritid<\/title>\n<meta name=\"robots\" content=\"index, follow, max-snippet:-1, max-image-preview:large, max-video-preview:-1\" \/>\n<link rel=\"canonical\" href=\"https:\/\/truusk.store\/sv\/produkt\/truusk-sparrgrind-for-hundar-skyddsgrind-med-sakerhetsdorr-vaggmonterat-metall-vit-180-x-3-x-745-cm\/\" \/>\n<meta property=\"og:locale\" content=\"sv_SE\" \/>\n<meta property=\"og:type\" content=\"article\" \/>\n<meta property=\"og:title\" content=\"TRUUSK Sp\u00e4rrgrind f\u00f6r Hundar - Skyddsgrind med S\u00e4kerhetsd\u00f6rr - V\u00e4ggmonterat - Metall Vit - 180 x 3 x 74,5 cm - TRUUSK - Hem, Tr\u00e4dg\u00e5rd &amp; Fritid\" \/>\n<meta property=\"og:description\" content=\"Denna hundgrind \u00e4r designad f\u00f6r att skapa ett s\u00e4kert och bekv\u00e4mt utrymme f\u00f6r dina h\u00e4rliga lurviga v\u00e4nner. Den kan anv\u00e4ndas...\" \/>\n<meta property=\"og:url\" content=\"https:\/\/truusk.store\/sv\/produkt\/truusk-sparrgrind-for-hundar-skyddsgrind-med-sakerhetsdorr-vaggmonterat-metall-vit-180-x-3-x-745-cm\/\" \/>\n<meta property=\"og:site_name\" content=\"TRUUSK - Hem, Tr\u00e4dg\u00e5rd &amp; Fritid\" \/>\n<meta property=\"article:modified_time\" content=\"2026-03-12T08:06:11+00:00\" \/>\n<meta property=\"og:image\" content=\"https:\/\/i0.wp.com\/truusk.se\/wp-content\/uploads\/2024\/02\/sparrgrind-for-hundar-skyddsgrind-hundgrind-dorrskydd-3-element-inklusive-sakerhetsdorr-vaggmonterat-lage-for-oppen-spis-ugn-metall-vit-180-x-3-x-745-cm.webp?fit=800%2C800&ssl=1\" \/>\n\t<meta property=\"og:image:width\" content=\"800\" \/>\n\t<meta property=\"og:image:height\" content=\"800\" \/>\n\t<meta property=\"og:image:type\" content=\"image\/webp\" \/>\n<meta name=\"twitter:card\" content=\"summary_large_image\" \/>\n<meta name=\"twitter:label1\" content=\"Ber\u00e4knad l\u00e4stid\" \/>\n\t<meta name=\"twitter:data1\" content=\"1 minut\" \/>\n<!-- \/ Yoast SEO plugin. -->","yoast_head_json":{"title":"TRUUSK Sp\u00e4rrgrind f\u00f6r Hundar - Skyddsgrind med S\u00e4kerhetsd\u00f6rr - V\u00e4ggmonterat - Metall Vit - 180 x 3 x 74,5 cm - TRUUSK - Hem, Tr\u00e4dg\u00e5rd &amp; Fritid","robots":{"index":"index","follow":"follow","max-snippet":"max-snippet:-1","max-image-preview":"max-image-preview:large","max-video-preview":"max-video-preview:-1"},"canonical":"https:\/\/truusk.store\/sv\/produkt\/truusk-sparrgrind-for-hundar-skyddsgrind-med-sakerhetsdorr-vaggmonterat-metall-vit-180-x-3-x-745-cm\/","og_locale":"sv_SE","og_type":"article","og_title":"TRUUSK Sp\u00e4rrgrind f\u00f6r Hundar - Skyddsgrind med S\u00e4kerhetsd\u00f6rr - V\u00e4ggmonterat - Metall Vit - 180 x 3 x 74,5 cm - TRUUSK - Hem, Tr\u00e4dg\u00e5rd &amp; Fritid","og_description":"Denna hundgrind \u00e4r designad f\u00f6r att skapa ett s\u00e4kert och bekv\u00e4mt utrymme f\u00f6r dina h\u00e4rliga lurviga v\u00e4nner. Den kan anv\u00e4ndas...","og_url":"https:\/\/truusk.store\/sv\/produkt\/truusk-sparrgrind-for-hundar-skyddsgrind-med-sakerhetsdorr-vaggmonterat-metall-vit-180-x-3-x-745-cm\/","og_site_name":"TRUUSK - Hem, Tr\u00e4dg\u00e5rd &amp; Fritid","article_modified_time":"2026-03-12T08:06:11+00:00","og_image":[{"width":800,"height":800,"url":"https:\/\/i0.wp.com\/truusk.se\/wp-content\/uploads\/2024\/02\/sparrgrind-for-hundar-skyddsgrind-hundgrind-dorrskydd-3-element-inklusive-sakerhetsdorr-vaggmonterat-lage-for-oppen-spis-ugn-metall-vit-180-x-3-x-745-cm.webp?fit=800%2C800&ssl=1","type":"image\/webp"}],"twitter_card":"summary_large_image","twitter_misc":{"Ber\u00e4knad l\u00e4stid":"1 minut"},"schema":{"@context":"https:\/\/schema.org","@graph":[{"@type":"WebPage","@id":"https:\/\/truusk.store\/sv\/produkt\/truusk-sparrgrind-for-hundar-skyddsgrind-med-sakerhetsdorr-vaggmonterat-metall-vit-180-x-3-x-745-cm\/","url":"https:\/\/truusk.store\/sv\/produkt\/truusk-sparrgrind-for-hundar-skyddsgrind-med-sakerhetsdorr-vaggmonterat-metall-vit-180-x-3-x-745-cm\/","name":"TRUUSK Sp\u00e4rrgrind f\u00f6r Hundar - Skyddsgrind med S\u00e4kerhetsd\u00f6rr - V\u00e4ggmonterat - Metall Vit - 180 x 3 x 74,5 cm - TRUUSK - Hem, Tr\u00e4dg\u00e5rd &amp; Fritid","isPartOf":{"@id":"https:\/\/truusk.store\/sv\/#website"},"primaryImageOfPage":{"@id":"https:\/\/truusk.store\/sv\/produkt\/truusk-sparrgrind-for-hundar-skyddsgrind-med-sakerhetsdorr-vaggmonterat-metall-vit-180-x-3-x-745-cm\/#primaryimage"},"image":{"@id":"https:\/\/truusk.store\/sv\/produkt\/truusk-sparrgrind-for-hundar-skyddsgrind-med-sakerhetsdorr-vaggmonterat-metall-vit-180-x-3-x-745-cm\/#primaryimage"},"thumbnailUrl":"https:\/\/i0.wp.com\/truusk.store\/wp-content\/uploads\/2024\/02\/sparrgrind-for-hundar-skyddsgrind-hundgrind-dorrskydd-3-element-inklusive-sakerhetsdorr-vaggmonterat-lage-for-oppen-spis-ugn-metall-vit-180-x-3-x-745-cm.webp?fit=800%2C800&ssl=1","datePublished":"2024-02-13T16:46:39+00:00","dateModified":"2026-03-12T08:06:11+00:00","breadcrumb":{"@id":"https:\/\/truusk.store\/sv\/produkt\/truusk-sparrgrind-for-hundar-skyddsgrind-med-sakerhetsdorr-vaggmonterat-metall-vit-180-x-3-x-745-cm\/#breadcrumb"},"inLanguage":"sv-SE","potentialAction":[{"@type":"ReadAction","target":["https:\/\/truusk.store\/sv\/produkt\/truusk-sparrgrind-for-hundar-skyddsgrind-med-sakerhetsdorr-vaggmonterat-metall-vit-180-x-3-x-745-cm\/"]}]},{"@type":"ImageObject","inLanguage":"sv-SE","@id":"https:\/\/truusk.store\/sv\/produkt\/truusk-sparrgrind-for-hundar-skyddsgrind-med-sakerhetsdorr-vaggmonterat-metall-vit-180-x-3-x-745-cm\/#primaryimage","url":"https:\/\/i0.wp.com\/truusk.store\/wp-content\/uploads\/2024\/02\/sparrgrind-for-hundar-skyddsgrind-hundgrind-dorrskydd-3-element-inklusive-sakerhetsdorr-vaggmonterat-lage-for-oppen-spis-ugn-metall-vit-180-x-3-x-745-cm.webp?fit=800%2C800&ssl=1","contentUrl":"https:\/\/i0.wp.com\/truusk.store\/wp-content\/uploads\/2024\/02\/sparrgrind-for-hundar-skyddsgrind-hundgrind-dorrskydd-3-element-inklusive-sakerhetsdorr-vaggmonterat-lage-for-oppen-spis-ugn-metall-vit-180-x-3-x-745-cm.webp?fit=800%2C800&ssl=1","width":800,"height":800,"caption":"Sp\u00e4rrgrind F\u00f6r Hundar, Skyddsgrind, Hundgrind, D\u00f6rrskydd, 3 Element Inklusive S\u00e4kerhetsd\u00f6rr, V\u00e4ggmonterat L\u00e4ge F\u00f6r \u00f6ppen Spis &amp; Ugn, Metall Vit 180 X 3 X 74,5 Cm 1"},{"@type":"BreadcrumbList","@id":"https:\/\/truusk.store\/sv\/produkt\/truusk-sparrgrind-for-hundar-skyddsgrind-med-sakerhetsdorr-vaggmonterat-metall-vit-180-x-3-x-745-cm\/#breadcrumb","itemListElement":[{"@type":"ListItem","position":1,"name":"Home","item":"https:\/\/truusk.store\/sv\/"},{"@type":"ListItem","position":2,"name":"Shop","item":"https:\/\/truusk.store\/shop\/"},{"@type":"ListItem","position":3,"name":"TRUUSK Sp\u00e4rrgrind f\u00f6r Hundar &#8211; Skyddsgrind med S\u00e4kerhetsd\u00f6rr &#8211; V\u00e4ggmonterat &#8211; Metall Vit &#8211; 180 x 3 x 74,5 cm"}]},{"@type":"WebSite","@id":"https:\/\/truusk.store\/sv\/#website","url":"https:\/\/truusk.store\/sv\/","name":"TRUUSK - Hem, Tr\u00e4dg\u00e5rd & Fritid","description":"","publisher":{"@id":"https:\/\/truusk.store\/sv\/#organization"},"potentialAction":[{"@type":"SearchAction","target":{"@type":"EntryPoint","urlTemplate":"https:\/\/truusk.store\/sv\/?s={search_term_string}"},"query-input":{"@type":"PropertyValueSpecification","valueRequired":true,"valueName":"search_term_string"}}],"inLanguage":"sv-SE"},{"@type":"Organization","@id":"https:\/\/truusk.store\/sv\/#organization","name":"TRUUSK - Hem, Tr\u00e4dg\u00e5rd & Fritid","url":"https:\/\/truusk.store\/sv\/","logo":{"@type":"ImageObject","inLanguage":"sv-SE","@id":"https:\/\/truusk.store\/sv\/#\/schema\/logo\/image\/","url":"https:\/\/i0.wp.com\/truusk.store\/wp-content\/uploads\/2026\/03\/cropped-TRUUSK.png?fit=2032%2C917&ssl=1","contentUrl":"https:\/\/i0.wp.com\/truusk.store\/wp-content\/uploads\/2026\/03\/cropped-TRUUSK.png?fit=2032%2C917&ssl=1","width":2032,"height":917,"caption":"TRUUSK - Hem, Tr\u00e4dg\u00e5rd & Fritid"},"image":{"@id":"https:\/\/truusk.store\/sv\/#\/schema\/logo\/image\/"}}]}},"jetpack_sharing_enabled":true,"_links":{"self":[{"href":"https:\/\/truusk.store\/sv\/wp-json\/wp\/v2\/product\/25144","targetHints":{"allow":["GET"]}}],"collection":[{"href":"https:\/\/truusk.store\/sv\/wp-json\/wp\/v2\/product"}],"about":[{"href":"https:\/\/truusk.store\/sv\/wp-json\/wp\/v2\/types\/product"}],"wp:featuredmedia":[{"embeddable":true,"href":"https:\/\/truusk.store\/sv\/wp-json\/wp\/v2\/media\/25145"}],"wp:attachment":[{"href":"https:\/\/truusk.store\/sv\/wp-json\/wp\/v2\/media?parent=25144"}],"wp:term":[{"taxonomy":"product_brand","embeddable":true,"href":"https:\/\/truusk.store\/sv\/wp-json\/wp\/v2\/product_brand?post=25144"},{"taxonomy":"product_cat","embeddable":true,"href":"https:\/\/truusk.store\/sv\/wp-json\/wp\/v2\/product_cat?post=25144"},{"taxonomy":"product_tag","embeddable":true,"href":"https:\/\/truusk.store\/sv\/wp-json\/wp\/v2\/product_tag?post=25144"}],"curies":[{"name":"wp","href":"https:\/\/api.w.org\/{rel}","templated":true}]}}