{"id":25165,"date":"2024-02-13T17:47:23","date_gmt":"2024-02-13T16:47:23","guid":{"rendered":"https:\/\/truusk.store\/product\/biltalt-campingtalt-resetalt-for-4-5-personer-glasfiber-polyester-gront-300-x-300-x-230-cm\/"},"modified":"2026-03-12T09:06:12","modified_gmt":"2026-03-12T08:06:12","slug":"truusk-campingtalt-for-4-5-personer-inklapbart-glasfiber-polyester-gront-300-x-300-x-230-cm","status":"publish","type":"product","link":"https:\/\/truusk.store\/sv\/produkt\/truusk-campingtalt-for-4-5-personer-inklapbart-glasfiber-polyester-gront-300-x-300-x-230-cm\/","title":{"rendered":"TRUUSK Campingt\u00e4lt f\u00f6r 4-5 Personer &#8211; Inklapbart &#8211; Glasfiber Polyester &#8211; Gr\u00f6nt &#8211; 300 x 300 x 230 cm"},"content":{"rendered":"<p>Detta bilt\u00e4lt \u00e4r idealiskt f\u00f6r dagsturer, \u00f6vernattningar och ryggs\u00e4cksresor. Det justerbara locket \u00e4r l\u00e4mpligt f\u00f6r de flesta stadsjeepar, kombi och minivans, vilket skapar ett bekv\u00e4mt extra utrymme kopplat till bilen. Detta t\u00e4lt \u00e4r rymligt och robust och rymmer 4-5 personer. En praktisk b\u00e4rv\u00e4ska medf\u00f6ljer f\u00f6r enkel transport.<br \/>OBS: Detta t\u00e4lt b\u00f6r inte anv\u00e4ndas i extrem vind, regn eller sn\u00f6.<\/p>\n<h3>Beskrivning:<\/h3>\n<ul>\n<li>Det justerbara bilt\u00e4ltet passar de flesta stadsjeepar, kombi och minivans<\/li>\n<li>T\u00e4lttaket \u00e4r UV-best\u00e4ndigt<\/li>\n<li>D\u00f6rrarna och f\u00f6nstren \u00e4r utrustade med n\u00e4t och skyddar dig mot insekter<\/li>\n<li>En b\u00e4rv\u00e4ska f\u00f6r enkel transport<\/li>\n<li>Gott om plats f\u00f6r 4-5 personer<\/li>\n<li>H\u00e5llbara och h\u00e5llbara material<\/li>\n<li>F\u00f6nster f\u00f6r bra ventilation och fri sikt<\/li>\n<li>Inkluderar pinnar och sp\u00e4nnlinor f\u00f6r mer stabilitet<\/li>\n<li>T\u00e4ltst\u00e4nger i glasfiber \u00e4r robusta och rostbest\u00e4ndiga<\/li>\n<li>3-s\u00e4songst\u00e4lt: Perfekt f\u00f6r v\u00e5r, sommar och h\u00f6st<\/li>\n<li>Inte l\u00e4mplig f\u00f6r extrema v\u00e4derf\u00f6rh\u00e5llanden<\/li>\n<li>Inte l\u00e4mplig f\u00f6r sn\u00f6 eller extremt l\u00e5ga temperaturer<\/li>\n<\/ul>\n<h3>Teknisk data:<\/h3>\n<ul>\n<li>Material: polyester, PE, glasfiber<\/li>\n<li>\u00d6vergripande m\u00e5tt: L300 x B300 x H230 cm<\/li>\n<li>Sidod\u00f6rrens m\u00e5tt: B220 x H148 cm<\/li>\n<li>M\u00e5tt p\u00e5 b\u00e4rv\u00e4skan: L30 x B26 cm<\/li>\n<li>Nettovikt: 8,5 kg<\/li>\n<li>F\u00e4rg: gr\u00f6n<\/li>\n<\/ul>\n<h3>Leveransens omfattning:<\/h3>\n<ul>\n<li>1 x t\u00e4lt<\/li>\n<li>15 x pinnar<\/li>\n<li>4 x sp\u00e4nnlinor<\/li>\n<li>1 x f\u00f6rvaringsv\u00e4ska<\/li>\n<li>1 x Monteringsanvisning<\/li>\n<\/ul>\n","protected":false},"excerpt":{"rendered":"<p>Detta bilt\u00e4lt \u00e4r idealiskt f\u00f6r dagsturer, \u00f6vernattningar och ryggs\u00e4cksresor. Det justerbara locket \u00e4r l\u00e4mpligt f\u00f6r de flesta stadsjeepar, kombi och&#8230;<\/p>\n","protected":false},"featured_media":25166,"template":"","meta":[],"product_brand":[],"product_cat":[648,647,650],"product_tag":[],"class_list":{"0":"post-25165","1":"product","2":"type-product","3":"status-publish","4":"has-post-thumbnail","6":"product_cat-camping-tillbehor","7":"product_cat-sport-fritid","8":"product_cat-talt","10":"first","11":"instock","12":"sale","13":"taxable","14":"shipping-taxable","15":"purchasable","16":"product-type-simple"},"yoast_head":"<!-- This site is optimized with the Yoast SEO plugin v25.4 - https:\/\/yoast.com\/wordpress\/plugins\/seo\/ -->\n<title>TRUUSK Campingt\u00e4lt f\u00f6r 4-5 Personer - Inklapbart - Glasfiber Polyester - Gr\u00f6nt - 300 x 300 x 230 cm - TRUUSK - Hem, Tr\u00e4dg\u00e5rd &amp; Fritid<\/title>\n<meta name=\"robots\" content=\"index, follow, max-snippet:-1, max-image-preview:large, max-video-preview:-1\" \/>\n<link rel=\"canonical\" href=\"https:\/\/truusk.store\/sv\/produkt\/truusk-campingtalt-for-4-5-personer-inklapbart-glasfiber-polyester-gront-300-x-300-x-230-cm\/\" \/>\n<meta property=\"og:locale\" content=\"sv_SE\" \/>\n<meta property=\"og:type\" content=\"article\" \/>\n<meta property=\"og:title\" content=\"TRUUSK Campingt\u00e4lt f\u00f6r 4-5 Personer - Inklapbart - Glasfiber Polyester - Gr\u00f6nt - 300 x 300 x 230 cm - TRUUSK - Hem, Tr\u00e4dg\u00e5rd &amp; Fritid\" \/>\n<meta property=\"og:description\" content=\"Detta bilt\u00e4lt \u00e4r idealiskt f\u00f6r dagsturer, \u00f6vernattningar och ryggs\u00e4cksresor. Det justerbara locket \u00e4r l\u00e4mpligt f\u00f6r de flesta stadsjeepar, kombi och...\" \/>\n<meta property=\"og:url\" content=\"https:\/\/truusk.store\/sv\/produkt\/truusk-campingtalt-for-4-5-personer-inklapbart-glasfiber-polyester-gront-300-x-300-x-230-cm\/\" \/>\n<meta property=\"og:site_name\" content=\"TRUUSK - Hem, Tr\u00e4dg\u00e5rd &amp; Fritid\" \/>\n<meta property=\"article:modified_time\" content=\"2026-03-12T08:06:12+00:00\" \/>\n<meta property=\"og:image\" content=\"https:\/\/i0.wp.com\/truusk.se\/wp-content\/uploads\/2024\/02\/biltalt-campingtalt-resetalt-for-4-5-personer-glasfiber-polyester-gront-300-x-300-x-230-cm.webp?fit=800%2C800&ssl=1\" \/>\n\t<meta property=\"og:image:width\" content=\"800\" \/>\n\t<meta property=\"og:image:height\" content=\"800\" \/>\n\t<meta property=\"og:image:type\" content=\"image\/webp\" \/>\n<meta name=\"twitter:card\" content=\"summary_large_image\" \/>\n<meta name=\"twitter:label1\" content=\"Ber\u00e4knad l\u00e4stid\" \/>\n\t<meta name=\"twitter:data1\" content=\"1 minut\" \/>\n<!-- \/ Yoast SEO plugin. -->","yoast_head_json":{"title":"TRUUSK Campingt\u00e4lt f\u00f6r 4-5 Personer - Inklapbart - Glasfiber Polyester - Gr\u00f6nt - 300 x 300 x 230 cm - TRUUSK - Hem, Tr\u00e4dg\u00e5rd &amp; Fritid","robots":{"index":"index","follow":"follow","max-snippet":"max-snippet:-1","max-image-preview":"max-image-preview:large","max-video-preview":"max-video-preview:-1"},"canonical":"https:\/\/truusk.store\/sv\/produkt\/truusk-campingtalt-for-4-5-personer-inklapbart-glasfiber-polyester-gront-300-x-300-x-230-cm\/","og_locale":"sv_SE","og_type":"article","og_title":"TRUUSK Campingt\u00e4lt f\u00f6r 4-5 Personer - Inklapbart - Glasfiber Polyester - Gr\u00f6nt - 300 x 300 x 230 cm - TRUUSK - Hem, Tr\u00e4dg\u00e5rd &amp; Fritid","og_description":"Detta bilt\u00e4lt \u00e4r idealiskt f\u00f6r dagsturer, \u00f6vernattningar och ryggs\u00e4cksresor. Det justerbara locket \u00e4r l\u00e4mpligt f\u00f6r de flesta stadsjeepar, kombi och...","og_url":"https:\/\/truusk.store\/sv\/produkt\/truusk-campingtalt-for-4-5-personer-inklapbart-glasfiber-polyester-gront-300-x-300-x-230-cm\/","og_site_name":"TRUUSK - Hem, Tr\u00e4dg\u00e5rd &amp; Fritid","article_modified_time":"2026-03-12T08:06:12+00:00","og_image":[{"width":800,"height":800,"url":"https:\/\/i0.wp.com\/truusk.se\/wp-content\/uploads\/2024\/02\/biltalt-campingtalt-resetalt-for-4-5-personer-glasfiber-polyester-gront-300-x-300-x-230-cm.webp?fit=800%2C800&ssl=1","type":"image\/webp"}],"twitter_card":"summary_large_image","twitter_misc":{"Ber\u00e4knad l\u00e4stid":"1 minut"},"schema":{"@context":"https:\/\/schema.org","@graph":[{"@type":"WebPage","@id":"https:\/\/truusk.store\/sv\/produkt\/truusk-campingtalt-for-4-5-personer-inklapbart-glasfiber-polyester-gront-300-x-300-x-230-cm\/","url":"https:\/\/truusk.store\/sv\/produkt\/truusk-campingtalt-for-4-5-personer-inklapbart-glasfiber-polyester-gront-300-x-300-x-230-cm\/","name":"TRUUSK Campingt\u00e4lt f\u00f6r 4-5 Personer - Inklapbart - Glasfiber Polyester - Gr\u00f6nt - 300 x 300 x 230 cm - TRUUSK - Hem, Tr\u00e4dg\u00e5rd &amp; Fritid","isPartOf":{"@id":"https:\/\/truusk.store\/sv\/#website"},"primaryImageOfPage":{"@id":"https:\/\/truusk.store\/sv\/produkt\/truusk-campingtalt-for-4-5-personer-inklapbart-glasfiber-polyester-gront-300-x-300-x-230-cm\/#primaryimage"},"image":{"@id":"https:\/\/truusk.store\/sv\/produkt\/truusk-campingtalt-for-4-5-personer-inklapbart-glasfiber-polyester-gront-300-x-300-x-230-cm\/#primaryimage"},"thumbnailUrl":"https:\/\/i0.wp.com\/truusk.store\/wp-content\/uploads\/2024\/02\/biltalt-campingtalt-resetalt-for-4-5-personer-glasfiber-polyester-gront-300-x-300-x-230-cm.webp?fit=800%2C800&ssl=1","datePublished":"2024-02-13T16:47:23+00:00","dateModified":"2026-03-12T08:06:12+00:00","breadcrumb":{"@id":"https:\/\/truusk.store\/sv\/produkt\/truusk-campingtalt-for-4-5-personer-inklapbart-glasfiber-polyester-gront-300-x-300-x-230-cm\/#breadcrumb"},"inLanguage":"sv-SE","potentialAction":[{"@type":"ReadAction","target":["https:\/\/truusk.store\/sv\/produkt\/truusk-campingtalt-for-4-5-personer-inklapbart-glasfiber-polyester-gront-300-x-300-x-230-cm\/"]}]},{"@type":"ImageObject","inLanguage":"sv-SE","@id":"https:\/\/truusk.store\/sv\/produkt\/truusk-campingtalt-for-4-5-personer-inklapbart-glasfiber-polyester-gront-300-x-300-x-230-cm\/#primaryimage","url":"https:\/\/i0.wp.com\/truusk.store\/wp-content\/uploads\/2024\/02\/biltalt-campingtalt-resetalt-for-4-5-personer-glasfiber-polyester-gront-300-x-300-x-230-cm.webp?fit=800%2C800&ssl=1","contentUrl":"https:\/\/i0.wp.com\/truusk.store\/wp-content\/uploads\/2024\/02\/biltalt-campingtalt-resetalt-for-4-5-personer-glasfiber-polyester-gront-300-x-300-x-230-cm.webp?fit=800%2C800&ssl=1","width":800,"height":800,"caption":"Bilt\u00e4lt, Campingt\u00e4lt, Reset\u00e4lt, F\u00f6r 4-5 Personer, Glasfiber Polyester, Gr\u00f6nt, 300 X 300 X 230 Cm 1"},{"@type":"BreadcrumbList","@id":"https:\/\/truusk.store\/sv\/produkt\/truusk-campingtalt-for-4-5-personer-inklapbart-glasfiber-polyester-gront-300-x-300-x-230-cm\/#breadcrumb","itemListElement":[{"@type":"ListItem","position":1,"name":"Home","item":"https:\/\/truusk.store\/sv\/"},{"@type":"ListItem","position":2,"name":"Shop","item":"https:\/\/truusk.store\/shop\/"},{"@type":"ListItem","position":3,"name":"TRUUSK Campingt\u00e4lt f\u00f6r 4-5 Personer &#8211; Inklapbart &#8211; Glasfiber Polyester &#8211; Gr\u00f6nt &#8211; 300 x 300 x 230 cm"}]},{"@type":"WebSite","@id":"https:\/\/truusk.store\/sv\/#website","url":"https:\/\/truusk.store\/sv\/","name":"TRUUSK - Hem, Tr\u00e4dg\u00e5rd & Fritid","description":"","publisher":{"@id":"https:\/\/truusk.store\/sv\/#organization"},"potentialAction":[{"@type":"SearchAction","target":{"@type":"EntryPoint","urlTemplate":"https:\/\/truusk.store\/sv\/?s={search_term_string}"},"query-input":{"@type":"PropertyValueSpecification","valueRequired":true,"valueName":"search_term_string"}}],"inLanguage":"sv-SE"},{"@type":"Organization","@id":"https:\/\/truusk.store\/sv\/#organization","name":"TRUUSK - Hem, Tr\u00e4dg\u00e5rd & Fritid","url":"https:\/\/truusk.store\/sv\/","logo":{"@type":"ImageObject","inLanguage":"sv-SE","@id":"https:\/\/truusk.store\/sv\/#\/schema\/logo\/image\/","url":"https:\/\/i0.wp.com\/truusk.store\/wp-content\/uploads\/2026\/03\/cropped-TRUUSK.png?fit=2032%2C917&ssl=1","contentUrl":"https:\/\/i0.wp.com\/truusk.store\/wp-content\/uploads\/2026\/03\/cropped-TRUUSK.png?fit=2032%2C917&ssl=1","width":2032,"height":917,"caption":"TRUUSK - Hem, Tr\u00e4dg\u00e5rd & Fritid"},"image":{"@id":"https:\/\/truusk.store\/sv\/#\/schema\/logo\/image\/"}}]}},"jetpack_sharing_enabled":true,"_links":{"self":[{"href":"https:\/\/truusk.store\/sv\/wp-json\/wp\/v2\/product\/25165","targetHints":{"allow":["GET"]}}],"collection":[{"href":"https:\/\/truusk.store\/sv\/wp-json\/wp\/v2\/product"}],"about":[{"href":"https:\/\/truusk.store\/sv\/wp-json\/wp\/v2\/types\/product"}],"wp:featuredmedia":[{"embeddable":true,"href":"https:\/\/truusk.store\/sv\/wp-json\/wp\/v2\/media\/25166"}],"wp:attachment":[{"href":"https:\/\/truusk.store\/sv\/wp-json\/wp\/v2\/media?parent=25165"}],"wp:term":[{"taxonomy":"product_brand","embeddable":true,"href":"https:\/\/truusk.store\/sv\/wp-json\/wp\/v2\/product_brand?post=25165"},{"taxonomy":"product_cat","embeddable":true,"href":"https:\/\/truusk.store\/sv\/wp-json\/wp\/v2\/product_cat?post=25165"},{"taxonomy":"product_tag","embeddable":true,"href":"https:\/\/truusk.store\/sv\/wp-json\/wp\/v2\/product_tag?post=25165"}],"curies":[{"name":"wp","href":"https:\/\/api.w.org\/{rel}","templated":true}]}}