{"id":25311,"date":"2024-02-13T17:51:53","date_gmt":"2024-02-13T16:51:53","guid":{"rendered":"https:\/\/truusk.store\/product\/kattskrapstolpe-stor-145-cm-katttrad-med-hangmatta-klattertrad-for-katter-kattskrapstolpe-ihaliga-kattmobler-med-sisalstanger-ljusgra\/"},"modified":"2026-03-12T09:06:14","modified_gmt":"2026-03-12T08:06:14","slug":"truusk-katttrad-stor-145-cm-med-hangmatta-klattertrad-sisalstanger-ljusgra","status":"publish","type":"product","link":"https:\/\/truusk.store\/sv\/produkt\/truusk-katttrad-stor-145-cm-med-hangmatta-klattertrad-sisalstanger-ljusgra\/","title":{"rendered":"TRUUSK Katttr\u00e4d Stor 145 cm &#8211; Med H\u00e4ngmatta &#8211; Kl\u00e4ttertr\u00e4d &#8211; Sisalst\u00e4nger &#8211; Ljusgr\u00e5"},"content":{"rendered":"<p>V\u00e5rt katttr\u00e4d \u00e4r ett rent avkopplingshem f\u00f6r ditt favoritdjur. Det mysiga hemmet erbjuder n\u00e5got att leka och utforska p\u00e5 alla v\u00e5ningar. Det finns ocks\u00e5 tv\u00e5 grottor d\u00e4r din katt kan dra sig tillbaka och tv\u00e5 utsiktsplattformar d\u00e4r han alltid kan ha \u00f6verblick. Sisalstolparna ger ditt djur m\u00f6jlighet att v\u00e4ssa klorna och p\u00e5 s\u00e5 s\u00e4tt skydda dina m\u00f6bler. Den robusta basen \u00e4r gjord av naturlig sp\u00e5nskiva och t\u00e4ckt med mysig plysch. Varje katt kommer att \u00e4lska denna kattm\u00f6bel!<\/p>\n<h3>Beskrivning:<\/h3>\n<ul>\n<li>Skrapstolpen \u00e4r en idealisk lekstuga f\u00f6r din katt. Plattformen p\u00e5 flera niv\u00e5er erbjuder tillr\u00e4ckligt med utrymme f\u00f6r dina husdjur<\/li>\n<li>Utrustad med en multifunktionell h\u00e4ngmatta och bollar, vilket ger mer gl\u00e4dje till din katts vardag<\/li>\n<li>Den robusta basen \u00e4r tillr\u00e4ckligt stark f\u00f6r att hoppa och kl\u00e4ttra, och de sisallindade stolparna kan skydda dina m\u00f6bler fr\u00e5n repor<\/li>\n<li>Den underbara lekplatsen med bekv\u00e4m plysch garanterar s\u00e4kerhet och h\u00e5llbarhet f\u00f6r en b\u00e4ttre upplevelse<\/li>\n<li>Perfekt lekplats f\u00f6r katter att kl\u00e4ttra, hoppa eller sova<\/li>\n<li>Manuell installation<\/li>\n<\/ul>\n<h3>Teknisk data:<\/h3>\n<ul>\n<li>Material: sp\u00e5nskiva, plysch, sisal<\/li>\n<li>\u00d6vergripande m\u00e5tt: L60 x B50 x H145 cm<\/li>\n<li>Bottenplattans storlek: L60 x B48 cm<\/li>\n<li>H\u00e4ngmattans storlek: L48 x B38 cm<\/li>\n<li>Andra stegets storlek: L60 x B48 cm<\/li>\n<li>L\u00e4genhetens storlek: 30 x H25 cm<\/li>\n<li>H\u00e5lm\u00e5tt: L20 x B20 cm<\/li>\n<li>Tredje niv\u00e5ns storlek: L60 x B48 cm<\/li>\n<li>L\u00e4genhetens storlek: L34 x B34 x H25 cm<\/li>\n<li>H\u00e5lm\u00e5tt: L20 x B20 cm<\/li>\n<li>\u00d6vre plattformsstorlek: L34 x B34 cm<\/li>\n<li>Rekommenderad husdjursvikt: 4,5 kg<\/li>\n<li>F\u00e4rg gr\u00e5<\/li>\n<\/ul>\n<h3>Leveransens omfattning:<\/h3>\n<ul>\n<li>1 skrapstolpe<\/li>\n<li>1 instruktion<\/li>\n<\/ul>\n","protected":false},"excerpt":{"rendered":"<p>V\u00e5rt katttr\u00e4d \u00e4r ett rent avkopplingshem f\u00f6r ditt favoritdjur. Det mysiga hemmet erbjuder n\u00e5got att leka och utforska p\u00e5 alla&#8230;<\/p>\n","protected":false},"featured_media":25312,"template":"","meta":[],"product_brand":[],"product_cat":[573,588,589],"product_tag":[],"class_list":{"0":"post-25311","1":"product","2":"type-product","3":"status-publish","4":"has-post-thumbnail","6":"product_cat-husdjursmaterial","7":"product_cat-katttillbehor","8":"product_cat-skrapande-inlagg","10":"first","11":"instock","12":"sale","13":"taxable","14":"shipping-taxable","15":"purchasable","16":"product-type-simple"},"yoast_head":"<!-- This site is optimized with the Yoast SEO plugin v25.4 - https:\/\/yoast.com\/wordpress\/plugins\/seo\/ -->\n<title>TRUUSK Katttr\u00e4d Stor 145 cm - Med H\u00e4ngmatta - Kl\u00e4ttertr\u00e4d - Sisalst\u00e4nger - Ljusgr\u00e5 - TRUUSK - Hem, Tr\u00e4dg\u00e5rd &amp; Fritid<\/title>\n<meta name=\"robots\" content=\"index, follow, max-snippet:-1, max-image-preview:large, max-video-preview:-1\" \/>\n<link rel=\"canonical\" href=\"https:\/\/truusk.store\/sv\/produkt\/truusk-katttrad-stor-145-cm-med-hangmatta-klattertrad-sisalstanger-ljusgra\/\" \/>\n<meta property=\"og:locale\" content=\"sv_SE\" \/>\n<meta property=\"og:type\" content=\"article\" \/>\n<meta property=\"og:title\" content=\"TRUUSK Katttr\u00e4d Stor 145 cm - Med H\u00e4ngmatta - Kl\u00e4ttertr\u00e4d - Sisalst\u00e4nger - Ljusgr\u00e5 - TRUUSK - Hem, Tr\u00e4dg\u00e5rd &amp; Fritid\" \/>\n<meta property=\"og:description\" content=\"V\u00e5rt katttr\u00e4d \u00e4r ett rent avkopplingshem f\u00f6r ditt favoritdjur. Det mysiga hemmet erbjuder n\u00e5got att leka och utforska p\u00e5 alla...\" \/>\n<meta property=\"og:url\" content=\"https:\/\/truusk.store\/sv\/produkt\/truusk-katttrad-stor-145-cm-med-hangmatta-klattertrad-sisalstanger-ljusgra\/\" \/>\n<meta property=\"og:site_name\" content=\"TRUUSK - Hem, Tr\u00e4dg\u00e5rd &amp; Fritid\" \/>\n<meta property=\"article:modified_time\" content=\"2026-03-12T08:06:14+00:00\" \/>\n<meta property=\"og:image\" content=\"https:\/\/i0.wp.com\/truusk.se\/wp-content\/uploads\/2024\/02\/kattskrapstolpe-stor-145-cm-katttrad-med-hangmatta-klattertrad-for-katter-kattskrapstolpe-ihaliga-kattmobler-med-sisalstanger-ljusgra.webp?fit=800%2C800&ssl=1\" \/>\n\t<meta property=\"og:image:width\" content=\"800\" \/>\n\t<meta property=\"og:image:height\" content=\"800\" \/>\n\t<meta property=\"og:image:type\" content=\"image\/webp\" \/>\n<meta name=\"twitter:card\" content=\"summary_large_image\" \/>\n<meta name=\"twitter:label1\" content=\"Ber\u00e4knad l\u00e4stid\" \/>\n\t<meta name=\"twitter:data1\" content=\"1 minut\" \/>\n<!-- \/ Yoast SEO plugin. -->","yoast_head_json":{"title":"TRUUSK Katttr\u00e4d Stor 145 cm - Med H\u00e4ngmatta - Kl\u00e4ttertr\u00e4d - Sisalst\u00e4nger - Ljusgr\u00e5 - TRUUSK - Hem, Tr\u00e4dg\u00e5rd &amp; Fritid","robots":{"index":"index","follow":"follow","max-snippet":"max-snippet:-1","max-image-preview":"max-image-preview:large","max-video-preview":"max-video-preview:-1"},"canonical":"https:\/\/truusk.store\/sv\/produkt\/truusk-katttrad-stor-145-cm-med-hangmatta-klattertrad-sisalstanger-ljusgra\/","og_locale":"sv_SE","og_type":"article","og_title":"TRUUSK Katttr\u00e4d Stor 145 cm - Med H\u00e4ngmatta - Kl\u00e4ttertr\u00e4d - Sisalst\u00e4nger - Ljusgr\u00e5 - TRUUSK - Hem, Tr\u00e4dg\u00e5rd &amp; Fritid","og_description":"V\u00e5rt katttr\u00e4d \u00e4r ett rent avkopplingshem f\u00f6r ditt favoritdjur. Det mysiga hemmet erbjuder n\u00e5got att leka och utforska p\u00e5 alla...","og_url":"https:\/\/truusk.store\/sv\/produkt\/truusk-katttrad-stor-145-cm-med-hangmatta-klattertrad-sisalstanger-ljusgra\/","og_site_name":"TRUUSK - Hem, Tr\u00e4dg\u00e5rd &amp; Fritid","article_modified_time":"2026-03-12T08:06:14+00:00","og_image":[{"width":800,"height":800,"url":"https:\/\/i0.wp.com\/truusk.se\/wp-content\/uploads\/2024\/02\/kattskrapstolpe-stor-145-cm-katttrad-med-hangmatta-klattertrad-for-katter-kattskrapstolpe-ihaliga-kattmobler-med-sisalstanger-ljusgra.webp?fit=800%2C800&ssl=1","type":"image\/webp"}],"twitter_card":"summary_large_image","twitter_misc":{"Ber\u00e4knad l\u00e4stid":"1 minut"},"schema":{"@context":"https:\/\/schema.org","@graph":[{"@type":"WebPage","@id":"https:\/\/truusk.store\/sv\/produkt\/truusk-katttrad-stor-145-cm-med-hangmatta-klattertrad-sisalstanger-ljusgra\/","url":"https:\/\/truusk.store\/sv\/produkt\/truusk-katttrad-stor-145-cm-med-hangmatta-klattertrad-sisalstanger-ljusgra\/","name":"TRUUSK Katttr\u00e4d Stor 145 cm - Med H\u00e4ngmatta - Kl\u00e4ttertr\u00e4d - Sisalst\u00e4nger - Ljusgr\u00e5 - TRUUSK - Hem, Tr\u00e4dg\u00e5rd &amp; Fritid","isPartOf":{"@id":"https:\/\/truusk.store\/sv\/#website"},"primaryImageOfPage":{"@id":"https:\/\/truusk.store\/sv\/produkt\/truusk-katttrad-stor-145-cm-med-hangmatta-klattertrad-sisalstanger-ljusgra\/#primaryimage"},"image":{"@id":"https:\/\/truusk.store\/sv\/produkt\/truusk-katttrad-stor-145-cm-med-hangmatta-klattertrad-sisalstanger-ljusgra\/#primaryimage"},"thumbnailUrl":"https:\/\/i0.wp.com\/truusk.store\/wp-content\/uploads\/2024\/02\/kattskrapstolpe-stor-145-cm-katttrad-med-hangmatta-klattertrad-for-katter-kattskrapstolpe-ihaliga-kattmobler-med-sisalstanger-ljusgra.webp?fit=800%2C800&ssl=1","datePublished":"2024-02-13T16:51:53+00:00","dateModified":"2026-03-12T08:06:14+00:00","breadcrumb":{"@id":"https:\/\/truusk.store\/sv\/produkt\/truusk-katttrad-stor-145-cm-med-hangmatta-klattertrad-sisalstanger-ljusgra\/#breadcrumb"},"inLanguage":"sv-SE","potentialAction":[{"@type":"ReadAction","target":["https:\/\/truusk.store\/sv\/produkt\/truusk-katttrad-stor-145-cm-med-hangmatta-klattertrad-sisalstanger-ljusgra\/"]}]},{"@type":"ImageObject","inLanguage":"sv-SE","@id":"https:\/\/truusk.store\/sv\/produkt\/truusk-katttrad-stor-145-cm-med-hangmatta-klattertrad-sisalstanger-ljusgra\/#primaryimage","url":"https:\/\/i0.wp.com\/truusk.store\/wp-content\/uploads\/2024\/02\/kattskrapstolpe-stor-145-cm-katttrad-med-hangmatta-klattertrad-for-katter-kattskrapstolpe-ihaliga-kattmobler-med-sisalstanger-ljusgra.webp?fit=800%2C800&ssl=1","contentUrl":"https:\/\/i0.wp.com\/truusk.store\/wp-content\/uploads\/2024\/02\/kattskrapstolpe-stor-145-cm-katttrad-med-hangmatta-klattertrad-for-katter-kattskrapstolpe-ihaliga-kattmobler-med-sisalstanger-ljusgra.webp?fit=800%2C800&ssl=1","width":800,"height":800,"caption":"Kattskrapstolpe Stor 145 Cm, Katttr\u00e4d Med H\u00e4ngmatta, Kl\u00e4ttertr\u00e4d F\u00f6r Katter, Kattskrapstolpe Ih\u00e5liga Kattm\u00f6bler Med Sisalst\u00e4nger, Ljusgr\u00e5 1"},{"@type":"BreadcrumbList","@id":"https:\/\/truusk.store\/sv\/produkt\/truusk-katttrad-stor-145-cm-med-hangmatta-klattertrad-sisalstanger-ljusgra\/#breadcrumb","itemListElement":[{"@type":"ListItem","position":1,"name":"Home","item":"https:\/\/truusk.store\/sv\/"},{"@type":"ListItem","position":2,"name":"Shop","item":"https:\/\/truusk.store\/shop\/"},{"@type":"ListItem","position":3,"name":"TRUUSK Katttr\u00e4d Stor 145 cm &#8211; Med H\u00e4ngmatta &#8211; Kl\u00e4ttertr\u00e4d &#8211; Sisalst\u00e4nger &#8211; Ljusgr\u00e5"}]},{"@type":"WebSite","@id":"https:\/\/truusk.store\/sv\/#website","url":"https:\/\/truusk.store\/sv\/","name":"TRUUSK - Hem, Tr\u00e4dg\u00e5rd & Fritid","description":"","publisher":{"@id":"https:\/\/truusk.store\/sv\/#organization"},"potentialAction":[{"@type":"SearchAction","target":{"@type":"EntryPoint","urlTemplate":"https:\/\/truusk.store\/sv\/?s={search_term_string}"},"query-input":{"@type":"PropertyValueSpecification","valueRequired":true,"valueName":"search_term_string"}}],"inLanguage":"sv-SE"},{"@type":"Organization","@id":"https:\/\/truusk.store\/sv\/#organization","name":"TRUUSK - Hem, Tr\u00e4dg\u00e5rd & Fritid","url":"https:\/\/truusk.store\/sv\/","logo":{"@type":"ImageObject","inLanguage":"sv-SE","@id":"https:\/\/truusk.store\/sv\/#\/schema\/logo\/image\/","url":"https:\/\/i0.wp.com\/truusk.store\/wp-content\/uploads\/2026\/03\/cropped-TRUUSK.png?fit=2032%2C917&ssl=1","contentUrl":"https:\/\/i0.wp.com\/truusk.store\/wp-content\/uploads\/2026\/03\/cropped-TRUUSK.png?fit=2032%2C917&ssl=1","width":2032,"height":917,"caption":"TRUUSK - Hem, Tr\u00e4dg\u00e5rd & Fritid"},"image":{"@id":"https:\/\/truusk.store\/sv\/#\/schema\/logo\/image\/"}}]}},"jetpack_sharing_enabled":true,"_links":{"self":[{"href":"https:\/\/truusk.store\/sv\/wp-json\/wp\/v2\/product\/25311","targetHints":{"allow":["GET"]}}],"collection":[{"href":"https:\/\/truusk.store\/sv\/wp-json\/wp\/v2\/product"}],"about":[{"href":"https:\/\/truusk.store\/sv\/wp-json\/wp\/v2\/types\/product"}],"wp:featuredmedia":[{"embeddable":true,"href":"https:\/\/truusk.store\/sv\/wp-json\/wp\/v2\/media\/25312"}],"wp:attachment":[{"href":"https:\/\/truusk.store\/sv\/wp-json\/wp\/v2\/media?parent=25311"}],"wp:term":[{"taxonomy":"product_brand","embeddable":true,"href":"https:\/\/truusk.store\/sv\/wp-json\/wp\/v2\/product_brand?post=25311"},{"taxonomy":"product_cat","embeddable":true,"href":"https:\/\/truusk.store\/sv\/wp-json\/wp\/v2\/product_cat?post=25311"},{"taxonomy":"product_tag","embeddable":true,"href":"https:\/\/truusk.store\/sv\/wp-json\/wp\/v2\/product_tag?post=25311"}],"curies":[{"name":"wp","href":"https:\/\/api.w.org\/{rel}","templated":true}]}}