{"id":25342,"date":"2024-02-13T17:52:57","date_gmt":"2024-02-13T16:52:57","guid":{"rendered":"https:\/\/truusk.store\/product\/katttrad-klosstolpe-kattmobel-med-kattgrottbollleksak-sisal-mjuk-plysch-hojd-100-cm-beige\/"},"modified":"2026-03-12T09:06:14","modified_gmt":"2026-03-12T08:06:14","slug":"truusk-katttrad-med-klosstolpe-kattmobel-med-kattgrottbollleksak-sisal-och-mjuk-plysch-hojd-100-cm-beige","status":"publish","type":"product","link":"https:\/\/truusk.store\/sv\/produkt\/truusk-katttrad-med-klosstolpe-kattmobel-med-kattgrottbollleksak-sisal-och-mjuk-plysch-hojd-100-cm-beige\/","title":{"rendered":"TRUUSK Katttr\u00e4d med Kl\u00f6sstolpe &#8211; Kattm\u00f6bel med Kattgrottbollleksak &#8211; Sisal och Mjuk Plysch &#8211; H\u00f6jd 100 cm &#8211; Beige"},"content":{"rendered":"<p>Tillfredsst\u00e4ll din katts naturliga instinkter p\u00e5 ett s\u00e4kert s\u00e4tt med detta skrapinl\u00e4gg! Sisalskrapstolparna \u00e4r f\u00f6rdelaktiga f\u00f6r b\u00e5de ditt husdjur och dina \u00e4gare eftersom de tillfredsst\u00e4ller katternas kl\u00e5d- och kl\u00e4tterinstinkter och skyddar dina mattor och m\u00f6bler fr\u00e5n skador. Vila, lek, tr\u00e4na, dina katter kan spendera hela dagen p\u00e5 det, en bekv\u00e4m plats f\u00f6r dina lurviga v\u00e4nner.<\/p>\n<h3>Beskrivning:<\/h3>\n<ul>\n<li>Den breda tallriken ger en bekv\u00e4m plats f\u00f6r dina katter att koppla av<\/li>\n<li>Sisalstolparna tillfredsst\u00e4ller dina katters \u00f6nskan att repa och skyddar dina m\u00f6bler fr\u00e5n repor<\/li>\n<li>Den multifunktionella skrapstolpen \u00e4r gjord av h\u00f6gkvalitativ E1-klassad MDF-skiva, som inte skadar dina katters h\u00e4lsa<\/li>\n<li>Cattail katthem skapar ett h\u00e4lsosamt och s\u00e4kert utrymme f\u00f6r din lurviga v\u00e4n<\/li>\n<li>Klassisk f\u00e4rgs\u00e4ttning g\u00f6r katttr\u00e4det l\u00e4tt att kombinera med ditt hems befintliga inredning<\/li>\n<li>Flerskiktsdesignen tillfredsst\u00e4ller ditt husdjurs lust att kl\u00e4ttra<\/li>\n<li>L\u00e4mplig f\u00f6r kattvikt under 5 kg<\/li>\n<li>Det rekommenderas att v\u00e4lja skrapstolpe efter typ av katt<\/li>\n<li>Montering kr\u00e4vs<\/li>\n<\/ul>\n<h3>Teknisk data:<\/h3>\n<ul>\n<li>F\u00e4rg beige<\/li>\n<li>Material: MDF, plysch, sisal, cattail<\/li>\n<li>\u00d6vergripande m\u00e5tt: 48L x 40W x 100H cm<\/li>\n<li>Storlek p\u00e5 kattl\u00e4genheten: 40L x 40W x 38H cm<\/li>\n<li>D\u00f6rrh\u00e5lsstorlek: 32L x 32H cm<\/li>\n<li>Bottenplattans storlek: 48L x 40W cm<\/li>\n<li>Storlek p\u00e5 kolonnen: 5,5 cm<\/li>\n<li>Rekommenderad husdjursvikt: under 5 kg<\/li>\n<li>Artikelnummer: D30-371<\/li>\n<\/ul>\n<h3>Leveransens omfattning:<\/h3>\n<ul>\n<li>1 x katttr\u00e4d<\/li>\n<li>1 x Instruktioner<\/li>\n<\/ul>\n","protected":false},"excerpt":{"rendered":"<p>Tillfredsst\u00e4ll din katts naturliga instinkter p\u00e5 ett s\u00e4kert s\u00e4tt med detta skrapinl\u00e4gg! Sisalskrapstolparna \u00e4r f\u00f6rdelaktiga f\u00f6r b\u00e5de ditt husdjur och&#8230;<\/p>\n","protected":false},"featured_media":25343,"template":"","meta":[],"product_brand":[],"product_cat":[573,588,589],"product_tag":[],"class_list":{"0":"post-25342","1":"product","2":"type-product","3":"status-publish","4":"has-post-thumbnail","6":"product_cat-husdjursmaterial","7":"product_cat-katttillbehor","8":"product_cat-skrapande-inlagg","10":"first","11":"instock","12":"sale","13":"taxable","14":"shipping-taxable","15":"purchasable","16":"product-type-simple"},"yoast_head":"<!-- This site is optimized with the Yoast SEO plugin v25.4 - https:\/\/yoast.com\/wordpress\/plugins\/seo\/ -->\n<title>TRUUSK Katttr\u00e4d med Kl\u00f6sstolpe - Kattm\u00f6bel med Kattgrottbollleksak - Sisal och Mjuk Plysch - H\u00f6jd 100 cm - Beige - TRUUSK - Hem, Tr\u00e4dg\u00e5rd &amp; Fritid<\/title>\n<meta name=\"robots\" content=\"index, follow, max-snippet:-1, max-image-preview:large, max-video-preview:-1\" \/>\n<link rel=\"canonical\" href=\"https:\/\/truusk.store\/sv\/produkt\/truusk-katttrad-med-klosstolpe-kattmobel-med-kattgrottbollleksak-sisal-och-mjuk-plysch-hojd-100-cm-beige\/\" \/>\n<meta property=\"og:locale\" content=\"sv_SE\" \/>\n<meta property=\"og:type\" content=\"article\" \/>\n<meta property=\"og:title\" content=\"TRUUSK Katttr\u00e4d med Kl\u00f6sstolpe - Kattm\u00f6bel med Kattgrottbollleksak - Sisal och Mjuk Plysch - H\u00f6jd 100 cm - Beige - TRUUSK - Hem, Tr\u00e4dg\u00e5rd &amp; Fritid\" \/>\n<meta property=\"og:description\" content=\"Tillfredsst\u00e4ll din katts naturliga instinkter p\u00e5 ett s\u00e4kert s\u00e4tt med detta skrapinl\u00e4gg! Sisalskrapstolparna \u00e4r f\u00f6rdelaktiga f\u00f6r b\u00e5de ditt husdjur och...\" \/>\n<meta property=\"og:url\" content=\"https:\/\/truusk.store\/sv\/produkt\/truusk-katttrad-med-klosstolpe-kattmobel-med-kattgrottbollleksak-sisal-och-mjuk-plysch-hojd-100-cm-beige\/\" \/>\n<meta property=\"og:site_name\" content=\"TRUUSK - Hem, Tr\u00e4dg\u00e5rd &amp; Fritid\" \/>\n<meta property=\"article:modified_time\" content=\"2026-03-12T08:06:14+00:00\" \/>\n<meta property=\"og:image\" content=\"https:\/\/i0.wp.com\/truusk.se\/wp-content\/uploads\/2024\/02\/katttrad-klosstolpe-kattmobel-med-kattgrottbollleksak-sisal-mjuk-plysch-hojd-100-cm-beige.webp?fit=800%2C800&ssl=1\" \/>\n\t<meta property=\"og:image:width\" content=\"800\" \/>\n\t<meta property=\"og:image:height\" content=\"800\" \/>\n\t<meta property=\"og:image:type\" content=\"image\/webp\" \/>\n<meta name=\"twitter:card\" content=\"summary_large_image\" \/>\n<meta name=\"twitter:label1\" content=\"Ber\u00e4knad l\u00e4stid\" \/>\n\t<meta name=\"twitter:data1\" content=\"1 minut\" \/>\n<!-- \/ Yoast SEO plugin. -->","yoast_head_json":{"title":"TRUUSK Katttr\u00e4d med Kl\u00f6sstolpe - Kattm\u00f6bel med Kattgrottbollleksak - Sisal och Mjuk Plysch - H\u00f6jd 100 cm - Beige - TRUUSK - Hem, Tr\u00e4dg\u00e5rd &amp; Fritid","robots":{"index":"index","follow":"follow","max-snippet":"max-snippet:-1","max-image-preview":"max-image-preview:large","max-video-preview":"max-video-preview:-1"},"canonical":"https:\/\/truusk.store\/sv\/produkt\/truusk-katttrad-med-klosstolpe-kattmobel-med-kattgrottbollleksak-sisal-och-mjuk-plysch-hojd-100-cm-beige\/","og_locale":"sv_SE","og_type":"article","og_title":"TRUUSK Katttr\u00e4d med Kl\u00f6sstolpe - Kattm\u00f6bel med Kattgrottbollleksak - Sisal och Mjuk Plysch - H\u00f6jd 100 cm - Beige - TRUUSK - Hem, Tr\u00e4dg\u00e5rd &amp; Fritid","og_description":"Tillfredsst\u00e4ll din katts naturliga instinkter p\u00e5 ett s\u00e4kert s\u00e4tt med detta skrapinl\u00e4gg! Sisalskrapstolparna \u00e4r f\u00f6rdelaktiga f\u00f6r b\u00e5de ditt husdjur och...","og_url":"https:\/\/truusk.store\/sv\/produkt\/truusk-katttrad-med-klosstolpe-kattmobel-med-kattgrottbollleksak-sisal-och-mjuk-plysch-hojd-100-cm-beige\/","og_site_name":"TRUUSK - Hem, Tr\u00e4dg\u00e5rd &amp; Fritid","article_modified_time":"2026-03-12T08:06:14+00:00","og_image":[{"width":800,"height":800,"url":"https:\/\/i0.wp.com\/truusk.se\/wp-content\/uploads\/2024\/02\/katttrad-klosstolpe-kattmobel-med-kattgrottbollleksak-sisal-mjuk-plysch-hojd-100-cm-beige.webp?fit=800%2C800&ssl=1","type":"image\/webp"}],"twitter_card":"summary_large_image","twitter_misc":{"Ber\u00e4knad l\u00e4stid":"1 minut"},"schema":{"@context":"https:\/\/schema.org","@graph":[{"@type":"WebPage","@id":"https:\/\/truusk.store\/sv\/produkt\/truusk-katttrad-med-klosstolpe-kattmobel-med-kattgrottbollleksak-sisal-och-mjuk-plysch-hojd-100-cm-beige\/","url":"https:\/\/truusk.store\/sv\/produkt\/truusk-katttrad-med-klosstolpe-kattmobel-med-kattgrottbollleksak-sisal-och-mjuk-plysch-hojd-100-cm-beige\/","name":"TRUUSK Katttr\u00e4d med Kl\u00f6sstolpe - Kattm\u00f6bel med Kattgrottbollleksak - Sisal och Mjuk Plysch - H\u00f6jd 100 cm - Beige - TRUUSK - Hem, Tr\u00e4dg\u00e5rd &amp; Fritid","isPartOf":{"@id":"https:\/\/truusk.store\/sv\/#website"},"primaryImageOfPage":{"@id":"https:\/\/truusk.store\/sv\/produkt\/truusk-katttrad-med-klosstolpe-kattmobel-med-kattgrottbollleksak-sisal-och-mjuk-plysch-hojd-100-cm-beige\/#primaryimage"},"image":{"@id":"https:\/\/truusk.store\/sv\/produkt\/truusk-katttrad-med-klosstolpe-kattmobel-med-kattgrottbollleksak-sisal-och-mjuk-plysch-hojd-100-cm-beige\/#primaryimage"},"thumbnailUrl":"https:\/\/i0.wp.com\/truusk.store\/wp-content\/uploads\/2024\/02\/katttrad-klosstolpe-kattmobel-med-kattgrottbollleksak-sisal-mjuk-plysch-hojd-100-cm-beige.webp?fit=800%2C800&ssl=1","datePublished":"2024-02-13T16:52:57+00:00","dateModified":"2026-03-12T08:06:14+00:00","breadcrumb":{"@id":"https:\/\/truusk.store\/sv\/produkt\/truusk-katttrad-med-klosstolpe-kattmobel-med-kattgrottbollleksak-sisal-och-mjuk-plysch-hojd-100-cm-beige\/#breadcrumb"},"inLanguage":"sv-SE","potentialAction":[{"@type":"ReadAction","target":["https:\/\/truusk.store\/sv\/produkt\/truusk-katttrad-med-klosstolpe-kattmobel-med-kattgrottbollleksak-sisal-och-mjuk-plysch-hojd-100-cm-beige\/"]}]},{"@type":"ImageObject","inLanguage":"sv-SE","@id":"https:\/\/truusk.store\/sv\/produkt\/truusk-katttrad-med-klosstolpe-kattmobel-med-kattgrottbollleksak-sisal-och-mjuk-plysch-hojd-100-cm-beige\/#primaryimage","url":"https:\/\/i0.wp.com\/truusk.store\/wp-content\/uploads\/2024\/02\/katttrad-klosstolpe-kattmobel-med-kattgrottbollleksak-sisal-mjuk-plysch-hojd-100-cm-beige.webp?fit=800%2C800&ssl=1","contentUrl":"https:\/\/i0.wp.com\/truusk.store\/wp-content\/uploads\/2024\/02\/katttrad-klosstolpe-kattmobel-med-kattgrottbollleksak-sisal-mjuk-plysch-hojd-100-cm-beige.webp?fit=800%2C800&ssl=1","width":800,"height":800,"caption":"Katttr\u00e4d Kl\u00f6sstolpe Kattm\u00f6bel Med Kattgrottbollleksak Sisal Mjuk Plysch H\u00f6jd 100 Cm Beige 1"},{"@type":"BreadcrumbList","@id":"https:\/\/truusk.store\/sv\/produkt\/truusk-katttrad-med-klosstolpe-kattmobel-med-kattgrottbollleksak-sisal-och-mjuk-plysch-hojd-100-cm-beige\/#breadcrumb","itemListElement":[{"@type":"ListItem","position":1,"name":"Home","item":"https:\/\/truusk.store\/sv\/"},{"@type":"ListItem","position":2,"name":"Shop","item":"https:\/\/truusk.store\/shop\/"},{"@type":"ListItem","position":3,"name":"TRUUSK Katttr\u00e4d med Kl\u00f6sstolpe &#8211; Kattm\u00f6bel med Kattgrottbollleksak &#8211; Sisal och Mjuk Plysch &#8211; H\u00f6jd 100 cm &#8211; Beige"}]},{"@type":"WebSite","@id":"https:\/\/truusk.store\/sv\/#website","url":"https:\/\/truusk.store\/sv\/","name":"TRUUSK - Hem, Tr\u00e4dg\u00e5rd & Fritid","description":"","publisher":{"@id":"https:\/\/truusk.store\/sv\/#organization"},"potentialAction":[{"@type":"SearchAction","target":{"@type":"EntryPoint","urlTemplate":"https:\/\/truusk.store\/sv\/?s={search_term_string}"},"query-input":{"@type":"PropertyValueSpecification","valueRequired":true,"valueName":"search_term_string"}}],"inLanguage":"sv-SE"},{"@type":"Organization","@id":"https:\/\/truusk.store\/sv\/#organization","name":"TRUUSK - Hem, Tr\u00e4dg\u00e5rd & Fritid","url":"https:\/\/truusk.store\/sv\/","logo":{"@type":"ImageObject","inLanguage":"sv-SE","@id":"https:\/\/truusk.store\/sv\/#\/schema\/logo\/image\/","url":"https:\/\/i0.wp.com\/truusk.store\/wp-content\/uploads\/2026\/03\/cropped-TRUUSK.png?fit=2032%2C917&ssl=1","contentUrl":"https:\/\/i0.wp.com\/truusk.store\/wp-content\/uploads\/2026\/03\/cropped-TRUUSK.png?fit=2032%2C917&ssl=1","width":2032,"height":917,"caption":"TRUUSK - Hem, Tr\u00e4dg\u00e5rd & Fritid"},"image":{"@id":"https:\/\/truusk.store\/sv\/#\/schema\/logo\/image\/"}}]}},"jetpack_sharing_enabled":true,"_links":{"self":[{"href":"https:\/\/truusk.store\/sv\/wp-json\/wp\/v2\/product\/25342","targetHints":{"allow":["GET"]}}],"collection":[{"href":"https:\/\/truusk.store\/sv\/wp-json\/wp\/v2\/product"}],"about":[{"href":"https:\/\/truusk.store\/sv\/wp-json\/wp\/v2\/types\/product"}],"wp:featuredmedia":[{"embeddable":true,"href":"https:\/\/truusk.store\/sv\/wp-json\/wp\/v2\/media\/25343"}],"wp:attachment":[{"href":"https:\/\/truusk.store\/sv\/wp-json\/wp\/v2\/media?parent=25342"}],"wp:term":[{"taxonomy":"product_brand","embeddable":true,"href":"https:\/\/truusk.store\/sv\/wp-json\/wp\/v2\/product_brand?post=25342"},{"taxonomy":"product_cat","embeddable":true,"href":"https:\/\/truusk.store\/sv\/wp-json\/wp\/v2\/product_cat?post=25342"},{"taxonomy":"product_tag","embeddable":true,"href":"https:\/\/truusk.store\/sv\/wp-json\/wp\/v2\/product_tag?post=25342"}],"curies":[{"name":"wp","href":"https:\/\/api.w.org\/{rel}","templated":true}]}}