{"id":25494,"date":"2024-02-13T17:57:54","date_gmt":"2024-02-13T16:57:54","guid":{"rendered":"https:\/\/truusk.store\/product\/motorsagsbock-sagbock-hopfallbar-sagram-for-ved-silver-metall-83-x-83-x-79-cm\/"},"modified":"2026-03-12T09:06:20","modified_gmt":"2026-03-12T08:06:20","slug":"truusk-motorsagsbock-sagbock-hopfallbar-silver-metall-83-x-83-x-79-cm","status":"publish","type":"product","link":"https:\/\/truusk.store\/sv\/produkt\/truusk-motorsagsbock-sagbock-hopfallbar-silver-metall-83-x-83-x-79-cm\/","title":{"rendered":"TRUUSK Motors\u00e5gsbock &#8211; S\u00e5gbock Hopf\u00e4llbar &#8211; Silver Metall &#8211; 83 x 83 x 79 cm"},"content":{"rendered":"<p>Om du beh\u00f6ver n\u00e5got f\u00f6r att s\u00e5ga ved i ditt dagliga liv eller p\u00e5 jobbet, d\u00e5 \u00e4r en hopf\u00e4llbar och fullt fungerande s\u00e5gh\u00e4st precis vad du letar efter. V\u00e5r s\u00e5gh\u00e4st kan till fullo uppfylla dina behov eftersom den med sin hopf\u00e4llbara design l\u00e4tt kan f\u00f6rvaras eller transporteras. Oavsett om du \u00e4r hemma eller i f\u00f6rorten kommer det att bli din bra partner!<\/p>\n<h3>Beskrivning:<\/h3>\n<ul>\n<li>Triangul\u00e4ra st\u00e5lkonstruktioner ger h\u00f6g stabilitet och l\u00e5ng h\u00e5llbarhet<\/li>\n<li>L\u00e4tt att h\u00e5lla tunga saker, perfekt f\u00f6r hush\u00e5llsbruk<\/li>\n<li>Perfekt h\u00f6jd f\u00f6r att passa de flestas arbetsst\u00e4llning<\/li>\n<li>S\u00e5gtand p\u00e5 b\u00e5da kanterna f\u00f6rhindrar kontaktskador<\/li>\n<li>Vikbar design, platsbesparande, l\u00e4tt att b\u00e4ra<\/li>\n<li>Kr\u00e4ver enkel montering<\/li>\n<\/ul>\n<h3>Teknisk data:<\/h3>\n<ul>\n<li>silver<\/li>\n<li>Material: metall<\/li>\n<li>Totala m\u00e5tt: 83L x 83W x 79H cm<\/li>\n<li>F\u00e4llbara produktdata: 100L x 81W x 6,5H cm<\/li>\n<li>Passar tr\u00e4storlek: botten 25 cm<\/li>\n<li>Lastkapacitet: 100 kg<\/li>\n<\/ul>\n<h3>Leveransens omfattning:<\/h3>\n<ul>\n<li>1 x s\u00e5gh\u00e4st<\/li>\n<li>1 x manuell<\/li>\n<\/ul>\n","protected":false},"excerpt":{"rendered":"<p>Om du beh\u00f6ver n\u00e5got f\u00f6r att s\u00e5ga ved i ditt dagliga liv eller p\u00e5 jobbet, d\u00e5 \u00e4r en hopf\u00e4llbar och&#8230;<\/p>\n","protected":false},"featured_media":25495,"template":"","meta":[],"product_brand":[],"product_cat":[691,688,671],"product_tag":[],"class_list":{"0":"post-25494","1":"product","2":"type-product","3":"status-publish","4":"has-post-thumbnail","6":"product_cat-arbetsbankar-arbetsbockar","7":"product_cat-diy","8":"product_cat-jarnaffar","10":"first","11":"instock","12":"sale","13":"taxable","14":"shipping-taxable","15":"purchasable","16":"product-type-simple"},"yoast_head":"<!-- This site is optimized with the Yoast SEO plugin v25.4 - https:\/\/yoast.com\/wordpress\/plugins\/seo\/ -->\n<title>TRUUSK Motors\u00e5gsbock - S\u00e5gbock Hopf\u00e4llbar - Silver Metall - 83 x 83 x 79 cm - TRUUSK - Hem, Tr\u00e4dg\u00e5rd &amp; Fritid<\/title>\n<meta name=\"robots\" content=\"index, follow, max-snippet:-1, max-image-preview:large, max-video-preview:-1\" \/>\n<link rel=\"canonical\" href=\"https:\/\/truusk.store\/sv\/produkt\/truusk-motorsagsbock-sagbock-hopfallbar-silver-metall-83-x-83-x-79-cm\/\" \/>\n<meta property=\"og:locale\" content=\"sv_SE\" \/>\n<meta property=\"og:type\" content=\"article\" \/>\n<meta property=\"og:title\" content=\"TRUUSK Motors\u00e5gsbock - S\u00e5gbock Hopf\u00e4llbar - Silver Metall - 83 x 83 x 79 cm - TRUUSK - Hem, Tr\u00e4dg\u00e5rd &amp; Fritid\" \/>\n<meta property=\"og:description\" content=\"Om du beh\u00f6ver n\u00e5got f\u00f6r att s\u00e5ga ved i ditt dagliga liv eller p\u00e5 jobbet, d\u00e5 \u00e4r en hopf\u00e4llbar och...\" \/>\n<meta property=\"og:url\" content=\"https:\/\/truusk.store\/sv\/produkt\/truusk-motorsagsbock-sagbock-hopfallbar-silver-metall-83-x-83-x-79-cm\/\" \/>\n<meta property=\"og:site_name\" content=\"TRUUSK - Hem, Tr\u00e4dg\u00e5rd &amp; Fritid\" \/>\n<meta property=\"article:modified_time\" content=\"2026-03-12T08:06:20+00:00\" \/>\n<meta property=\"og:image\" content=\"https:\/\/i0.wp.com\/truusk.se\/wp-content\/uploads\/2024\/02\/motorsagsbock-sagbock-hopfallbar-sagram-for-ved-silver-metall-83-x-83-x-79-cm.webp?fit=800%2C800&ssl=1\" \/>\n\t<meta property=\"og:image:width\" content=\"800\" \/>\n\t<meta property=\"og:image:height\" content=\"800\" \/>\n\t<meta property=\"og:image:type\" content=\"image\/webp\" \/>\n<meta name=\"twitter:card\" content=\"summary_large_image\" \/>\n<meta name=\"twitter:label1\" content=\"Ber\u00e4knad l\u00e4stid\" \/>\n\t<meta name=\"twitter:data1\" content=\"1 minut\" \/>\n<!-- \/ Yoast SEO plugin. -->","yoast_head_json":{"title":"TRUUSK Motors\u00e5gsbock - S\u00e5gbock Hopf\u00e4llbar - Silver Metall - 83 x 83 x 79 cm - TRUUSK - Hem, Tr\u00e4dg\u00e5rd &amp; Fritid","robots":{"index":"index","follow":"follow","max-snippet":"max-snippet:-1","max-image-preview":"max-image-preview:large","max-video-preview":"max-video-preview:-1"},"canonical":"https:\/\/truusk.store\/sv\/produkt\/truusk-motorsagsbock-sagbock-hopfallbar-silver-metall-83-x-83-x-79-cm\/","og_locale":"sv_SE","og_type":"article","og_title":"TRUUSK Motors\u00e5gsbock - S\u00e5gbock Hopf\u00e4llbar - Silver Metall - 83 x 83 x 79 cm - TRUUSK - Hem, Tr\u00e4dg\u00e5rd &amp; Fritid","og_description":"Om du beh\u00f6ver n\u00e5got f\u00f6r att s\u00e5ga ved i ditt dagliga liv eller p\u00e5 jobbet, d\u00e5 \u00e4r en hopf\u00e4llbar och...","og_url":"https:\/\/truusk.store\/sv\/produkt\/truusk-motorsagsbock-sagbock-hopfallbar-silver-metall-83-x-83-x-79-cm\/","og_site_name":"TRUUSK - Hem, Tr\u00e4dg\u00e5rd &amp; Fritid","article_modified_time":"2026-03-12T08:06:20+00:00","og_image":[{"width":800,"height":800,"url":"https:\/\/i0.wp.com\/truusk.se\/wp-content\/uploads\/2024\/02\/motorsagsbock-sagbock-hopfallbar-sagram-for-ved-silver-metall-83-x-83-x-79-cm.webp?fit=800%2C800&ssl=1","type":"image\/webp"}],"twitter_card":"summary_large_image","twitter_misc":{"Ber\u00e4knad l\u00e4stid":"1 minut"},"schema":{"@context":"https:\/\/schema.org","@graph":[{"@type":"WebPage","@id":"https:\/\/truusk.store\/sv\/produkt\/truusk-motorsagsbock-sagbock-hopfallbar-silver-metall-83-x-83-x-79-cm\/","url":"https:\/\/truusk.store\/sv\/produkt\/truusk-motorsagsbock-sagbock-hopfallbar-silver-metall-83-x-83-x-79-cm\/","name":"TRUUSK Motors\u00e5gsbock - S\u00e5gbock Hopf\u00e4llbar - Silver Metall - 83 x 83 x 79 cm - TRUUSK - Hem, Tr\u00e4dg\u00e5rd &amp; Fritid","isPartOf":{"@id":"https:\/\/truusk.store\/sv\/#website"},"primaryImageOfPage":{"@id":"https:\/\/truusk.store\/sv\/produkt\/truusk-motorsagsbock-sagbock-hopfallbar-silver-metall-83-x-83-x-79-cm\/#primaryimage"},"image":{"@id":"https:\/\/truusk.store\/sv\/produkt\/truusk-motorsagsbock-sagbock-hopfallbar-silver-metall-83-x-83-x-79-cm\/#primaryimage"},"thumbnailUrl":"https:\/\/i0.wp.com\/truusk.store\/wp-content\/uploads\/2024\/02\/motorsagsbock-sagbock-hopfallbar-sagram-for-ved-silver-metall-83-x-83-x-79-cm.webp?fit=800%2C800&ssl=1","datePublished":"2024-02-13T16:57:54+00:00","dateModified":"2026-03-12T08:06:20+00:00","breadcrumb":{"@id":"https:\/\/truusk.store\/sv\/produkt\/truusk-motorsagsbock-sagbock-hopfallbar-silver-metall-83-x-83-x-79-cm\/#breadcrumb"},"inLanguage":"sv-SE","potentialAction":[{"@type":"ReadAction","target":["https:\/\/truusk.store\/sv\/produkt\/truusk-motorsagsbock-sagbock-hopfallbar-silver-metall-83-x-83-x-79-cm\/"]}]},{"@type":"ImageObject","inLanguage":"sv-SE","@id":"https:\/\/truusk.store\/sv\/produkt\/truusk-motorsagsbock-sagbock-hopfallbar-silver-metall-83-x-83-x-79-cm\/#primaryimage","url":"https:\/\/i0.wp.com\/truusk.store\/wp-content\/uploads\/2024\/02\/motorsagsbock-sagbock-hopfallbar-sagram-for-ved-silver-metall-83-x-83-x-79-cm.webp?fit=800%2C800&ssl=1","contentUrl":"https:\/\/i0.wp.com\/truusk.store\/wp-content\/uploads\/2024\/02\/motorsagsbock-sagbock-hopfallbar-sagram-for-ved-silver-metall-83-x-83-x-79-cm.webp?fit=800%2C800&ssl=1","width":800,"height":800,"caption":"Motors\u00e5gsbock S\u00e5gbock Hopf\u00e4llbar S\u00e5gram F\u00f6r Ved Silver Metall 83 X 83 X 79 Cm 1"},{"@type":"BreadcrumbList","@id":"https:\/\/truusk.store\/sv\/produkt\/truusk-motorsagsbock-sagbock-hopfallbar-silver-metall-83-x-83-x-79-cm\/#breadcrumb","itemListElement":[{"@type":"ListItem","position":1,"name":"Home","item":"https:\/\/truusk.store\/sv\/"},{"@type":"ListItem","position":2,"name":"Shop","item":"https:\/\/truusk.store\/shop\/"},{"@type":"ListItem","position":3,"name":"TRUUSK Motors\u00e5gsbock &#8211; S\u00e5gbock Hopf\u00e4llbar &#8211; Silver Metall &#8211; 83 x 83 x 79 cm"}]},{"@type":"WebSite","@id":"https:\/\/truusk.store\/sv\/#website","url":"https:\/\/truusk.store\/sv\/","name":"TRUUSK - Hem, Tr\u00e4dg\u00e5rd & Fritid","description":"","publisher":{"@id":"https:\/\/truusk.store\/sv\/#organization"},"potentialAction":[{"@type":"SearchAction","target":{"@type":"EntryPoint","urlTemplate":"https:\/\/truusk.store\/sv\/?s={search_term_string}"},"query-input":{"@type":"PropertyValueSpecification","valueRequired":true,"valueName":"search_term_string"}}],"inLanguage":"sv-SE"},{"@type":"Organization","@id":"https:\/\/truusk.store\/sv\/#organization","name":"TRUUSK - Hem, Tr\u00e4dg\u00e5rd & Fritid","url":"https:\/\/truusk.store\/sv\/","logo":{"@type":"ImageObject","inLanguage":"sv-SE","@id":"https:\/\/truusk.store\/sv\/#\/schema\/logo\/image\/","url":"https:\/\/i0.wp.com\/truusk.store\/wp-content\/uploads\/2026\/03\/cropped-TRUUSK.png?fit=2032%2C917&ssl=1","contentUrl":"https:\/\/i0.wp.com\/truusk.store\/wp-content\/uploads\/2026\/03\/cropped-TRUUSK.png?fit=2032%2C917&ssl=1","width":2032,"height":917,"caption":"TRUUSK - Hem, Tr\u00e4dg\u00e5rd & Fritid"},"image":{"@id":"https:\/\/truusk.store\/sv\/#\/schema\/logo\/image\/"}}]}},"jetpack_sharing_enabled":true,"_links":{"self":[{"href":"https:\/\/truusk.store\/sv\/wp-json\/wp\/v2\/product\/25494","targetHints":{"allow":["GET"]}}],"collection":[{"href":"https:\/\/truusk.store\/sv\/wp-json\/wp\/v2\/product"}],"about":[{"href":"https:\/\/truusk.store\/sv\/wp-json\/wp\/v2\/types\/product"}],"wp:featuredmedia":[{"embeddable":true,"href":"https:\/\/truusk.store\/sv\/wp-json\/wp\/v2\/media\/25495"}],"wp:attachment":[{"href":"https:\/\/truusk.store\/sv\/wp-json\/wp\/v2\/media?parent=25494"}],"wp:term":[{"taxonomy":"product_brand","embeddable":true,"href":"https:\/\/truusk.store\/sv\/wp-json\/wp\/v2\/product_brand?post=25494"},{"taxonomy":"product_cat","embeddable":true,"href":"https:\/\/truusk.store\/sv\/wp-json\/wp\/v2\/product_cat?post=25494"},{"taxonomy":"product_tag","embeddable":true,"href":"https:\/\/truusk.store\/sv\/wp-json\/wp\/v2\/product_tag?post=25494"}],"curies":[{"name":"wp","href":"https:\/\/api.w.org\/{rel}","templated":true}]}}