{"id":25527,"date":"2024-02-13T17:58:56","date_gmt":"2024-02-13T16:58:56","guid":{"rendered":"https:\/\/truusk.store\/product\/upphojd-badd-plantera-blomkruka-blomlada-vaderbestandig-utan-bas-gra-wpc-aluminium-100-x-50-x-555-cm\/"},"modified":"2026-03-12T09:06:20","modified_gmt":"2026-03-12T08:06:20","slug":"truusk-upphojd-blomkruka-med-vaderbestandigt-gra-wpc-aluminiumram-100x50x555-cm-utan-bas","status":"publish","type":"product","link":"https:\/\/truusk.store\/sv\/produkt\/truusk-upphojd-blomkruka-med-vaderbestandigt-gra-wpc-aluminiumram-100x50x555-cm-utan-bas\/","title":{"rendered":"TRUUSK Upph\u00f6jd Blomkruka med V\u00e4derbest\u00e4ndigt Gr\u00e5 WPC &#8211; Aluminiumram &#8211; 100x50x55,5 cm &#8211; Utan Bas"},"content":{"rendered":"<p>Med denna planteringsmaskin kan du ta med det gr\u00f6na var du vill. Den rymliga h\u00f6jds\u00e4ngen p\u00e5 balkongen ger gott om plats f\u00f6r jord och v\u00e4xter av alla slag.Det robusta kompositmaterialet och aluminium lovar l\u00e5ng livsl\u00e4ngd och enkel sk\u00f6tsel i m\u00e5nga \u00e5r fram\u00f6ver. Skydda dina v\u00e4xter fr\u00e5n ogr\u00e4s och till\u00e5t l\u00f6s jord med denna planteringsl\u00e5da. Tr\u00e4dg\u00e5rdssk\u00f6tsel kan vara s\u00e5 enkelt!<\/p>\n<h3>Beskrivning:<\/h3>\n<ul>\n<li>Tr\u00e4dg\u00e5rdssk\u00f6tsel enkelt och effektivt hemma<\/li>\n<li>Tillverkad av tr\u00e4-plastkomposit och aluminium: h\u00e5llbart, rostfritt, bleknar inte<\/li>\n<li>Extra djup design \u00e4ven f\u00f6r v\u00e4xter med l\u00e5nga r\u00f6tter<\/li>\n<li>Plantera blommor, \u00f6rter, gr\u00f6nsaker och vad ditt hj\u00e4rta \u00f6nskar!<\/li>\n<li>Utan botten<\/li>\n<li>F\u00f6r tr\u00e4dg\u00e5rd, balkong, terrass, innerg\u00e5rd m.m.<\/li>\n<li>Enkel konstruktion<\/li>\n<\/ul>\n<h3>Teknisk data:<\/h3>\n<ul>\n<li>Material: tr\u00e4-plastkomposit (WPC), aluminium<\/li>\n<li>F\u00e4rg gr\u00e5<\/li>\n<li>\u00d6vergripande m\u00e5tt: L100 x B50 x H55,5 cm<\/li>\n<li>M\u00e5tt p\u00e5 sidopaneler: L93 x H18 cm (stor), L43 x H18 cm (liten)<\/li>\n<\/ul>\n<h3>Leveransens omfattning:<\/h3>\n<ul>\n<li>1 x Planteringsl\u00e5da<\/li>\n<li>1 x monteringsanvisning<\/li>\n<\/ul>\n","protected":false},"excerpt":{"rendered":"<p>Med denna planteringsmaskin kan du ta med det gr\u00f6na var du vill. Den rymliga h\u00f6jds\u00e4ngen p\u00e5 balkongen ger gott om&#8230;<\/p>\n","protected":false},"featured_media":25528,"template":"","meta":[],"product_brand":[],"product_cat":[447,435,443],"product_tag":[],"class_list":{"0":"post-25527","1":"product","2":"type-product","3":"status-publish","4":"has-post-thumbnail","6":"product_cat-planteringsmaskiner","7":"product_cat-tradgard-och-terrass","8":"product_cat-vaxthus-tradgardsskotsel","10":"first","11":"instock","12":"sale","13":"taxable","14":"shipping-taxable","15":"purchasable","16":"product-type-simple"},"yoast_head":"<!-- This site is optimized with the Yoast SEO plugin v25.4 - https:\/\/yoast.com\/wordpress\/plugins\/seo\/ -->\n<title>TRUUSK Upph\u00f6jd Blomkruka med V\u00e4derbest\u00e4ndigt Gr\u00e5 WPC - Aluminiumram - 100x50x55,5 cm - Utan Bas - TRUUSK - Hem, Tr\u00e4dg\u00e5rd &amp; Fritid<\/title>\n<meta name=\"robots\" content=\"index, follow, max-snippet:-1, max-image-preview:large, max-video-preview:-1\" \/>\n<link rel=\"canonical\" href=\"https:\/\/truusk.store\/sv\/produkt\/truusk-upphojd-blomkruka-med-vaderbestandigt-gra-wpc-aluminiumram-100x50x555-cm-utan-bas\/\" \/>\n<meta property=\"og:locale\" content=\"sv_SE\" \/>\n<meta property=\"og:type\" content=\"article\" \/>\n<meta property=\"og:title\" content=\"TRUUSK Upph\u00f6jd Blomkruka med V\u00e4derbest\u00e4ndigt Gr\u00e5 WPC - Aluminiumram - 100x50x55,5 cm - Utan Bas - TRUUSK - Hem, Tr\u00e4dg\u00e5rd &amp; Fritid\" \/>\n<meta property=\"og:description\" content=\"Med denna planteringsmaskin kan du ta med det gr\u00f6na var du vill. Den rymliga h\u00f6jds\u00e4ngen p\u00e5 balkongen ger gott om...\" \/>\n<meta property=\"og:url\" content=\"https:\/\/truusk.store\/sv\/produkt\/truusk-upphojd-blomkruka-med-vaderbestandigt-gra-wpc-aluminiumram-100x50x555-cm-utan-bas\/\" \/>\n<meta property=\"og:site_name\" content=\"TRUUSK - Hem, Tr\u00e4dg\u00e5rd &amp; Fritid\" \/>\n<meta property=\"article:modified_time\" content=\"2026-03-12T08:06:20+00:00\" \/>\n<meta property=\"og:image\" content=\"https:\/\/i0.wp.com\/truusk.se\/wp-content\/uploads\/2024\/02\/upphojd-badd-plantera-blomkruka-blomlada-vaderbestandig-utan-bas-gra-wpc-aluminium-100-x-50-x-555-cm.webp?fit=800%2C800&ssl=1\" \/>\n\t<meta property=\"og:image:width\" content=\"800\" \/>\n\t<meta property=\"og:image:height\" content=\"800\" \/>\n\t<meta property=\"og:image:type\" content=\"image\/webp\" \/>\n<meta name=\"twitter:card\" content=\"summary_large_image\" \/>\n<meta name=\"twitter:label1\" content=\"Ber\u00e4knad l\u00e4stid\" \/>\n\t<meta name=\"twitter:data1\" content=\"1 minut\" \/>\n<!-- \/ Yoast SEO plugin. -->","yoast_head_json":{"title":"TRUUSK Upph\u00f6jd Blomkruka med V\u00e4derbest\u00e4ndigt Gr\u00e5 WPC - Aluminiumram - 100x50x55,5 cm - Utan Bas - TRUUSK - Hem, Tr\u00e4dg\u00e5rd &amp; Fritid","robots":{"index":"index","follow":"follow","max-snippet":"max-snippet:-1","max-image-preview":"max-image-preview:large","max-video-preview":"max-video-preview:-1"},"canonical":"https:\/\/truusk.store\/sv\/produkt\/truusk-upphojd-blomkruka-med-vaderbestandigt-gra-wpc-aluminiumram-100x50x555-cm-utan-bas\/","og_locale":"sv_SE","og_type":"article","og_title":"TRUUSK Upph\u00f6jd Blomkruka med V\u00e4derbest\u00e4ndigt Gr\u00e5 WPC - Aluminiumram - 100x50x55,5 cm - Utan Bas - TRUUSK - Hem, Tr\u00e4dg\u00e5rd &amp; Fritid","og_description":"Med denna planteringsmaskin kan du ta med det gr\u00f6na var du vill. Den rymliga h\u00f6jds\u00e4ngen p\u00e5 balkongen ger gott om...","og_url":"https:\/\/truusk.store\/sv\/produkt\/truusk-upphojd-blomkruka-med-vaderbestandigt-gra-wpc-aluminiumram-100x50x555-cm-utan-bas\/","og_site_name":"TRUUSK - Hem, Tr\u00e4dg\u00e5rd &amp; Fritid","article_modified_time":"2026-03-12T08:06:20+00:00","og_image":[{"width":800,"height":800,"url":"https:\/\/i0.wp.com\/truusk.se\/wp-content\/uploads\/2024\/02\/upphojd-badd-plantera-blomkruka-blomlada-vaderbestandig-utan-bas-gra-wpc-aluminium-100-x-50-x-555-cm.webp?fit=800%2C800&ssl=1","type":"image\/webp"}],"twitter_card":"summary_large_image","twitter_misc":{"Ber\u00e4knad l\u00e4stid":"1 minut"},"schema":{"@context":"https:\/\/schema.org","@graph":[{"@type":"WebPage","@id":"https:\/\/truusk.store\/sv\/produkt\/truusk-upphojd-blomkruka-med-vaderbestandigt-gra-wpc-aluminiumram-100x50x555-cm-utan-bas\/","url":"https:\/\/truusk.store\/sv\/produkt\/truusk-upphojd-blomkruka-med-vaderbestandigt-gra-wpc-aluminiumram-100x50x555-cm-utan-bas\/","name":"TRUUSK Upph\u00f6jd Blomkruka med V\u00e4derbest\u00e4ndigt Gr\u00e5 WPC - Aluminiumram - 100x50x55,5 cm - Utan Bas - TRUUSK - Hem, Tr\u00e4dg\u00e5rd &amp; Fritid","isPartOf":{"@id":"https:\/\/truusk.store\/sv\/#website"},"primaryImageOfPage":{"@id":"https:\/\/truusk.store\/sv\/produkt\/truusk-upphojd-blomkruka-med-vaderbestandigt-gra-wpc-aluminiumram-100x50x555-cm-utan-bas\/#primaryimage"},"image":{"@id":"https:\/\/truusk.store\/sv\/produkt\/truusk-upphojd-blomkruka-med-vaderbestandigt-gra-wpc-aluminiumram-100x50x555-cm-utan-bas\/#primaryimage"},"thumbnailUrl":"https:\/\/i0.wp.com\/truusk.store\/wp-content\/uploads\/2024\/02\/upphojd-badd-plantera-blomkruka-blomlada-vaderbestandig-utan-bas-gra-wpc-aluminium-100-x-50-x-555-cm.webp?fit=800%2C800&ssl=1","datePublished":"2024-02-13T16:58:56+00:00","dateModified":"2026-03-12T08:06:20+00:00","breadcrumb":{"@id":"https:\/\/truusk.store\/sv\/produkt\/truusk-upphojd-blomkruka-med-vaderbestandigt-gra-wpc-aluminiumram-100x50x555-cm-utan-bas\/#breadcrumb"},"inLanguage":"sv-SE","potentialAction":[{"@type":"ReadAction","target":["https:\/\/truusk.store\/sv\/produkt\/truusk-upphojd-blomkruka-med-vaderbestandigt-gra-wpc-aluminiumram-100x50x555-cm-utan-bas\/"]}]},{"@type":"ImageObject","inLanguage":"sv-SE","@id":"https:\/\/truusk.store\/sv\/produkt\/truusk-upphojd-blomkruka-med-vaderbestandigt-gra-wpc-aluminiumram-100x50x555-cm-utan-bas\/#primaryimage","url":"https:\/\/i0.wp.com\/truusk.store\/wp-content\/uploads\/2024\/02\/upphojd-badd-plantera-blomkruka-blomlada-vaderbestandig-utan-bas-gra-wpc-aluminium-100-x-50-x-555-cm.webp?fit=800%2C800&ssl=1","contentUrl":"https:\/\/i0.wp.com\/truusk.store\/wp-content\/uploads\/2024\/02\/upphojd-badd-plantera-blomkruka-blomlada-vaderbestandig-utan-bas-gra-wpc-aluminium-100-x-50-x-555-cm.webp?fit=800%2C800&ssl=1","width":800,"height":800,"caption":"Upph\u00f6jd B\u00e4dd Plantera Blomkruka Bloml\u00e5da V\u00e4derbest\u00e4ndig Utan Bas Gr\u00e5 WPC + Aluminium 100 X 50 X 55,5 Cm 1"},{"@type":"BreadcrumbList","@id":"https:\/\/truusk.store\/sv\/produkt\/truusk-upphojd-blomkruka-med-vaderbestandigt-gra-wpc-aluminiumram-100x50x555-cm-utan-bas\/#breadcrumb","itemListElement":[{"@type":"ListItem","position":1,"name":"Home","item":"https:\/\/truusk.store\/sv\/"},{"@type":"ListItem","position":2,"name":"Shop","item":"https:\/\/truusk.store\/shop\/"},{"@type":"ListItem","position":3,"name":"TRUUSK Upph\u00f6jd Blomkruka med V\u00e4derbest\u00e4ndigt Gr\u00e5 WPC &#8211; Aluminiumram &#8211; 100x50x55,5 cm &#8211; Utan Bas"}]},{"@type":"WebSite","@id":"https:\/\/truusk.store\/sv\/#website","url":"https:\/\/truusk.store\/sv\/","name":"TRUUSK - Hem, Tr\u00e4dg\u00e5rd & Fritid","description":"","publisher":{"@id":"https:\/\/truusk.store\/sv\/#organization"},"potentialAction":[{"@type":"SearchAction","target":{"@type":"EntryPoint","urlTemplate":"https:\/\/truusk.store\/sv\/?s={search_term_string}"},"query-input":{"@type":"PropertyValueSpecification","valueRequired":true,"valueName":"search_term_string"}}],"inLanguage":"sv-SE"},{"@type":"Organization","@id":"https:\/\/truusk.store\/sv\/#organization","name":"TRUUSK - Hem, Tr\u00e4dg\u00e5rd & Fritid","url":"https:\/\/truusk.store\/sv\/","logo":{"@type":"ImageObject","inLanguage":"sv-SE","@id":"https:\/\/truusk.store\/sv\/#\/schema\/logo\/image\/","url":"https:\/\/i0.wp.com\/truusk.store\/wp-content\/uploads\/2026\/03\/cropped-TRUUSK.png?fit=2032%2C917&ssl=1","contentUrl":"https:\/\/i0.wp.com\/truusk.store\/wp-content\/uploads\/2026\/03\/cropped-TRUUSK.png?fit=2032%2C917&ssl=1","width":2032,"height":917,"caption":"TRUUSK - Hem, Tr\u00e4dg\u00e5rd & Fritid"},"image":{"@id":"https:\/\/truusk.store\/sv\/#\/schema\/logo\/image\/"}}]}},"jetpack_sharing_enabled":true,"_links":{"self":[{"href":"https:\/\/truusk.store\/sv\/wp-json\/wp\/v2\/product\/25527","targetHints":{"allow":["GET"]}}],"collection":[{"href":"https:\/\/truusk.store\/sv\/wp-json\/wp\/v2\/product"}],"about":[{"href":"https:\/\/truusk.store\/sv\/wp-json\/wp\/v2\/types\/product"}],"wp:featuredmedia":[{"embeddable":true,"href":"https:\/\/truusk.store\/sv\/wp-json\/wp\/v2\/media\/25528"}],"wp:attachment":[{"href":"https:\/\/truusk.store\/sv\/wp-json\/wp\/v2\/media?parent=25527"}],"wp:term":[{"taxonomy":"product_brand","embeddable":true,"href":"https:\/\/truusk.store\/sv\/wp-json\/wp\/v2\/product_brand?post=25527"},{"taxonomy":"product_cat","embeddable":true,"href":"https:\/\/truusk.store\/sv\/wp-json\/wp\/v2\/product_cat?post=25527"},{"taxonomy":"product_tag","embeddable":true,"href":"https:\/\/truusk.store\/sv\/wp-json\/wp\/v2\/product_tag?post=25527"}],"curies":[{"name":"wp","href":"https:\/\/api.w.org\/{rel}","templated":true}]}}