{"id":25549,"date":"2024-02-13T17:59:43","date_gmt":"2024-02-13T16:59:43","guid":{"rendered":"https:\/\/truusk.store\/product\/solar-tradgardslykta-med-3-lagor-solcellslykta-vagljus-med-led-120-lumen-ip44-201-rostfritt-stal-svart-515-x-47-x-1825-cm\/"},"modified":"2026-03-12T09:06:21","modified_gmt":"2026-03-12T08:06:21","slug":"truusk-solcells-tradgardslykta-med-3-lagor-led-vagljus-120-lumen-ip44-rostfritt-stal-svart-515-x-47-x-1825-cm","status":"publish","type":"product","link":"https:\/\/truusk.store\/sv\/produkt\/truusk-solcells-tradgardslykta-med-3-lagor-led-vagljus-120-lumen-ip44-rostfritt-stal-svart-515-x-47-x-1825-cm\/","title":{"rendered":"TRUUSK Solcells Tr\u00e4dg\u00e5rdslykta Med 3 L\u00e5gor &#8211; LED V\u00e4gljus &#8211; 120 Lumen &#8211; IP44 &#8211; Rostfritt St\u00e5l &#8211; Svart &#8211; 51,5 x 47 x 182,5 cm"},"content":{"rendered":"<p>Utomhuspostlampan med 3 solcellslampor har ett avtagbart och dimbart LED-ljus och en automatisk ljussensor f\u00f6r bekv\u00e4m belysning p\u00e5 natten. Den energibesparande tr\u00e4dg\u00e5rdslampan kan lysa i upp till 6 timmar n\u00e4r den \u00e4r fulladdad av solpanelen. De vattent\u00e4ta materialen och den eleganta stilen g\u00f6r solcellsljuset till ett perfekt komplement till dina tr\u00e4dg\u00e5rdar, stigar, uteplatser, d\u00e4ck, vid poolen och s\u00e5 vidare.<\/p>\n<h3>Beskrivning:<\/h3>\n<ul>\n<li>Den avtagbara LED-lampan \u00e4r dimbar med hj\u00e4lp av str\u00f6mkontrollen p\u00e5 undersidan av locket<\/li>\n<li>Den automatiska ljussensorn aktiveras i skymningen n\u00e4r UV-luminansen \u00e4r l\u00e4gre \u00e4n 3LUX<\/li>\n<li>Den energieffektiva tr\u00e4dg\u00e5rdslampan har 3 lampor, som var och en inneh\u00e5ller 4 stycken a-Si solpaneler<\/li>\n<li>Lampan varar upp till 6 timmar n\u00e4r den \u00e4r fulladdad med solenergi<\/li>\n<li>Lampst\u00e5ng i rostfritt st\u00e5l kopplad till en avtagbar plastfot f\u00f6r stabilitet och h\u00e5llbarhet<\/li>\n<li>IP44-klassade material g\u00f6r dem idealiska f\u00f6r utomhusmilj\u00f6er<\/li>\n<\/ul>\n<h3>Teknisk data:<\/h3>\n<ul>\n<li>Material: 201 rostfritt st\u00e5l, plast<\/li>\n<li>Svart f\u00e4rg<\/li>\n<li>\u00d6vergripande m\u00e5tt: 51,5L x 47W x 182,5H cm<\/li>\n<li>Vattent\u00e5lighet: IP44<\/li>\n<li>Tillbeh\u00f6r: p\u00e5lar, skruvar<\/li>\n<li>F\u00e4rgtemperatur: 4000K<\/li>\n<li>Ljusstyrka: 120lm<\/li>\n<li>Montering kr\u00e4vs<\/li>\n<\/ul>\n<h3>Leveransens omfattning:<\/h3>\n<ul>\n<li>1 x solenergi tr\u00e4dg\u00e5rdslykta<\/li>\n<li>Instruktioner<\/li>\n<\/ul>\n","protected":false},"excerpt":{"rendered":"<p>Utomhuspostlampan med 3 solcellslampor har ett avtagbart och dimbart LED-ljus och en automatisk ljussensor f\u00f6r bekv\u00e4m belysning p\u00e5 natten. Den&#8230;<\/p>\n","protected":false},"featured_media":25550,"template":"","meta":[],"product_brand":[],"product_cat":[435,465,464],"product_tag":[],"class_list":{"0":"post-25549","1":"product","2":"type-product","3":"status-publish","4":"has-post-thumbnail","6":"product_cat-tradgard-och-terrass","7":"product_cat-tradgardsbelysning","8":"product_cat-tradgardsdekoration","10":"first","11":"instock","12":"sale","13":"taxable","14":"shipping-taxable","15":"purchasable","16":"product-type-simple"},"yoast_head":"<!-- This site is optimized with the Yoast SEO plugin v25.4 - https:\/\/yoast.com\/wordpress\/plugins\/seo\/ -->\n<title>TRUUSK Solcells Tr\u00e4dg\u00e5rdslykta Med 3 L\u00e5gor - LED V\u00e4gljus - 120 Lumen - IP44 - Rostfritt St\u00e5l - Svart - 51,5 x 47 x 182,5 cm - TRUUSK - Hem, Tr\u00e4dg\u00e5rd &amp; Fritid<\/title>\n<meta name=\"robots\" content=\"index, follow, max-snippet:-1, max-image-preview:large, max-video-preview:-1\" \/>\n<link rel=\"canonical\" href=\"https:\/\/truusk.store\/sv\/produkt\/truusk-solcells-tradgardslykta-med-3-lagor-led-vagljus-120-lumen-ip44-rostfritt-stal-svart-515-x-47-x-1825-cm\/\" \/>\n<meta property=\"og:locale\" content=\"sv_SE\" \/>\n<meta property=\"og:type\" content=\"article\" \/>\n<meta property=\"og:title\" content=\"TRUUSK Solcells Tr\u00e4dg\u00e5rdslykta Med 3 L\u00e5gor - LED V\u00e4gljus - 120 Lumen - IP44 - Rostfritt St\u00e5l - Svart - 51,5 x 47 x 182,5 cm - TRUUSK - Hem, Tr\u00e4dg\u00e5rd &amp; Fritid\" \/>\n<meta property=\"og:description\" content=\"Utomhuspostlampan med 3 solcellslampor har ett avtagbart och dimbart LED-ljus och en automatisk ljussensor f\u00f6r bekv\u00e4m belysning p\u00e5 natten. Den...\" \/>\n<meta property=\"og:url\" content=\"https:\/\/truusk.store\/sv\/produkt\/truusk-solcells-tradgardslykta-med-3-lagor-led-vagljus-120-lumen-ip44-rostfritt-stal-svart-515-x-47-x-1825-cm\/\" \/>\n<meta property=\"og:site_name\" content=\"TRUUSK - Hem, Tr\u00e4dg\u00e5rd &amp; Fritid\" \/>\n<meta property=\"article:modified_time\" content=\"2026-03-12T08:06:21+00:00\" \/>\n<meta property=\"og:image\" content=\"https:\/\/i0.wp.com\/truusk.se\/wp-content\/uploads\/2024\/02\/solar-tradgardslykta-med-3-lagor-solcellslykta-vagljus-med-led-120-lumen-ip44-201-rostfritt-stal-svart-515-x-47-x-1825-cm.webp?fit=800%2C800&ssl=1\" \/>\n\t<meta property=\"og:image:width\" content=\"800\" \/>\n\t<meta property=\"og:image:height\" content=\"800\" \/>\n\t<meta property=\"og:image:type\" content=\"image\/webp\" \/>\n<meta name=\"twitter:card\" content=\"summary_large_image\" \/>\n<meta name=\"twitter:label1\" content=\"Ber\u00e4knad l\u00e4stid\" \/>\n\t<meta name=\"twitter:data1\" content=\"1 minut\" \/>\n<!-- \/ Yoast SEO plugin. -->","yoast_head_json":{"title":"TRUUSK Solcells Tr\u00e4dg\u00e5rdslykta Med 3 L\u00e5gor - LED V\u00e4gljus - 120 Lumen - IP44 - Rostfritt St\u00e5l - Svart - 51,5 x 47 x 182,5 cm - TRUUSK - Hem, Tr\u00e4dg\u00e5rd &amp; Fritid","robots":{"index":"index","follow":"follow","max-snippet":"max-snippet:-1","max-image-preview":"max-image-preview:large","max-video-preview":"max-video-preview:-1"},"canonical":"https:\/\/truusk.store\/sv\/produkt\/truusk-solcells-tradgardslykta-med-3-lagor-led-vagljus-120-lumen-ip44-rostfritt-stal-svart-515-x-47-x-1825-cm\/","og_locale":"sv_SE","og_type":"article","og_title":"TRUUSK Solcells Tr\u00e4dg\u00e5rdslykta Med 3 L\u00e5gor - LED V\u00e4gljus - 120 Lumen - IP44 - Rostfritt St\u00e5l - Svart - 51,5 x 47 x 182,5 cm - TRUUSK - Hem, Tr\u00e4dg\u00e5rd &amp; Fritid","og_description":"Utomhuspostlampan med 3 solcellslampor har ett avtagbart och dimbart LED-ljus och en automatisk ljussensor f\u00f6r bekv\u00e4m belysning p\u00e5 natten. Den...","og_url":"https:\/\/truusk.store\/sv\/produkt\/truusk-solcells-tradgardslykta-med-3-lagor-led-vagljus-120-lumen-ip44-rostfritt-stal-svart-515-x-47-x-1825-cm\/","og_site_name":"TRUUSK - Hem, Tr\u00e4dg\u00e5rd &amp; Fritid","article_modified_time":"2026-03-12T08:06:21+00:00","og_image":[{"width":800,"height":800,"url":"https:\/\/i0.wp.com\/truusk.se\/wp-content\/uploads\/2024\/02\/solar-tradgardslykta-med-3-lagor-solcellslykta-vagljus-med-led-120-lumen-ip44-201-rostfritt-stal-svart-515-x-47-x-1825-cm.webp?fit=800%2C800&ssl=1","type":"image\/webp"}],"twitter_card":"summary_large_image","twitter_misc":{"Ber\u00e4knad l\u00e4stid":"1 minut"},"schema":{"@context":"https:\/\/schema.org","@graph":[{"@type":"WebPage","@id":"https:\/\/truusk.store\/sv\/produkt\/truusk-solcells-tradgardslykta-med-3-lagor-led-vagljus-120-lumen-ip44-rostfritt-stal-svart-515-x-47-x-1825-cm\/","url":"https:\/\/truusk.store\/sv\/produkt\/truusk-solcells-tradgardslykta-med-3-lagor-led-vagljus-120-lumen-ip44-rostfritt-stal-svart-515-x-47-x-1825-cm\/","name":"TRUUSK Solcells Tr\u00e4dg\u00e5rdslykta Med 3 L\u00e5gor - LED V\u00e4gljus - 120 Lumen - IP44 - Rostfritt St\u00e5l - Svart - 51,5 x 47 x 182,5 cm - TRUUSK - Hem, Tr\u00e4dg\u00e5rd &amp; Fritid","isPartOf":{"@id":"https:\/\/truusk.store\/sv\/#website"},"primaryImageOfPage":{"@id":"https:\/\/truusk.store\/sv\/produkt\/truusk-solcells-tradgardslykta-med-3-lagor-led-vagljus-120-lumen-ip44-rostfritt-stal-svart-515-x-47-x-1825-cm\/#primaryimage"},"image":{"@id":"https:\/\/truusk.store\/sv\/produkt\/truusk-solcells-tradgardslykta-med-3-lagor-led-vagljus-120-lumen-ip44-rostfritt-stal-svart-515-x-47-x-1825-cm\/#primaryimage"},"thumbnailUrl":"https:\/\/i0.wp.com\/truusk.store\/wp-content\/uploads\/2024\/02\/solar-tradgardslykta-med-3-lagor-solcellslykta-vagljus-med-led-120-lumen-ip44-201-rostfritt-stal-svart-515-x-47-x-1825-cm.webp?fit=800%2C800&ssl=1","datePublished":"2024-02-13T16:59:43+00:00","dateModified":"2026-03-12T08:06:21+00:00","breadcrumb":{"@id":"https:\/\/truusk.store\/sv\/produkt\/truusk-solcells-tradgardslykta-med-3-lagor-led-vagljus-120-lumen-ip44-rostfritt-stal-svart-515-x-47-x-1825-cm\/#breadcrumb"},"inLanguage":"sv-SE","potentialAction":[{"@type":"ReadAction","target":["https:\/\/truusk.store\/sv\/produkt\/truusk-solcells-tradgardslykta-med-3-lagor-led-vagljus-120-lumen-ip44-rostfritt-stal-svart-515-x-47-x-1825-cm\/"]}]},{"@type":"ImageObject","inLanguage":"sv-SE","@id":"https:\/\/truusk.store\/sv\/produkt\/truusk-solcells-tradgardslykta-med-3-lagor-led-vagljus-120-lumen-ip44-rostfritt-stal-svart-515-x-47-x-1825-cm\/#primaryimage","url":"https:\/\/i0.wp.com\/truusk.store\/wp-content\/uploads\/2024\/02\/solar-tradgardslykta-med-3-lagor-solcellslykta-vagljus-med-led-120-lumen-ip44-201-rostfritt-stal-svart-515-x-47-x-1825-cm.webp?fit=800%2C800&ssl=1","contentUrl":"https:\/\/i0.wp.com\/truusk.store\/wp-content\/uploads\/2024\/02\/solar-tradgardslykta-med-3-lagor-solcellslykta-vagljus-med-led-120-lumen-ip44-201-rostfritt-stal-svart-515-x-47-x-1825-cm.webp?fit=800%2C800&ssl=1","width":800,"height":800,"caption":"Solar Tr\u00e4dg\u00e5rdslykta Med 3 L\u00e5gor, Solcellslykta, V\u00e4gljus Med LED, 120 Lumen, IP44 201, Rostfritt St\u00e5l, Svart, 51,5 X 47 X 182,5 Cm 1"},{"@type":"BreadcrumbList","@id":"https:\/\/truusk.store\/sv\/produkt\/truusk-solcells-tradgardslykta-med-3-lagor-led-vagljus-120-lumen-ip44-rostfritt-stal-svart-515-x-47-x-1825-cm\/#breadcrumb","itemListElement":[{"@type":"ListItem","position":1,"name":"Home","item":"https:\/\/truusk.store\/sv\/"},{"@type":"ListItem","position":2,"name":"Shop","item":"https:\/\/truusk.store\/shop\/"},{"@type":"ListItem","position":3,"name":"TRUUSK Solcells Tr\u00e4dg\u00e5rdslykta Med 3 L\u00e5gor &#8211; LED V\u00e4gljus &#8211; 120 Lumen &#8211; IP44 &#8211; Rostfritt St\u00e5l &#8211; Svart &#8211; 51,5 x 47 x 182,5 cm"}]},{"@type":"WebSite","@id":"https:\/\/truusk.store\/sv\/#website","url":"https:\/\/truusk.store\/sv\/","name":"TRUUSK - Hem, Tr\u00e4dg\u00e5rd & Fritid","description":"","publisher":{"@id":"https:\/\/truusk.store\/sv\/#organization"},"potentialAction":[{"@type":"SearchAction","target":{"@type":"EntryPoint","urlTemplate":"https:\/\/truusk.store\/sv\/?s={search_term_string}"},"query-input":{"@type":"PropertyValueSpecification","valueRequired":true,"valueName":"search_term_string"}}],"inLanguage":"sv-SE"},{"@type":"Organization","@id":"https:\/\/truusk.store\/sv\/#organization","name":"TRUUSK - Hem, Tr\u00e4dg\u00e5rd & Fritid","url":"https:\/\/truusk.store\/sv\/","logo":{"@type":"ImageObject","inLanguage":"sv-SE","@id":"https:\/\/truusk.store\/sv\/#\/schema\/logo\/image\/","url":"https:\/\/i0.wp.com\/truusk.store\/wp-content\/uploads\/2026\/03\/cropped-TRUUSK.png?fit=2032%2C917&ssl=1","contentUrl":"https:\/\/i0.wp.com\/truusk.store\/wp-content\/uploads\/2026\/03\/cropped-TRUUSK.png?fit=2032%2C917&ssl=1","width":2032,"height":917,"caption":"TRUUSK - Hem, Tr\u00e4dg\u00e5rd & Fritid"},"image":{"@id":"https:\/\/truusk.store\/sv\/#\/schema\/logo\/image\/"}}]}},"jetpack_sharing_enabled":true,"_links":{"self":[{"href":"https:\/\/truusk.store\/sv\/wp-json\/wp\/v2\/product\/25549","targetHints":{"allow":["GET"]}}],"collection":[{"href":"https:\/\/truusk.store\/sv\/wp-json\/wp\/v2\/product"}],"about":[{"href":"https:\/\/truusk.store\/sv\/wp-json\/wp\/v2\/types\/product"}],"wp:featuredmedia":[{"embeddable":true,"href":"https:\/\/truusk.store\/sv\/wp-json\/wp\/v2\/media\/25550"}],"wp:attachment":[{"href":"https:\/\/truusk.store\/sv\/wp-json\/wp\/v2\/media?parent=25549"}],"wp:term":[{"taxonomy":"product_brand","embeddable":true,"href":"https:\/\/truusk.store\/sv\/wp-json\/wp\/v2\/product_brand?post=25549"},{"taxonomy":"product_cat","embeddable":true,"href":"https:\/\/truusk.store\/sv\/wp-json\/wp\/v2\/product_cat?post=25549"},{"taxonomy":"product_tag","embeddable":true,"href":"https:\/\/truusk.store\/sv\/wp-json\/wp\/v2\/product_tag?post=25549"}],"curies":[{"name":"wp","href":"https:\/\/api.w.org\/{rel}","templated":true}]}}