{"id":25613,"date":"2024-02-13T18:02:29","date_gmt":"2024-02-13T17:02:29","guid":{"rendered":"https:\/\/truusk.store\/product\/staende-markis-45-x-34-m-uteplats-kapell-tradgardsmarkis-med-vikarm-vev-terrass-kram-aluminium-metall\/"},"modified":"2026-03-12T09:06:22","modified_gmt":"2026-03-12T08:06:22","slug":"truusk-staende-markis-45-x-34-m-uteplats-kapell-vikarm-vev-terrass-kram-aluminium-metall","status":"publish","type":"product","link":"https:\/\/truusk.store\/sv\/produkt\/truusk-staende-markis-45-x-34-m-uteplats-kapell-vikarm-vev-terrass-kram-aluminium-metall\/","title":{"rendered":"TRUUSK St\u00e5ende Markis 4,5 x 3,4 m &#8211; Uteplats Kapell &#8211; Vikarm Vev &#8211; Terrass &#8211; Kr\u00e4m &#8211; Aluminium Metall"},"content":{"rendered":"<p>H\u00e5ll huvudet kallt \u00e4ven under varma dagar tack vare denna fantastiska skuggleverant\u00f6r! Denna frist\u00e5ende markis kan enkelt s\u00e4ttas upp i tr\u00e4dg\u00e5rden eller som en uteplats. Med handveven kan du \u00f6ppna eller f\u00e4lla f\u00f6rt\u00e4ltet p\u00e5 en g\u00e5ng. Dessutom kan soltakets lutningsvinkel enkelt justeras s\u00e5 att du f\u00f6rblir i behaglig skugga oavsett solens l\u00e4ge: S\u00e5 kan sommaren komma!<\/p>\n<h3>Beskrivning:<\/h3>\n<ul>\n<li>St\u00e5ende markis som skuggf\u00f6rs\u00f6rjning f\u00f6r tr\u00e4dg\u00e5rden, g\u00e5rden, terrassen och andra uteplatser<\/li>\n<li>Robust och stabil ram av pulverlackerad metall<\/li>\n<li>Vattenavvisande tak av PU-belagd polyester<\/li>\n<li>Justering av takets lutningsvinkel med hj\u00e4lp av f\u00e4llbara armar<\/li>\n<li>L\u00e4tt att \u00f6ppna och st\u00e4nga med smidig handvev<\/li>\n<li>Stor bas f\u00f6r \u00f6kad stabilitet<\/li>\n<li>Enkel konstruktion<\/li>\n<li>Varning: Dra in markisen n\u00e4r det regnar f\u00f6r att undvika \u00f6verbelastning av takluckan, vilket kan g\u00f6ra att den kollapsar.<\/li>\n<\/ul>\n<h3>Teknisk data:<\/h3>\n<ul>\n<li>Material: polyester, j\u00e4rn, aluminium<\/li>\n<li>F\u00e4rg: Kr\u00e4m<\/li>\n<li>M\u00e5tt: 450L x 340W x 255H cm<\/li>\n<li>Vevl\u00e4ngd: 150 cm<\/li>\n<li>Storlek p\u00e5 korsbasen: 90L x 90W x 4H cm<\/li>\n<\/ul>\n<h3>Leveransens omfattning:<\/h3>\n<ul>\n<li>1 x st\u00e5ende markis<\/li>\n<li>1 x Monteringsanvisning<\/li>\n<\/ul>\n","protected":false},"excerpt":{"rendered":"<p>H\u00e5ll huvudet kallt \u00e4ven under varma dagar tack vare denna fantastiska skuggleverant\u00f6r! Denna frist\u00e5ende markis kan enkelt s\u00e4ttas upp i&#8230;<\/p>\n","protected":false},"featured_media":25614,"template":"","meta":[],"product_brand":[],"product_cat":[473,471,435],"product_tag":[],"class_list":{"0":"post-25613","1":"product","2":"type-product","3":"status-publish","4":"has-post-thumbnail","6":"product_cat-markiser","7":"product_cat-solskydd-integritetsskydd","8":"product_cat-tradgard-och-terrass","10":"first","11":"instock","12":"sale","13":"taxable","14":"shipping-taxable","15":"purchasable","16":"product-type-simple"},"yoast_head":"<!-- This site is optimized with the Yoast SEO plugin v25.4 - https:\/\/yoast.com\/wordpress\/plugins\/seo\/ -->\n<title>TRUUSK St\u00e5ende Markis 4,5 x 3,4 m - Uteplats Kapell - Vikarm Vev - Terrass - Kr\u00e4m - Aluminium Metall - TRUUSK - Hem, Tr\u00e4dg\u00e5rd &amp; Fritid<\/title>\n<meta name=\"robots\" content=\"index, follow, max-snippet:-1, max-image-preview:large, max-video-preview:-1\" \/>\n<link rel=\"canonical\" href=\"https:\/\/truusk.store\/sv\/produkt\/truusk-staende-markis-45-x-34-m-uteplats-kapell-vikarm-vev-terrass-kram-aluminium-metall\/\" \/>\n<meta property=\"og:locale\" content=\"sv_SE\" \/>\n<meta property=\"og:type\" content=\"article\" \/>\n<meta property=\"og:title\" content=\"TRUUSK St\u00e5ende Markis 4,5 x 3,4 m - Uteplats Kapell - Vikarm Vev - Terrass - Kr\u00e4m - Aluminium Metall - TRUUSK - Hem, Tr\u00e4dg\u00e5rd &amp; Fritid\" \/>\n<meta property=\"og:description\" content=\"H\u00e5ll huvudet kallt \u00e4ven under varma dagar tack vare denna fantastiska skuggleverant\u00f6r! Denna frist\u00e5ende markis kan enkelt s\u00e4ttas upp i...\" \/>\n<meta property=\"og:url\" content=\"https:\/\/truusk.store\/sv\/produkt\/truusk-staende-markis-45-x-34-m-uteplats-kapell-vikarm-vev-terrass-kram-aluminium-metall\/\" \/>\n<meta property=\"og:site_name\" content=\"TRUUSK - Hem, Tr\u00e4dg\u00e5rd &amp; Fritid\" \/>\n<meta property=\"article:modified_time\" content=\"2026-03-12T08:06:22+00:00\" \/>\n<meta property=\"og:image\" content=\"https:\/\/i0.wp.com\/truusk.se\/wp-content\/uploads\/2024\/02\/staende-markis-45-x-34-m-uteplats-kapell-tradgardsmarkis-med-vikarm-vev-terrass-kram-aluminium-metall.webp?fit=800%2C800&ssl=1\" \/>\n\t<meta property=\"og:image:width\" content=\"800\" \/>\n\t<meta property=\"og:image:height\" content=\"800\" \/>\n\t<meta property=\"og:image:type\" content=\"image\/webp\" \/>\n<meta name=\"twitter:card\" content=\"summary_large_image\" \/>\n<meta name=\"twitter:label1\" content=\"Ber\u00e4knad l\u00e4stid\" \/>\n\t<meta name=\"twitter:data1\" content=\"1 minut\" \/>\n<!-- \/ Yoast SEO plugin. -->","yoast_head_json":{"title":"TRUUSK St\u00e5ende Markis 4,5 x 3,4 m - Uteplats Kapell - Vikarm Vev - Terrass - Kr\u00e4m - Aluminium Metall - TRUUSK - Hem, Tr\u00e4dg\u00e5rd &amp; Fritid","robots":{"index":"index","follow":"follow","max-snippet":"max-snippet:-1","max-image-preview":"max-image-preview:large","max-video-preview":"max-video-preview:-1"},"canonical":"https:\/\/truusk.store\/sv\/produkt\/truusk-staende-markis-45-x-34-m-uteplats-kapell-vikarm-vev-terrass-kram-aluminium-metall\/","og_locale":"sv_SE","og_type":"article","og_title":"TRUUSK St\u00e5ende Markis 4,5 x 3,4 m - Uteplats Kapell - Vikarm Vev - Terrass - Kr\u00e4m - Aluminium Metall - TRUUSK - Hem, Tr\u00e4dg\u00e5rd &amp; Fritid","og_description":"H\u00e5ll huvudet kallt \u00e4ven under varma dagar tack vare denna fantastiska skuggleverant\u00f6r! Denna frist\u00e5ende markis kan enkelt s\u00e4ttas upp i...","og_url":"https:\/\/truusk.store\/sv\/produkt\/truusk-staende-markis-45-x-34-m-uteplats-kapell-vikarm-vev-terrass-kram-aluminium-metall\/","og_site_name":"TRUUSK - Hem, Tr\u00e4dg\u00e5rd &amp; Fritid","article_modified_time":"2026-03-12T08:06:22+00:00","og_image":[{"width":800,"height":800,"url":"https:\/\/i0.wp.com\/truusk.se\/wp-content\/uploads\/2024\/02\/staende-markis-45-x-34-m-uteplats-kapell-tradgardsmarkis-med-vikarm-vev-terrass-kram-aluminium-metall.webp?fit=800%2C800&ssl=1","type":"image\/webp"}],"twitter_card":"summary_large_image","twitter_misc":{"Ber\u00e4knad l\u00e4stid":"1 minut"},"schema":{"@context":"https:\/\/schema.org","@graph":[{"@type":"WebPage","@id":"https:\/\/truusk.store\/sv\/produkt\/truusk-staende-markis-45-x-34-m-uteplats-kapell-vikarm-vev-terrass-kram-aluminium-metall\/","url":"https:\/\/truusk.store\/sv\/produkt\/truusk-staende-markis-45-x-34-m-uteplats-kapell-vikarm-vev-terrass-kram-aluminium-metall\/","name":"TRUUSK St\u00e5ende Markis 4,5 x 3,4 m - Uteplats Kapell - Vikarm Vev - Terrass - Kr\u00e4m - Aluminium Metall - TRUUSK - Hem, Tr\u00e4dg\u00e5rd &amp; Fritid","isPartOf":{"@id":"https:\/\/truusk.store\/sv\/#website"},"primaryImageOfPage":{"@id":"https:\/\/truusk.store\/sv\/produkt\/truusk-staende-markis-45-x-34-m-uteplats-kapell-vikarm-vev-terrass-kram-aluminium-metall\/#primaryimage"},"image":{"@id":"https:\/\/truusk.store\/sv\/produkt\/truusk-staende-markis-45-x-34-m-uteplats-kapell-vikarm-vev-terrass-kram-aluminium-metall\/#primaryimage"},"thumbnailUrl":"https:\/\/i0.wp.com\/truusk.store\/wp-content\/uploads\/2024\/02\/staende-markis-45-x-34-m-uteplats-kapell-tradgardsmarkis-med-vikarm-vev-terrass-kram-aluminium-metall.webp?fit=800%2C800&ssl=1","datePublished":"2024-02-13T17:02:29+00:00","dateModified":"2026-03-12T08:06:22+00:00","breadcrumb":{"@id":"https:\/\/truusk.store\/sv\/produkt\/truusk-staende-markis-45-x-34-m-uteplats-kapell-vikarm-vev-terrass-kram-aluminium-metall\/#breadcrumb"},"inLanguage":"sv-SE","potentialAction":[{"@type":"ReadAction","target":["https:\/\/truusk.store\/sv\/produkt\/truusk-staende-markis-45-x-34-m-uteplats-kapell-vikarm-vev-terrass-kram-aluminium-metall\/"]}]},{"@type":"ImageObject","inLanguage":"sv-SE","@id":"https:\/\/truusk.store\/sv\/produkt\/truusk-staende-markis-45-x-34-m-uteplats-kapell-vikarm-vev-terrass-kram-aluminium-metall\/#primaryimage","url":"https:\/\/i0.wp.com\/truusk.store\/wp-content\/uploads\/2024\/02\/staende-markis-45-x-34-m-uteplats-kapell-tradgardsmarkis-med-vikarm-vev-terrass-kram-aluminium-metall.webp?fit=800%2C800&ssl=1","contentUrl":"https:\/\/i0.wp.com\/truusk.store\/wp-content\/uploads\/2024\/02\/staende-markis-45-x-34-m-uteplats-kapell-tradgardsmarkis-med-vikarm-vev-terrass-kram-aluminium-metall.webp?fit=800%2C800&ssl=1","width":800,"height":800,"caption":"St\u00e5ende Markis 4,5 X 3,4 M Uteplats Kapell Tr\u00e4dg\u00e5rdsmarkis Med Vikarm Vev Terrass Kr\u00e4m Aluminium Metall 1"},{"@type":"BreadcrumbList","@id":"https:\/\/truusk.store\/sv\/produkt\/truusk-staende-markis-45-x-34-m-uteplats-kapell-vikarm-vev-terrass-kram-aluminium-metall\/#breadcrumb","itemListElement":[{"@type":"ListItem","position":1,"name":"Home","item":"https:\/\/truusk.store\/sv\/"},{"@type":"ListItem","position":2,"name":"Shop","item":"https:\/\/truusk.store\/shop\/"},{"@type":"ListItem","position":3,"name":"TRUUSK St\u00e5ende Markis 4,5 x 3,4 m &#8211; Uteplats Kapell &#8211; Vikarm Vev &#8211; Terrass &#8211; Kr\u00e4m &#8211; Aluminium Metall"}]},{"@type":"WebSite","@id":"https:\/\/truusk.store\/sv\/#website","url":"https:\/\/truusk.store\/sv\/","name":"TRUUSK - Hem, Tr\u00e4dg\u00e5rd & Fritid","description":"","publisher":{"@id":"https:\/\/truusk.store\/sv\/#organization"},"potentialAction":[{"@type":"SearchAction","target":{"@type":"EntryPoint","urlTemplate":"https:\/\/truusk.store\/sv\/?s={search_term_string}"},"query-input":{"@type":"PropertyValueSpecification","valueRequired":true,"valueName":"search_term_string"}}],"inLanguage":"sv-SE"},{"@type":"Organization","@id":"https:\/\/truusk.store\/sv\/#organization","name":"TRUUSK - Hem, Tr\u00e4dg\u00e5rd & Fritid","url":"https:\/\/truusk.store\/sv\/","logo":{"@type":"ImageObject","inLanguage":"sv-SE","@id":"https:\/\/truusk.store\/sv\/#\/schema\/logo\/image\/","url":"https:\/\/i0.wp.com\/truusk.store\/wp-content\/uploads\/2026\/03\/cropped-TRUUSK.png?fit=2032%2C917&ssl=1","contentUrl":"https:\/\/i0.wp.com\/truusk.store\/wp-content\/uploads\/2026\/03\/cropped-TRUUSK.png?fit=2032%2C917&ssl=1","width":2032,"height":917,"caption":"TRUUSK - Hem, Tr\u00e4dg\u00e5rd & Fritid"},"image":{"@id":"https:\/\/truusk.store\/sv\/#\/schema\/logo\/image\/"}}]}},"jetpack_sharing_enabled":true,"_links":{"self":[{"href":"https:\/\/truusk.store\/sv\/wp-json\/wp\/v2\/product\/25613","targetHints":{"allow":["GET"]}}],"collection":[{"href":"https:\/\/truusk.store\/sv\/wp-json\/wp\/v2\/product"}],"about":[{"href":"https:\/\/truusk.store\/sv\/wp-json\/wp\/v2\/types\/product"}],"wp:featuredmedia":[{"embeddable":true,"href":"https:\/\/truusk.store\/sv\/wp-json\/wp\/v2\/media\/25614"}],"wp:attachment":[{"href":"https:\/\/truusk.store\/sv\/wp-json\/wp\/v2\/media?parent=25613"}],"wp:term":[{"taxonomy":"product_brand","embeddable":true,"href":"https:\/\/truusk.store\/sv\/wp-json\/wp\/v2\/product_brand?post=25613"},{"taxonomy":"product_cat","embeddable":true,"href":"https:\/\/truusk.store\/sv\/wp-json\/wp\/v2\/product_cat?post=25613"},{"taxonomy":"product_tag","embeddable":true,"href":"https:\/\/truusk.store\/sv\/wp-json\/wp\/v2\/product_tag?post=25613"}],"curies":[{"name":"wp","href":"https:\/\/api.w.org\/{rel}","templated":true}]}}