{"id":25670,"date":"2024-02-13T18:04:16","date_gmt":"2024-02-13T17:04:16","guid":{"rendered":"https:\/\/truusk.store\/product\/pergola-lusthus-med-justerbart-tygtak-3-x-4-m-altantak-solskydd-aluminium-takterrass-tradgard-grabrun\/"},"modified":"2026-03-12T09:06:22","modified_gmt":"2026-03-12T08:06:22","slug":"truusk-pergola-lusthus-justerbart-tygtak-solskydd-aluminium-takterrass-tradgard-grabrun","status":"publish","type":"product","link":"https:\/\/truusk.store\/sv\/produkt\/truusk-pergola-lusthus-justerbart-tygtak-solskydd-aluminium-takterrass-tradgard-grabrun\/","title":{"rendered":"TRUUSK Pergola Lusthus &#8211; Justerbart Tygtak &#8211; Solskydd &#8211; Aluminium Takterrass &#8211; Tr\u00e4dg\u00e5rd &#8211; Gr\u00e5+brun"},"content":{"rendered":"<p>Med pergolans inf\u00e4llbara kapell kan du skapa en utomhusatmosf\u00e4r och skydda dina g\u00e4ster fr\u00e5n skadliga UV-str\u00e5lar. Justera taket p\u00e5 denna pergola f\u00f6r att ge dig \u00f6nskad m\u00e4ngd skugga s\u00e5 att du alltid har perfekta f\u00f6rh\u00e5llanden. Livet \u00e4r t\u00e4nkt att avnjutas utomhus. G\u00e5 ut och njut av sommaren med ett partyt\u00e4lt.<\/p>\n<h3>Beskrivning:<\/h3>\n<ul>\n<li>Med en praktisk och variabel kapell<\/li>\n<li>St\u00f6dstolparna i aluminium \u00e4r rostfria<\/li>\n<li>H\u00e5llbar och l\u00e5ngvarig<\/li>\n<li>St\u00f6dskenor och r\u00f6r f\u00f6r l\u00e5ng h\u00e5llbarhet<\/li>\n<li>Vatten- och UV-best\u00e4ndigt tygtak<\/li>\n<li>L\u00e4mplig f\u00f6r bakg\u00e5rd, tr\u00e4dg\u00e5rd och veranda<\/li>\n<li>L\u00e4tt att montera, f\u00f6rvara och transportera<\/li>\n<li>Obs: V\u00e4nligen dra tillbaka den \u00f6vre baldakinen vid d\u00e5ligt v\u00e4der.<\/li>\n<\/ul>\n<h3>Teknisk data:<\/h3>\n<ul>\n<li>F\u00e4rg: Gr\u00e5+Brun<\/li>\n<li>Material: aluminium, polyestertyg<\/li>\n<li>Storlek: 3L x 4W x 2,23H m<\/li>\n<li>St\u00f6dst\u00e4nger: 78L x 78W x 1D mm<\/li>\n<li>Pelarsidor: 357L x 250W cm<\/li>\n<li>\u00d6vre tygstorlek: 349L x 243W cm<\/li>\n<\/ul>\n<h3>Leveransens omfattning:<\/h3>\n<ul>\n<li>1 x pergola<\/li>\n<li>8 x pinnar<\/li>\n<li>8 x expansionsskruvar<\/li>\n<\/ul>\n","protected":false},"excerpt":{"rendered":"<p>Med pergolans inf\u00e4llbara kapell kan du skapa en utomhusatmosf\u00e4r och skydda dina g\u00e4ster fr\u00e5n skadliga UV-str\u00e5lar. Justera taket p\u00e5 denna&#8230;<\/p>\n","protected":false},"featured_media":25671,"template":"","meta":[],"product_brand":[],"product_cat":[478,435,476],"product_tag":[],"class_list":{"0":"post-25670","1":"product","2":"type-product","3":"status-publish","4":"has-post-thumbnail","6":"product_cat-pergola","7":"product_cat-tradgard-och-terrass","8":"product_cat-tradgardspaviljonger","10":"first","11":"instock","12":"sale","13":"taxable","14":"shipping-taxable","15":"purchasable","16":"product-type-simple"},"yoast_head":"<!-- This site is optimized with the Yoast SEO plugin v25.4 - https:\/\/yoast.com\/wordpress\/plugins\/seo\/ -->\n<title>TRUUSK Pergola Lusthus - Justerbart Tygtak - Solskydd - Aluminium Takterrass - Tr\u00e4dg\u00e5rd - Gr\u00e5+brun - TRUUSK - Hem, Tr\u00e4dg\u00e5rd &amp; Fritid<\/title>\n<meta name=\"robots\" content=\"index, follow, max-snippet:-1, max-image-preview:large, max-video-preview:-1\" \/>\n<link rel=\"canonical\" href=\"https:\/\/truusk.store\/sv\/produkt\/truusk-pergola-lusthus-justerbart-tygtak-solskydd-aluminium-takterrass-tradgard-grabrun\/\" \/>\n<meta property=\"og:locale\" content=\"sv_SE\" \/>\n<meta property=\"og:type\" content=\"article\" \/>\n<meta property=\"og:title\" content=\"TRUUSK Pergola Lusthus - Justerbart Tygtak - Solskydd - Aluminium Takterrass - Tr\u00e4dg\u00e5rd - Gr\u00e5+brun - TRUUSK - Hem, Tr\u00e4dg\u00e5rd &amp; Fritid\" \/>\n<meta property=\"og:description\" content=\"Med pergolans inf\u00e4llbara kapell kan du skapa en utomhusatmosf\u00e4r och skydda dina g\u00e4ster fr\u00e5n skadliga UV-str\u00e5lar. Justera taket p\u00e5 denna...\" \/>\n<meta property=\"og:url\" content=\"https:\/\/truusk.store\/sv\/produkt\/truusk-pergola-lusthus-justerbart-tygtak-solskydd-aluminium-takterrass-tradgard-grabrun\/\" \/>\n<meta property=\"og:site_name\" content=\"TRUUSK - Hem, Tr\u00e4dg\u00e5rd &amp; Fritid\" \/>\n<meta property=\"article:modified_time\" content=\"2026-03-12T08:06:22+00:00\" \/>\n<meta property=\"og:image\" content=\"https:\/\/i0.wp.com\/truusk.se\/wp-content\/uploads\/2024\/02\/pergola-lusthus-med-justerbart-tygtak-3-x-4-m-altantak-solskydd-aluminium-takterrass-tradgard-grabrun.webp?fit=800%2C800&ssl=1\" \/>\n\t<meta property=\"og:image:width\" content=\"800\" \/>\n\t<meta property=\"og:image:height\" content=\"800\" \/>\n\t<meta property=\"og:image:type\" content=\"image\/webp\" \/>\n<meta name=\"twitter:card\" content=\"summary_large_image\" \/>\n<meta name=\"twitter:label1\" content=\"Ber\u00e4knad l\u00e4stid\" \/>\n\t<meta name=\"twitter:data1\" content=\"1 minut\" \/>\n<!-- \/ Yoast SEO plugin. -->","yoast_head_json":{"title":"TRUUSK Pergola Lusthus - Justerbart Tygtak - Solskydd - Aluminium Takterrass - Tr\u00e4dg\u00e5rd - Gr\u00e5+brun - TRUUSK - Hem, Tr\u00e4dg\u00e5rd &amp; Fritid","robots":{"index":"index","follow":"follow","max-snippet":"max-snippet:-1","max-image-preview":"max-image-preview:large","max-video-preview":"max-video-preview:-1"},"canonical":"https:\/\/truusk.store\/sv\/produkt\/truusk-pergola-lusthus-justerbart-tygtak-solskydd-aluminium-takterrass-tradgard-grabrun\/","og_locale":"sv_SE","og_type":"article","og_title":"TRUUSK Pergola Lusthus - Justerbart Tygtak - Solskydd - Aluminium Takterrass - Tr\u00e4dg\u00e5rd - Gr\u00e5+brun - TRUUSK - Hem, Tr\u00e4dg\u00e5rd &amp; Fritid","og_description":"Med pergolans inf\u00e4llbara kapell kan du skapa en utomhusatmosf\u00e4r och skydda dina g\u00e4ster fr\u00e5n skadliga UV-str\u00e5lar. Justera taket p\u00e5 denna...","og_url":"https:\/\/truusk.store\/sv\/produkt\/truusk-pergola-lusthus-justerbart-tygtak-solskydd-aluminium-takterrass-tradgard-grabrun\/","og_site_name":"TRUUSK - Hem, Tr\u00e4dg\u00e5rd &amp; Fritid","article_modified_time":"2026-03-12T08:06:22+00:00","og_image":[{"width":800,"height":800,"url":"https:\/\/i0.wp.com\/truusk.se\/wp-content\/uploads\/2024\/02\/pergola-lusthus-med-justerbart-tygtak-3-x-4-m-altantak-solskydd-aluminium-takterrass-tradgard-grabrun.webp?fit=800%2C800&ssl=1","type":"image\/webp"}],"twitter_card":"summary_large_image","twitter_misc":{"Ber\u00e4knad l\u00e4stid":"1 minut"},"schema":{"@context":"https:\/\/schema.org","@graph":[{"@type":"WebPage","@id":"https:\/\/truusk.store\/sv\/produkt\/truusk-pergola-lusthus-justerbart-tygtak-solskydd-aluminium-takterrass-tradgard-grabrun\/","url":"https:\/\/truusk.store\/sv\/produkt\/truusk-pergola-lusthus-justerbart-tygtak-solskydd-aluminium-takterrass-tradgard-grabrun\/","name":"TRUUSK Pergola Lusthus - Justerbart Tygtak - Solskydd - Aluminium Takterrass - Tr\u00e4dg\u00e5rd - Gr\u00e5+brun - TRUUSK - Hem, Tr\u00e4dg\u00e5rd &amp; Fritid","isPartOf":{"@id":"https:\/\/truusk.store\/sv\/#website"},"primaryImageOfPage":{"@id":"https:\/\/truusk.store\/sv\/produkt\/truusk-pergola-lusthus-justerbart-tygtak-solskydd-aluminium-takterrass-tradgard-grabrun\/#primaryimage"},"image":{"@id":"https:\/\/truusk.store\/sv\/produkt\/truusk-pergola-lusthus-justerbart-tygtak-solskydd-aluminium-takterrass-tradgard-grabrun\/#primaryimage"},"thumbnailUrl":"https:\/\/i0.wp.com\/truusk.store\/wp-content\/uploads\/2024\/02\/pergola-lusthus-med-justerbart-tygtak-3-x-4-m-altantak-solskydd-aluminium-takterrass-tradgard-grabrun.webp?fit=800%2C800&ssl=1","datePublished":"2024-02-13T17:04:16+00:00","dateModified":"2026-03-12T08:06:22+00:00","breadcrumb":{"@id":"https:\/\/truusk.store\/sv\/produkt\/truusk-pergola-lusthus-justerbart-tygtak-solskydd-aluminium-takterrass-tradgard-grabrun\/#breadcrumb"},"inLanguage":"sv-SE","potentialAction":[{"@type":"ReadAction","target":["https:\/\/truusk.store\/sv\/produkt\/truusk-pergola-lusthus-justerbart-tygtak-solskydd-aluminium-takterrass-tradgard-grabrun\/"]}]},{"@type":"ImageObject","inLanguage":"sv-SE","@id":"https:\/\/truusk.store\/sv\/produkt\/truusk-pergola-lusthus-justerbart-tygtak-solskydd-aluminium-takterrass-tradgard-grabrun\/#primaryimage","url":"https:\/\/i0.wp.com\/truusk.store\/wp-content\/uploads\/2024\/02\/pergola-lusthus-med-justerbart-tygtak-3-x-4-m-altantak-solskydd-aluminium-takterrass-tradgard-grabrun.webp?fit=800%2C800&ssl=1","contentUrl":"https:\/\/i0.wp.com\/truusk.store\/wp-content\/uploads\/2024\/02\/pergola-lusthus-med-justerbart-tygtak-3-x-4-m-altantak-solskydd-aluminium-takterrass-tradgard-grabrun.webp?fit=800%2C800&ssl=1","width":800,"height":800,"caption":"Pergola Lusthus Med Justerbart Tygtak 3 X 4 M Altantak Solskydd Aluminium Takterrass Tr\u00e4dg\u00e5rd Gr\u00e5+brun 1"},{"@type":"BreadcrumbList","@id":"https:\/\/truusk.store\/sv\/produkt\/truusk-pergola-lusthus-justerbart-tygtak-solskydd-aluminium-takterrass-tradgard-grabrun\/#breadcrumb","itemListElement":[{"@type":"ListItem","position":1,"name":"Home","item":"https:\/\/truusk.store\/sv\/"},{"@type":"ListItem","position":2,"name":"Shop","item":"https:\/\/truusk.store\/shop\/"},{"@type":"ListItem","position":3,"name":"TRUUSK Pergola Lusthus &#8211; Justerbart Tygtak &#8211; Solskydd &#8211; Aluminium Takterrass &#8211; Tr\u00e4dg\u00e5rd &#8211; Gr\u00e5+brun"}]},{"@type":"WebSite","@id":"https:\/\/truusk.store\/sv\/#website","url":"https:\/\/truusk.store\/sv\/","name":"TRUUSK - Hem, Tr\u00e4dg\u00e5rd & Fritid","description":"","publisher":{"@id":"https:\/\/truusk.store\/sv\/#organization"},"potentialAction":[{"@type":"SearchAction","target":{"@type":"EntryPoint","urlTemplate":"https:\/\/truusk.store\/sv\/?s={search_term_string}"},"query-input":{"@type":"PropertyValueSpecification","valueRequired":true,"valueName":"search_term_string"}}],"inLanguage":"sv-SE"},{"@type":"Organization","@id":"https:\/\/truusk.store\/sv\/#organization","name":"TRUUSK - Hem, Tr\u00e4dg\u00e5rd & Fritid","url":"https:\/\/truusk.store\/sv\/","logo":{"@type":"ImageObject","inLanguage":"sv-SE","@id":"https:\/\/truusk.store\/sv\/#\/schema\/logo\/image\/","url":"https:\/\/i0.wp.com\/truusk.store\/wp-content\/uploads\/2026\/03\/cropped-TRUUSK.png?fit=2032%2C917&ssl=1","contentUrl":"https:\/\/i0.wp.com\/truusk.store\/wp-content\/uploads\/2026\/03\/cropped-TRUUSK.png?fit=2032%2C917&ssl=1","width":2032,"height":917,"caption":"TRUUSK - Hem, Tr\u00e4dg\u00e5rd & Fritid"},"image":{"@id":"https:\/\/truusk.store\/sv\/#\/schema\/logo\/image\/"}}]}},"jetpack_sharing_enabled":true,"_links":{"self":[{"href":"https:\/\/truusk.store\/sv\/wp-json\/wp\/v2\/product\/25670","targetHints":{"allow":["GET"]}}],"collection":[{"href":"https:\/\/truusk.store\/sv\/wp-json\/wp\/v2\/product"}],"about":[{"href":"https:\/\/truusk.store\/sv\/wp-json\/wp\/v2\/types\/product"}],"wp:featuredmedia":[{"embeddable":true,"href":"https:\/\/truusk.store\/sv\/wp-json\/wp\/v2\/media\/25671"}],"wp:attachment":[{"href":"https:\/\/truusk.store\/sv\/wp-json\/wp\/v2\/media?parent=25670"}],"wp:term":[{"taxonomy":"product_brand","embeddable":true,"href":"https:\/\/truusk.store\/sv\/wp-json\/wp\/v2\/product_brand?post=25670"},{"taxonomy":"product_cat","embeddable":true,"href":"https:\/\/truusk.store\/sv\/wp-json\/wp\/v2\/product_cat?post=25670"},{"taxonomy":"product_tag","embeddable":true,"href":"https:\/\/truusk.store\/sv\/wp-json\/wp\/v2\/product_tag?post=25670"}],"curies":[{"name":"wp","href":"https:\/\/api.w.org\/{rel}","templated":true}]}}