{"id":25682,"date":"2024-02-13T18:04:34","date_gmt":"2024-02-13T17:04:34","guid":{"rendered":"https:\/\/truusk.store\/product\/foderstation-2-foderskalar-i-rostfritt-stal-dolt-forvaringsutrymme-60-cm-x-30-cm-x-41-cm-vit-silver\/"},"modified":"2026-03-12T09:06:23","modified_gmt":"2026-03-12T08:06:23","slug":"truusk-fodersstation-2-foderskalar-i-rostfritt-stal-dolt-forvaringsutrymme-60-cm-x-30-cm-x-41-cm-vit-silver","status":"publish","type":"product","link":"https:\/\/truusk.store\/sv\/produkt\/truusk-fodersstation-2-foderskalar-i-rostfritt-stal-dolt-forvaringsutrymme-60-cm-x-30-cm-x-41-cm-vit-silver\/","title":{"rendered":"TRUUSK Fodersstation &#8211; 2 Fodersk\u00e5lar I Rostfritt St\u00e5l &#8211; Dolt F\u00f6rvaringsutrymme &#8211; 60 cm x 30 cm x 41 cm &#8211; Vit + Silver"},"content":{"rendered":"<p>Denna f\u00f6rh\u00f6jda matsk\u00e5l g\u00f6r dagens m\u00e5ltider enklare och bekv\u00e4mare f\u00f6r ditt husdjur. Tv\u00e5 sk\u00e5lar ing\u00e5r &#8211; en f\u00f6r mat och en f\u00f6r vatten. B\u00e5da kan tas bort f\u00f6r enkel reng\u00f6ring. Det finns \u00e4ven f\u00f6rvaringsutrymme genom att lyfta p\u00e5 locket &#8211; perfekt f\u00f6r bekv\u00e4m f\u00f6rvaring av mat. L\u00e4mplig f\u00f6r st\u00f6rre och \u00e4ldre hundar som inte kan b\u00f6ja sig ner p\u00e5 golvet.<\/p>\n<h3>Beskrivning:<\/h3>\n<ul>\n<li>Tv\u00e5 avtagbara sk\u00e5lar i rostfritt st\u00e5l f\u00f6r mat och vatten<\/li>\n<li>Handtag p\u00e5 b\u00e5da sidor f\u00f6r enkel lyft och b\u00e4ring<\/li>\n<li>Dolt f\u00f6rvaringsutrymme f\u00f6r att f\u00f6rvara mat bekv\u00e4mt<\/li>\n<li>F\u00f6rh\u00f6jd design f\u00f6r att skydda ditt husdjurs kropp<\/li>\n<li>L\u00e4mplig f\u00f6r stora hundar<\/li>\n<li>Robust MDF-struktur f\u00f6r dagligt bruk<\/li>\n<li>Montering kr\u00e4vs<\/li>\n<\/ul>\n<h3>Teknisk data:<\/h3>\n<ul>\n<li>F\u00e4rg: espresso<\/li>\n<li>Material: MDF, rostfritt st\u00e5l<\/li>\n<li>\u00d6vergripande m\u00e5tt: 60L x 30W x 41H cm<\/li>\n<li>Sk\u00e5lplattformsstorlek: 60L x 30W cm<\/li>\n<li>Sk\u00e5lens storlek: 24 x 7H cm, volym: ca 2L<\/li>\n<li>F\u00f6rvaringsutrymme: 52L x 26W x 37H cm<\/li>\n<li>Sidohandtagsstorlek: 10L x 2,5W cm<\/li>\n<li>Lastkapacitet: 30 kg<\/li>\n<\/ul>\n<h3>Leveransens omfattning:<\/h3>\n<ul>\n<li>1 utfodringsstation<\/li>\n<li>2 sk\u00e5lar i rostfritt st\u00e5l<\/li>\n<\/ul>\n","protected":false},"excerpt":{"rendered":"<p>Denna f\u00f6rh\u00f6jda matsk\u00e5l g\u00f6r dagens m\u00e5ltider enklare och bekv\u00e4mare f\u00f6r ditt husdjur. Tv\u00e5 sk\u00e5lar ing\u00e5r &#8211; en f\u00f6r mat och&#8230;<\/p>\n","protected":false},"featured_media":25683,"template":"","meta":[],"product_brand":[],"product_cat":[574,573,580],"product_tag":[],"class_list":{"0":"post-25682","1":"product","2":"type-product","3":"status-publish","4":"has-post-thumbnail","6":"product_cat-hundtillbehor","7":"product_cat-husdjursmaterial","8":"product_cat-matskalar","10":"first","11":"instock","12":"sale","13":"taxable","14":"shipping-taxable","15":"purchasable","16":"product-type-simple"},"yoast_head":"<!-- This site is optimized with the Yoast SEO plugin v25.4 - https:\/\/yoast.com\/wordpress\/plugins\/seo\/ -->\n<title>TRUUSK Fodersstation - 2 Fodersk\u00e5lar I Rostfritt St\u00e5l - Dolt F\u00f6rvaringsutrymme - 60 cm x 30 cm x 41 cm - Vit + Silver - TRUUSK - Hem, Tr\u00e4dg\u00e5rd &amp; Fritid<\/title>\n<meta name=\"robots\" content=\"index, follow, max-snippet:-1, max-image-preview:large, max-video-preview:-1\" \/>\n<link rel=\"canonical\" href=\"https:\/\/truusk.store\/sv\/produkt\/truusk-fodersstation-2-foderskalar-i-rostfritt-stal-dolt-forvaringsutrymme-60-cm-x-30-cm-x-41-cm-vit-silver\/\" \/>\n<meta property=\"og:locale\" content=\"sv_SE\" \/>\n<meta property=\"og:type\" content=\"article\" \/>\n<meta property=\"og:title\" content=\"TRUUSK Fodersstation - 2 Fodersk\u00e5lar I Rostfritt St\u00e5l - Dolt F\u00f6rvaringsutrymme - 60 cm x 30 cm x 41 cm - Vit + Silver - TRUUSK - Hem, Tr\u00e4dg\u00e5rd &amp; Fritid\" \/>\n<meta property=\"og:description\" content=\"Denna f\u00f6rh\u00f6jda matsk\u00e5l g\u00f6r dagens m\u00e5ltider enklare och bekv\u00e4mare f\u00f6r ditt husdjur. Tv\u00e5 sk\u00e5lar ing\u00e5r &#8211; en f\u00f6r mat och...\" \/>\n<meta property=\"og:url\" content=\"https:\/\/truusk.store\/sv\/produkt\/truusk-fodersstation-2-foderskalar-i-rostfritt-stal-dolt-forvaringsutrymme-60-cm-x-30-cm-x-41-cm-vit-silver\/\" \/>\n<meta property=\"og:site_name\" content=\"TRUUSK - Hem, Tr\u00e4dg\u00e5rd &amp; Fritid\" \/>\n<meta property=\"article:modified_time\" content=\"2026-03-12T08:06:23+00:00\" \/>\n<meta property=\"og:image\" content=\"https:\/\/i0.wp.com\/truusk.se\/wp-content\/uploads\/2024\/02\/foderstation-2-foderskalar-i-rostfritt-stal-dolt-forvaringsutrymme-60-cm-x-30-cm-x-41-cm-vit-silver.webp?fit=800%2C800&ssl=1\" \/>\n\t<meta property=\"og:image:width\" content=\"800\" \/>\n\t<meta property=\"og:image:height\" content=\"800\" \/>\n\t<meta property=\"og:image:type\" content=\"image\/webp\" \/>\n<meta name=\"twitter:card\" content=\"summary_large_image\" \/>\n<meta name=\"twitter:label1\" content=\"Ber\u00e4knad l\u00e4stid\" \/>\n\t<meta name=\"twitter:data1\" content=\"1 minut\" \/>\n<!-- \/ Yoast SEO plugin. -->","yoast_head_json":{"title":"TRUUSK Fodersstation - 2 Fodersk\u00e5lar I Rostfritt St\u00e5l - Dolt F\u00f6rvaringsutrymme - 60 cm x 30 cm x 41 cm - Vit + Silver - TRUUSK - Hem, Tr\u00e4dg\u00e5rd &amp; Fritid","robots":{"index":"index","follow":"follow","max-snippet":"max-snippet:-1","max-image-preview":"max-image-preview:large","max-video-preview":"max-video-preview:-1"},"canonical":"https:\/\/truusk.store\/sv\/produkt\/truusk-fodersstation-2-foderskalar-i-rostfritt-stal-dolt-forvaringsutrymme-60-cm-x-30-cm-x-41-cm-vit-silver\/","og_locale":"sv_SE","og_type":"article","og_title":"TRUUSK Fodersstation - 2 Fodersk\u00e5lar I Rostfritt St\u00e5l - Dolt F\u00f6rvaringsutrymme - 60 cm x 30 cm x 41 cm - Vit + Silver - TRUUSK - Hem, Tr\u00e4dg\u00e5rd &amp; Fritid","og_description":"Denna f\u00f6rh\u00f6jda matsk\u00e5l g\u00f6r dagens m\u00e5ltider enklare och bekv\u00e4mare f\u00f6r ditt husdjur. Tv\u00e5 sk\u00e5lar ing\u00e5r &#8211; en f\u00f6r mat och...","og_url":"https:\/\/truusk.store\/sv\/produkt\/truusk-fodersstation-2-foderskalar-i-rostfritt-stal-dolt-forvaringsutrymme-60-cm-x-30-cm-x-41-cm-vit-silver\/","og_site_name":"TRUUSK - Hem, Tr\u00e4dg\u00e5rd &amp; Fritid","article_modified_time":"2026-03-12T08:06:23+00:00","og_image":[{"width":800,"height":800,"url":"https:\/\/i0.wp.com\/truusk.se\/wp-content\/uploads\/2024\/02\/foderstation-2-foderskalar-i-rostfritt-stal-dolt-forvaringsutrymme-60-cm-x-30-cm-x-41-cm-vit-silver.webp?fit=800%2C800&ssl=1","type":"image\/webp"}],"twitter_card":"summary_large_image","twitter_misc":{"Ber\u00e4knad l\u00e4stid":"1 minut"},"schema":{"@context":"https:\/\/schema.org","@graph":[{"@type":"WebPage","@id":"https:\/\/truusk.store\/sv\/produkt\/truusk-fodersstation-2-foderskalar-i-rostfritt-stal-dolt-forvaringsutrymme-60-cm-x-30-cm-x-41-cm-vit-silver\/","url":"https:\/\/truusk.store\/sv\/produkt\/truusk-fodersstation-2-foderskalar-i-rostfritt-stal-dolt-forvaringsutrymme-60-cm-x-30-cm-x-41-cm-vit-silver\/","name":"TRUUSK Fodersstation - 2 Fodersk\u00e5lar I Rostfritt St\u00e5l - Dolt F\u00f6rvaringsutrymme - 60 cm x 30 cm x 41 cm - Vit + Silver - TRUUSK - Hem, Tr\u00e4dg\u00e5rd &amp; Fritid","isPartOf":{"@id":"https:\/\/truusk.store\/sv\/#website"},"primaryImageOfPage":{"@id":"https:\/\/truusk.store\/sv\/produkt\/truusk-fodersstation-2-foderskalar-i-rostfritt-stal-dolt-forvaringsutrymme-60-cm-x-30-cm-x-41-cm-vit-silver\/#primaryimage"},"image":{"@id":"https:\/\/truusk.store\/sv\/produkt\/truusk-fodersstation-2-foderskalar-i-rostfritt-stal-dolt-forvaringsutrymme-60-cm-x-30-cm-x-41-cm-vit-silver\/#primaryimage"},"thumbnailUrl":"https:\/\/i0.wp.com\/truusk.store\/wp-content\/uploads\/2024\/02\/foderstation-2-foderskalar-i-rostfritt-stal-dolt-forvaringsutrymme-60-cm-x-30-cm-x-41-cm-vit-silver.webp?fit=800%2C800&ssl=1","datePublished":"2024-02-13T17:04:34+00:00","dateModified":"2026-03-12T08:06:23+00:00","breadcrumb":{"@id":"https:\/\/truusk.store\/sv\/produkt\/truusk-fodersstation-2-foderskalar-i-rostfritt-stal-dolt-forvaringsutrymme-60-cm-x-30-cm-x-41-cm-vit-silver\/#breadcrumb"},"inLanguage":"sv-SE","potentialAction":[{"@type":"ReadAction","target":["https:\/\/truusk.store\/sv\/produkt\/truusk-fodersstation-2-foderskalar-i-rostfritt-stal-dolt-forvaringsutrymme-60-cm-x-30-cm-x-41-cm-vit-silver\/"]}]},{"@type":"ImageObject","inLanguage":"sv-SE","@id":"https:\/\/truusk.store\/sv\/produkt\/truusk-fodersstation-2-foderskalar-i-rostfritt-stal-dolt-forvaringsutrymme-60-cm-x-30-cm-x-41-cm-vit-silver\/#primaryimage","url":"https:\/\/i0.wp.com\/truusk.store\/wp-content\/uploads\/2024\/02\/foderstation-2-foderskalar-i-rostfritt-stal-dolt-forvaringsutrymme-60-cm-x-30-cm-x-41-cm-vit-silver.webp?fit=800%2C800&ssl=1","contentUrl":"https:\/\/i0.wp.com\/truusk.store\/wp-content\/uploads\/2024\/02\/foderstation-2-foderskalar-i-rostfritt-stal-dolt-forvaringsutrymme-60-cm-x-30-cm-x-41-cm-vit-silver.webp?fit=800%2C800&ssl=1","width":800,"height":800,"caption":"Foderstation, 2 Fodersk\u00e5lar I Rostfritt St\u00e5l, Dolt F\u00f6rvaringsutrymme, 60 Cm X 30 Cm X 41 Cm, Vit + Silver 1"},{"@type":"BreadcrumbList","@id":"https:\/\/truusk.store\/sv\/produkt\/truusk-fodersstation-2-foderskalar-i-rostfritt-stal-dolt-forvaringsutrymme-60-cm-x-30-cm-x-41-cm-vit-silver\/#breadcrumb","itemListElement":[{"@type":"ListItem","position":1,"name":"Home","item":"https:\/\/truusk.store\/sv\/"},{"@type":"ListItem","position":2,"name":"Shop","item":"https:\/\/truusk.store\/shop\/"},{"@type":"ListItem","position":3,"name":"TRUUSK Fodersstation &#8211; 2 Fodersk\u00e5lar I Rostfritt St\u00e5l &#8211; Dolt F\u00f6rvaringsutrymme &#8211; 60 cm x 30 cm x 41 cm &#8211; Vit + Silver"}]},{"@type":"WebSite","@id":"https:\/\/truusk.store\/sv\/#website","url":"https:\/\/truusk.store\/sv\/","name":"TRUUSK - Hem, Tr\u00e4dg\u00e5rd & Fritid","description":"","publisher":{"@id":"https:\/\/truusk.store\/sv\/#organization"},"potentialAction":[{"@type":"SearchAction","target":{"@type":"EntryPoint","urlTemplate":"https:\/\/truusk.store\/sv\/?s={search_term_string}"},"query-input":{"@type":"PropertyValueSpecification","valueRequired":true,"valueName":"search_term_string"}}],"inLanguage":"sv-SE"},{"@type":"Organization","@id":"https:\/\/truusk.store\/sv\/#organization","name":"TRUUSK - Hem, Tr\u00e4dg\u00e5rd & Fritid","url":"https:\/\/truusk.store\/sv\/","logo":{"@type":"ImageObject","inLanguage":"sv-SE","@id":"https:\/\/truusk.store\/sv\/#\/schema\/logo\/image\/","url":"https:\/\/i0.wp.com\/truusk.store\/wp-content\/uploads\/2026\/03\/cropped-TRUUSK.png?fit=2032%2C917&ssl=1","contentUrl":"https:\/\/i0.wp.com\/truusk.store\/wp-content\/uploads\/2026\/03\/cropped-TRUUSK.png?fit=2032%2C917&ssl=1","width":2032,"height":917,"caption":"TRUUSK - Hem, Tr\u00e4dg\u00e5rd & Fritid"},"image":{"@id":"https:\/\/truusk.store\/sv\/#\/schema\/logo\/image\/"}}]}},"jetpack_sharing_enabled":true,"_links":{"self":[{"href":"https:\/\/truusk.store\/sv\/wp-json\/wp\/v2\/product\/25682","targetHints":{"allow":["GET"]}}],"collection":[{"href":"https:\/\/truusk.store\/sv\/wp-json\/wp\/v2\/product"}],"about":[{"href":"https:\/\/truusk.store\/sv\/wp-json\/wp\/v2\/types\/product"}],"wp:featuredmedia":[{"embeddable":true,"href":"https:\/\/truusk.store\/sv\/wp-json\/wp\/v2\/media\/25683"}],"wp:attachment":[{"href":"https:\/\/truusk.store\/sv\/wp-json\/wp\/v2\/media?parent=25682"}],"wp:term":[{"taxonomy":"product_brand","embeddable":true,"href":"https:\/\/truusk.store\/sv\/wp-json\/wp\/v2\/product_brand?post=25682"},{"taxonomy":"product_cat","embeddable":true,"href":"https:\/\/truusk.store\/sv\/wp-json\/wp\/v2\/product_cat?post=25682"},{"taxonomy":"product_tag","embeddable":true,"href":"https:\/\/truusk.store\/sv\/wp-json\/wp\/v2\/product_tag?post=25682"}],"curies":[{"name":"wp","href":"https:\/\/api.w.org\/{rel}","templated":true}]}}