{"id":25692,"date":"2024-02-13T18:04:56","date_gmt":"2024-02-13T17:04:56","guid":{"rendered":"https:\/\/truusk.store\/product\/elektrisk-stastol-tv-stol-fatolj-med-stahjalp-relaxstol-med-liggfunktion-konstlader-brun-80-x-94-x-104-cm\/"},"modified":"2026-03-12T09:06:23","modified_gmt":"2026-03-12T08:06:23","slug":"truusk-elektrisk-stastol-med-stahjalp-tv-stol-i-konstlader-med-liggfunktion-brun-80-x-94-x-104-cm","status":"publish","type":"product","link":"https:\/\/truusk.store\/sv\/produkt\/truusk-elektrisk-stastol-med-stahjalp-tv-stol-i-konstlader-med-liggfunktion-brun-80-x-94-x-104-cm\/","title":{"rendered":"TRUUSK Elektrisk St\u00e5stol med St\u00e5hj\u00e4lp &#8211; TV-stol i Konstl\u00e4der &#8211; Med Liggfunktion &#8211; Brun &#8211; 80 x 94 x 104 cm"},"content":{"rendered":"<p>V\u00e5r multifunktionella st\u00e5hj\u00e4lp \u00e4r det perfekta hj\u00e4lpmedlet f\u00f6r funktionshindrade eller \u00e4ldre som beh\u00f6ver ett gediget st\u00e5hj\u00e4lpmedel. Ryggst\u00f6det och fotst\u00f6den \u00e4r fullt justerbara, det kan lutas bak\u00e5t upp till 145 grader och stoppas i valfri vinkel. Allt styrs via den medf\u00f6ljande fj\u00e4rrkontrollen. Praktisk livshj\u00e4lp f\u00f6r ditt liv!<\/p>\n<h3>Beskrivning:<\/h3>\n<ul>\n<li>2-i-1 design, b\u00e5de ett st\u00e5hj\u00e4lpmedel och en elektrisk vilstol<\/li>\n<li>Med fotst\u00f6d f\u00f6r avslappning av hela kroppen<\/li>\n<li>St\u00e5lbas f\u00f6r stabil st\u00e4llning och anv\u00e4ndning<\/li>\n<li>med fotst\u00f6d f\u00f6r avslappning av hela kroppen<\/li>\n<li>Tjockt vadderad sits, nackst\u00f6d, ryggst\u00f6d och armst\u00f6d f\u00f6r maximal komfort<\/li>\n<li>Inkluderar fj\u00e4rrkontroll<\/li>\n<li>Sidof\u00f6rvaringsficka f\u00f6r fj\u00e4rrkontrollen<\/li>\n<li>Montering kr\u00e4vs<\/li>\n<\/ul>\n<h3>Teknisk data:<\/h3>\n<ul>\n<li>F\u00e4rg brun<\/li>\n<li>Material: konstl\u00e4der, skum, st\u00e5l, MDF<\/li>\n<li>Totala m\u00e5tt (st\u00e5ende): 80W x 94D x 104H cm<\/li>\n<li>Liggm\u00e5tt: 156L x 80W x 86H cm<\/li>\n<li>Lyftm\u00e5tt: 92L x 80W x 146H cm<\/li>\n<li>Sittm\u00e5tt: 52W x 55D x 46H cm<\/li>\n<li>Skumtjocklek: 24 cm<\/li>\n<li>Insp\u00e4nning: 100-240V-50\/60Hz<\/li>\n<li>Utsp\u00e4nning: 12V\/1,8A<\/li>\n<li>Lastkapacitet: 150 kg<\/li>\n<li>Certifiering: CE-EMC, RoHS, (adapter) CE-EMC, LVD, ROHS<\/li>\n<\/ul>\n<h3>Leveransens omfattning:<\/h3>\n<ul>\n<li>1 x elektrisk lyftstol<\/li>\n<li>1 x Fj\u00e4rrkontroll<\/li>\n<li>1 x bruksanvisning<\/li>\n<li>VIKTIGT: Vi levererar varan till trottoarkanten utan kostnad. Se till att du anger r\u00e4tt adress och telefonnummer.<\/li>\n<\/ul>\n","protected":false},"excerpt":{"rendered":"<p>V\u00e5r multifunktionella st\u00e5hj\u00e4lp \u00e4r det perfekta hj\u00e4lpmedlet f\u00f6r funktionshindrade eller \u00e4ldre som beh\u00f6ver ett gediget st\u00e5hj\u00e4lpmedel. Ryggst\u00f6det och fotst\u00f6den \u00e4r&#8230;<\/p>\n","protected":false},"featured_media":25693,"template":"","meta":[],"product_brand":[],"product_cat":[521,485,526],"product_tag":[],"class_list":{"0":"post-25692","1":"product","2":"type-product","3":"status-publish","4":"has-post-thumbnail","6":"product_cat-fatolj","7":"product_cat-hus-bo","8":"product_cat-tv-fatolj","10":"first","11":"instock","12":"sale","13":"taxable","14":"shipping-taxable","15":"purchasable","16":"product-type-simple"},"yoast_head":"<!-- This site is optimized with the Yoast SEO plugin v25.4 - https:\/\/yoast.com\/wordpress\/plugins\/seo\/ -->\n<title>TRUUSK Elektrisk St\u00e5stol med St\u00e5hj\u00e4lp - TV-stol i Konstl\u00e4der - Med Liggfunktion - Brun - 80 x 94 x 104 cm - TRUUSK - Hem, Tr\u00e4dg\u00e5rd &amp; Fritid<\/title>\n<meta name=\"robots\" content=\"index, follow, max-snippet:-1, max-image-preview:large, max-video-preview:-1\" \/>\n<link rel=\"canonical\" href=\"https:\/\/truusk.store\/sv\/produkt\/truusk-elektrisk-stastol-med-stahjalp-tv-stol-i-konstlader-med-liggfunktion-brun-80-x-94-x-104-cm\/\" \/>\n<meta property=\"og:locale\" content=\"sv_SE\" \/>\n<meta property=\"og:type\" content=\"article\" \/>\n<meta property=\"og:title\" content=\"TRUUSK Elektrisk St\u00e5stol med St\u00e5hj\u00e4lp - TV-stol i Konstl\u00e4der - Med Liggfunktion - Brun - 80 x 94 x 104 cm - TRUUSK - Hem, Tr\u00e4dg\u00e5rd &amp; Fritid\" \/>\n<meta property=\"og:description\" content=\"V\u00e5r multifunktionella st\u00e5hj\u00e4lp \u00e4r det perfekta hj\u00e4lpmedlet f\u00f6r funktionshindrade eller \u00e4ldre som beh\u00f6ver ett gediget st\u00e5hj\u00e4lpmedel. Ryggst\u00f6det och fotst\u00f6den \u00e4r...\" \/>\n<meta property=\"og:url\" content=\"https:\/\/truusk.store\/sv\/produkt\/truusk-elektrisk-stastol-med-stahjalp-tv-stol-i-konstlader-med-liggfunktion-brun-80-x-94-x-104-cm\/\" \/>\n<meta property=\"og:site_name\" content=\"TRUUSK - Hem, Tr\u00e4dg\u00e5rd &amp; Fritid\" \/>\n<meta property=\"article:modified_time\" content=\"2026-03-12T08:06:23+00:00\" \/>\n<meta property=\"og:image\" content=\"https:\/\/i0.wp.com\/truusk.se\/wp-content\/uploads\/2024\/02\/elektrisk-stastol-tv-stol-fatolj-med-stahjalp-relaxstol-med-liggfunktion-konstlader-brun-80-x-94-x-104-cm.webp?fit=800%2C800&ssl=1\" \/>\n\t<meta property=\"og:image:width\" content=\"800\" \/>\n\t<meta property=\"og:image:height\" content=\"800\" \/>\n\t<meta property=\"og:image:type\" content=\"image\/webp\" \/>\n<meta name=\"twitter:card\" content=\"summary_large_image\" \/>\n<meta name=\"twitter:label1\" content=\"Ber\u00e4knad l\u00e4stid\" \/>\n\t<meta name=\"twitter:data1\" content=\"1 minut\" \/>\n<!-- \/ Yoast SEO plugin. -->","yoast_head_json":{"title":"TRUUSK Elektrisk St\u00e5stol med St\u00e5hj\u00e4lp - TV-stol i Konstl\u00e4der - Med Liggfunktion - Brun - 80 x 94 x 104 cm - TRUUSK - Hem, Tr\u00e4dg\u00e5rd &amp; Fritid","robots":{"index":"index","follow":"follow","max-snippet":"max-snippet:-1","max-image-preview":"max-image-preview:large","max-video-preview":"max-video-preview:-1"},"canonical":"https:\/\/truusk.store\/sv\/produkt\/truusk-elektrisk-stastol-med-stahjalp-tv-stol-i-konstlader-med-liggfunktion-brun-80-x-94-x-104-cm\/","og_locale":"sv_SE","og_type":"article","og_title":"TRUUSK Elektrisk St\u00e5stol med St\u00e5hj\u00e4lp - TV-stol i Konstl\u00e4der - Med Liggfunktion - Brun - 80 x 94 x 104 cm - TRUUSK - Hem, Tr\u00e4dg\u00e5rd &amp; Fritid","og_description":"V\u00e5r multifunktionella st\u00e5hj\u00e4lp \u00e4r det perfekta hj\u00e4lpmedlet f\u00f6r funktionshindrade eller \u00e4ldre som beh\u00f6ver ett gediget st\u00e5hj\u00e4lpmedel. Ryggst\u00f6det och fotst\u00f6den \u00e4r...","og_url":"https:\/\/truusk.store\/sv\/produkt\/truusk-elektrisk-stastol-med-stahjalp-tv-stol-i-konstlader-med-liggfunktion-brun-80-x-94-x-104-cm\/","og_site_name":"TRUUSK - Hem, Tr\u00e4dg\u00e5rd &amp; Fritid","article_modified_time":"2026-03-12T08:06:23+00:00","og_image":[{"width":800,"height":800,"url":"https:\/\/i0.wp.com\/truusk.se\/wp-content\/uploads\/2024\/02\/elektrisk-stastol-tv-stol-fatolj-med-stahjalp-relaxstol-med-liggfunktion-konstlader-brun-80-x-94-x-104-cm.webp?fit=800%2C800&ssl=1","type":"image\/webp"}],"twitter_card":"summary_large_image","twitter_misc":{"Ber\u00e4knad l\u00e4stid":"1 minut"},"schema":{"@context":"https:\/\/schema.org","@graph":[{"@type":"WebPage","@id":"https:\/\/truusk.store\/sv\/produkt\/truusk-elektrisk-stastol-med-stahjalp-tv-stol-i-konstlader-med-liggfunktion-brun-80-x-94-x-104-cm\/","url":"https:\/\/truusk.store\/sv\/produkt\/truusk-elektrisk-stastol-med-stahjalp-tv-stol-i-konstlader-med-liggfunktion-brun-80-x-94-x-104-cm\/","name":"TRUUSK Elektrisk St\u00e5stol med St\u00e5hj\u00e4lp - TV-stol i Konstl\u00e4der - Med Liggfunktion - Brun - 80 x 94 x 104 cm - TRUUSK - Hem, Tr\u00e4dg\u00e5rd &amp; Fritid","isPartOf":{"@id":"https:\/\/truusk.store\/sv\/#website"},"primaryImageOfPage":{"@id":"https:\/\/truusk.store\/sv\/produkt\/truusk-elektrisk-stastol-med-stahjalp-tv-stol-i-konstlader-med-liggfunktion-brun-80-x-94-x-104-cm\/#primaryimage"},"image":{"@id":"https:\/\/truusk.store\/sv\/produkt\/truusk-elektrisk-stastol-med-stahjalp-tv-stol-i-konstlader-med-liggfunktion-brun-80-x-94-x-104-cm\/#primaryimage"},"thumbnailUrl":"https:\/\/i0.wp.com\/truusk.store\/wp-content\/uploads\/2024\/02\/elektrisk-stastol-tv-stol-fatolj-med-stahjalp-relaxstol-med-liggfunktion-konstlader-brun-80-x-94-x-104-cm.webp?fit=800%2C800&ssl=1","datePublished":"2024-02-13T17:04:56+00:00","dateModified":"2026-03-12T08:06:23+00:00","breadcrumb":{"@id":"https:\/\/truusk.store\/sv\/produkt\/truusk-elektrisk-stastol-med-stahjalp-tv-stol-i-konstlader-med-liggfunktion-brun-80-x-94-x-104-cm\/#breadcrumb"},"inLanguage":"sv-SE","potentialAction":[{"@type":"ReadAction","target":["https:\/\/truusk.store\/sv\/produkt\/truusk-elektrisk-stastol-med-stahjalp-tv-stol-i-konstlader-med-liggfunktion-brun-80-x-94-x-104-cm\/"]}]},{"@type":"ImageObject","inLanguage":"sv-SE","@id":"https:\/\/truusk.store\/sv\/produkt\/truusk-elektrisk-stastol-med-stahjalp-tv-stol-i-konstlader-med-liggfunktion-brun-80-x-94-x-104-cm\/#primaryimage","url":"https:\/\/i0.wp.com\/truusk.store\/wp-content\/uploads\/2024\/02\/elektrisk-stastol-tv-stol-fatolj-med-stahjalp-relaxstol-med-liggfunktion-konstlader-brun-80-x-94-x-104-cm.webp?fit=800%2C800&ssl=1","contentUrl":"https:\/\/i0.wp.com\/truusk.store\/wp-content\/uploads\/2024\/02\/elektrisk-stastol-tv-stol-fatolj-med-stahjalp-relaxstol-med-liggfunktion-konstlader-brun-80-x-94-x-104-cm.webp?fit=800%2C800&ssl=1","width":800,"height":800,"caption":"Elektrisk St\u00e5stol, TV-stol, F\u00e5t\u00f6lj Med St\u00e5hj\u00e4lp, Relaxstol Med Liggfunktion, Konstl\u00e4der, Brun, 80 X 94 X 104 Cm 1"},{"@type":"BreadcrumbList","@id":"https:\/\/truusk.store\/sv\/produkt\/truusk-elektrisk-stastol-med-stahjalp-tv-stol-i-konstlader-med-liggfunktion-brun-80-x-94-x-104-cm\/#breadcrumb","itemListElement":[{"@type":"ListItem","position":1,"name":"Home","item":"https:\/\/truusk.store\/sv\/"},{"@type":"ListItem","position":2,"name":"Shop","item":"https:\/\/truusk.store\/shop\/"},{"@type":"ListItem","position":3,"name":"TRUUSK Elektrisk St\u00e5stol med St\u00e5hj\u00e4lp &#8211; TV-stol i Konstl\u00e4der &#8211; Med Liggfunktion &#8211; Brun &#8211; 80 x 94 x 104 cm"}]},{"@type":"WebSite","@id":"https:\/\/truusk.store\/sv\/#website","url":"https:\/\/truusk.store\/sv\/","name":"TRUUSK - Hem, Tr\u00e4dg\u00e5rd & Fritid","description":"","publisher":{"@id":"https:\/\/truusk.store\/sv\/#organization"},"potentialAction":[{"@type":"SearchAction","target":{"@type":"EntryPoint","urlTemplate":"https:\/\/truusk.store\/sv\/?s={search_term_string}"},"query-input":{"@type":"PropertyValueSpecification","valueRequired":true,"valueName":"search_term_string"}}],"inLanguage":"sv-SE"},{"@type":"Organization","@id":"https:\/\/truusk.store\/sv\/#organization","name":"TRUUSK - Hem, Tr\u00e4dg\u00e5rd & Fritid","url":"https:\/\/truusk.store\/sv\/","logo":{"@type":"ImageObject","inLanguage":"sv-SE","@id":"https:\/\/truusk.store\/sv\/#\/schema\/logo\/image\/","url":"https:\/\/i0.wp.com\/truusk.store\/wp-content\/uploads\/2026\/03\/cropped-TRUUSK.png?fit=2032%2C917&ssl=1","contentUrl":"https:\/\/i0.wp.com\/truusk.store\/wp-content\/uploads\/2026\/03\/cropped-TRUUSK.png?fit=2032%2C917&ssl=1","width":2032,"height":917,"caption":"TRUUSK - Hem, Tr\u00e4dg\u00e5rd & Fritid"},"image":{"@id":"https:\/\/truusk.store\/sv\/#\/schema\/logo\/image\/"}}]}},"jetpack_sharing_enabled":true,"_links":{"self":[{"href":"https:\/\/truusk.store\/sv\/wp-json\/wp\/v2\/product\/25692","targetHints":{"allow":["GET"]}}],"collection":[{"href":"https:\/\/truusk.store\/sv\/wp-json\/wp\/v2\/product"}],"about":[{"href":"https:\/\/truusk.store\/sv\/wp-json\/wp\/v2\/types\/product"}],"wp:featuredmedia":[{"embeddable":true,"href":"https:\/\/truusk.store\/sv\/wp-json\/wp\/v2\/media\/25693"}],"wp:attachment":[{"href":"https:\/\/truusk.store\/sv\/wp-json\/wp\/v2\/media?parent=25692"}],"wp:term":[{"taxonomy":"product_brand","embeddable":true,"href":"https:\/\/truusk.store\/sv\/wp-json\/wp\/v2\/product_brand?post=25692"},{"taxonomy":"product_cat","embeddable":true,"href":"https:\/\/truusk.store\/sv\/wp-json\/wp\/v2\/product_cat?post=25692"},{"taxonomy":"product_tag","embeddable":true,"href":"https:\/\/truusk.store\/sv\/wp-json\/wp\/v2\/product_tag?post=25692"}],"curies":[{"name":"wp","href":"https:\/\/api.w.org\/{rel}","templated":true}]}}