{"id":25796,"date":"2024-02-13T18:08:21","date_gmt":"2024-02-13T17:08:21","guid":{"rendered":"https:\/\/truusk.store\/product\/cykelstall-monteringsstall-cykeltillbehor-metall-svart-60-x-54-x-57\/"},"modified":"2026-03-12T09:06:24","modified_gmt":"2026-03-12T08:06:24","slug":"truusk-cykelstall-och-monteringsstall-metall-svart-60-x-54-x-57-cykeltillbehor","status":"publish","type":"product","link":"https:\/\/truusk.store\/sv\/produkt\/truusk-cykelstall-och-monteringsstall-metall-svart-60-x-54-x-57-cykeltillbehor\/","title":{"rendered":"TRUUSK Cykelst\u00e4ll och Monteringsst\u00e4ll &#8211; Metall &#8211; Svart &#8211; 60 x 54 x 57 &#8211; Cykeltillbeh\u00f6r"},"content":{"rendered":"<p>\u00c4r du orolig f\u00f6r problemet med cykelparkering? \u00c4r du fortfarande orolig f\u00f6r att din cykel ska v\u00e4lta och bli repad? Kom och anv\u00e4nd v\u00e5rt cykelst\u00e4ll. V\u00e5r ramkonstruktion \u00e4r smart konstruerad, tillg\u00e4nglig p\u00e5 b\u00e5da sidor, gjord av h\u00f6gkvalitativt st\u00e5l och utrustad med PVC-golvmattor f\u00f6r att f\u00f6rhindra halka. Montera helt enkelt och placera p\u00e5 golvet enligt instruktionerna.<\/p>\n<h3>Beskrivning:<\/h3>\n<ul>\n<li>Tillverkad av h\u00f6gkvalitativt r\u00f6rst\u00e5l som \u00e4r tillr\u00e4ckligt tjockt f\u00f6r att s\u00e4kerst\u00e4lla stabil och h\u00e5llbarhet<\/li>\n<li>Den speciella PVC-trampdynan kan f\u00f6rhindra att golvet repas<\/li>\n<li>L\u00e4mplig f\u00f6r de flesta typer av cykeld\u00e4ck, kan anv\u00e4ndas n\u00e4r d\u00e4ckbredden \u00e4r mindre \u00e4n 6,5 cm<\/li>\n<li>Genom att f\u00f6lja instruktionerna kan monteringen utf\u00f6ras snabbt och enkelt<\/li>\n<li>anpassningsbar<\/li>\n<li>Installera hyllor f\u00f6r att f\u00f6rvara cykeln i samma eller motsatta riktningar<\/li>\n<\/ul>\n<h3>Teknisk data:<\/h3>\n<ul>\n<li>Svart f\u00e4rg<\/li>\n<li>Material: metall<\/li>\n<li>Totalm\u00e5tt: L60 B54 H57 cm<\/li>\n<li>Fyrkantigt r\u00f6rstorlek: L3,8 x B3,8 cm<\/li>\n<li>L\u00e4mplig f\u00f6r 2 cyklar<\/li>\n<li>L\u00e4mplig f\u00f6r d\u00e4ckbredder mindre \u00e4n 6,5 cm<\/li>\n<li>Obs: Ej l\u00e4mplig f\u00f6r elcyklar<\/li>\n<\/ul>\n<h3>Leveransens omfattning:<\/h3>\n<ul>\n<li>1 x cykelst\u00e4ll<\/li>\n<li>1 x Monteringsanvisning<\/li>\n<\/ul>\n","protected":false},"excerpt":{"rendered":"<p>\u00c4r du orolig f\u00f6r problemet med cykelparkering? \u00c4r du fortfarande orolig f\u00f6r att din cykel ska v\u00e4lta och bli repad?&#8230;<\/p>\n","protected":false},"featured_media":25797,"template":"","meta":[],"product_brand":[],"product_cat":[652,655,647],"product_tag":[],"class_list":{"0":"post-25796","1":"product","2":"type-product","3":"status-publish","4":"has-post-thumbnail","6":"product_cat-cykel","7":"product_cat-cykelstall","8":"product_cat-sport-fritid","10":"first","11":"instock","12":"sale","13":"taxable","14":"shipping-taxable","15":"purchasable","16":"product-type-simple"},"yoast_head":"<!-- This site is optimized with the Yoast SEO plugin v25.4 - https:\/\/yoast.com\/wordpress\/plugins\/seo\/ -->\n<title>TRUUSK Cykelst\u00e4ll och Monteringsst\u00e4ll - Metall - Svart - 60 x 54 x 57 - Cykeltillbeh\u00f6r - TRUUSK - Hem, Tr\u00e4dg\u00e5rd &amp; Fritid<\/title>\n<meta name=\"robots\" content=\"index, follow, max-snippet:-1, max-image-preview:large, max-video-preview:-1\" \/>\n<link rel=\"canonical\" href=\"https:\/\/truusk.store\/sv\/produkt\/truusk-cykelstall-och-monteringsstall-metall-svart-60-x-54-x-57-cykeltillbehor\/\" \/>\n<meta property=\"og:locale\" content=\"sv_SE\" \/>\n<meta property=\"og:type\" content=\"article\" \/>\n<meta property=\"og:title\" content=\"TRUUSK Cykelst\u00e4ll och Monteringsst\u00e4ll - Metall - Svart - 60 x 54 x 57 - Cykeltillbeh\u00f6r - TRUUSK - Hem, Tr\u00e4dg\u00e5rd &amp; Fritid\" \/>\n<meta property=\"og:description\" content=\"\u00c4r du orolig f\u00f6r problemet med cykelparkering? \u00c4r du fortfarande orolig f\u00f6r att din cykel ska v\u00e4lta och bli repad?...\" \/>\n<meta property=\"og:url\" content=\"https:\/\/truusk.store\/sv\/produkt\/truusk-cykelstall-och-monteringsstall-metall-svart-60-x-54-x-57-cykeltillbehor\/\" \/>\n<meta property=\"og:site_name\" content=\"TRUUSK - Hem, Tr\u00e4dg\u00e5rd &amp; Fritid\" \/>\n<meta property=\"article:modified_time\" content=\"2026-03-12T08:06:24+00:00\" \/>\n<meta property=\"og:image\" content=\"https:\/\/i0.wp.com\/truusk.se\/wp-content\/uploads\/2024\/02\/cykelstall-monteringsstall-cykeltillbehor-metall-svart-60-x-54-x-57.webp?fit=800%2C800&ssl=1\" \/>\n\t<meta property=\"og:image:width\" content=\"800\" \/>\n\t<meta property=\"og:image:height\" content=\"800\" \/>\n\t<meta property=\"og:image:type\" content=\"image\/webp\" \/>\n<meta name=\"twitter:card\" content=\"summary_large_image\" \/>\n<meta name=\"twitter:label1\" content=\"Ber\u00e4knad l\u00e4stid\" \/>\n\t<meta name=\"twitter:data1\" content=\"1 minut\" \/>\n<!-- \/ Yoast SEO plugin. -->","yoast_head_json":{"title":"TRUUSK Cykelst\u00e4ll och Monteringsst\u00e4ll - Metall - Svart - 60 x 54 x 57 - Cykeltillbeh\u00f6r - TRUUSK - Hem, Tr\u00e4dg\u00e5rd &amp; Fritid","robots":{"index":"index","follow":"follow","max-snippet":"max-snippet:-1","max-image-preview":"max-image-preview:large","max-video-preview":"max-video-preview:-1"},"canonical":"https:\/\/truusk.store\/sv\/produkt\/truusk-cykelstall-och-monteringsstall-metall-svart-60-x-54-x-57-cykeltillbehor\/","og_locale":"sv_SE","og_type":"article","og_title":"TRUUSK Cykelst\u00e4ll och Monteringsst\u00e4ll - Metall - Svart - 60 x 54 x 57 - Cykeltillbeh\u00f6r - TRUUSK - Hem, Tr\u00e4dg\u00e5rd &amp; Fritid","og_description":"\u00c4r du orolig f\u00f6r problemet med cykelparkering? \u00c4r du fortfarande orolig f\u00f6r att din cykel ska v\u00e4lta och bli repad?...","og_url":"https:\/\/truusk.store\/sv\/produkt\/truusk-cykelstall-och-monteringsstall-metall-svart-60-x-54-x-57-cykeltillbehor\/","og_site_name":"TRUUSK - Hem, Tr\u00e4dg\u00e5rd &amp; Fritid","article_modified_time":"2026-03-12T08:06:24+00:00","og_image":[{"width":800,"height":800,"url":"https:\/\/i0.wp.com\/truusk.se\/wp-content\/uploads\/2024\/02\/cykelstall-monteringsstall-cykeltillbehor-metall-svart-60-x-54-x-57.webp?fit=800%2C800&ssl=1","type":"image\/webp"}],"twitter_card":"summary_large_image","twitter_misc":{"Ber\u00e4knad l\u00e4stid":"1 minut"},"schema":{"@context":"https:\/\/schema.org","@graph":[{"@type":"WebPage","@id":"https:\/\/truusk.store\/sv\/produkt\/truusk-cykelstall-och-monteringsstall-metall-svart-60-x-54-x-57-cykeltillbehor\/","url":"https:\/\/truusk.store\/sv\/produkt\/truusk-cykelstall-och-monteringsstall-metall-svart-60-x-54-x-57-cykeltillbehor\/","name":"TRUUSK Cykelst\u00e4ll och Monteringsst\u00e4ll - Metall - Svart - 60 x 54 x 57 - Cykeltillbeh\u00f6r - TRUUSK - Hem, Tr\u00e4dg\u00e5rd &amp; Fritid","isPartOf":{"@id":"https:\/\/truusk.store\/sv\/#website"},"primaryImageOfPage":{"@id":"https:\/\/truusk.store\/sv\/produkt\/truusk-cykelstall-och-monteringsstall-metall-svart-60-x-54-x-57-cykeltillbehor\/#primaryimage"},"image":{"@id":"https:\/\/truusk.store\/sv\/produkt\/truusk-cykelstall-och-monteringsstall-metall-svart-60-x-54-x-57-cykeltillbehor\/#primaryimage"},"thumbnailUrl":"https:\/\/i0.wp.com\/truusk.store\/wp-content\/uploads\/2024\/02\/cykelstall-monteringsstall-cykeltillbehor-metall-svart-60-x-54-x-57.webp?fit=800%2C800&ssl=1","datePublished":"2024-02-13T17:08:21+00:00","dateModified":"2026-03-12T08:06:24+00:00","breadcrumb":{"@id":"https:\/\/truusk.store\/sv\/produkt\/truusk-cykelstall-och-monteringsstall-metall-svart-60-x-54-x-57-cykeltillbehor\/#breadcrumb"},"inLanguage":"sv-SE","potentialAction":[{"@type":"ReadAction","target":["https:\/\/truusk.store\/sv\/produkt\/truusk-cykelstall-och-monteringsstall-metall-svart-60-x-54-x-57-cykeltillbehor\/"]}]},{"@type":"ImageObject","inLanguage":"sv-SE","@id":"https:\/\/truusk.store\/sv\/produkt\/truusk-cykelstall-och-monteringsstall-metall-svart-60-x-54-x-57-cykeltillbehor\/#primaryimage","url":"https:\/\/i0.wp.com\/truusk.store\/wp-content\/uploads\/2024\/02\/cykelstall-monteringsstall-cykeltillbehor-metall-svart-60-x-54-x-57.webp?fit=800%2C800&ssl=1","contentUrl":"https:\/\/i0.wp.com\/truusk.store\/wp-content\/uploads\/2024\/02\/cykelstall-monteringsstall-cykeltillbehor-metall-svart-60-x-54-x-57.webp?fit=800%2C800&ssl=1","width":800,"height":800,"caption":"Cykelst\u00e4ll, Monteringsst\u00e4ll, Cykeltillbeh\u00f6r, Metall, Svart, 60 X 54 X 57 1"},{"@type":"BreadcrumbList","@id":"https:\/\/truusk.store\/sv\/produkt\/truusk-cykelstall-och-monteringsstall-metall-svart-60-x-54-x-57-cykeltillbehor\/#breadcrumb","itemListElement":[{"@type":"ListItem","position":1,"name":"Home","item":"https:\/\/truusk.store\/sv\/"},{"@type":"ListItem","position":2,"name":"Shop","item":"https:\/\/truusk.store\/shop\/"},{"@type":"ListItem","position":3,"name":"TRUUSK Cykelst\u00e4ll och Monteringsst\u00e4ll &#8211; Metall &#8211; Svart &#8211; 60 x 54 x 57 &#8211; Cykeltillbeh\u00f6r"}]},{"@type":"WebSite","@id":"https:\/\/truusk.store\/sv\/#website","url":"https:\/\/truusk.store\/sv\/","name":"TRUUSK - Hem, Tr\u00e4dg\u00e5rd & Fritid","description":"","publisher":{"@id":"https:\/\/truusk.store\/sv\/#organization"},"potentialAction":[{"@type":"SearchAction","target":{"@type":"EntryPoint","urlTemplate":"https:\/\/truusk.store\/sv\/?s={search_term_string}"},"query-input":{"@type":"PropertyValueSpecification","valueRequired":true,"valueName":"search_term_string"}}],"inLanguage":"sv-SE"},{"@type":"Organization","@id":"https:\/\/truusk.store\/sv\/#organization","name":"TRUUSK - Hem, Tr\u00e4dg\u00e5rd & Fritid","url":"https:\/\/truusk.store\/sv\/","logo":{"@type":"ImageObject","inLanguage":"sv-SE","@id":"https:\/\/truusk.store\/sv\/#\/schema\/logo\/image\/","url":"https:\/\/i0.wp.com\/truusk.store\/wp-content\/uploads\/2026\/03\/cropped-TRUUSK.png?fit=2032%2C917&ssl=1","contentUrl":"https:\/\/i0.wp.com\/truusk.store\/wp-content\/uploads\/2026\/03\/cropped-TRUUSK.png?fit=2032%2C917&ssl=1","width":2032,"height":917,"caption":"TRUUSK - Hem, Tr\u00e4dg\u00e5rd & Fritid"},"image":{"@id":"https:\/\/truusk.store\/sv\/#\/schema\/logo\/image\/"}}]}},"jetpack_sharing_enabled":true,"_links":{"self":[{"href":"https:\/\/truusk.store\/sv\/wp-json\/wp\/v2\/product\/25796","targetHints":{"allow":["GET"]}}],"collection":[{"href":"https:\/\/truusk.store\/sv\/wp-json\/wp\/v2\/product"}],"about":[{"href":"https:\/\/truusk.store\/sv\/wp-json\/wp\/v2\/types\/product"}],"wp:featuredmedia":[{"embeddable":true,"href":"https:\/\/truusk.store\/sv\/wp-json\/wp\/v2\/media\/25797"}],"wp:attachment":[{"href":"https:\/\/truusk.store\/sv\/wp-json\/wp\/v2\/media?parent=25796"}],"wp:term":[{"taxonomy":"product_brand","embeddable":true,"href":"https:\/\/truusk.store\/sv\/wp-json\/wp\/v2\/product_brand?post=25796"},{"taxonomy":"product_cat","embeddable":true,"href":"https:\/\/truusk.store\/sv\/wp-json\/wp\/v2\/product_cat?post=25796"},{"taxonomy":"product_tag","embeddable":true,"href":"https:\/\/truusk.store\/sv\/wp-json\/wp\/v2\/product_tag?post=25796"}],"curies":[{"name":"wp","href":"https:\/\/api.w.org\/{rel}","templated":true}]}}