{"id":25991,"date":"2024-02-13T18:14:46","date_gmt":"2024-02-13T17:14:46","guid":{"rendered":"https:\/\/truusk.store\/product\/hundvagn-hundvagn-kattvagn-husdjursvagn-med-3-hjul-hopfallbar-hundkatt-oxford-gra-svart-1095-x-575-x-1065-cm\/"},"modified":"2026-03-12T09:03:22","modified_gmt":"2026-03-12T08:03:22","slug":"truusk-hundvagn-kattvagn-3-hjul-hopfallbar-oxford-gra-svart-1095-x-575-x-1065-cm-for-hundar-och-katter-upp-till-10-kg","status":"publish","type":"product","link":"https:\/\/truusk.store\/sv\/produkt\/truusk-hundvagn-kattvagn-3-hjul-hopfallbar-oxford-gra-svart-1095-x-575-x-1065-cm-for-hundar-och-katter-upp-till-10-kg\/","title":{"rendered":"TRUUSK Hundvagn Kattvagn 3 Hjul Hopf\u00e4llbar Oxford Gr\u00e5\/Svart 109,5 x 57,5 x 106,5 cm &#8211; F\u00f6r Hundar och Katter upp till 10 kg"},"content":{"rendered":"<p>Barnvagnar f\u00f6r hundar \u00e4r ett relativt nytt koncept som har fortsatt att v\u00e4xa i popularitet sedan de introducerades. Idag sv\u00e4r m\u00e5nga djur\u00e4lskare vid dem och de f\u00f6rdelar de erbjuder. Detta inkluderar ett praktiskt transportmedel f\u00f6r sjuka eller \u00e4ldre djur, ett s\u00e4kert s\u00e4tt att ta dem till veterin\u00e4ren eller ta dem till shopping. Denna hundvagn \u00e4r det perfekta transportalternativet f\u00f6r din hund.<\/p>\n<h3>Beskrivning:<\/h3>\n<ul>\n<li>Solid konstruktion med st\u00e5lram och Oxford-tyg, g\u00f6r denna hundvagn robust f\u00f6r l\u00e5ngvarig anv\u00e4ndning<\/li>\n<li>Stora hjul l\u00e4mpliga f\u00f6r mer v\u00e4glag<\/li>\n<li>Framhjul n\u00e4r de \u00e4r l\u00e5sta \u00e4r l\u00e4mpliga f\u00f6r jogging, n\u00e4r de inte \u00e4r l\u00e5sta \u00e4r de l\u00e4mpliga f\u00f6r promenader<\/li>\n<li>2 s\u00e4kerhetskoppel inuti f\u00f6r att h\u00e5lla ditt husdjur s\u00e4kert fastsp\u00e4nt<\/li>\n<li>3-l\u00e4ges justerbar kapell och n\u00e4tf\u00f6nster f\u00f6r bra luftcirkulation och b\u00e4ttre sikt<\/li>\n<li>Nedre f\u00f6rvaringsfack f\u00f6r enkel \u00e5tkomst till husdjursartiklar och personliga f\u00f6rem\u00e5l<\/li>\n<li>Vikbar design f\u00f6r enkel f\u00f6rvaring och transport<\/li>\n<li>L\u00e4mplig f\u00f6r sm\u00e5 hundar och miniatyrhundar som \u00e4r mindre \u00e4n 41 cm l\u00e5nga och v\u00e4ger mindre \u00e4n 10 kg<\/li>\n<\/ul>\n<h3>Teknisk data:<\/h3>\n<ul>\n<li>Material: St\u00e5l, 600D Oxford-tyg<\/li>\n<li>F\u00e4rg: Gr\u00e5+svart<\/li>\n<li>Totala m\u00e5tt: 109,5L x 57,5W x 106,5H cm<\/li>\n<li>Vikstorlek: 98L x 57W x 44H cm<\/li>\n<li>Huvudkroppsstorlek: 66L x 35W x 52H cm<\/li>\n<li>Nedre f\u00f6rvaringskorgstorlek: 32L x 30W x 16D cm<\/li>\n<li>Lastkapacitet: 25 kg<\/li>\n<li>Obs: kroppsl\u00e4ngd<\/li>\n<\/ul>\n<h3>Leveransens omfattning:<\/h3>\n<ul>\n<li>1 x Hundvagn<\/li>\n<li>1 x manuell<\/li>\n<\/ul>\n","protected":false},"excerpt":{"rendered":"<p>Barnvagnar f\u00f6r hundar \u00e4r ett relativt nytt koncept som har fortsatt att v\u00e4xa i popularitet sedan de introducerades. Idag sv\u00e4r&#8230;<\/p>\n","protected":false},"featured_media":25992,"template":"","meta":[],"product_brand":[],"product_cat":[574,579,573],"product_tag":[],"class_list":{"0":"post-25991","1":"product","2":"type-product","3":"status-publish","4":"has-post-thumbnail","6":"product_cat-hundtillbehor","7":"product_cat-hundvagn","8":"product_cat-husdjursmaterial","10":"first","11":"instock","12":"sale","13":"taxable","14":"shipping-taxable","15":"purchasable","16":"product-type-simple"},"yoast_head":"<!-- This site is optimized with the Yoast SEO plugin v25.4 - https:\/\/yoast.com\/wordpress\/plugins\/seo\/ -->\n<title>TRUUSK Hundvagn Kattvagn 3 Hjul Hopf\u00e4llbar Oxford Gr\u00e5\/Svart 109,5 x 57,5 x 106,5 cm - F\u00f6r Hundar och Katter upp till 10 kg - TRUUSK - Hem, Tr\u00e4dg\u00e5rd &amp; Fritid<\/title>\n<meta name=\"robots\" content=\"index, follow, max-snippet:-1, max-image-preview:large, max-video-preview:-1\" \/>\n<link rel=\"canonical\" href=\"https:\/\/truusk.store\/sv\/produkt\/truusk-hundvagn-kattvagn-3-hjul-hopfallbar-oxford-gra-svart-1095-x-575-x-1065-cm-for-hundar-och-katter-upp-till-10-kg\/\" \/>\n<meta property=\"og:locale\" content=\"sv_SE\" \/>\n<meta property=\"og:type\" content=\"article\" \/>\n<meta property=\"og:title\" content=\"TRUUSK Hundvagn Kattvagn 3 Hjul Hopf\u00e4llbar Oxford Gr\u00e5\/Svart 109,5 x 57,5 x 106,5 cm - F\u00f6r Hundar och Katter upp till 10 kg - TRUUSK - Hem, Tr\u00e4dg\u00e5rd &amp; Fritid\" \/>\n<meta property=\"og:description\" content=\"Barnvagnar f\u00f6r hundar \u00e4r ett relativt nytt koncept som har fortsatt att v\u00e4xa i popularitet sedan de introducerades. Idag sv\u00e4r...\" \/>\n<meta property=\"og:url\" content=\"https:\/\/truusk.store\/sv\/produkt\/truusk-hundvagn-kattvagn-3-hjul-hopfallbar-oxford-gra-svart-1095-x-575-x-1065-cm-for-hundar-och-katter-upp-till-10-kg\/\" \/>\n<meta property=\"og:site_name\" content=\"TRUUSK - Hem, Tr\u00e4dg\u00e5rd &amp; Fritid\" \/>\n<meta property=\"article:modified_time\" content=\"2026-03-12T08:03:22+00:00\" \/>\n<meta property=\"og:image\" content=\"https:\/\/i0.wp.com\/truusk.se\/wp-content\/uploads\/2024\/02\/hundvagn-hundvagn-kattvagn-husdjursvagn-med-3-hjul-hopfallbar-hundkatt-oxford-gra-svart-1095-x-575-x-1065-cm.webp?fit=800%2C800&ssl=1\" \/>\n\t<meta property=\"og:image:width\" content=\"800\" \/>\n\t<meta property=\"og:image:height\" content=\"800\" \/>\n\t<meta property=\"og:image:type\" content=\"image\/webp\" \/>\n<meta name=\"twitter:card\" content=\"summary_large_image\" \/>\n<meta name=\"twitter:label1\" content=\"Ber\u00e4knad l\u00e4stid\" \/>\n\t<meta name=\"twitter:data1\" content=\"1 minut\" \/>\n<!-- \/ Yoast SEO plugin. -->","yoast_head_json":{"title":"TRUUSK Hundvagn Kattvagn 3 Hjul Hopf\u00e4llbar Oxford Gr\u00e5\/Svart 109,5 x 57,5 x 106,5 cm - F\u00f6r Hundar och Katter upp till 10 kg - TRUUSK - Hem, Tr\u00e4dg\u00e5rd &amp; Fritid","robots":{"index":"index","follow":"follow","max-snippet":"max-snippet:-1","max-image-preview":"max-image-preview:large","max-video-preview":"max-video-preview:-1"},"canonical":"https:\/\/truusk.store\/sv\/produkt\/truusk-hundvagn-kattvagn-3-hjul-hopfallbar-oxford-gra-svart-1095-x-575-x-1065-cm-for-hundar-och-katter-upp-till-10-kg\/","og_locale":"sv_SE","og_type":"article","og_title":"TRUUSK Hundvagn Kattvagn 3 Hjul Hopf\u00e4llbar Oxford Gr\u00e5\/Svart 109,5 x 57,5 x 106,5 cm - F\u00f6r Hundar och Katter upp till 10 kg - TRUUSK - Hem, Tr\u00e4dg\u00e5rd &amp; Fritid","og_description":"Barnvagnar f\u00f6r hundar \u00e4r ett relativt nytt koncept som har fortsatt att v\u00e4xa i popularitet sedan de introducerades. Idag sv\u00e4r...","og_url":"https:\/\/truusk.store\/sv\/produkt\/truusk-hundvagn-kattvagn-3-hjul-hopfallbar-oxford-gra-svart-1095-x-575-x-1065-cm-for-hundar-och-katter-upp-till-10-kg\/","og_site_name":"TRUUSK - Hem, Tr\u00e4dg\u00e5rd &amp; Fritid","article_modified_time":"2026-03-12T08:03:22+00:00","og_image":[{"width":800,"height":800,"url":"https:\/\/i0.wp.com\/truusk.se\/wp-content\/uploads\/2024\/02\/hundvagn-hundvagn-kattvagn-husdjursvagn-med-3-hjul-hopfallbar-hundkatt-oxford-gra-svart-1095-x-575-x-1065-cm.webp?fit=800%2C800&ssl=1","type":"image\/webp"}],"twitter_card":"summary_large_image","twitter_misc":{"Ber\u00e4knad l\u00e4stid":"1 minut"},"schema":{"@context":"https:\/\/schema.org","@graph":[{"@type":"WebPage","@id":"https:\/\/truusk.store\/sv\/produkt\/truusk-hundvagn-kattvagn-3-hjul-hopfallbar-oxford-gra-svart-1095-x-575-x-1065-cm-for-hundar-och-katter-upp-till-10-kg\/","url":"https:\/\/truusk.store\/sv\/produkt\/truusk-hundvagn-kattvagn-3-hjul-hopfallbar-oxford-gra-svart-1095-x-575-x-1065-cm-for-hundar-och-katter-upp-till-10-kg\/","name":"TRUUSK Hundvagn Kattvagn 3 Hjul Hopf\u00e4llbar Oxford Gr\u00e5\/Svart 109,5 x 57,5 x 106,5 cm - F\u00f6r Hundar och Katter upp till 10 kg - TRUUSK - Hem, Tr\u00e4dg\u00e5rd &amp; Fritid","isPartOf":{"@id":"https:\/\/truusk.store\/sv\/#website"},"primaryImageOfPage":{"@id":"https:\/\/truusk.store\/sv\/produkt\/truusk-hundvagn-kattvagn-3-hjul-hopfallbar-oxford-gra-svart-1095-x-575-x-1065-cm-for-hundar-och-katter-upp-till-10-kg\/#primaryimage"},"image":{"@id":"https:\/\/truusk.store\/sv\/produkt\/truusk-hundvagn-kattvagn-3-hjul-hopfallbar-oxford-gra-svart-1095-x-575-x-1065-cm-for-hundar-och-katter-upp-till-10-kg\/#primaryimage"},"thumbnailUrl":"https:\/\/i0.wp.com\/truusk.store\/wp-content\/uploads\/2024\/02\/hundvagn-hundvagn-kattvagn-husdjursvagn-med-3-hjul-hopfallbar-hundkatt-oxford-gra-svart-1095-x-575-x-1065-cm.webp?fit=800%2C800&ssl=1","datePublished":"2024-02-13T17:14:46+00:00","dateModified":"2026-03-12T08:03:22+00:00","breadcrumb":{"@id":"https:\/\/truusk.store\/sv\/produkt\/truusk-hundvagn-kattvagn-3-hjul-hopfallbar-oxford-gra-svart-1095-x-575-x-1065-cm-for-hundar-och-katter-upp-till-10-kg\/#breadcrumb"},"inLanguage":"sv-SE","potentialAction":[{"@type":"ReadAction","target":["https:\/\/truusk.store\/sv\/produkt\/truusk-hundvagn-kattvagn-3-hjul-hopfallbar-oxford-gra-svart-1095-x-575-x-1065-cm-for-hundar-och-katter-upp-till-10-kg\/"]}]},{"@type":"ImageObject","inLanguage":"sv-SE","@id":"https:\/\/truusk.store\/sv\/produkt\/truusk-hundvagn-kattvagn-3-hjul-hopfallbar-oxford-gra-svart-1095-x-575-x-1065-cm-for-hundar-och-katter-upp-till-10-kg\/#primaryimage","url":"https:\/\/i0.wp.com\/truusk.store\/wp-content\/uploads\/2024\/02\/hundvagn-hundvagn-kattvagn-husdjursvagn-med-3-hjul-hopfallbar-hundkatt-oxford-gra-svart-1095-x-575-x-1065-cm.webp?fit=800%2C800&ssl=1","contentUrl":"https:\/\/i0.wp.com\/truusk.store\/wp-content\/uploads\/2024\/02\/hundvagn-hundvagn-kattvagn-husdjursvagn-med-3-hjul-hopfallbar-hundkatt-oxford-gra-svart-1095-x-575-x-1065-cm.webp?fit=800%2C800&ssl=1","width":800,"height":800,"caption":"Hundvagn Hundvagn Kattvagn Husdjursvagn Med 3 Hjul Hopf\u00e4llbar Hundkatt Oxford Gr\u00e5 + Svart 109,5 X 57,5 \u200b\u200bx 106,5 Cm 1"},{"@type":"BreadcrumbList","@id":"https:\/\/truusk.store\/sv\/produkt\/truusk-hundvagn-kattvagn-3-hjul-hopfallbar-oxford-gra-svart-1095-x-575-x-1065-cm-for-hundar-och-katter-upp-till-10-kg\/#breadcrumb","itemListElement":[{"@type":"ListItem","position":1,"name":"Home","item":"https:\/\/truusk.store\/sv\/"},{"@type":"ListItem","position":2,"name":"Shop","item":"https:\/\/truusk.store\/shop\/"},{"@type":"ListItem","position":3,"name":"TRUUSK Hundvagn Kattvagn 3 Hjul Hopf\u00e4llbar Oxford Gr\u00e5\/Svart 109,5 x 57,5 x 106,5 cm &#8211; F\u00f6r Hundar och Katter upp till 10 kg"}]},{"@type":"WebSite","@id":"https:\/\/truusk.store\/sv\/#website","url":"https:\/\/truusk.store\/sv\/","name":"TRUUSK - Hem, Tr\u00e4dg\u00e5rd & Fritid","description":"","publisher":{"@id":"https:\/\/truusk.store\/sv\/#organization"},"potentialAction":[{"@type":"SearchAction","target":{"@type":"EntryPoint","urlTemplate":"https:\/\/truusk.store\/sv\/?s={search_term_string}"},"query-input":{"@type":"PropertyValueSpecification","valueRequired":true,"valueName":"search_term_string"}}],"inLanguage":"sv-SE"},{"@type":"Organization","@id":"https:\/\/truusk.store\/sv\/#organization","name":"TRUUSK - Hem, Tr\u00e4dg\u00e5rd & Fritid","url":"https:\/\/truusk.store\/sv\/","logo":{"@type":"ImageObject","inLanguage":"sv-SE","@id":"https:\/\/truusk.store\/sv\/#\/schema\/logo\/image\/","url":"https:\/\/i0.wp.com\/truusk.store\/wp-content\/uploads\/2026\/03\/cropped-TRUUSK.png?fit=2032%2C917&ssl=1","contentUrl":"https:\/\/i0.wp.com\/truusk.store\/wp-content\/uploads\/2026\/03\/cropped-TRUUSK.png?fit=2032%2C917&ssl=1","width":2032,"height":917,"caption":"TRUUSK - Hem, Tr\u00e4dg\u00e5rd & Fritid"},"image":{"@id":"https:\/\/truusk.store\/sv\/#\/schema\/logo\/image\/"}}]}},"jetpack_sharing_enabled":true,"_links":{"self":[{"href":"https:\/\/truusk.store\/sv\/wp-json\/wp\/v2\/product\/25991","targetHints":{"allow":["GET"]}}],"collection":[{"href":"https:\/\/truusk.store\/sv\/wp-json\/wp\/v2\/product"}],"about":[{"href":"https:\/\/truusk.store\/sv\/wp-json\/wp\/v2\/types\/product"}],"wp:featuredmedia":[{"embeddable":true,"href":"https:\/\/truusk.store\/sv\/wp-json\/wp\/v2\/media\/25992"}],"wp:attachment":[{"href":"https:\/\/truusk.store\/sv\/wp-json\/wp\/v2\/media?parent=25991"}],"wp:term":[{"taxonomy":"product_brand","embeddable":true,"href":"https:\/\/truusk.store\/sv\/wp-json\/wp\/v2\/product_brand?post=25991"},{"taxonomy":"product_cat","embeddable":true,"href":"https:\/\/truusk.store\/sv\/wp-json\/wp\/v2\/product_cat?post=25991"},{"taxonomy":"product_tag","embeddable":true,"href":"https:\/\/truusk.store\/sv\/wp-json\/wp\/v2\/product_tag?post=25991"}],"curies":[{"name":"wp","href":"https:\/\/api.w.org\/{rel}","templated":true}]}}