{"id":26021,"date":"2024-02-13T18:15:52","date_gmt":"2024-02-13T17:15:52","guid":{"rendered":"https:\/\/truusk.store\/product\/litet-djurstall-med-utomhusinhagnad-gangjarnstak-vaderbestandig-123-cm-x-120-cm-x-52-cm-brun\/"},"modified":"2026-03-12T09:06:29","modified_gmt":"2026-03-12T08:06:29","slug":"truusk-liten-husdjursbur-med-uteinhagnad-gangjarnstak-vaderbestandig-123-cm-x-120-cm-x-52-cm-brun","status":"publish","type":"product","link":"https:\/\/truusk.store\/sv\/produkt\/truusk-liten-husdjursbur-med-uteinhagnad-gangjarnstak-vaderbestandig-123-cm-x-120-cm-x-52-cm-brun\/","title":{"rendered":"TRUUSK Liten Husdjursbur med Uteinh\u00e4gnad &#8211; G\u00e5ngj\u00e4rnstak &#8211; V\u00e4derbest\u00e4ndig &#8211; 123 cm x 120 cm x 52 cm &#8211; Brun"},"content":{"rendered":"<p>Detta bekv\u00e4ma sm\u00e5djursstall erbjuder dina djur en s\u00e4ker viloplats och samtidigt tillr\u00e4cklig motion. Ett litet hus fungerar som en skyddande plats f\u00f6r retr\u00e4tt. Locket till stallet och huset kan enkelt \u00f6ppnas, s\u00e5 att du enkelt kan reng\u00f6ra stallet eller mata dina sm\u00e5djur bekv\u00e4mt. Dina skyddslingar kommer omedelbart att k\u00e4nna sig hemma i denna inh\u00e4gnad!<\/p>\n<h3>Beskrivning:<\/h3>\n<ul>\n<li>Ett litet hus fungerar som en plats f\u00f6r att dra sig tillbaka och sova<\/li>\n<li>Du kan \u00f6ppna locket till huset och buren<\/li>\n<li>N\u00e4rmaskigt n\u00e4t ger bra ventilation, skydd mot rovdjur och f\u00f6rhindrar att dina djur flyr och hamnar i fara<\/li>\n<li>V\u00e4derbest\u00e4ndig tr\u00e4ram och ett vattent\u00e4tt asfalttak \u00e4r idealiska f\u00f6r l\u00e5ngvarig utomhusbruk<\/li>\n<li>Kompakt, praktisk form &#8211; platsbesparande och l\u00e4tt att f\u00f6rvara<\/li>\n<li>L\u00e4mplig f\u00f6r utomhus- och inomhusbruk<\/li>\n<li>Montering kr\u00e4vs<\/li>\n<\/ul>\n<h3>Teknisk data:<\/h3>\n<ul>\n<li>F\u00e4rg: Naturlig<\/li>\n<li>Material: gran, metall<\/li>\n<li>\u00d6vergripande m\u00e5tt: 123L x 120W x 52H cm<\/li>\n<li>M\u00e5tt: 42,5 L x 42,5 B x 47 H cm<\/li>\n<li>M\u00e5tt p\u00e5 hyddan: 16L x 22H cm<\/li>\n<li>M\u00e5tt stalld\u00f6rr: 41L x 34H cm<\/li>\n<\/ul>\n<h3>Leveransens omfattning:<\/h3>\n<ul>\n<li>1 x kaninbur<\/li>\n<li>1 x Instruktioner<\/li>\n<\/ul>\n","protected":false},"excerpt":{"rendered":"<p>Detta bekv\u00e4ma sm\u00e5djursstall erbjuder dina djur en s\u00e4ker viloplats och samtidigt tillr\u00e4cklig motion. Ett litet hus fungerar som en skyddande&#8230;<\/p>\n","protected":false},"featured_media":26022,"template":"","meta":[],"product_brand":[],"product_cat":[573,597,600],"product_tag":[],"class_list":{"0":"post-26021","1":"product","2":"type-product","3":"status-publish","4":"has-post-thumbnail","6":"product_cat-husdjursmaterial","7":"product_cat-sma-djurtillbehor","8":"product_cat-utomhusholje","10":"first","11":"instock","12":"sale","13":"taxable","14":"shipping-taxable","15":"purchasable","16":"product-type-simple"},"yoast_head":"<!-- This site is optimized with the Yoast SEO plugin v25.4 - https:\/\/yoast.com\/wordpress\/plugins\/seo\/ -->\n<title>TRUUSK Liten Husdjursbur med Uteinh\u00e4gnad - G\u00e5ngj\u00e4rnstak - V\u00e4derbest\u00e4ndig - 123 cm x 120 cm x 52 cm - Brun - TRUUSK - Hem, Tr\u00e4dg\u00e5rd &amp; Fritid<\/title>\n<meta name=\"robots\" content=\"index, follow, max-snippet:-1, max-image-preview:large, max-video-preview:-1\" \/>\n<link rel=\"canonical\" href=\"https:\/\/truusk.store\/sv\/produkt\/truusk-liten-husdjursbur-med-uteinhagnad-gangjarnstak-vaderbestandig-123-cm-x-120-cm-x-52-cm-brun\/\" \/>\n<meta property=\"og:locale\" content=\"sv_SE\" \/>\n<meta property=\"og:type\" content=\"article\" \/>\n<meta property=\"og:title\" content=\"TRUUSK Liten Husdjursbur med Uteinh\u00e4gnad - G\u00e5ngj\u00e4rnstak - V\u00e4derbest\u00e4ndig - 123 cm x 120 cm x 52 cm - Brun - TRUUSK - Hem, Tr\u00e4dg\u00e5rd &amp; Fritid\" \/>\n<meta property=\"og:description\" content=\"Detta bekv\u00e4ma sm\u00e5djursstall erbjuder dina djur en s\u00e4ker viloplats och samtidigt tillr\u00e4cklig motion. Ett litet hus fungerar som en skyddande...\" \/>\n<meta property=\"og:url\" content=\"https:\/\/truusk.store\/sv\/produkt\/truusk-liten-husdjursbur-med-uteinhagnad-gangjarnstak-vaderbestandig-123-cm-x-120-cm-x-52-cm-brun\/\" \/>\n<meta property=\"og:site_name\" content=\"TRUUSK - Hem, Tr\u00e4dg\u00e5rd &amp; Fritid\" \/>\n<meta property=\"article:modified_time\" content=\"2026-03-12T08:06:29+00:00\" \/>\n<meta property=\"og:image\" content=\"https:\/\/i0.wp.com\/truusk.se\/wp-content\/uploads\/2024\/02\/litet-djurstall-med-utomhusinhagnad-gangjarnstak-vaderbestandig-123-cm-x-120-cm-x-52-cm-brun.webp?fit=800%2C800&ssl=1\" \/>\n\t<meta property=\"og:image:width\" content=\"800\" \/>\n\t<meta property=\"og:image:height\" content=\"800\" \/>\n\t<meta property=\"og:image:type\" content=\"image\/webp\" \/>\n<meta name=\"twitter:card\" content=\"summary_large_image\" \/>\n<meta name=\"twitter:label1\" content=\"Ber\u00e4knad l\u00e4stid\" \/>\n\t<meta name=\"twitter:data1\" content=\"1 minut\" \/>\n<!-- \/ Yoast SEO plugin. -->","yoast_head_json":{"title":"TRUUSK Liten Husdjursbur med Uteinh\u00e4gnad - G\u00e5ngj\u00e4rnstak - V\u00e4derbest\u00e4ndig - 123 cm x 120 cm x 52 cm - Brun - TRUUSK - Hem, Tr\u00e4dg\u00e5rd &amp; Fritid","robots":{"index":"index","follow":"follow","max-snippet":"max-snippet:-1","max-image-preview":"max-image-preview:large","max-video-preview":"max-video-preview:-1"},"canonical":"https:\/\/truusk.store\/sv\/produkt\/truusk-liten-husdjursbur-med-uteinhagnad-gangjarnstak-vaderbestandig-123-cm-x-120-cm-x-52-cm-brun\/","og_locale":"sv_SE","og_type":"article","og_title":"TRUUSK Liten Husdjursbur med Uteinh\u00e4gnad - G\u00e5ngj\u00e4rnstak - V\u00e4derbest\u00e4ndig - 123 cm x 120 cm x 52 cm - Brun - TRUUSK - Hem, Tr\u00e4dg\u00e5rd &amp; Fritid","og_description":"Detta bekv\u00e4ma sm\u00e5djursstall erbjuder dina djur en s\u00e4ker viloplats och samtidigt tillr\u00e4cklig motion. Ett litet hus fungerar som en skyddande...","og_url":"https:\/\/truusk.store\/sv\/produkt\/truusk-liten-husdjursbur-med-uteinhagnad-gangjarnstak-vaderbestandig-123-cm-x-120-cm-x-52-cm-brun\/","og_site_name":"TRUUSK - Hem, Tr\u00e4dg\u00e5rd &amp; Fritid","article_modified_time":"2026-03-12T08:06:29+00:00","og_image":[{"width":800,"height":800,"url":"https:\/\/i0.wp.com\/truusk.se\/wp-content\/uploads\/2024\/02\/litet-djurstall-med-utomhusinhagnad-gangjarnstak-vaderbestandig-123-cm-x-120-cm-x-52-cm-brun.webp?fit=800%2C800&ssl=1","type":"image\/webp"}],"twitter_card":"summary_large_image","twitter_misc":{"Ber\u00e4knad l\u00e4stid":"1 minut"},"schema":{"@context":"https:\/\/schema.org","@graph":[{"@type":"WebPage","@id":"https:\/\/truusk.store\/sv\/produkt\/truusk-liten-husdjursbur-med-uteinhagnad-gangjarnstak-vaderbestandig-123-cm-x-120-cm-x-52-cm-brun\/","url":"https:\/\/truusk.store\/sv\/produkt\/truusk-liten-husdjursbur-med-uteinhagnad-gangjarnstak-vaderbestandig-123-cm-x-120-cm-x-52-cm-brun\/","name":"TRUUSK Liten Husdjursbur med Uteinh\u00e4gnad - G\u00e5ngj\u00e4rnstak - V\u00e4derbest\u00e4ndig - 123 cm x 120 cm x 52 cm - Brun - TRUUSK - Hem, Tr\u00e4dg\u00e5rd &amp; Fritid","isPartOf":{"@id":"https:\/\/truusk.store\/sv\/#website"},"primaryImageOfPage":{"@id":"https:\/\/truusk.store\/sv\/produkt\/truusk-liten-husdjursbur-med-uteinhagnad-gangjarnstak-vaderbestandig-123-cm-x-120-cm-x-52-cm-brun\/#primaryimage"},"image":{"@id":"https:\/\/truusk.store\/sv\/produkt\/truusk-liten-husdjursbur-med-uteinhagnad-gangjarnstak-vaderbestandig-123-cm-x-120-cm-x-52-cm-brun\/#primaryimage"},"thumbnailUrl":"https:\/\/i0.wp.com\/truusk.store\/wp-content\/uploads\/2024\/02\/litet-djurstall-med-utomhusinhagnad-gangjarnstak-vaderbestandig-123-cm-x-120-cm-x-52-cm-brun.webp?fit=800%2C800&ssl=1","datePublished":"2024-02-13T17:15:52+00:00","dateModified":"2026-03-12T08:06:29+00:00","breadcrumb":{"@id":"https:\/\/truusk.store\/sv\/produkt\/truusk-liten-husdjursbur-med-uteinhagnad-gangjarnstak-vaderbestandig-123-cm-x-120-cm-x-52-cm-brun\/#breadcrumb"},"inLanguage":"sv-SE","potentialAction":[{"@type":"ReadAction","target":["https:\/\/truusk.store\/sv\/produkt\/truusk-liten-husdjursbur-med-uteinhagnad-gangjarnstak-vaderbestandig-123-cm-x-120-cm-x-52-cm-brun\/"]}]},{"@type":"ImageObject","inLanguage":"sv-SE","@id":"https:\/\/truusk.store\/sv\/produkt\/truusk-liten-husdjursbur-med-uteinhagnad-gangjarnstak-vaderbestandig-123-cm-x-120-cm-x-52-cm-brun\/#primaryimage","url":"https:\/\/i0.wp.com\/truusk.store\/wp-content\/uploads\/2024\/02\/litet-djurstall-med-utomhusinhagnad-gangjarnstak-vaderbestandig-123-cm-x-120-cm-x-52-cm-brun.webp?fit=800%2C800&ssl=1","contentUrl":"https:\/\/i0.wp.com\/truusk.store\/wp-content\/uploads\/2024\/02\/litet-djurstall-med-utomhusinhagnad-gangjarnstak-vaderbestandig-123-cm-x-120-cm-x-52-cm-brun.webp?fit=800%2C800&ssl=1","width":800,"height":800,"caption":"Litet Djurstall Med Utomhusinh\u00e4gnad, G\u00e5ngj\u00e4rnstak, V\u00e4derbest\u00e4ndig, 123 Cm X 120 Cm X 52 Cm, Brun 1"},{"@type":"BreadcrumbList","@id":"https:\/\/truusk.store\/sv\/produkt\/truusk-liten-husdjursbur-med-uteinhagnad-gangjarnstak-vaderbestandig-123-cm-x-120-cm-x-52-cm-brun\/#breadcrumb","itemListElement":[{"@type":"ListItem","position":1,"name":"Home","item":"https:\/\/truusk.store\/sv\/"},{"@type":"ListItem","position":2,"name":"Shop","item":"https:\/\/truusk.store\/shop\/"},{"@type":"ListItem","position":3,"name":"TRUUSK Liten Husdjursbur med Uteinh\u00e4gnad &#8211; G\u00e5ngj\u00e4rnstak &#8211; V\u00e4derbest\u00e4ndig &#8211; 123 cm x 120 cm x 52 cm &#8211; Brun"}]},{"@type":"WebSite","@id":"https:\/\/truusk.store\/sv\/#website","url":"https:\/\/truusk.store\/sv\/","name":"TRUUSK - Hem, Tr\u00e4dg\u00e5rd & Fritid","description":"","publisher":{"@id":"https:\/\/truusk.store\/sv\/#organization"},"potentialAction":[{"@type":"SearchAction","target":{"@type":"EntryPoint","urlTemplate":"https:\/\/truusk.store\/sv\/?s={search_term_string}"},"query-input":{"@type":"PropertyValueSpecification","valueRequired":true,"valueName":"search_term_string"}}],"inLanguage":"sv-SE"},{"@type":"Organization","@id":"https:\/\/truusk.store\/sv\/#organization","name":"TRUUSK - Hem, Tr\u00e4dg\u00e5rd & Fritid","url":"https:\/\/truusk.store\/sv\/","logo":{"@type":"ImageObject","inLanguage":"sv-SE","@id":"https:\/\/truusk.store\/sv\/#\/schema\/logo\/image\/","url":"https:\/\/i0.wp.com\/truusk.store\/wp-content\/uploads\/2026\/03\/cropped-TRUUSK.png?fit=2032%2C917&ssl=1","contentUrl":"https:\/\/i0.wp.com\/truusk.store\/wp-content\/uploads\/2026\/03\/cropped-TRUUSK.png?fit=2032%2C917&ssl=1","width":2032,"height":917,"caption":"TRUUSK - Hem, Tr\u00e4dg\u00e5rd & Fritid"},"image":{"@id":"https:\/\/truusk.store\/sv\/#\/schema\/logo\/image\/"}}]}},"jetpack_sharing_enabled":true,"_links":{"self":[{"href":"https:\/\/truusk.store\/sv\/wp-json\/wp\/v2\/product\/26021","targetHints":{"allow":["GET"]}}],"collection":[{"href":"https:\/\/truusk.store\/sv\/wp-json\/wp\/v2\/product"}],"about":[{"href":"https:\/\/truusk.store\/sv\/wp-json\/wp\/v2\/types\/product"}],"wp:featuredmedia":[{"embeddable":true,"href":"https:\/\/truusk.store\/sv\/wp-json\/wp\/v2\/media\/26022"}],"wp:attachment":[{"href":"https:\/\/truusk.store\/sv\/wp-json\/wp\/v2\/media?parent=26021"}],"wp:term":[{"taxonomy":"product_brand","embeddable":true,"href":"https:\/\/truusk.store\/sv\/wp-json\/wp\/v2\/product_brand?post=26021"},{"taxonomy":"product_cat","embeddable":true,"href":"https:\/\/truusk.store\/sv\/wp-json\/wp\/v2\/product_cat?post=26021"},{"taxonomy":"product_tag","embeddable":true,"href":"https:\/\/truusk.store\/sv\/wp-json\/wp\/v2\/product_tag?post=26021"}],"curies":[{"name":"wp","href":"https:\/\/api.w.org\/{rel}","templated":true}]}}