{"id":26032,"date":"2024-02-13T18:16:10","date_gmt":"2024-02-13T17:16:10","guid":{"rendered":"https:\/\/truusk.store\/product\/vikarmsmarkis-justerbar-klammarkis-altanmarkis-395-x-3-m-solskydd-med-vev-balkongmarkis-beige\/"},"modified":"2026-03-12T09:06:29","modified_gmt":"2026-03-12T08:06:29","slug":"truusk-vikarmsmarkis-justerbar-klammarkis-altanmarkis-395-x-3-m-solskydd-med-vev-balkongmarkis-beige","status":"publish","type":"product","link":"https:\/\/truusk.store\/sv\/produkt\/truusk-vikarmsmarkis-justerbar-klammarkis-altanmarkis-395-x-3-m-solskydd-med-vev-balkongmarkis-beige\/","title":{"rendered":"TRUUSK Vikarmsmarkis &#8211; Justerbar Kl\u00e4mmarkis &#8211; Altanmarkis &#8211; 3,95 x 3 m &#8211; Solskydd Med Vev &#8211; Balkongmarkis &#8211; Beige"},"content":{"rendered":"<p>Denna vikarmsmarkis \u00e4r bara en av v\u00e5rt stora utbud av markiser och passar s\u00e4rskilt bra f\u00f6r balkongen eller terrassen. Den \u00e4r tillverkad av robust polyester med en vattenavvisande PU-bel\u00e4ggning och har tv\u00e5 metallf\u00e4sten och en handvev f\u00f6r enkel anv\u00e4ndning. Kassettt\u00e4ltet finns i olika storlekar som alla \u00e4r l\u00e4mpliga f\u00f6r v\u00e4ggmontage.<\/p>\n<h3>Beskrivning:<\/h3>\n<ul>\n<li>H\u00f6gkvalitativ markis f\u00f6r balkonger eller terrasser<\/li>\n<li>Ger skydd mot v\u00e4der och vind, f\u00f6r f\u00f6nster eller entr\u00e9er<\/li>\n<li>L\u00e4mplig f\u00f6r v\u00e4ggmontage<\/li>\n<li>V\u00e4derbest\u00e4ndig och smutsavvisande<\/li>\n<li>Ram och 3 konsoler av pulverlackerad aluminium i vitt<\/li>\n<li>Markistyg av 100 % polyester med vattenavvisande PU-bel\u00e4ggning<\/li>\n<li>Lutningsvinkel stegl\u00f6st justerbar<\/li>\n<li>L\u00e4tt att man\u00f6vrera med hj\u00e4lp av en vev<\/li>\n<li>Inkl monteringsmaterial<\/li>\n<li>Obs: Handveven \u00e4r f\u00e4st fr\u00e5n v\u00e4nster fram &#8211; ingen \u00e4ndring till andra sidan m\u00f6jlig<\/li>\n<\/ul>\n<h3>Teknisk data:<\/h3>\n<ul>\n<li>Material: aluminium, polyester (280g\/m)<\/li>\n<li>F\u00e4rg beige<\/li>\n<li>Totalm\u00e5tt: L395 B300 cm<\/li>\n<li>Vevl\u00e4ngd: 160 cm<\/li>\n<\/ul>\n<h3>Leveransens omfattning:<\/h3>\n<ul>\n<li>1 x Markis<\/li>\n<li>1 x Monteringsanvisning<\/li>\n<li>VIKTIGT: Vi levererar varan till trottoarkanten utan kostnad. Se till att du anger r\u00e4tt adress och telefonnummer.<\/li>\n<\/ul>\n","protected":false},"excerpt":{"rendered":"<p>Denna vikarmsmarkis \u00e4r bara en av v\u00e5rt stora utbud av markiser och passar s\u00e4rskilt bra f\u00f6r balkongen eller terrassen. Den&#8230;<\/p>\n","protected":false},"featured_media":26033,"template":"","meta":[],"product_brand":[],"product_cat":[473,471,435],"product_tag":[],"class_list":{"0":"post-26032","1":"product","2":"type-product","3":"status-publish","4":"has-post-thumbnail","6":"product_cat-markiser","7":"product_cat-solskydd-integritetsskydd","8":"product_cat-tradgard-och-terrass","10":"first","11":"instock","12":"sale","13":"taxable","14":"shipping-taxable","15":"purchasable","16":"product-type-simple"},"yoast_head":"<!-- This site is optimized with the Yoast SEO plugin v25.4 - https:\/\/yoast.com\/wordpress\/plugins\/seo\/ -->\n<title>TRUUSK Vikarmsmarkis - Justerbar Kl\u00e4mmarkis - Altanmarkis - 3,95 x 3 m - Solskydd Med Vev - Balkongmarkis - Beige - TRUUSK - Hem, Tr\u00e4dg\u00e5rd &amp; Fritid<\/title>\n<meta name=\"robots\" content=\"index, follow, max-snippet:-1, max-image-preview:large, max-video-preview:-1\" \/>\n<link rel=\"canonical\" href=\"https:\/\/truusk.store\/sv\/produkt\/truusk-vikarmsmarkis-justerbar-klammarkis-altanmarkis-395-x-3-m-solskydd-med-vev-balkongmarkis-beige\/\" \/>\n<meta property=\"og:locale\" content=\"sv_SE\" \/>\n<meta property=\"og:type\" content=\"article\" \/>\n<meta property=\"og:title\" content=\"TRUUSK Vikarmsmarkis - Justerbar Kl\u00e4mmarkis - Altanmarkis - 3,95 x 3 m - Solskydd Med Vev - Balkongmarkis - Beige - TRUUSK - Hem, Tr\u00e4dg\u00e5rd &amp; Fritid\" \/>\n<meta property=\"og:description\" content=\"Denna vikarmsmarkis \u00e4r bara en av v\u00e5rt stora utbud av markiser och passar s\u00e4rskilt bra f\u00f6r balkongen eller terrassen. Den...\" \/>\n<meta property=\"og:url\" content=\"https:\/\/truusk.store\/sv\/produkt\/truusk-vikarmsmarkis-justerbar-klammarkis-altanmarkis-395-x-3-m-solskydd-med-vev-balkongmarkis-beige\/\" \/>\n<meta property=\"og:site_name\" content=\"TRUUSK - Hem, Tr\u00e4dg\u00e5rd &amp; Fritid\" \/>\n<meta property=\"article:modified_time\" content=\"2026-03-12T08:06:29+00:00\" \/>\n<meta property=\"og:image\" content=\"https:\/\/i0.wp.com\/truusk.se\/wp-content\/uploads\/2024\/02\/vikarmsmarkis-justerbar-klammarkis-altanmarkis-395-x-3-m-solskydd-med-vev-balkongmarkis-beige.webp?fit=800%2C800&ssl=1\" \/>\n\t<meta property=\"og:image:width\" content=\"800\" \/>\n\t<meta property=\"og:image:height\" content=\"800\" \/>\n\t<meta property=\"og:image:type\" content=\"image\/webp\" \/>\n<meta name=\"twitter:card\" content=\"summary_large_image\" \/>\n<meta name=\"twitter:label1\" content=\"Ber\u00e4knad l\u00e4stid\" \/>\n\t<meta name=\"twitter:data1\" content=\"1 minut\" \/>\n<!-- \/ Yoast SEO plugin. -->","yoast_head_json":{"title":"TRUUSK Vikarmsmarkis - Justerbar Kl\u00e4mmarkis - Altanmarkis - 3,95 x 3 m - Solskydd Med Vev - Balkongmarkis - Beige - TRUUSK - Hem, Tr\u00e4dg\u00e5rd &amp; Fritid","robots":{"index":"index","follow":"follow","max-snippet":"max-snippet:-1","max-image-preview":"max-image-preview:large","max-video-preview":"max-video-preview:-1"},"canonical":"https:\/\/truusk.store\/sv\/produkt\/truusk-vikarmsmarkis-justerbar-klammarkis-altanmarkis-395-x-3-m-solskydd-med-vev-balkongmarkis-beige\/","og_locale":"sv_SE","og_type":"article","og_title":"TRUUSK Vikarmsmarkis - Justerbar Kl\u00e4mmarkis - Altanmarkis - 3,95 x 3 m - Solskydd Med Vev - Balkongmarkis - Beige - TRUUSK - Hem, Tr\u00e4dg\u00e5rd &amp; Fritid","og_description":"Denna vikarmsmarkis \u00e4r bara en av v\u00e5rt stora utbud av markiser och passar s\u00e4rskilt bra f\u00f6r balkongen eller terrassen. Den...","og_url":"https:\/\/truusk.store\/sv\/produkt\/truusk-vikarmsmarkis-justerbar-klammarkis-altanmarkis-395-x-3-m-solskydd-med-vev-balkongmarkis-beige\/","og_site_name":"TRUUSK - Hem, Tr\u00e4dg\u00e5rd &amp; Fritid","article_modified_time":"2026-03-12T08:06:29+00:00","og_image":[{"width":800,"height":800,"url":"https:\/\/i0.wp.com\/truusk.se\/wp-content\/uploads\/2024\/02\/vikarmsmarkis-justerbar-klammarkis-altanmarkis-395-x-3-m-solskydd-med-vev-balkongmarkis-beige.webp?fit=800%2C800&ssl=1","type":"image\/webp"}],"twitter_card":"summary_large_image","twitter_misc":{"Ber\u00e4knad l\u00e4stid":"1 minut"},"schema":{"@context":"https:\/\/schema.org","@graph":[{"@type":"WebPage","@id":"https:\/\/truusk.store\/sv\/produkt\/truusk-vikarmsmarkis-justerbar-klammarkis-altanmarkis-395-x-3-m-solskydd-med-vev-balkongmarkis-beige\/","url":"https:\/\/truusk.store\/sv\/produkt\/truusk-vikarmsmarkis-justerbar-klammarkis-altanmarkis-395-x-3-m-solskydd-med-vev-balkongmarkis-beige\/","name":"TRUUSK Vikarmsmarkis - Justerbar Kl\u00e4mmarkis - Altanmarkis - 3,95 x 3 m - Solskydd Med Vev - Balkongmarkis - Beige - TRUUSK - Hem, Tr\u00e4dg\u00e5rd &amp; Fritid","isPartOf":{"@id":"https:\/\/truusk.store\/sv\/#website"},"primaryImageOfPage":{"@id":"https:\/\/truusk.store\/sv\/produkt\/truusk-vikarmsmarkis-justerbar-klammarkis-altanmarkis-395-x-3-m-solskydd-med-vev-balkongmarkis-beige\/#primaryimage"},"image":{"@id":"https:\/\/truusk.store\/sv\/produkt\/truusk-vikarmsmarkis-justerbar-klammarkis-altanmarkis-395-x-3-m-solskydd-med-vev-balkongmarkis-beige\/#primaryimage"},"thumbnailUrl":"https:\/\/i0.wp.com\/truusk.store\/wp-content\/uploads\/2024\/02\/vikarmsmarkis-justerbar-klammarkis-altanmarkis-395-x-3-m-solskydd-med-vev-balkongmarkis-beige.webp?fit=800%2C800&ssl=1","datePublished":"2024-02-13T17:16:10+00:00","dateModified":"2026-03-12T08:06:29+00:00","breadcrumb":{"@id":"https:\/\/truusk.store\/sv\/produkt\/truusk-vikarmsmarkis-justerbar-klammarkis-altanmarkis-395-x-3-m-solskydd-med-vev-balkongmarkis-beige\/#breadcrumb"},"inLanguage":"sv-SE","potentialAction":[{"@type":"ReadAction","target":["https:\/\/truusk.store\/sv\/produkt\/truusk-vikarmsmarkis-justerbar-klammarkis-altanmarkis-395-x-3-m-solskydd-med-vev-balkongmarkis-beige\/"]}]},{"@type":"ImageObject","inLanguage":"sv-SE","@id":"https:\/\/truusk.store\/sv\/produkt\/truusk-vikarmsmarkis-justerbar-klammarkis-altanmarkis-395-x-3-m-solskydd-med-vev-balkongmarkis-beige\/#primaryimage","url":"https:\/\/i0.wp.com\/truusk.store\/wp-content\/uploads\/2024\/02\/vikarmsmarkis-justerbar-klammarkis-altanmarkis-395-x-3-m-solskydd-med-vev-balkongmarkis-beige.webp?fit=800%2C800&ssl=1","contentUrl":"https:\/\/i0.wp.com\/truusk.store\/wp-content\/uploads\/2024\/02\/vikarmsmarkis-justerbar-klammarkis-altanmarkis-395-x-3-m-solskydd-med-vev-balkongmarkis-beige.webp?fit=800%2C800&ssl=1","width":800,"height":800,"caption":"Vikarmsmarkis, Justerbar Kl\u00e4mmarkis, Altanmarkis, 3,95 X 3 M, Solskydd Med Vev, Balkongmarkis, Beige 1"},{"@type":"BreadcrumbList","@id":"https:\/\/truusk.store\/sv\/produkt\/truusk-vikarmsmarkis-justerbar-klammarkis-altanmarkis-395-x-3-m-solskydd-med-vev-balkongmarkis-beige\/#breadcrumb","itemListElement":[{"@type":"ListItem","position":1,"name":"Home","item":"https:\/\/truusk.store\/sv\/"},{"@type":"ListItem","position":2,"name":"Shop","item":"https:\/\/truusk.store\/shop\/"},{"@type":"ListItem","position":3,"name":"TRUUSK Vikarmsmarkis &#8211; Justerbar Kl\u00e4mmarkis &#8211; Altanmarkis &#8211; 3,95 x 3 m &#8211; Solskydd Med Vev &#8211; Balkongmarkis &#8211; Beige"}]},{"@type":"WebSite","@id":"https:\/\/truusk.store\/sv\/#website","url":"https:\/\/truusk.store\/sv\/","name":"TRUUSK - Hem, Tr\u00e4dg\u00e5rd & Fritid","description":"","publisher":{"@id":"https:\/\/truusk.store\/sv\/#organization"},"potentialAction":[{"@type":"SearchAction","target":{"@type":"EntryPoint","urlTemplate":"https:\/\/truusk.store\/sv\/?s={search_term_string}"},"query-input":{"@type":"PropertyValueSpecification","valueRequired":true,"valueName":"search_term_string"}}],"inLanguage":"sv-SE"},{"@type":"Organization","@id":"https:\/\/truusk.store\/sv\/#organization","name":"TRUUSK - Hem, Tr\u00e4dg\u00e5rd & Fritid","url":"https:\/\/truusk.store\/sv\/","logo":{"@type":"ImageObject","inLanguage":"sv-SE","@id":"https:\/\/truusk.store\/sv\/#\/schema\/logo\/image\/","url":"https:\/\/i0.wp.com\/truusk.store\/wp-content\/uploads\/2026\/03\/cropped-TRUUSK.png?fit=2032%2C917&ssl=1","contentUrl":"https:\/\/i0.wp.com\/truusk.store\/wp-content\/uploads\/2026\/03\/cropped-TRUUSK.png?fit=2032%2C917&ssl=1","width":2032,"height":917,"caption":"TRUUSK - Hem, Tr\u00e4dg\u00e5rd & Fritid"},"image":{"@id":"https:\/\/truusk.store\/sv\/#\/schema\/logo\/image\/"}}]}},"jetpack_sharing_enabled":true,"_links":{"self":[{"href":"https:\/\/truusk.store\/sv\/wp-json\/wp\/v2\/product\/26032","targetHints":{"allow":["GET"]}}],"collection":[{"href":"https:\/\/truusk.store\/sv\/wp-json\/wp\/v2\/product"}],"about":[{"href":"https:\/\/truusk.store\/sv\/wp-json\/wp\/v2\/types\/product"}],"wp:featuredmedia":[{"embeddable":true,"href":"https:\/\/truusk.store\/sv\/wp-json\/wp\/v2\/media\/26033"}],"wp:attachment":[{"href":"https:\/\/truusk.store\/sv\/wp-json\/wp\/v2\/media?parent=26032"}],"wp:term":[{"taxonomy":"product_brand","embeddable":true,"href":"https:\/\/truusk.store\/sv\/wp-json\/wp\/v2\/product_brand?post=26032"},{"taxonomy":"product_cat","embeddable":true,"href":"https:\/\/truusk.store\/sv\/wp-json\/wp\/v2\/product_cat?post=26032"},{"taxonomy":"product_tag","embeddable":true,"href":"https:\/\/truusk.store\/sv\/wp-json\/wp\/v2\/product_tag?post=26032"}],"curies":[{"name":"wp","href":"https:\/\/api.w.org\/{rel}","templated":true}]}}