{"id":26042,"date":"2024-02-13T18:16:41","date_gmt":"2024-02-13T17:16:41","guid":{"rendered":"https:\/\/truusk.store\/product\/solar-led-tradgardslykta-lykta-tradgardslampa-30-60-lumen-plast-svart-265-x-177-cm\/"},"modified":"2026-03-12T09:06:30","modified_gmt":"2026-03-12T08:06:30","slug":"truusk-solar-led-tradgardslykta-lykta-tradgardslampa-plast-svart-30-60-lumen-265-x-177-cm","status":"publish","type":"product","link":"https:\/\/truusk.store\/sv\/produkt\/truusk-solar-led-tradgardslykta-lykta-tradgardslampa-plast-svart-30-60-lumen-265-x-177-cm\/","title":{"rendered":"TRUUSK Solar LED Tr\u00e4dg\u00e5rdslykta &#8211; Lykta, Tr\u00e4dg\u00e5rdslampa &#8211; Plast &#8211; Svart &#8211; 30\/60 Lumen &#8211; 26,5 x 177 cm"},"content":{"rendered":"<p>V\u00e5r solcellslampa \u00e4r inte bara praktisk belysning utan ocks\u00e5 en attraktiv dekoration som ger kalla, mysiga vita l\u00e5gor. Den \u00e4r perfekt f\u00f6r din uteplats, tr\u00e4dg\u00e5rd eller andra utomhusomr\u00e5den f\u00f6r att f\u00f6rh\u00f6ja st\u00e4mningen. Intelligent designad, den t\u00e4nds automatiskt p\u00e5 natten eller s\u00e5 kan du styra ljuset med str\u00f6mbrytaren. Att anv\u00e4nda solljus \u00e4r ett effektivt och p\u00e5litligt s\u00e4tt att spara energi, energik\u00e4llor och dina r\u00e4kningar samtidigt som du skyddar v\u00e5r planet.<\/p>\n<h3>Beskrivning:<\/h3>\n<ul>\n<li>Sval vit belysning f\u00f6r tydlig synlighet<\/li>\n<li>Inkluderar 6 lysdioder och ger svala vita ficklampor<\/li>\n<li>Det smarta ljuset t\u00e4nds automatiskt n\u00e4r UV-ljusstyrkan \u00e4r mindre \u00e4n 3 LUX<\/li>\n<li>Anv\u00e4nd den \u00f6versta solpanelen f\u00f6r att ladda ljuset och spara energi och el<\/li>\n<li>Den kan h\u00e5lla i cirka 6 timmar n\u00e4r den \u00e4r fulladdad<\/li>\n<li>Med pinnarna kan solcellsljuset enkelt f\u00e4stas i marken f\u00f6r anv\u00e4ndning<\/li>\n<li>Vattent\u00e4t, perfekt f\u00f6r uteplats, tr\u00e4dg\u00e5rd, park och andra utomhusomr\u00e5den<\/li>\n<li>N\u00e4r batteriniv\u00e5n \u00e4r l\u00e5g v\u00e4xlar den automatiskt till energisparl\u00e4ge f\u00f6r svagt ljus<\/li>\n<li>Solljuset \u00e4r l\u00e4tt och d\u00e4rf\u00f6r l\u00e4tt att transportera<\/li>\n<li>Enkel konstruktion<\/li>\n<\/ul>\n<h3>Teknisk data:<\/h3>\n<ul>\n<li>Material: ABS (plast)<\/li>\n<li>M\u00e5tt: 26,5 x H177 cm<\/li>\n<li>Nettovikt: 1,5 kg<\/li>\n<li>Svart f\u00e4rg<\/li>\n<li>Certifiering: CE-LVD, RoHS, MSDS (batteri), IP44 (vattent\u00e4t)<\/li>\n<li>Tillbeh\u00f6r: 1 x 3,7V \/ 800mA litiumbatteri<\/li>\n<li>LED-f\u00e4rg: 3500K kall<\/li>\n<li>Vattent\u00e4thetsgrad: IP44<\/li>\n<li>Anv\u00e4ndningstid (fulladdad): 6 timmar<\/li>\n<\/ul>\n<h3>Leveransens omfattning:<\/h3>\n<ul>\n<li>1 x Solljus<\/li>\n<li>1 x litiumbatteri<\/li>\n<li>1 x markspets<\/li>\n<li>1 x Monteringsanvisning<\/li>\n<\/ul>\n","protected":false},"excerpt":{"rendered":"<p>V\u00e5r solcellslampa \u00e4r inte bara praktisk belysning utan ocks\u00e5 en attraktiv dekoration som ger kalla, mysiga vita l\u00e5gor. Den \u00e4r&#8230;<\/p>\n","protected":false},"featured_media":26043,"template":"","meta":[],"product_brand":[],"product_cat":[435,465,464],"product_tag":[],"class_list":{"0":"post-26042","1":"product","2":"type-product","3":"status-publish","4":"has-post-thumbnail","6":"product_cat-tradgard-och-terrass","7":"product_cat-tradgardsbelysning","8":"product_cat-tradgardsdekoration","10":"first","11":"instock","12":"sale","13":"taxable","14":"shipping-taxable","15":"purchasable","16":"product-type-simple"},"yoast_head":"<!-- This site is optimized with the Yoast SEO plugin v25.4 - https:\/\/yoast.com\/wordpress\/plugins\/seo\/ -->\n<title>TRUUSK Solar LED Tr\u00e4dg\u00e5rdslykta - Lykta, Tr\u00e4dg\u00e5rdslampa - Plast - Svart - 30\/60 Lumen - 26,5 x 177 cm - TRUUSK - Hem, Tr\u00e4dg\u00e5rd &amp; Fritid<\/title>\n<meta name=\"robots\" content=\"index, follow, max-snippet:-1, max-image-preview:large, max-video-preview:-1\" \/>\n<link rel=\"canonical\" href=\"https:\/\/truusk.store\/sv\/produkt\/truusk-solar-led-tradgardslykta-lykta-tradgardslampa-plast-svart-30-60-lumen-265-x-177-cm\/\" \/>\n<meta property=\"og:locale\" content=\"sv_SE\" \/>\n<meta property=\"og:type\" content=\"article\" \/>\n<meta property=\"og:title\" content=\"TRUUSK Solar LED Tr\u00e4dg\u00e5rdslykta - Lykta, Tr\u00e4dg\u00e5rdslampa - Plast - Svart - 30\/60 Lumen - 26,5 x 177 cm - TRUUSK - Hem, Tr\u00e4dg\u00e5rd &amp; Fritid\" \/>\n<meta property=\"og:description\" content=\"V\u00e5r solcellslampa \u00e4r inte bara praktisk belysning utan ocks\u00e5 en attraktiv dekoration som ger kalla, mysiga vita l\u00e5gor. Den \u00e4r...\" \/>\n<meta property=\"og:url\" content=\"https:\/\/truusk.store\/sv\/produkt\/truusk-solar-led-tradgardslykta-lykta-tradgardslampa-plast-svart-30-60-lumen-265-x-177-cm\/\" \/>\n<meta property=\"og:site_name\" content=\"TRUUSK - Hem, Tr\u00e4dg\u00e5rd &amp; Fritid\" \/>\n<meta property=\"article:modified_time\" content=\"2026-03-12T08:06:30+00:00\" \/>\n<meta property=\"og:image\" content=\"https:\/\/i0.wp.com\/truusk.se\/wp-content\/uploads\/2024\/02\/solar-led-tradgardslykta-lykta-tradgardslampa-30-60-lumen-plast-svart-265-x-177-cm.webp?fit=800%2C800&ssl=1\" \/>\n\t<meta property=\"og:image:width\" content=\"800\" \/>\n\t<meta property=\"og:image:height\" content=\"800\" \/>\n\t<meta property=\"og:image:type\" content=\"image\/webp\" \/>\n<meta name=\"twitter:card\" content=\"summary_large_image\" \/>\n<meta name=\"twitter:label1\" content=\"Ber\u00e4knad l\u00e4stid\" \/>\n\t<meta name=\"twitter:data1\" content=\"1 minut\" \/>\n<!-- \/ Yoast SEO plugin. -->","yoast_head_json":{"title":"TRUUSK Solar LED Tr\u00e4dg\u00e5rdslykta - Lykta, Tr\u00e4dg\u00e5rdslampa - Plast - Svart - 30\/60 Lumen - 26,5 x 177 cm - TRUUSK - Hem, Tr\u00e4dg\u00e5rd &amp; Fritid","robots":{"index":"index","follow":"follow","max-snippet":"max-snippet:-1","max-image-preview":"max-image-preview:large","max-video-preview":"max-video-preview:-1"},"canonical":"https:\/\/truusk.store\/sv\/produkt\/truusk-solar-led-tradgardslykta-lykta-tradgardslampa-plast-svart-30-60-lumen-265-x-177-cm\/","og_locale":"sv_SE","og_type":"article","og_title":"TRUUSK Solar LED Tr\u00e4dg\u00e5rdslykta - Lykta, Tr\u00e4dg\u00e5rdslampa - Plast - Svart - 30\/60 Lumen - 26,5 x 177 cm - TRUUSK - Hem, Tr\u00e4dg\u00e5rd &amp; Fritid","og_description":"V\u00e5r solcellslampa \u00e4r inte bara praktisk belysning utan ocks\u00e5 en attraktiv dekoration som ger kalla, mysiga vita l\u00e5gor. Den \u00e4r...","og_url":"https:\/\/truusk.store\/sv\/produkt\/truusk-solar-led-tradgardslykta-lykta-tradgardslampa-plast-svart-30-60-lumen-265-x-177-cm\/","og_site_name":"TRUUSK - Hem, Tr\u00e4dg\u00e5rd &amp; Fritid","article_modified_time":"2026-03-12T08:06:30+00:00","og_image":[{"width":800,"height":800,"url":"https:\/\/i0.wp.com\/truusk.se\/wp-content\/uploads\/2024\/02\/solar-led-tradgardslykta-lykta-tradgardslampa-30-60-lumen-plast-svart-265-x-177-cm.webp?fit=800%2C800&ssl=1","type":"image\/webp"}],"twitter_card":"summary_large_image","twitter_misc":{"Ber\u00e4knad l\u00e4stid":"1 minut"},"schema":{"@context":"https:\/\/schema.org","@graph":[{"@type":"WebPage","@id":"https:\/\/truusk.store\/sv\/produkt\/truusk-solar-led-tradgardslykta-lykta-tradgardslampa-plast-svart-30-60-lumen-265-x-177-cm\/","url":"https:\/\/truusk.store\/sv\/produkt\/truusk-solar-led-tradgardslykta-lykta-tradgardslampa-plast-svart-30-60-lumen-265-x-177-cm\/","name":"TRUUSK Solar LED Tr\u00e4dg\u00e5rdslykta - Lykta, Tr\u00e4dg\u00e5rdslampa - Plast - Svart - 30\/60 Lumen - 26,5 x 177 cm - TRUUSK - Hem, Tr\u00e4dg\u00e5rd &amp; Fritid","isPartOf":{"@id":"https:\/\/truusk.store\/sv\/#website"},"primaryImageOfPage":{"@id":"https:\/\/truusk.store\/sv\/produkt\/truusk-solar-led-tradgardslykta-lykta-tradgardslampa-plast-svart-30-60-lumen-265-x-177-cm\/#primaryimage"},"image":{"@id":"https:\/\/truusk.store\/sv\/produkt\/truusk-solar-led-tradgardslykta-lykta-tradgardslampa-plast-svart-30-60-lumen-265-x-177-cm\/#primaryimage"},"thumbnailUrl":"https:\/\/i0.wp.com\/truusk.store\/wp-content\/uploads\/2024\/02\/solar-led-tradgardslykta-lykta-tradgardslampa-30-60-lumen-plast-svart-265-x-177-cm.webp?fit=800%2C800&ssl=1","datePublished":"2024-02-13T17:16:41+00:00","dateModified":"2026-03-12T08:06:30+00:00","breadcrumb":{"@id":"https:\/\/truusk.store\/sv\/produkt\/truusk-solar-led-tradgardslykta-lykta-tradgardslampa-plast-svart-30-60-lumen-265-x-177-cm\/#breadcrumb"},"inLanguage":"sv-SE","potentialAction":[{"@type":"ReadAction","target":["https:\/\/truusk.store\/sv\/produkt\/truusk-solar-led-tradgardslykta-lykta-tradgardslampa-plast-svart-30-60-lumen-265-x-177-cm\/"]}]},{"@type":"ImageObject","inLanguage":"sv-SE","@id":"https:\/\/truusk.store\/sv\/produkt\/truusk-solar-led-tradgardslykta-lykta-tradgardslampa-plast-svart-30-60-lumen-265-x-177-cm\/#primaryimage","url":"https:\/\/i0.wp.com\/truusk.store\/wp-content\/uploads\/2024\/02\/solar-led-tradgardslykta-lykta-tradgardslampa-30-60-lumen-plast-svart-265-x-177-cm.webp?fit=800%2C800&ssl=1","contentUrl":"https:\/\/i0.wp.com\/truusk.store\/wp-content\/uploads\/2024\/02\/solar-led-tradgardslykta-lykta-tradgardslampa-30-60-lumen-plast-svart-265-x-177-cm.webp?fit=800%2C800&ssl=1","width":800,"height":800,"caption":"Solar LED Tr\u00e4dg\u00e5rdslykta, Lykta, Tr\u00e4dg\u00e5rdslampa, 30\/60 Lumen, Plast, Svart 26,5 X 177 Cm 1"},{"@type":"BreadcrumbList","@id":"https:\/\/truusk.store\/sv\/produkt\/truusk-solar-led-tradgardslykta-lykta-tradgardslampa-plast-svart-30-60-lumen-265-x-177-cm\/#breadcrumb","itemListElement":[{"@type":"ListItem","position":1,"name":"Home","item":"https:\/\/truusk.store\/sv\/"},{"@type":"ListItem","position":2,"name":"Shop","item":"https:\/\/truusk.store\/shop\/"},{"@type":"ListItem","position":3,"name":"TRUUSK Solar LED Tr\u00e4dg\u00e5rdslykta &#8211; Lykta, Tr\u00e4dg\u00e5rdslampa &#8211; Plast &#8211; Svart &#8211; 30\/60 Lumen &#8211; 26,5 x 177 cm"}]},{"@type":"WebSite","@id":"https:\/\/truusk.store\/sv\/#website","url":"https:\/\/truusk.store\/sv\/","name":"TRUUSK - Hem, Tr\u00e4dg\u00e5rd & Fritid","description":"","publisher":{"@id":"https:\/\/truusk.store\/sv\/#organization"},"potentialAction":[{"@type":"SearchAction","target":{"@type":"EntryPoint","urlTemplate":"https:\/\/truusk.store\/sv\/?s={search_term_string}"},"query-input":{"@type":"PropertyValueSpecification","valueRequired":true,"valueName":"search_term_string"}}],"inLanguage":"sv-SE"},{"@type":"Organization","@id":"https:\/\/truusk.store\/sv\/#organization","name":"TRUUSK - Hem, Tr\u00e4dg\u00e5rd & Fritid","url":"https:\/\/truusk.store\/sv\/","logo":{"@type":"ImageObject","inLanguage":"sv-SE","@id":"https:\/\/truusk.store\/sv\/#\/schema\/logo\/image\/","url":"https:\/\/i0.wp.com\/truusk.store\/wp-content\/uploads\/2026\/03\/cropped-TRUUSK.png?fit=2032%2C917&ssl=1","contentUrl":"https:\/\/i0.wp.com\/truusk.store\/wp-content\/uploads\/2026\/03\/cropped-TRUUSK.png?fit=2032%2C917&ssl=1","width":2032,"height":917,"caption":"TRUUSK - Hem, Tr\u00e4dg\u00e5rd & Fritid"},"image":{"@id":"https:\/\/truusk.store\/sv\/#\/schema\/logo\/image\/"}}]}},"jetpack_sharing_enabled":true,"_links":{"self":[{"href":"https:\/\/truusk.store\/sv\/wp-json\/wp\/v2\/product\/26042","targetHints":{"allow":["GET"]}}],"collection":[{"href":"https:\/\/truusk.store\/sv\/wp-json\/wp\/v2\/product"}],"about":[{"href":"https:\/\/truusk.store\/sv\/wp-json\/wp\/v2\/types\/product"}],"wp:featuredmedia":[{"embeddable":true,"href":"https:\/\/truusk.store\/sv\/wp-json\/wp\/v2\/media\/26043"}],"wp:attachment":[{"href":"https:\/\/truusk.store\/sv\/wp-json\/wp\/v2\/media?parent=26042"}],"wp:term":[{"taxonomy":"product_brand","embeddable":true,"href":"https:\/\/truusk.store\/sv\/wp-json\/wp\/v2\/product_brand?post=26042"},{"taxonomy":"product_cat","embeddable":true,"href":"https:\/\/truusk.store\/sv\/wp-json\/wp\/v2\/product_cat?post=26042"},{"taxonomy":"product_tag","embeddable":true,"href":"https:\/\/truusk.store\/sv\/wp-json\/wp\/v2\/product_tag?post=26042"}],"curies":[{"name":"wp","href":"https:\/\/api.w.org\/{rel}","templated":true}]}}