{"id":26054,"date":"2024-02-13T18:17:09","date_gmt":"2024-02-13T17:17:09","guid":{"rendered":"https:\/\/truusk.store\/product\/tradgardsbord-hopfallbart-bordsskiva-i-hardat-glas-stalstomme-rottingdekor-brun-68-x-68-x-73-cm\/"},"modified":"2026-03-12T09:06:30","modified_gmt":"2026-03-12T08:06:30","slug":"truusk-tradgardsbord-hopfallbart-bordsskiva-i-hardat-glas-stalstomme-rottingdekor-brun-68-x-68-x-73-cm","status":"publish","type":"product","link":"https:\/\/truusk.store\/sv\/produkt\/truusk-tradgardsbord-hopfallbart-bordsskiva-i-hardat-glas-stalstomme-rottingdekor-brun-68-x-68-x-73-cm\/","title":{"rendered":"TRUUSK Tr\u00e4dg\u00e5rdsbord &#8211; Hopf\u00e4llbart &#8211; Bordsskiva i h\u00e4rdat glas &#8211; St\u00e5lstomme &#8211; Rottingdekor &#8211; Brun &#8211; 68 x 68 x 73 cm"},"content":{"rendered":"<p>L\u00e4gg till en touch av elegans till ditt inomhus- eller utomhusutrymme med detta vackra runda bistrobord (68 x 73H cm). Bordet best\u00e5r av en stomme i rostfritt st\u00e5l med en chokladbrun plastrottingv\u00e4v. Bordsskivan i h\u00e4rdat glas \u00e4r inte bara snygg, utan ocks\u00e5 extra l\u00e4ttsk\u00f6tt. Tack vare f\u00e4llfunktionen kan bordet f\u00e4llas upp och f\u00f6rvaras f\u00f6r att spara utrymme.<\/p>\n<h3>Beskrivning:<\/h3>\n<ul>\n<li>Runt bistrobord, 68 x 73H cm, mycket elegant, passar in i alla milj\u00f6er<\/li>\n<li>Runt, kompakt och hopf\u00e4llbart bord f\u00f6r praktisk anv\u00e4ndning (optimerar tillg\u00e4ngligt utrymme, enkel f\u00f6rvaring och transport)<\/li>\n<li>Kan anv\u00e4ndas som sidobord eller som matbord f\u00f6r upp till 3 personer<\/li>\n<li>Best\u00e5r av en ram i rostfritt st\u00e5l, en bordsskiva i h\u00e4rdat glas och syntetisk rottingv\u00e4v<\/li>\n<li>L\u00e4tt att reng\u00f6ra med en fuktig trasa<\/li>\n<li>Med illustrerad monteringsanvisning f\u00f6r snabb och enkel montering<\/li>\n<\/ul>\n<h3>Teknisk data:<\/h3>\n<ul>\n<li>Huvudf\u00e4rger: brun<\/li>\n<li>Huvudmaterial: st\u00e5l, h\u00e4rdat glas, PE<\/li>\n<li>Bordsm\u00e5tt: 68 x 73H cm<\/li>\n<li>Vikstorlek: 68L x 11L x 100H cm<\/li>\n<li>Bordsskivans tjocklek: 5 mm<\/li>\n<li>Rekommenderad maxlast: 50 kg<\/li>\n<li>Leverans sker i ett paket<\/li>\n<\/ul>\n<h3>Leveransens omfattning:<\/h3>\n<ul>\n<li>1 x hopf\u00e4llbart bord;<\/li>\n<\/ul>\n","protected":false},"excerpt":{"rendered":"<p>L\u00e4gg till en touch av elegans till ditt inomhus- eller utomhusutrymme med detta vackra runda bistrobord (68 x 73H cm)&#8230;.<\/p>\n","protected":false},"featured_media":26055,"template":"","meta":[],"product_brand":[],"product_cat":[435,457,450],"product_tag":[],"class_list":{"0":"post-26054","1":"product","2":"type-product","3":"status-publish","4":"has-post-thumbnail","6":"product_cat-tradgard-och-terrass","7":"product_cat-tradgardsbord","8":"product_cat-tradgardsmobler","10":"first","11":"instock","12":"sale","13":"taxable","14":"shipping-taxable","15":"purchasable","16":"product-type-simple"},"yoast_head":"<!-- This site is optimized with the Yoast SEO plugin v25.4 - https:\/\/yoast.com\/wordpress\/plugins\/seo\/ -->\n<title>TRUUSK Tr\u00e4dg\u00e5rdsbord - Hopf\u00e4llbart - Bordsskiva i h\u00e4rdat glas - St\u00e5lstomme - Rottingdekor - Brun - 68 x 68 x 73 cm - TRUUSK - Hem, Tr\u00e4dg\u00e5rd &amp; Fritid<\/title>\n<meta name=\"robots\" content=\"index, follow, max-snippet:-1, max-image-preview:large, max-video-preview:-1\" \/>\n<link rel=\"canonical\" href=\"https:\/\/truusk.store\/sv\/produkt\/truusk-tradgardsbord-hopfallbart-bordsskiva-i-hardat-glas-stalstomme-rottingdekor-brun-68-x-68-x-73-cm\/\" \/>\n<meta property=\"og:locale\" content=\"sv_SE\" \/>\n<meta property=\"og:type\" content=\"article\" \/>\n<meta property=\"og:title\" content=\"TRUUSK Tr\u00e4dg\u00e5rdsbord - Hopf\u00e4llbart - Bordsskiva i h\u00e4rdat glas - St\u00e5lstomme - Rottingdekor - Brun - 68 x 68 x 73 cm - TRUUSK - Hem, Tr\u00e4dg\u00e5rd &amp; Fritid\" \/>\n<meta property=\"og:description\" content=\"L\u00e4gg till en touch av elegans till ditt inomhus- eller utomhusutrymme med detta vackra runda bistrobord (68 x 73H cm)....\" \/>\n<meta property=\"og:url\" content=\"https:\/\/truusk.store\/sv\/produkt\/truusk-tradgardsbord-hopfallbart-bordsskiva-i-hardat-glas-stalstomme-rottingdekor-brun-68-x-68-x-73-cm\/\" \/>\n<meta property=\"og:site_name\" content=\"TRUUSK - Hem, Tr\u00e4dg\u00e5rd &amp; Fritid\" \/>\n<meta property=\"article:modified_time\" content=\"2026-03-12T08:06:30+00:00\" \/>\n<meta property=\"og:image\" content=\"https:\/\/i0.wp.com\/truusk.se\/wp-content\/uploads\/2024\/02\/tradgardsbord-hopfallbart-bordsskiva-i-hardat-glas-stalstomme-rottingdekor-brun-68-x-68-x-73-cm.webp?fit=800%2C800&ssl=1\" \/>\n\t<meta property=\"og:image:width\" content=\"800\" \/>\n\t<meta property=\"og:image:height\" content=\"800\" \/>\n\t<meta property=\"og:image:type\" content=\"image\/webp\" \/>\n<meta name=\"twitter:card\" content=\"summary_large_image\" \/>\n<meta name=\"twitter:label1\" content=\"Ber\u00e4knad l\u00e4stid\" \/>\n\t<meta name=\"twitter:data1\" content=\"1 minut\" \/>\n<!-- \/ Yoast SEO plugin. -->","yoast_head_json":{"title":"TRUUSK Tr\u00e4dg\u00e5rdsbord - Hopf\u00e4llbart - Bordsskiva i h\u00e4rdat glas - St\u00e5lstomme - Rottingdekor - Brun - 68 x 68 x 73 cm - TRUUSK - Hem, Tr\u00e4dg\u00e5rd &amp; Fritid","robots":{"index":"index","follow":"follow","max-snippet":"max-snippet:-1","max-image-preview":"max-image-preview:large","max-video-preview":"max-video-preview:-1"},"canonical":"https:\/\/truusk.store\/sv\/produkt\/truusk-tradgardsbord-hopfallbart-bordsskiva-i-hardat-glas-stalstomme-rottingdekor-brun-68-x-68-x-73-cm\/","og_locale":"sv_SE","og_type":"article","og_title":"TRUUSK Tr\u00e4dg\u00e5rdsbord - Hopf\u00e4llbart - Bordsskiva i h\u00e4rdat glas - St\u00e5lstomme - Rottingdekor - Brun - 68 x 68 x 73 cm - TRUUSK - Hem, Tr\u00e4dg\u00e5rd &amp; Fritid","og_description":"L\u00e4gg till en touch av elegans till ditt inomhus- eller utomhusutrymme med detta vackra runda bistrobord (68 x 73H cm)....","og_url":"https:\/\/truusk.store\/sv\/produkt\/truusk-tradgardsbord-hopfallbart-bordsskiva-i-hardat-glas-stalstomme-rottingdekor-brun-68-x-68-x-73-cm\/","og_site_name":"TRUUSK - Hem, Tr\u00e4dg\u00e5rd &amp; Fritid","article_modified_time":"2026-03-12T08:06:30+00:00","og_image":[{"width":800,"height":800,"url":"https:\/\/i0.wp.com\/truusk.se\/wp-content\/uploads\/2024\/02\/tradgardsbord-hopfallbart-bordsskiva-i-hardat-glas-stalstomme-rottingdekor-brun-68-x-68-x-73-cm.webp?fit=800%2C800&ssl=1","type":"image\/webp"}],"twitter_card":"summary_large_image","twitter_misc":{"Ber\u00e4knad l\u00e4stid":"1 minut"},"schema":{"@context":"https:\/\/schema.org","@graph":[{"@type":"WebPage","@id":"https:\/\/truusk.store\/sv\/produkt\/truusk-tradgardsbord-hopfallbart-bordsskiva-i-hardat-glas-stalstomme-rottingdekor-brun-68-x-68-x-73-cm\/","url":"https:\/\/truusk.store\/sv\/produkt\/truusk-tradgardsbord-hopfallbart-bordsskiva-i-hardat-glas-stalstomme-rottingdekor-brun-68-x-68-x-73-cm\/","name":"TRUUSK Tr\u00e4dg\u00e5rdsbord - Hopf\u00e4llbart - Bordsskiva i h\u00e4rdat glas - St\u00e5lstomme - Rottingdekor - Brun - 68 x 68 x 73 cm - TRUUSK - Hem, Tr\u00e4dg\u00e5rd &amp; Fritid","isPartOf":{"@id":"https:\/\/truusk.store\/sv\/#website"},"primaryImageOfPage":{"@id":"https:\/\/truusk.store\/sv\/produkt\/truusk-tradgardsbord-hopfallbart-bordsskiva-i-hardat-glas-stalstomme-rottingdekor-brun-68-x-68-x-73-cm\/#primaryimage"},"image":{"@id":"https:\/\/truusk.store\/sv\/produkt\/truusk-tradgardsbord-hopfallbart-bordsskiva-i-hardat-glas-stalstomme-rottingdekor-brun-68-x-68-x-73-cm\/#primaryimage"},"thumbnailUrl":"https:\/\/i0.wp.com\/truusk.store\/wp-content\/uploads\/2024\/02\/tradgardsbord-hopfallbart-bordsskiva-i-hardat-glas-stalstomme-rottingdekor-brun-68-x-68-x-73-cm.webp?fit=800%2C800&ssl=1","datePublished":"2024-02-13T17:17:09+00:00","dateModified":"2026-03-12T08:06:30+00:00","breadcrumb":{"@id":"https:\/\/truusk.store\/sv\/produkt\/truusk-tradgardsbord-hopfallbart-bordsskiva-i-hardat-glas-stalstomme-rottingdekor-brun-68-x-68-x-73-cm\/#breadcrumb"},"inLanguage":"sv-SE","potentialAction":[{"@type":"ReadAction","target":["https:\/\/truusk.store\/sv\/produkt\/truusk-tradgardsbord-hopfallbart-bordsskiva-i-hardat-glas-stalstomme-rottingdekor-brun-68-x-68-x-73-cm\/"]}]},{"@type":"ImageObject","inLanguage":"sv-SE","@id":"https:\/\/truusk.store\/sv\/produkt\/truusk-tradgardsbord-hopfallbart-bordsskiva-i-hardat-glas-stalstomme-rottingdekor-brun-68-x-68-x-73-cm\/#primaryimage","url":"https:\/\/i0.wp.com\/truusk.store\/wp-content\/uploads\/2024\/02\/tradgardsbord-hopfallbart-bordsskiva-i-hardat-glas-stalstomme-rottingdekor-brun-68-x-68-x-73-cm.webp?fit=800%2C800&ssl=1","contentUrl":"https:\/\/i0.wp.com\/truusk.store\/wp-content\/uploads\/2024\/02\/tradgardsbord-hopfallbart-bordsskiva-i-hardat-glas-stalstomme-rottingdekor-brun-68-x-68-x-73-cm.webp?fit=800%2C800&ssl=1","width":800,"height":800,"caption":"Tr\u00e4dg\u00e5rdsbord, Hopf\u00e4llbart, Bordsskiva I H\u00e4rdat Glas, St\u00e5lstomme, Rottingdekor, Brun, 68 X 68 X 73 Cm 1"},{"@type":"BreadcrumbList","@id":"https:\/\/truusk.store\/sv\/produkt\/truusk-tradgardsbord-hopfallbart-bordsskiva-i-hardat-glas-stalstomme-rottingdekor-brun-68-x-68-x-73-cm\/#breadcrumb","itemListElement":[{"@type":"ListItem","position":1,"name":"Home","item":"https:\/\/truusk.store\/sv\/"},{"@type":"ListItem","position":2,"name":"Shop","item":"https:\/\/truusk.store\/shop\/"},{"@type":"ListItem","position":3,"name":"TRUUSK Tr\u00e4dg\u00e5rdsbord &#8211; Hopf\u00e4llbart &#8211; Bordsskiva i h\u00e4rdat glas &#8211; St\u00e5lstomme &#8211; Rottingdekor &#8211; Brun &#8211; 68 x 68 x 73 cm"}]},{"@type":"WebSite","@id":"https:\/\/truusk.store\/sv\/#website","url":"https:\/\/truusk.store\/sv\/","name":"TRUUSK - Hem, Tr\u00e4dg\u00e5rd & Fritid","description":"","publisher":{"@id":"https:\/\/truusk.store\/sv\/#organization"},"potentialAction":[{"@type":"SearchAction","target":{"@type":"EntryPoint","urlTemplate":"https:\/\/truusk.store\/sv\/?s={search_term_string}"},"query-input":{"@type":"PropertyValueSpecification","valueRequired":true,"valueName":"search_term_string"}}],"inLanguage":"sv-SE"},{"@type":"Organization","@id":"https:\/\/truusk.store\/sv\/#organization","name":"TRUUSK - Hem, Tr\u00e4dg\u00e5rd & Fritid","url":"https:\/\/truusk.store\/sv\/","logo":{"@type":"ImageObject","inLanguage":"sv-SE","@id":"https:\/\/truusk.store\/sv\/#\/schema\/logo\/image\/","url":"https:\/\/i0.wp.com\/truusk.store\/wp-content\/uploads\/2026\/03\/cropped-TRUUSK.png?fit=2032%2C917&ssl=1","contentUrl":"https:\/\/i0.wp.com\/truusk.store\/wp-content\/uploads\/2026\/03\/cropped-TRUUSK.png?fit=2032%2C917&ssl=1","width":2032,"height":917,"caption":"TRUUSK - Hem, Tr\u00e4dg\u00e5rd & Fritid"},"image":{"@id":"https:\/\/truusk.store\/sv\/#\/schema\/logo\/image\/"}}]}},"jetpack_sharing_enabled":true,"_links":{"self":[{"href":"https:\/\/truusk.store\/sv\/wp-json\/wp\/v2\/product\/26054","targetHints":{"allow":["GET"]}}],"collection":[{"href":"https:\/\/truusk.store\/sv\/wp-json\/wp\/v2\/product"}],"about":[{"href":"https:\/\/truusk.store\/sv\/wp-json\/wp\/v2\/types\/product"}],"wp:featuredmedia":[{"embeddable":true,"href":"https:\/\/truusk.store\/sv\/wp-json\/wp\/v2\/media\/26055"}],"wp:attachment":[{"href":"https:\/\/truusk.store\/sv\/wp-json\/wp\/v2\/media?parent=26054"}],"wp:term":[{"taxonomy":"product_brand","embeddable":true,"href":"https:\/\/truusk.store\/sv\/wp-json\/wp\/v2\/product_brand?post=26054"},{"taxonomy":"product_cat","embeddable":true,"href":"https:\/\/truusk.store\/sv\/wp-json\/wp\/v2\/product_cat?post=26054"},{"taxonomy":"product_tag","embeddable":true,"href":"https:\/\/truusk.store\/sv\/wp-json\/wp\/v2\/product_tag?post=26054"}],"curies":[{"name":"wp","href":"https:\/\/api.w.org\/{rel}","templated":true}]}}