{"id":26076,"date":"2024-02-13T18:17:46","date_gmt":"2024-02-13T17:17:46","guid":{"rendered":"https:\/\/truusk.store\/product\/tradgardssittgrupp-for-2-personer-balkongmobler-set-mosaikbord-hopfallbara-stolar-metall-keramiskt-kakel-flerfargat\/"},"modified":"2026-03-12T09:06:31","modified_gmt":"2026-03-12T08:06:31","slug":"truusk-balkongmobler-set-mosaikbord-hopfallbara-stolar-metall-keramiskt-kakel-flerfargat-for-2-personer","status":"publish","type":"product","link":"https:\/\/truusk.store\/sv\/produkt\/truusk-balkongmobler-set-mosaikbord-hopfallbara-stolar-metall-keramiskt-kakel-flerfargat-for-2-personer\/","title":{"rendered":"TRUUSK Balkongm\u00f6bler Set &#8211; Mosaikbord + Hopf\u00e4llbara Stolar &#8211; Metall Keramiskt Kakel &#8211; Flerf\u00e4rgat &#8211; F\u00f6r 2 Personer"},"content":{"rendered":"<p>Tillf\u00f6r karakt\u00e4r och estetik till din vardag med detta tredelade bistroset. Tr\u00e4dg\u00e5rdsm\u00f6belsetet best\u00e5r av ett runt bord med en bordsskiva av dekorativa keramiska plattor med ett rytmiskt mosaikm\u00f6nster, samt tv\u00e5 stolar med samma, eleganta mosaikm\u00f6nster p\u00e5 ryggst\u00f6den. Den robusta metallkonstruktionen s\u00e4kerst\u00e4ller att bordet och stolarna \u00e4r s\u00e4rskilt stabila, v\u00e4derbest\u00e4ndiga och extremt t\u00e5liga.<\/p>\n<h3>Beskrivning:<\/h3>\n<ul>\n<li>Dekorativ keramisk bordsskiva och stolsitsar \u00e4r slitstarka och l\u00e4tta att reng\u00f6ra<\/li>\n<li>Kompakt storlek, l\u00e4mplig f\u00f6r alla utomhusomr\u00e5den<\/li>\n<li>S\u00e4ten i rutm\u00f6nster f\u00f6rhindrar ansamling av vatten<\/li>\n<li>Eleganta b\u00e5gar och m\u00f6nster p\u00e5 stolsryggarna<\/li>\n<li>Stolarna kan f\u00e4llas ihop f\u00f6r transport och f\u00f6rvaring<\/li>\n<li>Montering kr\u00e4vs<\/li>\n<\/ul>\n<h3>Teknisk data:<\/h3>\n<ul>\n<li>F\u00e4rg gr\u00e5<\/li>\n<li>Material: metall, keramiska plattor<\/li>\n<li>Bordsstorlek: 60 x 71H cm<\/li>\n<li>Stolstorlek: 50W x 49D x 95H cm<\/li>\n<li>Sitsstorlek: 39W x 39D x 44H cm<\/li>\n<li>Hopf\u00e4llbar stol storlek: 106L x 43W x 13H cm<\/li>\n<li>Lastkapacitet: (bord) 50 kg, (stol) 100 kg<\/li>\n<\/ul>\n<h3>Leveransens omfattning:<\/h3>\n<ul>\n<li>1 x bord<\/li>\n<li>2 x stolar<\/li>\n<li>1 x Instruktioner<\/li>\n<\/ul>\n","protected":false},"excerpt":{"rendered":"<p>Tillf\u00f6r karakt\u00e4r och estetik till din vardag med detta tredelade bistroset. Tr\u00e4dg\u00e5rdsm\u00f6belsetet best\u00e5r av ett runt bord med en bordsskiva&#8230;<\/p>\n","protected":false},"featured_media":26077,"template":"","meta":[],"product_brand":[],"product_cat":[435,450,456],"product_tag":[],"class_list":{"0":"post-26076","1":"product","2":"type-product","3":"status-publish","4":"has-post-thumbnail","6":"product_cat-tradgard-och-terrass","7":"product_cat-tradgardsmobler","8":"product_cat-tradgardsmobler-set","10":"first","11":"instock","12":"sale","13":"taxable","14":"shipping-taxable","15":"purchasable","16":"product-type-simple"},"yoast_head":"<!-- This site is optimized with the Yoast SEO plugin v25.4 - https:\/\/yoast.com\/wordpress\/plugins\/seo\/ -->\n<title>TRUUSK Balkongm\u00f6bler Set - Mosaikbord + Hopf\u00e4llbara Stolar - Metall Keramiskt Kakel - Flerf\u00e4rgat - F\u00f6r 2 Personer - TRUUSK - Hem, Tr\u00e4dg\u00e5rd &amp; Fritid<\/title>\n<meta name=\"robots\" content=\"index, follow, max-snippet:-1, max-image-preview:large, max-video-preview:-1\" \/>\n<link rel=\"canonical\" href=\"https:\/\/truusk.store\/sv\/produkt\/truusk-balkongmobler-set-mosaikbord-hopfallbara-stolar-metall-keramiskt-kakel-flerfargat-for-2-personer\/\" \/>\n<meta property=\"og:locale\" content=\"sv_SE\" \/>\n<meta property=\"og:type\" content=\"article\" \/>\n<meta property=\"og:title\" content=\"TRUUSK Balkongm\u00f6bler Set - Mosaikbord + Hopf\u00e4llbara Stolar - Metall Keramiskt Kakel - Flerf\u00e4rgat - F\u00f6r 2 Personer - TRUUSK - Hem, Tr\u00e4dg\u00e5rd &amp; Fritid\" \/>\n<meta property=\"og:description\" content=\"Tillf\u00f6r karakt\u00e4r och estetik till din vardag med detta tredelade bistroset. Tr\u00e4dg\u00e5rdsm\u00f6belsetet best\u00e5r av ett runt bord med en bordsskiva...\" \/>\n<meta property=\"og:url\" content=\"https:\/\/truusk.store\/sv\/produkt\/truusk-balkongmobler-set-mosaikbord-hopfallbara-stolar-metall-keramiskt-kakel-flerfargat-for-2-personer\/\" \/>\n<meta property=\"og:site_name\" content=\"TRUUSK - Hem, Tr\u00e4dg\u00e5rd &amp; Fritid\" \/>\n<meta property=\"article:modified_time\" content=\"2026-03-12T08:06:31+00:00\" \/>\n<meta property=\"og:image\" content=\"https:\/\/i0.wp.com\/truusk.se\/wp-content\/uploads\/2024\/02\/tradgardssittgrupp-for-2-personer-balkongmobler-set-mosaikbord-hopfallbara-stolar-metall-keramiskt-kakel-flerfargat.webp?fit=800%2C800&ssl=1\" \/>\n\t<meta property=\"og:image:width\" content=\"800\" \/>\n\t<meta property=\"og:image:height\" content=\"800\" \/>\n\t<meta property=\"og:image:type\" content=\"image\/webp\" \/>\n<meta name=\"twitter:card\" content=\"summary_large_image\" \/>\n<meta name=\"twitter:label1\" content=\"Ber\u00e4knad l\u00e4stid\" \/>\n\t<meta name=\"twitter:data1\" content=\"1 minut\" \/>\n<!-- \/ Yoast SEO plugin. -->","yoast_head_json":{"title":"TRUUSK Balkongm\u00f6bler Set - Mosaikbord + Hopf\u00e4llbara Stolar - Metall Keramiskt Kakel - Flerf\u00e4rgat - F\u00f6r 2 Personer - TRUUSK - Hem, Tr\u00e4dg\u00e5rd &amp; Fritid","robots":{"index":"index","follow":"follow","max-snippet":"max-snippet:-1","max-image-preview":"max-image-preview:large","max-video-preview":"max-video-preview:-1"},"canonical":"https:\/\/truusk.store\/sv\/produkt\/truusk-balkongmobler-set-mosaikbord-hopfallbara-stolar-metall-keramiskt-kakel-flerfargat-for-2-personer\/","og_locale":"sv_SE","og_type":"article","og_title":"TRUUSK Balkongm\u00f6bler Set - Mosaikbord + Hopf\u00e4llbara Stolar - Metall Keramiskt Kakel - Flerf\u00e4rgat - F\u00f6r 2 Personer - TRUUSK - Hem, Tr\u00e4dg\u00e5rd &amp; Fritid","og_description":"Tillf\u00f6r karakt\u00e4r och estetik till din vardag med detta tredelade bistroset. Tr\u00e4dg\u00e5rdsm\u00f6belsetet best\u00e5r av ett runt bord med en bordsskiva...","og_url":"https:\/\/truusk.store\/sv\/produkt\/truusk-balkongmobler-set-mosaikbord-hopfallbara-stolar-metall-keramiskt-kakel-flerfargat-for-2-personer\/","og_site_name":"TRUUSK - Hem, Tr\u00e4dg\u00e5rd &amp; Fritid","article_modified_time":"2026-03-12T08:06:31+00:00","og_image":[{"width":800,"height":800,"url":"https:\/\/i0.wp.com\/truusk.se\/wp-content\/uploads\/2024\/02\/tradgardssittgrupp-for-2-personer-balkongmobler-set-mosaikbord-hopfallbara-stolar-metall-keramiskt-kakel-flerfargat.webp?fit=800%2C800&ssl=1","type":"image\/webp"}],"twitter_card":"summary_large_image","twitter_misc":{"Ber\u00e4knad l\u00e4stid":"1 minut"},"schema":{"@context":"https:\/\/schema.org","@graph":[{"@type":"WebPage","@id":"https:\/\/truusk.store\/sv\/produkt\/truusk-balkongmobler-set-mosaikbord-hopfallbara-stolar-metall-keramiskt-kakel-flerfargat-for-2-personer\/","url":"https:\/\/truusk.store\/sv\/produkt\/truusk-balkongmobler-set-mosaikbord-hopfallbara-stolar-metall-keramiskt-kakel-flerfargat-for-2-personer\/","name":"TRUUSK Balkongm\u00f6bler Set - Mosaikbord + Hopf\u00e4llbara Stolar - Metall Keramiskt Kakel - Flerf\u00e4rgat - F\u00f6r 2 Personer - TRUUSK - Hem, Tr\u00e4dg\u00e5rd &amp; Fritid","isPartOf":{"@id":"https:\/\/truusk.store\/sv\/#website"},"primaryImageOfPage":{"@id":"https:\/\/truusk.store\/sv\/produkt\/truusk-balkongmobler-set-mosaikbord-hopfallbara-stolar-metall-keramiskt-kakel-flerfargat-for-2-personer\/#primaryimage"},"image":{"@id":"https:\/\/truusk.store\/sv\/produkt\/truusk-balkongmobler-set-mosaikbord-hopfallbara-stolar-metall-keramiskt-kakel-flerfargat-for-2-personer\/#primaryimage"},"thumbnailUrl":"https:\/\/i0.wp.com\/truusk.store\/wp-content\/uploads\/2024\/02\/tradgardssittgrupp-for-2-personer-balkongmobler-set-mosaikbord-hopfallbara-stolar-metall-keramiskt-kakel-flerfargat.webp?fit=800%2C800&ssl=1","datePublished":"2024-02-13T17:17:46+00:00","dateModified":"2026-03-12T08:06:31+00:00","breadcrumb":{"@id":"https:\/\/truusk.store\/sv\/produkt\/truusk-balkongmobler-set-mosaikbord-hopfallbara-stolar-metall-keramiskt-kakel-flerfargat-for-2-personer\/#breadcrumb"},"inLanguage":"sv-SE","potentialAction":[{"@type":"ReadAction","target":["https:\/\/truusk.store\/sv\/produkt\/truusk-balkongmobler-set-mosaikbord-hopfallbara-stolar-metall-keramiskt-kakel-flerfargat-for-2-personer\/"]}]},{"@type":"ImageObject","inLanguage":"sv-SE","@id":"https:\/\/truusk.store\/sv\/produkt\/truusk-balkongmobler-set-mosaikbord-hopfallbara-stolar-metall-keramiskt-kakel-flerfargat-for-2-personer\/#primaryimage","url":"https:\/\/i0.wp.com\/truusk.store\/wp-content\/uploads\/2024\/02\/tradgardssittgrupp-for-2-personer-balkongmobler-set-mosaikbord-hopfallbara-stolar-metall-keramiskt-kakel-flerfargat.webp?fit=800%2C800&ssl=1","contentUrl":"https:\/\/i0.wp.com\/truusk.store\/wp-content\/uploads\/2024\/02\/tradgardssittgrupp-for-2-personer-balkongmobler-set-mosaikbord-hopfallbara-stolar-metall-keramiskt-kakel-flerfargat.webp?fit=800%2C800&ssl=1","width":800,"height":800,"caption":"Tr\u00e4dg\u00e5rdssittgrupp F\u00f6r 2 Personer Balkongm\u00f6bler Set Mosaikbord + Hopf\u00e4llbara Stolar Metall Keramiskt Kakel Flerf\u00e4rgat 1"},{"@type":"BreadcrumbList","@id":"https:\/\/truusk.store\/sv\/produkt\/truusk-balkongmobler-set-mosaikbord-hopfallbara-stolar-metall-keramiskt-kakel-flerfargat-for-2-personer\/#breadcrumb","itemListElement":[{"@type":"ListItem","position":1,"name":"Home","item":"https:\/\/truusk.store\/sv\/"},{"@type":"ListItem","position":2,"name":"Shop","item":"https:\/\/truusk.store\/shop\/"},{"@type":"ListItem","position":3,"name":"TRUUSK Balkongm\u00f6bler Set &#8211; Mosaikbord + Hopf\u00e4llbara Stolar &#8211; Metall Keramiskt Kakel &#8211; Flerf\u00e4rgat &#8211; F\u00f6r 2 Personer"}]},{"@type":"WebSite","@id":"https:\/\/truusk.store\/sv\/#website","url":"https:\/\/truusk.store\/sv\/","name":"TRUUSK - Hem, Tr\u00e4dg\u00e5rd & Fritid","description":"","publisher":{"@id":"https:\/\/truusk.store\/sv\/#organization"},"potentialAction":[{"@type":"SearchAction","target":{"@type":"EntryPoint","urlTemplate":"https:\/\/truusk.store\/sv\/?s={search_term_string}"},"query-input":{"@type":"PropertyValueSpecification","valueRequired":true,"valueName":"search_term_string"}}],"inLanguage":"sv-SE"},{"@type":"Organization","@id":"https:\/\/truusk.store\/sv\/#organization","name":"TRUUSK - Hem, Tr\u00e4dg\u00e5rd & Fritid","url":"https:\/\/truusk.store\/sv\/","logo":{"@type":"ImageObject","inLanguage":"sv-SE","@id":"https:\/\/truusk.store\/sv\/#\/schema\/logo\/image\/","url":"https:\/\/i0.wp.com\/truusk.store\/wp-content\/uploads\/2026\/03\/cropped-TRUUSK.png?fit=2032%2C917&ssl=1","contentUrl":"https:\/\/i0.wp.com\/truusk.store\/wp-content\/uploads\/2026\/03\/cropped-TRUUSK.png?fit=2032%2C917&ssl=1","width":2032,"height":917,"caption":"TRUUSK - Hem, Tr\u00e4dg\u00e5rd & Fritid"},"image":{"@id":"https:\/\/truusk.store\/sv\/#\/schema\/logo\/image\/"}}]}},"jetpack_sharing_enabled":true,"_links":{"self":[{"href":"https:\/\/truusk.store\/sv\/wp-json\/wp\/v2\/product\/26076","targetHints":{"allow":["GET"]}}],"collection":[{"href":"https:\/\/truusk.store\/sv\/wp-json\/wp\/v2\/product"}],"about":[{"href":"https:\/\/truusk.store\/sv\/wp-json\/wp\/v2\/types\/product"}],"wp:featuredmedia":[{"embeddable":true,"href":"https:\/\/truusk.store\/sv\/wp-json\/wp\/v2\/media\/26077"}],"wp:attachment":[{"href":"https:\/\/truusk.store\/sv\/wp-json\/wp\/v2\/media?parent=26076"}],"wp:term":[{"taxonomy":"product_brand","embeddable":true,"href":"https:\/\/truusk.store\/sv\/wp-json\/wp\/v2\/product_brand?post=26076"},{"taxonomy":"product_cat","embeddable":true,"href":"https:\/\/truusk.store\/sv\/wp-json\/wp\/v2\/product_cat?post=26076"},{"taxonomy":"product_tag","embeddable":true,"href":"https:\/\/truusk.store\/sv\/wp-json\/wp\/v2\/product_tag?post=26076"}],"curies":[{"name":"wp","href":"https:\/\/api.w.org\/{rel}","templated":true}]}}