{"id":26088,"date":"2024-02-13T18:18:11","date_gmt":"2024-02-13T17:18:11","guid":{"rendered":"https:\/\/truusk.store\/product\/kontorsstol-skrivbordsstol-snurrstol-gamingstol-med-nackstod-svankkudde-3d-armstod-3-nivaer-360-vridbar-hojdjusterbar-ergonomisk-meshtyg-skumgra-67-x-65-x-120-128-cm\/"},"modified":"2026-03-12T09:06:31","modified_gmt":"2026-03-12T08:06:31","slug":"truusk-kontorsstol-skrivbordsstol-gamingstol-med-nackstod-svankkudde-3d-armstod-360-vridbar-hojdjusterbar-ergonomisk","status":"publish","type":"product","link":"https:\/\/truusk.store\/sv\/produkt\/truusk-kontorsstol-skrivbordsstol-gamingstol-med-nackstod-svankkudde-3d-armstod-360-vridbar-hojdjusterbar-ergonomisk\/","title":{"rendered":"TRUUSK Kontorsstol Skrivbordsstol &#8211; Gamingstol Med Nackst\u00f6d Svankkudde &#8211; 3D-armst\u00f6d &#8211; 360 Vridbar &#8211; H\u00f6jdjusterbar &#8211; Ergonomisk"},"content":{"rendered":"<p>Denna kontorsstol har ett ergonomiskt format ryggst\u00f6d och extra mjuk stoppning. Nackst\u00f6det och armst\u00f6den \u00e4r justerbara i h\u00f6jdled och erbjuder mycket sittkomfort. Kontorsstolen f\u00e5r sin r\u00f6rlighet fr\u00e5n sina 360 graders sv\u00e4ngbara hjul. En kraftig metallbas ger denna stol ett stabilt stativ.Denna kontorsstol ser inte bara bra ut utan imponerar ocks\u00e5 med sin h\u00f6ga sittkomfort.<\/p>\n<h3>Beskrivning:<\/h3>\n<ul>\n<li>Sitth\u00f6jden och armst\u00f6den kan justeras f\u00f6r att passa skrivbordet eller dina sittvanor<\/li>\n<li>High-end gaslyft g\u00f6r h\u00f6jdjusteringen tyst och smidig<\/li>\n<li>360 sv\u00e4ngbara hjul s\u00e4kerst\u00e4ller enkel och snabb r\u00f6rlighet<\/li>\n<li>L\u00e4mplig f\u00f6r kontoret, studien etc.<\/li>\n<li>Ryggst\u00f6dets vinkel kan justeras i 3 niv\u00e5er (90, 100, 112)<\/li>\n<\/ul>\n<h3>Teknisk data:<\/h3>\n<ul>\n<li>F\u00e4rg gr\u00e5<\/li>\n<li>Material: skum, n\u00e4ttyg (polyester), PP-plast, nylon<\/li>\n<li>\u00d6vergripande m\u00e5tt: 67W x 65D x 120-128H cm<\/li>\n<li>Sits: 50W x 40D cm<\/li>\n<li>Armst\u00f6dsstorlek: 9W x 25D x 19-26H cm<\/li>\n<li>Nackst\u00f6dsm\u00e5tt: 29W x 14,5D cm<\/li>\n<li>Max lastkapacitet: 125 kg<\/li>\n<\/ul>\n<h3>Leveransens omfattning:<\/h3>\n<ul>\n<li>1 x Kontorsstol<\/li>\n<li>1 x Instruktioner<\/li>\n<\/ul>\n","protected":false},"excerpt":{"rendered":"<p>Denna kontorsstol har ett ergonomiskt format ryggst\u00f6d och extra mjuk stoppning. Nackst\u00f6det och armst\u00f6den \u00e4r justerbara i h\u00f6jdled och erbjuder&#8230;<\/p>\n","protected":false},"featured_media":26089,"template":"","meta":[],"product_brand":[],"product_cat":[485,516,515],"product_tag":[],"class_list":{"0":"post-26088","1":"product","2":"type-product","3":"status-publish","4":"has-post-thumbnail","6":"product_cat-hus-bo","7":"product_cat-kontorsstolar","8":"product_cat-stolar","10":"first","11":"instock","12":"sale","13":"taxable","14":"shipping-taxable","15":"purchasable","16":"product-type-simple"},"yoast_head":"<!-- This site is optimized with the Yoast SEO plugin v25.4 - https:\/\/yoast.com\/wordpress\/plugins\/seo\/ -->\n<title>TRUUSK Kontorsstol Skrivbordsstol - Gamingstol Med Nackst\u00f6d Svankkudde - 3D-armst\u00f6d - 360 Vridbar - H\u00f6jdjusterbar - Ergonomisk - TRUUSK - Hem, Tr\u00e4dg\u00e5rd &amp; Fritid<\/title>\n<meta name=\"robots\" content=\"index, follow, max-snippet:-1, max-image-preview:large, max-video-preview:-1\" \/>\n<link rel=\"canonical\" href=\"https:\/\/truusk.store\/sv\/produkt\/truusk-kontorsstol-skrivbordsstol-gamingstol-med-nackstod-svankkudde-3d-armstod-360-vridbar-hojdjusterbar-ergonomisk\/\" \/>\n<meta property=\"og:locale\" content=\"sv_SE\" \/>\n<meta property=\"og:type\" content=\"article\" \/>\n<meta property=\"og:title\" content=\"TRUUSK Kontorsstol Skrivbordsstol - Gamingstol Med Nackst\u00f6d Svankkudde - 3D-armst\u00f6d - 360 Vridbar - H\u00f6jdjusterbar - Ergonomisk - TRUUSK - Hem, Tr\u00e4dg\u00e5rd &amp; Fritid\" \/>\n<meta property=\"og:description\" content=\"Denna kontorsstol har ett ergonomiskt format ryggst\u00f6d och extra mjuk stoppning. Nackst\u00f6det och armst\u00f6den \u00e4r justerbara i h\u00f6jdled och erbjuder...\" \/>\n<meta property=\"og:url\" content=\"https:\/\/truusk.store\/sv\/produkt\/truusk-kontorsstol-skrivbordsstol-gamingstol-med-nackstod-svankkudde-3d-armstod-360-vridbar-hojdjusterbar-ergonomisk\/\" \/>\n<meta property=\"og:site_name\" content=\"TRUUSK - Hem, Tr\u00e4dg\u00e5rd &amp; Fritid\" \/>\n<meta property=\"article:modified_time\" content=\"2026-03-12T08:06:31+00:00\" \/>\n<meta property=\"og:image\" content=\"https:\/\/i0.wp.com\/truusk.se\/wp-content\/uploads\/2024\/02\/kontorsstol-skrivbordsstol-snurrstol-gamingstol-med-nackstod-svankkudde-3d-armstod-3-nivaer-360-vridbar-hojdjusterbar-ergonomisk-meshtyg-skumgra-67-x-65-x-120-128-cm.webp?fit=800%2C800&ssl=1\" \/>\n\t<meta property=\"og:image:width\" content=\"800\" \/>\n\t<meta property=\"og:image:height\" content=\"800\" \/>\n\t<meta property=\"og:image:type\" content=\"image\/webp\" \/>\n<meta name=\"twitter:card\" content=\"summary_large_image\" \/>\n<meta name=\"twitter:label1\" content=\"Ber\u00e4knad l\u00e4stid\" \/>\n\t<meta name=\"twitter:data1\" content=\"1 minut\" \/>\n<!-- \/ Yoast SEO plugin. -->","yoast_head_json":{"title":"TRUUSK Kontorsstol Skrivbordsstol - Gamingstol Med Nackst\u00f6d Svankkudde - 3D-armst\u00f6d - 360 Vridbar - H\u00f6jdjusterbar - Ergonomisk - TRUUSK - Hem, Tr\u00e4dg\u00e5rd &amp; Fritid","robots":{"index":"index","follow":"follow","max-snippet":"max-snippet:-1","max-image-preview":"max-image-preview:large","max-video-preview":"max-video-preview:-1"},"canonical":"https:\/\/truusk.store\/sv\/produkt\/truusk-kontorsstol-skrivbordsstol-gamingstol-med-nackstod-svankkudde-3d-armstod-360-vridbar-hojdjusterbar-ergonomisk\/","og_locale":"sv_SE","og_type":"article","og_title":"TRUUSK Kontorsstol Skrivbordsstol - Gamingstol Med Nackst\u00f6d Svankkudde - 3D-armst\u00f6d - 360 Vridbar - H\u00f6jdjusterbar - Ergonomisk - TRUUSK - Hem, Tr\u00e4dg\u00e5rd &amp; Fritid","og_description":"Denna kontorsstol har ett ergonomiskt format ryggst\u00f6d och extra mjuk stoppning. Nackst\u00f6det och armst\u00f6den \u00e4r justerbara i h\u00f6jdled och erbjuder...","og_url":"https:\/\/truusk.store\/sv\/produkt\/truusk-kontorsstol-skrivbordsstol-gamingstol-med-nackstod-svankkudde-3d-armstod-360-vridbar-hojdjusterbar-ergonomisk\/","og_site_name":"TRUUSK - Hem, Tr\u00e4dg\u00e5rd &amp; Fritid","article_modified_time":"2026-03-12T08:06:31+00:00","og_image":[{"width":800,"height":800,"url":"https:\/\/i0.wp.com\/truusk.se\/wp-content\/uploads\/2024\/02\/kontorsstol-skrivbordsstol-snurrstol-gamingstol-med-nackstod-svankkudde-3d-armstod-3-nivaer-360-vridbar-hojdjusterbar-ergonomisk-meshtyg-skumgra-67-x-65-x-120-128-cm.webp?fit=800%2C800&ssl=1","type":"image\/webp"}],"twitter_card":"summary_large_image","twitter_misc":{"Ber\u00e4knad l\u00e4stid":"1 minut"},"schema":{"@context":"https:\/\/schema.org","@graph":[{"@type":"WebPage","@id":"https:\/\/truusk.store\/sv\/produkt\/truusk-kontorsstol-skrivbordsstol-gamingstol-med-nackstod-svankkudde-3d-armstod-360-vridbar-hojdjusterbar-ergonomisk\/","url":"https:\/\/truusk.store\/sv\/produkt\/truusk-kontorsstol-skrivbordsstol-gamingstol-med-nackstod-svankkudde-3d-armstod-360-vridbar-hojdjusterbar-ergonomisk\/","name":"TRUUSK Kontorsstol Skrivbordsstol - Gamingstol Med Nackst\u00f6d Svankkudde - 3D-armst\u00f6d - 360 Vridbar - H\u00f6jdjusterbar - Ergonomisk - TRUUSK - Hem, Tr\u00e4dg\u00e5rd &amp; Fritid","isPartOf":{"@id":"https:\/\/truusk.store\/sv\/#website"},"primaryImageOfPage":{"@id":"https:\/\/truusk.store\/sv\/produkt\/truusk-kontorsstol-skrivbordsstol-gamingstol-med-nackstod-svankkudde-3d-armstod-360-vridbar-hojdjusterbar-ergonomisk\/#primaryimage"},"image":{"@id":"https:\/\/truusk.store\/sv\/produkt\/truusk-kontorsstol-skrivbordsstol-gamingstol-med-nackstod-svankkudde-3d-armstod-360-vridbar-hojdjusterbar-ergonomisk\/#primaryimage"},"thumbnailUrl":"https:\/\/i0.wp.com\/truusk.store\/wp-content\/uploads\/2024\/02\/kontorsstol-skrivbordsstol-snurrstol-gamingstol-med-nackstod-svankkudde-3d-armstod-3-nivaer-360-vridbar-hojdjusterbar-ergonomisk-meshtyg-skumgra-67-x-65-x-120-128-cm.webp?fit=800%2C800&ssl=1","datePublished":"2024-02-13T17:18:11+00:00","dateModified":"2026-03-12T08:06:31+00:00","breadcrumb":{"@id":"https:\/\/truusk.store\/sv\/produkt\/truusk-kontorsstol-skrivbordsstol-gamingstol-med-nackstod-svankkudde-3d-armstod-360-vridbar-hojdjusterbar-ergonomisk\/#breadcrumb"},"inLanguage":"sv-SE","potentialAction":[{"@type":"ReadAction","target":["https:\/\/truusk.store\/sv\/produkt\/truusk-kontorsstol-skrivbordsstol-gamingstol-med-nackstod-svankkudde-3d-armstod-360-vridbar-hojdjusterbar-ergonomisk\/"]}]},{"@type":"ImageObject","inLanguage":"sv-SE","@id":"https:\/\/truusk.store\/sv\/produkt\/truusk-kontorsstol-skrivbordsstol-gamingstol-med-nackstod-svankkudde-3d-armstod-360-vridbar-hojdjusterbar-ergonomisk\/#primaryimage","url":"https:\/\/i0.wp.com\/truusk.store\/wp-content\/uploads\/2024\/02\/kontorsstol-skrivbordsstol-snurrstol-gamingstol-med-nackstod-svankkudde-3d-armstod-3-nivaer-360-vridbar-hojdjusterbar-ergonomisk-meshtyg-skumgra-67-x-65-x-120-128-cm.webp?fit=800%2C800&ssl=1","contentUrl":"https:\/\/i0.wp.com\/truusk.store\/wp-content\/uploads\/2024\/02\/kontorsstol-skrivbordsstol-snurrstol-gamingstol-med-nackstod-svankkudde-3d-armstod-3-nivaer-360-vridbar-hojdjusterbar-ergonomisk-meshtyg-skumgra-67-x-65-x-120-128-cm.webp?fit=800%2C800&ssl=1","width":800,"height":800,"caption":"Kontorsstol Skrivbordsstol Snurrstol Gamingstol Med Nackst\u00f6d Svankkudde 3D-armst\u00f6d 3 Niv\u00e5er 360 Vridbar H\u00f6jdjusterbar Ergonomisk Meshtyg Skumgr\u00e5 67 X 65 X 120-128 Cm 1"},{"@type":"BreadcrumbList","@id":"https:\/\/truusk.store\/sv\/produkt\/truusk-kontorsstol-skrivbordsstol-gamingstol-med-nackstod-svankkudde-3d-armstod-360-vridbar-hojdjusterbar-ergonomisk\/#breadcrumb","itemListElement":[{"@type":"ListItem","position":1,"name":"Home","item":"https:\/\/truusk.store\/sv\/"},{"@type":"ListItem","position":2,"name":"Shop","item":"https:\/\/truusk.store\/shop\/"},{"@type":"ListItem","position":3,"name":"TRUUSK Kontorsstol Skrivbordsstol &#8211; Gamingstol Med Nackst\u00f6d Svankkudde &#8211; 3D-armst\u00f6d &#8211; 360 Vridbar &#8211; H\u00f6jdjusterbar &#8211; Ergonomisk"}]},{"@type":"WebSite","@id":"https:\/\/truusk.store\/sv\/#website","url":"https:\/\/truusk.store\/sv\/","name":"TRUUSK - Hem, Tr\u00e4dg\u00e5rd & Fritid","description":"","publisher":{"@id":"https:\/\/truusk.store\/sv\/#organization"},"potentialAction":[{"@type":"SearchAction","target":{"@type":"EntryPoint","urlTemplate":"https:\/\/truusk.store\/sv\/?s={search_term_string}"},"query-input":{"@type":"PropertyValueSpecification","valueRequired":true,"valueName":"search_term_string"}}],"inLanguage":"sv-SE"},{"@type":"Organization","@id":"https:\/\/truusk.store\/sv\/#organization","name":"TRUUSK - Hem, Tr\u00e4dg\u00e5rd & Fritid","url":"https:\/\/truusk.store\/sv\/","logo":{"@type":"ImageObject","inLanguage":"sv-SE","@id":"https:\/\/truusk.store\/sv\/#\/schema\/logo\/image\/","url":"https:\/\/i0.wp.com\/truusk.store\/wp-content\/uploads\/2026\/03\/cropped-TRUUSK.png?fit=2032%2C917&ssl=1","contentUrl":"https:\/\/i0.wp.com\/truusk.store\/wp-content\/uploads\/2026\/03\/cropped-TRUUSK.png?fit=2032%2C917&ssl=1","width":2032,"height":917,"caption":"TRUUSK - Hem, Tr\u00e4dg\u00e5rd & Fritid"},"image":{"@id":"https:\/\/truusk.store\/sv\/#\/schema\/logo\/image\/"}}]}},"jetpack_sharing_enabled":true,"_links":{"self":[{"href":"https:\/\/truusk.store\/sv\/wp-json\/wp\/v2\/product\/26088","targetHints":{"allow":["GET"]}}],"collection":[{"href":"https:\/\/truusk.store\/sv\/wp-json\/wp\/v2\/product"}],"about":[{"href":"https:\/\/truusk.store\/sv\/wp-json\/wp\/v2\/types\/product"}],"wp:featuredmedia":[{"embeddable":true,"href":"https:\/\/truusk.store\/sv\/wp-json\/wp\/v2\/media\/26089"}],"wp:attachment":[{"href":"https:\/\/truusk.store\/sv\/wp-json\/wp\/v2\/media?parent=26088"}],"wp:term":[{"taxonomy":"product_brand","embeddable":true,"href":"https:\/\/truusk.store\/sv\/wp-json\/wp\/v2\/product_brand?post=26088"},{"taxonomy":"product_cat","embeddable":true,"href":"https:\/\/truusk.store\/sv\/wp-json\/wp\/v2\/product_cat?post=26088"},{"taxonomy":"product_tag","embeddable":true,"href":"https:\/\/truusk.store\/sv\/wp-json\/wp\/v2\/product_tag?post=26088"}],"curies":[{"name":"wp","href":"https:\/\/api.w.org\/{rel}","templated":true}]}}