{"id":26110,"date":"2024-02-13T18:18:51","date_gmt":"2024-02-13T17:18:51","guid":{"rendered":"https:\/\/truusk.store\/product\/kontorsstolsmassage-hojdjusterbar-chefsstol-gamingstol-med-massagefunktion-ergonomisk-snurrstol-massagestol-landryggsmassage-linne-kanns-beige-63-x-70-x-112-121-cm\/"},"modified":"2026-03-12T09:06:31","modified_gmt":"2026-03-12T08:06:31","slug":"truusk-kontorsstol-med-massagefunktion-justerbar-hojd-ergonomisk-design-landryggsmassage-beige-63-x-70-x-112-121-cm","status":"publish","type":"product","link":"https:\/\/truusk.store\/sv\/produkt\/truusk-kontorsstol-med-massagefunktion-justerbar-hojd-ergonomisk-design-landryggsmassage-beige-63-x-70-x-112-121-cm\/","title":{"rendered":"TRUUSK Kontorsstol med Massagefunktion &#8211; Justerbar H\u00f6jd &#8211; Ergonomisk Design &#8211; L\u00e4ndryggsmassage &#8211; Beige &#8211; 63 x 70 x 112-121 cm"},"content":{"rendered":"<p>Denna kontorsstol med massagefunktion hj\u00e4lper dig med din vardagliga arbetsrutin. En inbyggd massagefunktion masserar din nedre rygg. Mjuk stoppning och det \u00f6vre materialet i v\u00e4vt material som andas ger mycket komfort under l\u00e5nga perioder av sittande. Tack vare sina sv\u00e4ngbara hjul kan gamerstolen enkelt flyttas. En inbyggd gungfunktion s\u00e4kerst\u00e4ller bekv\u00e4ma pauser. Denna massagestol utlovar mycket komfort under l\u00e5nga arbetsdagar.<\/p>\n<h3>Beskrivning:<\/h3>\n<ul>\n<li>Ergonomiska linjer med tv\u00e5stegss\u00e4te och nackst\u00f6d, ger extra komfort<\/li>\n<li>Det v\u00e4vda tyget andas, s\u00e5 du kommer inte att svettas<\/li>\n<li>Tv\u00e5punktsvibrationer i l\u00e4ndryggen ger en avslappnande massage<\/li>\n<li>Med USB-gr\u00e4nssnitt kan du njuta av massagen med b\u00e4rbar dator eller mobiltelefon<\/li>\n<li>Sidoficka f\u00f6r kontroller, str\u00f6mf\u00f6rs\u00f6rjning<\/li>\n<li>Den h\u00f6jdjusterbara sitsen kan justeras f\u00f6r att passa ditt skrivbord eller sittvanor<\/li>\n<li>H\u00f6gkvalitativ gasfj\u00e4dermekanism med gasfj\u00e4der s\u00e5 att h\u00f6jdjustering och drift g\u00e5r smidigt<\/li>\n<li>Vippfunktion f\u00f6r att pausa<\/li>\n<li>Sv\u00e4ngbara hjul s\u00e4kerst\u00e4ller enkel och snabb r\u00f6rlighet<\/li>\n<\/ul>\n<h3>Teknisk data:<\/h3>\n<ul>\n<li>F\u00e4rg beige<\/li>\n<li>Material: Tyg av linnek\u00e4nsla (100 % polyester), skum, metall<\/li>\n<li>Max lastkapacitet: 115 kg<\/li>\n<li>\u00d6vergripande m\u00e5tt: 63W x 70D x 112-121H cm<\/li>\n<li>Sitsstorlek: 47W x 50D x 49-59H cm<\/li>\n<li>Armst\u00f6dets h\u00f6jd (till sittplats): 20 cm<\/li>\n<li>Ryggst\u00f6dets h\u00f6jd: 63 cm<\/li>\n<li>Str\u00f6mkabell\u00e4ngd: 1,2 m<\/li>\n<li>Effekt: 0,75W, 5V<\/li>\n<li>Nettovikt: 13,65 kg<\/li>\n<\/ul>\n<h3>Leveransens omfattning:<\/h3>\n<ul>\n<li>1 x Massage Bro stol<\/li>\n<li>1 x Instruktioner<\/li>\n<\/ul>\n","protected":false},"excerpt":{"rendered":"<p>Denna kontorsstol med massagefunktion hj\u00e4lper dig med din vardagliga arbetsrutin. En inbyggd massagefunktion masserar din nedre rygg. Mjuk stoppning och&#8230;<\/p>\n","protected":false},"featured_media":26111,"template":"","meta":[],"product_brand":[],"product_cat":[485,516,515],"product_tag":[],"class_list":{"0":"post-26110","1":"product","2":"type-product","3":"status-publish","4":"has-post-thumbnail","6":"product_cat-hus-bo","7":"product_cat-kontorsstolar","8":"product_cat-stolar","10":"first","11":"instock","12":"sale","13":"taxable","14":"shipping-taxable","15":"purchasable","16":"product-type-simple"},"yoast_head":"<!-- This site is optimized with the Yoast SEO plugin v25.4 - https:\/\/yoast.com\/wordpress\/plugins\/seo\/ -->\n<title>TRUUSK Kontorsstol med Massagefunktion - Justerbar H\u00f6jd - Ergonomisk Design - L\u00e4ndryggsmassage - Beige - 63 x 70 x 112-121 cm - TRUUSK - Hem, Tr\u00e4dg\u00e5rd &amp; Fritid<\/title>\n<meta name=\"robots\" content=\"index, follow, max-snippet:-1, max-image-preview:large, max-video-preview:-1\" \/>\n<link rel=\"canonical\" href=\"https:\/\/truusk.store\/sv\/produkt\/truusk-kontorsstol-med-massagefunktion-justerbar-hojd-ergonomisk-design-landryggsmassage-beige-63-x-70-x-112-121-cm\/\" \/>\n<meta property=\"og:locale\" content=\"sv_SE\" \/>\n<meta property=\"og:type\" content=\"article\" \/>\n<meta property=\"og:title\" content=\"TRUUSK Kontorsstol med Massagefunktion - Justerbar H\u00f6jd - Ergonomisk Design - L\u00e4ndryggsmassage - Beige - 63 x 70 x 112-121 cm - TRUUSK - Hem, Tr\u00e4dg\u00e5rd &amp; Fritid\" \/>\n<meta property=\"og:description\" content=\"Denna kontorsstol med massagefunktion hj\u00e4lper dig med din vardagliga arbetsrutin. En inbyggd massagefunktion masserar din nedre rygg. Mjuk stoppning och...\" \/>\n<meta property=\"og:url\" content=\"https:\/\/truusk.store\/sv\/produkt\/truusk-kontorsstol-med-massagefunktion-justerbar-hojd-ergonomisk-design-landryggsmassage-beige-63-x-70-x-112-121-cm\/\" \/>\n<meta property=\"og:site_name\" content=\"TRUUSK - Hem, Tr\u00e4dg\u00e5rd &amp; Fritid\" \/>\n<meta property=\"article:modified_time\" content=\"2026-03-12T08:06:31+00:00\" \/>\n<meta property=\"og:image\" content=\"https:\/\/i0.wp.com\/truusk.se\/wp-content\/uploads\/2024\/02\/kontorsstolsmassage-hojdjusterbar-chefsstol-gamingstol-med-massagefunktion-ergonomisk-snurrstol-massagestol-landryggsmassage-linne-kanns-beige-63-x-70-x-112-121-cm.webp?fit=800%2C800&ssl=1\" \/>\n\t<meta property=\"og:image:width\" content=\"800\" \/>\n\t<meta property=\"og:image:height\" content=\"800\" \/>\n\t<meta property=\"og:image:type\" content=\"image\/webp\" \/>\n<meta name=\"twitter:card\" content=\"summary_large_image\" \/>\n<meta name=\"twitter:label1\" content=\"Ber\u00e4knad l\u00e4stid\" \/>\n\t<meta name=\"twitter:data1\" content=\"1 minut\" \/>\n<!-- \/ Yoast SEO plugin. -->","yoast_head_json":{"title":"TRUUSK Kontorsstol med Massagefunktion - Justerbar H\u00f6jd - Ergonomisk Design - L\u00e4ndryggsmassage - Beige - 63 x 70 x 112-121 cm - TRUUSK - Hem, Tr\u00e4dg\u00e5rd &amp; Fritid","robots":{"index":"index","follow":"follow","max-snippet":"max-snippet:-1","max-image-preview":"max-image-preview:large","max-video-preview":"max-video-preview:-1"},"canonical":"https:\/\/truusk.store\/sv\/produkt\/truusk-kontorsstol-med-massagefunktion-justerbar-hojd-ergonomisk-design-landryggsmassage-beige-63-x-70-x-112-121-cm\/","og_locale":"sv_SE","og_type":"article","og_title":"TRUUSK Kontorsstol med Massagefunktion - Justerbar H\u00f6jd - Ergonomisk Design - L\u00e4ndryggsmassage - Beige - 63 x 70 x 112-121 cm - TRUUSK - Hem, Tr\u00e4dg\u00e5rd &amp; Fritid","og_description":"Denna kontorsstol med massagefunktion hj\u00e4lper dig med din vardagliga arbetsrutin. En inbyggd massagefunktion masserar din nedre rygg. Mjuk stoppning och...","og_url":"https:\/\/truusk.store\/sv\/produkt\/truusk-kontorsstol-med-massagefunktion-justerbar-hojd-ergonomisk-design-landryggsmassage-beige-63-x-70-x-112-121-cm\/","og_site_name":"TRUUSK - Hem, Tr\u00e4dg\u00e5rd &amp; Fritid","article_modified_time":"2026-03-12T08:06:31+00:00","og_image":[{"width":800,"height":800,"url":"https:\/\/i0.wp.com\/truusk.se\/wp-content\/uploads\/2024\/02\/kontorsstolsmassage-hojdjusterbar-chefsstol-gamingstol-med-massagefunktion-ergonomisk-snurrstol-massagestol-landryggsmassage-linne-kanns-beige-63-x-70-x-112-121-cm.webp?fit=800%2C800&ssl=1","type":"image\/webp"}],"twitter_card":"summary_large_image","twitter_misc":{"Ber\u00e4knad l\u00e4stid":"1 minut"},"schema":{"@context":"https:\/\/schema.org","@graph":[{"@type":"WebPage","@id":"https:\/\/truusk.store\/sv\/produkt\/truusk-kontorsstol-med-massagefunktion-justerbar-hojd-ergonomisk-design-landryggsmassage-beige-63-x-70-x-112-121-cm\/","url":"https:\/\/truusk.store\/sv\/produkt\/truusk-kontorsstol-med-massagefunktion-justerbar-hojd-ergonomisk-design-landryggsmassage-beige-63-x-70-x-112-121-cm\/","name":"TRUUSK Kontorsstol med Massagefunktion - Justerbar H\u00f6jd - Ergonomisk Design - L\u00e4ndryggsmassage - Beige - 63 x 70 x 112-121 cm - TRUUSK - Hem, Tr\u00e4dg\u00e5rd &amp; Fritid","isPartOf":{"@id":"https:\/\/truusk.store\/sv\/#website"},"primaryImageOfPage":{"@id":"https:\/\/truusk.store\/sv\/produkt\/truusk-kontorsstol-med-massagefunktion-justerbar-hojd-ergonomisk-design-landryggsmassage-beige-63-x-70-x-112-121-cm\/#primaryimage"},"image":{"@id":"https:\/\/truusk.store\/sv\/produkt\/truusk-kontorsstol-med-massagefunktion-justerbar-hojd-ergonomisk-design-landryggsmassage-beige-63-x-70-x-112-121-cm\/#primaryimage"},"thumbnailUrl":"https:\/\/i0.wp.com\/truusk.store\/wp-content\/uploads\/2024\/02\/kontorsstolsmassage-hojdjusterbar-chefsstol-gamingstol-med-massagefunktion-ergonomisk-snurrstol-massagestol-landryggsmassage-linne-kanns-beige-63-x-70-x-112-121-cm.webp?fit=800%2C800&ssl=1","datePublished":"2024-02-13T17:18:51+00:00","dateModified":"2026-03-12T08:06:31+00:00","breadcrumb":{"@id":"https:\/\/truusk.store\/sv\/produkt\/truusk-kontorsstol-med-massagefunktion-justerbar-hojd-ergonomisk-design-landryggsmassage-beige-63-x-70-x-112-121-cm\/#breadcrumb"},"inLanguage":"sv-SE","potentialAction":[{"@type":"ReadAction","target":["https:\/\/truusk.store\/sv\/produkt\/truusk-kontorsstol-med-massagefunktion-justerbar-hojd-ergonomisk-design-landryggsmassage-beige-63-x-70-x-112-121-cm\/"]}]},{"@type":"ImageObject","inLanguage":"sv-SE","@id":"https:\/\/truusk.store\/sv\/produkt\/truusk-kontorsstol-med-massagefunktion-justerbar-hojd-ergonomisk-design-landryggsmassage-beige-63-x-70-x-112-121-cm\/#primaryimage","url":"https:\/\/i0.wp.com\/truusk.store\/wp-content\/uploads\/2024\/02\/kontorsstolsmassage-hojdjusterbar-chefsstol-gamingstol-med-massagefunktion-ergonomisk-snurrstol-massagestol-landryggsmassage-linne-kanns-beige-63-x-70-x-112-121-cm.webp?fit=800%2C800&ssl=1","contentUrl":"https:\/\/i0.wp.com\/truusk.store\/wp-content\/uploads\/2024\/02\/kontorsstolsmassage-hojdjusterbar-chefsstol-gamingstol-med-massagefunktion-ergonomisk-snurrstol-massagestol-landryggsmassage-linne-kanns-beige-63-x-70-x-112-121-cm.webp?fit=800%2C800&ssl=1","width":800,"height":800,"caption":"Kontorsstolsmassage H\u00f6jdjusterbar Chefsstol Gamingstol Med Massagefunktion, Ergonomisk Snurrstol Massagestol L\u00e4ndryggsmassage Linne K\u00e4nns Beige 63 X 70 X 112-121 Cm 1"},{"@type":"BreadcrumbList","@id":"https:\/\/truusk.store\/sv\/produkt\/truusk-kontorsstol-med-massagefunktion-justerbar-hojd-ergonomisk-design-landryggsmassage-beige-63-x-70-x-112-121-cm\/#breadcrumb","itemListElement":[{"@type":"ListItem","position":1,"name":"Home","item":"https:\/\/truusk.store\/sv\/"},{"@type":"ListItem","position":2,"name":"Shop","item":"https:\/\/truusk.store\/shop\/"},{"@type":"ListItem","position":3,"name":"TRUUSK Kontorsstol med Massagefunktion &#8211; Justerbar H\u00f6jd &#8211; Ergonomisk Design &#8211; L\u00e4ndryggsmassage &#8211; Beige &#8211; 63 x 70 x 112-121 cm"}]},{"@type":"WebSite","@id":"https:\/\/truusk.store\/sv\/#website","url":"https:\/\/truusk.store\/sv\/","name":"TRUUSK - Hem, Tr\u00e4dg\u00e5rd & Fritid","description":"","publisher":{"@id":"https:\/\/truusk.store\/sv\/#organization"},"potentialAction":[{"@type":"SearchAction","target":{"@type":"EntryPoint","urlTemplate":"https:\/\/truusk.store\/sv\/?s={search_term_string}"},"query-input":{"@type":"PropertyValueSpecification","valueRequired":true,"valueName":"search_term_string"}}],"inLanguage":"sv-SE"},{"@type":"Organization","@id":"https:\/\/truusk.store\/sv\/#organization","name":"TRUUSK - Hem, Tr\u00e4dg\u00e5rd & Fritid","url":"https:\/\/truusk.store\/sv\/","logo":{"@type":"ImageObject","inLanguage":"sv-SE","@id":"https:\/\/truusk.store\/sv\/#\/schema\/logo\/image\/","url":"https:\/\/i0.wp.com\/truusk.store\/wp-content\/uploads\/2026\/03\/cropped-TRUUSK.png?fit=2032%2C917&ssl=1","contentUrl":"https:\/\/i0.wp.com\/truusk.store\/wp-content\/uploads\/2026\/03\/cropped-TRUUSK.png?fit=2032%2C917&ssl=1","width":2032,"height":917,"caption":"TRUUSK - Hem, Tr\u00e4dg\u00e5rd & Fritid"},"image":{"@id":"https:\/\/truusk.store\/sv\/#\/schema\/logo\/image\/"}}]}},"jetpack_sharing_enabled":true,"_links":{"self":[{"href":"https:\/\/truusk.store\/sv\/wp-json\/wp\/v2\/product\/26110","targetHints":{"allow":["GET"]}}],"collection":[{"href":"https:\/\/truusk.store\/sv\/wp-json\/wp\/v2\/product"}],"about":[{"href":"https:\/\/truusk.store\/sv\/wp-json\/wp\/v2\/types\/product"}],"wp:featuredmedia":[{"embeddable":true,"href":"https:\/\/truusk.store\/sv\/wp-json\/wp\/v2\/media\/26111"}],"wp:attachment":[{"href":"https:\/\/truusk.store\/sv\/wp-json\/wp\/v2\/media?parent=26110"}],"wp:term":[{"taxonomy":"product_brand","embeddable":true,"href":"https:\/\/truusk.store\/sv\/wp-json\/wp\/v2\/product_brand?post=26110"},{"taxonomy":"product_cat","embeddable":true,"href":"https:\/\/truusk.store\/sv\/wp-json\/wp\/v2\/product_cat?post=26110"},{"taxonomy":"product_tag","embeddable":true,"href":"https:\/\/truusk.store\/sv\/wp-json\/wp\/v2\/product_tag?post=26110"}],"curies":[{"name":"wp","href":"https:\/\/api.w.org\/{rel}","templated":true}]}}