{"id":26143,"date":"2024-02-13T18:19:48","date_gmt":"2024-02-13T17:19:48","guid":{"rendered":"https:\/\/truusk.store\/product\/hantelset-30kg-hantelset-med-viktskivor-for-hemmakontor-gym-stal-pu-svart-styrketraning\/"},"modified":"2026-03-12T09:06:31","modified_gmt":"2026-03-12T08:06:31","slug":"truusk-hantelset-30kg-med-viktskivor-for-hemmatraning-stal-pu-svart-styrketraning","status":"publish","type":"product","link":"https:\/\/truusk.store\/sv\/produkt\/truusk-hantelset-30kg-med-viktskivor-for-hemmatraning-stal-pu-svart-styrketraning\/","title":{"rendered":"TRUUSK Hantelset 30KG &#8211; Med Viktskivor &#8211; F\u00f6r Hemmatr\u00e4ning &#8211; St\u00e5l PU &#8211; Svart &#8211; Styrketr\u00e4ning"},"content":{"rendered":"<p>V\u00e5rt hantelset kommer med olika hanteldelar s\u00e5 att du kan justera vikten p\u00e5 hantlarna f\u00f6r att passa dina behov. Paret inneh\u00e5ller 8 x 2,5 kg, 4 x 1,5 kg viktskivor och 2 x 2 kg anslutningsst\u00e4nger. Det hj\u00e4lper dig att tr\u00e4na dina armar, axlar och rygg och bygga muskler. Med detta hantelset kan du tr\u00e4na hemma, p\u00e5 kontoret eller var som helst.<\/p>\n<h3>Beskrivning:<\/h3>\n<ul>\n<li>Denna produkt inneh\u00e5ller 8 x 2,5 kg, 4 x 1,5 kg viktskivor och 2 x 2 kg anslutningsst\u00e4nger<\/li>\n<li>Hj\u00e4lper dig att tr\u00e4na armar, axlar, rygg och \u00e4ven st\u00e4rka dina muskler<\/li>\n<li>Utrustad med halkfritt handtag f\u00f6r att f\u00f6rhindra halka under tr\u00e4ning<\/li>\n<li>Hantelsetet kan staplas ihop. Du kan enkelt f\u00f6rvara och b\u00e4ra setet n\u00e4r det \u00e4r klart<\/li>\n<li>T\u00e4ck med plast f\u00f6r att undvika skador p\u00e5 golvet<\/li>\n<\/ul>\n<h3>Teknisk data:<\/h3>\n<ul>\n<li>Svart f\u00e4rg<\/li>\n<li>Material: st\u00e5l, PU<\/li>\n<li>\u00d6vergripande m\u00e5tt: 43L x 18W x 7,5H cm<\/li>\n<li>Storlek p\u00e5 8 x 2,5 kg viktskivor: 21 x 4T cm<\/li>\n<li>Storlek p\u00e5 4 x 1,5 kg viktskivor: 18 x 3T cm<\/li>\n<li>2 x 2KG vevstake: 2,5 x 45L cm<\/li>\n<li>Artikelnummer: A91-139<\/li>\n<\/ul>\n<h3>Leveransens omfattning:<\/h3>\n<ul>\n<li>8 x 2,5 kg viktskivor<\/li>\n<li>4 x 1,5 kg viktskivor<\/li>\n<li>2 x 2KG vevstakar<\/li>\n<\/ul>\n","protected":false},"excerpt":{"rendered":"<p>V\u00e5rt hantelset kommer med olika hanteldelar s\u00e5 att du kan justera vikten p\u00e5 hantlarna f\u00f6r att passa dina behov. Paret&#8230;<\/p>\n","protected":false},"featured_media":26144,"template":"","meta":[],"product_brand":[],"product_cat":[668,661,647],"product_tag":[],"class_list":{"0":"post-26143","1":"product","2":"type-product","3":"status-publish","4":"has-post-thumbnail","6":"product_cat-hantlar","7":"product_cat-kondition-styrketraning","8":"product_cat-sport-fritid","10":"first","11":"instock","12":"sale","13":"taxable","14":"shipping-taxable","15":"purchasable","16":"product-type-simple"},"yoast_head":"<!-- This site is optimized with the Yoast SEO plugin v25.4 - https:\/\/yoast.com\/wordpress\/plugins\/seo\/ -->\n<title>TRUUSK Hantelset 30KG - Med Viktskivor - F\u00f6r Hemmatr\u00e4ning - St\u00e5l PU - Svart - Styrketr\u00e4ning - TRUUSK - Hem, Tr\u00e4dg\u00e5rd &amp; Fritid<\/title>\n<meta name=\"robots\" content=\"index, follow, max-snippet:-1, max-image-preview:large, max-video-preview:-1\" \/>\n<link rel=\"canonical\" href=\"https:\/\/truusk.store\/sv\/produkt\/truusk-hantelset-30kg-med-viktskivor-for-hemmatraning-stal-pu-svart-styrketraning\/\" \/>\n<meta property=\"og:locale\" content=\"sv_SE\" \/>\n<meta property=\"og:type\" content=\"article\" \/>\n<meta property=\"og:title\" content=\"TRUUSK Hantelset 30KG - Med Viktskivor - F\u00f6r Hemmatr\u00e4ning - St\u00e5l PU - Svart - Styrketr\u00e4ning - TRUUSK - Hem, Tr\u00e4dg\u00e5rd &amp; Fritid\" \/>\n<meta property=\"og:description\" content=\"V\u00e5rt hantelset kommer med olika hanteldelar s\u00e5 att du kan justera vikten p\u00e5 hantlarna f\u00f6r att passa dina behov. Paret...\" \/>\n<meta property=\"og:url\" content=\"https:\/\/truusk.store\/sv\/produkt\/truusk-hantelset-30kg-med-viktskivor-for-hemmatraning-stal-pu-svart-styrketraning\/\" \/>\n<meta property=\"og:site_name\" content=\"TRUUSK - Hem, Tr\u00e4dg\u00e5rd &amp; Fritid\" \/>\n<meta property=\"article:modified_time\" content=\"2026-03-12T08:06:31+00:00\" \/>\n<meta property=\"og:image\" content=\"https:\/\/i0.wp.com\/truusk.se\/wp-content\/uploads\/2024\/02\/hantelset-30kg-hantelset-med-viktskivor-for-hemmakontor-gym-stal-pu-svart-styrketraning.webp?fit=800%2C800&ssl=1\" \/>\n\t<meta property=\"og:image:width\" content=\"800\" \/>\n\t<meta property=\"og:image:height\" content=\"800\" \/>\n\t<meta property=\"og:image:type\" content=\"image\/webp\" \/>\n<meta name=\"twitter:card\" content=\"summary_large_image\" \/>\n<meta name=\"twitter:label1\" content=\"Ber\u00e4knad l\u00e4stid\" \/>\n\t<meta name=\"twitter:data1\" content=\"1 minut\" \/>\n<!-- \/ Yoast SEO plugin. -->","yoast_head_json":{"title":"TRUUSK Hantelset 30KG - Med Viktskivor - F\u00f6r Hemmatr\u00e4ning - St\u00e5l PU - Svart - Styrketr\u00e4ning - TRUUSK - Hem, Tr\u00e4dg\u00e5rd &amp; Fritid","robots":{"index":"index","follow":"follow","max-snippet":"max-snippet:-1","max-image-preview":"max-image-preview:large","max-video-preview":"max-video-preview:-1"},"canonical":"https:\/\/truusk.store\/sv\/produkt\/truusk-hantelset-30kg-med-viktskivor-for-hemmatraning-stal-pu-svart-styrketraning\/","og_locale":"sv_SE","og_type":"article","og_title":"TRUUSK Hantelset 30KG - Med Viktskivor - F\u00f6r Hemmatr\u00e4ning - St\u00e5l PU - Svart - Styrketr\u00e4ning - TRUUSK - Hem, Tr\u00e4dg\u00e5rd &amp; Fritid","og_description":"V\u00e5rt hantelset kommer med olika hanteldelar s\u00e5 att du kan justera vikten p\u00e5 hantlarna f\u00f6r att passa dina behov. Paret...","og_url":"https:\/\/truusk.store\/sv\/produkt\/truusk-hantelset-30kg-med-viktskivor-for-hemmatraning-stal-pu-svart-styrketraning\/","og_site_name":"TRUUSK - Hem, Tr\u00e4dg\u00e5rd &amp; Fritid","article_modified_time":"2026-03-12T08:06:31+00:00","og_image":[{"width":800,"height":800,"url":"https:\/\/i0.wp.com\/truusk.se\/wp-content\/uploads\/2024\/02\/hantelset-30kg-hantelset-med-viktskivor-for-hemmakontor-gym-stal-pu-svart-styrketraning.webp?fit=800%2C800&ssl=1","type":"image\/webp"}],"twitter_card":"summary_large_image","twitter_misc":{"Ber\u00e4knad l\u00e4stid":"1 minut"},"schema":{"@context":"https:\/\/schema.org","@graph":[{"@type":"WebPage","@id":"https:\/\/truusk.store\/sv\/produkt\/truusk-hantelset-30kg-med-viktskivor-for-hemmatraning-stal-pu-svart-styrketraning\/","url":"https:\/\/truusk.store\/sv\/produkt\/truusk-hantelset-30kg-med-viktskivor-for-hemmatraning-stal-pu-svart-styrketraning\/","name":"TRUUSK Hantelset 30KG - Med Viktskivor - F\u00f6r Hemmatr\u00e4ning - St\u00e5l PU - Svart - Styrketr\u00e4ning - TRUUSK - Hem, Tr\u00e4dg\u00e5rd &amp; Fritid","isPartOf":{"@id":"https:\/\/truusk.store\/sv\/#website"},"primaryImageOfPage":{"@id":"https:\/\/truusk.store\/sv\/produkt\/truusk-hantelset-30kg-med-viktskivor-for-hemmatraning-stal-pu-svart-styrketraning\/#primaryimage"},"image":{"@id":"https:\/\/truusk.store\/sv\/produkt\/truusk-hantelset-30kg-med-viktskivor-for-hemmatraning-stal-pu-svart-styrketraning\/#primaryimage"},"thumbnailUrl":"https:\/\/i0.wp.com\/truusk.store\/wp-content\/uploads\/2024\/02\/hantelset-30kg-hantelset-med-viktskivor-for-hemmakontor-gym-stal-pu-svart-styrketraning.webp?fit=800%2C800&ssl=1","datePublished":"2024-02-13T17:19:48+00:00","dateModified":"2026-03-12T08:06:31+00:00","breadcrumb":{"@id":"https:\/\/truusk.store\/sv\/produkt\/truusk-hantelset-30kg-med-viktskivor-for-hemmatraning-stal-pu-svart-styrketraning\/#breadcrumb"},"inLanguage":"sv-SE","potentialAction":[{"@type":"ReadAction","target":["https:\/\/truusk.store\/sv\/produkt\/truusk-hantelset-30kg-med-viktskivor-for-hemmatraning-stal-pu-svart-styrketraning\/"]}]},{"@type":"ImageObject","inLanguage":"sv-SE","@id":"https:\/\/truusk.store\/sv\/produkt\/truusk-hantelset-30kg-med-viktskivor-for-hemmatraning-stal-pu-svart-styrketraning\/#primaryimage","url":"https:\/\/i0.wp.com\/truusk.store\/wp-content\/uploads\/2024\/02\/hantelset-30kg-hantelset-med-viktskivor-for-hemmakontor-gym-stal-pu-svart-styrketraning.webp?fit=800%2C800&ssl=1","contentUrl":"https:\/\/i0.wp.com\/truusk.store\/wp-content\/uploads\/2024\/02\/hantelset-30kg-hantelset-med-viktskivor-for-hemmakontor-gym-stal-pu-svart-styrketraning.webp?fit=800%2C800&ssl=1","width":800,"height":800,"caption":"Hantelset 30KG Hantelset Med Viktskivor F\u00f6r Hemmakontor Gym St\u00e5l PU Svart Styrketr\u00e4ning 1"},{"@type":"BreadcrumbList","@id":"https:\/\/truusk.store\/sv\/produkt\/truusk-hantelset-30kg-med-viktskivor-for-hemmatraning-stal-pu-svart-styrketraning\/#breadcrumb","itemListElement":[{"@type":"ListItem","position":1,"name":"Home","item":"https:\/\/truusk.store\/sv\/"},{"@type":"ListItem","position":2,"name":"Shop","item":"https:\/\/truusk.store\/shop\/"},{"@type":"ListItem","position":3,"name":"TRUUSK Hantelset 30KG &#8211; Med Viktskivor &#8211; F\u00f6r Hemmatr\u00e4ning &#8211; St\u00e5l PU &#8211; Svart &#8211; Styrketr\u00e4ning"}]},{"@type":"WebSite","@id":"https:\/\/truusk.store\/sv\/#website","url":"https:\/\/truusk.store\/sv\/","name":"TRUUSK - Hem, Tr\u00e4dg\u00e5rd & Fritid","description":"","publisher":{"@id":"https:\/\/truusk.store\/sv\/#organization"},"potentialAction":[{"@type":"SearchAction","target":{"@type":"EntryPoint","urlTemplate":"https:\/\/truusk.store\/sv\/?s={search_term_string}"},"query-input":{"@type":"PropertyValueSpecification","valueRequired":true,"valueName":"search_term_string"}}],"inLanguage":"sv-SE"},{"@type":"Organization","@id":"https:\/\/truusk.store\/sv\/#organization","name":"TRUUSK - Hem, Tr\u00e4dg\u00e5rd & Fritid","url":"https:\/\/truusk.store\/sv\/","logo":{"@type":"ImageObject","inLanguage":"sv-SE","@id":"https:\/\/truusk.store\/sv\/#\/schema\/logo\/image\/","url":"https:\/\/i0.wp.com\/truusk.store\/wp-content\/uploads\/2026\/03\/cropped-TRUUSK.png?fit=2032%2C917&ssl=1","contentUrl":"https:\/\/i0.wp.com\/truusk.store\/wp-content\/uploads\/2026\/03\/cropped-TRUUSK.png?fit=2032%2C917&ssl=1","width":2032,"height":917,"caption":"TRUUSK - Hem, Tr\u00e4dg\u00e5rd & Fritid"},"image":{"@id":"https:\/\/truusk.store\/sv\/#\/schema\/logo\/image\/"}}]}},"jetpack_sharing_enabled":true,"_links":{"self":[{"href":"https:\/\/truusk.store\/sv\/wp-json\/wp\/v2\/product\/26143","targetHints":{"allow":["GET"]}}],"collection":[{"href":"https:\/\/truusk.store\/sv\/wp-json\/wp\/v2\/product"}],"about":[{"href":"https:\/\/truusk.store\/sv\/wp-json\/wp\/v2\/types\/product"}],"wp:featuredmedia":[{"embeddable":true,"href":"https:\/\/truusk.store\/sv\/wp-json\/wp\/v2\/media\/26144"}],"wp:attachment":[{"href":"https:\/\/truusk.store\/sv\/wp-json\/wp\/v2\/media?parent=26143"}],"wp:term":[{"taxonomy":"product_brand","embeddable":true,"href":"https:\/\/truusk.store\/sv\/wp-json\/wp\/v2\/product_brand?post=26143"},{"taxonomy":"product_cat","embeddable":true,"href":"https:\/\/truusk.store\/sv\/wp-json\/wp\/v2\/product_cat?post=26143"},{"taxonomy":"product_tag","embeddable":true,"href":"https:\/\/truusk.store\/sv\/wp-json\/wp\/v2\/product_tag?post=26143"}],"curies":[{"name":"wp","href":"https:\/\/api.w.org\/{rel}","templated":true}]}}